    {"id":64,"date":"2016-09-19T10:16:57","date_gmt":"2016-09-19T09:16:57","guid":{"rendered":"http:\/\/vacances-seasonova.com\/?page_id=64"},"modified":"2025-04-23T09:31:40","modified_gmt":"2025-04-23T07:31:40","slug":"emplacements","status":"publish","type":"page","link":"https:\/\/vacances-seasonova.com\/de\/stellplaetze-in-frankreich\/","title":{"rendered":"Emplacement"},"content":{"rendered":"<p>Entdecken Sie das pure Vergn\u00fcgen des Campings in seiner traditionellsten Form bei <b>Seasonova<\/b>. Ob im Zelt, Wohnwagen oder Wohnmobil, hier genie\u00dfen Sie die volle Freiheit, Ihren Stellplatz selbst zu w\u00e4hlen und Ihre An- und Abreisezeiten nach Ihren W\u00fcnschen festzulegen.<\/p>\n<h2><b>Bewahren Sie den traditionellen Charme des Campings<\/b><\/h2>\n<p>In unseren <b>Seasonova Campingpl\u00e4tzen<\/b> r\u00e4umen wir dem Stellplatz hohe Priorit\u00e4t ein, um seine traditionelle Ausstrahlung zu bewahren. Die Freude am Camping in seiner urspr\u00fcnglichsten Form steht bei uns im Mittelpunkt.<\/p>\n<h3><b>Ihr Komfort steht im Vordergrund<\/b><\/h3>\n<p>Alle Stellpl\u00e4tze verf\u00fcgen \u00fcber <b>Stromanschl\u00fcsse<\/b>, die den europ\u00e4ischen Normen entsprechen, damit Sie problemlos alle Ihre elektrischen Ger\u00e4te nutzen k\u00f6nnen. Sollten Sie keinen Adapter dabei haben, keine Sorge. An unserer Rezeption sind diese erh\u00e4ltlich.<\/p>\n<h3><b>Entdecken Sie das wahre Camping-Erlebnis<\/b><\/h3>\n<p><b>Seasonova<\/b> bietet Ihnen das authentische Camping-Erlebnis. Mit der Freiheit, Ihren Stellplatz und Ihre Reisedaten zu w\u00e4hlen, k\u00f6nnen Sie das Camping so erleben, wie es sein sollte &#8211; unbeschwert und frei.<\/p>\n<h3><b>Starten Sie Ihr Camping-Abenteuer noch heute<\/b><\/h3>\n<p>Packen Sie Ihr Zelt, Wohnwagen oder Wohnmobil und starten Sie in Ihr Camping-Abenteuer bei <b>Seasonova<\/b>. Genie\u00dfen Sie die Freiheit und die Ruhe der Natur in ihrer urspr\u00fcnglichsten Form. <b>Buchen Sie Ihren Stellplatz noch heute<\/b> und entdecken Sie das wahre Camping-Erlebnis! <b>Jetzt buchen!<\/b><\/p>","protected":false},"excerpt":{"rendered":"<p>Entdecken Sie das pure Vergn\u00fcgen des Campings in seiner traditionellsten Form bei Seasonova. Ob im Zelt, Wohnwagen oder Wohnmobil, hier genie\u00dfen Sie die volle Freiheit, Ihren Stellplatz selbst zu w\u00e4hlen und Ihre An- und [&#8230;]<\/p>\n","protected":false},"author":3,"featured_media":658,"parent":0,"menu_order":0,"comment_status":"closed","ping_status":"closed","template":"page-parent.php","meta":[],"yoast_head":"<!-- This site is optimized with the Yoast SEO plugin v18.1 - https:\/\/yoast.com\/wordpress\/plugins\/seo\/ -->\n<meta name=\"description\" content=\"SEASONOVA, c&#039;est la garantie de b\u00e9n\u00e9ficier d&#039;un Emplacement de Camping Nature. Avec votre tente, votre Caravane ou camping car, vivre Slow...\" \/>\n<meta name=\"robots\" content=\"index, follow, max-snippet:-1, max-image-preview:large, max-video-preview:-1\" \/>\n<link rel=\"canonical\" href=\"https:\/\/vacances-seasonova.com\/de\/camping-pitches\/\" \/>\n<meta property=\"og:locale\" content=\"de_DE\" \/>\n<meta property=\"og:type\" content=\"article\" \/>\n<meta property=\"og:title\" content=\"Emplacement de Camping Nature\" \/>\n<meta property=\"og:description\" content=\"SEASONOVA, c&#039;est la garantie de b\u00e9n\u00e9ficier d&#039;un Emplacement de Camping Nature. Avec votre tente, votre Caravane ou camping car, vivre Slow...\" \/>\n<meta property=\"og:url\" content=\"https:\/\/vacances-seasonova.com\/en\/camping-pitches\/\" \/>\n<meta property=\"og:site_name\" content=\"Seasonova\" \/>\n<meta property=\"article:modified_time\" content=\"2025-04-23T07:31:40+00:00\" \/>\n<meta property=\"og:image\" content=\"https:\/\/vacances-seasonova.com\/wp-content\/uploads\/2016\/09\/tente_camping_seasonova.jpg\" \/>\n\t<meta property=\"og:image:width\" content=\"1480\" \/>\n\t<meta property=\"og:image:height\" content=\"449\" \/>\n\t<meta property=\"og:image:type\" content=\"image\/jpeg\" \/>\n<meta name=\"twitter:card\" content=\"summary\" \/>\n<meta name=\"twitter:label1\" content=\"Gesch\u00e4tzte Lesezeit\" \/>\n\t<meta name=\"twitter:data1\" content=\"2 Minuten\" \/>\n<script type=\"application\/ld+json\" class=\"yoast-schema-graph\">{\"@context\":\"https:\/\/schema.org\",\"@graph\":[{\"@type\":\"WebSite\",\"@id\":\"https:\/\/vacances-seasonova.com\/fr\/#website\",\"url\":\"https:\/\/vacances-seasonova.com\/fr\/\",\"name\":\"Seasonova\",\"description\":\"\",\"potentialAction\":[{\"@type\":\"SearchAction\",\"target\":{\"@type\":\"EntryPoint\",\"urlTemplate\":\"https:\/\/vacances-seasonova.com\/fr\/?s={search_term_string}\"},\"query-input\":\"required name=search_term_string\"}],\"inLanguage\":\"de-DE\"},{\"@type\":\"ImageObject\",\"@id\":\"https:\/\/vacances-seasonova.com\/en\/camping-pitches\/#primaryimage\",\"inLanguage\":\"de-DE\",\"url\":\"https:\/\/vacances-seasonova.com\/wp-content\/uploads\/2016\/09\/tente_camping_seasonova.jpg\",\"contentUrl\":\"https:\/\/vacances-seasonova.com\/wp-content\/uploads\/2016\/09\/tente_camping_seasonova.jpg\",\"width\":1480,\"height\":449,\"caption\":\"tente_camping_seasonova\"},{\"@type\":\"WebPage\",\"@id\":\"https:\/\/vacances-seasonova.com\/en\/camping-pitches\/#webpage\",\"url\":\"https:\/\/vacances-seasonova.com\/en\/camping-pitches\/\",\"name\":\"Emplacement de Camping Nature\",\"isPartOf\":{\"@id\":\"https:\/\/vacances-seasonova.com\/fr\/#website\"},\"primaryImageOfPage\":{\"@id\":\"https:\/\/vacances-seasonova.com\/en\/camping-pitches\/#primaryimage\"},\"datePublished\":\"2016-09-19T09:16:57+00:00\",\"dateModified\":\"2025-04-23T07:31:40+00:00\",\"description\":\"SEASONOVA, c'est la garantie de b\u00e9n\u00e9ficier d'un Emplacement de Camping Nature. Avec votre tente, votre Caravane ou camping car, vivre Slow...\",\"breadcrumb\":{\"@id\":\"https:\/\/vacances-seasonova.com\/en\/camping-pitches\/#breadcrumb\"},\"inLanguage\":\"de-DE\",\"potentialAction\":[{\"@type\":\"ReadAction\",\"target\":[\"https:\/\/vacances-seasonova.com\/en\/camping-pitches\/\"]}]},{\"@type\":\"BreadcrumbList\",\"@id\":\"https:\/\/vacances-seasonova.com\/en\/camping-pitches\/#breadcrumb\",\"itemListElement\":[{\"@type\":\"ListItem\",\"position\":1,\"name\":\"Accueil\",\"item\":\"https:\/\/vacances-seasonova.com\/nl\/\"},{\"@type\":\"ListItem\",\"position\":2,\"name\":\"Emplacement\"}]}]}<\/script>\n<!-- \/ Yoast SEO plugin. -->","yoast_head_json":{"description":"SEASONOVA, c'est la garantie de b\u00e9n\u00e9ficier d'un Emplacement de Camping Nature. Avec votre tente, votre Caravane ou camping car, vivre Slow...","robots":{"index":"index","follow":"follow","max-snippet":"max-snippet:-1","max-image-preview":"max-image-preview:large","max-video-preview":"max-video-preview:-1"},"canonical":"https:\/\/vacances-seasonova.com\/de\/camping-pitches\/","og_locale":"de_DE","og_type":"article","og_title":"Emplacement de Camping Nature","og_description":"SEASONOVA, c'est la garantie de b\u00e9n\u00e9ficier d'un Emplacement de Camping Nature. Avec votre tente, votre Caravane ou camping car, vivre Slow...","og_url":"https:\/\/vacances-seasonova.com\/en\/camping-pitches\/","og_site_name":"Seasonova","article_modified_time":"2025-04-23T07:31:40+00:00","og_image":[{"width":1480,"height":449,"url":"https:\/\/vacances-seasonova.com\/wp-content\/uploads\/2016\/09\/tente_camping_seasonova.jpg","type":"image\/jpeg"}],"twitter_card":"summary","twitter_misc":{"Gesch\u00e4tzte Lesezeit":"2 Minuten"},"schema":{"@context":"https:\/\/schema.org","@graph":[{"@type":"WebSite","@id":"https:\/\/vacances-seasonova.com\/fr\/#website","url":"https:\/\/vacances-seasonova.com\/fr\/","name":"Seasonova","description":"","potentialAction":[{"@type":"SearchAction","target":{"@type":"EntryPoint","urlTemplate":"https:\/\/vacances-seasonova.com\/fr\/?s={search_term_string}"},"query-input":"required name=search_term_string"}],"inLanguage":"de-DE"},{"@type":"ImageObject","@id":"https:\/\/vacances-seasonova.com\/en\/camping-pitches\/#primaryimage","inLanguage":"de-DE","url":"https:\/\/vacances-seasonova.com\/wp-content\/uploads\/2016\/09\/tente_camping_seasonova.jpg","contentUrl":"https:\/\/vacances-seasonova.com\/wp-content\/uploads\/2016\/09\/tente_camping_seasonova.jpg","width":1480,"height":449,"caption":"tente_camping_seasonova"},{"@type":"WebPage","@id":"https:\/\/vacances-seasonova.com\/en\/camping-pitches\/#webpage","url":"https:\/\/vacances-seasonova.com\/en\/camping-pitches\/","name":"Emplacement de Camping Nature","isPartOf":{"@id":"https:\/\/vacances-seasonova.com\/fr\/#website"},"primaryImageOfPage":{"@id":"https:\/\/vacances-seasonova.com\/en\/camping-pitches\/#primaryimage"},"datePublished":"2016-09-19T09:16:57+00:00","dateModified":"2025-04-23T07:31:40+00:00","description":"SEASONOVA, c'est la garantie de b\u00e9n\u00e9ficier d'un Emplacement de Camping Nature. Avec votre tente, votre Caravane ou camping car, vivre Slow...","breadcrumb":{"@id":"https:\/\/vacances-seasonova.com\/en\/camping-pitches\/#breadcrumb"},"inLanguage":"de-DE","potentialAction":[{"@type":"ReadAction","target":["https:\/\/vacances-seasonova.com\/en\/camping-pitches\/"]}]},{"@type":"BreadcrumbList","@id":"https:\/\/vacances-seasonova.com\/en\/camping-pitches\/#breadcrumb","itemListElement":[{"@type":"ListItem","position":1,"name":"Accueil","item":"https:\/\/vacances-seasonova.com\/nl\/"},{"@type":"ListItem","position":2,"name":"Emplacement"}]}]}},"_links":{"self":[{"href":"https:\/\/vacances-seasonova.com\/de\/wp-json\/wp\/v2\/pages\/64"}],"collection":[{"href":"https:\/\/vacances-seasonova.com\/de\/wp-json\/wp\/v2\/pages"}],"about":[{"href":"https:\/\/vacances-seasonova.com\/de\/wp-json\/wp\/v2\/types\/page"}],"author":[{"embeddable":true,"href":"https:\/\/vacances-seasonova.com\/de\/wp-json\/wp\/v2\/users\/3"}],"replies":[{"embeddable":true,"href":"https:\/\/vacances-seasonova.com\/de\/wp-json\/wp\/v2\/comments?post=64"}],"version-history":[{"count":8,"href":"https:\/\/vacances-seasonova.com\/de\/wp-json\/wp\/v2\/pages\/64\/revisions"}],"predecessor-version":[{"id":46789,"href":"https:\/\/vacances-seasonova.com\/de\/wp-json\/wp\/v2\/pages\/64\/revisions\/46789"}],"wp:featuredmedia":[{"embeddable":true,"href":"https:\/\/vacances-seasonova.com\/de\/wp-json\/wp\/v2\/media\/658"}],"wp:attachment":[{"href":"https:\/\/vacances-seasonova.com\/de\/wp-json\/wp\/v2\/media?parent=64"}],"curies":[{"name":"wp","href":"https:\/\/api.w.org\/{rel}","templated":true}]}}