    {"id":66,"date":"2016-09-19T10:17:37","date_gmt":"2016-09-19T09:17:37","guid":{"rendered":"http:\/\/vacances-seasonova.com\/?page_id=66"},"modified":"2021-10-04T11:36:47","modified_gmt":"2021-10-04T09:36:47","slug":"informations-pratiques","status":"publish","type":"page","link":"https:\/\/vacances-seasonova.com\/de\/praktische-campinginformationen\/","title":{"rendered":"Praktische Campinginformationen"},"content":{"rendered":"<p><\/p>\n<div style=\"text-align: justify;\">Wir von Seasonova h\u00f6ren Ihnen zu und beraten Sie. Wir erleichtern Ihnen das Leben! Bei uns finden Sie den Service, der zu Ihnen passt. Wir stehen Ihnen zur Verf\u00fcgung, um Ihnen die ben\u00f6tigten Informationen zu geben. Sie k\u00f6nnen Ihre Reservierung jederzeit stornieren oder bequem online buchen.<\/div>\n<p> <a href=\"https:\/\/vacances-seasonova.com\/informations-pratiques\/annulation\/\" target=\"_blank\" rel=\"noopener noreferrer\">annuler votre r\u00e9servation<\/a> ou encore <a href=\"https:\/\/vacances-seasonova.com\/locations\/location-chalet-saint-sorlin-2\/comment-reserver\/\" target=\"_blank\" rel=\"noopener noreferrer\">r\u00e9server en ligne<\/a>.<\/div>\n<p><\/p>","protected":false},"excerpt":{"rendered":"<p>Wir von Seasonova h\u00f6ren Ihnen zu und beraten Sie. Wir erleichtern Ihnen das Leben! Bei uns finden Sie den Service, der zu Ihnen passt. Wir stehen Ihnen zur Verf\u00fcgung, um Ihnen die ben\u00f6tigten Informationen zu geben. Sie [&#8230;]<\/p>\n","protected":false},"author":3,"featured_media":3692,"parent":0,"menu_order":0,"comment_status":"closed","ping_status":"closed","template":"page-parent.php","meta":[],"yoast_head":"<!-- This site is optimized with the Yoast SEO plugin v18.1 - https:\/\/yoast.com\/wordpress\/plugins\/seo\/ -->\n<meta name=\"robots\" content=\"index, follow, max-snippet:-1, max-image-preview:large, max-video-preview:-1\" \/>\n<link rel=\"canonical\" href=\"https:\/\/vacances-seasonova.com\/de\/praktische-campinginformationen\/\" \/>\n<meta property=\"og:locale\" content=\"de_DE\" \/>\n<meta property=\"og:type\" content=\"article\" \/>\n<meta property=\"og:title\" content=\"Information Camping pratiques - Seasonova\" \/>\n<meta property=\"og:description\" content=\"Wir von Seasonova h\u00f6ren Ihnen zu und beraten Sie. Wir erleichtern Ihnen das Leben! Bei uns finden Sie den Service, der zu Ihnen passt. Wir stehen Ihnen zur Verf\u00fcgung, um Ihnen die ben\u00f6tigten Informationen zu geben. Sie [...]\" \/>\n<meta property=\"og:url\" content=\"https:\/\/vacances-seasonova.com\/de\/praktische-campinginformationen\/\" \/>\n<meta property=\"og:site_name\" content=\"Seasonova\" \/>\n<meta property=\"article:modified_time\" content=\"2021-10-04T09:36:47+00:00\" \/>\n<meta property=\"og:image\" content=\"https:\/\/vacances-seasonova.com\/wp-content\/uploads\/2016\/09\/banniere-info-pratique-2.png\" \/>\n\t<meta property=\"og:image:width\" content=\"1500\" \/>\n\t<meta property=\"og:image:height\" content=\"350\" \/>\n\t<meta property=\"og:image:type\" content=\"image\/png\" \/>\n<meta name=\"twitter:card\" content=\"summary\" \/>\n<meta name=\"twitter:label1\" content=\"Gesch\u00e4tzte Lesezeit\" \/>\n\t<meta name=\"twitter:data1\" content=\"1 Minute\" \/>\n<script type=\"application\/ld+json\" class=\"yoast-schema-graph\">{\"@context\":\"https:\/\/schema.org\",\"@graph\":[{\"@type\":\"WebSite\",\"@id\":\"https:\/\/vacances-seasonova.com\/fr\/#website\",\"url\":\"https:\/\/vacances-seasonova.com\/fr\/\",\"name\":\"Seasonova\",\"description\":\"\",\"potentialAction\":[{\"@type\":\"SearchAction\",\"target\":{\"@type\":\"EntryPoint\",\"urlTemplate\":\"https:\/\/vacances-seasonova.com\/fr\/?s={search_term_string}\"},\"query-input\":\"required name=search_term_string\"}],\"inLanguage\":\"de-DE\"},{\"@type\":\"ImageObject\",\"@id\":\"https:\/\/vacances-seasonova.com\/de\/praktische-campinginformationen\/#primaryimage\",\"inLanguage\":\"de-DE\",\"url\":\"https:\/\/vacances-seasonova.com\/wp-content\/uploads\/2016\/09\/banniere-info-pratique-2.png\",\"contentUrl\":\"https:\/\/vacances-seasonova.com\/wp-content\/uploads\/2016\/09\/banniere-info-pratique-2.png\",\"width\":1500,\"height\":350,\"caption\":\"banni\u00e8re enfant\"},{\"@type\":\"WebPage\",\"@id\":\"https:\/\/vacances-seasonova.com\/de\/praktische-campinginformationen\/#webpage\",\"url\":\"https:\/\/vacances-seasonova.com\/de\/praktische-campinginformationen\/\",\"name\":\"Information Camping pratiques - Seasonova\",\"isPartOf\":{\"@id\":\"https:\/\/vacances-seasonova.com\/fr\/#website\"},\"primaryImageOfPage\":{\"@id\":\"https:\/\/vacances-seasonova.com\/de\/praktische-campinginformationen\/#primaryimage\"},\"datePublished\":\"2016-09-19T09:17:37+00:00\",\"dateModified\":\"2021-10-04T09:36:47+00:00\",\"breadcrumb\":{\"@id\":\"https:\/\/vacances-seasonova.com\/de\/praktische-campinginformationen\/#breadcrumb\"},\"inLanguage\":\"de-DE\",\"potentialAction\":[{\"@type\":\"ReadAction\",\"target\":[\"https:\/\/vacances-seasonova.com\/de\/praktische-campinginformationen\/\"]}]},{\"@type\":\"BreadcrumbList\",\"@id\":\"https:\/\/vacances-seasonova.com\/de\/praktische-campinginformationen\/#breadcrumb\",\"itemListElement\":[{\"@type\":\"ListItem\",\"position\":1,\"name\":\"Accueil\",\"item\":\"https:\/\/vacances-seasonova.com\/nl\/\"},{\"@type\":\"ListItem\",\"position\":2,\"name\":\"Praktische Campinginformationen\"}]}]}<\/script>\n<!-- \/ Yoast SEO plugin. -->","yoast_head_json":{"robots":{"index":"index","follow":"follow","max-snippet":"max-snippet:-1","max-image-preview":"max-image-preview:large","max-video-preview":"max-video-preview:-1"},"canonical":"https:\/\/vacances-seasonova.com\/de\/praktische-campinginformationen\/","og_locale":"de_DE","og_type":"article","og_title":"Information Camping pratiques - Seasonova","og_description":"Wir von Seasonova h\u00f6ren Ihnen zu und beraten Sie. Wir erleichtern Ihnen das Leben! Bei uns finden Sie den Service, der zu Ihnen passt. Wir stehen Ihnen zur Verf\u00fcgung, um Ihnen die ben\u00f6tigten Informationen zu geben. Sie [...]","og_url":"https:\/\/vacances-seasonova.com\/de\/praktische-campinginformationen\/","og_site_name":"Seasonova","article_modified_time":"2021-10-04T09:36:47+00:00","og_image":[{"width":1500,"height":350,"url":"https:\/\/vacances-seasonova.com\/wp-content\/uploads\/2016\/09\/banniere-info-pratique-2.png","type":"image\/png"}],"twitter_card":"summary","twitter_misc":{"Gesch\u00e4tzte Lesezeit":"1 Minute"},"schema":{"@context":"https:\/\/schema.org","@graph":[{"@type":"WebSite","@id":"https:\/\/vacances-seasonova.com\/fr\/#website","url":"https:\/\/vacances-seasonova.com\/fr\/","name":"Seasonova","description":"","potentialAction":[{"@type":"SearchAction","target":{"@type":"EntryPoint","urlTemplate":"https:\/\/vacances-seasonova.com\/fr\/?s={search_term_string}"},"query-input":"required name=search_term_string"}],"inLanguage":"de-DE"},{"@type":"ImageObject","@id":"https:\/\/vacances-seasonova.com\/de\/praktische-campinginformationen\/#primaryimage","inLanguage":"de-DE","url":"https:\/\/vacances-seasonova.com\/wp-content\/uploads\/2016\/09\/banniere-info-pratique-2.png","contentUrl":"https:\/\/vacances-seasonova.com\/wp-content\/uploads\/2016\/09\/banniere-info-pratique-2.png","width":1500,"height":350,"caption":"banni\u00e8re enfant"},{"@type":"WebPage","@id":"https:\/\/vacances-seasonova.com\/de\/praktische-campinginformationen\/#webpage","url":"https:\/\/vacances-seasonova.com\/de\/praktische-campinginformationen\/","name":"Information Camping pratiques - Seasonova","isPartOf":{"@id":"https:\/\/vacances-seasonova.com\/fr\/#website"},"primaryImageOfPage":{"@id":"https:\/\/vacances-seasonova.com\/de\/praktische-campinginformationen\/#primaryimage"},"datePublished":"2016-09-19T09:17:37+00:00","dateModified":"2021-10-04T09:36:47+00:00","breadcrumb":{"@id":"https:\/\/vacances-seasonova.com\/de\/praktische-campinginformationen\/#breadcrumb"},"inLanguage":"de-DE","potentialAction":[{"@type":"ReadAction","target":["https:\/\/vacances-seasonova.com\/de\/praktische-campinginformationen\/"]}]},{"@type":"BreadcrumbList","@id":"https:\/\/vacances-seasonova.com\/de\/praktische-campinginformationen\/#breadcrumb","itemListElement":[{"@type":"ListItem","position":1,"name":"Accueil","item":"https:\/\/vacances-seasonova.com\/nl\/"},{"@type":"ListItem","position":2,"name":"Praktische Campinginformationen"}]}]}},"_links":{"self":[{"href":"https:\/\/vacances-seasonova.com\/de\/wp-json\/wp\/v2\/pages\/66"}],"collection":[{"href":"https:\/\/vacances-seasonova.com\/de\/wp-json\/wp\/v2\/pages"}],"about":[{"href":"https:\/\/vacances-seasonova.com\/de\/wp-json\/wp\/v2\/types\/page"}],"author":[{"embeddable":true,"href":"https:\/\/vacances-seasonova.com\/de\/wp-json\/wp\/v2\/users\/3"}],"replies":[{"embeddable":true,"href":"https:\/\/vacances-seasonova.com\/de\/wp-json\/wp\/v2\/comments?post=66"}],"version-history":[{"count":0,"href":"https:\/\/vacances-seasonova.com\/de\/wp-json\/wp\/v2\/pages\/66\/revisions"}],"wp:featuredmedia":[{"embeddable":true,"href":"https:\/\/vacances-seasonova.com\/de\/wp-json\/wp\/v2\/media\/3692"}],"wp:attachment":[{"href":"https:\/\/vacances-seasonova.com\/de\/wp-json\/wp\/v2\/media?parent=66"}],"curies":[{"name":"wp","href":"https:\/\/api.w.org\/{rel}","templated":true}]}}