    {"id":7089,"date":"2018-06-21T09:16:10","date_gmt":"2018-06-21T08:16:10","guid":{"rendered":"http:\/\/vacances-seasonova.com\/?page_id=7089"},"modified":"2025-08-29T10:01:32","modified_gmt":"2025-08-29T08:01:32","slug":"politique-de-confidentialite","status":"publish","type":"page","link":"https:\/\/vacances-seasonova.com\/de\/datenschutzbestimmungen\/","title":{"rendered":"Politique de confidentialit\u00e9"},"content":{"rendered":"<p>Allgemeine Gesch\u00e4ftsbedingungen f\u00fcr den Campingplatz SEASONOVA. Wir legen gro\u00dfen Wert auf den Schutz der pers\u00f6nlichen Daten, die uns von unseren Kunden im Rahmen unserer Dienstleistungen anvertraut werden.<\/p>\n<p>Die folgenden Abs\u00e4tze sollen Sie dar\u00fcber informieren, wie wir Ihre personenbezogenen Daten &#8211; <strong>als Ergebnis der Nutzung unserer Website und\/oder Buchungsportale, beim Kauf und der Nutzung von Dienstleistungen oder wenn Sie mit uns \u00fcber andere Kan\u00e4le interagieren<\/strong> &#8211; erheben und verarbeiten, f\u00fcr welche Zwecke wir sie nutzen und mit wem wir sie teilen.<\/p>\n<p><strong>Wir erkl\u00e4ren, dass die von der SEASONOVA-Gruppe gesammelten pers\u00f6nlichen Daten auf faire und rechtm\u00e4\u00dfige Weise f\u00fcr festgelegte, eindeutige und rechtm\u00e4\u00dfige Zwecke gesammelt wurden.<\/strong><\/p>\n<h2>Sammeln von pers\u00f6nlichen Daten<\/h2>\n<p>Die pers\u00f6nlichen Daten, die auf dieser Site gesammelt werden, sind die folgenden:<\/p>\n<p><strong>&#8211; Kontaktformular<\/strong>: Wenn Sie uns \u00fcber ein Formular anfragen (H\u00f6flichkeit, Name, Vorname, Telefon, E-Mail)<\/p>\n<p><strong>&#8211; Newsletter-Abonnement<\/strong>: Wenn Sie einen Anmeldevorgang f\u00fcr unseren Newsletter durchf\u00fchren (E-Mail)<\/p>\n<p><strong>&#8211; Buchungsregistrierung<\/strong> : Wenn Sie Ihren Aufenthalt buchen (Titel, Nachname, Vorname, Nationalit\u00e4t, Adresse, Telefon, Art der gebuchten Unterkunft oder des Stellplatzes)<\/p>\n<p><strong>&#8211; Cookies<\/strong> : Als Teil der Nutzung der Website werden Cookies verwendet. Der Benutzer hat die M\u00f6glichkeit, Cookies in den Einstellungen seines Browsers zu deaktivieren.<\/p>\n<p><strong>&#8211; Eingebettete Inhalte von anderen Seiten<\/strong> : Artikel auf dieser Seite k\u00f6nnen eingebettete Inhalte enthalten (z.B. Videos, Bilder, Artikel&#8230;). Eingebettete Inhalte von anderen Websites verhalten sich so, als ob der Besucher diese andere Website besuchen w\u00fcrde. Diese Websites k\u00f6nnen Daten \u00fcber Sie sammeln, Cookies verwenden, Tracking-Tools von Drittanbietern einbetten, Ihre Interaktionen mit solchen eingebetteten Inhalten verfolgen, wenn Sie ein eingeloggtes Konto auf deren Website haben.<\/p>\n<h2>Verwendung der erfassten pers\u00f6nlichen Daten<\/h2>\n<p>Die von den Benutzern gesammelten pers\u00f6nlichen Daten sind f\u00fcr die <strong>Bereitstellung von Dienstleistungen, deren Verbesserung und die Aufrechterhaltung einer sicheren Umgebung<\/strong> bestimmt. Im Einzelnen sind die Verwendungen wie folgt:<\/p>\n<p>&#8211; Verwaltung des Betriebs und der Optimierung der Website;<\/p>\n<p>&#8211; <strong>Verifizierung, Identifizierung und Authentifizierung<\/strong> der vom Benutzer \u00fcbertragenen Daten ;<\/p>\n<p>&#8211; Implementierung der Benutzerunterst\u00fctzung;<\/p>\n<p>&#8211; <strong>Bearbeitung von Kundenreservierungen<\/strong> und Verwaltung der bestellten Dienstleistungen;<\/p>\n<p>&#8211; Senden von kommerziellen und werblichen Informationen, <strong>gem\u00e4\u00df der Nationalit\u00e4t und Vorlieben<\/strong> des Benutzers ;<\/p>\n<p>&#8211; Personalisierung von Diensten durch die Anzeige von Werbung auf der Grundlage des Browserverlaufs des Benutzers, entsprechend seinen Vorlieben ;<\/p>\n<p>&#8211; Durchf\u00fchrung von statistischen Studien;<\/p>\n<p>&#8211; <strong>Verbesserung des Kundenerlebnisses<\/strong> und der Servicequalit\u00e4t;<\/p>\n<p>&#8211; Verhinderung und Erkennung von Betrug, Malware und Management von Sicherheitsvorf\u00e4llen<\/p>\n<p>&#8211; Verwaltung m\u00f6glicher Streitigkeiten mit Benutzern;<\/p>\n<h2>Weitergabe pers\u00f6nlicher Daten an Dritte<\/h2>\n<p>Wir k\u00f6nnen personenbezogene Daten auch an <strong>Gesch\u00e4ftspartner und Dienstleistungsunternehmen, die wir einsetzen<\/strong>, weitergeben, die an den von SEASONOVA bereitgestellten oder angebotenen Dienstleistungen beteiligt sind. Es werden alle Ma\u00dfnahmen ergriffen, um ein hohes Ma\u00df an Sicherheit f\u00fcr den Schutz der pers\u00f6nlichen Daten zu gew\u00e4hrleisten, und die gesamte Verarbeitung erfolgt gem\u00e4\u00df unseren Richtlinien.<br \/>\nSie <strong>d\u00fcrfen die ihnen \u00fcbermittelten pers\u00f6nlichen Daten unter keinen Umst\u00e4nden anders verwenden als ausdr\u00fccklich gefordert und die pers\u00f6nlichen Daten der SEASONOVA-Betriebe oder der \u00fcber SecureHoliday buchenden Kunden dieser Betriebe nicht an Dritte weitergeben<\/strong>. Insbesondere ist es technischen Dienstleistern <strong>nicht gestattet, Ihre Daten zu kommerziellen Prospektionszwecken f\u00fcr ihre Kunden zu nutzen<\/strong>.<\/p>\n<p>In jedem Fall sind die einzigen anderen Gelegenheiten, bei denen personenbezogene Daten an Dritte \u00fcbermittelt werden k\u00f6nnen, die folgenden:<\/p>\n<p>&#8211; Wir haben Ihr Einverst\u00e4ndnis dazu im Vorfeld eingeholt<\/p>\n<p>&#8211; Die Informationen werden durch einen <strong>vertrauensw\u00fcrdigen Gesch\u00e4ftspartner in \u00dcbereinstimmung mit den Datenschutzrichtlinien<\/strong>, Datenschutz- und Sicherheitsstufen, basierend auf dem Vertrag zwischen dem besagten Gesch\u00e4ftspartner und der Kundeneinrichtung, verarbeitet<\/p>\n<p>&#8211; Wir nutzen Drittanbieter f\u00fcr technische Outsourcing-Zwecke<\/p>\n<p>&#8211; Wir haben nicht-personenbezogene Daten aggregiert, um sie f\u00fcr Segmentierung, statistische Modellierung, allgemeine Forschung oder Trendanalysen zu verwenden<\/p>\n<p>&#8211; Wir sind verpflichtet, pers\u00f6nliche Daten offenzulegen oder weiterzugeben, <strong>um unseren gesetzlichen Verpflichtungen nachzukommen, unsere Verkaufsbedingungen und andere Vereinbarungen durchzusetzen<\/strong> und unsere Rechte, unser Eigentum oder unsere Sicherheit, die unserer Kunden oder anderer zu sch\u00fctzen.<\/p>\n<p>Dazu geh\u00f6rt der Austausch von Informationen mit anderen Unternehmen oder Organisationen zum Zweck der Betrugspr\u00e4vention und der Reduzierung des Kreditrisikos.<\/p>\n<h2>Speicherung von pers\u00f6nlichen Informationen<\/h2>\n<p>Wir bewahren personenbezogene Daten so lange auf, wie es notwendig ist, um die oben genannten Zwecke in der angegebenen Weise zu verfolgen und zu erreichen und den gesetzlichen Verpflichtungen nachzukommen.<\/p>\n<h2>Implementierung der Benutzerrechte<\/h2>\n<p>Gem\u00e4\u00df den f\u00fcr personenbezogene Daten geltenden Vorschriften haben die Benutzer die folgenden Rechte:<\/p>\n<p>&#8211; k\u00f6nnen sie ihr <strong>Zugangsrecht<\/strong> aus\u00fcben, um die sie betreffenden pers\u00f6nlichen Daten zu erfahren, indem sie an die folgende E-Mail-Adresse schreiben: VACANCES SEASONOVA, route de Cabourg 14810 Merville-Franceville-Plage oder unter der Adresse marketing@vacances-seasonova.com (in diesem Fall kann die Website einen Identit\u00e4tsnachweis des Benutzers verlangen, um die Richtigkeit der Angaben zu \u00fcberpr\u00fcfen);<\/p>\n<p>&#8211; Benutzer k\u00f6nnen <strong>die L\u00f6schung ihrer pers\u00f6nlichen Daten<\/strong> in \u00dcbereinstimmung mit den geltenden Datenschutzgesetzen verlangen, indem sie an die folgende Adresse schreiben VACANCES SEASONOVA, route de Cabourg 14810 Merville-Franceville-Plage oder an marketing@vacances-seasonova.com.<\/p>\n<h2>Entwicklung dieser Klausel<\/h2>\n<p>Die Website beh\u00e4lt sich <strong>das Recht vor, jederzeit \u00c4nderungen an dieser Klausel<\/strong> bez\u00fcglich des Schutzes pers\u00f6nlicher Daten vorzunehmen. Bei einer \u00c4nderung dieser Datenschutzklausel verpflichtet sich die Site, die neue Version auf ihrer Website zu ver\u00f6ffentlichen. Die Website informiert die Benutzer auch per E-Mail \u00fcber die \u00c4nderung, mindestens 15 Tage vor dem Inkrafttreten.<\/p>","protected":false},"excerpt":{"rendered":"<p>Allgemeine Gesch\u00e4ftsbedingungen f\u00fcr den Campingplatz SEASONOVA. Wir legen gro\u00dfen Wert auf den Schutz der pers\u00f6nlichen Daten, die uns von unseren Kunden im Rahmen unserer Dienstleistungen anvertraut werden. Die folgenden [&#8230;]<\/p>\n","protected":false},"author":2,"featured_media":51830,"parent":0,"menu_order":0,"comment_status":"closed","ping_status":"closed","template":"","meta":[],"yoast_head":"<!-- This site is optimized with the Yoast SEO plugin v18.1 - https:\/\/yoast.com\/wordpress\/plugins\/seo\/ -->\n<meta name=\"robots\" content=\"index, follow, max-snippet:-1, max-image-preview:large, max-video-preview:-1\" \/>\n<link rel=\"canonical\" href=\"https:\/\/vacances-seasonova.com\/de\/politique-de-confidentialite\/\" \/>\n<meta property=\"og:locale\" content=\"de_DE\" \/>\n<meta property=\"og:type\" content=\"article\" \/>\n<meta property=\"og:title\" content=\"Politique de confidentialit\u00e9 - Seasonova\" \/>\n<meta property=\"og:description\" content=\"Allgemeine Gesch\u00e4ftsbedingungen f\u00fcr den Campingplatz SEASONOVA. Wir legen gro\u00dfen Wert auf den Schutz der pers\u00f6nlichen Daten, die uns von unseren Kunden im Rahmen unserer Dienstleistungen anvertraut werden. Die folgenden [...]\" \/>\n<meta property=\"og:url\" content=\"https:\/\/vacances-seasonova.com\/nl\/politique-de-confidentialite\/\" \/>\n<meta property=\"og:site_name\" content=\"Seasonova\" \/>\n<meta property=\"article:modified_time\" content=\"2025-08-29T08:01:32+00:00\" \/>\n<meta property=\"og:image\" content=\"https:\/\/vacances-seasonova.com\/wp-content\/uploads\/2025\/08\/confidentialite-1373x450.png\" \/>\n\t<meta property=\"og:image:width\" content=\"1373\" \/>\n\t<meta property=\"og:image:height\" content=\"450\" \/>\n\t<meta property=\"og:image:type\" content=\"image\/png\" \/>\n<meta name=\"twitter:card\" content=\"summary\" \/>\n<meta name=\"twitter:label1\" content=\"Gesch\u00e4tzte Lesezeit\" \/>\n\t<meta name=\"twitter:data1\" content=\"18 Minuten\" \/>\n<script type=\"application\/ld+json\" class=\"yoast-schema-graph\">{\"@context\":\"https:\/\/schema.org\",\"@graph\":[{\"@type\":\"WebSite\",\"@id\":\"https:\/\/vacances-seasonova.com\/fr\/#website\",\"url\":\"https:\/\/vacances-seasonova.com\/fr\/\",\"name\":\"Seasonova\",\"description\":\"\",\"potentialAction\":[{\"@type\":\"SearchAction\",\"target\":{\"@type\":\"EntryPoint\",\"urlTemplate\":\"https:\/\/vacances-seasonova.com\/fr\/?s={search_term_string}\"},\"query-input\":\"required name=search_term_string\"}],\"inLanguage\":\"de-DE\"},{\"@type\":\"ImageObject\",\"@id\":\"https:\/\/vacances-seasonova.com\/nl\/politique-de-confidentialite\/#primaryimage\",\"inLanguage\":\"de-DE\",\"url\":\"https:\/\/vacances-seasonova.com\/wp-content\/uploads\/2025\/08\/confidentialite.png\",\"contentUrl\":\"https:\/\/vacances-seasonova.com\/wp-content\/uploads\/2025\/08\/confidentialite.png\",\"width\":3808,\"height\":1248},{\"@type\":\"WebPage\",\"@id\":\"https:\/\/vacances-seasonova.com\/nl\/politique-de-confidentialite\/#webpage\",\"url\":\"https:\/\/vacances-seasonova.com\/nl\/politique-de-confidentialite\/\",\"name\":\"Politique de confidentialit\u00e9 - Seasonova\",\"isPartOf\":{\"@id\":\"https:\/\/vacances-seasonova.com\/fr\/#website\"},\"primaryImageOfPage\":{\"@id\":\"https:\/\/vacances-seasonova.com\/nl\/politique-de-confidentialite\/#primaryimage\"},\"datePublished\":\"2018-06-21T08:16:10+00:00\",\"dateModified\":\"2025-08-29T08:01:32+00:00\",\"breadcrumb\":{\"@id\":\"https:\/\/vacances-seasonova.com\/nl\/politique-de-confidentialite\/#breadcrumb\"},\"inLanguage\":\"de-DE\",\"potentialAction\":[{\"@type\":\"ReadAction\",\"target\":[\"https:\/\/vacances-seasonova.com\/nl\/politique-de-confidentialite\/\"]}]},{\"@type\":\"BreadcrumbList\",\"@id\":\"https:\/\/vacances-seasonova.com\/nl\/politique-de-confidentialite\/#breadcrumb\",\"itemListElement\":[{\"@type\":\"ListItem\",\"position\":1,\"name\":\"Accueil\",\"item\":\"https:\/\/vacances-seasonova.com\/nl\/\"},{\"@type\":\"ListItem\",\"position\":2,\"name\":\"Politique de confidentialit\u00e9\"}]}]}<\/script>\n<!-- \/ Yoast SEO plugin. -->","yoast_head_json":{"robots":{"index":"index","follow":"follow","max-snippet":"max-snippet:-1","max-image-preview":"max-image-preview:large","max-video-preview":"max-video-preview:-1"},"canonical":"https:\/\/vacances-seasonova.com\/de\/politique-de-confidentialite\/","og_locale":"de_DE","og_type":"article","og_title":"Politique de confidentialit\u00e9 - Seasonova","og_description":"Allgemeine Gesch\u00e4ftsbedingungen f\u00fcr den Campingplatz SEASONOVA. Wir legen gro\u00dfen Wert auf den Schutz der pers\u00f6nlichen Daten, die uns von unseren Kunden im Rahmen unserer Dienstleistungen anvertraut werden. Die folgenden [...]","og_url":"https:\/\/vacances-seasonova.com\/nl\/politique-de-confidentialite\/","og_site_name":"Seasonova","article_modified_time":"2025-08-29T08:01:32+00:00","og_image":[{"width":1373,"height":450,"url":"https:\/\/vacances-seasonova.com\/wp-content\/uploads\/2025\/08\/confidentialite-1373x450.png","type":"image\/png"}],"twitter_card":"summary","twitter_misc":{"Gesch\u00e4tzte Lesezeit":"18 Minuten"},"schema":{"@context":"https:\/\/schema.org","@graph":[{"@type":"WebSite","@id":"https:\/\/vacances-seasonova.com\/fr\/#website","url":"https:\/\/vacances-seasonova.com\/fr\/","name":"Seasonova","description":"","potentialAction":[{"@type":"SearchAction","target":{"@type":"EntryPoint","urlTemplate":"https:\/\/vacances-seasonova.com\/fr\/?s={search_term_string}"},"query-input":"required name=search_term_string"}],"inLanguage":"de-DE"},{"@type":"ImageObject","@id":"https:\/\/vacances-seasonova.com\/nl\/politique-de-confidentialite\/#primaryimage","inLanguage":"de-DE","url":"https:\/\/vacances-seasonova.com\/wp-content\/uploads\/2025\/08\/confidentialite.png","contentUrl":"https:\/\/vacances-seasonova.com\/wp-content\/uploads\/2025\/08\/confidentialite.png","width":3808,"height":1248},{"@type":"WebPage","@id":"https:\/\/vacances-seasonova.com\/nl\/politique-de-confidentialite\/#webpage","url":"https:\/\/vacances-seasonova.com\/nl\/politique-de-confidentialite\/","name":"Politique de confidentialit\u00e9 - Seasonova","isPartOf":{"@id":"https:\/\/vacances-seasonova.com\/fr\/#website"},"primaryImageOfPage":{"@id":"https:\/\/vacances-seasonova.com\/nl\/politique-de-confidentialite\/#primaryimage"},"datePublished":"2018-06-21T08:16:10+00:00","dateModified":"2025-08-29T08:01:32+00:00","breadcrumb":{"@id":"https:\/\/vacances-seasonova.com\/nl\/politique-de-confidentialite\/#breadcrumb"},"inLanguage":"de-DE","potentialAction":[{"@type":"ReadAction","target":["https:\/\/vacances-seasonova.com\/nl\/politique-de-confidentialite\/"]}]},{"@type":"BreadcrumbList","@id":"https:\/\/vacances-seasonova.com\/nl\/politique-de-confidentialite\/#breadcrumb","itemListElement":[{"@type":"ListItem","position":1,"name":"Accueil","item":"https:\/\/vacances-seasonova.com\/nl\/"},{"@type":"ListItem","position":2,"name":"Politique de confidentialit\u00e9"}]}]}},"_links":{"self":[{"href":"https:\/\/vacances-seasonova.com\/de\/wp-json\/wp\/v2\/pages\/7089"}],"collection":[{"href":"https:\/\/vacances-seasonova.com\/de\/wp-json\/wp\/v2\/pages"}],"about":[{"href":"https:\/\/vacances-seasonova.com\/de\/wp-json\/wp\/v2\/types\/page"}],"author":[{"embeddable":true,"href":"https:\/\/vacances-seasonova.com\/de\/wp-json\/wp\/v2\/users\/2"}],"replies":[{"embeddable":true,"href":"https:\/\/vacances-seasonova.com\/de\/wp-json\/wp\/v2\/comments?post=7089"}],"version-history":[{"count":7,"href":"https:\/\/vacances-seasonova.com\/de\/wp-json\/wp\/v2\/pages\/7089\/revisions"}],"predecessor-version":[{"id":51836,"href":"https:\/\/vacances-seasonova.com\/de\/wp-json\/wp\/v2\/pages\/7089\/revisions\/51836"}],"wp:featuredmedia":[{"embeddable":true,"href":"https:\/\/vacances-seasonova.com\/de\/wp-json\/wp\/v2\/media\/51830"}],"wp:attachment":[{"href":"https:\/\/vacances-seasonova.com\/de\/wp-json\/wp\/v2\/media?parent=7089"}],"curies":[{"name":"wp","href":"https:\/\/api.w.org\/{rel}","templated":true}]}}