    {"id":7531,"date":"2018-07-16T14:17:30","date_gmt":"2018-07-16T13:17:30","guid":{"rendered":"http:\/\/vacances-seasonova.com\/?page_id=7531"},"modified":"2025-08-28T16:57:09","modified_gmt":"2025-08-28T14:57:09","slug":"seminaires-entreprise","status":"publish","type":"page","link":"https:\/\/vacances-seasonova.com\/de\/ferienunterkuenfte-in-frankreich\/firmenseminare\/","title":{"rendered":"S\u00e9minaires d\u2019Entreprise"},"content":{"rendered":"<p><\/p>\n<h3>EIN SEMINAR ORGANISIEREN<\/h3>\n<p>Suchen Sie einen Ort f\u00fcr Ihr n\u00e4chstes Firmenseminar? Fernab von den \u00fcblichen R\u00e4umen profitieren Sie von einer konzentrationsf\u00f6rdernden nat\u00fcrlichen Umgebung und Freizeiteinrichtungen, die ideale Bedingungen f\u00fcr die Organisation von Seminaren und anderen Arbeitstreffen bieten. Bieten Sie Ihren Teams ein Slow-Life-Seminar an und Sie werden garantiert ein unvergessliches Erlebnis haben, das das Image Ihres Unternehmens verbessern wird.<\/p>\n<div class=\"row\">\n<p>&nbsp;<\/p>\n<div class=\"col-lg-4 col-md-4 block-offre-tarif\">\n<p class=\"block-img\"><img loading=\"lazy\" class=\"alignnone size-full wp-image-3202\" src=\"https:\/\/vacances-seasonova.com\/wp-content\/uploads\/2018\/07\/vign-cadre.png\" alt=\"\" width=\"300\" height=\"211\" \/><\/p>\n<h3 class=\"titre-promo-tarif\">FOKUSSIEREN<\/h3>\n<p class=\"block-img\">Treffen Sie sich in einem speziellen Raum, der die Konzentration und den Einsatz Ihres Materials f\u00f6rdert, ganz nach Ihren Bed\u00fcrfnissen.<\/p>\n<\/div>\n<div class=\"col-lg-4 col-md-4 block-offre-tarif\">\n<p class=\"block-img\"><img loading=\"lazy\" class=\"alignnone size-medium wp-image-3203\" src=\"https:\/\/vacances-seasonova.com\/wp-content\/uploads\/2018\/07\/vign-TEAMBUILDING.png\" alt=\"\" width=\"300\" height=\"221\" \/><\/p>\n<h3 class=\"titre-promo-tarif\">SCHWEISSEN SIE IHR TEAM ZUSAMMEN<\/h3>\n<p class=\"block-img\">Schaffen oder verst\u00e4rken Sie die Verbindungen zwischen Ihren Mitarbeitern\/Kollegen durch Aktivit\u00e4ten und gemeinsame Unterk\u00fcnfte.<\/p>\n<\/div>\n<div class=\"col-lg-4 col-md-4 block-offre-tarif\">\n<p class=\"block-img\"><img loading=\"lazy\" class=\"size-medium wp-image-3204\" src=\"https:\/\/vacances-seasonova.com\/wp-content\/uploads\/2018\/07\/vign-services-et-equip.png\" alt=\"\" width=\"300\" height=\"211\" \/><\/p>\n<h3 class=\"titre-promo-tarif\">DEN PLATZ AUSNUTZEN<\/h3>\n<p class=\"block-img\">Nutzen Sie alle Dienstleistungen und Einrichtungen, die in unseren Einrichtungen au\u00dferhalb Ihrer Meetings angeboten werden.<\/p>\n<\/div>\n<p>&nbsp;<\/p>\n<p>&nbsp;<\/p>\n<div class=\"col-lg-4 col-md-4 block-offre-tarif\">\n<p class=\"block-img\"><img loading=\"lazy\" class=\"alignnone size-full wp-image-3202 resize\" src=\"https:\/\/vacances-seasonova.com\/wp-content\/uploads\/2018\/07\/vign-rest.jpg\" alt=\"\" width=\"300\" height=\"211\" \/><\/p>\n<h3 class=\"titre-promo-tarif\">CATERING<\/h3>\n<p class=\"block-img\">Wir k\u00f6nnen auch Ihre Bed\u00fcrfnisse f\u00fcr die verschiedenen Momente des Caterings (Fr\u00fchst\u00fcck &#8211; Mittagessen &#8211; Abend) und nach verschiedenen Formeln (Buffet, Men\u00fc und verschiedene Caterer&#8230;) erf\u00fcllen. Erleben Sie Slow Food f\u00fcr eine perfekte Abschaltung.<\/p>\n<\/div>\n<div class=\"col-lg-4 col-md-4 block-offre-tarif\">\n<p class=\"block-img\"><img loading=\"lazy\" class=\"alignnone size-medium wp-image-3203\" src=\"https:\/\/vacances-seasonova.com\/wp-content\/uploads\/2018\/07\/vign-HEB.jpg\" alt=\"\" width=\"300\" height=\"221\" \/><\/p>\n<h3 class=\"titre-promo-tarif\">UNTERBRINGUNG<\/h3>\n<p class=\"block-img\">Bringen Sie Ihre Teams in einer \u00f6kologisch gestalteten Unterkunft zusammen und entdecken Sie die einfachen Freuden und die Freundlichkeit des Naturcampings neu.<\/p>\n<\/div>\n<div class=\"col-lg-4 col-md-4 block-offre-tarif\">\n<p class=\"center\"><img loading=\"lazy\" class=\"alignnone size-medium wp-image-10671\" src=\"https:\/\/vacances-seasonova.com\/wp-content\/uploads\/2019\/05\/vignette-vivez-insolite3-300x300.png\" alt=\"\" width=\"300\" height=\"300\" srcset=\"https:\/\/vacances-seasonova.com\/wp-content\/uploads\/2019\/05\/vignette-vivez-insolite3-300x300.png 300w, https:\/\/vacances-seasonova.com\/wp-content\/uploads\/2019\/05\/vignette-vivez-insolite3-150x150.png 150w, https:\/\/vacances-seasonova.com\/wp-content\/uploads\/2019\/05\/vignette-vivez-insolite3-768x768.png 768w, https:\/\/vacances-seasonova.com\/wp-content\/uploads\/2019\/05\/vignette-vivez-insolite3-450x450.png 450w, https:\/\/vacances-seasonova.com\/wp-content\/uploads\/2019\/05\/vignette-vivez-insolite3-600x600.png 600w, https:\/\/vacances-seasonova.com\/wp-content\/uploads\/2019\/05\/vignette-vivez-insolite3.png 1250w\" sizes=\"(max-width: 300px) 100vw, 300px\" \/><\/p>\n<h3 class=\"titre-promo-tarif\">EIN UNTYPISCHER AUFENTHALT<\/h3>\n<p class=\"block-img\">Das Versprechen einer R\u00fcckkehr zu den Grundlagen. Entdecken Sie Ihre Kindheitserinnerungen wieder, indem Sie in den B\u00e4umen klettern oder Robinsons spielen.<\/p>\n<\/div>\n<p><img class=\"banniere responsive-image\" src=\"https:\/\/vacances-seasonova.com\/wp-content\/uploads\/2018\/07\/ban-sem-dest.png\" \/><\/p>\n<\/div>\n<p style=\"text-align: center;\">Die SEASONOVA Gruppe bietet Ihnen verschiedene Ziele an, um Ihr Seminar nach Ihren W\u00fcnschen und geografischen Vorlieben zu organisieren.<\/p>\n<div class=\"row\">\n<p>&nbsp;<\/p>\n<div class=\"col-lg-4 col-md-4 block-offre-tarif\">\n<p class=\"block-img\"><img loading=\"lazy\" class=\"alignnone size-full wp-image-3202\" src=\"https:\/\/vacances-seasonova.com\/wp-content\/uploads\/2018\/07\/vign-sem-riva.png\" alt=\"\" width=\"300\" height=\"211\" \/><\/p>\n<p class=\"block-text-align\"><span class=\"number sous-title-promo\">&#x2693; Ouistreham &#8211; Seminar in der Normandie<\/span><\/p>\n<p class=\"block-img\">Der Campingplatz Riva Bella liegt am Rande des Kanals, 1,5 km vom Meer und den D-Day-Landungsstr\u00e4nden entfernt. Er bietet den Komfort eines 4-Sterne-Campingplatzes und gen\u00fcgend Parkpl\u00e4tze, um Ihre Kunden oder Mitarbeiter unterzubringen.<\/p>\n<div class=\"hidden-lg hidden-md\">\n<p class=\"block-img\"><button class=\"btn btn-default btn-lg block-img\" type=\"button\"><a class=\"lien-reserver\" href=\"https:\/\/vacances-seasonova.com\/wp-content\/uploads\/2018\/07\/riva-location-salle2.pdf\" target=\"_blank\" rel=\"noopener noreferrer\">T\u00c9L\u00c9CHARGER LA PLAQUETTE<\/a><\/button><\/p>\n<\/div>\n<\/div>\n<div class=\"col-lg-4 col-md-4 block-offre-tarif\">\n<p class=\"block-img\"><img loading=\"lazy\" class=\"alignnone size-medium wp-image-3203\" src=\"https:\/\/vacances-seasonova.com\/wp-content\/uploads\/2018\/07\/vign-sem-PDJ.png\" alt=\"\" width=\"300\" height=\"221\" \/><\/p>\n<p class=\"block-text-align\"><span class=\"number sous-title-promo\">&#x2693; Merville-Franceville Plage &#8211; Seminar in der Normandie<\/span><\/p>\n<p class=\"block-img\">Mit seinem direkten Zugang zum Meer und seinen speziellen Entspannungs- und Freizeitbereichen wird der Campingplatz Le Point du Jour Ihre Mitarbeiter begeistern. Arbeiten Sie ganz entspannt und genie\u00dfen Sie eine einzigartige Berufserfahrung.<\/p>\n<div class=\"hidden-lg hidden-md \">\n<p class=\"block-img\"><button class=\"btn btn-default btn-lg block-img\" type=\"button\"><a class=\"lien-reserver\" href=\"https:\/\/v5.secureholiday.net\/vacancesseasonova\/FR\/7631\" target=\"_blank\" rel=\"noopener noreferrer\">PROCHAINEMENT<\/a><\/button><\/p>\n<\/div>\n<\/div>\n<div class=\"col-lg-4 col-md-4 block-offre-tarif\">\n<p class=\"block-img\"><img loading=\"lazy\" class=\"size-medium wp-image-3204\" src=\"https:\/\/vacances-seasonova.com\/wp-content\/uploads\/2018\/07\/vign-sem-MOUETTES.png\" alt=\"\" width=\"300\" height=\"211\" \/><\/p>\n<p class=\"block-text-align\"><span class=\"number sous-title-promo\">&#x2693; Veules-les-Roses &#8211; Seminar in der Normandie<\/span><\/p>\n<p class=\"block-img\">In einem der sch\u00f6nsten D\u00f6rfer Frankreichs gelegen, 10 Minuten zu Fu\u00df vom Strand und dem nautischen Zentrum entfernt, ist der Campingplatz Les Mouettes ein privilegierter Ort f\u00fcr Naturaktivit\u00e4ten und Teambuilding.<\/p>\n<div class=\"hidden-lg hidden-md \">\n<p class=\"block-img\"><button class=\"btn btn-default btn-lg block-img\" type=\"button\"><a class=\"lien-reserver\" href=\"https:\/\/v5.secureholiday.net\/vacancesseasonova\/FR\/14931\" target=\"_blank\" rel=\"noopener noreferrer\">PROCHAINEMENT<\/a><\/button><\/p>\n<\/div>\n<\/div>\n<div class=\"row hidden-sm hidden-xs btn-reservation-promo\">\n<div class=\"col-lg-4 col-md-4\">\n<p class=\"block-text-align block-img\"><button class=\"btn btn-default btn-lg\" type=\"button\"><a class=\"lien-reserver\" href=\"https:\/\/vacances-seasonova.com\/wp-content\/uploads\/2018\/07\/riva-location-salle2.pdf\" target=\"_blank\" rel=\"noopener noreferrer\">T\u00c9L\u00c9CHARGER LA PLAQUETTE<\/a><\/button><\/p>\n<\/div>\n<div class=\"col-lg-4 col-md-4\">\n<p class=\"block-text-align block-img\"><button class=\"btn btn-default btn-lg\" type=\"button\"><a class=\"lien-reserver\" href=\"https:\/\/v5.secureholiday.net\/vacancesseasonova\/FR\/10545\/71954\" target=\"_blank\" rel=\"noopener noreferrer\">PROCHAINEMENT<\/a><\/button><\/p>\n<\/div>\n<div class=\"col-lg-4 col-md-4\">\n<p class=\"block-text-align block-img\"><button class=\"btn btn-default btn-lg\" type=\"button\"><a class=\"lien-reserver\" href=\"https:\/\/v5.secureholiday.net\/vacancesseasonova\/FR\/10545\/49038\" target=\"_blank\" rel=\"noopener noreferrer\">PROCHAINEMENT<\/a><\/button><\/p>\n<\/div>\n<\/div>\n<p>&nbsp;<\/p>\n<div class=\"row\">\n<p>&nbsp;<\/p>\n<div class=\"col-lg-4 col-md-4 block-offre-tarif\">\n<p class=\"block-img\"><img loading=\"lazy\" class=\"alignnone size-full wp-image-3202 resize\" src=\"https:\/\/vacances-seasonova.com\/wp-content\/uploads\/2018\/07\/vign-sem-loire-plages-1.png\" alt=\"\" width=\"300\" height=\"211\" \/><\/p>\n<p class=\"block-text-align\"><span class=\"number sous-title-promo\">&#x2693; Rochefort-sur-Loire &#8211; Seminar in der pays de Loire<\/span><\/p>\n<p class=\"block-img\">Der Campingplatz Les plages de Loire liegt 30 Minuten von Angers entfernt an den Ufern der Loire und ist mit Entspannungsbereichen und einem breiten Angebot an speziellen Freizeitaktivit\u00e4ten ausgestattet &#8211; der ideale Ausgangspunkt f\u00fcr Ihr Naturseminar.<\/p>\n<div class=\"hidden-lg hidden-md\">\n<p class=\"block-img\"><button class=\"btn btn-default btn-lg block-img\" type=\"button\"><a class=\"lien-reserver\" href=\"https:\/\/v5.secureholiday.net\/vacancesseasonova\/FR\/15619\" target=\"_blank\" rel=\"noopener noreferrer\">PROCHAINEMENT<\/a><\/button><\/p>\n<\/div>\n<\/div>\n<div class=\"btn-reservation-promo\">\n<div class=\"col-lg-4 col-md-4 block-offre-tarif\">\n<p class=\"block-img\" style=\"text-align: center;\"><img loading=\"lazy\" class=\"alignnone size-medium wp-image-10668\" src=\"https:\/\/vacances-seasonova.com\/wp-content\/uploads\/2019\/05\/vign-idr2-300x300.png\" alt=\"\" width=\"300\" height=\"300\" srcset=\"https:\/\/vacances-seasonova.com\/wp-content\/uploads\/2019\/05\/vign-idr2-300x300.png 300w, https:\/\/vacances-seasonova.com\/wp-content\/uploads\/2019\/05\/vign-idr2-150x150.png 150w, https:\/\/vacances-seasonova.com\/wp-content\/uploads\/2019\/05\/vign-idr2-450x450.png 450w, https:\/\/vacances-seasonova.com\/wp-content\/uploads\/2019\/05\/vign-idr2-600x600.png 600w, https:\/\/vacances-seasonova.com\/wp-content\/uploads\/2019\/05\/vign-idr2.png 625w\" sizes=\"(max-width: 300px) 100vw, 300px\" \/><\/p>\n<p class=\"block-text-align\"><span class=\"number sous-title-promo\">&#x2693; Les Portes en R\u00e9 &#8211; Seminar am l&#8217;Ile de R\u00e9<\/span><\/p>\n<p class=\"center\">In der N\u00e4he eines Naturschutzgebietes und des Strandes gelegen, genie\u00dfen Sie den auf Natur und Wohlbefinden ausgerichteten Campingplatz Ile de R\u00e9 und wohnen an einem der beliebtesten Orte der Insel R\u00e9. Ein authentisches Ziel f\u00fcr ein Slow Life-Seminar par excellence.<\/p>\n<p><a href=\"https:\/\/vacances-seasonova.com\/wp-content\/uploads\/2020\/09\/doc1.pdf\"><br \/>\n<img loading=\"lazy\" class=\"wp-image-19182 alignleft\" src=\"https:\/\/vacances-seasonova.com\/wp-content\/uploads\/2020\/06\/slg.png\" alt=\"\" width=\"306\" height=\"305\" srcset=\"https:\/\/vacances-seasonova.com\/wp-content\/uploads\/2020\/06\/slg.png 1240w, https:\/\/vacances-seasonova.com\/wp-content\/uploads\/2020\/06\/slg-150x150.png 150w, https:\/\/vacances-seasonova.com\/wp-content\/uploads\/2020\/06\/slg-300x300.png 300w, https:\/\/vacances-seasonova.com\/wp-content\/uploads\/2020\/06\/slg-768x768.png 768w, https:\/\/vacances-seasonova.com\/wp-content\/uploads\/2020\/06\/slg-450x450.png 450w, https:\/\/vacances-seasonova.com\/wp-content\/uploads\/2020\/06\/slg-600x600.png 600w\" sizes=\"(max-width: 306px) 100vw, 306px\" \/><\/a><\/p>\n<\/div>\n<\/div>\n<div class=\"btn-reservation-promo\">\n<div class=\"col-lg-4 col-md-4 block-offre-tarif\">\n<p style=\"text-align: left;\"><a href=\"https:\/\/vacances-seasonova.com\/wp-content\/uploads\/2020\/09\/doc1.pdf\"><span class=\"number sous-title-promo\">&#x2693; Sill\u00e9 Le Guillaume &#8211; Seminare im Wald<\/span><\/a><\/p>\n<p class=\"block-img\" style=\"text-align: left;\">Nur einen Katzensprung von Coco Plage entfernt, befindet sich unser Etablissement im Wald. Eine Pause von der Arbeit an einem ruhigen und urspr\u00fcnglichen Ort, das ist es, was wir Ihnen in unserem Campingplatz des Waldes bieten. Mehr Informationen unter +33 (0) 236810001<\/p>\n<\/div>\n<\/div>\n<p><img class=\"banniere responsive-image\" src=\"https:\/\/vacances-seasonova.com\/wp-content\/uploads\/2018\/07\/confiance-sem.png\" \/><\/p>\n<div class=\"row\">\n<p>&nbsp;<\/p>\n<div class=\"col-lg-4 col-md-4 block-offre-tarif\">\n<p class=\"block-img\"><img loading=\"lazy\" class=\"alignnone size-full wp-image-3202\" src=\"https:\/\/vacances-seasonova.com\/wp-content\/uploads\/2018\/07\/maif.png\" alt=\"\" width=\"300\" height=\"211\" \/><\/p>\n<\/div>\n<div class=\"col-lg-4 col-md-4 block-offre-tarif\">\n<p class=\"block-img\"><img loading=\"lazy\" class=\"alignnone size-medium wp-image-3203\" src=\"https:\/\/vacances-seasonova.com\/wp-content\/uploads\/2018\/07\/fnticket.png\" alt=\"\" width=\"300\" height=\"221\" \/><\/p>\n<\/div>\n<div class=\"col-lg-4 col-md-4 block-offre-tarif\">\n<p class=\"block-img\"><img loading=\"lazy\" class=\"size-medium wp-image-3204\" src=\"https:\/\/vacances-seasonova.com\/wp-content\/uploads\/2018\/07\/cidre-et-dragon.png\" alt=\"\" width=\"300\" height=\"211\" \/><\/p>\n<\/div>\n<p><img loading=\"lazy\" class=\"alignnone size-full wp-image-19138\" src=\"https:\/\/vacances-seasonova.com\/wp-content\/uploads\/2020\/06\/logo-caisse-depargne.png\" alt=\"\" width=\"321\" height=\"157\" srcset=\"https:\/\/vacances-seasonova.com\/wp-content\/uploads\/2020\/06\/logo-caisse-depargne.png 321w, https:\/\/vacances-seasonova.com\/wp-content\/uploads\/2020\/06\/logo-caisse-depargne-300x147.png 300w\" sizes=\"(max-width: 321px) 100vw, 321px\" \/><\/p>\n<div class=\"col-lg-4 col-md-4 block-offre-tarif\"><img loading=\"lazy\" class=\"alignnone size-full wp-image-19140\" src=\"https:\/\/vacances-seasonova.com\/wp-content\/uploads\/2020\/06\/innolens.png\" alt=\"\" width=\"200\" height=\"200\" srcset=\"https:\/\/vacances-seasonova.com\/wp-content\/uploads\/2020\/06\/innolens.png 200w, https:\/\/vacances-seasonova.com\/wp-content\/uploads\/2020\/06\/innolens-150x150.png 150w\" sizes=\"(max-width: 200px) 100vw, 200px\" \/><\/div>\n<\/div>\n<\/div>\n<\/div>\n<p><\/p>","protected":false},"excerpt":{"rendered":"<p>EIN SEMINAR ORGANISIEREN Suchen Sie einen Ort f\u00fcr Ihr n\u00e4chstes Firmenseminar? Fernab von den \u00fcblichen R\u00e4umen profitieren Sie von einer konzentrationsf\u00f6rdernden nat\u00fcrlichen Umgebung und Freizeiteinrichtungen, die [&#8230;]<\/p>\n","protected":false},"author":2,"featured_media":7539,"parent":61,"menu_order":0,"comment_status":"closed","ping_status":"closed","template":"page-promo.php","meta":[],"yoast_head":"<!-- This site is optimized with the Yoast SEO plugin v18.1 - https:\/\/yoast.com\/wordpress\/plugins\/seo\/ -->\n<meta name=\"robots\" content=\"index, follow, max-snippet:-1, max-image-preview:large, max-video-preview:-1\" \/>\n<link rel=\"canonical\" href=\"https:\/\/vacances-seasonova.com\/de\/vakantiewoningen-in-frankrijk\/bedrijfsseminars\/\" \/>\n<meta property=\"og:locale\" content=\"de_DE\" \/>\n<meta property=\"og:type\" content=\"article\" \/>\n<meta property=\"og:title\" content=\"Firmenseminare - Seasonova\" \/>\n<meta property=\"og:description\" content=\"EIN SEMINAR ORGANISIEREN Suchen Sie einen Ort f\u00fcr Ihr n\u00e4chstes Firmenseminar? Fernab von den \u00fcblichen R\u00e4umen profitieren Sie von einer konzentrationsf\u00f6rdernden nat\u00fcrlichen Umgebung und Freizeiteinrichtungen, die [...]\" \/>\n<meta property=\"og:url\" content=\"https:\/\/vacances-seasonova.com\/nl\/vakantiewoningen-in-frankrijk\/bedrijfsseminars\/\" \/>\n<meta property=\"og:site_name\" content=\"Seasonova\" \/>\n<meta property=\"article:modified_time\" content=\"2025-08-28T14:57:09+00:00\" \/>\n<meta property=\"og:image\" content=\"https:\/\/vacances-seasonova.com\/wp-content\/uploads\/2018\/07\/bannierese\u0301minaire-3.png\" \/>\n\t<meta property=\"og:image:width\" content=\"2000\" \/>\n\t<meta property=\"og:image:height\" content=\"600\" \/>\n\t<meta property=\"og:image:type\" content=\"image\/png\" \/>\n<meta name=\"twitter:card\" content=\"summary\" \/>\n<meta name=\"twitter:label1\" content=\"Gesch\u00e4tzte Lesezeit\" \/>\n\t<meta name=\"twitter:data1\" content=\"6 Minuten\" \/>\n<script type=\"application\/ld+json\" class=\"yoast-schema-graph\">{\"@context\":\"https:\/\/schema.org\",\"@graph\":[{\"@type\":\"WebSite\",\"@id\":\"https:\/\/vacances-seasonova.com\/fr\/#website\",\"url\":\"https:\/\/vacances-seasonova.com\/fr\/\",\"name\":\"Seasonova\",\"description\":\"\",\"potentialAction\":[{\"@type\":\"SearchAction\",\"target\":{\"@type\":\"EntryPoint\",\"urlTemplate\":\"https:\/\/vacances-seasonova.com\/fr\/?s={search_term_string}\"},\"query-input\":\"required name=search_term_string\"}],\"inLanguage\":\"de-DE\"},{\"@type\":\"ImageObject\",\"@id\":\"https:\/\/vacances-seasonova.com\/nl\/vakantiewoningen-in-frankrijk\/bedrijfsseminars\/#primaryimage\",\"inLanguage\":\"de-DE\",\"url\":\"https:\/\/vacances-seasonova.com\/wp-content\/uploads\/2018\/07\/bannierese\u0301minaire-3.png\",\"contentUrl\":\"https:\/\/vacances-seasonova.com\/wp-content\/uploads\/2018\/07\/bannierese\u0301minaire-3.png\",\"width\":2000,\"height\":600,\"caption\":\"organiser un s\u00e9minaire camping seasonova colloque location de salle r\u00e9ception \u00e9v\u00e8nement\"},{\"@type\":\"WebPage\",\"@id\":\"https:\/\/vacances-seasonova.com\/nl\/vakantiewoningen-in-frankrijk\/bedrijfsseminars\/#webpage\",\"url\":\"https:\/\/vacances-seasonova.com\/nl\/vakantiewoningen-in-frankrijk\/bedrijfsseminars\/\",\"name\":\"Firmenseminare - Seasonova\",\"isPartOf\":{\"@id\":\"https:\/\/vacances-seasonova.com\/fr\/#website\"},\"primaryImageOfPage\":{\"@id\":\"https:\/\/vacances-seasonova.com\/nl\/vakantiewoningen-in-frankrijk\/bedrijfsseminars\/#primaryimage\"},\"datePublished\":\"2018-07-16T13:17:30+00:00\",\"dateModified\":\"2025-08-28T14:57:09+00:00\",\"breadcrumb\":{\"@id\":\"https:\/\/vacances-seasonova.com\/nl\/vakantiewoningen-in-frankrijk\/bedrijfsseminars\/#breadcrumb\"},\"inLanguage\":\"de-DE\",\"potentialAction\":[{\"@type\":\"ReadAction\",\"target\":[\"https:\/\/vacances-seasonova.com\/nl\/vakantiewoningen-in-frankrijk\/bedrijfsseminars\/\"]}]},{\"@type\":\"BreadcrumbList\",\"@id\":\"https:\/\/vacances-seasonova.com\/nl\/vakantiewoningen-in-frankrijk\/bedrijfsseminars\/#breadcrumb\",\"itemListElement\":[{\"@type\":\"ListItem\",\"position\":1,\"name\":\"Accueil\",\"item\":\"https:\/\/vacances-seasonova.com\/nl\/\"},{\"@type\":\"ListItem\",\"position\":2,\"name\":\"Locations de vacances\",\"item\":\"https:\/\/vacances-seasonova.com\/nl\/vakantiewoningen-in-frankrijk\/\"},{\"@type\":\"ListItem\",\"position\":3,\"name\":\"S\u00e9minaires d\u2019Entreprise\"}]}]}<\/script>\n<!-- \/ Yoast SEO plugin. -->","yoast_head_json":{"robots":{"index":"index","follow":"follow","max-snippet":"max-snippet:-1","max-image-preview":"max-image-preview:large","max-video-preview":"max-video-preview:-1"},"canonical":"https:\/\/vacances-seasonova.com\/de\/vakantiewoningen-in-frankrijk\/bedrijfsseminars\/","og_locale":"de_DE","og_type":"article","og_title":"Firmenseminare - Seasonova","og_description":"EIN SEMINAR ORGANISIEREN Suchen Sie einen Ort f\u00fcr Ihr n\u00e4chstes Firmenseminar? Fernab von den \u00fcblichen R\u00e4umen profitieren Sie von einer konzentrationsf\u00f6rdernden nat\u00fcrlichen Umgebung und Freizeiteinrichtungen, die [...]","og_url":"https:\/\/vacances-seasonova.com\/nl\/vakantiewoningen-in-frankrijk\/bedrijfsseminars\/","og_site_name":"Seasonova","article_modified_time":"2025-08-28T14:57:09+00:00","og_image":[{"width":2000,"height":600,"url":"https:\/\/vacances-seasonova.com\/wp-content\/uploads\/2018\/07\/bannierese\u0301minaire-3.png","type":"image\/png"}],"twitter_card":"summary","twitter_misc":{"Gesch\u00e4tzte Lesezeit":"6 Minuten"},"schema":{"@context":"https:\/\/schema.org","@graph":[{"@type":"WebSite","@id":"https:\/\/vacances-seasonova.com\/fr\/#website","url":"https:\/\/vacances-seasonova.com\/fr\/","name":"Seasonova","description":"","potentialAction":[{"@type":"SearchAction","target":{"@type":"EntryPoint","urlTemplate":"https:\/\/vacances-seasonova.com\/fr\/?s={search_term_string}"},"query-input":"required name=search_term_string"}],"inLanguage":"de-DE"},{"@type":"ImageObject","@id":"https:\/\/vacances-seasonova.com\/nl\/vakantiewoningen-in-frankrijk\/bedrijfsseminars\/#primaryimage","inLanguage":"de-DE","url":"https:\/\/vacances-seasonova.com\/wp-content\/uploads\/2018\/07\/bannierese\u0301minaire-3.png","contentUrl":"https:\/\/vacances-seasonova.com\/wp-content\/uploads\/2018\/07\/bannierese\u0301minaire-3.png","width":2000,"height":600,"caption":"organiser un s\u00e9minaire camping seasonova colloque location de salle r\u00e9ception \u00e9v\u00e8nement"},{"@type":"WebPage","@id":"https:\/\/vacances-seasonova.com\/nl\/vakantiewoningen-in-frankrijk\/bedrijfsseminars\/#webpage","url":"https:\/\/vacances-seasonova.com\/nl\/vakantiewoningen-in-frankrijk\/bedrijfsseminars\/","name":"Firmenseminare - Seasonova","isPartOf":{"@id":"https:\/\/vacances-seasonova.com\/fr\/#website"},"primaryImageOfPage":{"@id":"https:\/\/vacances-seasonova.com\/nl\/vakantiewoningen-in-frankrijk\/bedrijfsseminars\/#primaryimage"},"datePublished":"2018-07-16T13:17:30+00:00","dateModified":"2025-08-28T14:57:09+00:00","breadcrumb":{"@id":"https:\/\/vacances-seasonova.com\/nl\/vakantiewoningen-in-frankrijk\/bedrijfsseminars\/#breadcrumb"},"inLanguage":"de-DE","potentialAction":[{"@type":"ReadAction","target":["https:\/\/vacances-seasonova.com\/nl\/vakantiewoningen-in-frankrijk\/bedrijfsseminars\/"]}]},{"@type":"BreadcrumbList","@id":"https:\/\/vacances-seasonova.com\/nl\/vakantiewoningen-in-frankrijk\/bedrijfsseminars\/#breadcrumb","itemListElement":[{"@type":"ListItem","position":1,"name":"Accueil","item":"https:\/\/vacances-seasonova.com\/nl\/"},{"@type":"ListItem","position":2,"name":"Locations de vacances","item":"https:\/\/vacances-seasonova.com\/nl\/vakantiewoningen-in-frankrijk\/"},{"@type":"ListItem","position":3,"name":"S\u00e9minaires d\u2019Entreprise"}]}]}},"_links":{"self":[{"href":"https:\/\/vacances-seasonova.com\/de\/wp-json\/wp\/v2\/pages\/7531"}],"collection":[{"href":"https:\/\/vacances-seasonova.com\/de\/wp-json\/wp\/v2\/pages"}],"about":[{"href":"https:\/\/vacances-seasonova.com\/de\/wp-json\/wp\/v2\/types\/page"}],"author":[{"embeddable":true,"href":"https:\/\/vacances-seasonova.com\/de\/wp-json\/wp\/v2\/users\/2"}],"replies":[{"embeddable":true,"href":"https:\/\/vacances-seasonova.com\/de\/wp-json\/wp\/v2\/comments?post=7531"}],"version-history":[{"count":77,"href":"https:\/\/vacances-seasonova.com\/de\/wp-json\/wp\/v2\/pages\/7531\/revisions"}],"predecessor-version":[{"id":51800,"href":"https:\/\/vacances-seasonova.com\/de\/wp-json\/wp\/v2\/pages\/7531\/revisions\/51800"}],"up":[{"embeddable":true,"href":"https:\/\/vacances-seasonova.com\/de\/wp-json\/wp\/v2\/pages\/61"}],"wp:featuredmedia":[{"embeddable":true,"href":"https:\/\/vacances-seasonova.com\/de\/wp-json\/wp\/v2\/media\/7539"}],"wp:attachment":[{"href":"https:\/\/vacances-seasonova.com\/de\/wp-json\/wp\/v2\/media?parent=7531"}],"curies":[{"name":"wp","href":"https:\/\/api.w.org\/{rel}","templated":true}]}}