    {"id":81,"date":"2016-09-19T14:14:28","date_gmt":"2016-09-19T13:14:28","guid":{"rendered":"http:\/\/vacances-seasonova.com\/?page_id=81"},"modified":"2025-08-28T16:36:31","modified_gmt":"2025-08-28T14:36:31","slug":"les-services-seasonova","status":"publish","type":"page","link":"https:\/\/vacances-seasonova.com\/de\/campingurlaub-mit-seasonova\/unsere-dienstleistungen\/","title":{"rendered":"Les services"},"content":{"rendered":"<p><\/p>\n<h2>Entdecken Sie die vielf\u00e4ltigen Dienstleistungen der Seasonova-Campingpl\u00e4tze<\/h2>\n<p>Ein Aufenthalt in einem Seasonova-Campingplatz ist nicht nur eine Reise, sondern ein Erlebnis. Wir laden Sie ein, Momente der Entspannung und Geselligkeit zu teilen, unsere Regionen und lokalen Sehensw\u00fcrdigkeiten zu entdecken und die &#8222;Kunst des Lebens im Freien&#8220; wiederzuentdecken. Bei Seasonova bieten wir Ihnen den identischen Service der Seasonova-Tranquillit\u00e4t auf jedem unserer Pl\u00e4tze an. Entdecken Sie, was Sie auf unseren Campingpl\u00e4tzen erwartet:<\/p>\n<h3>Beginnen Sie den Tag mit unserem Br\u00f6tchen- und Fr\u00fchst\u00fccksservice<\/h3>\n<p>Genie\u00dfen Sie morgens die Frische unseres <strong>Br\u00f6tchen- und Brotservices<\/strong>. Wenn Sie Ihren Tag mit einem herzhaften Fr\u00fchst\u00fcck beginnen m\u00f6chten, bieten wir auch einen <strong>Fr\u00fchst\u00fccksservice<\/strong> an, um Ihren Morgen angenehm zu gestalten.<\/p>\n<h3>Internetzugang<\/h3>\n<p>Sie bleiben w\u00e4hrend Ihres Aufenthalts immer verbunden mit unserem <strong>WLAN-Internetzugang<\/strong>, der auf allen Campingpl\u00e4tzen verf\u00fcgbar ist.<\/p>\n<h3>Unterhaltsames Animationsprogramm<\/h3>\n<p>Erleben Sie Spa\u00df und Unterhaltung mit unserem <strong>Animationsprogramm<\/strong>, das f\u00fcr die ganze Familie konzipiert ist.<\/p>\n<h3>Kinderausstattung zur Miete<\/h3>\n<p>Reisen Sie mit kleinen Kindern? Wir bieten <strong>Vermietung von Kinderausstattungen<\/strong> wie Betten, St\u00fchlen und Kinderwagen an.<\/p>\n<h3>Barbereich<\/h3>\n<p>Treffen Sie Freunde und Familie in unserem gem\u00fctlichen <strong>Barbereich<\/strong> und genie\u00dfen Sie eine breite Auswahl an Getr\u00e4nken und Snacks.<\/p>\n<h3>Servicebereich f\u00fcr Campingfahrzeuge<\/h3>\n<p>Unser <strong>Servicebereich f\u00fcr Campingfahrzeuge<\/strong> ist bestens ausgestattet, um Ihren Aufenthalt komfortabel zu gestalten.<\/p>\n<h3>Sicherheitsdienst<\/h3>\n<p>F\u00fchlen Sie sich sicher mit unserem <strong>Sicherheitsdienst<\/strong>, der w\u00e4hrend der Saison n\u00e4chtliche Rundg\u00e4nge durchf\u00fchrt.<\/p>\n<h3>Sportger\u00e4te und Ausstattung zur Miete<\/h3>\n<p>Verbringen Sie aktive Momente mit unseren <strong>Sportger\u00e4ten und -ausstattungen<\/strong>, die zur Miete verf\u00fcgbar sind.<\/p>\n<h3>Kostenlose Duschen und Toiletten<\/h3>\n<p>Genie\u00dfen Sie die Bequemlichkeit unserer <strong>kostenlosen Duschen und Toiletten<\/strong>, die immer sauber und gepflegt sind.<\/p>\n<h3>Bibliothek<\/h3>\n<p>Entspannen Sie sich in unserer <strong>Bibliothek<\/strong> mit einer gro\u00dfen Auswahl an B\u00fcchern und Zeitschriften.<\/p>\n<h3>Touristische Dokumentation<\/h3>\n<p>Planen Sie Ihre Tage mit unserer <strong>vollst\u00e4ndigen touristischen Dokumentation<\/strong>, die Ihnen die besten Sehensw\u00fcrdigkeiten der Region zeigt.<\/p>\n<h3>Kinderbetreuung<\/h3>\n<p>Genie\u00dfen Sie ruhige Momente, w\u00e4hrend Ihre Kinder in unserer sicheren und unterhaltsamen <strong>Kinderbetreuung<\/strong> spielen.<\/p>\n<p>Wir freuen uns darauf, Sie auf einem unserer Seasonova-Campingpl\u00e4tze zu begr\u00fc\u00dfen und Ihnen einen unvergesslichen Aufenthalt zu bieten!<\/p>\n<p><\/p>","protected":false},"excerpt":{"rendered":"<p>Entdecken Sie die vielf\u00e4ltigen Dienstleistungen der Seasonova-Campingpl\u00e4tze Ein Aufenthalt in einem Seasonova-Campingplatz ist nicht nur eine Reise, sondern ein Erlebnis. Wir laden Sie ein, Momente der Entspannung und [&#8230;]<\/p>\n","protected":false},"author":3,"featured_media":16921,"parent":53,"menu_order":3,"comment_status":"closed","ping_status":"closed","template":"page.php","meta":[],"yoast_head":"<!-- This site is optimized with the Yoast SEO plugin v18.1 - https:\/\/yoast.com\/wordpress\/plugins\/seo\/ -->\n<meta name=\"robots\" content=\"index, follow, max-snippet:-1, max-image-preview:large, max-video-preview:-1\" \/>\n<link rel=\"canonical\" href=\"https:\/\/vacances-seasonova.com\/de\/kampeervakantiein-frankrijk\/de-diensten\/\" \/>\n<meta property=\"og:locale\" content=\"de_DE\" \/>\n<meta property=\"og:type\" content=\"article\" \/>\n<meta property=\"og:title\" content=\"Leistungen - Seasonova\" \/>\n<meta property=\"og:description\" content=\"Entdecken Sie die vielf\u00e4ltigen Dienstleistungen der Seasonova-Campingpl\u00e4tze Ein Aufenthalt in einem Seasonova-Campingplatz ist nicht nur eine Reise, sondern ein Erlebnis. Wir laden Sie ein, Momente der Entspannung und [...]\" \/>\n<meta property=\"og:url\" content=\"https:\/\/vacances-seasonova.com\/nl\/kampeervakantiein-frankrijk\/de-diensten\/\" \/>\n<meta property=\"og:site_name\" content=\"Seasonova\" \/>\n<meta property=\"article:modified_time\" content=\"2025-08-28T14:36:31+00:00\" \/>\n<meta property=\"og:image\" content=\"https:\/\/vacances-seasonova.com\/wp-content\/uploads\/2020\/02\/canoe-674x450.jpeg\" \/>\n\t<meta property=\"og:image:width\" content=\"674\" \/>\n\t<meta property=\"og:image:height\" content=\"450\" \/>\n\t<meta property=\"og:image:type\" content=\"image\/jpeg\" \/>\n<meta name=\"twitter:card\" content=\"summary\" \/>\n<meta name=\"twitter:label1\" content=\"Gesch\u00e4tzte Lesezeit\" \/>\n\t<meta name=\"twitter:data1\" content=\"3 Minuten\" \/>\n<script type=\"application\/ld+json\" class=\"yoast-schema-graph\">{\"@context\":\"https:\/\/schema.org\",\"@graph\":[{\"@type\":\"WebSite\",\"@id\":\"https:\/\/vacances-seasonova.com\/fr\/#website\",\"url\":\"https:\/\/vacances-seasonova.com\/fr\/\",\"name\":\"Seasonova\",\"description\":\"\",\"potentialAction\":[{\"@type\":\"SearchAction\",\"target\":{\"@type\":\"EntryPoint\",\"urlTemplate\":\"https:\/\/vacances-seasonova.com\/fr\/?s={search_term_string}\"},\"query-input\":\"required name=search_term_string\"}],\"inLanguage\":\"de-DE\"},{\"@type\":\"ImageObject\",\"@id\":\"https:\/\/vacances-seasonova.com\/nl\/kampeervakantiein-frankrijk\/de-diensten\/#primaryimage\",\"inLanguage\":\"de-DE\",\"url\":\"https:\/\/vacances-seasonova.com\/wp-content\/uploads\/2020\/02\/canoe.jpeg\",\"contentUrl\":\"https:\/\/vacances-seasonova.com\/wp-content\/uploads\/2020\/02\/canoe.jpeg\",\"width\":6969,\"height\":4650,\"caption\":\"canoe\"},{\"@type\":\"WebPage\",\"@id\":\"https:\/\/vacances-seasonova.com\/nl\/kampeervakantiein-frankrijk\/de-diensten\/#webpage\",\"url\":\"https:\/\/vacances-seasonova.com\/nl\/kampeervakantiein-frankrijk\/de-diensten\/\",\"name\":\"Leistungen - Seasonova\",\"isPartOf\":{\"@id\":\"https:\/\/vacances-seasonova.com\/fr\/#website\"},\"primaryImageOfPage\":{\"@id\":\"https:\/\/vacances-seasonova.com\/nl\/kampeervakantiein-frankrijk\/de-diensten\/#primaryimage\"},\"datePublished\":\"2016-09-19T13:14:28+00:00\",\"dateModified\":\"2025-08-28T14:36:31+00:00\",\"breadcrumb\":{\"@id\":\"https:\/\/vacances-seasonova.com\/nl\/kampeervakantiein-frankrijk\/de-diensten\/#breadcrumb\"},\"inLanguage\":\"de-DE\",\"potentialAction\":[{\"@type\":\"ReadAction\",\"target\":[\"https:\/\/vacances-seasonova.com\/nl\/kampeervakantiein-frankrijk\/de-diensten\/\"]}]},{\"@type\":\"BreadcrumbList\",\"@id\":\"https:\/\/vacances-seasonova.com\/nl\/kampeervakantiein-frankrijk\/de-diensten\/#breadcrumb\",\"itemListElement\":[{\"@type\":\"ListItem\",\"position\":1,\"name\":\"Accueil\",\"item\":\"https:\/\/vacances-seasonova.com\/nl\/\"},{\"@type\":\"ListItem\",\"position\":2,\"name\":\"Vacances en camping Seasonova\",\"item\":\"https:\/\/vacances-seasonova.com\/nl\/kampeervakantiein-frankrijk\/\"},{\"@type\":\"ListItem\",\"position\":3,\"name\":\"Les services\"}]}]}<\/script>\n<!-- \/ Yoast SEO plugin. -->","yoast_head_json":{"robots":{"index":"index","follow":"follow","max-snippet":"max-snippet:-1","max-image-preview":"max-image-preview:large","max-video-preview":"max-video-preview:-1"},"canonical":"https:\/\/vacances-seasonova.com\/de\/kampeervakantiein-frankrijk\/de-diensten\/","og_locale":"de_DE","og_type":"article","og_title":"Leistungen - Seasonova","og_description":"Entdecken Sie die vielf\u00e4ltigen Dienstleistungen der Seasonova-Campingpl\u00e4tze Ein Aufenthalt in einem Seasonova-Campingplatz ist nicht nur eine Reise, sondern ein Erlebnis. Wir laden Sie ein, Momente der Entspannung und [...]","og_url":"https:\/\/vacances-seasonova.com\/nl\/kampeervakantiein-frankrijk\/de-diensten\/","og_site_name":"Seasonova","article_modified_time":"2025-08-28T14:36:31+00:00","og_image":[{"width":674,"height":450,"url":"https:\/\/vacances-seasonova.com\/wp-content\/uploads\/2020\/02\/canoe-674x450.jpeg","type":"image\/jpeg"}],"twitter_card":"summary","twitter_misc":{"Gesch\u00e4tzte Lesezeit":"3 Minuten"},"schema":{"@context":"https:\/\/schema.org","@graph":[{"@type":"WebSite","@id":"https:\/\/vacances-seasonova.com\/fr\/#website","url":"https:\/\/vacances-seasonova.com\/fr\/","name":"Seasonova","description":"","potentialAction":[{"@type":"SearchAction","target":{"@type":"EntryPoint","urlTemplate":"https:\/\/vacances-seasonova.com\/fr\/?s={search_term_string}"},"query-input":"required name=search_term_string"}],"inLanguage":"de-DE"},{"@type":"ImageObject","@id":"https:\/\/vacances-seasonova.com\/nl\/kampeervakantiein-frankrijk\/de-diensten\/#primaryimage","inLanguage":"de-DE","url":"https:\/\/vacances-seasonova.com\/wp-content\/uploads\/2020\/02\/canoe.jpeg","contentUrl":"https:\/\/vacances-seasonova.com\/wp-content\/uploads\/2020\/02\/canoe.jpeg","width":6969,"height":4650,"caption":"canoe"},{"@type":"WebPage","@id":"https:\/\/vacances-seasonova.com\/nl\/kampeervakantiein-frankrijk\/de-diensten\/#webpage","url":"https:\/\/vacances-seasonova.com\/nl\/kampeervakantiein-frankrijk\/de-diensten\/","name":"Leistungen - Seasonova","isPartOf":{"@id":"https:\/\/vacances-seasonova.com\/fr\/#website"},"primaryImageOfPage":{"@id":"https:\/\/vacances-seasonova.com\/nl\/kampeervakantiein-frankrijk\/de-diensten\/#primaryimage"},"datePublished":"2016-09-19T13:14:28+00:00","dateModified":"2025-08-28T14:36:31+00:00","breadcrumb":{"@id":"https:\/\/vacances-seasonova.com\/nl\/kampeervakantiein-frankrijk\/de-diensten\/#breadcrumb"},"inLanguage":"de-DE","potentialAction":[{"@type":"ReadAction","target":["https:\/\/vacances-seasonova.com\/nl\/kampeervakantiein-frankrijk\/de-diensten\/"]}]},{"@type":"BreadcrumbList","@id":"https:\/\/vacances-seasonova.com\/nl\/kampeervakantiein-frankrijk\/de-diensten\/#breadcrumb","itemListElement":[{"@type":"ListItem","position":1,"name":"Accueil","item":"https:\/\/vacances-seasonova.com\/nl\/"},{"@type":"ListItem","position":2,"name":"Vacances en camping Seasonova","item":"https:\/\/vacances-seasonova.com\/nl\/kampeervakantiein-frankrijk\/"},{"@type":"ListItem","position":3,"name":"Les services"}]}]}},"_links":{"self":[{"href":"https:\/\/vacances-seasonova.com\/de\/wp-json\/wp\/v2\/pages\/81"}],"collection":[{"href":"https:\/\/vacances-seasonova.com\/de\/wp-json\/wp\/v2\/pages"}],"about":[{"href":"https:\/\/vacances-seasonova.com\/de\/wp-json\/wp\/v2\/types\/page"}],"author":[{"embeddable":true,"href":"https:\/\/vacances-seasonova.com\/de\/wp-json\/wp\/v2\/users\/3"}],"replies":[{"embeddable":true,"href":"https:\/\/vacances-seasonova.com\/de\/wp-json\/wp\/v2\/comments?post=81"}],"version-history":[{"count":11,"href":"https:\/\/vacances-seasonova.com\/de\/wp-json\/wp\/v2\/pages\/81\/revisions"}],"predecessor-version":[{"id":51775,"href":"https:\/\/vacances-seasonova.com\/de\/wp-json\/wp\/v2\/pages\/81\/revisions\/51775"}],"up":[{"embeddable":true,"href":"https:\/\/vacances-seasonova.com\/de\/wp-json\/wp\/v2\/pages\/53"}],"wp:featuredmedia":[{"embeddable":true,"href":"https:\/\/vacances-seasonova.com\/de\/wp-json\/wp\/v2\/media\/16921"}],"wp:attachment":[{"href":"https:\/\/vacances-seasonova.com\/de\/wp-json\/wp\/v2\/media?parent=81"}],"curies":[{"name":"wp","href":"https:\/\/api.w.org\/{rel}","templated":true}]}}