    {"id":83,"date":"2016-09-19T14:15:19","date_gmt":"2016-09-19T13:15:19","guid":{"rendered":"http:\/\/vacances-seasonova.com\/?page_id=83"},"modified":"2025-08-28T16:39:28","modified_gmt":"2025-08-28T14:39:28","slug":"camping-familial","status":"publish","type":"page","link":"https:\/\/vacances-seasonova.com\/de\/campingurlaub-mit-seasonova\/kinder\/","title":{"rendered":"Des campings pens\u00e9s pour nos enfants"},"content":{"rendered":"<p><\/p>\n<h1>Campingpl\u00e4tze speziell f\u00fcr unsere Kinder<\/h1>\n<div class=\"p1\" style=\"text-align: center;\">Seasonova-Campingpl\u00e4tze sind absolut sicher und f\u00fcr Kinder konzipiert.<\/div>\n<div class=\"p1\" style=\"text-align: justify;\">\n<p style=\"text-align: center;\">Weil &#8222;die Grundlage des Lernens Erfahrungen sind&#8220;, bieten wir tolle Spielpl\u00e4tze f\u00fcr das Erleben an der frischen Luft und Freizeitaktivit\u00e4ten f\u00fcr die ganze Familie an, die gemeinsam genutzt werden k\u00f6nnen.<\/p>\n<p style=\"text-align: center;\">Die Natur-Campingpl\u00e4tze von Seasonova bieten eine Sicherheit und Freiheit f\u00fcr Kinder. F\u00fcr uns ist es wichtig, dass Kinder auf spielerische Weise lernen, indem sie sich frei bewegen und spielen k\u00f6nnen. In unseren Spielpl\u00e4tzen k\u00f6nnen sie voneinander lernen. Au\u00dferdem bieten wir verschiedene Aktivit\u00e4ten f\u00fcr Familien, um gemeinsam Neues zu erleben. Auf einigen Campingpl\u00e4tzen haben wir sogar Bereiche geschaffen, in denen Eltern und Kinder gemeinsam Zeit verbringen k\u00f6nnen.<\/p>\n<h2>Campingpl\u00e4tze am Meer mit Animation in Frankreich<\/h2>\n<p>Campingpl\u00e4tze von Seasonova sind auf Komfort und Einfachheit ausgelegt. Schlie\u00dflich ist es Ihr Urlaub, und man m\u00f6chte einen freien Kopf genie\u00dfen. F\u00fcr uns ist die Gemeinsamkeit der Familie dennoch wichtig. Gemeinsam Aktivit\u00e4ten erleben und unternehmen, die man vielleicht schon lange nicht mehr gemacht hat. Es ist uns wichtig, dass sich jedes Familienmitglied wohl und wie zu Hause f\u00fchlt. Seasonova-Campingpl\u00e4tze k\u00f6nnen als Familien-Campingpl\u00e4tze bezeichnet werden.<br \/>\nIn vier unserer Campingpl\u00e4tze gibt es einen Miniclub, in dem Animateure die Kinder mit verschiedenen Spielen, Sportaktivit\u00e4ten und vielem mehr besch\u00e4ftigen.<\/p>\n<ul>\n<li class=\"p1\"><a href=\"https:\/\/vacances-seasonova.com\/camping\/camping-les-mouettes\">Camping Les Mouettes<\/a>, Normandie<\/li>\n<li class=\"p1\"><a href=\"https:\/\/vacances-seasonova.com\/de\/camping\/le-point-du-jour\/\">Camping Le Point du Jour<\/a>, Normandie<\/li>\n<li class=\"p1\"><a href=\"https:\/\/vacances-seasonova.com\/camping\/camping-les-plages-de-loire\">Camping les Plages de Loire<\/a>, Pays de la Loire<\/li>\n<li class=\"p1\"><a href=\"https:\/\/vacances-seasonova.com\/camping\/camping-les-portes-dalsace\">Camping les Portes d&#8217;Alsace<\/a>, Elsass<\/li>\n<\/ul>\n<h3>Campingplatz mit Kinderschwimmbad<\/h3>\n<p style=\"text-align: left;\">An herrlich warmen Sommertagen gibt es kaum etwas Sch\u00f6neres, als dass sich die Kinder im Pool austoben. Die meisten von ihnen m\u00f6chten am liebsten schon morgens hineinspringen und erst am Nachmittag wieder herauskommen. F\u00fcr die Allerkleinsten, die auch den Wasserspa\u00df erleben m\u00f6chten, gibt es abgetrennte oder separate Kinder-\/Kleinkind-Pools. So geraten sie nicht in Bedr\u00e4ngnis und haben einen sicheren Ort, um das Wasser zu entdecken.<\/p>\n<p style=\"text-align: left;\">Auf vielen Campingpl\u00e4tzen gibt es spezielle Kinderpools mit Rutschen, Wasserfont\u00e4nen und anderen lustigen Wasserattraktionen. Wir haben darauf geachtet, dass die Kinderpools sicher und kinderfreundlich sind, damit sich Eltern entspannen und ihre Kinder sorglos spielen lassen k\u00f6nnen.<\/p>\n<h3>P\u00e4dagogische Aktivit\u00e4ten und Workshops<\/h3>\n<p style=\"text-align: left;\">Wir glauben, dass es neben dem Spielen auch wichtig ist, dass Kinder w\u00e4hrend ihres Urlaubs etwas lernen. Daher bieten wir auf unseren Campingpl\u00e4tzen auch p\u00e4dagogische Aktivit\u00e4ten und Workshops an. Von Naturerkundungswanderungen, bei denen sie etwas \u00fcber die Flora und Fauna der Umgebung lernen k\u00f6nnen, bis hin zu kreativen Workshops, in denen sie ihre k\u00fcnstlerischen F\u00e4higkeiten entwickeln k\u00f6nnen.<\/p>\n<h3>Familienunterk\u00fcnfte<\/h3>\n<p style=\"text-align: left;\">Unsere Campingpl\u00e4tze bieten verschiedene Arten von Unterk\u00fcnften, die perfekt f\u00fcr Familien sind. Wir haben ger\u00e4umige Mobilheime, komfortable Chalets und traditionelle Campingpl\u00e4tze f\u00fcr Zelte und Wohnwagen. Unsere Unterk\u00fcnfte sind so gestaltet, dass sie den Bed\u00fcrfnissen von Familien gerecht werden, mit ausreichend Platz, um gemeinsam Zeit zu verbringen, aber auch mit separaten Bereichen f\u00fcr etwas Privatsph\u00e4re.<\/p>\n<h3>Entdecken Sie die Umgebung<\/h3>\n<p style=\"text-align: left;\">Neben den Aktivit\u00e4ten auf dem Campingplatz bieten die Regionen, in denen sich unsere Campingpl\u00e4tze befinden, eine F\u00fclle von M\u00f6glichkeiten zur Erkundung und zum Genuss. Egal, ob es darum geht, die sch\u00f6nen Str\u00e4nde der Normandie zu besuchen, die Schl\u00f6sser des Loiretals zu erkunden oder die reiche Kultur des Elsass zu entdecken &#8211; es gibt f\u00fcr jeden etwas!<\/p>\n<h3>Fazit<\/h3>\n<p style=\"text-align: left;\">Die Seasonova-Campingpl\u00e4tze bieten einen sicheren, lehrreichen und unterhaltsamen Ort f\u00fcr Kinder und Familien. Mit unseren speziell gestalteten Spielpl\u00e4tzen, Kinderpools, p\u00e4dagogischen Aktivit\u00e4ten und familienfreundlichen Unterk\u00fcnften sorgen wir daf\u00fcr, dass Ihr Familienurlaub zu einem unvergesslichen Erlebnis wird.<\/p>\n<p style=\"text-align: left;\">Entdecken Sie die Vielfalt und den Reichtum, den Seasonova zu bieten hat, und planen Sie Ihren n\u00e4chsten Familienurlaub mit uns. Wir freuen uns auf Ihren Besuch!<\/p>\n<p style=\"text-align: left;\"><a href=\"https:\/\/vacances-seasonova.com\/de\/\" target=\"_blank\" rel=\"noopener\">Besuchen Sie die Seasonova-Website, um mehr zu erfahren und Ihre Reservierung vorzunehmen.<\/a><\/p>\n<div id=\"metaslider-id-547\" style=\"max-width: 850px;\" class=\"ml-slider-3-61-0 metaslider metaslider-flex metaslider-547 ml-slider ms-theme-default nav-hidden nav-hidden nav-hidden\" role=\"region\" aria-roledescription=\"Slideshow\" aria-label=\"enfant\">\n    <div id=\"metaslider_container_547\">\n        <div id=\"metaslider_547\">\n            <ul aria-live=\"polite\" class=\"slides\">\n                <li style=\"display: block; width: 100%;\" class=\"slide-3464 ms-image \" aria-roledescription=\"slide\" aria-label=\"slide-3464\"><img src=\"https:\/\/vacances-seasonova.com\/wp-content\/uploads\/2017\/07\/enfants-activite-arc-850x500.jpg\" height=\"500\" width=\"850\" alt=\"enfants-activite-arc\" class=\"slider-547 slide-3464\" \/><\/li>\n                <li style=\"display: none; width: 100%;\" class=\"slide-3466 ms-image \" aria-roledescription=\"slide\" aria-label=\"slide-3466\"><img src=\"https:\/\/vacances-seasonova.com\/wp-content\/uploads\/2017\/07\/enfants-mascottte-850x500.jpg\" height=\"500\" width=\"850\" alt=\"\" class=\"slider-547 slide-3466\" \/><\/li>\n                <li style=\"display: none; width: 100%;\" class=\"slide-515 ms-image \" aria-roledescription=\"slide\" aria-label=\"slide-515\"><img src=\"https:\/\/vacances-seasonova.com\/wp-content\/uploads\/2016\/09\/camping_seasonova_randonnees-680x400.jpg\" height=\"500\" width=\"850\" alt=\"camping-seasonova-randonnees\" class=\"slider-547 slide-515\" \/><\/li>\n                <li style=\"display: none; width: 100%;\" class=\"slide-539 ms-image \" aria-roledescription=\"slide\" aria-label=\"slide-539\"><img src=\"https:\/\/vacances-seasonova.com\/wp-content\/uploads\/2016\/09\/aquarev_camping_seasonova-700x411.jpg\" height=\"500\" width=\"850\" alt=\"camping aquarev parc base de loisir\" class=\"slider-547 slide-539\" \/><\/li>\n                <li style=\"display: none; width: 100%;\" class=\"slide-549 ms-image \" aria-roledescription=\"slide\" aria-label=\"slide-549\"><img src=\"https:\/\/vacances-seasonova.com\/wp-content\/uploads\/2016\/09\/camping_portes_alsace_enfant-680x400.jpg\" height=\"500\" width=\"850\" alt=\"camping-portes-alsace-enfant\" class=\"slider-547 slide-549\" \/><\/li>\n                <li style=\"display: none; width: 100%;\" class=\"slide-3468 ms-image \" aria-roledescription=\"slide\" aria-label=\"slide-3468\"><img src=\"https:\/\/vacances-seasonova.com\/wp-content\/uploads\/2017\/07\/enfants-activite-850x500.jpg\" height=\"500\" width=\"850\" alt=\"enfants activite\" class=\"slider-547 slide-3468\" \/><\/li>\n            <\/ul>\n        <\/div>\n        \n    <\/div>\n<\/div>\n<h2 class=\"p1\">F\u00fcr die Kleinsten<\/h2>\n<div class=\"row\">\n<div class=\"col-lg-4 col-md-4 col-sm-4\"><img loading=\"lazy\" class=\"\" src=\"https:\/\/vacances-seasonova.com\/wp-content\/uploads\/2018\/04\/Club-enfant-2.jpg\" alt=\"\" width=\"559\" height=\"315\" \/><\/div>\n<div class=\"col-lg-8 col-md-8 col-sm-8\">\n<p class=\"p1\">Seasonova Campsites tun alles, um Ihren Aufenthalt zu vereinfachen.<\/p>\n<p class=\"p1\">Wir versorgen Sie mit Babyausstattung (Flaschenw\u00e4rmer, Kinderbetten, Wickelauflagen, Badewannen, Kinderzimmer&#8230;), sowie L\u00f6sungen f\u00fcr die Kinderbetreuung.<\/p>\n<p class=\"p1\">Machen Sie sich vor Ihrer Anreise nicht verr\u00fcckt, mit Seasonova wird das Familiencamping quasi neu erfunden, denn wir stellen Ihnen Kinderwagen, Hochst\u00fchle und Kinderanh\u00e4nger und vieles mehr zur Verf\u00fcgung.<\/p>\n<\/div>\n<\/div>\n<h2 class=\"p1\">Ein Moment der Freiheit f\u00fcr die Kinder<\/h2>\n<div class=\"row\">\n<div class=\"col-lg-4 col-md-4 col-sm-4\"><img loading=\"lazy\" class=\"\" src=\"https:\/\/vacances-seasonova.com\/wp-content\/uploads\/2017\/07\/enfant-jeux.jpg\" width=\"562\" height=\"316\" \/><\/div>\n<div class=\"col-lg-8 col-md-8 col-sm-8\">\n<p class=\"p1\">W\u00e4hrend des Familienurlaubs stehen Ihre Kinder im Rampenlicht. Seasonova-Campingpl\u00e4tze haben Schwimmb\u00e4der mit Kinderbecken, Spielpl\u00e4tze, eine Spielothek, p\u00e4dagogische Spiele, Kinderb\u00fccher und Comics.<\/p>\n<p>Da sind die Eltern ganz vergessen, denn die Kinder werden sich schnell mit ihren neuen weiteren Kindern anfreunden.<\/p>\n<\/div>\n<\/div>\n<h2 class=\"p1\">Der Kinderclub<\/h2>\n<div class=\"row\">\n<div class=\"col-lg-4 col-md-4 col-sm-4\"><img loading=\"lazy\" class=\"\" src=\"https:\/\/vacances-seasonova.com\/wp-content\/uploads\/2017\/07\/boy-958457_1920.jpg\" width=\"566\" height=\"377\" \/><\/div>\n<div class=\"col-lg-8 col-md-8 col-sm-8\">\n<p class=\"p1\">Unsere Kinderbetreuer begr\u00fc\u00dfen Ihre Kinder im Alter von 4 bis 10 Jahren im Juli und August von Montag bis Freitag. Mit einem w\u00f6chentlich wechselnden Thema bieten sie ihnen eine ganze Reihe von Aktivit\u00e4ten, die an das Alter und die Sprache (Franz\u00f6sisch, Englisch, Deutsch) der Kinder angepasst sind.<br \/>\nKinderspielpl\u00e4tze: Rutsche, Tischtennis, Volleyballfeld&#8230; Seasonova denkt an alles, damit sich die Kleinen frei entfalten k\u00f6nnen.<\/p>\n<p>Wenn Sie Ihre Kinder betreuen lassen m\u00f6chten, bietet Ihnen unser Partner Babysits eine Babysitter-L\u00f6sung an.<\/p>\n<\/div>\n<\/div>\n<\/div>\n<p><\/p>","protected":false},"excerpt":{"rendered":"<p>Campingpl\u00e4tze speziell f\u00fcr unsere Kinder Seasonova-Campingpl\u00e4tze sind absolut sicher und f\u00fcr Kinder konzipiert. Weil &#8222;die Grundlage des Lernens Erfahrungen sind&#8220;, bieten wir tolle Spielpl\u00e4tze f\u00fcr das [&#8230;]<\/p>\n","protected":false},"author":3,"featured_media":3735,"parent":53,"menu_order":4,"comment_status":"closed","ping_status":"closed","template":"page-sans-titre.php","meta":[],"yoast_head":"<!-- This site is optimized with the Yoast SEO plugin v18.1 - https:\/\/yoast.com\/wordpress\/plugins\/seo\/ -->\n<meta name=\"robots\" content=\"index, follow, max-snippet:-1, max-image-preview:large, max-video-preview:-1\" \/>\n<link rel=\"canonical\" href=\"https:\/\/vacances-seasonova.com\/de\/vacances-en-camping-seasonova\/les-enfants\/\" \/>\n<meta property=\"og:locale\" content=\"de_DE\" \/>\n<meta property=\"og:type\" content=\"article\" \/>\n<meta property=\"og:title\" content=\"Campingpl\u00e4tze f\u00fcr unsere Kinder gemacht - Seasonova\" \/>\n<meta property=\"og:description\" content=\"Campingpl\u00e4tze speziell f\u00fcr unsere Kinder Seasonova-Campingpl\u00e4tze sind absolut sicher und f\u00fcr Kinder konzipiert. Weil &#8222;die Grundlage des Lernens Erfahrungen sind&#8220;, bieten wir tolle Spielpl\u00e4tze f\u00fcr das [...]\" \/>\n<meta property=\"og:url\" content=\"https:\/\/vacances-seasonova.com\/fr\/vacances-en-camping-seasonova\/les-enfants\/\" \/>\n<meta property=\"og:site_name\" content=\"Seasonova\" \/>\n<meta property=\"article:modified_time\" content=\"2025-08-28T14:39:28+00:00\" \/>\n<meta property=\"og:image\" content=\"https:\/\/vacances-seasonova.com\/wp-content\/uploads\/2016\/09\/baniere-enfant-web.jpg\" \/>\n\t<meta property=\"og:image:width\" content=\"4605\" \/>\n\t<meta property=\"og:image:height\" content=\"1228\" \/>\n\t<meta property=\"og:image:type\" content=\"image\/jpeg\" \/>\n<meta name=\"twitter:card\" content=\"summary\" \/>\n<meta name=\"twitter:label1\" content=\"Gesch\u00e4tzte Lesezeit\" \/>\n\t<meta name=\"twitter:data1\" content=\"5 Minuten\" \/>\n<script type=\"application\/ld+json\" class=\"yoast-schema-graph\">{\"@context\":\"https:\/\/schema.org\",\"@graph\":[{\"@type\":\"WebSite\",\"@id\":\"https:\/\/vacances-seasonova.com\/fr\/#website\",\"url\":\"https:\/\/vacances-seasonova.com\/fr\/\",\"name\":\"Seasonova\",\"description\":\"\",\"potentialAction\":[{\"@type\":\"SearchAction\",\"target\":{\"@type\":\"EntryPoint\",\"urlTemplate\":\"https:\/\/vacances-seasonova.com\/fr\/?s={search_term_string}\"},\"query-input\":\"required name=search_term_string\"}],\"inLanguage\":\"de-DE\"},{\"@type\":\"ImageObject\",\"@id\":\"https:\/\/vacances-seasonova.com\/fr\/vacances-en-camping-seasonova\/les-enfants\/#primaryimage\",\"inLanguage\":\"de-DE\",\"url\":\"https:\/\/vacances-seasonova.com\/wp-content\/uploads\/2016\/09\/baniere-enfant-web.jpg\",\"contentUrl\":\"https:\/\/vacances-seasonova.com\/wp-content\/uploads\/2016\/09\/baniere-enfant-web.jpg\",\"width\":4605,\"height\":1228,\"caption\":\"enfant seasonova\"},{\"@type\":\"WebPage\",\"@id\":\"https:\/\/vacances-seasonova.com\/fr\/vacances-en-camping-seasonova\/les-enfants\/#webpage\",\"url\":\"https:\/\/vacances-seasonova.com\/fr\/vacances-en-camping-seasonova\/les-enfants\/\",\"name\":\"Campingpl\u00e4tze f\u00fcr unsere Kinder gemacht - Seasonova\",\"isPartOf\":{\"@id\":\"https:\/\/vacances-seasonova.com\/fr\/#website\"},\"primaryImageOfPage\":{\"@id\":\"https:\/\/vacances-seasonova.com\/fr\/vacances-en-camping-seasonova\/les-enfants\/#primaryimage\"},\"datePublished\":\"2016-09-19T13:15:19+00:00\",\"dateModified\":\"2025-08-28T14:39:28+00:00\",\"breadcrumb\":{\"@id\":\"https:\/\/vacances-seasonova.com\/fr\/vacances-en-camping-seasonova\/les-enfants\/#breadcrumb\"},\"inLanguage\":\"de-DE\",\"potentialAction\":[{\"@type\":\"ReadAction\",\"target\":[\"https:\/\/vacances-seasonova.com\/fr\/vacances-en-camping-seasonova\/les-enfants\/\"]}]},{\"@type\":\"BreadcrumbList\",\"@id\":\"https:\/\/vacances-seasonova.com\/fr\/vacances-en-camping-seasonova\/les-enfants\/#breadcrumb\",\"itemListElement\":[{\"@type\":\"ListItem\",\"position\":1,\"name\":\"Accueil\",\"item\":\"https:\/\/vacances-seasonova.com\/nl\/\"},{\"@type\":\"ListItem\",\"position\":2,\"name\":\"Vacances en camping Seasonova\",\"item\":\"https:\/\/vacances-seasonova.com\/nl\/kampeervakantiein-frankrijk\/\"},{\"@type\":\"ListItem\",\"position\":3,\"name\":\"Des campings pens\u00e9s pour nos enfants\"}]}]}<\/script>\n<!-- \/ Yoast SEO plugin. -->","yoast_head_json":{"robots":{"index":"index","follow":"follow","max-snippet":"max-snippet:-1","max-image-preview":"max-image-preview:large","max-video-preview":"max-video-preview:-1"},"canonical":"https:\/\/vacances-seasonova.com\/de\/vacances-en-camping-seasonova\/les-enfants\/","og_locale":"de_DE","og_type":"article","og_title":"Campingpl\u00e4tze f\u00fcr unsere Kinder gemacht - Seasonova","og_description":"Campingpl\u00e4tze speziell f\u00fcr unsere Kinder Seasonova-Campingpl\u00e4tze sind absolut sicher und f\u00fcr Kinder konzipiert. Weil &#8222;die Grundlage des Lernens Erfahrungen sind&#8220;, bieten wir tolle Spielpl\u00e4tze f\u00fcr das [...]","og_url":"https:\/\/vacances-seasonova.com\/fr\/vacances-en-camping-seasonova\/les-enfants\/","og_site_name":"Seasonova","article_modified_time":"2025-08-28T14:39:28+00:00","og_image":[{"width":4605,"height":1228,"url":"https:\/\/vacances-seasonova.com\/wp-content\/uploads\/2016\/09\/baniere-enfant-web.jpg","type":"image\/jpeg"}],"twitter_card":"summary","twitter_misc":{"Gesch\u00e4tzte Lesezeit":"5 Minuten"},"schema":{"@context":"https:\/\/schema.org","@graph":[{"@type":"WebSite","@id":"https:\/\/vacances-seasonova.com\/fr\/#website","url":"https:\/\/vacances-seasonova.com\/fr\/","name":"Seasonova","description":"","potentialAction":[{"@type":"SearchAction","target":{"@type":"EntryPoint","urlTemplate":"https:\/\/vacances-seasonova.com\/fr\/?s={search_term_string}"},"query-input":"required name=search_term_string"}],"inLanguage":"de-DE"},{"@type":"ImageObject","@id":"https:\/\/vacances-seasonova.com\/fr\/vacances-en-camping-seasonova\/les-enfants\/#primaryimage","inLanguage":"de-DE","url":"https:\/\/vacances-seasonova.com\/wp-content\/uploads\/2016\/09\/baniere-enfant-web.jpg","contentUrl":"https:\/\/vacances-seasonova.com\/wp-content\/uploads\/2016\/09\/baniere-enfant-web.jpg","width":4605,"height":1228,"caption":"enfant seasonova"},{"@type":"WebPage","@id":"https:\/\/vacances-seasonova.com\/fr\/vacances-en-camping-seasonova\/les-enfants\/#webpage","url":"https:\/\/vacances-seasonova.com\/fr\/vacances-en-camping-seasonova\/les-enfants\/","name":"Campingpl\u00e4tze f\u00fcr unsere Kinder gemacht - Seasonova","isPartOf":{"@id":"https:\/\/vacances-seasonova.com\/fr\/#website"},"primaryImageOfPage":{"@id":"https:\/\/vacances-seasonova.com\/fr\/vacances-en-camping-seasonova\/les-enfants\/#primaryimage"},"datePublished":"2016-09-19T13:15:19+00:00","dateModified":"2025-08-28T14:39:28+00:00","breadcrumb":{"@id":"https:\/\/vacances-seasonova.com\/fr\/vacances-en-camping-seasonova\/les-enfants\/#breadcrumb"},"inLanguage":"de-DE","potentialAction":[{"@type":"ReadAction","target":["https:\/\/vacances-seasonova.com\/fr\/vacances-en-camping-seasonova\/les-enfants\/"]}]},{"@type":"BreadcrumbList","@id":"https:\/\/vacances-seasonova.com\/fr\/vacances-en-camping-seasonova\/les-enfants\/#breadcrumb","itemListElement":[{"@type":"ListItem","position":1,"name":"Accueil","item":"https:\/\/vacances-seasonova.com\/nl\/"},{"@type":"ListItem","position":2,"name":"Vacances en camping Seasonova","item":"https:\/\/vacances-seasonova.com\/nl\/kampeervakantiein-frankrijk\/"},{"@type":"ListItem","position":3,"name":"Des campings pens\u00e9s pour nos enfants"}]}]}},"_links":{"self":[{"href":"https:\/\/vacances-seasonova.com\/de\/wp-json\/wp\/v2\/pages\/83"}],"collection":[{"href":"https:\/\/vacances-seasonova.com\/de\/wp-json\/wp\/v2\/pages"}],"about":[{"href":"https:\/\/vacances-seasonova.com\/de\/wp-json\/wp\/v2\/types\/page"}],"author":[{"embeddable":true,"href":"https:\/\/vacances-seasonova.com\/de\/wp-json\/wp\/v2\/users\/3"}],"replies":[{"embeddable":true,"href":"https:\/\/vacances-seasonova.com\/de\/wp-json\/wp\/v2\/comments?post=83"}],"version-history":[{"count":46,"href":"https:\/\/vacances-seasonova.com\/de\/wp-json\/wp\/v2\/pages\/83\/revisions"}],"predecessor-version":[{"id":51781,"href":"https:\/\/vacances-seasonova.com\/de\/wp-json\/wp\/v2\/pages\/83\/revisions\/51781"}],"up":[{"embeddable":true,"href":"https:\/\/vacances-seasonova.com\/de\/wp-json\/wp\/v2\/pages\/53"}],"wp:featuredmedia":[{"embeddable":true,"href":"https:\/\/vacances-seasonova.com\/de\/wp-json\/wp\/v2\/media\/3735"}],"wp:attachment":[{"href":"https:\/\/vacances-seasonova.com\/de\/wp-json\/wp\/v2\/media?parent=83"}],"curies":[{"name":"wp","href":"https:\/\/api.w.org\/{rel}","templated":true}]}}