    {"id":85,"date":"2016-09-19T14:16:07","date_gmt":"2016-09-19T13:16:07","guid":{"rendered":"http:\/\/vacances-seasonova.com\/?page_id=85"},"modified":"2025-08-28T16:34:21","modified_gmt":"2025-08-28T14:34:21","slug":"les-espaces-baignades","status":"publish","type":"page","link":"https:\/\/vacances-seasonova.com\/de\/campingurlaub-mit-seasonova\/campingplaetze-mit-schwimmbad\/","title":{"rendered":"Campings avec piscine"},"content":{"rendered":"<p><\/p>\n<h2 class=\"p1\" style=\"text-align: justify;\">Ihr perfektes Urlaubserlebnis: Campingpl\u00e4tze mit traumhaften Schwimmb\u00e4dern<\/h2>\n<p style=\"text-align: center;\"><div id=\"metaslider-id-548\" style=\"max-width: 850px;\" class=\"ml-slider-3-61-0 metaslider metaslider-flex metaslider-548 ml-slider ms-theme-default\" role=\"region\" aria-roledescription=\"Slideshow\" aria-label=\"baignade\">\n    <div id=\"metaslider_container_548\">\n        <div id=\"metaslider_548\">\n            <ul aria-live=\"polite\" class=\"slides\">\n                <li style=\"display: block; width: 100%;\" class=\"slide-3521 ms-image \" aria-roledescription=\"slide\" aria-label=\"slide-3521\"><img src=\"https:\/\/vacances-seasonova.com\/wp-content\/uploads\/2017\/07\/Le-Point-Du-Jour-1.png\" height=\"500\" width=\"850\" alt=\"\" class=\"slider-548 slide-3521\" \/><\/li>\n                <li style=\"display: none; width: 100%;\" class=\"slide-3502 ms-image \" aria-roledescription=\"slide\" aria-label=\"slide-3502\"><img src=\"https:\/\/vacances-seasonova.com\/wp-content\/uploads\/2017\/07\/etennemare-1.png\" height=\"500\" width=\"850\" alt=\"\" class=\"slider-548 slide-3502\" \/><\/li>\n                <li style=\"display: none; width: 100%;\" class=\"slide-3500 ms-image \" aria-roledescription=\"slide\" aria-label=\"slide-3500\"><img src=\"https:\/\/vacances-seasonova.com\/wp-content\/uploads\/2017\/07\/lesMouettes-850x500.png\" height=\"500\" width=\"850\" alt=\"\" class=\"slider-548 slide-3500\" \/><\/li>\n                <li style=\"display: none; width: 100%;\" class=\"slide-3509 ms-image \" aria-roledescription=\"slide\" aria-label=\"slide-3509\"><img src=\"https:\/\/vacances-seasonova.com\/wp-content\/uploads\/2017\/07\/portes_alsaces-850x500.png\" height=\"500\" width=\"850\" alt=\"portes_alsaces\" class=\"slider-548 slide-3509\" \/><\/li>\n                <li style=\"display: none; width: 100%;\" class=\"slide-3515 ms-image \" aria-roledescription=\"slide\" aria-label=\"slide-3515\"><img src=\"https:\/\/vacances-seasonova.com\/wp-content\/uploads\/2017\/07\/photo-piscine-decouverte-3-1-scaled-850x500.jpg\" height=\"500\" width=\"850\" alt=\"camping_Les-7-Iles\" class=\"slider-548 slide-3515\" \/><\/li>\n            <\/ul>\n        <\/div>\n        \n    <\/div>\n<\/div><\/p>\n<p class=\"p1\">Ob Sie mit der Familie reisen oder einfach nur entspannen und sich an hei\u00dfen Sommertagen abk\u00fchlen m\u00f6chten, die Schwimmb\u00e4der auf unseren Campingpl\u00e4tzen in Frankreich bieten Erfrischung und Spa\u00df f\u00fcr alle Camper. Von gro\u00dfen, beheizten Pools mit Rutschen und Wasserf\u00e4llen bis hin zu ruhigen, abgeschiedenen Pools inmitten von Gr\u00fcn &#8211; hier ist f\u00fcr jeden etwas dabei. Genie\u00dfen Sie ein erfrischendes Bad, entspannen Sie auf einer Liege am Poolrand oder spielen Sie eine Partie im Wasser. Die Schwimmb\u00e4der sind eine willkommene Erg\u00e4nzung zum Campingerlebnis in Frankreich und sorgen f\u00fcr Spa\u00df und Erfrischung f\u00fcr die ganze Familie.<\/p>\n<p>Die Schwimmb\u00e4der sind gesichert und verf\u00fcgen \u00fcber einen Whirlpoolbereich und ein Kinderbecken zur Freude der Kleinen und zur Entspannung der Eltern.<\/p>\n<p><strong>Hier finden Sie unsere Campingpl\u00e4tze mit beheiztem Schwimmbad, f\u00fcr den besten Komfort die ganze Saison \u00fcber:<\/strong><\/p>\n<ul>\n<li class=\"p1\">Auf<span class=\"Apple-converted-space\">\u00a0<\/span><a href=\"https:\/\/vacances-seasonova.com\/camping\/camping-le-point-du-jour\/\">Camping Le Point du jour \u00e0 Merville Franceville Plage &#8211; Calvados &#8211; Normandie<\/a><\/li>\n<li class=\"p1\">Auf<span class=\"Apple-converted-space\">\u00a0<\/span><a href=\"https:\/\/vacances-seasonova.com\/camping\/camping-les-mouettes\/\">Camping Les Mouettes \u00e0 Veules les Roses &#8211; Seine maritime &#8211; Normandie<\/a><\/li>\n<li class=\"p1\">Auf <a href=\"https:\/\/vacances-seasonova.com\/camping\/camping-les-portes-dalsace\/\">Camping Les Portes d&#8217;Alsace Camping \u00e0 Saverne &#8211; Bas Rhin &#8211; Alsace<\/a><\/li>\n<li class=\"p1\">Auf <a href=\"https:\/\/vacances-seasonova.com\/camping\/camping-les-plages-de-loire\/\">Camping Les Plages de Loire Camping \u00e0 Rochefort sur Loire Pays de Loire<\/a><\/li>\n<li class=\"p1\">Auf <a href=\"https:\/\/vacances-seasonova.com\/camping\/camping-etennemare\/\">Camping d&#8217;Etennemare \u00e0 Saint Val\u00e9ry en Caux- Seine Maritime &#8211; Normandie<\/a><\/li>\n<li class=\"p1\">Auf <a href=\"https:\/\/vacances-seasonova.com\/camping\/camping-les-7-iles\/\">Camping des 7 Iles \u00e0 Tr\u00e9l\u00e9vern-Bretagne<\/a><\/li>\n<\/ul>\n<h2 class=\"p1\">Natur pur: Genie\u00dfen Sie Camping an malerischen Str\u00e4nden und Flusslandschaften<\/h2>\n<p>Auf verschiedenen Campingpl\u00e4tzen von Seasonova haben Sie auch die M\u00f6glichkeit, in nat\u00fcrlichen Gew\u00e4ssern zu schwimmen, wie zum Beispiel im Meer, einem See oder einem Fluss. Genie\u00dfen Sie die Erfrischung des Wassers und entscheiden Sie sich f\u00fcr einen Tag voller Planschen in nat\u00fcrlichen Gew\u00e4ssern. Lassen Sie sich von den azurblauen Wassern verzaubern, sp\u00fcren Sie den weichen Sand zwischen Ihren Zehen und genie\u00dfen Sie die belebenden Wellen, die \u00fcber Sie hinwegrollen.<\/p>\n<h3 class=\"p1\">Erkunden Sie die atemberaubende Sch\u00f6nheit der Normandie-K\u00fcste<\/h3>\n<p>Frankreich ist gesegnet mit herrlichen K\u00fcsten und bietet Campern die M\u00f6glichkeit, das erfrischende Baden im Meer zu genie\u00dfen. Entscheiden Sie sich f\u00fcr ein Wochenende in der Normandie und erleben Sie die feinen Sandstr\u00e4nde von Merville-Franceville Plage oder die Kieselstr\u00e4nde von Veules-les-Roses oder Saint-Valery-en-Caux. Unsere im Juli und August bewachten Str\u00e4nde garantieren Spa\u00df f\u00fcr Gro\u00df und Klein.<\/p>\n<p class=\"p1\"><strong>Erleben Sie die C\u00f4te Fleurie und die Alabasterk\u00fcste:<\/strong><\/p>\n<ul>\n<li class=\"p1\">Auf <a href=\"https:\/\/vacances-seasonova.com\/camping\/camping-le-point-du-jour\/\">Camping de Merville-Franceville, Le point du Jour<\/a> (Calvados)<\/li>\n<li class=\"p1\">Auf <a href=\"https:\/\/vacances-seasonova.com\/camping\/camping-etennemare\/\">Camping de Saint-Valerie-en-Caux, \u00c9tennemare<\/a> (Seine-Maritime)<\/li>\n<li class=\"p1\">Auf <a href=\"https:\/\/vacances-seasonova.com\/camping\/camping-les-mouettes\/\">Camping de Veules-les-Roses, Les Mouettes<\/a> (Seine-Maritime)<\/li>\n<\/ul>\n<p><\/p>","protected":false},"excerpt":{"rendered":"<p>Ihr perfektes Urlaubserlebnis: Campingpl\u00e4tze mit traumhaften Schwimmb\u00e4dern Ob Sie mit der Familie reisen oder einfach nur entspannen und sich an hei\u00dfen Sommertagen abk\u00fchlen m\u00f6chten, die Schwimmb\u00e4der auf unseren [&#8230;]<\/p>\n","protected":false},"author":3,"featured_media":25987,"parent":53,"menu_order":5,"comment_status":"closed","ping_status":"closed","template":"page.php","meta":[],"yoast_head":"<!-- This site is optimized with the Yoast SEO plugin v18.1 - https:\/\/yoast.com\/wordpress\/plugins\/seo\/ -->\n<meta name=\"robots\" content=\"index, follow, max-snippet:-1, max-image-preview:large, max-video-preview:-1\" \/>\n<link rel=\"canonical\" href=\"https:\/\/vacances-seasonova.com\/de\/kampeervakantiein-frankrijk\/campings-met-zwembad-normandie-bretagne-elzas-ile-de-re\/\" \/>\n<meta property=\"og:locale\" content=\"de_DE\" \/>\n<meta property=\"og:type\" content=\"article\" \/>\n<meta property=\"og:title\" content=\"Campingpl\u00e4tze mit Schwimmbad - Seasonova\" \/>\n<meta property=\"og:description\" content=\"Ihr perfektes Urlaubserlebnis: Campingpl\u00e4tze mit traumhaften Schwimmb\u00e4dern Ob Sie mit der Familie reisen oder einfach nur entspannen und sich an hei\u00dfen Sommertagen abk\u00fchlen m\u00f6chten, die Schwimmb\u00e4der auf unseren [...]\" \/>\n<meta property=\"og:url\" content=\"https:\/\/vacances-seasonova.com\/nl\/kampeervakantiein-frankrijk\/campings-met-zwembad-normandie-bretagne-elzas-ile-de-re\/\" \/>\n<meta property=\"og:site_name\" content=\"Seasonova\" \/>\n<meta property=\"article:modified_time\" content=\"2025-08-28T14:34:21+00:00\" \/>\n<meta property=\"og:image\" content=\"https:\/\/vacances-seasonova.com\/wp-content\/uploads\/2022\/02\/camping-haliotis_011-scaled.jpg\" \/>\n\t<meta property=\"og:image:width\" content=\"2560\" \/>\n\t<meta property=\"og:image:height\" content=\"1707\" \/>\n\t<meta property=\"og:image:type\" content=\"image\/jpeg\" \/>\n<meta name=\"twitter:card\" content=\"summary\" \/>\n<meta name=\"twitter:label1\" content=\"Gesch\u00e4tzte Lesezeit\" \/>\n\t<meta name=\"twitter:data1\" content=\"6 Minuten\" \/>\n<script type=\"application\/ld+json\" class=\"yoast-schema-graph\">{\"@context\":\"https:\/\/schema.org\",\"@graph\":[{\"@type\":\"WebSite\",\"@id\":\"https:\/\/vacances-seasonova.com\/fr\/#website\",\"url\":\"https:\/\/vacances-seasonova.com\/fr\/\",\"name\":\"Seasonova\",\"description\":\"\",\"potentialAction\":[{\"@type\":\"SearchAction\",\"target\":{\"@type\":\"EntryPoint\",\"urlTemplate\":\"https:\/\/vacances-seasonova.com\/fr\/?s={search_term_string}\"},\"query-input\":\"required name=search_term_string\"}],\"inLanguage\":\"de-DE\"},{\"@type\":\"ImageObject\",\"@id\":\"https:\/\/vacances-seasonova.com\/nl\/kampeervakantiein-frankrijk\/campings-met-zwembad-normandie-bretagne-elzas-ile-de-re\/#primaryimage\",\"inLanguage\":\"de-DE\",\"url\":\"https:\/\/vacances-seasonova.com\/wp-content\/uploads\/2022\/02\/camping-haliotis_011-scaled.jpg\",\"contentUrl\":\"https:\/\/vacances-seasonova.com\/wp-content\/uploads\/2022\/02\/camping-haliotis_011-scaled.jpg\",\"width\":2560,\"height\":1707},{\"@type\":\"WebPage\",\"@id\":\"https:\/\/vacances-seasonova.com\/nl\/kampeervakantiein-frankrijk\/campings-met-zwembad-normandie-bretagne-elzas-ile-de-re\/#webpage\",\"url\":\"https:\/\/vacances-seasonova.com\/nl\/kampeervakantiein-frankrijk\/campings-met-zwembad-normandie-bretagne-elzas-ile-de-re\/\",\"name\":\"Campingpl\u00e4tze mit Schwimmbad - Seasonova\",\"isPartOf\":{\"@id\":\"https:\/\/vacances-seasonova.com\/fr\/#website\"},\"primaryImageOfPage\":{\"@id\":\"https:\/\/vacances-seasonova.com\/nl\/kampeervakantiein-frankrijk\/campings-met-zwembad-normandie-bretagne-elzas-ile-de-re\/#primaryimage\"},\"datePublished\":\"2016-09-19T13:16:07+00:00\",\"dateModified\":\"2025-08-28T14:34:21+00:00\",\"breadcrumb\":{\"@id\":\"https:\/\/vacances-seasonova.com\/nl\/kampeervakantiein-frankrijk\/campings-met-zwembad-normandie-bretagne-elzas-ile-de-re\/#breadcrumb\"},\"inLanguage\":\"de-DE\",\"potentialAction\":[{\"@type\":\"ReadAction\",\"target\":[\"https:\/\/vacances-seasonova.com\/nl\/kampeervakantiein-frankrijk\/campings-met-zwembad-normandie-bretagne-elzas-ile-de-re\/\"]}]},{\"@type\":\"BreadcrumbList\",\"@id\":\"https:\/\/vacances-seasonova.com\/nl\/kampeervakantiein-frankrijk\/campings-met-zwembad-normandie-bretagne-elzas-ile-de-re\/#breadcrumb\",\"itemListElement\":[{\"@type\":\"ListItem\",\"position\":1,\"name\":\"Accueil\",\"item\":\"https:\/\/vacances-seasonova.com\/nl\/\"},{\"@type\":\"ListItem\",\"position\":2,\"name\":\"Vacances en camping Seasonova\",\"item\":\"https:\/\/vacances-seasonova.com\/nl\/kampeervakantiein-frankrijk\/\"},{\"@type\":\"ListItem\",\"position\":3,\"name\":\"Campings avec piscine\"}]}]}<\/script>\n<!-- \/ Yoast SEO plugin. -->","yoast_head_json":{"robots":{"index":"index","follow":"follow","max-snippet":"max-snippet:-1","max-image-preview":"max-image-preview:large","max-video-preview":"max-video-preview:-1"},"canonical":"https:\/\/vacances-seasonova.com\/de\/kampeervakantiein-frankrijk\/campings-met-zwembad-normandie-bretagne-elzas-ile-de-re\/","og_locale":"de_DE","og_type":"article","og_title":"Campingpl\u00e4tze mit Schwimmbad - Seasonova","og_description":"Ihr perfektes Urlaubserlebnis: Campingpl\u00e4tze mit traumhaften Schwimmb\u00e4dern Ob Sie mit der Familie reisen oder einfach nur entspannen und sich an hei\u00dfen Sommertagen abk\u00fchlen m\u00f6chten, die Schwimmb\u00e4der auf unseren [...]","og_url":"https:\/\/vacances-seasonova.com\/nl\/kampeervakantiein-frankrijk\/campings-met-zwembad-normandie-bretagne-elzas-ile-de-re\/","og_site_name":"Seasonova","article_modified_time":"2025-08-28T14:34:21+00:00","og_image":[{"width":2560,"height":1707,"url":"https:\/\/vacances-seasonova.com\/wp-content\/uploads\/2022\/02\/camping-haliotis_011-scaled.jpg","type":"image\/jpeg"}],"twitter_card":"summary","twitter_misc":{"Gesch\u00e4tzte Lesezeit":"6 Minuten"},"schema":{"@context":"https:\/\/schema.org","@graph":[{"@type":"WebSite","@id":"https:\/\/vacances-seasonova.com\/fr\/#website","url":"https:\/\/vacances-seasonova.com\/fr\/","name":"Seasonova","description":"","potentialAction":[{"@type":"SearchAction","target":{"@type":"EntryPoint","urlTemplate":"https:\/\/vacances-seasonova.com\/fr\/?s={search_term_string}"},"query-input":"required name=search_term_string"}],"inLanguage":"de-DE"},{"@type":"ImageObject","@id":"https:\/\/vacances-seasonova.com\/nl\/kampeervakantiein-frankrijk\/campings-met-zwembad-normandie-bretagne-elzas-ile-de-re\/#primaryimage","inLanguage":"de-DE","url":"https:\/\/vacances-seasonova.com\/wp-content\/uploads\/2022\/02\/camping-haliotis_011-scaled.jpg","contentUrl":"https:\/\/vacances-seasonova.com\/wp-content\/uploads\/2022\/02\/camping-haliotis_011-scaled.jpg","width":2560,"height":1707},{"@type":"WebPage","@id":"https:\/\/vacances-seasonova.com\/nl\/kampeervakantiein-frankrijk\/campings-met-zwembad-normandie-bretagne-elzas-ile-de-re\/#webpage","url":"https:\/\/vacances-seasonova.com\/nl\/kampeervakantiein-frankrijk\/campings-met-zwembad-normandie-bretagne-elzas-ile-de-re\/","name":"Campingpl\u00e4tze mit Schwimmbad - Seasonova","isPartOf":{"@id":"https:\/\/vacances-seasonova.com\/fr\/#website"},"primaryImageOfPage":{"@id":"https:\/\/vacances-seasonova.com\/nl\/kampeervakantiein-frankrijk\/campings-met-zwembad-normandie-bretagne-elzas-ile-de-re\/#primaryimage"},"datePublished":"2016-09-19T13:16:07+00:00","dateModified":"2025-08-28T14:34:21+00:00","breadcrumb":{"@id":"https:\/\/vacances-seasonova.com\/nl\/kampeervakantiein-frankrijk\/campings-met-zwembad-normandie-bretagne-elzas-ile-de-re\/#breadcrumb"},"inLanguage":"de-DE","potentialAction":[{"@type":"ReadAction","target":["https:\/\/vacances-seasonova.com\/nl\/kampeervakantiein-frankrijk\/campings-met-zwembad-normandie-bretagne-elzas-ile-de-re\/"]}]},{"@type":"BreadcrumbList","@id":"https:\/\/vacances-seasonova.com\/nl\/kampeervakantiein-frankrijk\/campings-met-zwembad-normandie-bretagne-elzas-ile-de-re\/#breadcrumb","itemListElement":[{"@type":"ListItem","position":1,"name":"Accueil","item":"https:\/\/vacances-seasonova.com\/nl\/"},{"@type":"ListItem","position":2,"name":"Vacances en camping Seasonova","item":"https:\/\/vacances-seasonova.com\/nl\/kampeervakantiein-frankrijk\/"},{"@type":"ListItem","position":3,"name":"Campings avec piscine"}]}]}},"_links":{"self":[{"href":"https:\/\/vacances-seasonova.com\/de\/wp-json\/wp\/v2\/pages\/85"}],"collection":[{"href":"https:\/\/vacances-seasonova.com\/de\/wp-json\/wp\/v2\/pages"}],"about":[{"href":"https:\/\/vacances-seasonova.com\/de\/wp-json\/wp\/v2\/types\/page"}],"author":[{"embeddable":true,"href":"https:\/\/vacances-seasonova.com\/de\/wp-json\/wp\/v2\/users\/3"}],"replies":[{"embeddable":true,"href":"https:\/\/vacances-seasonova.com\/de\/wp-json\/wp\/v2\/comments?post=85"}],"version-history":[{"count":11,"href":"https:\/\/vacances-seasonova.com\/de\/wp-json\/wp\/v2\/pages\/85\/revisions"}],"predecessor-version":[{"id":51772,"href":"https:\/\/vacances-seasonova.com\/de\/wp-json\/wp\/v2\/pages\/85\/revisions\/51772"}],"up":[{"embeddable":true,"href":"https:\/\/vacances-seasonova.com\/de\/wp-json\/wp\/v2\/pages\/53"}],"wp:featuredmedia":[{"embeddable":true,"href":"https:\/\/vacances-seasonova.com\/de\/wp-json\/wp\/v2\/media\/25987"}],"wp:attachment":[{"href":"https:\/\/vacances-seasonova.com\/de\/wp-json\/wp\/v2\/media?parent=85"}],"curies":[{"name":"wp","href":"https:\/\/api.w.org\/{rel}","templated":true}]}}