    {"id":101,"date":"2016-09-20T11:06:03","date_gmt":"2016-09-20T10:06:03","guid":{"rendered":"http:\/\/vacances-seasonova.com\/?page_id=101"},"modified":"2025-08-28T14:48:14","modified_gmt":"2025-08-28T12:48:14","slug":"emplacement-camping-pour-caravane","status":"publish","type":"page","link":"https:\/\/vacances-seasonova.com\/en\/camping-pitches\/camping-site-for-caravans-in-france\/","title":{"rendered":"Caravane"},"content":{"rendered":"<p><\/p>\n<div style=\"text-align: center;\">\n<h2 style=\"text-align: left;\"><strong>Discover our camping pitches for caravans<\/strong><\/h2>\n<p style=\"text-align: left;\">There are those that enjoy a sea view or those boasting the most beautiful vestiges of Alsace, or located on convivial islands or perfectly secluded for more intimacy. Our family camping offer will satisfy all traditional camping enthusiasts and respect nature.<br \/>\n<div id=\"metaslider-id-497\" style=\"max-width: 680px;\" class=\"ml-slider-3-61-0 metaslider metaslider-flex metaslider-497 ml-slider ms-theme-default nav-hidden nav-hidden\" role=\"region\" aria-roledescription=\"Slideshow\" aria-label=\"emplacement authentik\">\n    <div id=\"metaslider_container_497\">\n        <div id=\"metaslider_497\">\n            <ul aria-live=\"polite\" class=\"slides\">\n                <li style=\"display: block; width: 100%;\" class=\"slide-498 ms-image \" aria-roledescription=\"slide\" aria-label=\"slide-498\"><img src=\"https:\/\/vacances-seasonova.com\/wp-content\/uploads\/2016\/09\/camping_authentik_camping_seasonova-578x383.jpg\" height=\"450\" width=\"680\" alt=\"camping-seasonova\" class=\"slider-497 slide-498\" \/><\/li>\n            <\/ul>\n        <\/div>\n        \n    <\/div>\n<\/div><\/p>\n<h2 style=\"text-align: left;\">\u201cComfort\u201d pitches<\/h2>\n<div style=\"text-align: left;\">All Seasonova campsites offer perfectly maintained, wooded, flat and easily accessible pitches. Whether you are in a tent, caravan or camper van, you can avail of pitches ranging from 800 m2 and 200 m2 depending on the campsite.<br \/>\nPerfectly defined or favouring large spaces, you will have an electrical connection (10 A). You will need a 10-metre extension lead and European adapter (on sale at every Seasonova campsite).<\/div>\n<h2 style=\"text-align: left;\">\u201cHigh Comfort\u201d pitches<\/h2>\n<p style=\"text-align: left;\">In addition to the features of our \u201cComfort\u201d pitches, you can benefit from a water inlet mains and water evacuation outlet. You will be able to connect your own sanitary installation to the drainage network.<\/p>\n<div style=\"text-align: left;\">\n<h2 class=\"p1\">Pitches available at the following campsites<\/h2>\n<ul>\n<li class=\"p1\"><a href=\"https:\/\/vacances-seasonova.com\/fr\/camping\/le-point-du-jour\/\">Au Camping Le Point du Jour \u00e0 Merville-Franceville Plage<\/a><\/li>\n<li class=\"p1\"><a href=\"https:\/\/vacances-seasonova.com\/camping\/camping-les-mouettes\/\">Au Camping Les Mouettes \u00e0 Veules-les-Roses<\/a><\/li>\n<li class=\"p1\"><a href=\"https:\/\/vacances-seasonova.com\/fr\/camping\/etennemare\/\">Au Camping d&#8217;Etennemare \u00e0 Saint-Val\u00e9ry-en-Caux<\/a><\/li>\n<li class=\"p1\"><a href=\"https:\/\/vacances-seasonova.com\/camping\/camping-les-plages-de-loire\/\">Au Camping des plages de Loire \u00e0 Rochefort-sur-Loire<\/a><\/li>\n<li class=\"p1\"><a href=\"https:\/\/vacances-seasonova.com\/camping\/camping-aquarev\/\">Au Camping Aquarev \u00e0 Loud\u00e9ac<\/a><\/li>\n<li class=\"p1\"><a href=\"https:\/\/vacances-seasonova.com\/camping\/camping-les-portes-dalsace\/\">Au Camping les Portes d&#8217;Alsace \u00e0 Saverne<\/a><\/li>\n<li class=\"p1\"><a href=\"https:\/\/vacances-seasonova.com\/camping\/camping-les-7-iles\/\">Au Camping Les 7 Iles \u00e0 Trelevern<\/a><\/li>\n<li class=\"p1\"><a href=\"https:\/\/vacances-seasonova.com\/fr\/camping\/le-camping-haliotis\/\">Au Camping Le Haliotis \u00e0 Pontorson<\/a><\/li>\n<li class=\"p1\"><a href=\"https:\/\/vacances-seasonova.com\/fr\/camping\/le-camping-haliotis\/\">Au Camping Le Saint-Michel \u00e0 Courtils<\/a><\/li>\n<li class=\"p1\"><a href=\"https:\/\/vacances-seasonova.com\/fr\/camping\/vesoul\/\">Au Camping Vesoul \u00e0 vaivre et Montoille<\/a><\/li>\n<li class=\"p1\"><a href=\"https:\/\/vacances-seasonova.com\/fr\/camping\/vittel\/\">Au Camping vittel \u00e0 vittel<\/a><\/li>\n<li class=\"p1\"><a href=\"https:\/\/vacances-seasonova.com\/fr\/camping\/oberbronn\/\">Au Camping Les Vosges du Nord \u00e0 Oberbronn<\/a><\/li>\n<li class=\"p1\"><a href=\"https:\/\/vacances-seasonova.com\/fr\/camping\/camping-seasonova-de-la-foret\/\">Au Camping La For\u00eat \u00e0 Sill\u00e9-le-Guillaume<\/a><\/li>\n<li class=\"p1\"><a href=\"https:\/\/vacances-seasonova.com\/fr\/camping\/etang-de-la-vallee\/\">Au Camping L&#8217;\u00c9tang de la vall\u00e9e \u00e0 Combreux<\/a><\/li>\n<li class=\"p1\"><a href=\"https:\/\/vacances-seasonova.com\/fr\/camping\/letang-des-bois\/\">Au Camping L&#8217;\u00c9tang des Bois \u00e0 Vieilles Maisons Sur Joudry <\/a><\/li>\n<\/ul>\n<\/div>\n<\/div>\n<p><\/p>","protected":false},"excerpt":{"rendered":"<p>Discover our camping pitches for caravans There are those that enjoy a sea view or those boasting the most beautiful vestiges of Alsace, or located on convivial islands or perfectly secluded for more intimacy. Our family [&#8230;]<\/p>\n","protected":false},"author":3,"featured_media":663,"parent":64,"menu_order":1,"comment_status":"closed","ping_status":"closed","template":"page.php","meta":[],"yoast_head":"<!-- This site is optimized with the Yoast SEO plugin v18.1 - https:\/\/yoast.com\/wordpress\/plugins\/seo\/ -->\n<meta name=\"description\" content=\"Les Campings Seasonova vous proposerons toujours des emplacement camping pour caravane. D\u00e9couvrez toutes nos destinations nature...\" \/>\n<meta name=\"robots\" content=\"index, follow, max-snippet:-1, max-image-preview:large, max-video-preview:-1\" \/>\n<link rel=\"canonical\" href=\"https:\/\/vacances-seasonova.com\/en\/staanplaatsen\/camping-voor-caravans-in-frankrijk\/\" \/>\n<meta property=\"og:locale\" content=\"en_US\" \/>\n<meta property=\"og:type\" content=\"article\" \/>\n<meta property=\"og:title\" content=\"Emplacement Camping pour caravane\" \/>\n<meta property=\"og:description\" content=\"Les Campings Seasonova vous proposerons toujours des emplacement camping pour caravane. D\u00e9couvrez toutes nos destinations nature...\" \/>\n<meta property=\"og:url\" content=\"https:\/\/vacances-seasonova.com\/nl\/staanplaatsen\/camping-voor-caravans-in-frankrijk\/\" \/>\n<meta property=\"og:site_name\" content=\"Seasonova\" \/>\n<meta property=\"article:modified_time\" content=\"2025-08-28T12:48:14+00:00\" \/>\n<meta property=\"og:image\" content=\"https:\/\/vacances-seasonova.com\/wp-content\/uploads\/2016\/09\/caravanes_camping_seasonova.jpg\" \/>\n\t<meta property=\"og:image:width\" content=\"1480\" \/>\n\t<meta property=\"og:image:height\" content=\"452\" \/>\n\t<meta property=\"og:image:type\" content=\"image\/jpeg\" \/>\n<meta name=\"twitter:card\" content=\"summary\" \/>\n<meta name=\"twitter:label1\" content=\"Est. reading time\" \/>\n\t<meta name=\"twitter:data1\" content=\"2 minutes\" \/>\n<script type=\"application\/ld+json\" class=\"yoast-schema-graph\">{\"@context\":\"https:\/\/schema.org\",\"@graph\":[{\"@type\":\"WebSite\",\"@id\":\"https:\/\/vacances-seasonova.com\/fr\/#website\",\"url\":\"https:\/\/vacances-seasonova.com\/fr\/\",\"name\":\"Seasonova\",\"description\":\"\",\"potentialAction\":[{\"@type\":\"SearchAction\",\"target\":{\"@type\":\"EntryPoint\",\"urlTemplate\":\"https:\/\/vacances-seasonova.com\/fr\/?s={search_term_string}\"},\"query-input\":\"required name=search_term_string\"}],\"inLanguage\":\"en-US\"},{\"@type\":\"ImageObject\",\"@id\":\"https:\/\/vacances-seasonova.com\/nl\/staanplaatsen\/camping-voor-caravans-in-frankrijk\/#primaryimage\",\"inLanguage\":\"en-US\",\"url\":\"https:\/\/vacances-seasonova.com\/wp-content\/uploads\/2016\/09\/caravanes_camping_seasonova.jpg\",\"contentUrl\":\"https:\/\/vacances-seasonova.com\/wp-content\/uploads\/2016\/09\/caravanes_camping_seasonova.jpg\",\"width\":1480,\"height\":452,\"caption\":\"caravanes_camping_seasonova\"},{\"@type\":\"WebPage\",\"@id\":\"https:\/\/vacances-seasonova.com\/nl\/staanplaatsen\/camping-voor-caravans-in-frankrijk\/#webpage\",\"url\":\"https:\/\/vacances-seasonova.com\/nl\/staanplaatsen\/camping-voor-caravans-in-frankrijk\/\",\"name\":\"Emplacement Camping pour caravane\",\"isPartOf\":{\"@id\":\"https:\/\/vacances-seasonova.com\/fr\/#website\"},\"primaryImageOfPage\":{\"@id\":\"https:\/\/vacances-seasonova.com\/nl\/staanplaatsen\/camping-voor-caravans-in-frankrijk\/#primaryimage\"},\"datePublished\":\"2016-09-20T10:06:03+00:00\",\"dateModified\":\"2025-08-28T12:48:14+00:00\",\"description\":\"Les Campings Seasonova vous proposerons toujours des emplacement camping pour caravane. D\u00e9couvrez toutes nos destinations nature...\",\"breadcrumb\":{\"@id\":\"https:\/\/vacances-seasonova.com\/nl\/staanplaatsen\/camping-voor-caravans-in-frankrijk\/#breadcrumb\"},\"inLanguage\":\"en-US\",\"potentialAction\":[{\"@type\":\"ReadAction\",\"target\":[\"https:\/\/vacances-seasonova.com\/nl\/staanplaatsen\/camping-voor-caravans-in-frankrijk\/\"]}]},{\"@type\":\"BreadcrumbList\",\"@id\":\"https:\/\/vacances-seasonova.com\/nl\/staanplaatsen\/camping-voor-caravans-in-frankrijk\/#breadcrumb\",\"itemListElement\":[{\"@type\":\"ListItem\",\"position\":1,\"name\":\"Accueil\",\"item\":\"https:\/\/vacances-seasonova.com\/nl\/\"},{\"@type\":\"ListItem\",\"position\":2,\"name\":\"Emplacement\",\"item\":\"https:\/\/vacances-seasonova.com\/en\/camping-pitches\/\"},{\"@type\":\"ListItem\",\"position\":3,\"name\":\"Caravane\"}]}]}<\/script>\n<!-- \/ Yoast SEO plugin. -->","yoast_head_json":{"description":"Les Campings Seasonova vous proposerons toujours des emplacement camping pour caravane. D\u00e9couvrez toutes nos destinations nature...","robots":{"index":"index","follow":"follow","max-snippet":"max-snippet:-1","max-image-preview":"max-image-preview:large","max-video-preview":"max-video-preview:-1"},"canonical":"https:\/\/vacances-seasonova.com\/en\/staanplaatsen\/camping-voor-caravans-in-frankrijk\/","og_locale":"en_US","og_type":"article","og_title":"Emplacement Camping pour caravane","og_description":"Les Campings Seasonova vous proposerons toujours des emplacement camping pour caravane. D\u00e9couvrez toutes nos destinations nature...","og_url":"https:\/\/vacances-seasonova.com\/nl\/staanplaatsen\/camping-voor-caravans-in-frankrijk\/","og_site_name":"Seasonova","article_modified_time":"2025-08-28T12:48:14+00:00","og_image":[{"width":1480,"height":452,"url":"https:\/\/vacances-seasonova.com\/wp-content\/uploads\/2016\/09\/caravanes_camping_seasonova.jpg","type":"image\/jpeg"}],"twitter_card":"summary","twitter_misc":{"Est. reading time":"2 minutes"},"schema":{"@context":"https:\/\/schema.org","@graph":[{"@type":"WebSite","@id":"https:\/\/vacances-seasonova.com\/fr\/#website","url":"https:\/\/vacances-seasonova.com\/fr\/","name":"Seasonova","description":"","potentialAction":[{"@type":"SearchAction","target":{"@type":"EntryPoint","urlTemplate":"https:\/\/vacances-seasonova.com\/fr\/?s={search_term_string}"},"query-input":"required name=search_term_string"}],"inLanguage":"en-US"},{"@type":"ImageObject","@id":"https:\/\/vacances-seasonova.com\/nl\/staanplaatsen\/camping-voor-caravans-in-frankrijk\/#primaryimage","inLanguage":"en-US","url":"https:\/\/vacances-seasonova.com\/wp-content\/uploads\/2016\/09\/caravanes_camping_seasonova.jpg","contentUrl":"https:\/\/vacances-seasonova.com\/wp-content\/uploads\/2016\/09\/caravanes_camping_seasonova.jpg","width":1480,"height":452,"caption":"caravanes_camping_seasonova"},{"@type":"WebPage","@id":"https:\/\/vacances-seasonova.com\/nl\/staanplaatsen\/camping-voor-caravans-in-frankrijk\/#webpage","url":"https:\/\/vacances-seasonova.com\/nl\/staanplaatsen\/camping-voor-caravans-in-frankrijk\/","name":"Emplacement Camping pour caravane","isPartOf":{"@id":"https:\/\/vacances-seasonova.com\/fr\/#website"},"primaryImageOfPage":{"@id":"https:\/\/vacances-seasonova.com\/nl\/staanplaatsen\/camping-voor-caravans-in-frankrijk\/#primaryimage"},"datePublished":"2016-09-20T10:06:03+00:00","dateModified":"2025-08-28T12:48:14+00:00","description":"Les Campings Seasonova vous proposerons toujours des emplacement camping pour caravane. D\u00e9couvrez toutes nos destinations nature...","breadcrumb":{"@id":"https:\/\/vacances-seasonova.com\/nl\/staanplaatsen\/camping-voor-caravans-in-frankrijk\/#breadcrumb"},"inLanguage":"en-US","potentialAction":[{"@type":"ReadAction","target":["https:\/\/vacances-seasonova.com\/nl\/staanplaatsen\/camping-voor-caravans-in-frankrijk\/"]}]},{"@type":"BreadcrumbList","@id":"https:\/\/vacances-seasonova.com\/nl\/staanplaatsen\/camping-voor-caravans-in-frankrijk\/#breadcrumb","itemListElement":[{"@type":"ListItem","position":1,"name":"Accueil","item":"https:\/\/vacances-seasonova.com\/nl\/"},{"@type":"ListItem","position":2,"name":"Emplacement","item":"https:\/\/vacances-seasonova.com\/en\/camping-pitches\/"},{"@type":"ListItem","position":3,"name":"Caravane"}]}]}},"_links":{"self":[{"href":"https:\/\/vacances-seasonova.com\/en\/wp-json\/wp\/v2\/pages\/101"}],"collection":[{"href":"https:\/\/vacances-seasonova.com\/en\/wp-json\/wp\/v2\/pages"}],"about":[{"href":"https:\/\/vacances-seasonova.com\/en\/wp-json\/wp\/v2\/types\/page"}],"author":[{"embeddable":true,"href":"https:\/\/vacances-seasonova.com\/en\/wp-json\/wp\/v2\/users\/3"}],"replies":[{"embeddable":true,"href":"https:\/\/vacances-seasonova.com\/en\/wp-json\/wp\/v2\/comments?post=101"}],"version-history":[{"count":14,"href":"https:\/\/vacances-seasonova.com\/en\/wp-json\/wp\/v2\/pages\/101\/revisions"}],"predecessor-version":[{"id":51727,"href":"https:\/\/vacances-seasonova.com\/en\/wp-json\/wp\/v2\/pages\/101\/revisions\/51727"}],"up":[{"embeddable":true,"href":"https:\/\/vacances-seasonova.com\/en\/wp-json\/wp\/v2\/pages\/64"}],"wp:featuredmedia":[{"embeddable":true,"href":"https:\/\/vacances-seasonova.com\/en\/wp-json\/wp\/v2\/media\/663"}],"wp:attachment":[{"href":"https:\/\/vacances-seasonova.com\/en\/wp-json\/wp\/v2\/media?parent=101"}],"curies":[{"name":"wp","href":"https:\/\/api.w.org\/{rel}","templated":true}]}}