    {"id":127,"date":"2016-09-20T11:48:51","date_gmt":"2016-09-20T10:48:51","guid":{"rendered":"http:\/\/vacances-seasonova.com\/?page_id=127"},"modified":"2021-10-04T09:41:14","modified_gmt":"2021-10-04T07:41:14","slug":"astuces-camping","status":"publish","type":"page","link":"https:\/\/vacances-seasonova.com\/en\/practical-information\/camping-tips-all-about-camping-in-france\/","title":{"rendered":"Astuces camping"},"content":{"rendered":"<p class=\"qtranxs-available-languages-message qtranxs-available-languages-message-en\">Sorry, this entry is only available in <a href=\"https:\/\/vacances-seasonova.com\/fr\/wp-json\/wp\/v2\/pages\/127\" class=\"qtranxs-available-language-link qtranxs-available-language-link-fr\" title=\"Fran\u00e7ais\">French<\/a>, <a href=\"https:\/\/vacances-seasonova.com\/de\/wp-json\/wp\/v2\/pages\/127\" class=\"qtranxs-available-language-link qtranxs-available-language-link-de\" title=\"Deutsch\">German<\/a> and <a href=\"https:\/\/vacances-seasonova.com\/nl\/wp-json\/wp\/v2\/pages\/127\" class=\"qtranxs-available-language-link qtranxs-available-language-link-nl\" title=\"Nederlands\">Dutch<\/a>.<\/p><p><\/p>\n<h2>Pour rester au frais<\/h2>\n<p>Congelez des bidons ou des bouteilles d\u2019eau et mettez-les dans votre glaci\u00e8re. Le b\u00e9n\u00e9fice est double\u00a0: cela vous permettra de garder vos aliments au frais et vous aurez en plus de l\u2019eau fra\u00eeche \u00e0 consommer pour plus tard. Les petites astuces camping : les emballer dans un film ou un sac plastique pour que la glace dure plus longtemps.<\/p>\n<h2>Une lampe pour votre tente\u00a0?<\/h2>\n<p>Une mani\u00e8re surprenante mais efficace et peu co\u00fbteuse d\u2019\u00e9clairer votre tente r\u00e9sulte d\u2019un bricolage tout simple. Il vous suffit d\u2019attacher une lampe torche \u00e0 un bidon rempli d\u2019eau pour que la tente s\u2019illumine. Effet garanti\u00a0!<\/p>\n<p><img loading=\"lazy\" class=\"size-medium wp-image-1541 aligncenter\" src=\"https:\/\/vacances-seasonova.com\/wp-content\/uploads\/2016\/09\/bidon-300x169.jpg\" alt=\"bidon\" width=\"300\" height=\"169\" srcset=\"https:\/\/vacances-seasonova.com\/wp-content\/uploads\/2016\/09\/bidon-300x169.jpg 300w, https:\/\/vacances-seasonova.com\/wp-content\/uploads\/2016\/09\/bidon-768x432.jpg 768w, https:\/\/vacances-seasonova.com\/wp-content\/uploads\/2016\/09\/bidon-800x450.jpg 800w, https:\/\/vacances-seasonova.com\/wp-content\/uploads\/2016\/09\/bidon-600x337.jpg 600w, https:\/\/vacances-seasonova.com\/wp-content\/uploads\/2016\/09\/bidon.jpg 900w\" sizes=\"(max-width: 300px) 100vw, 300px\" \/><\/p>\n<h2>Nota bene pour nos amis en tente.<\/h2>\n<p>On n\u2019y pense pas vraiment quand on installe sa tente sur son emplacement apr\u00e8s un long trajet et qu\u2019on a une seule chose en t\u00eate\u00a0: se reposer et profiter du soleil\u00a0! Mais parmi nos astuces camping, placez votre tente \u00e0 un endroit ombrag\u00e9. Cela vous \u00e9vitera la sensation pas tr\u00e8s agr\u00e9able d\u2019\u00eatre r\u00e9veill\u00e9 \u00e0 7h30 en \u00e9touffant parce que la tente est en plein soleil.<\/p>","protected":false},"excerpt":{"rendered":"<p>Sorry, this entry is only available in French, German and Dutch. Pour rester au frais Congelez des bidons ou des bouteilles d\u2019eau et mettez-les dans votre glaci\u00e8re. Le b\u00e9n\u00e9fice est double\u00a0: cela vous permettra de [&#8230;]<\/p>\n","protected":false},"author":3,"featured_media":678,"parent":66,"menu_order":5,"comment_status":"closed","ping_status":"closed","template":"page.php","meta":[],"yoast_head":"<!-- This site is optimized with the Yoast SEO plugin v18.1 - https:\/\/yoast.com\/wordpress\/plugins\/seo\/ -->\n<meta name=\"robots\" content=\"index, follow, max-snippet:-1, max-image-preview:large, max-video-preview:-1\" \/>\n<link rel=\"canonical\" href=\"https:\/\/vacances-seasonova.com\/en\/praktische-informatie\/tips-voor-het-kamperen-alles-over-kamperen-in-frankrijk\/\" \/>\n<meta property=\"og:locale\" content=\"en_US\" \/>\n<meta property=\"og:type\" content=\"article\" \/>\n<meta property=\"og:title\" content=\"Astuces camping - Seasonova\" \/>\n<meta property=\"og:description\" content=\"Sorry, this entry is only available in French, German and Dutch. Pour rester au frais Congelez des bidons ou des bouteilles d\u2019eau et mettez-les dans votre glaci\u00e8re. Le b\u00e9n\u00e9fice est double\u00a0: cela vous permettra de [...]\" \/>\n<meta property=\"og:url\" content=\"https:\/\/vacances-seasonova.com\/nl\/praktische-informatie\/tips-voor-het-kamperen-alles-over-kamperen-in-frankrijk\/\" \/>\n<meta property=\"og:site_name\" content=\"Seasonova\" \/>\n<meta property=\"article:modified_time\" content=\"2021-10-04T07:41:14+00:00\" \/>\n<meta property=\"og:image\" content=\"https:\/\/vacances-seasonova.com\/wp-content\/uploads\/2016\/09\/ecolodge_camping_seasonova.jpg\" \/>\n\t<meta property=\"og:image:width\" content=\"1480\" \/>\n\t<meta property=\"og:image:height\" content=\"467\" \/>\n\t<meta property=\"og:image:type\" content=\"image\/jpeg\" \/>\n<meta name=\"twitter:card\" content=\"summary\" \/>\n<meta name=\"twitter:label1\" content=\"Est. reading time\" \/>\n\t<meta name=\"twitter:data1\" content=\"3 minutes\" \/>\n<script type=\"application\/ld+json\" class=\"yoast-schema-graph\">{\"@context\":\"https:\/\/schema.org\",\"@graph\":[{\"@type\":\"WebSite\",\"@id\":\"https:\/\/vacances-seasonova.com\/fr\/#website\",\"url\":\"https:\/\/vacances-seasonova.com\/fr\/\",\"name\":\"Seasonova\",\"description\":\"\",\"potentialAction\":[{\"@type\":\"SearchAction\",\"target\":{\"@type\":\"EntryPoint\",\"urlTemplate\":\"https:\/\/vacances-seasonova.com\/fr\/?s={search_term_string}\"},\"query-input\":\"required name=search_term_string\"}],\"inLanguage\":\"en-US\"},{\"@type\":\"ImageObject\",\"@id\":\"https:\/\/vacances-seasonova.com\/nl\/praktische-informatie\/tips-voor-het-kamperen-alles-over-kamperen-in-frankrijk\/#primaryimage\",\"inLanguage\":\"en-US\",\"url\":\"https:\/\/vacances-seasonova.com\/wp-content\/uploads\/2016\/09\/ecolodge_camping_seasonova.jpg\",\"contentUrl\":\"https:\/\/vacances-seasonova.com\/wp-content\/uploads\/2016\/09\/ecolodge_camping_seasonova.jpg\",\"width\":1480,\"height\":467,\"caption\":\"ecolodge_camping_seasonova\"},{\"@type\":\"WebPage\",\"@id\":\"https:\/\/vacances-seasonova.com\/nl\/praktische-informatie\/tips-voor-het-kamperen-alles-over-kamperen-in-frankrijk\/#webpage\",\"url\":\"https:\/\/vacances-seasonova.com\/nl\/praktische-informatie\/tips-voor-het-kamperen-alles-over-kamperen-in-frankrijk\/\",\"name\":\"Astuces camping - Seasonova\",\"isPartOf\":{\"@id\":\"https:\/\/vacances-seasonova.com\/fr\/#website\"},\"primaryImageOfPage\":{\"@id\":\"https:\/\/vacances-seasonova.com\/nl\/praktische-informatie\/tips-voor-het-kamperen-alles-over-kamperen-in-frankrijk\/#primaryimage\"},\"datePublished\":\"2016-09-20T10:48:51+00:00\",\"dateModified\":\"2021-10-04T07:41:14+00:00\",\"breadcrumb\":{\"@id\":\"https:\/\/vacances-seasonova.com\/nl\/praktische-informatie\/tips-voor-het-kamperen-alles-over-kamperen-in-frankrijk\/#breadcrumb\"},\"inLanguage\":\"en-US\",\"potentialAction\":[{\"@type\":\"ReadAction\",\"target\":[\"https:\/\/vacances-seasonova.com\/nl\/praktische-informatie\/tips-voor-het-kamperen-alles-over-kamperen-in-frankrijk\/\"]}]},{\"@type\":\"BreadcrumbList\",\"@id\":\"https:\/\/vacances-seasonova.com\/nl\/praktische-informatie\/tips-voor-het-kamperen-alles-over-kamperen-in-frankrijk\/#breadcrumb\",\"itemListElement\":[{\"@type\":\"ListItem\",\"position\":1,\"name\":\"Accueil\",\"item\":\"https:\/\/vacances-seasonova.com\/nl\/\"},{\"@type\":\"ListItem\",\"position\":2,\"name\":\"Praktische Campinginformationen\",\"item\":\"https:\/\/vacances-seasonova.com\/de\/praktische-campinginformationen\/\"},{\"@type\":\"ListItem\",\"position\":3,\"name\":\"Kampeertips\"}]}]}<\/script>\n<!-- \/ Yoast SEO plugin. -->","yoast_head_json":{"robots":{"index":"index","follow":"follow","max-snippet":"max-snippet:-1","max-image-preview":"max-image-preview:large","max-video-preview":"max-video-preview:-1"},"canonical":"https:\/\/vacances-seasonova.com\/en\/praktische-informatie\/tips-voor-het-kamperen-alles-over-kamperen-in-frankrijk\/","og_locale":"en_US","og_type":"article","og_title":"Astuces camping - Seasonova","og_description":"Sorry, this entry is only available in French, German and Dutch. Pour rester au frais Congelez des bidons ou des bouteilles d\u2019eau et mettez-les dans votre glaci\u00e8re. Le b\u00e9n\u00e9fice est double\u00a0: cela vous permettra de [...]","og_url":"https:\/\/vacances-seasonova.com\/nl\/praktische-informatie\/tips-voor-het-kamperen-alles-over-kamperen-in-frankrijk\/","og_site_name":"Seasonova","article_modified_time":"2021-10-04T07:41:14+00:00","og_image":[{"width":1480,"height":467,"url":"https:\/\/vacances-seasonova.com\/wp-content\/uploads\/2016\/09\/ecolodge_camping_seasonova.jpg","type":"image\/jpeg"}],"twitter_card":"summary","twitter_misc":{"Est. reading time":"3 minutes"},"schema":{"@context":"https:\/\/schema.org","@graph":[{"@type":"WebSite","@id":"https:\/\/vacances-seasonova.com\/fr\/#website","url":"https:\/\/vacances-seasonova.com\/fr\/","name":"Seasonova","description":"","potentialAction":[{"@type":"SearchAction","target":{"@type":"EntryPoint","urlTemplate":"https:\/\/vacances-seasonova.com\/fr\/?s={search_term_string}"},"query-input":"required name=search_term_string"}],"inLanguage":"en-US"},{"@type":"ImageObject","@id":"https:\/\/vacances-seasonova.com\/nl\/praktische-informatie\/tips-voor-het-kamperen-alles-over-kamperen-in-frankrijk\/#primaryimage","inLanguage":"en-US","url":"https:\/\/vacances-seasonova.com\/wp-content\/uploads\/2016\/09\/ecolodge_camping_seasonova.jpg","contentUrl":"https:\/\/vacances-seasonova.com\/wp-content\/uploads\/2016\/09\/ecolodge_camping_seasonova.jpg","width":1480,"height":467,"caption":"ecolodge_camping_seasonova"},{"@type":"WebPage","@id":"https:\/\/vacances-seasonova.com\/nl\/praktische-informatie\/tips-voor-het-kamperen-alles-over-kamperen-in-frankrijk\/#webpage","url":"https:\/\/vacances-seasonova.com\/nl\/praktische-informatie\/tips-voor-het-kamperen-alles-over-kamperen-in-frankrijk\/","name":"Astuces camping - Seasonova","isPartOf":{"@id":"https:\/\/vacances-seasonova.com\/fr\/#website"},"primaryImageOfPage":{"@id":"https:\/\/vacances-seasonova.com\/nl\/praktische-informatie\/tips-voor-het-kamperen-alles-over-kamperen-in-frankrijk\/#primaryimage"},"datePublished":"2016-09-20T10:48:51+00:00","dateModified":"2021-10-04T07:41:14+00:00","breadcrumb":{"@id":"https:\/\/vacances-seasonova.com\/nl\/praktische-informatie\/tips-voor-het-kamperen-alles-over-kamperen-in-frankrijk\/#breadcrumb"},"inLanguage":"en-US","potentialAction":[{"@type":"ReadAction","target":["https:\/\/vacances-seasonova.com\/nl\/praktische-informatie\/tips-voor-het-kamperen-alles-over-kamperen-in-frankrijk\/"]}]},{"@type":"BreadcrumbList","@id":"https:\/\/vacances-seasonova.com\/nl\/praktische-informatie\/tips-voor-het-kamperen-alles-over-kamperen-in-frankrijk\/#breadcrumb","itemListElement":[{"@type":"ListItem","position":1,"name":"Accueil","item":"https:\/\/vacances-seasonova.com\/nl\/"},{"@type":"ListItem","position":2,"name":"Praktische Campinginformationen","item":"https:\/\/vacances-seasonova.com\/de\/praktische-campinginformationen\/"},{"@type":"ListItem","position":3,"name":"Kampeertips"}]}]}},"_links":{"self":[{"href":"https:\/\/vacances-seasonova.com\/en\/wp-json\/wp\/v2\/pages\/127"}],"collection":[{"href":"https:\/\/vacances-seasonova.com\/en\/wp-json\/wp\/v2\/pages"}],"about":[{"href":"https:\/\/vacances-seasonova.com\/en\/wp-json\/wp\/v2\/types\/page"}],"author":[{"embeddable":true,"href":"https:\/\/vacances-seasonova.com\/en\/wp-json\/wp\/v2\/users\/3"}],"replies":[{"embeddable":true,"href":"https:\/\/vacances-seasonova.com\/en\/wp-json\/wp\/v2\/comments?post=127"}],"version-history":[{"count":0,"href":"https:\/\/vacances-seasonova.com\/en\/wp-json\/wp\/v2\/pages\/127\/revisions"}],"up":[{"embeddable":true,"href":"https:\/\/vacances-seasonova.com\/en\/wp-json\/wp\/v2\/pages\/66"}],"wp:featuredmedia":[{"embeddable":true,"href":"https:\/\/vacances-seasonova.com\/en\/wp-json\/wp\/v2\/media\/678"}],"wp:attachment":[{"href":"https:\/\/vacances-seasonova.com\/en\/wp-json\/wp\/v2\/media?parent=127"}],"curies":[{"name":"wp","href":"https:\/\/api.w.org\/{rel}","templated":true}]}}