    {"id":155,"date":"2016-09-20T14:32:32","date_gmt":"2016-09-20T13:32:32","guid":{"rendered":"http:\/\/vacances-seasonova.com\/?page_id=155"},"modified":"2025-08-28T15:06:12","modified_gmt":"2025-08-28T13:06:12","slug":"lodges-location-de-camping-insolite","status":"publish","type":"page","link":"https:\/\/vacances-seasonova.com\/en\/holiday-rental-in-france\/camping-lodge-unusual-accommodation-rental\/","title":{"rendered":"Insolite \u00b7 Glamping"},"content":{"rendered":"<p><\/p>\n<h2>Our lodges, unusual camping rentals<\/h2>\n<p style=\"text-align: justify;\">Our campsites offer different lodges for unusual camping rentals.<br \/>\nFrom the Eco-lodge on stilts to the BungaLodge, a real furnished tent. To find the balance between comfort and nature there is only one step! An original idea to visit Nantes, Alsace, Brittany, Normandy, to discover the banks of the Loire or even <a href=\"https:\/\/vacances-seasonova.com\/camping\/camping-ile-de-re\/\" target=\" _ blank \" rel=\"noopener noreferrer\"> stay on the Ile de R\u00e9. <\/a><\/p>\n<h2 style=\"text-align: center;\">Our Seasonova baskets for a successful picnic<\/h2>\n<p style=\"text-align: center;\"><img loading=\"lazy\" class=\"wp-image-20931 aligncenter\" src=\"https:\/\/vacances-seasonova.com\/wp-content\/uploads\/2023\/05\/panier.png\" alt=\"\" width=\"897\" height=\"596\" \/><br \/>\n<a title=\"Our picnic baskets\" href=\"https:\/\/vacances-seasonova.com\/fr\/nos-paniers-pique-nique\/\"> Find out more <\/a><\/p>\n<p><\/p>","protected":false},"excerpt":{"rendered":"<p>Our lodges, unusual camping rentals Our campsites offer different lodges for unusual camping rentals. From the Eco-lodge on stilts to the BungaLodge, a real furnished tent. To find the balance between comfort and nature [&#8230;]<\/p>\n","protected":false},"author":3,"featured_media":4676,"parent":61,"menu_order":1,"comment_status":"closed","ping_status":"closed","template":"page-les-locations.php","meta":[],"yoast_head":"<!-- This site is optimized with the Yoast SEO plugin v18.1 - https:\/\/yoast.com\/wordpress\/plugins\/seo\/ -->\n<meta name=\"robots\" content=\"index, follow, max-snippet:-1, max-image-preview:large, max-video-preview:-1\" \/>\n<link rel=\"canonical\" href=\"https:\/\/vacances-seasonova.com\/en\/vakantiewoningen-in-frankrijk\/lodge-verhuur-van-aparte-accommodaties\/\" \/>\n<meta property=\"og:locale\" content=\"en_US\" \/>\n<meta property=\"og:type\" content=\"article\" \/>\n<meta property=\"og:title\" content=\"Unusual Stays \u00b7 Glamping - Seasonova\" \/>\n<meta property=\"og:description\" content=\"Our lodges, unusual camping rentals Our campsites offer different lodges for unusual camping rentals. From the Eco-lodge on stilts to the BungaLodge, a real furnished tent. To find the balance between comfort and nature [...]\" \/>\n<meta property=\"og:url\" content=\"https:\/\/vacances-seasonova.com\/nl\/vakantiewoningen-in-frankrijk\/lodge-verhuur-van-aparte-accommodaties\/\" \/>\n<meta property=\"og:site_name\" content=\"Seasonova\" \/>\n<meta property=\"article:modified_time\" content=\"2025-08-28T13:06:12+00:00\" \/>\n<meta property=\"og:image\" content=\"https:\/\/vacances-seasonova.com\/wp-content\/uploads\/2018\/01\/KENYA-CHAMBRE-AU-FOND_EXT_NUIT_1_preview-e1574439137500.jpg\" \/>\n\t<meta property=\"og:image:width\" content=\"1183\" \/>\n\t<meta property=\"og:image:height\" content=\"443\" \/>\n\t<meta property=\"og:image:type\" content=\"image\/jpeg\" \/>\n<meta name=\"twitter:card\" content=\"summary\" \/>\n<meta name=\"twitter:label1\" content=\"Est. reading time\" \/>\n\t<meta name=\"twitter:data1\" content=\"5 minutes\" \/>\n<script type=\"application\/ld+json\" class=\"yoast-schema-graph\">{\"@context\":\"https:\/\/schema.org\",\"@graph\":[{\"@type\":\"WebSite\",\"@id\":\"https:\/\/vacances-seasonova.com\/fr\/#website\",\"url\":\"https:\/\/vacances-seasonova.com\/fr\/\",\"name\":\"Seasonova\",\"description\":\"\",\"potentialAction\":[{\"@type\":\"SearchAction\",\"target\":{\"@type\":\"EntryPoint\",\"urlTemplate\":\"https:\/\/vacances-seasonova.com\/fr\/?s={search_term_string}\"},\"query-input\":\"required name=search_term_string\"}],\"inLanguage\":\"en-US\"},{\"@type\":\"ImageObject\",\"@id\":\"https:\/\/vacances-seasonova.com\/nl\/vakantiewoningen-in-frankrijk\/lodge-verhuur-van-aparte-accommodaties\/#primaryimage\",\"inLanguage\":\"en-US\",\"url\":\"https:\/\/vacances-seasonova.com\/wp-content\/uploads\/2018\/01\/KENYA-CHAMBRE-AU-FOND_EXT_NUIT_1_preview-e1574439137500.jpg\",\"contentUrl\":\"https:\/\/vacances-seasonova.com\/wp-content\/uploads\/2018\/01\/KENYA-CHAMBRE-AU-FOND_EXT_NUIT_1_preview-e1574439137500.jpg\",\"width\":1183,\"height\":443,\"caption\":\"H\u00e9bergement Location Camping Ile de R\u00e9 Portes en R\u00e9\"},{\"@type\":\"WebPage\",\"@id\":\"https:\/\/vacances-seasonova.com\/nl\/vakantiewoningen-in-frankrijk\/lodge-verhuur-van-aparte-accommodaties\/#webpage\",\"url\":\"https:\/\/vacances-seasonova.com\/nl\/vakantiewoningen-in-frankrijk\/lodge-verhuur-van-aparte-accommodaties\/\",\"name\":\"Unusual Stays \u00b7 Glamping - Seasonova\",\"isPartOf\":{\"@id\":\"https:\/\/vacances-seasonova.com\/fr\/#website\"},\"primaryImageOfPage\":{\"@id\":\"https:\/\/vacances-seasonova.com\/nl\/vakantiewoningen-in-frankrijk\/lodge-verhuur-van-aparte-accommodaties\/#primaryimage\"},\"datePublished\":\"2016-09-20T13:32:32+00:00\",\"dateModified\":\"2025-08-28T13:06:12+00:00\",\"breadcrumb\":{\"@id\":\"https:\/\/vacances-seasonova.com\/nl\/vakantiewoningen-in-frankrijk\/lodge-verhuur-van-aparte-accommodaties\/#breadcrumb\"},\"inLanguage\":\"en-US\",\"potentialAction\":[{\"@type\":\"ReadAction\",\"target\":[\"https:\/\/vacances-seasonova.com\/nl\/vakantiewoningen-in-frankrijk\/lodge-verhuur-van-aparte-accommodaties\/\"]}]},{\"@type\":\"BreadcrumbList\",\"@id\":\"https:\/\/vacances-seasonova.com\/nl\/vakantiewoningen-in-frankrijk\/lodge-verhuur-van-aparte-accommodaties\/#breadcrumb\",\"itemListElement\":[{\"@type\":\"ListItem\",\"position\":1,\"name\":\"Accueil\",\"item\":\"https:\/\/vacances-seasonova.com\/nl\/\"},{\"@type\":\"ListItem\",\"position\":2,\"name\":\"Locations de vacances\",\"item\":\"https:\/\/vacances-seasonova.com\/nl\/vakantiewoningen-in-frankrijk\/\"},{\"@type\":\"ListItem\",\"position\":3,\"name\":\"Insolite \u00b7 Glamping\"}]}]}<\/script>\n<!-- \/ Yoast SEO plugin. -->","yoast_head_json":{"robots":{"index":"index","follow":"follow","max-snippet":"max-snippet:-1","max-image-preview":"max-image-preview:large","max-video-preview":"max-video-preview:-1"},"canonical":"https:\/\/vacances-seasonova.com\/en\/vakantiewoningen-in-frankrijk\/lodge-verhuur-van-aparte-accommodaties\/","og_locale":"en_US","og_type":"article","og_title":"Unusual Stays \u00b7 Glamping - Seasonova","og_description":"Our lodges, unusual camping rentals Our campsites offer different lodges for unusual camping rentals. From the Eco-lodge on stilts to the BungaLodge, a real furnished tent. To find the balance between comfort and nature [...]","og_url":"https:\/\/vacances-seasonova.com\/nl\/vakantiewoningen-in-frankrijk\/lodge-verhuur-van-aparte-accommodaties\/","og_site_name":"Seasonova","article_modified_time":"2025-08-28T13:06:12+00:00","og_image":[{"width":1183,"height":443,"url":"https:\/\/vacances-seasonova.com\/wp-content\/uploads\/2018\/01\/KENYA-CHAMBRE-AU-FOND_EXT_NUIT_1_preview-e1574439137500.jpg","type":"image\/jpeg"}],"twitter_card":"summary","twitter_misc":{"Est. reading time":"5 minutes"},"schema":{"@context":"https:\/\/schema.org","@graph":[{"@type":"WebSite","@id":"https:\/\/vacances-seasonova.com\/fr\/#website","url":"https:\/\/vacances-seasonova.com\/fr\/","name":"Seasonova","description":"","potentialAction":[{"@type":"SearchAction","target":{"@type":"EntryPoint","urlTemplate":"https:\/\/vacances-seasonova.com\/fr\/?s={search_term_string}"},"query-input":"required name=search_term_string"}],"inLanguage":"en-US"},{"@type":"ImageObject","@id":"https:\/\/vacances-seasonova.com\/nl\/vakantiewoningen-in-frankrijk\/lodge-verhuur-van-aparte-accommodaties\/#primaryimage","inLanguage":"en-US","url":"https:\/\/vacances-seasonova.com\/wp-content\/uploads\/2018\/01\/KENYA-CHAMBRE-AU-FOND_EXT_NUIT_1_preview-e1574439137500.jpg","contentUrl":"https:\/\/vacances-seasonova.com\/wp-content\/uploads\/2018\/01\/KENYA-CHAMBRE-AU-FOND_EXT_NUIT_1_preview-e1574439137500.jpg","width":1183,"height":443,"caption":"H\u00e9bergement Location Camping Ile de R\u00e9 Portes en R\u00e9"},{"@type":"WebPage","@id":"https:\/\/vacances-seasonova.com\/nl\/vakantiewoningen-in-frankrijk\/lodge-verhuur-van-aparte-accommodaties\/#webpage","url":"https:\/\/vacances-seasonova.com\/nl\/vakantiewoningen-in-frankrijk\/lodge-verhuur-van-aparte-accommodaties\/","name":"Unusual Stays \u00b7 Glamping - Seasonova","isPartOf":{"@id":"https:\/\/vacances-seasonova.com\/fr\/#website"},"primaryImageOfPage":{"@id":"https:\/\/vacances-seasonova.com\/nl\/vakantiewoningen-in-frankrijk\/lodge-verhuur-van-aparte-accommodaties\/#primaryimage"},"datePublished":"2016-09-20T13:32:32+00:00","dateModified":"2025-08-28T13:06:12+00:00","breadcrumb":{"@id":"https:\/\/vacances-seasonova.com\/nl\/vakantiewoningen-in-frankrijk\/lodge-verhuur-van-aparte-accommodaties\/#breadcrumb"},"inLanguage":"en-US","potentialAction":[{"@type":"ReadAction","target":["https:\/\/vacances-seasonova.com\/nl\/vakantiewoningen-in-frankrijk\/lodge-verhuur-van-aparte-accommodaties\/"]}]},{"@type":"BreadcrumbList","@id":"https:\/\/vacances-seasonova.com\/nl\/vakantiewoningen-in-frankrijk\/lodge-verhuur-van-aparte-accommodaties\/#breadcrumb","itemListElement":[{"@type":"ListItem","position":1,"name":"Accueil","item":"https:\/\/vacances-seasonova.com\/nl\/"},{"@type":"ListItem","position":2,"name":"Locations de vacances","item":"https:\/\/vacances-seasonova.com\/nl\/vakantiewoningen-in-frankrijk\/"},{"@type":"ListItem","position":3,"name":"Insolite \u00b7 Glamping"}]}]}},"_links":{"self":[{"href":"https:\/\/vacances-seasonova.com\/en\/wp-json\/wp\/v2\/pages\/155"}],"collection":[{"href":"https:\/\/vacances-seasonova.com\/en\/wp-json\/wp\/v2\/pages"}],"about":[{"href":"https:\/\/vacances-seasonova.com\/en\/wp-json\/wp\/v2\/types\/page"}],"author":[{"embeddable":true,"href":"https:\/\/vacances-seasonova.com\/en\/wp-json\/wp\/v2\/users\/3"}],"replies":[{"embeddable":true,"href":"https:\/\/vacances-seasonova.com\/en\/wp-json\/wp\/v2\/comments?post=155"}],"version-history":[{"count":13,"href":"https:\/\/vacances-seasonova.com\/en\/wp-json\/wp\/v2\/pages\/155\/revisions"}],"predecessor-version":[{"id":51741,"href":"https:\/\/vacances-seasonova.com\/en\/wp-json\/wp\/v2\/pages\/155\/revisions\/51741"}],"up":[{"embeddable":true,"href":"https:\/\/vacances-seasonova.com\/en\/wp-json\/wp\/v2\/pages\/61"}],"wp:featuredmedia":[{"embeddable":true,"href":"https:\/\/vacances-seasonova.com\/en\/wp-json\/wp\/v2\/media\/4676"}],"wp:attachment":[{"href":"https:\/\/vacances-seasonova.com\/en\/wp-json\/wp\/v2\/media?parent=155"}],"curies":[{"name":"wp","href":"https:\/\/api.w.org\/{rel}","templated":true}]}}