    {"id":174,"date":"2016-09-20T14:41:57","date_gmt":"2016-09-20T13:41:57","guid":{"rendered":"http:\/\/vacances-seasonova.com\/?page_id=174"},"modified":"2025-08-29T09:26:51","modified_gmt":"2025-08-29T07:26:51","slug":"camping-nature-seasonova","status":"publish","type":"page","link":"https:\/\/vacances-seasonova.com\/en\/faq-camping-nature\/","title":{"rendered":"FAQ Camping Nature Seasonova"},"content":{"rendered":"<p><\/p>\n<h2>Where are the \u00a0Seasonova campsites ?<\/h2>\n<p>The Seasonova holidays, it is 3 and 4 stars campsites in Normandy, Alsace, Brittany and Pays de la Loire. Located in natural preserved areas, our campsites with a family and friendly atmosphere welcome you on the seaside, in the countryside or on riverbanksLes.<br \/>\n<a href=\"http:\/\/vacances-seasonova.com\/campings\/\">See the regions where you can find your Seasonova<\/a><\/p>\n<h2 style=\"text-align: justify;\">What services do you offer?<\/h2>\n<p>Pour faciliter vos vacances tous nos campings mettent \u00e0 votre disposition un ensemble de services comme le d\u00e9p\u00f4t de pain, laverie, location de v\u00e9lo, t\u00e9l\u00e9vision, barbecue, coffre fort, wifi, location de draps et m\u00e9nage en fin de location ou sur demande.<\/p>\n<h2>What activities do you propose ?<\/h2>\n<div style=\"text-align: justify;\">Many of our campsites offer various activites: concerts, dancing nights, karaoke, danse classes, aquagym, local products tasting, oenology, walks, hikes, contests and many more activites to entertain you during your holidays.<\/div>\n<div style=\"text-align: justify;\">\n<div><\/div>\n<div>\n<h2>Internet access<\/h2>\n<p>All the Seasonova campsite are equipped with wifi. You can use the WIFI from your camping pitch or your cottage. A computer is also available at the reception of your campsite.<\/p>\n<h2>Are pets allowed on the campsite\u00a0?<\/h2>\n<div>On all of the Seasonova campistes, cats and dogs are allowed held on a lead when you stay with us on a camping pitch. They are not allowed in our rentals: cottages, chalets, lodges.<\/div>\n<div>\n<h2>I booked an accomodation with you, what do I need to bring ?<\/h2>\n<p>All our locations are fully equipped.<\/p>\n<div>\n<p>Householdlinen is not provided. You can rent bed linen and towels at the campiste if you wish.<\/p>\n<h2>Is it possible to choose my pitch\u00a0?<\/h2>\n<div style=\"text-align: justify;\">Parce que ce sont Vos vacances, les campings Seasonova vous permettent de nous indiquer lors de votre r\u00e9servation vos pr\u00e9f\u00e9rences. Nous ferons tout notre possible pour r\u00e9pondre \u00e0 vos attentes.<\/div>\n<div style=\"text-align: justify;\">\n<p>Vous pouvez \u00e9galement choisir l&#8217;option choix d&#8217;emplacement sp\u00e9cifique. Nous vous garantissons alors l&#8217;emplacement camping ou la location vacance de votre choix.<\/p>\n<h2><\/h2>\n<h2>Can I modify or cancel my booking\u00a0?<\/h2>\n<div>It is possible to cancel your booking thanks to the cancellation insurance we selected for you. Ask for it when you book!<br \/>\nYou can also, subject to availability, change your booking without a fee up to one month before your arrival.<\/div>\n<div>\n<h2>How to book \u00a0?<\/h2>\n<h3><\/h3>\n<h3>By\u00a0phone<\/h3>\n<p>at 0033 (0) 2 36 81 00 01<br \/>\nYou will be asked to pay by credit card a 30 % deposit of the total amount of your stay and you will receive a booking confirmation by email or bu mail.<\/p>\n<h3><\/h3>\n<h3>By Internet<\/h3>\n<p>The easiest and quickest way to book: pick your destination, check availabilty, book and receive a confirmation by email.<\/p>\n<\/div>\n<\/div>\n<\/div>\n<\/div>\n<\/div>\n<\/div>\n<p><\/p>","protected":false},"excerpt":{"rendered":"<p>Where are the \u00a0Seasonova campsites ? The Seasonova holidays, it is 3 and 4 stars campsites in Normandy, Alsace, Brittany and Pays de la Loire. Located in natural preserved areas, our campsites with a family and friendly [&#8230;]<\/p>\n","protected":false},"author":3,"featured_media":52,"parent":0,"menu_order":0,"comment_status":"closed","ping_status":"closed","template":"page.php","meta":[],"yoast_head":"<!-- This site is optimized with the Yoast SEO plugin v18.1 - https:\/\/yoast.com\/wordpress\/plugins\/seo\/ -->\n<meta name=\"description\" content=\"Toutes vos questions sur les Camping Nature Seasonova. Comment profiter des meilleurs tarifs et r\u00e9server en toute s\u00e9curit\u00e9?\" \/>\n<meta name=\"robots\" content=\"index, follow, max-snippet:-1, max-image-preview:large, max-video-preview:-1\" \/>\n<link rel=\"canonical\" href=\"https:\/\/vacances-seasonova.com\/en\/waar-is-camping-nature-seasonova-gevestigd\/\" \/>\n<meta property=\"og:locale\" content=\"en_US\" \/>\n<meta property=\"og:type\" content=\"article\" \/>\n<meta property=\"og:title\" content=\"Camping Nature Seasonova\" \/>\n<meta property=\"og:description\" content=\"Toutes vos questions sur les Camping Nature Seasonova. Comment profiter des meilleurs tarifs et r\u00e9server en toute s\u00e9curit\u00e9?\" \/>\n<meta property=\"og:url\" content=\"https:\/\/vacances-seasonova.com\/nl\/waar-is-camping-nature-seasonova-gevestigd\/\" \/>\n<meta property=\"og:site_name\" content=\"Seasonova\" \/>\n<meta property=\"article:modified_time\" content=\"2025-08-29T07:26:51+00:00\" \/>\n<meta property=\"og:image\" content=\"https:\/\/vacances-seasonova.com\/wp-content\/uploads\/2016\/09\/bg-esprit-seasonova.jpg\" \/>\n\t<meta property=\"og:image:width\" content=\"1480\" \/>\n\t<meta property=\"og:image:height\" content=\"450\" \/>\n\t<meta property=\"og:image:type\" content=\"image\/jpeg\" \/>\n<meta name=\"twitter:card\" content=\"summary\" \/>\n<meta name=\"twitter:label1\" content=\"Est. reading time\" \/>\n\t<meta name=\"twitter:data1\" content=\"3 minutes\" \/>\n<script type=\"application\/ld+json\" class=\"yoast-schema-graph\">{\"@context\":\"https:\/\/schema.org\",\"@graph\":[{\"@type\":\"WebSite\",\"@id\":\"https:\/\/vacances-seasonova.com\/fr\/#website\",\"url\":\"https:\/\/vacances-seasonova.com\/fr\/\",\"name\":\"Seasonova\",\"description\":\"\",\"potentialAction\":[{\"@type\":\"SearchAction\",\"target\":{\"@type\":\"EntryPoint\",\"urlTemplate\":\"https:\/\/vacances-seasonova.com\/fr\/?s={search_term_string}\"},\"query-input\":\"required name=search_term_string\"}],\"inLanguage\":\"en-US\"},{\"@type\":\"ImageObject\",\"@id\":\"https:\/\/vacances-seasonova.com\/nl\/waar-is-camping-nature-seasonova-gevestigd\/#primaryimage\",\"inLanguage\":\"en-US\",\"url\":\"https:\/\/vacances-seasonova.com\/wp-content\/uploads\/2016\/09\/bg-esprit-seasonova.jpg\",\"contentUrl\":\"https:\/\/vacances-seasonova.com\/wp-content\/uploads\/2016\/09\/bg-esprit-seasonova.jpg\",\"width\":1480,\"height\":450,\"caption\":\"FAQ camping nature Seasonova\"},{\"@type\":\"WebPage\",\"@id\":\"https:\/\/vacances-seasonova.com\/nl\/waar-is-camping-nature-seasonova-gevestigd\/#webpage\",\"url\":\"https:\/\/vacances-seasonova.com\/nl\/waar-is-camping-nature-seasonova-gevestigd\/\",\"name\":\"Camping Nature Seasonova\",\"isPartOf\":{\"@id\":\"https:\/\/vacances-seasonova.com\/fr\/#website\"},\"primaryImageOfPage\":{\"@id\":\"https:\/\/vacances-seasonova.com\/nl\/waar-is-camping-nature-seasonova-gevestigd\/#primaryimage\"},\"datePublished\":\"2016-09-20T13:41:57+00:00\",\"dateModified\":\"2025-08-29T07:26:51+00:00\",\"description\":\"Toutes vos questions sur les Camping Nature Seasonova. Comment profiter des meilleurs tarifs et r\u00e9server en toute s\u00e9curit\u00e9?\",\"breadcrumb\":{\"@id\":\"https:\/\/vacances-seasonova.com\/nl\/waar-is-camping-nature-seasonova-gevestigd\/#breadcrumb\"},\"inLanguage\":\"en-US\",\"potentialAction\":[{\"@type\":\"ReadAction\",\"target\":[\"https:\/\/vacances-seasonova.com\/nl\/waar-is-camping-nature-seasonova-gevestigd\/\"]}]},{\"@type\":\"BreadcrumbList\",\"@id\":\"https:\/\/vacances-seasonova.com\/nl\/waar-is-camping-nature-seasonova-gevestigd\/#breadcrumb\",\"itemListElement\":[{\"@type\":\"ListItem\",\"position\":1,\"name\":\"Accueil\",\"item\":\"https:\/\/vacances-seasonova.com\/nl\/\"},{\"@type\":\"ListItem\",\"position\":2,\"name\":\"FAQ Camping Nature Seasonova\"}]}]}<\/script>\n<!-- \/ Yoast SEO plugin. -->","yoast_head_json":{"description":"Toutes vos questions sur les Camping Nature Seasonova. Comment profiter des meilleurs tarifs et r\u00e9server en toute s\u00e9curit\u00e9?","robots":{"index":"index","follow":"follow","max-snippet":"max-snippet:-1","max-image-preview":"max-image-preview:large","max-video-preview":"max-video-preview:-1"},"canonical":"https:\/\/vacances-seasonova.com\/en\/waar-is-camping-nature-seasonova-gevestigd\/","og_locale":"en_US","og_type":"article","og_title":"Camping Nature Seasonova","og_description":"Toutes vos questions sur les Camping Nature Seasonova. Comment profiter des meilleurs tarifs et r\u00e9server en toute s\u00e9curit\u00e9?","og_url":"https:\/\/vacances-seasonova.com\/nl\/waar-is-camping-nature-seasonova-gevestigd\/","og_site_name":"Seasonova","article_modified_time":"2025-08-29T07:26:51+00:00","og_image":[{"width":1480,"height":450,"url":"https:\/\/vacances-seasonova.com\/wp-content\/uploads\/2016\/09\/bg-esprit-seasonova.jpg","type":"image\/jpeg"}],"twitter_card":"summary","twitter_misc":{"Est. reading time":"3 minutes"},"schema":{"@context":"https:\/\/schema.org","@graph":[{"@type":"WebSite","@id":"https:\/\/vacances-seasonova.com\/fr\/#website","url":"https:\/\/vacances-seasonova.com\/fr\/","name":"Seasonova","description":"","potentialAction":[{"@type":"SearchAction","target":{"@type":"EntryPoint","urlTemplate":"https:\/\/vacances-seasonova.com\/fr\/?s={search_term_string}"},"query-input":"required name=search_term_string"}],"inLanguage":"en-US"},{"@type":"ImageObject","@id":"https:\/\/vacances-seasonova.com\/nl\/waar-is-camping-nature-seasonova-gevestigd\/#primaryimage","inLanguage":"en-US","url":"https:\/\/vacances-seasonova.com\/wp-content\/uploads\/2016\/09\/bg-esprit-seasonova.jpg","contentUrl":"https:\/\/vacances-seasonova.com\/wp-content\/uploads\/2016\/09\/bg-esprit-seasonova.jpg","width":1480,"height":450,"caption":"FAQ camping nature Seasonova"},{"@type":"WebPage","@id":"https:\/\/vacances-seasonova.com\/nl\/waar-is-camping-nature-seasonova-gevestigd\/#webpage","url":"https:\/\/vacances-seasonova.com\/nl\/waar-is-camping-nature-seasonova-gevestigd\/","name":"Camping Nature Seasonova","isPartOf":{"@id":"https:\/\/vacances-seasonova.com\/fr\/#website"},"primaryImageOfPage":{"@id":"https:\/\/vacances-seasonova.com\/nl\/waar-is-camping-nature-seasonova-gevestigd\/#primaryimage"},"datePublished":"2016-09-20T13:41:57+00:00","dateModified":"2025-08-29T07:26:51+00:00","description":"Toutes vos questions sur les Camping Nature Seasonova. Comment profiter des meilleurs tarifs et r\u00e9server en toute s\u00e9curit\u00e9?","breadcrumb":{"@id":"https:\/\/vacances-seasonova.com\/nl\/waar-is-camping-nature-seasonova-gevestigd\/#breadcrumb"},"inLanguage":"en-US","potentialAction":[{"@type":"ReadAction","target":["https:\/\/vacances-seasonova.com\/nl\/waar-is-camping-nature-seasonova-gevestigd\/"]}]},{"@type":"BreadcrumbList","@id":"https:\/\/vacances-seasonova.com\/nl\/waar-is-camping-nature-seasonova-gevestigd\/#breadcrumb","itemListElement":[{"@type":"ListItem","position":1,"name":"Accueil","item":"https:\/\/vacances-seasonova.com\/nl\/"},{"@type":"ListItem","position":2,"name":"FAQ Camping Nature Seasonova"}]}]}},"_links":{"self":[{"href":"https:\/\/vacances-seasonova.com\/en\/wp-json\/wp\/v2\/pages\/174"}],"collection":[{"href":"https:\/\/vacances-seasonova.com\/en\/wp-json\/wp\/v2\/pages"}],"about":[{"href":"https:\/\/vacances-seasonova.com\/en\/wp-json\/wp\/v2\/types\/page"}],"author":[{"embeddable":true,"href":"https:\/\/vacances-seasonova.com\/en\/wp-json\/wp\/v2\/users\/3"}],"replies":[{"embeddable":true,"href":"https:\/\/vacances-seasonova.com\/en\/wp-json\/wp\/v2\/comments?post=174"}],"version-history":[{"count":9,"href":"https:\/\/vacances-seasonova.com\/en\/wp-json\/wp\/v2\/pages\/174\/revisions"}],"predecessor-version":[{"id":51819,"href":"https:\/\/vacances-seasonova.com\/en\/wp-json\/wp\/v2\/pages\/174\/revisions\/51819"}],"wp:featuredmedia":[{"embeddable":true,"href":"https:\/\/vacances-seasonova.com\/en\/wp-json\/wp\/v2\/media\/52"}],"wp:attachment":[{"href":"https:\/\/vacances-seasonova.com\/en\/wp-json\/wp\/v2\/media?parent=174"}],"curies":[{"name":"wp","href":"https:\/\/api.w.org\/{rel}","templated":true}]}}