    {"id":187,"date":"2016-09-20T14:48:34","date_gmt":"2016-09-20T13:48:34","guid":{"rendered":"http:\/\/vacances-seasonova.com\/?page_id=187"},"modified":"2025-08-29T10:25:27","modified_gmt":"2025-08-29T08:25:27","slug":"recrutement-camping-seasonova","status":"publish","type":"page","link":"https:\/\/vacances-seasonova.com\/en\/recruitment\/","title":{"rendered":"Recrutement Camping Seasonova"},"content":{"rendered":"<p><img loading=\"lazy\" class=\"aligncenter\" src=\"https:\/\/vacances-seasonova.com\/wp-content\/uploads\/2022\/02\/recrutement-seasonova.png\" alt=\"Seasonova Recruitment\" width=\"399\" height=\"398\" \/><\/p>\n<h2>Our Values<\/h2>\n<p>Founded in 2011 by <strong>Guillaume LEMARCHAND<\/strong>, passionate about travel, meeting people, and outdoor activities, the <strong>Seasonova Group<\/strong> is now present in <strong>Alsace, Normandy, Brittany, Pays de Loire, Nouvelle-Aquitaine, and on \u00cele de R\u00e9<\/strong>.<\/p>\n<p>At <strong>Seasonova Slow Life Campsites<\/strong>, we believe that holidays should be a time and place for rejuvenation, exchange, and discovery.<\/p>\n<p>Because breaking away from everyday life means rediscovering the pleasures of simplicity, nature, and conviviality, we have developed <strong>20 campsites and a mountain chalet<\/strong>, all driven by the same passion for welcoming guests and creating memorable experiences.<\/p>\n<h2>Unity<\/h2>\n<p>With an average of 160 pitches, our campsites are all on a human scale and are defined by the commitment of our teams.<br \/>\nThe strength and unity of the <strong>Seasonova Group<\/strong> comes from the men and women who make it up, all driven by the same passion for their work and the desire to continually improve.<\/p>\n<p>It is the full involvement of the managers of each <strong>Seasonova Campsite<\/strong> that ensures consistent quality, operational stability, and independent management that preserves the authenticity of each site.<\/p>\n<h2>Passion<\/h2>\n<p>Our difference lies in the subtle combination of hands-on management by dedicated managers and the perspective and <strong>expertise of the Seasonova Group and its support functions <em>(marketing, technical, financial\u2026)<\/em><\/strong>.<\/p>\n<p>The <strong>Seasonova Group<\/strong>, in full expansion, has been recording growth of over <strong>30% per year<\/strong>. To support this growth, we are looking for new talent every year.<\/p>\n<hr \/>\n<h2>Join Our Team<\/h2>\n<p>Send your CV to: <strong><a href=\"mailto:contact-recrutement@groupe-seaosonova.com\">contact-recrutement@groupe-seasonova.com<\/a><\/strong><\/p>\n<p><center><br \/>\n<img loading=\"lazy\" class=\"size-full wp-image-36572 aligncenter\" src=\"https:\/\/vacances-seasonova.com\/wp-content\/uploads\/2023\/02\/envie-de-nous-rejoindre-recrutement.png\" alt=\"Join Seasonova Team\" width=\"310\" height=\"286\" srcset=\"https:\/\/vacances-seasonova.com\/wp-content\/uploads\/2023\/02\/envie-de-nous-rejoindre-recrutement.png 310w, https:\/\/vacances-seasonova.com\/wp-content\/uploads\/2023\/02\/envie-de-nous-rejoindre-recrutement-300x277.png 300w\" sizes=\"(max-width: 310px) 100vw, 310px\" \/><br \/>\n<\/center><\/p>\n<div class=\"row\">\n<div class=\"col-lg-4 col-md-4 col-sm-4\">\n<a href=\"https:\/\/vacances-seasonova.com\/recrutement-seasonova\/offre-demploi-camping-seasonova\/\" target=\"_blank\" rel=\"noopener noreferrer\"><br \/>\n<img loading=\"lazy\" class=\"alignnone wp-image-4184 size-medium\" src=\"https:\/\/vacances-seasonova.com\/wp-content\/uploads\/2023\/02\/bouton-offres-demploi-1.png\" alt=\"Camping Job Offer\" width=\"400\" height=\"400\" \/><\/a>\n<\/div>\n<div class=\"col-lg-4 col-md-4 col-sm-4\">\n<a href=\"https:\/\/vacances-seasonova.com\/recrutement-seasonova\/offre-de-stage-camping\/\" target=\"_blank\" rel=\"noopener noreferrer\"><br \/>\n<img loading=\"lazy\" class=\"alignnone wp-image-4164 size-medium\" src=\"https:\/\/vacances-seasonova.com\/wp-content\/uploads\/2023\/02\/bouton-offres-de-stage.png\" alt=\"Internship Offer\" width=\"400\" height=\"400\" \/><\/a>\n<\/div>\n<div class=\"col-lg-4 col-md-4 col-sm-4\">\n<a href=\"https:\/\/vacances-seasonova.com\/fr\/recrutement-seasonova\/offre-dalternance\/\" target=\"blank\" rel=\"noopener\"><br \/>\n<img loading=\"lazy\" class=\"alignnone wp-image-4165 size-medium\" src=\"https:\/\/vacances-seasonova.com\/wp-content\/uploads\/2023\/02\/offres-alternance.png\" alt=\"Work-study Offer Seasonova\" width=\"400\" height=\"400\" \/><\/a>\n<\/div>\n<\/div>\n<div class=\"img-recrutement-center-align\">\n<h2>Testimonials<\/h2>\n<h4 class=\"title-promo-main\">Becoming a Seasonova Seasonal Worker<\/h4>\n<div class=\"row\">\n<div class=\"col-lg-4 col-md-4 col-sm-4\">\n<img loading=\"lazy\" class=\"alignnone wp-image-4124\" src=\"https:\/\/vacances-seasonova.com\/wp-content\/uploads\/2017\/09\/alize\u0301.jpeg\" alt=\"Aliz\u00e9e\" width=\"280\" height=\"292\" srcset=\"https:\/\/vacances-seasonova.com\/wp-content\/uploads\/2017\/09\/alize\u0301.jpeg 776w, https:\/\/vacances-seasonova.com\/wp-content\/uploads\/2017\/09\/alize\u0301-287x300.jpeg 287w, https:\/\/vacances-seasonova.com\/wp-content\/uploads\/2017\/09\/alize\u0301-768x802.jpeg 768w, https:\/\/vacances-seasonova.com\/wp-content\/uploads\/2017\/09\/alize\u0301-431x450.jpeg 431w, https:\/\/vacances-seasonova.com\/wp-content\/uploads\/2017\/09\/alize\u0301-600x626.jpeg 600w\" sizes=\"(max-width: 280px) 100vw, 280px\" \/>\n<\/div>\n<div class=\"col-lg-8 col-md-8 col-sm-8\">\n<h4>Aliz\u00e9e<\/h4>\n<p>Receptionist at &#8220;Le Point du Jour&#8221; campsite in Merville-Franceville, Normandy\n<\/p><\/div>\n<\/div>\n<ul>\n<li><a href=\"#receptionniste\" data-toggle=\"collapse\"> Position and responsibilities<\/a><\/li>\n<\/ul>\n<div id=\"receptionniste\" class=\"collapse\">\n<div class=\"card card-body\">\n<p>I worked as a receptionist at Le Point du Jour campsite in Merville-Franceville for two months, from July 1st to August 31st, 2017.<\/p>\n<\/div>\n<\/div>\n<ul>\n<li><a href=\"#experience\" data-toggle=\"collapse\"> Assigned tasks<\/a><\/li>\n<\/ul>\n<div id=\"experience\" class=\"collapse\">\n<div class=\"card card-body\">\n<ul>\n<li>Welcoming guests<\/li>\n<li>Ensuring the smooth running of guest stays<\/li>\n<li>Managing the booking system<\/li>\n<li>Handling reservations and schedules, payments and invoicing<\/li>\n<li>Organizing the cleaning of rental accommodations<\/li>\n<\/ul>\n<\/div>\n<\/div>\n<ul>\n<li><a href=\"#management\" data-toggle=\"collapse\">What this experience brought you<\/a><\/li>\n<\/ul>\n<div id=\"management\" class=\"collapse\">\n<div class=\"card card-body\">\n<p>I developed my interpersonal skills in French and English, as well as my confidence on the phone.<br \/>\nI learned organizational skills, essential especially during peak check-in\/check-out days.<br \/>\nI was trusted with responsibilities, such as running the reception alone for half or full days, which allowed me to grow in autonomy and initiative.<br \/>\nWorking in a great team confirmed that teamwork is stimulating and rewarding for me.<\/p>\n<\/div>\n<\/div>\n<p><!-- (idem pour France, Ana\u00efs, Ga\u00eblle, Audrey : m\u00eames sections traduites en anglais) --><\/p>","protected":false},"excerpt":{"rendered":"<p>Our Values Founded in 2011 by Guillaume LEMARCHAND, passionate about travel, meeting people, and outdoor activities, the Seasonova Group is now present in Alsace, Normandy, Brittany, Pays de Loire, Nouvelle-Aquitaine, and [&#8230;]<\/p>\n","protected":false},"author":3,"featured_media":43428,"parent":0,"menu_order":0,"comment_status":"closed","ping_status":"closed","template":"page.php","meta":[],"yoast_head":"<!-- This site is optimized with the Yoast SEO plugin v18.1 - https:\/\/yoast.com\/wordpress\/plugins\/seo\/ -->\n<meta name=\"description\" content=\"Chaque ann\u00e9e nous recrutons des nouveaux talents pour accompagner notre d\u00e9veloppement. Vous souhaitez travailler dans un de nos campings, Go!\" \/>\n<meta name=\"robots\" content=\"index, follow, max-snippet:-1, max-image-preview:large, max-video-preview:-1\" \/>\n<link rel=\"canonical\" href=\"https:\/\/vacances-seasonova.com\/en\/rekrutering\/\" \/>\n<meta property=\"og:locale\" content=\"en_US\" \/>\n<meta property=\"og:type\" content=\"article\" \/>\n<meta property=\"og:title\" content=\"recrutement camping seasonova\" \/>\n<meta property=\"og:description\" content=\"Chaque ann\u00e9e nous recrutons des nouveaux talents pour accompagner notre d\u00e9veloppement. Vous souhaitez travailler dans un de nos campings, Go!\" \/>\n<meta property=\"og:url\" content=\"https:\/\/vacances-seasonova.com\/nl\/rekrutering\/\" \/>\n<meta property=\"og:site_name\" content=\"Seasonova\" \/>\n<meta property=\"article:modified_time\" content=\"2025-08-29T08:25:27+00:00\" \/>\n<meta property=\"og:image\" content=\"https:\/\/vacances-seasonova.com\/wp-content\/uploads\/2024\/10\/img-20231019-wa0002.jpg\" \/>\n\t<meta property=\"og:image:width\" content=\"1500\" \/>\n\t<meta property=\"og:image:height\" content=\"2000\" \/>\n\t<meta property=\"og:image:type\" content=\"image\/jpeg\" \/>\n<meta name=\"twitter:card\" content=\"summary\" \/>\n<meta name=\"twitter:label1\" content=\"Est. reading time\" \/>\n\t<meta name=\"twitter:data1\" content=\"10 minutes\" \/>\n<script type=\"application\/ld+json\" class=\"yoast-schema-graph\">{\"@context\":\"https:\/\/schema.org\",\"@graph\":[{\"@type\":\"WebSite\",\"@id\":\"https:\/\/vacances-seasonova.com\/fr\/#website\",\"url\":\"https:\/\/vacances-seasonova.com\/fr\/\",\"name\":\"Seasonova\",\"description\":\"\",\"potentialAction\":[{\"@type\":\"SearchAction\",\"target\":{\"@type\":\"EntryPoint\",\"urlTemplate\":\"https:\/\/vacances-seasonova.com\/fr\/?s={search_term_string}\"},\"query-input\":\"required name=search_term_string\"}],\"inLanguage\":\"en-US\"},{\"@type\":\"ImageObject\",\"@id\":\"https:\/\/vacances-seasonova.com\/nl\/rekrutering\/#primaryimage\",\"inLanguage\":\"en-US\",\"url\":\"https:\/\/vacances-seasonova.com\/wp-content\/uploads\/2024\/10\/img-20231019-wa0002.jpg\",\"contentUrl\":\"https:\/\/vacances-seasonova.com\/wp-content\/uploads\/2024\/10\/img-20231019-wa0002.jpg\",\"width\":1500,\"height\":2000},{\"@type\":\"WebPage\",\"@id\":\"https:\/\/vacances-seasonova.com\/nl\/rekrutering\/#webpage\",\"url\":\"https:\/\/vacances-seasonova.com\/nl\/rekrutering\/\",\"name\":\"recrutement camping seasonova\",\"isPartOf\":{\"@id\":\"https:\/\/vacances-seasonova.com\/fr\/#website\"},\"primaryImageOfPage\":{\"@id\":\"https:\/\/vacances-seasonova.com\/nl\/rekrutering\/#primaryimage\"},\"datePublished\":\"2016-09-20T13:48:34+00:00\",\"dateModified\":\"2025-08-29T08:25:27+00:00\",\"description\":\"Chaque ann\u00e9e nous recrutons des nouveaux talents pour accompagner notre d\u00e9veloppement. Vous souhaitez travailler dans un de nos campings, Go!\",\"breadcrumb\":{\"@id\":\"https:\/\/vacances-seasonova.com\/nl\/rekrutering\/#breadcrumb\"},\"inLanguage\":\"en-US\",\"potentialAction\":[{\"@type\":\"ReadAction\",\"target\":[\"https:\/\/vacances-seasonova.com\/nl\/rekrutering\/\"]}]},{\"@type\":\"BreadcrumbList\",\"@id\":\"https:\/\/vacances-seasonova.com\/nl\/rekrutering\/#breadcrumb\",\"itemListElement\":[{\"@type\":\"ListItem\",\"position\":1,\"name\":\"Accueil\",\"item\":\"https:\/\/vacances-seasonova.com\/nl\/\"},{\"@type\":\"ListItem\",\"position\":2,\"name\":\"Recrutement Camping Seasonova\"}]}]}<\/script>\n<!-- \/ Yoast SEO plugin. -->","yoast_head_json":{"description":"Chaque ann\u00e9e nous recrutons des nouveaux talents pour accompagner notre d\u00e9veloppement. Vous souhaitez travailler dans un de nos campings, Go!","robots":{"index":"index","follow":"follow","max-snippet":"max-snippet:-1","max-image-preview":"max-image-preview:large","max-video-preview":"max-video-preview:-1"},"canonical":"https:\/\/vacances-seasonova.com\/en\/rekrutering\/","og_locale":"en_US","og_type":"article","og_title":"recrutement camping seasonova","og_description":"Chaque ann\u00e9e nous recrutons des nouveaux talents pour accompagner notre d\u00e9veloppement. Vous souhaitez travailler dans un de nos campings, Go!","og_url":"https:\/\/vacances-seasonova.com\/nl\/rekrutering\/","og_site_name":"Seasonova","article_modified_time":"2025-08-29T08:25:27+00:00","og_image":[{"width":1500,"height":2000,"url":"https:\/\/vacances-seasonova.com\/wp-content\/uploads\/2024\/10\/img-20231019-wa0002.jpg","type":"image\/jpeg"}],"twitter_card":"summary","twitter_misc":{"Est. reading time":"10 minutes"},"schema":{"@context":"https:\/\/schema.org","@graph":[{"@type":"WebSite","@id":"https:\/\/vacances-seasonova.com\/fr\/#website","url":"https:\/\/vacances-seasonova.com\/fr\/","name":"Seasonova","description":"","potentialAction":[{"@type":"SearchAction","target":{"@type":"EntryPoint","urlTemplate":"https:\/\/vacances-seasonova.com\/fr\/?s={search_term_string}"},"query-input":"required name=search_term_string"}],"inLanguage":"en-US"},{"@type":"ImageObject","@id":"https:\/\/vacances-seasonova.com\/nl\/rekrutering\/#primaryimage","inLanguage":"en-US","url":"https:\/\/vacances-seasonova.com\/wp-content\/uploads\/2024\/10\/img-20231019-wa0002.jpg","contentUrl":"https:\/\/vacances-seasonova.com\/wp-content\/uploads\/2024\/10\/img-20231019-wa0002.jpg","width":1500,"height":2000},{"@type":"WebPage","@id":"https:\/\/vacances-seasonova.com\/nl\/rekrutering\/#webpage","url":"https:\/\/vacances-seasonova.com\/nl\/rekrutering\/","name":"recrutement camping seasonova","isPartOf":{"@id":"https:\/\/vacances-seasonova.com\/fr\/#website"},"primaryImageOfPage":{"@id":"https:\/\/vacances-seasonova.com\/nl\/rekrutering\/#primaryimage"},"datePublished":"2016-09-20T13:48:34+00:00","dateModified":"2025-08-29T08:25:27+00:00","description":"Chaque ann\u00e9e nous recrutons des nouveaux talents pour accompagner notre d\u00e9veloppement. Vous souhaitez travailler dans un de nos campings, Go!","breadcrumb":{"@id":"https:\/\/vacances-seasonova.com\/nl\/rekrutering\/#breadcrumb"},"inLanguage":"en-US","potentialAction":[{"@type":"ReadAction","target":["https:\/\/vacances-seasonova.com\/nl\/rekrutering\/"]}]},{"@type":"BreadcrumbList","@id":"https:\/\/vacances-seasonova.com\/nl\/rekrutering\/#breadcrumb","itemListElement":[{"@type":"ListItem","position":1,"name":"Accueil","item":"https:\/\/vacances-seasonova.com\/nl\/"},{"@type":"ListItem","position":2,"name":"Recrutement Camping Seasonova"}]}]}},"_links":{"self":[{"href":"https:\/\/vacances-seasonova.com\/en\/wp-json\/wp\/v2\/pages\/187"}],"collection":[{"href":"https:\/\/vacances-seasonova.com\/en\/wp-json\/wp\/v2\/pages"}],"about":[{"href":"https:\/\/vacances-seasonova.com\/en\/wp-json\/wp\/v2\/types\/page"}],"author":[{"embeddable":true,"href":"https:\/\/vacances-seasonova.com\/en\/wp-json\/wp\/v2\/users\/3"}],"replies":[{"embeddable":true,"href":"https:\/\/vacances-seasonova.com\/en\/wp-json\/wp\/v2\/comments?post=187"}],"version-history":[{"count":50,"href":"https:\/\/vacances-seasonova.com\/en\/wp-json\/wp\/v2\/pages\/187\/revisions"}],"predecessor-version":[{"id":51857,"href":"https:\/\/vacances-seasonova.com\/en\/wp-json\/wp\/v2\/pages\/187\/revisions\/51857"}],"wp:featuredmedia":[{"embeddable":true,"href":"https:\/\/vacances-seasonova.com\/en\/wp-json\/wp\/v2\/media\/43428"}],"wp:attachment":[{"href":"https:\/\/vacances-seasonova.com\/en\/wp-json\/wp\/v2\/media?parent=187"}],"curies":[{"name":"wp","href":"https:\/\/api.w.org\/{rel}","templated":true}]}}