    {"id":19591,"date":"2020-07-23T11:41:12","date_gmt":"2020-07-23T09:41:12","guid":{"rendered":"https:\/\/vacances-seasonova.com\/fr\/?page_id=19591"},"modified":"2021-03-30T13:45:12","modified_gmt":"2021-03-30T11:45:12","slug":"randonnees-seasonova","status":"publish","type":"page","link":"https:\/\/vacances-seasonova.com\/en\/randonnees-seasonova\/","title":{"rendered":"Randonn\u00e9es Seasonova"},"content":{"rendered":"<p class=\"qtranxs-available-languages-message qtranxs-available-languages-message-en\">Sorry, this entry is only available in <a href=\"https:\/\/vacances-seasonova.com\/fr\/wp-json\/wp\/v2\/pages\/19591\" class=\"qtranxs-available-language-link qtranxs-available-language-link-fr\" title=\"Fran\u00e7ais\">French<\/a> and <a href=\"https:\/\/vacances-seasonova.com\/de\/wp-json\/wp\/v2\/pages\/19591\" class=\"qtranxs-available-language-link qtranxs-available-language-link-de\" title=\"Deutsch\">German<\/a>.<\/p><p><\/p>\n<h4 style=\"text-align: center;\">Quoi de mieux pour d\u00e9couvrir notre belle r\u00e9gion que des randonn\u00e9es guid\u00e9es ?<\/h4>\n<p style=\"text-align: left;\">Pascal vous propose de l&#8217;accompagner dans ses escapades.<\/p>\n<p><img loading=\"lazy\" class=\"wp-image-19593 aligncenter\" src=\"https:\/\/vacances-seasonova.com\/wp-content\/uploads\/2020\/07\/rando-1-3.jpg\" alt=\"\" width=\"550\" height=\"413\" srcset=\"https:\/\/vacances-seasonova.com\/wp-content\/uploads\/2020\/07\/rando-1-3.jpg 4128w, https:\/\/vacances-seasonova.com\/wp-content\/uploads\/2020\/07\/rando-1-3-300x225.jpg 300w, https:\/\/vacances-seasonova.com\/wp-content\/uploads\/2020\/07\/rando-1-3-768x576.jpg 768w, https:\/\/vacances-seasonova.com\/wp-content\/uploads\/2020\/07\/rando-1-3-600x450.jpg 600w\" sizes=\"(max-width: 550px) 100vw, 550px\" \/><\/p>\n<p style=\"text-align: left;\">Vous d\u00e9couvrirez des lieux insoup\u00e7onn\u00e9s et passerez d&#8217;agr\u00e9ables moments.<\/p>\n<p><img loading=\"lazy\" class=\"wp-image-19594 aligncenter\" src=\"https:\/\/vacances-seasonova.com\/wp-content\/uploads\/2020\/07\/20200626_143803.jpg\" alt=\"\" width=\"552\" height=\"414\" srcset=\"https:\/\/vacances-seasonova.com\/wp-content\/uploads\/2020\/07\/20200626_143803.jpg 4128w, https:\/\/vacances-seasonova.com\/wp-content\/uploads\/2020\/07\/20200626_143803-300x225.jpg 300w, https:\/\/vacances-seasonova.com\/wp-content\/uploads\/2020\/07\/20200626_143803-768x576.jpg 768w, https:\/\/vacances-seasonova.com\/wp-content\/uploads\/2020\/07\/20200626_143803-600x450.jpg 600w\" sizes=\"(max-width: 552px) 100vw, 552px\" \/><\/p>\n<p style=\"text-align: left;\">Les parcours sont d&#8217;une dizaine de km et les enfants de plus de 12 ans sont les bienvenus si ils aiment gambader !<\/p>\n<p><img loading=\"lazy\" class=\"wp-image-19595 aligncenter\" src=\"https:\/\/vacances-seasonova.com\/wp-content\/uploads\/2020\/07\/20200626_141434.jpg\" alt=\"\" width=\"549\" height=\"412\" srcset=\"https:\/\/vacances-seasonova.com\/wp-content\/uploads\/2020\/07\/20200626_141434.jpg 4128w, https:\/\/vacances-seasonova.com\/wp-content\/uploads\/2020\/07\/20200626_141434-300x225.jpg 300w, https:\/\/vacances-seasonova.com\/wp-content\/uploads\/2020\/07\/20200626_141434-768x576.jpg 768w, https:\/\/vacances-seasonova.com\/wp-content\/uploads\/2020\/07\/20200626_141434-600x450.jpg 600w\" sizes=\"(max-width: 549px) 100vw, 549px\" \/><\/p>\n<p style=\"text-align: left;\">Les r\u00e9servations ainsi que le point de d\u00e9part se trouvent \u00e0 l&#8217;accueil de votre camping le Point du Jour.<\/p>\n<p><\/p>","protected":false},"excerpt":{"rendered":"<p>Sorry, this entry is only available in French and German. Quoi de mieux pour d\u00e9couvrir notre belle r\u00e9gion que des randonn\u00e9es guid\u00e9es ? Pascal vous propose de l&#8217;accompagner dans ses escapades. Vous d\u00e9couvrirez des [&#8230;]<\/p>\n","protected":false},"author":2,"featured_media":19592,"parent":0,"menu_order":0,"comment_status":"closed","ping_status":"closed","template":"","meta":[],"yoast_head":"<!-- This site is optimized with the Yoast SEO plugin v18.1 - https:\/\/yoast.com\/wordpress\/plugins\/seo\/ -->\n<meta name=\"robots\" content=\"index, follow, max-snippet:-1, max-image-preview:large, max-video-preview:-1\" \/>\n<link rel=\"canonical\" href=\"https:\/\/vacances-seasonova.com\/en\/randonnees-seasonova\/\" \/>\n<meta property=\"og:locale\" content=\"en_US\" \/>\n<meta property=\"og:type\" content=\"article\" \/>\n<meta property=\"og:title\" content=\"Randonn\u00e9es Seasonova - Seasonova\" \/>\n<meta property=\"og:description\" content=\"Sorry, this entry is only available in French and German. Quoi de mieux pour d\u00e9couvrir notre belle r\u00e9gion que des randonn\u00e9es guid\u00e9es ? Pascal vous propose de l&#8217;accompagner dans ses escapades. Vous d\u00e9couvrirez des [...]\" \/>\n<meta property=\"og:url\" content=\"https:\/\/vacances-seasonova.com\/en\/randonnees-seasonova\/\" \/>\n<meta property=\"og:site_name\" content=\"Seasonova\" \/>\n<meta property=\"article:modified_time\" content=\"2021-03-30T11:45:12+00:00\" \/>\n<meta property=\"og:image\" content=\"https:\/\/vacances-seasonova.com\/wp-content\/uploads\/2020\/07\/rando-1-6-600x450.jpg\" \/>\n\t<meta property=\"og:image:width\" content=\"600\" \/>\n\t<meta property=\"og:image:height\" content=\"450\" \/>\n\t<meta property=\"og:image:type\" content=\"image\/jpeg\" \/>\n<meta name=\"twitter:card\" content=\"summary\" \/>\n<meta name=\"twitter:label1\" content=\"Est. reading time\" \/>\n\t<meta name=\"twitter:data1\" content=\"1 minute\" \/>\n<script type=\"application\/ld+json\" class=\"yoast-schema-graph\">{\"@context\":\"https:\/\/schema.org\",\"@graph\":[{\"@type\":\"WebSite\",\"@id\":\"https:\/\/vacances-seasonova.com\/fr\/#website\",\"url\":\"https:\/\/vacances-seasonova.com\/fr\/\",\"name\":\"Seasonova\",\"description\":\"\",\"potentialAction\":[{\"@type\":\"SearchAction\",\"target\":{\"@type\":\"EntryPoint\",\"urlTemplate\":\"https:\/\/vacances-seasonova.com\/fr\/?s={search_term_string}\"},\"query-input\":\"required name=search_term_string\"}],\"inLanguage\":\"en-US\"},{\"@type\":\"ImageObject\",\"@id\":\"https:\/\/vacances-seasonova.com\/en\/randonnees-seasonova\/#primaryimage\",\"inLanguage\":\"en-US\",\"url\":\"https:\/\/vacances-seasonova.com\/wp-content\/uploads\/2020\/07\/rando-1-6.jpg\",\"contentUrl\":\"https:\/\/vacances-seasonova.com\/wp-content\/uploads\/2020\/07\/rando-1-6.jpg\",\"width\":4128,\"height\":3096},{\"@type\":\"WebPage\",\"@id\":\"https:\/\/vacances-seasonova.com\/en\/randonnees-seasonova\/#webpage\",\"url\":\"https:\/\/vacances-seasonova.com\/en\/randonnees-seasonova\/\",\"name\":\"Randonn\u00e9es Seasonova - Seasonova\",\"isPartOf\":{\"@id\":\"https:\/\/vacances-seasonova.com\/fr\/#website\"},\"primaryImageOfPage\":{\"@id\":\"https:\/\/vacances-seasonova.com\/en\/randonnees-seasonova\/#primaryimage\"},\"datePublished\":\"2020-07-23T09:41:12+00:00\",\"dateModified\":\"2021-03-30T11:45:12+00:00\",\"breadcrumb\":{\"@id\":\"https:\/\/vacances-seasonova.com\/en\/randonnees-seasonova\/#breadcrumb\"},\"inLanguage\":\"en-US\",\"potentialAction\":[{\"@type\":\"ReadAction\",\"target\":[\"https:\/\/vacances-seasonova.com\/en\/randonnees-seasonova\/\"]}]},{\"@type\":\"BreadcrumbList\",\"@id\":\"https:\/\/vacances-seasonova.com\/en\/randonnees-seasonova\/#breadcrumb\",\"itemListElement\":[{\"@type\":\"ListItem\",\"position\":1,\"name\":\"Accueil\",\"item\":\"https:\/\/vacances-seasonova.com\/nl\/\"},{\"@type\":\"ListItem\",\"position\":2,\"name\":\"Randonn\u00e9es Seasonova\"}]}]}<\/script>\n<!-- \/ Yoast SEO plugin. -->","yoast_head_json":{"robots":{"index":"index","follow":"follow","max-snippet":"max-snippet:-1","max-image-preview":"max-image-preview:large","max-video-preview":"max-video-preview:-1"},"canonical":"https:\/\/vacances-seasonova.com\/en\/randonnees-seasonova\/","og_locale":"en_US","og_type":"article","og_title":"Randonn\u00e9es Seasonova - Seasonova","og_description":"Sorry, this entry is only available in French and German. Quoi de mieux pour d\u00e9couvrir notre belle r\u00e9gion que des randonn\u00e9es guid\u00e9es ? Pascal vous propose de l&#8217;accompagner dans ses escapades. Vous d\u00e9couvrirez des [...]","og_url":"https:\/\/vacances-seasonova.com\/en\/randonnees-seasonova\/","og_site_name":"Seasonova","article_modified_time":"2021-03-30T11:45:12+00:00","og_image":[{"width":600,"height":450,"url":"https:\/\/vacances-seasonova.com\/wp-content\/uploads\/2020\/07\/rando-1-6-600x450.jpg","type":"image\/jpeg"}],"twitter_card":"summary","twitter_misc":{"Est. reading time":"1 minute"},"schema":{"@context":"https:\/\/schema.org","@graph":[{"@type":"WebSite","@id":"https:\/\/vacances-seasonova.com\/fr\/#website","url":"https:\/\/vacances-seasonova.com\/fr\/","name":"Seasonova","description":"","potentialAction":[{"@type":"SearchAction","target":{"@type":"EntryPoint","urlTemplate":"https:\/\/vacances-seasonova.com\/fr\/?s={search_term_string}"},"query-input":"required name=search_term_string"}],"inLanguage":"en-US"},{"@type":"ImageObject","@id":"https:\/\/vacances-seasonova.com\/en\/randonnees-seasonova\/#primaryimage","inLanguage":"en-US","url":"https:\/\/vacances-seasonova.com\/wp-content\/uploads\/2020\/07\/rando-1-6.jpg","contentUrl":"https:\/\/vacances-seasonova.com\/wp-content\/uploads\/2020\/07\/rando-1-6.jpg","width":4128,"height":3096},{"@type":"WebPage","@id":"https:\/\/vacances-seasonova.com\/en\/randonnees-seasonova\/#webpage","url":"https:\/\/vacances-seasonova.com\/en\/randonnees-seasonova\/","name":"Randonn\u00e9es Seasonova - Seasonova","isPartOf":{"@id":"https:\/\/vacances-seasonova.com\/fr\/#website"},"primaryImageOfPage":{"@id":"https:\/\/vacances-seasonova.com\/en\/randonnees-seasonova\/#primaryimage"},"datePublished":"2020-07-23T09:41:12+00:00","dateModified":"2021-03-30T11:45:12+00:00","breadcrumb":{"@id":"https:\/\/vacances-seasonova.com\/en\/randonnees-seasonova\/#breadcrumb"},"inLanguage":"en-US","potentialAction":[{"@type":"ReadAction","target":["https:\/\/vacances-seasonova.com\/en\/randonnees-seasonova\/"]}]},{"@type":"BreadcrumbList","@id":"https:\/\/vacances-seasonova.com\/en\/randonnees-seasonova\/#breadcrumb","itemListElement":[{"@type":"ListItem","position":1,"name":"Accueil","item":"https:\/\/vacances-seasonova.com\/nl\/"},{"@type":"ListItem","position":2,"name":"Randonn\u00e9es Seasonova"}]}]}},"_links":{"self":[{"href":"https:\/\/vacances-seasonova.com\/en\/wp-json\/wp\/v2\/pages\/19591"}],"collection":[{"href":"https:\/\/vacances-seasonova.com\/en\/wp-json\/wp\/v2\/pages"}],"about":[{"href":"https:\/\/vacances-seasonova.com\/en\/wp-json\/wp\/v2\/types\/page"}],"author":[{"embeddable":true,"href":"https:\/\/vacances-seasonova.com\/en\/wp-json\/wp\/v2\/users\/2"}],"replies":[{"embeddable":true,"href":"https:\/\/vacances-seasonova.com\/en\/wp-json\/wp\/v2\/comments?post=19591"}],"version-history":[{"count":0,"href":"https:\/\/vacances-seasonova.com\/en\/wp-json\/wp\/v2\/pages\/19591\/revisions"}],"wp:featuredmedia":[{"embeddable":true,"href":"https:\/\/vacances-seasonova.com\/en\/wp-json\/wp\/v2\/media\/19592"}],"wp:attachment":[{"href":"https:\/\/vacances-seasonova.com\/en\/wp-json\/wp\/v2\/media?parent=19591"}],"curies":[{"name":"wp","href":"https:\/\/api.w.org\/{rel}","templated":true}]}}