    {"id":2,"date":"2016-08-19T17:24:14","date_gmt":"2016-08-19T16:24:14","guid":{"rendered":"http:\/\/vacances-seasonova.com\/?page_id=2"},"modified":"2026-04-07T17:06:15","modified_gmt":"2026-04-07T15:06:15","slug":"les-campings-slow-life","status":"publish","type":"page","link":"https:\/\/vacances-seasonova.com\/en\/seasonovas-campsites-2\/","title":{"rendered":"Campings Seasonova"},"content":{"rendered":"<p class=\"qtranxs-available-languages-message qtranxs-available-languages-message-en\">Sorry, this entry is only available in <a href=\"https:\/\/vacances-seasonova.com\/fr\/wp-json\/wp\/v2\/pages\/2\" class=\"qtranxs-available-language-link qtranxs-available-language-link-fr\" title=\"Fran\u00e7ais\">French<\/a>.<\/p><p>D\u00e9couvrez les <strong>Campings Slow life<\/strong> que vous propose la chaine Seasonova<br \/>\nNos campings bord de mer ou en for\u00eat vous accueillent pour des s\u00e9jours slow life en famille ou entre amis. Retrouvez les plaisirs simples de la vie et savourez l\u2019instant pr\u00e9sent.<br \/>\nChoisir Seasonova, c\u2019est profiter de chaque instant pour se cr\u00e9er des souvenirs et se ressourcer dans un cadre naturel.<br \/>\nS\u00e9journer dans nos campings \u00e0 taille humaine au c\u0153ur d\u2019une nature pr\u00e9serv\u00e9e vous permettra de d\u00e9couvrir nos belles r\u00e9gions, notre patrimoine et notre gastronomie.<br \/>\nPendant votre escale, nous vous proposons des <a href=\"https:\/\/vacances-seasonova.com\/fr\/vacances-en-camping-seasonova\/lexperience-seasonova\/\">activit\u00e9s sportives, des moments <\/a>de bien-\u00eatre et surtout une occasion de penser \u00e0 vous.<\/p>","protected":false},"excerpt":{"rendered":"<p>Sorry, this entry is only available in French.D\u00e9couvrez les Campings Slow life que vous propose la chaine Seasonova Nos campings bord de mer ou en for\u00eat vous accueillent pour des s\u00e9jours slow life en famille ou entre [&#8230;]<\/p>\n","protected":false},"author":3,"featured_media":0,"parent":0,"menu_order":0,"comment_status":"closed","ping_status":"closed","template":"","meta":[],"yoast_head":"<!-- This site is optimized with the Yoast SEO plugin v18.1 - https:\/\/yoast.com\/wordpress\/plugins\/seo\/ -->\n<meta name=\"description\" content=\"Seasonova, Les Campings Slow life vous offre une exp\u00e9rience de vacances nature et authentique et vous font d\u00e9couvrir les plus belles r\u00e9gions\" \/>\n<meta name=\"robots\" content=\"index, follow, max-snippet:-1, max-image-preview:large, max-video-preview:-1\" \/>\n<link rel=\"canonical\" href=\"https:\/\/vacances-seasonova.com\/en\/campings-seasonova-2\/\" \/>\n<meta property=\"og:locale\" content=\"en_US\" \/>\n<meta property=\"og:type\" content=\"article\" \/>\n<meta property=\"og:title\" content=\"Les campings slow life\" \/>\n<meta property=\"og:description\" content=\"Seasonova, Les Campings Slow life vous offre une exp\u00e9rience de vacances nature et authentique et vous font d\u00e9couvrir les plus belles r\u00e9gions\" \/>\n<meta property=\"og:url\" content=\"https:\/\/vacances-seasonova.com\/fr\/campings-seasonova-2\/\" \/>\n<meta property=\"og:site_name\" content=\"Seasonova\" \/>\n<meta property=\"article:modified_time\" content=\"2026-04-07T15:06:15+00:00\" \/>\n<meta property=\"og:image\" content=\"https:\/\/vacances-seasonova.com\/wp-content\/uploads\/2022\/02\/recrutement-seasonova.png\" \/>\n\t<meta property=\"og:image:width\" content=\"1043\" \/>\n\t<meta property=\"og:image:height\" content=\"1042\" \/>\n\t<meta property=\"og:image:type\" content=\"image\/png\" \/>\n<meta name=\"twitter:card\" content=\"summary\" \/>\n<meta name=\"twitter:label1\" content=\"Est. reading time\" \/>\n\t<meta name=\"twitter:data1\" content=\"1 minute\" \/>\n<script type=\"application\/ld+json\" class=\"yoast-schema-graph\">{\"@context\":\"https:\/\/schema.org\",\"@graph\":[{\"@type\":\"WebSite\",\"@id\":\"https:\/\/vacances-seasonova.com\/fr\/#website\",\"url\":\"https:\/\/vacances-seasonova.com\/fr\/\",\"name\":\"Seasonova\",\"description\":\"\",\"potentialAction\":[{\"@type\":\"SearchAction\",\"target\":{\"@type\":\"EntryPoint\",\"urlTemplate\":\"https:\/\/vacances-seasonova.com\/fr\/?s={search_term_string}\"},\"query-input\":\"required name=search_term_string\"}],\"inLanguage\":\"en-US\"},{\"@type\":\"WebPage\",\"@id\":\"https:\/\/vacances-seasonova.com\/fr\/campings-seasonova-2\/#webpage\",\"url\":\"https:\/\/vacances-seasonova.com\/fr\/campings-seasonova-2\/\",\"name\":\"Les campings slow life\",\"isPartOf\":{\"@id\":\"https:\/\/vacances-seasonova.com\/fr\/#website\"},\"datePublished\":\"2016-08-19T16:24:14+00:00\",\"dateModified\":\"2026-04-07T15:06:15+00:00\",\"description\":\"Seasonova, Les Campings Slow life vous offre une exp\u00e9rience de vacances nature et authentique et vous font d\u00e9couvrir les plus belles r\u00e9gions\",\"breadcrumb\":{\"@id\":\"https:\/\/vacances-seasonova.com\/fr\/campings-seasonova-2\/#breadcrumb\"},\"inLanguage\":\"en-US\",\"potentialAction\":[{\"@type\":\"ReadAction\",\"target\":[\"https:\/\/vacances-seasonova.com\/fr\/campings-seasonova-2\/\"]}]},{\"@type\":\"BreadcrumbList\",\"@id\":\"https:\/\/vacances-seasonova.com\/fr\/campings-seasonova-2\/#breadcrumb\",\"itemListElement\":[{\"@type\":\"ListItem\",\"position\":1,\"name\":\"Accueil\",\"item\":\"https:\/\/vacances-seasonova.com\/nl\/\"},{\"@type\":\"ListItem\",\"position\":2,\"name\":\"Campings Seasonova\"}]}]}<\/script>\n<!-- \/ Yoast SEO plugin. -->","yoast_head_json":{"description":"Seasonova, Les Campings Slow life vous offre une exp\u00e9rience de vacances nature et authentique et vous font d\u00e9couvrir les plus belles r\u00e9gions","robots":{"index":"index","follow":"follow","max-snippet":"max-snippet:-1","max-image-preview":"max-image-preview:large","max-video-preview":"max-video-preview:-1"},"canonical":"https:\/\/vacances-seasonova.com\/en\/campings-seasonova-2\/","og_locale":"en_US","og_type":"article","og_title":"Les campings slow life","og_description":"Seasonova, Les Campings Slow life vous offre une exp\u00e9rience de vacances nature et authentique et vous font d\u00e9couvrir les plus belles r\u00e9gions","og_url":"https:\/\/vacances-seasonova.com\/fr\/campings-seasonova-2\/","og_site_name":"Seasonova","article_modified_time":"2026-04-07T15:06:15+00:00","og_image":[{"width":1043,"height":1042,"url":"https:\/\/vacances-seasonova.com\/wp-content\/uploads\/2022\/02\/recrutement-seasonova.png","type":"image\/png"}],"twitter_card":"summary","twitter_misc":{"Est. reading time":"1 minute"},"schema":{"@context":"https:\/\/schema.org","@graph":[{"@type":"WebSite","@id":"https:\/\/vacances-seasonova.com\/fr\/#website","url":"https:\/\/vacances-seasonova.com\/fr\/","name":"Seasonova","description":"","potentialAction":[{"@type":"SearchAction","target":{"@type":"EntryPoint","urlTemplate":"https:\/\/vacances-seasonova.com\/fr\/?s={search_term_string}"},"query-input":"required name=search_term_string"}],"inLanguage":"en-US"},{"@type":"WebPage","@id":"https:\/\/vacances-seasonova.com\/fr\/campings-seasonova-2\/#webpage","url":"https:\/\/vacances-seasonova.com\/fr\/campings-seasonova-2\/","name":"Les campings slow life","isPartOf":{"@id":"https:\/\/vacances-seasonova.com\/fr\/#website"},"datePublished":"2016-08-19T16:24:14+00:00","dateModified":"2026-04-07T15:06:15+00:00","description":"Seasonova, Les Campings Slow life vous offre une exp\u00e9rience de vacances nature et authentique et vous font d\u00e9couvrir les plus belles r\u00e9gions","breadcrumb":{"@id":"https:\/\/vacances-seasonova.com\/fr\/campings-seasonova-2\/#breadcrumb"},"inLanguage":"en-US","potentialAction":[{"@type":"ReadAction","target":["https:\/\/vacances-seasonova.com\/fr\/campings-seasonova-2\/"]}]},{"@type":"BreadcrumbList","@id":"https:\/\/vacances-seasonova.com\/fr\/campings-seasonova-2\/#breadcrumb","itemListElement":[{"@type":"ListItem","position":1,"name":"Accueil","item":"https:\/\/vacances-seasonova.com\/nl\/"},{"@type":"ListItem","position":2,"name":"Campings Seasonova"}]}]}},"_links":{"self":[{"href":"https:\/\/vacances-seasonova.com\/en\/wp-json\/wp\/v2\/pages\/2"}],"collection":[{"href":"https:\/\/vacances-seasonova.com\/en\/wp-json\/wp\/v2\/pages"}],"about":[{"href":"https:\/\/vacances-seasonova.com\/en\/wp-json\/wp\/v2\/types\/page"}],"author":[{"embeddable":true,"href":"https:\/\/vacances-seasonova.com\/en\/wp-json\/wp\/v2\/users\/3"}],"replies":[{"embeddable":true,"href":"https:\/\/vacances-seasonova.com\/en\/wp-json\/wp\/v2\/comments?post=2"}],"version-history":[{"count":110,"href":"https:\/\/vacances-seasonova.com\/en\/wp-json\/wp\/v2\/pages\/2\/revisions"}],"predecessor-version":[{"id":56547,"href":"https:\/\/vacances-seasonova.com\/en\/wp-json\/wp\/v2\/pages\/2\/revisions\/56547"}],"wp:attachment":[{"href":"https:\/\/vacances-seasonova.com\/en\/wp-json\/wp\/v2\/media?parent=2"}],"curies":[{"name":"wp","href":"https:\/\/api.w.org\/{rel}","templated":true}]}}