    {"id":22911,"date":"2021-05-25T11:52:49","date_gmt":"2021-05-25T09:52:49","guid":{"rendered":"https:\/\/vacances-seasonova.com\/fr\/?page_id=22911"},"modified":"2021-06-25T17:53:25","modified_gmt":"2021-06-25T15:53:25","slug":"sejours-mid-week","status":"publish","type":"page","link":"https:\/\/vacances-seasonova.com\/en\/sejours-mid-week\/","title":{"rendered":"S\u00e9jours Mid-Week"},"content":{"rendered":"<p class=\"qtranxs-available-languages-message qtranxs-available-languages-message-en\">Sorry, this entry is only available in <a href=\"https:\/\/vacances-seasonova.com\/fr\/wp-json\/wp\/v2\/pages\/22911\" class=\"qtranxs-available-language-link qtranxs-available-language-link-fr\" title=\"Fran\u00e7ais\">French<\/a>.<\/p><p><\/p>\n<h4 style=\"text-align: center;\">Vous souhaitez partir en vacances ? Profiter de la nature ? Savourer des instants de d\u00e9tente \u00e0 deux ? T\u00e9l\u00e9travailler ?<\/h4>\n<p style=\"text-align: center;\">Nos s\u00e9jours mid-week sont id\u00e9aux si votre emploi du temps le permet. En effet, la plus part de nos vacanciers viennent en p\u00e9riodes estivales ou pendant les weekends. C&#8217;est pour cette raison, que nos locatifs sont r\u00e9guli\u00e8rement disponibles en semaine.<\/p>\n<p>Nos mid-week d\u00e9butent le <strong>lundi \u00e0 14h<\/strong> et se terminent le <strong>vendredi \u00e0 10h<\/strong> pour un total de <strong>189 euros<\/strong> dans l&#8217;ensemble de nos \u00e9tablissements, qu&#8217;ils soient en Normandie, en Bretagne, en Alsace, en bords de Loire, dans la Sarthe ou encore sur l&#8217;Ile de R\u00e9.<\/p>\n<p style=\"text-align: center;\">Ce s\u00e9jour comprend un locatif pour deux personnes ou quatre personnes.<\/p>\n<p style=\"text-align: center;\">Cette offre est valable hors vacances scolaires et jours f\u00e9ri\u00e9s.<\/p>\n<p style=\"text-align: center;\"><strong>Pour r\u00e9server<\/strong>, il vous suffit de s\u00e9lectionner l&#8217;\u00e9tablissement de votre choix dans la liste ci-dessous puis d&#8217;entrer les dates de votre s\u00e9jour (obligatoirement du lundi au vendredi) et enfin appliquer le code promo.<\/p>\n<p>&nbsp;<\/p>\n<div class=\"row\">\n<div class=\"col-xs-12 col-md-4\">\n<p><img loading=\"lazy\" class=\"size-medium wp-image-17191\" src=\"https:\/\/vacances-seasonova.com\/wp-content\/uploads\/2021\/05\/mid-pdl.png\" alt=\"yoga\" width=\"300\" height=\"257\" \/><\/p>\n<h2>Pays de la Loire<\/h2>\n<p><em><a href=\"https:\/\/bookingpremium.secureholiday.net\/FR\/10545\/search\/product-view\/71954?_ga=2.253164621.533873183.1621944731-3777443.1518533125\">\u00a0R\u00e9server<\/a><\/em><\/p>\n<\/div>\n<div class=\"col-xs-12 col-md-4\">\n<p><img loading=\"lazy\" class=\"size-medium wp-image-17189\" src=\"https:\/\/vacances-seasonova.com\/wp-content\/uploads\/2021\/05\/mid-rb.png\" alt=\"fromage\" width=\"300\" height=\"257\" \/><\/p>\n<h2>Normandie<\/h2>\n<p><em>\u00a0<a href=\"https:\/\/bookingpremium.secureholiday.net\/FR\/14931\/search\/product-view\/72912?_ga=2.10935024.533873183.1621944731-3777443.1518533125\">R\u00e9server<\/a><\/em><\/p>\n<\/div>\n<div class=\"col-xs-12 col-md-4\">\n<p><img loading=\"lazy\" class=\"size-medium wp-image-17194\" src=\"https:\/\/vacances-seasonova.com\/wp-content\/uploads\/2021\/05\/mid-pdj.png\" alt=\"caravane\" width=\"300\" height=\"257\" \/><\/p>\n<h2>Normandie<\/h2>\n<p><i>\u00a0<a href=\"https:\/\/bookingpremium.secureholiday.net\/FR\/3724\/search\/product-view\/40988?_ga=2.48223331.533873183.1621944731-3777443.1518533125\">R\u00e9server<\/a><\/i><\/p>\n<\/div>\n<\/div>\n<div class=\"row\">\n<div class=\"col-xs-12 col-md-4\">\n<p><img loading=\"lazy\" class=\"size-medium wp-image-17191\" src=\"https:\/\/vacances-seasonova.com\/wp-content\/uploads\/2021\/05\/mid-lm.png\" alt=\"yoga\" width=\"300\" height=\"257\" \/><\/p>\n<h2>Normandie<\/h2>\n<p><i>\u00a0<a href=\"https:\/\/bookingpremium.secureholiday.net\/FR\/4606\/search\/product-view\/39107?_ga=2.241669190.533873183.1621944731-3777443.1518533125\">R\u00e9server<\/a><\/i><\/p>\n<\/div>\n<div class=\"col-xs-12 col-md-4\">\n<p><img loading=\"lazy\" class=\"size-medium wp-image-17191\" src=\"https:\/\/vacances-seasonova.com\/wp-content\/uploads\/2021\/05\/mid-lf.png\" alt=\"yoga\" width=\"300\" height=\"257\" \/><\/p>\n<h2>Sarthe<\/h2>\n<p><em>\u00a0<a href=\"https:\/\/bookingpremium.secureholiday.net\/FR\/4313\/search\/product-view\/28988?_ga=2.85825245.533873183.1621944731-3777443.1518533125\">R\u00e9server<\/a><\/em><\/p>\n<\/div>\n<div class=\"col-xs-12 col-md-4\">\n<p><img loading=\"lazy\" class=\"size-medium wp-image-17194\" src=\"https:\/\/vacances-seasonova.com\/wp-content\/uploads\/2021\/05\/mid-idr.png\" alt=\"caravane\" width=\"300\" height=\"257\" \/><\/p>\n<h2>Ile de R\u00e9<\/h2>\n<p><i>\u00a0<a href=\"https:\/\/bookingpremium.secureholiday.net\/FR\/15619\/search\/product-view\/85036?_ga=2.48797154.533873183.1621944731-3777443.1518533125\">R\u00e9server<\/a><\/i><\/p>\n<\/div>\n<\/div>\n<div class=\"row\">\n<h2 style=\"text-align: center;\"><\/h2>\n<div class=\"col-xs-12 col-md-4\">\n<p><img loading=\"lazy\" class=\"size-medium wp-image-17191\" src=\"https:\/\/vacances-seasonova.com\/wp-content\/uploads\/2021\/05\/mid-et.png\" alt=\"yoga\" width=\"300\" height=\"257\" \/><\/p>\n<h2>Normandie<\/h2>\n<p><em>\u00a0<a href=\"https:\/\/bookingpremium.secureholiday.net\/FR\/13361\/search\/product-view\/58253?_ga=2.252640717.533873183.1621944731-3777443.1518533125\">R\u00e9server<\/a><\/em><\/p>\n<\/div>\n<div class=\"col-xs-12 col-md-4\">\n<p><img loading=\"lazy\" class=\"size-medium wp-image-17191\" src=\"https:\/\/vacances-seasonova.com\/wp-content\/uploads\/2021\/05\/sejours-detente-les-mouettes.png\" alt=\"yoga\" width=\"300\" height=\"257\" \/><\/p>\n<h2>Bretagne<\/h2>\n<p><i>\u00a0<a href=\"https:\/\/bookingpremium.secureholiday.net\/FR\/7631\/search\/product-view\/49044?_ga=2.85825245.533873183.1621944731-3777443.1518533125\">R\u00e9server<\/a><\/i><\/p>\n<\/div>\n<div class=\"col-xs-12 col-md-4\">\n<p><img loading=\"lazy\" class=\"size-medium wp-image-17194\" src=\"https:\/\/vacances-seasonova.com\/wp-content\/uploads\/2021\/05\/mid-pa.png\" alt=\"caravane\" width=\"300\" height=\"257\" \/><\/p>\n<h2>Alsace<\/h2>\n<p><em>\u00a0<a href=\"https:\/\/bookingpremium.secureholiday.net\/FR\/7578\/search\/product-view\/54390?_ga=2.39818599.533873183.1621944731-3777443.1518533125\">R\u00e9server<\/a><\/em><\/p>\n<\/div>\n<\/div>\n<div class=\"row\">\n<h2 style=\"text-align: center;\"><\/h2>\n<div class=\"col-xs-12 col-md-4\">\n<p><img loading=\"lazy\" class=\"size-medium wp-image-17191\" src=\"https:\/\/vacances-seasonova.com\/wp-content\/uploads\/2021\/05\/mid-7iles.png\" alt=\"yoga\" width=\"300\" height=\"257\" \/><\/p>\n<h2>Bretagne<\/h2>\n<p><em>\u00a0<a href=\"https:\/\/bookingpremium.secureholiday.net\/FR\/14613\/search\/product-view\/78021?_ga=2.241605702.533873183.1621944731-3777443.1518533125\">R\u00e9server<\/a><\/em><\/p>\n<\/div>\n<div class=\"col-xs-12 col-md-4\">\n<p><img loading=\"lazy\" class=\"size-medium wp-image-17194\" src=\"https:\/\/vacances-seasonova.com\/wp-content\/uploads\/2021\/05\/mid-lvn.png\" alt=\"caravane\" width=\"300\" height=\"257\" \/><\/p>\n<h2>Alsace<\/h2>\n<p><em>\u00a0<a href=\"https:\/\/bookingpremium.secureholiday.net\/FR\/6526\/search\/product-view\/46009\">R\u00e9server<\/a>\u00a0<\/em><\/p>\n<\/div>\n<\/div>\n<p>&nbsp;<\/p>\n<div class=\"row row-no-gutters\">\n<div class=\"col-xs-12 col-md-4\">\n<p><img loading=\"lazy\" class=\"alignnone wp-image-17191 size-medium\" src=\"https:\/\/vacances-seasonova.com\/wp-content\/uploads\/2018\/03\/Piscine-RB-e1621940996812.jpg\" alt=\"yoga\" width=\"300\" height=\"257\" \/><\/p>\n<h2>Services et \u00e9quipements<\/h2>\n<h3>Profitez de tout ce que nos campings ont \u00e0 offrir<\/h3>\n<p style=\"text-align: justify;\">Que vous soyez pr\u00e9sents pour les vacances ou pour le t\u00e9l\u00e9travail, vous aurez l&#8217;occasion de profiter de nombreux services et \u00e9quipements propos\u00e9s par l&#8217;ensemble de nos campings. Entre piscine, sauna ou encore bar \u00e0 manger, vous n&#8217;aurez pas de mal \u00e0 occuper vos journ\u00e9es<\/p>\n<\/div>\n<div class=\"col-xs-12 col-md-4\">\n<p><img loading=\"lazy\" class=\" wp-image-17189\" src=\"https:\/\/vacances-seasonova.com\/wp-content\/uploads\/2020\/04\/adobestock_256974263.jpeg\" alt=\"fromage\" width=\"321\" height=\"215\" \/><\/p>\n<h2>Cadres naturels<\/h2>\n<h3>Les abords de nos campings ont de quoi vous \u00e9merveiller<\/h3>\n<p style=\"text-align: justify;\">Si il y a bien un point commun entre tous nos \u00e9tablissements, c&#8217;est qu&#8217;ils sont tous au milieu d&#8217;un cadre naturel incroyable. Que vous pr\u00e9f\u00e9riez la montagne, la mer, les bords de Loire ou encore la for\u00eat, vous trouverez ce qu&#8217;il vous faut.<\/p>\n<\/div>\n<div class=\"col-xs-12 col-md-4\">\n<p><img loading=\"lazy\" class=\" wp-image-17194\" src=\"https:\/\/vacances-seasonova.com\/wp-content\/uploads\/2017\/10\/28899693476_7865f1da75_k.jpg\" alt=\"caravane\" width=\"317\" height=\"209\" \/><\/p>\n<h2>H\u00e9bergements de qualit\u00e9<\/h2>\n<h3>Le confort de l&#8217;hotel avec l&#8217;exp\u00e9rience de la slowlife<\/h3>\n<p style=\"text-align: justify;\">Les h\u00e9bergements propos\u00e9s dans l&#8217;offres mid-week varient en fonction du camping que vous souhaitez visiter. Mais si il y a une r\u00e9currence, \u00a0c&#8217;est la qualit\u00e9 de ces derniers. Faits de bois, de toile ou des deux, ces v\u00e9ritable cocons sauront vous offrir le confort que vous recherchez sans pour autant vous \u00e9carter de l&#8217;esprit de libert\u00e9 si pr\u00e9cieux \u00e0 nos valeurs.<\/p>\n<\/div>\n<\/div>\n<p><\/p>","protected":false},"excerpt":{"rendered":"<p>Sorry, this entry is only available in French. Vous souhaitez partir en vacances ? Profiter de la nature ? Savourer des instants de d\u00e9tente \u00e0 deux ? T\u00e9l\u00e9travailler ? Nos s\u00e9jours mid-week sont id\u00e9aux si votre emploi du [&#8230;]<\/p>\n","protected":false},"author":2,"featured_media":22953,"parent":0,"menu_order":0,"comment_status":"closed","ping_status":"closed","template":"","meta":[],"yoast_head":"<!-- This site is optimized with the Yoast SEO plugin v18.1 - https:\/\/yoast.com\/wordpress\/plugins\/seo\/ -->\n<meta name=\"robots\" content=\"index, follow, max-snippet:-1, max-image-preview:large, max-video-preview:-1\" \/>\n<link rel=\"canonical\" href=\"https:\/\/vacances-seasonova.com\/en\/sejours-mid-week\/\" \/>\n<meta property=\"og:locale\" content=\"en_US\" \/>\n<meta property=\"og:type\" content=\"article\" \/>\n<meta property=\"og:title\" content=\"S\u00e9jours Mid-Week - Seasonova\" \/>\n<meta property=\"og:description\" content=\"Sorry, this entry is only available in French. Vous souhaitez partir en vacances ? Profiter de la nature ? Savourer des instants de d\u00e9tente \u00e0 deux ? T\u00e9l\u00e9travailler ? Nos s\u00e9jours mid-week sont id\u00e9aux si votre emploi du [...]\" \/>\n<meta property=\"og:url\" content=\"https:\/\/vacances-seasonova.com\/fr\/sejours-mid-week\/\" \/>\n<meta property=\"og:site_name\" content=\"Seasonova\" \/>\n<meta property=\"article:modified_time\" content=\"2021-06-25T15:53:25+00:00\" \/>\n<meta property=\"og:image\" content=\"https:\/\/vacances-seasonova.com\/wp-content\/uploads\/2021\/05\/189-783x450.png\" \/>\n\t<meta property=\"og:image:width\" content=\"783\" \/>\n\t<meta property=\"og:image:height\" content=\"450\" \/>\n\t<meta property=\"og:image:type\" content=\"image\/png\" \/>\n<meta name=\"twitter:card\" content=\"summary\" \/>\n<meta name=\"twitter:label1\" content=\"Est. reading time\" \/>\n\t<meta name=\"twitter:data1\" content=\"2 minutes\" \/>\n<script type=\"application\/ld+json\" class=\"yoast-schema-graph\">{\"@context\":\"https:\/\/schema.org\",\"@graph\":[{\"@type\":\"WebSite\",\"@id\":\"https:\/\/vacances-seasonova.com\/fr\/#website\",\"url\":\"https:\/\/vacances-seasonova.com\/fr\/\",\"name\":\"Seasonova\",\"description\":\"\",\"potentialAction\":[{\"@type\":\"SearchAction\",\"target\":{\"@type\":\"EntryPoint\",\"urlTemplate\":\"https:\/\/vacances-seasonova.com\/fr\/?s={search_term_string}\"},\"query-input\":\"required name=search_term_string\"}],\"inLanguage\":\"en-US\"},{\"@type\":\"ImageObject\",\"@id\":\"https:\/\/vacances-seasonova.com\/fr\/sejours-mid-week\/#primaryimage\",\"inLanguage\":\"en-US\",\"url\":\"https:\/\/vacances-seasonova.com\/wp-content\/uploads\/2021\/05\/189.png\",\"contentUrl\":\"https:\/\/vacances-seasonova.com\/wp-content\/uploads\/2021\/05\/189.png\",\"width\":6000,\"height\":3448},{\"@type\":\"WebPage\",\"@id\":\"https:\/\/vacances-seasonova.com\/fr\/sejours-mid-week\/#webpage\",\"url\":\"https:\/\/vacances-seasonova.com\/fr\/sejours-mid-week\/\",\"name\":\"S\u00e9jours Mid-Week - Seasonova\",\"isPartOf\":{\"@id\":\"https:\/\/vacances-seasonova.com\/fr\/#website\"},\"primaryImageOfPage\":{\"@id\":\"https:\/\/vacances-seasonova.com\/fr\/sejours-mid-week\/#primaryimage\"},\"datePublished\":\"2021-05-25T09:52:49+00:00\",\"dateModified\":\"2021-06-25T15:53:25+00:00\",\"breadcrumb\":{\"@id\":\"https:\/\/vacances-seasonova.com\/fr\/sejours-mid-week\/#breadcrumb\"},\"inLanguage\":\"en-US\",\"potentialAction\":[{\"@type\":\"ReadAction\",\"target\":[\"https:\/\/vacances-seasonova.com\/fr\/sejours-mid-week\/\"]}]},{\"@type\":\"BreadcrumbList\",\"@id\":\"https:\/\/vacances-seasonova.com\/fr\/sejours-mid-week\/#breadcrumb\",\"itemListElement\":[{\"@type\":\"ListItem\",\"position\":1,\"name\":\"Accueil\",\"item\":\"https:\/\/vacances-seasonova.com\/nl\/\"},{\"@type\":\"ListItem\",\"position\":2,\"name\":\"S\u00e9jours Mid-Week\"}]}]}<\/script>\n<!-- \/ Yoast SEO plugin. -->","yoast_head_json":{"robots":{"index":"index","follow":"follow","max-snippet":"max-snippet:-1","max-image-preview":"max-image-preview:large","max-video-preview":"max-video-preview:-1"},"canonical":"https:\/\/vacances-seasonova.com\/en\/sejours-mid-week\/","og_locale":"en_US","og_type":"article","og_title":"S\u00e9jours Mid-Week - Seasonova","og_description":"Sorry, this entry is only available in French. Vous souhaitez partir en vacances ? Profiter de la nature ? Savourer des instants de d\u00e9tente \u00e0 deux ? T\u00e9l\u00e9travailler ? Nos s\u00e9jours mid-week sont id\u00e9aux si votre emploi du [...]","og_url":"https:\/\/vacances-seasonova.com\/fr\/sejours-mid-week\/","og_site_name":"Seasonova","article_modified_time":"2021-06-25T15:53:25+00:00","og_image":[{"width":783,"height":450,"url":"https:\/\/vacances-seasonova.com\/wp-content\/uploads\/2021\/05\/189-783x450.png","type":"image\/png"}],"twitter_card":"summary","twitter_misc":{"Est. reading time":"2 minutes"},"schema":{"@context":"https:\/\/schema.org","@graph":[{"@type":"WebSite","@id":"https:\/\/vacances-seasonova.com\/fr\/#website","url":"https:\/\/vacances-seasonova.com\/fr\/","name":"Seasonova","description":"","potentialAction":[{"@type":"SearchAction","target":{"@type":"EntryPoint","urlTemplate":"https:\/\/vacances-seasonova.com\/fr\/?s={search_term_string}"},"query-input":"required name=search_term_string"}],"inLanguage":"en-US"},{"@type":"ImageObject","@id":"https:\/\/vacances-seasonova.com\/fr\/sejours-mid-week\/#primaryimage","inLanguage":"en-US","url":"https:\/\/vacances-seasonova.com\/wp-content\/uploads\/2021\/05\/189.png","contentUrl":"https:\/\/vacances-seasonova.com\/wp-content\/uploads\/2021\/05\/189.png","width":6000,"height":3448},{"@type":"WebPage","@id":"https:\/\/vacances-seasonova.com\/fr\/sejours-mid-week\/#webpage","url":"https:\/\/vacances-seasonova.com\/fr\/sejours-mid-week\/","name":"S\u00e9jours Mid-Week - Seasonova","isPartOf":{"@id":"https:\/\/vacances-seasonova.com\/fr\/#website"},"primaryImageOfPage":{"@id":"https:\/\/vacances-seasonova.com\/fr\/sejours-mid-week\/#primaryimage"},"datePublished":"2021-05-25T09:52:49+00:00","dateModified":"2021-06-25T15:53:25+00:00","breadcrumb":{"@id":"https:\/\/vacances-seasonova.com\/fr\/sejours-mid-week\/#breadcrumb"},"inLanguage":"en-US","potentialAction":[{"@type":"ReadAction","target":["https:\/\/vacances-seasonova.com\/fr\/sejours-mid-week\/"]}]},{"@type":"BreadcrumbList","@id":"https:\/\/vacances-seasonova.com\/fr\/sejours-mid-week\/#breadcrumb","itemListElement":[{"@type":"ListItem","position":1,"name":"Accueil","item":"https:\/\/vacances-seasonova.com\/nl\/"},{"@type":"ListItem","position":2,"name":"S\u00e9jours Mid-Week"}]}]}},"_links":{"self":[{"href":"https:\/\/vacances-seasonova.com\/en\/wp-json\/wp\/v2\/pages\/22911"}],"collection":[{"href":"https:\/\/vacances-seasonova.com\/en\/wp-json\/wp\/v2\/pages"}],"about":[{"href":"https:\/\/vacances-seasonova.com\/en\/wp-json\/wp\/v2\/types\/page"}],"author":[{"embeddable":true,"href":"https:\/\/vacances-seasonova.com\/en\/wp-json\/wp\/v2\/users\/2"}],"replies":[{"embeddable":true,"href":"https:\/\/vacances-seasonova.com\/en\/wp-json\/wp\/v2\/comments?post=22911"}],"version-history":[{"count":0,"href":"https:\/\/vacances-seasonova.com\/en\/wp-json\/wp\/v2\/pages\/22911\/revisions"}],"wp:featuredmedia":[{"embeddable":true,"href":"https:\/\/vacances-seasonova.com\/en\/wp-json\/wp\/v2\/media\/22953"}],"wp:attachment":[{"href":"https:\/\/vacances-seasonova.com\/en\/wp-json\/wp\/v2\/media?parent=22911"}],"curies":[{"name":"wp","href":"https:\/\/api.w.org\/{rel}","templated":true}]}}