    {"id":23135,"date":"2021-06-14T10:09:07","date_gmt":"2021-06-14T08:09:07","guid":{"rendered":"https:\/\/vacances-seasonova.com\/fr\/?page_id=23135"},"modified":"2025-08-28T16:50:29","modified_gmt":"2025-08-28T14:50:29","slug":"ils-ont-teste-les-campings-seasonova","status":"publish","type":"page","link":"https:\/\/vacances-seasonova.com\/en\/ils-ont-teste-les-campings-seasonova\/","title":{"rendered":"They tested Seasonova campsites"},"content":{"rendered":"<p><\/p>\n<p style=\"text-align: center;\">Trying a Seasonova campsite is much more than just a holiday.<\/p>\n<p style=\"text-align: center;\">If you\u2019re still unsure about choosing Seasonova for your holidays with friends, family, or as a couple, this page is for you.<\/p>\n<p style=\"text-align: center;\">Here you\u2019ll discover testimonials that will help you picture the little corner of paradise waiting for you.<\/p>\n<p style=\"text-align: center;\">Relaxation, sport, nature, swimming, hiking, picnics, beach, forest&#8230; all these words will resonate with you after your stay with us.<\/p>\n<p style=\"text-align: center;\"><em>&#8220;For a nature and relaxation weekend, we headed to Sarthe. More precisely, we stayed in the Pays de Sill\u00e9, south of the Normandie-Maine Regional Natural Park and the Alpes Mancelles. We spent two lovely days here as a family, enjoying a \u2018slow life\u2019 break at the Seasonova La For\u00eat campsite. A little taste of holidays ahead of time\u2026&#8221;<\/em><\/p>\n<p style=\"text-align: center;\">Want to know more about La For\u00eat campsite? Head over to the blog <a href=\"https:\/\/www.etpourtantelletourne.fr\/2021\/07\/06\/week-end-nature-famille-sarthe\/\">&#8220;et pourtant elle tourne&#8221;<\/a><\/p>\n<p style=\"text-align: center;\"><em>&#8220;Looking to escape and enjoy moments of relaxation and well-being in unspoilt nature? Then you will definitely love Seasonova, a site that offers a full range of camping stays and holiday rentals with a 100% Slow Life and Eco-friendly spirit\u2026&#8221;<\/em><\/p>\n<p style=\"text-align: center;\">Read more of our first testimonial from Oiseau Rose <a href=\"https:\/\/oiseaurose.com\/campings-seasonova-slow-life\/\">HERE<\/a><\/p>\n<p style=\"text-align: center;\"><em>&#8220;Seasonova \u00cele de R\u00e9 campsite is located in Les Portes-en-R\u00e9, 200 m from the beach and close to the Lilleau des Niges nature reserve.&#8221;<\/em><\/p>\n<p style=\"text-align: center;\">Read more on the <a href=\"https:\/\/www.hello-famille.com\/hebergements\/camping-seasonova-ile-de-re\/\">hello-famille website<\/a><\/p>\n<p><\/p>","protected":false},"excerpt":{"rendered":"<p>Trying a Seasonova campsite is much more than just a holiday. If you\u2019re still unsure about choosing Seasonova for your holidays with friends, family, or as a couple, this page is for you. Here you\u2019ll discover [&#8230;]<\/p>\n","protected":false},"author":2,"featured_media":23136,"parent":0,"menu_order":0,"comment_status":"closed","ping_status":"closed","template":"","meta":[],"yoast_head":"<!-- This site is optimized with the Yoast SEO plugin v18.1 - https:\/\/yoast.com\/wordpress\/plugins\/seo\/ -->\n<meta name=\"robots\" content=\"index, follow, max-snippet:-1, max-image-preview:large, max-video-preview:-1\" \/>\n<link rel=\"canonical\" href=\"https:\/\/vacances-seasonova.com\/en\/ils-ont-teste-les-campings-seasonova\/\" \/>\n<meta property=\"og:locale\" content=\"en_US\" \/>\n<meta property=\"og:type\" content=\"article\" \/>\n<meta property=\"og:title\" content=\"They tested the Seasonova campsites - Seasonova\" \/>\n<meta property=\"og:description\" content=\"Trying a Seasonova campsite is much more than just a holiday. If you\u2019re still unsure about choosing Seasonova for your holidays with friends, family, or as a couple, this page is for you. Here you\u2019ll discover [...]\" \/>\n<meta property=\"og:url\" content=\"https:\/\/vacances-seasonova.com\/nl\/ils-ont-teste-les-campings-seasonova\/\" \/>\n<meta property=\"og:site_name\" content=\"Seasonova\" \/>\n<meta property=\"article:modified_time\" content=\"2025-08-28T14:50:29+00:00\" \/>\n<meta property=\"og:image\" content=\"https:\/\/vacances-seasonova.com\/wp-content\/uploads\/2021\/06\/adobestock_299774645-675x450.jpeg\" \/>\n\t<meta property=\"og:image:width\" content=\"675\" \/>\n\t<meta property=\"og:image:height\" content=\"450\" \/>\n\t<meta property=\"og:image:type\" content=\"image\/jpeg\" \/>\n<meta name=\"twitter:card\" content=\"summary\" \/>\n<meta name=\"twitter:label1\" content=\"Est. reading time\" \/>\n\t<meta name=\"twitter:data1\" content=\"5 minutes\" \/>\n<script type=\"application\/ld+json\" class=\"yoast-schema-graph\">{\"@context\":\"https:\/\/schema.org\",\"@graph\":[{\"@type\":\"WebSite\",\"@id\":\"https:\/\/vacances-seasonova.com\/fr\/#website\",\"url\":\"https:\/\/vacances-seasonova.com\/fr\/\",\"name\":\"Seasonova\",\"description\":\"\",\"potentialAction\":[{\"@type\":\"SearchAction\",\"target\":{\"@type\":\"EntryPoint\",\"urlTemplate\":\"https:\/\/vacances-seasonova.com\/fr\/?s={search_term_string}\"},\"query-input\":\"required name=search_term_string\"}],\"inLanguage\":\"en-US\"},{\"@type\":\"ImageObject\",\"@id\":\"https:\/\/vacances-seasonova.com\/nl\/ils-ont-teste-les-campings-seasonova\/#primaryimage\",\"inLanguage\":\"en-US\",\"url\":\"https:\/\/vacances-seasonova.com\/wp-content\/uploads\/2021\/06\/adobestock_299774645.jpeg\",\"contentUrl\":\"https:\/\/vacances-seasonova.com\/wp-content\/uploads\/2021\/06\/adobestock_299774645.jpeg\",\"width\":3629,\"height\":2419,\"caption\":\"Traveler couple camping in the forest and relaxing near campfire after a hard day. Concept of trekking, adventure and seasonal vacation.\"},{\"@type\":\"WebPage\",\"@id\":\"https:\/\/vacances-seasonova.com\/nl\/ils-ont-teste-les-campings-seasonova\/#webpage\",\"url\":\"https:\/\/vacances-seasonova.com\/nl\/ils-ont-teste-les-campings-seasonova\/\",\"name\":\"They tested the Seasonova campsites - Seasonova\",\"isPartOf\":{\"@id\":\"https:\/\/vacances-seasonova.com\/fr\/#website\"},\"primaryImageOfPage\":{\"@id\":\"https:\/\/vacances-seasonova.com\/nl\/ils-ont-teste-les-campings-seasonova\/#primaryimage\"},\"datePublished\":\"2021-06-14T08:09:07+00:00\",\"dateModified\":\"2025-08-28T14:50:29+00:00\",\"breadcrumb\":{\"@id\":\"https:\/\/vacances-seasonova.com\/nl\/ils-ont-teste-les-campings-seasonova\/#breadcrumb\"},\"inLanguage\":\"en-US\",\"potentialAction\":[{\"@type\":\"ReadAction\",\"target\":[\"https:\/\/vacances-seasonova.com\/nl\/ils-ont-teste-les-campings-seasonova\/\"]}]},{\"@type\":\"BreadcrumbList\",\"@id\":\"https:\/\/vacances-seasonova.com\/nl\/ils-ont-teste-les-campings-seasonova\/#breadcrumb\",\"itemListElement\":[{\"@type\":\"ListItem\",\"position\":1,\"name\":\"Accueil\",\"item\":\"https:\/\/vacances-seasonova.com\/nl\/\"},{\"@type\":\"ListItem\",\"position\":2,\"name\":\"They tested Seasonova campsites\"}]}]}<\/script>\n<!-- \/ Yoast SEO plugin. -->","yoast_head_json":{"robots":{"index":"index","follow":"follow","max-snippet":"max-snippet:-1","max-image-preview":"max-image-preview:large","max-video-preview":"max-video-preview:-1"},"canonical":"https:\/\/vacances-seasonova.com\/en\/ils-ont-teste-les-campings-seasonova\/","og_locale":"en_US","og_type":"article","og_title":"They tested the Seasonova campsites - Seasonova","og_description":"Trying a Seasonova campsite is much more than just a holiday. If you\u2019re still unsure about choosing Seasonova for your holidays with friends, family, or as a couple, this page is for you. Here you\u2019ll discover [...]","og_url":"https:\/\/vacances-seasonova.com\/nl\/ils-ont-teste-les-campings-seasonova\/","og_site_name":"Seasonova","article_modified_time":"2025-08-28T14:50:29+00:00","og_image":[{"width":675,"height":450,"url":"https:\/\/vacances-seasonova.com\/wp-content\/uploads\/2021\/06\/adobestock_299774645-675x450.jpeg","type":"image\/jpeg"}],"twitter_card":"summary","twitter_misc":{"Est. reading time":"5 minutes"},"schema":{"@context":"https:\/\/schema.org","@graph":[{"@type":"WebSite","@id":"https:\/\/vacances-seasonova.com\/fr\/#website","url":"https:\/\/vacances-seasonova.com\/fr\/","name":"Seasonova","description":"","potentialAction":[{"@type":"SearchAction","target":{"@type":"EntryPoint","urlTemplate":"https:\/\/vacances-seasonova.com\/fr\/?s={search_term_string}"},"query-input":"required name=search_term_string"}],"inLanguage":"en-US"},{"@type":"ImageObject","@id":"https:\/\/vacances-seasonova.com\/nl\/ils-ont-teste-les-campings-seasonova\/#primaryimage","inLanguage":"en-US","url":"https:\/\/vacances-seasonova.com\/wp-content\/uploads\/2021\/06\/adobestock_299774645.jpeg","contentUrl":"https:\/\/vacances-seasonova.com\/wp-content\/uploads\/2021\/06\/adobestock_299774645.jpeg","width":3629,"height":2419,"caption":"Traveler couple camping in the forest and relaxing near campfire after a hard day. Concept of trekking, adventure and seasonal vacation."},{"@type":"WebPage","@id":"https:\/\/vacances-seasonova.com\/nl\/ils-ont-teste-les-campings-seasonova\/#webpage","url":"https:\/\/vacances-seasonova.com\/nl\/ils-ont-teste-les-campings-seasonova\/","name":"They tested the Seasonova campsites - Seasonova","isPartOf":{"@id":"https:\/\/vacances-seasonova.com\/fr\/#website"},"primaryImageOfPage":{"@id":"https:\/\/vacances-seasonova.com\/nl\/ils-ont-teste-les-campings-seasonova\/#primaryimage"},"datePublished":"2021-06-14T08:09:07+00:00","dateModified":"2025-08-28T14:50:29+00:00","breadcrumb":{"@id":"https:\/\/vacances-seasonova.com\/nl\/ils-ont-teste-les-campings-seasonova\/#breadcrumb"},"inLanguage":"en-US","potentialAction":[{"@type":"ReadAction","target":["https:\/\/vacances-seasonova.com\/nl\/ils-ont-teste-les-campings-seasonova\/"]}]},{"@type":"BreadcrumbList","@id":"https:\/\/vacances-seasonova.com\/nl\/ils-ont-teste-les-campings-seasonova\/#breadcrumb","itemListElement":[{"@type":"ListItem","position":1,"name":"Accueil","item":"https:\/\/vacances-seasonova.com\/nl\/"},{"@type":"ListItem","position":2,"name":"They tested Seasonova campsites"}]}]}},"_links":{"self":[{"href":"https:\/\/vacances-seasonova.com\/en\/wp-json\/wp\/v2\/pages\/23135"}],"collection":[{"href":"https:\/\/vacances-seasonova.com\/en\/wp-json\/wp\/v2\/pages"}],"about":[{"href":"https:\/\/vacances-seasonova.com\/en\/wp-json\/wp\/v2\/types\/page"}],"author":[{"embeddable":true,"href":"https:\/\/vacances-seasonova.com\/en\/wp-json\/wp\/v2\/users\/2"}],"replies":[{"embeddable":true,"href":"https:\/\/vacances-seasonova.com\/en\/wp-json\/wp\/v2\/comments?post=23135"}],"version-history":[{"count":5,"href":"https:\/\/vacances-seasonova.com\/en\/wp-json\/wp\/v2\/pages\/23135\/revisions"}],"predecessor-version":[{"id":51796,"href":"https:\/\/vacances-seasonova.com\/en\/wp-json\/wp\/v2\/pages\/23135\/revisions\/51796"}],"wp:featuredmedia":[{"embeddable":true,"href":"https:\/\/vacances-seasonova.com\/en\/wp-json\/wp\/v2\/media\/23136"}],"wp:attachment":[{"href":"https:\/\/vacances-seasonova.com\/en\/wp-json\/wp\/v2\/media?parent=23135"}],"curies":[{"name":"wp","href":"https:\/\/api.w.org\/{rel}","templated":true}]}}