    {"id":25338,"date":"2021-12-17T11:12:54","date_gmt":"2021-12-17T10:12:54","guid":{"rendered":"https:\/\/vacances-seasonova.com\/fr\/?page_id=25338"},"modified":"2021-12-17T11:12:54","modified_gmt":"2021-12-17T10:12:54","slug":"eco-friendly-2","status":"publish","type":"page","link":"https:\/\/vacances-seasonova.com\/en\/eco-friendly-2\/","title":{"rendered":"Eco Friendly"},"content":{"rendered":"<p class=\"qtranxs-available-languages-message qtranxs-available-languages-message-en\">Sorry, this entry is only available in <a href=\"https:\/\/vacances-seasonova.com\/fr\/wp-json\/wp\/v2\/pages\/25338\" class=\"qtranxs-available-language-link qtranxs-available-language-link-fr\" title=\"Fran\u00e7ais\">French<\/a> and <a href=\"https:\/\/vacances-seasonova.com\/de\/wp-json\/wp\/v2\/pages\/25338\" class=\"qtranxs-available-language-link qtranxs-available-language-link-de\" title=\"Deutsch\">German<\/a>.<\/p><p>Vos campings Seasonova s&#8217;engagent, depuis sa cr\u00e9ation, \u00e0 d\u00e9velopper un tourisme responsable. Pour se faire nous souhaitons apporter notre soutien et travailler main dans la main avec les acteurs les plus engag\u00e9s pour les causes qui nous tiennent \u00e0 coeur.<\/p>","protected":false},"excerpt":{"rendered":"<p>Sorry, this entry is only available in French and German.Vos campings Seasonova s&#8217;engagent, depuis sa cr\u00e9ation, \u00e0 d\u00e9velopper un tourisme responsable. Pour se faire nous souhaitons apporter notre soutien et [&#8230;]<\/p>\n","protected":false},"author":2,"featured_media":20437,"parent":0,"menu_order":0,"comment_status":"closed","ping_status":"closed","template":"template-alternance-text-image.php","meta":[],"yoast_head":"<!-- This site is optimized with the Yoast SEO plugin v18.1 - https:\/\/yoast.com\/wordpress\/plugins\/seo\/ -->\n<meta name=\"robots\" content=\"index, follow, max-snippet:-1, max-image-preview:large, max-video-preview:-1\" \/>\n<link rel=\"canonical\" href=\"https:\/\/vacances-seasonova.com\/en\/eco-friendly-2\/\" \/>\n<meta property=\"og:locale\" content=\"en_US\" \/>\n<meta property=\"og:type\" content=\"article\" \/>\n<meta property=\"og:title\" content=\"Eco Friendly - Seasonova\" \/>\n<meta property=\"og:description\" content=\"Sorry, this entry is only available in French and German.Vos campings Seasonova s&#8217;engagent, depuis sa cr\u00e9ation, \u00e0 d\u00e9velopper un tourisme responsable. Pour se faire nous souhaitons apporter notre soutien et [...]\" \/>\n<meta property=\"og:url\" content=\"https:\/\/vacances-seasonova.com\/fr\/eco-friendly-2\/\" \/>\n<meta property=\"og:site_name\" content=\"Seasonova\" \/>\n<meta property=\"og:image\" content=\"https:\/\/vacances-seasonova.com\/wp-content\/uploads\/2021\/01\/adobestock_280779114-675x450.jpeg\" \/>\n\t<meta property=\"og:image:width\" content=\"675\" \/>\n\t<meta property=\"og:image:height\" content=\"450\" \/>\n\t<meta property=\"og:image:type\" content=\"image\/jpeg\" \/>\n<meta name=\"twitter:card\" content=\"summary\" \/>\n<script type=\"application\/ld+json\" class=\"yoast-schema-graph\">{\"@context\":\"https:\/\/schema.org\",\"@graph\":[{\"@type\":\"WebSite\",\"@id\":\"https:\/\/vacances-seasonova.com\/fr\/#website\",\"url\":\"https:\/\/vacances-seasonova.com\/fr\/\",\"name\":\"Seasonova\",\"description\":\"\",\"potentialAction\":[{\"@type\":\"SearchAction\",\"target\":{\"@type\":\"EntryPoint\",\"urlTemplate\":\"https:\/\/vacances-seasonova.com\/fr\/?s={search_term_string}\"},\"query-input\":\"required name=search_term_string\"}],\"inLanguage\":\"en-US\"},{\"@type\":\"ImageObject\",\"@id\":\"https:\/\/vacances-seasonova.com\/fr\/eco-friendly-2\/#primaryimage\",\"inLanguage\":\"en-US\",\"url\":\"https:\/\/vacances-seasonova.com\/wp-content\/uploads\/2021\/01\/adobestock_280779114.jpeg\",\"contentUrl\":\"https:\/\/vacances-seasonova.com\/wp-content\/uploads\/2021\/01\/adobestock_280779114.jpeg\",\"width\":5760,\"height\":3840,\"caption\":\"A woman hand holding a little hedgehog\"},{\"@type\":\"WebPage\",\"@id\":\"https:\/\/vacances-seasonova.com\/fr\/eco-friendly-2\/#webpage\",\"url\":\"https:\/\/vacances-seasonova.com\/fr\/eco-friendly-2\/\",\"name\":\"Eco Friendly - Seasonova\",\"isPartOf\":{\"@id\":\"https:\/\/vacances-seasonova.com\/fr\/#website\"},\"primaryImageOfPage\":{\"@id\":\"https:\/\/vacances-seasonova.com\/fr\/eco-friendly-2\/#primaryimage\"},\"datePublished\":\"2021-12-17T10:12:54+00:00\",\"dateModified\":\"2021-12-17T10:12:54+00:00\",\"breadcrumb\":{\"@id\":\"https:\/\/vacances-seasonova.com\/fr\/eco-friendly-2\/#breadcrumb\"},\"inLanguage\":\"en-US\",\"potentialAction\":[{\"@type\":\"ReadAction\",\"target\":[\"https:\/\/vacances-seasonova.com\/fr\/eco-friendly-2\/\"]}]},{\"@type\":\"BreadcrumbList\",\"@id\":\"https:\/\/vacances-seasonova.com\/fr\/eco-friendly-2\/#breadcrumb\",\"itemListElement\":[{\"@type\":\"ListItem\",\"position\":1,\"name\":\"Accueil\",\"item\":\"https:\/\/vacances-seasonova.com\/nl\/\"},{\"@type\":\"ListItem\",\"position\":2,\"name\":\"Eco Friendly\"}]}]}<\/script>\n<!-- \/ Yoast SEO plugin. -->","yoast_head_json":{"robots":{"index":"index","follow":"follow","max-snippet":"max-snippet:-1","max-image-preview":"max-image-preview:large","max-video-preview":"max-video-preview:-1"},"canonical":"https:\/\/vacances-seasonova.com\/en\/eco-friendly-2\/","og_locale":"en_US","og_type":"article","og_title":"Eco Friendly - Seasonova","og_description":"Sorry, this entry is only available in French and German.Vos campings Seasonova s&#8217;engagent, depuis sa cr\u00e9ation, \u00e0 d\u00e9velopper un tourisme responsable. Pour se faire nous souhaitons apporter notre soutien et [...]","og_url":"https:\/\/vacances-seasonova.com\/fr\/eco-friendly-2\/","og_site_name":"Seasonova","og_image":[{"width":675,"height":450,"url":"https:\/\/vacances-seasonova.com\/wp-content\/uploads\/2021\/01\/adobestock_280779114-675x450.jpeg","type":"image\/jpeg"}],"twitter_card":"summary","schema":{"@context":"https:\/\/schema.org","@graph":[{"@type":"WebSite","@id":"https:\/\/vacances-seasonova.com\/fr\/#website","url":"https:\/\/vacances-seasonova.com\/fr\/","name":"Seasonova","description":"","potentialAction":[{"@type":"SearchAction","target":{"@type":"EntryPoint","urlTemplate":"https:\/\/vacances-seasonova.com\/fr\/?s={search_term_string}"},"query-input":"required name=search_term_string"}],"inLanguage":"en-US"},{"@type":"ImageObject","@id":"https:\/\/vacances-seasonova.com\/fr\/eco-friendly-2\/#primaryimage","inLanguage":"en-US","url":"https:\/\/vacances-seasonova.com\/wp-content\/uploads\/2021\/01\/adobestock_280779114.jpeg","contentUrl":"https:\/\/vacances-seasonova.com\/wp-content\/uploads\/2021\/01\/adobestock_280779114.jpeg","width":5760,"height":3840,"caption":"A woman hand holding a little hedgehog"},{"@type":"WebPage","@id":"https:\/\/vacances-seasonova.com\/fr\/eco-friendly-2\/#webpage","url":"https:\/\/vacances-seasonova.com\/fr\/eco-friendly-2\/","name":"Eco Friendly - Seasonova","isPartOf":{"@id":"https:\/\/vacances-seasonova.com\/fr\/#website"},"primaryImageOfPage":{"@id":"https:\/\/vacances-seasonova.com\/fr\/eco-friendly-2\/#primaryimage"},"datePublished":"2021-12-17T10:12:54+00:00","dateModified":"2021-12-17T10:12:54+00:00","breadcrumb":{"@id":"https:\/\/vacances-seasonova.com\/fr\/eco-friendly-2\/#breadcrumb"},"inLanguage":"en-US","potentialAction":[{"@type":"ReadAction","target":["https:\/\/vacances-seasonova.com\/fr\/eco-friendly-2\/"]}]},{"@type":"BreadcrumbList","@id":"https:\/\/vacances-seasonova.com\/fr\/eco-friendly-2\/#breadcrumb","itemListElement":[{"@type":"ListItem","position":1,"name":"Accueil","item":"https:\/\/vacances-seasonova.com\/nl\/"},{"@type":"ListItem","position":2,"name":"Eco Friendly"}]}]}},"_links":{"self":[{"href":"https:\/\/vacances-seasonova.com\/en\/wp-json\/wp\/v2\/pages\/25338"}],"collection":[{"href":"https:\/\/vacances-seasonova.com\/en\/wp-json\/wp\/v2\/pages"}],"about":[{"href":"https:\/\/vacances-seasonova.com\/en\/wp-json\/wp\/v2\/types\/page"}],"author":[{"embeddable":true,"href":"https:\/\/vacances-seasonova.com\/en\/wp-json\/wp\/v2\/users\/2"}],"replies":[{"embeddable":true,"href":"https:\/\/vacances-seasonova.com\/en\/wp-json\/wp\/v2\/comments?post=25338"}],"version-history":[{"count":0,"href":"https:\/\/vacances-seasonova.com\/en\/wp-json\/wp\/v2\/pages\/25338\/revisions"}],"wp:featuredmedia":[{"embeddable":true,"href":"https:\/\/vacances-seasonova.com\/en\/wp-json\/wp\/v2\/media\/20437"}],"wp:attachment":[{"href":"https:\/\/vacances-seasonova.com\/en\/wp-json\/wp\/v2\/media?parent=25338"}],"curies":[{"name":"wp","href":"https:\/\/api.w.org\/{rel}","templated":true}]}}