    {"id":27644,"date":"2022-05-18T10:30:49","date_gmt":"2022-05-18T08:30:49","guid":{"rendered":"https:\/\/vacances-seasonova.com\/fr\/?page_id=27644"},"modified":"2026-01-12T15:04:26","modified_gmt":"2026-01-12T14:04:26","slug":"les-enveloppes-slow-day","status":"publish","type":"page","link":"https:\/\/vacances-seasonova.com\/en\/les-enveloppes-slow-day\/","title":{"rendered":"Les Enveloppes Slow Day"},"content":{"rendered":"<p><\/p>\n<p>Embark on a \u201cSlow Life\u201d experience for a whole day at one of our Seasonova campsites!<\/p>\n<p>Away from the hustle and bustle of everyday life, have you ever dreamed of living a day at your own pace?<br \/>\nIf the answer is yes, then we have a ready-to-use initiation to share with you!<br \/>\nOur group has partnered with \u201cUne Vie Slow\u201d, represented by Chlo\u00e9 &amp; Nicolas Blin Maginot, to design the \u201cSlow Day\u201d envelope, allowing you to savour the present moment by following key steps, for one day at one of our campsites.<\/p>\n<h2>But what is Slow Life?<\/h2>\n<p>It is above all a quest for meaning: learning to slow down, free yourself from mental overload, connect with what matters most, make space for inspiration and aspirations, and enjoy living in the moment\u2026<\/p>\n<h2>Why this collaboration with \u201cUne Vie Slow\u201d?<\/h2>\n<p>At Seasonova, we believe that well-being is a priority. That\u2019s why we combine our convictions about <a href=\"https:\/\/vacances-seasonova.com\/fr\/vacances-en-camping-seasonova\/lempreinte-seasonova-2-2\/\">Slow Life<\/a> with \u201cUne Vie Slow\u201d to invite our curious campers to reflect on their desires and needs.<br \/>\nWe invite you to experience moments that take care of body and heart, and enjoy holidays in nature! Surprises hidden in the envelopes will nurture complicity and humour as a family or as a couple.<br \/>\nReturning to the essentials for a day is like dancing a good slow\u2026<\/p>\n<h3>\u201cSlow Day\u201d envelopes signed \u201cUne Vie Slow x Seasonova\u201d!<\/h3>\n<p>As a couple or with your family, let yourself be tempted by a day of reconnection with yourself and sharing with your loved ones!<br \/>\nWith your \u201cSlow Day\u201d envelope, access a 100% liberating programme from dawn to dusk. In the form of a guide, you will find recipes, activities, relaxation times\u2026 Your only mission will be to let yourself be guided.<\/p>\n<h3>Where to get your \u201cSlow Day\u201d envelopes?<\/h3>\n<p>Want to experience the slow rhythm? First, book your stay in one of the many<br \/>\n<a href=\"https:\/\/vacances-seasonova.com\/fr\/\">Seasonova Campsites<\/a>, then select the \u201cSlow Day\u201d package (couple or family) when finalising your booking.<br \/>\nYour envelope will be waiting for you directly at the campsite \u2014 all that\u2019s left is to enjoy!<\/p>\n<h2>So, are you ready to try the \u201cSlow Day\u201d experience?!<\/h2>\n<div>\n  <a href=\"https:\/\/bookingpremium.secureholiday.net\/group\/FR\/22\/search\/estab-list?SearchForm.EngineId=1164&amp;SearchForm.BeginDate=&amp;SearchForm.EndDate=&amp;SearchForm.PersonNumber=&amp;SearchForm.EstablishmentIdList%5B0%5D=-1&amp;SearchForm.ProductTypeCodeList%5B0%5D=E&amp;showMap=true\" target=\"_blank\" rel=\"noopener\">Click here<\/a>\n<\/div>\n<p><\/p>","protected":false},"excerpt":{"rendered":"<p>Embark on a \u201cSlow Life\u201d experience for a whole day at one of our Seasonova campsites! Away from the hustle and bustle of everyday life, have you ever dreamed of living a day at your own pace? If the answer is yes, then [&#8230;]<\/p>\n","protected":false},"author":2,"featured_media":27566,"parent":0,"menu_order":0,"comment_status":"closed","ping_status":"closed","template":"","meta":[],"yoast_head":"<!-- This site is optimized with the Yoast SEO plugin v18.1 - https:\/\/yoast.com\/wordpress\/plugins\/seo\/ -->\n<meta name=\"description\" content=\"Profitez de vos vacances pour vivre une Exp\u00e9rience Slow Life dans les Campings SEASONOVA. Nous avons con\u00e7u pour vous un programme in\u00e9dit...\" \/>\n<meta name=\"robots\" content=\"index, follow, max-snippet:-1, max-image-preview:large, max-video-preview:-1\" \/>\n<link rel=\"canonical\" href=\"https:\/\/vacances-seasonova.com\/en\/les-enveloppes-slow-day\/\" \/>\n<meta property=\"og:locale\" content=\"en_US\" \/>\n<meta property=\"og:type\" content=\"article\" \/>\n<meta property=\"og:title\" content=\"Exp\u00e9rience Slow Life\" \/>\n<meta property=\"og:description\" content=\"Profitez de vos vacances pour vivre une Exp\u00e9rience Slow Life dans les Campings SEASONOVA. Nous avons con\u00e7u pour vous un programme in\u00e9dit...\" \/>\n<meta property=\"og:url\" content=\"https:\/\/vacances-seasonova.com\/fr\/les-enveloppes-slow-day\/\" \/>\n<meta property=\"og:site_name\" content=\"Seasonova\" \/>\n<meta property=\"article:modified_time\" content=\"2026-01-12T14:04:26+00:00\" \/>\n<meta property=\"og:image\" content=\"https:\/\/vacances-seasonova.com\/wp-content\/uploads\/2022\/05\/dsc05985-scaled.jpg\" \/>\n\t<meta property=\"og:image:width\" content=\"2560\" \/>\n\t<meta property=\"og:image:height\" content=\"1707\" \/>\n\t<meta property=\"og:image:type\" content=\"image\/jpeg\" \/>\n<meta name=\"twitter:card\" content=\"summary\" \/>\n<meta name=\"twitter:label1\" content=\"Est. reading time\" \/>\n\t<meta name=\"twitter:data1\" content=\"7 minutes\" \/>\n<script type=\"application\/ld+json\" class=\"yoast-schema-graph\">{\"@context\":\"https:\/\/schema.org\",\"@graph\":[{\"@type\":\"WebSite\",\"@id\":\"https:\/\/vacances-seasonova.com\/fr\/#website\",\"url\":\"https:\/\/vacances-seasonova.com\/fr\/\",\"name\":\"Seasonova\",\"description\":\"\",\"potentialAction\":[{\"@type\":\"SearchAction\",\"target\":{\"@type\":\"EntryPoint\",\"urlTemplate\":\"https:\/\/vacances-seasonova.com\/fr\/?s={search_term_string}\"},\"query-input\":\"required name=search_term_string\"}],\"inLanguage\":\"en-US\"},{\"@type\":\"ImageObject\",\"@id\":\"https:\/\/vacances-seasonova.com\/fr\/les-enveloppes-slow-day\/#primaryimage\",\"inLanguage\":\"en-US\",\"url\":\"https:\/\/vacances-seasonova.com\/wp-content\/uploads\/2022\/05\/dsc05985-scaled.jpg\",\"contentUrl\":\"https:\/\/vacances-seasonova.com\/wp-content\/uploads\/2022\/05\/dsc05985-scaled.jpg\",\"width\":2560,\"height\":1707},{\"@type\":\"WebPage\",\"@id\":\"https:\/\/vacances-seasonova.com\/fr\/les-enveloppes-slow-day\/#webpage\",\"url\":\"https:\/\/vacances-seasonova.com\/fr\/les-enveloppes-slow-day\/\",\"name\":\"Exp\u00e9rience Slow Life\",\"isPartOf\":{\"@id\":\"https:\/\/vacances-seasonova.com\/fr\/#website\"},\"primaryImageOfPage\":{\"@id\":\"https:\/\/vacances-seasonova.com\/fr\/les-enveloppes-slow-day\/#primaryimage\"},\"datePublished\":\"2022-05-18T08:30:49+00:00\",\"dateModified\":\"2026-01-12T14:04:26+00:00\",\"description\":\"Profitez de vos vacances pour vivre une Exp\u00e9rience Slow Life dans les Campings SEASONOVA. Nous avons con\u00e7u pour vous un programme in\u00e9dit...\",\"breadcrumb\":{\"@id\":\"https:\/\/vacances-seasonova.com\/fr\/les-enveloppes-slow-day\/#breadcrumb\"},\"inLanguage\":\"en-US\",\"potentialAction\":[{\"@type\":\"ReadAction\",\"target\":[\"https:\/\/vacances-seasonova.com\/fr\/les-enveloppes-slow-day\/\"]}]},{\"@type\":\"BreadcrumbList\",\"@id\":\"https:\/\/vacances-seasonova.com\/fr\/les-enveloppes-slow-day\/#breadcrumb\",\"itemListElement\":[{\"@type\":\"ListItem\",\"position\":1,\"name\":\"Accueil\",\"item\":\"https:\/\/vacances-seasonova.com\/nl\/\"},{\"@type\":\"ListItem\",\"position\":2,\"name\":\"Les Enveloppes Slow Day\"}]}]}<\/script>\n<!-- \/ Yoast SEO plugin. -->","yoast_head_json":{"description":"Profitez de vos vacances pour vivre une Exp\u00e9rience Slow Life dans les Campings SEASONOVA. Nous avons con\u00e7u pour vous un programme in\u00e9dit...","robots":{"index":"index","follow":"follow","max-snippet":"max-snippet:-1","max-image-preview":"max-image-preview:large","max-video-preview":"max-video-preview:-1"},"canonical":"https:\/\/vacances-seasonova.com\/en\/les-enveloppes-slow-day\/","og_locale":"en_US","og_type":"article","og_title":"Exp\u00e9rience Slow Life","og_description":"Profitez de vos vacances pour vivre une Exp\u00e9rience Slow Life dans les Campings SEASONOVA. Nous avons con\u00e7u pour vous un programme in\u00e9dit...","og_url":"https:\/\/vacances-seasonova.com\/fr\/les-enveloppes-slow-day\/","og_site_name":"Seasonova","article_modified_time":"2026-01-12T14:04:26+00:00","og_image":[{"width":2560,"height":1707,"url":"https:\/\/vacances-seasonova.com\/wp-content\/uploads\/2022\/05\/dsc05985-scaled.jpg","type":"image\/jpeg"}],"twitter_card":"summary","twitter_misc":{"Est. reading time":"7 minutes"},"schema":{"@context":"https:\/\/schema.org","@graph":[{"@type":"WebSite","@id":"https:\/\/vacances-seasonova.com\/fr\/#website","url":"https:\/\/vacances-seasonova.com\/fr\/","name":"Seasonova","description":"","potentialAction":[{"@type":"SearchAction","target":{"@type":"EntryPoint","urlTemplate":"https:\/\/vacances-seasonova.com\/fr\/?s={search_term_string}"},"query-input":"required name=search_term_string"}],"inLanguage":"en-US"},{"@type":"ImageObject","@id":"https:\/\/vacances-seasonova.com\/fr\/les-enveloppes-slow-day\/#primaryimage","inLanguage":"en-US","url":"https:\/\/vacances-seasonova.com\/wp-content\/uploads\/2022\/05\/dsc05985-scaled.jpg","contentUrl":"https:\/\/vacances-seasonova.com\/wp-content\/uploads\/2022\/05\/dsc05985-scaled.jpg","width":2560,"height":1707},{"@type":"WebPage","@id":"https:\/\/vacances-seasonova.com\/fr\/les-enveloppes-slow-day\/#webpage","url":"https:\/\/vacances-seasonova.com\/fr\/les-enveloppes-slow-day\/","name":"Exp\u00e9rience Slow Life","isPartOf":{"@id":"https:\/\/vacances-seasonova.com\/fr\/#website"},"primaryImageOfPage":{"@id":"https:\/\/vacances-seasonova.com\/fr\/les-enveloppes-slow-day\/#primaryimage"},"datePublished":"2022-05-18T08:30:49+00:00","dateModified":"2026-01-12T14:04:26+00:00","description":"Profitez de vos vacances pour vivre une Exp\u00e9rience Slow Life dans les Campings SEASONOVA. Nous avons con\u00e7u pour vous un programme in\u00e9dit...","breadcrumb":{"@id":"https:\/\/vacances-seasonova.com\/fr\/les-enveloppes-slow-day\/#breadcrumb"},"inLanguage":"en-US","potentialAction":[{"@type":"ReadAction","target":["https:\/\/vacances-seasonova.com\/fr\/les-enveloppes-slow-day\/"]}]},{"@type":"BreadcrumbList","@id":"https:\/\/vacances-seasonova.com\/fr\/les-enveloppes-slow-day\/#breadcrumb","itemListElement":[{"@type":"ListItem","position":1,"name":"Accueil","item":"https:\/\/vacances-seasonova.com\/nl\/"},{"@type":"ListItem","position":2,"name":"Les Enveloppes Slow Day"}]}]}},"_links":{"self":[{"href":"https:\/\/vacances-seasonova.com\/en\/wp-json\/wp\/v2\/pages\/27644"}],"collection":[{"href":"https:\/\/vacances-seasonova.com\/en\/wp-json\/wp\/v2\/pages"}],"about":[{"href":"https:\/\/vacances-seasonova.com\/en\/wp-json\/wp\/v2\/types\/page"}],"author":[{"embeddable":true,"href":"https:\/\/vacances-seasonova.com\/en\/wp-json\/wp\/v2\/users\/2"}],"replies":[{"embeddable":true,"href":"https:\/\/vacances-seasonova.com\/en\/wp-json\/wp\/v2\/comments?post=27644"}],"version-history":[{"count":64,"href":"https:\/\/vacances-seasonova.com\/en\/wp-json\/wp\/v2\/pages\/27644\/revisions"}],"predecessor-version":[{"id":51764,"href":"https:\/\/vacances-seasonova.com\/en\/wp-json\/wp\/v2\/pages\/27644\/revisions\/51764"}],"wp:featuredmedia":[{"embeddable":true,"href":"https:\/\/vacances-seasonova.com\/en\/wp-json\/wp\/v2\/media\/27566"}],"wp:attachment":[{"href":"https:\/\/vacances-seasonova.com\/en\/wp-json\/wp\/v2\/media?parent=27644"}],"curies":[{"name":"wp","href":"https:\/\/api.w.org\/{rel}","templated":true}]}}