    {"id":3718,"date":"2017-07-19T15:57:49","date_gmt":"2017-07-19T14:57:49","guid":{"rendered":"http:\/\/vacances-seasonova.com\/?page_id=3718"},"modified":"2023-08-02T10:23:15","modified_gmt":"2023-08-02T08:23:15","slug":"culture-patrimoine","status":"publish","type":"page","link":"https:\/\/vacances-seasonova.com\/en\/culture-heritage-of-normandy\/","title":{"rendered":"Cultuur &#038; erfgoed"},"content":{"rendered":"<p class=\"qtranxs-available-languages-message qtranxs-available-languages-message-en\">Sorry, this entry is only available in <a href=\"https:\/\/vacances-seasonova.com\/fr\/wp-json\/wp\/v2\/pages\/3718\" class=\"qtranxs-available-language-link qtranxs-available-language-link-fr\" title=\"Fran\u00e7ais\">French<\/a>, <a href=\"https:\/\/vacances-seasonova.com\/de\/wp-json\/wp\/v2\/pages\/3718\" class=\"qtranxs-available-language-link qtranxs-available-language-link-de\" title=\"Deutsch\">German<\/a> and <a href=\"https:\/\/vacances-seasonova.com\/nl\/wp-json\/wp\/v2\/pages\/3718\" class=\"qtranxs-available-language-link qtranxs-available-language-link-nl\" title=\"Nederlands\">Dutch<\/a>.<\/p><p><\/p>\n<h3>CULTURE ET PATRIMOINE DE NORMANDIE<\/h3>\n<h2>Le chateau de Caen<\/h2>\n<div class=\"row\">\n<div class=\"col-lg-4\"><img src=\"https:\/\/vacances-seasonova.com\/wp-content\/uploads\/2017\/08\/CAEN-CHATEAU.png\" \/><\/div>\n<div class=\"col-lg-8\">Construit vers 1060 par Guillaume le Conqu\u00e9rant, duc de Normandie, le ch\u00e2teau de Caen offre de nouvelles vues sur la ville depuis le belv\u00e9d\u00e8re am\u00e9nag\u00e9 sur le rempart restaur\u00e9. Pass\u00e9es les portes fortifi\u00e9es, on p\u00e9n\u00e8tre dans &#8220;l&#8217;enceinte des mus\u00e9es&#8221; &#8211; Mus\u00e9e de Normandie, Mus\u00e9e des Beaux-Arts &#8211; espace d&#8217;expositions, de spectacles, de d\u00e9couvertes et de d\u00e9tente.<\/div>\n<\/div>\n<h2>Le chateau de Vendeuvre<\/h2>\n<div class=\"row\">\n<div class=\"col-lg-4\"><img src=\"https:\/\/vacances-seasonova.com\/wp-content\/uploads\/2017\/08\/VENDEUVRE-PAYSDAUGE-CHATEAU-PATRIMOINE-PARC-JARDIN410-L.DURAND-CALVADOS-TOURISME-LIBRE.jpg\" \/><\/div>\n<div class=\"col-lg-8\">Vendeuvre, Ce ch\u00e2teau class\u00e9 Monument Historique du 18e, est toujours habit\u00e9 par la famille de Vendeuvre, dans le mus\u00e9e, la premi\u00e8re collection au monde de mobilier miniature. A l\u2019int\u00e9rieur, d\u00e9couverte dans les salons meubl\u00e9s, de l\u2019art de vivre au 18e si\u00e8cle avec des automates. Dur\u00e9e de la visite libre : 1h30\/2 h.<br \/>\nEn savoir plus : <a href=\"https:\/\/www.vendeuvre.com\">https:\/\/www.vendeuvre.com<\/a><\/div>\n<\/div>\n<h2>Le Memorial<\/h2>\n<div class=\"row\">\n<div class=\"col-lg-4\"><img src=\"https:\/\/vacances-seasonova.com\/wp-content\/uploads\/2017\/08\/CAEN-MUSEE-MEMORIAL-DEBARQUEMENT-07031-L.DURAND-CALVADOS-TOURISME-LIBRE.png\" \/><\/div>\n<div class=\"col-lg-8\">\n<blockquote><p>La douleur m&#8217;a bris\u00e9e, la fraternit\u00e9 m&#8217;a relev\u00e9e, de ma blessure a jailli un fleuve de libert\u00e9<\/p><\/blockquote>\n<p><em>phrase de Paul Dorey (po\u00e8te), inscrite sur la fa\u00e7ade<\/em><br \/>\nle M\u00e9morial de Caen est construit sur un ancien bunker. Cet abri \u00e9tait l\u2019ancien poste de commandement allemand, celui du G\u00e9n\u00e9ral Richter.<br \/>\nVous pouvez visiter ce M\u00e9morial normand avec des enfants, \u00e0 partir de 10-12 ans. La visite est p\u00e9dagogique, ce mus\u00e9e ne porte pas seulement sur la Seconde Guerre mondiale, mais aussi sur la guerre des tranch\u00e9es et la Guerre Froide<br \/>\nEn savoir plus :\u00a0<a href=\"https:\/\/www.memorial-caen.fr\">https:\/\/www.memorial-caen.fr<\/a><\/p>\n<\/div>\n<\/div>\n<h2>Les Plages du d\u00e9barquement &#8211; 6 juin 1944<\/h2>\n<div class=\"row\">\n<div class=\"col-lg-4\"><img src=\"https:\/\/vacances-seasonova.com\/wp-content\/uploads\/2016\/08\/carte-plage-debarquement.jpg\" \/><\/div>\n<div class=\"col-lg-8\">\n<p>La France, par sa c\u00f4te Normande, est le th\u00e9\u00e2tre de ce qui sera un chapitre d\u00e9cisif de son histoire, d\u00e9cisif dans le d\u00e9nouement de la seconde guerre mondiale, d\u00e9cisif dans l\u2019histoire du monde.<\/p>\n<\/div>\n<\/div>\n<h2>Mus\u00e9e M\u00e9morial Omaha Beach<\/h2>\n<div class=\"row\">\n<div class=\"col-lg-4\"><img src=\"https:\/\/vacances-seasonova.com\/wp-content\/uploads\/2016\/09\/MUSEE-MEMORIAL-D-OMAHA-BEACH-JPG.jpg\" \/><\/div>\n<div class=\"col-lg-8\">\n<p>Le mus\u00e9e M\u00e9morial d\u2019Omaha Beach \u00e0 Saint-Laurent-sur-Mer en Normandie a \u00e9t\u00e9 cr\u00e9e afin de perp\u00e9tuer le souvenir et le respect de tous ces hommes qui d\u00e9barqu\u00e8rent \u00e0 Omaha Beach en Normandie. Il a \u00e9t\u00e9 con\u00e7u dans le but de pr\u00e9server la m\u00e9moire de tous ces jeunes gens morts en 1944 lors du D-DAY, et pour lesquels nous nous devons de conserver leur souvenir afin que les jeunes g\u00e9n\u00e9rations n\u2019oublient jamais \u00e0 quel prix nous avons obtenu notre libert\u00e9.<\/p>\n<\/div>\n<\/div>\n<h2>Riva Bella, une station baln\u00e9aire de renom<\/h2>\n<div class=\"row\">\n<div class=\"col-lg-4\"><img src=\"https:\/\/vacances-seasonova.com\/wp-content\/uploads\/2016\/10\/\u00a9-Ville-Ouistreham-Riva-Bella-8.jpg\" \/><\/div>\n<div class=\"col-lg-8\">\n<p>Situ\u00e9e sur la C\u00f4te de Nacre, Ouistreham jouit d\u2019une animation constante tout au long de l\u2019ann\u00e9e.<br \/>\nVenez profiter de sa plage de sable fin qui s\u2019\u00e9tend sur 2 kilom\u00e8tres, de son casino, son mini-golf, ses activit\u00e9s nautiques son centre-\u00e9questre\u2026. Prenez le temps de fl\u00e2ner sur le port et son march\u00e9 aux poissons quotidien et d\u2019admirer en passant le phare de 1905.<\/p>\n<\/div>\n<\/div>\n<hr \/>\n<h3 style=\"margin-top: 10%;\">CULTURE ET PATRIMOINE DES PAYS DE LA LOIRE<\/h3>\n<h2>Vacances nature et d\u00e9couverte<\/h2>\n<div class=\"row\">\n<div class=\"col-lg-4\"><img src=\"https:\/\/vacances-seasonova.com\/wp-content\/uploads\/2016\/09\/Ledrakkar.jpg\" \/><\/div>\n<div class=\"col-lg-8\">\n<h4>PARCS \u00c0 TH\u00c8ME<\/h4>\n<ul>\n<li>Puy du Fou<\/li>\n<li>Terra Botanica<\/li>\n<li>L\u2019Arche<\/li>\n<\/ul>\n<\/div>\n<\/div>\n<p><\/p>","protected":false},"excerpt":{"rendered":"<p>Sorry, this entry is only available in French, German and Dutch. CULTURE ET PATRIMOINE DE NORMANDIE Le chateau de Caen Construit vers 1060 par Guillaume le Conqu\u00e9rant, duc de Normandie, le ch\u00e2teau de Caen offre de [&#8230;]<\/p>\n","protected":false},"author":2,"featured_media":3866,"parent":0,"menu_order":0,"comment_status":"closed","ping_status":"closed","template":"page.php","meta":[],"yoast_head":"<!-- This site is optimized with the Yoast SEO plugin v18.1 - https:\/\/yoast.com\/wordpress\/plugins\/seo\/ -->\n<meta name=\"robots\" content=\"index, follow, max-snippet:-1, max-image-preview:large, max-video-preview:-1\" \/>\n<link rel=\"canonical\" href=\"https:\/\/vacances-seasonova.com\/en\/geschichte-kulturelles-erbe\/\" \/>\n<meta property=\"og:locale\" content=\"en_US\" \/>\n<meta property=\"og:type\" content=\"article\" \/>\n<meta property=\"og:title\" content=\"Cultuur &#038; erfgoed - Seasonova\" \/>\n<meta property=\"og:description\" content=\"Sorry, this entry is only available in French, German and Dutch. CULTURE ET PATRIMOINE DE NORMANDIE Le chateau de Caen Construit vers 1060 par Guillaume le Conqu\u00e9rant, duc de Normandie, le ch\u00e2teau de Caen offre de [...]\" \/>\n<meta property=\"og:url\" content=\"https:\/\/vacances-seasonova.com\/de\/geschichte-kulturelles-erbe\/\" \/>\n<meta property=\"og:site_name\" content=\"Seasonova\" \/>\n<meta property=\"article:modified_time\" content=\"2023-08-02T08:23:15+00:00\" \/>\n<meta property=\"og:image\" content=\"https:\/\/vacances-seasonova.com\/wp-content\/uploads\/2017\/07\/culture-patrimoine-1.png\" \/>\n\t<meta property=\"og:image:width\" content=\"1500\" \/>\n\t<meta property=\"og:image:height\" content=\"400\" \/>\n\t<meta property=\"og:image:type\" content=\"image\/png\" \/>\n<meta name=\"twitter:card\" content=\"summary\" \/>\n<meta name=\"twitter:label1\" content=\"Est. reading time\" \/>\n\t<meta name=\"twitter:data1\" content=\"7 minutes\" \/>\n<script type=\"application\/ld+json\" class=\"yoast-schema-graph\">{\"@context\":\"https:\/\/schema.org\",\"@graph\":[{\"@type\":\"WebSite\",\"@id\":\"https:\/\/vacances-seasonova.com\/fr\/#website\",\"url\":\"https:\/\/vacances-seasonova.com\/fr\/\",\"name\":\"Seasonova\",\"description\":\"\",\"potentialAction\":[{\"@type\":\"SearchAction\",\"target\":{\"@type\":\"EntryPoint\",\"urlTemplate\":\"https:\/\/vacances-seasonova.com\/fr\/?s={search_term_string}\"},\"query-input\":\"required name=search_term_string\"}],\"inLanguage\":\"en-US\"},{\"@type\":\"ImageObject\",\"@id\":\"https:\/\/vacances-seasonova.com\/de\/geschichte-kulturelles-erbe\/#primaryimage\",\"inLanguage\":\"en-US\",\"url\":\"https:\/\/vacances-seasonova.com\/wp-content\/uploads\/2017\/07\/culture-patrimoine-1.png\",\"contentUrl\":\"https:\/\/vacances-seasonova.com\/wp-content\/uploads\/2017\/07\/culture-patrimoine-1.png\",\"width\":1500,\"height\":400,\"caption\":\"culture-patrimoine\"},{\"@type\":\"WebPage\",\"@id\":\"https:\/\/vacances-seasonova.com\/de\/geschichte-kulturelles-erbe\/#webpage\",\"url\":\"https:\/\/vacances-seasonova.com\/de\/geschichte-kulturelles-erbe\/\",\"name\":\"Cultuur &#038; erfgoed - Seasonova\",\"isPartOf\":{\"@id\":\"https:\/\/vacances-seasonova.com\/fr\/#website\"},\"primaryImageOfPage\":{\"@id\":\"https:\/\/vacances-seasonova.com\/de\/geschichte-kulturelles-erbe\/#primaryimage\"},\"datePublished\":\"2017-07-19T14:57:49+00:00\",\"dateModified\":\"2023-08-02T08:23:15+00:00\",\"breadcrumb\":{\"@id\":\"https:\/\/vacances-seasonova.com\/de\/geschichte-kulturelles-erbe\/#breadcrumb\"},\"inLanguage\":\"en-US\",\"potentialAction\":[{\"@type\":\"ReadAction\",\"target\":[\"https:\/\/vacances-seasonova.com\/de\/geschichte-kulturelles-erbe\/\"]}]},{\"@type\":\"BreadcrumbList\",\"@id\":\"https:\/\/vacances-seasonova.com\/de\/geschichte-kulturelles-erbe\/#breadcrumb\",\"itemListElement\":[{\"@type\":\"ListItem\",\"position\":1,\"name\":\"Accueil\",\"item\":\"https:\/\/vacances-seasonova.com\/nl\/\"},{\"@type\":\"ListItem\",\"position\":2,\"name\":\"Cultuur &#038; erfgoed\"}]}]}<\/script>\n<!-- \/ Yoast SEO plugin. -->","yoast_head_json":{"robots":{"index":"index","follow":"follow","max-snippet":"max-snippet:-1","max-image-preview":"max-image-preview:large","max-video-preview":"max-video-preview:-1"},"canonical":"https:\/\/vacances-seasonova.com\/en\/geschichte-kulturelles-erbe\/","og_locale":"en_US","og_type":"article","og_title":"Cultuur &#038; erfgoed - Seasonova","og_description":"Sorry, this entry is only available in French, German and Dutch. CULTURE ET PATRIMOINE DE NORMANDIE Le chateau de Caen Construit vers 1060 par Guillaume le Conqu\u00e9rant, duc de Normandie, le ch\u00e2teau de Caen offre de [...]","og_url":"https:\/\/vacances-seasonova.com\/de\/geschichte-kulturelles-erbe\/","og_site_name":"Seasonova","article_modified_time":"2023-08-02T08:23:15+00:00","og_image":[{"width":1500,"height":400,"url":"https:\/\/vacances-seasonova.com\/wp-content\/uploads\/2017\/07\/culture-patrimoine-1.png","type":"image\/png"}],"twitter_card":"summary","twitter_misc":{"Est. reading time":"7 minutes"},"schema":{"@context":"https:\/\/schema.org","@graph":[{"@type":"WebSite","@id":"https:\/\/vacances-seasonova.com\/fr\/#website","url":"https:\/\/vacances-seasonova.com\/fr\/","name":"Seasonova","description":"","potentialAction":[{"@type":"SearchAction","target":{"@type":"EntryPoint","urlTemplate":"https:\/\/vacances-seasonova.com\/fr\/?s={search_term_string}"},"query-input":"required name=search_term_string"}],"inLanguage":"en-US"},{"@type":"ImageObject","@id":"https:\/\/vacances-seasonova.com\/de\/geschichte-kulturelles-erbe\/#primaryimage","inLanguage":"en-US","url":"https:\/\/vacances-seasonova.com\/wp-content\/uploads\/2017\/07\/culture-patrimoine-1.png","contentUrl":"https:\/\/vacances-seasonova.com\/wp-content\/uploads\/2017\/07\/culture-patrimoine-1.png","width":1500,"height":400,"caption":"culture-patrimoine"},{"@type":"WebPage","@id":"https:\/\/vacances-seasonova.com\/de\/geschichte-kulturelles-erbe\/#webpage","url":"https:\/\/vacances-seasonova.com\/de\/geschichte-kulturelles-erbe\/","name":"Cultuur &#038; erfgoed - Seasonova","isPartOf":{"@id":"https:\/\/vacances-seasonova.com\/fr\/#website"},"primaryImageOfPage":{"@id":"https:\/\/vacances-seasonova.com\/de\/geschichte-kulturelles-erbe\/#primaryimage"},"datePublished":"2017-07-19T14:57:49+00:00","dateModified":"2023-08-02T08:23:15+00:00","breadcrumb":{"@id":"https:\/\/vacances-seasonova.com\/de\/geschichte-kulturelles-erbe\/#breadcrumb"},"inLanguage":"en-US","potentialAction":[{"@type":"ReadAction","target":["https:\/\/vacances-seasonova.com\/de\/geschichte-kulturelles-erbe\/"]}]},{"@type":"BreadcrumbList","@id":"https:\/\/vacances-seasonova.com\/de\/geschichte-kulturelles-erbe\/#breadcrumb","itemListElement":[{"@type":"ListItem","position":1,"name":"Accueil","item":"https:\/\/vacances-seasonova.com\/nl\/"},{"@type":"ListItem","position":2,"name":"Cultuur &#038; erfgoed"}]}]}},"_links":{"self":[{"href":"https:\/\/vacances-seasonova.com\/en\/wp-json\/wp\/v2\/pages\/3718"}],"collection":[{"href":"https:\/\/vacances-seasonova.com\/en\/wp-json\/wp\/v2\/pages"}],"about":[{"href":"https:\/\/vacances-seasonova.com\/en\/wp-json\/wp\/v2\/types\/page"}],"author":[{"embeddable":true,"href":"https:\/\/vacances-seasonova.com\/en\/wp-json\/wp\/v2\/users\/2"}],"replies":[{"embeddable":true,"href":"https:\/\/vacances-seasonova.com\/en\/wp-json\/wp\/v2\/comments?post=3718"}],"version-history":[{"count":5,"href":"https:\/\/vacances-seasonova.com\/en\/wp-json\/wp\/v2\/pages\/3718\/revisions"}],"predecessor-version":[{"id":38245,"href":"https:\/\/vacances-seasonova.com\/en\/wp-json\/wp\/v2\/pages\/3718\/revisions\/38245"}],"wp:featuredmedia":[{"embeddable":true,"href":"https:\/\/vacances-seasonova.com\/en\/wp-json\/wp\/v2\/media\/3866"}],"wp:attachment":[{"href":"https:\/\/vacances-seasonova.com\/en\/wp-json\/wp\/v2\/media?parent=3718"}],"curies":[{"name":"wp","href":"https:\/\/api.w.org\/{rel}","templated":true}]}}