    {"id":3980,"date":"2017-08-22T13:35:51","date_gmt":"2017-08-22T12:35:51","guid":{"rendered":"http:\/\/vacances-seasonova.com\/?page_id=3980"},"modified":"2021-03-24T13:17:37","modified_gmt":"2021-03-24T12:17:37","slug":"studio-largentiere","status":"publish","type":"page","link":"https:\/\/vacances-seasonova.com\/en\/holiday-rental-in-france\/location-chalet-saint-sorlin\/location-chalet-saint-sorlin-2\/studio-largentiere\/","title":{"rendered":"Studio &#8220;L&#8217;Argenti\u00e8re&#8221;"},"content":{"rendered":"<p class=\"qtranxs-available-languages-message qtranxs-available-languages-message-en\">Sorry, this entry is only available in <a href=\"https:\/\/vacances-seasonova.com\/fr\/wp-json\/wp\/v2\/pages\/3980\" class=\"qtranxs-available-language-link qtranxs-available-language-link-fr\" title=\"Fran\u00e7ais\">French<\/a> and <a href=\"https:\/\/vacances-seasonova.com\/de\/wp-json\/wp\/v2\/pages\/3980\" class=\"qtranxs-available-language-link qtranxs-available-language-link-de\" title=\"Deutsch\">German<\/a>.<\/p><p><\/p>\n<ul>\n<li>45 m\u00b2 \u2013 jusqu\u2019\u00e0 4 pers.<\/li>\n<li>2 chambres ( une chambre ouverte avec lit double 140x190cm et une chambre avec 2 lits simples 90x190xm)<\/li>\n<li>cuisine \u00e9quip\u00e9e, salon et salle \u00e0 manger<\/li>\n<li>salle de bain et WC s\u00e9par\u00e9<\/li>\n<li>balcon expos\u00e9 plein sud<\/li>\n<\/ul>\n<p><div id=\"metaslider-id-4010\" style=\"width: 100%;\" class=\"ml-slider-3-61-0 metaslider metaslider-flex metaslider-4010 ml-slider ms-theme-default\" role=\"region\" aria-roledescription=\"Slideshow\" aria-label=\"studio avec balcon\">\n    <div id=\"metaslider_container_4010\">\n        <div id=\"metaslider_4010\">\n            <ul aria-live=\"polite\" class=\"slides\">\n                <li style=\"display: block; width: 100%;\" class=\"slide-4014 ms-image \" aria-roledescription=\"slide\" aria-label=\"slide-4014\"><img src=\"https:\/\/vacances-seasonova.com\/wp-content\/uploads\/2017\/08\/cuisine.jpg\" height=\"450\" width=\"680\" alt=\"\" class=\"slider-4010 slide-4014\" \/><\/li>\n                <li style=\"display: none; width: 100%;\" class=\"slide-4016 ms-image \" aria-roledescription=\"slide\" aria-label=\"slide-4016\"><img src=\"https:\/\/vacances-seasonova.com\/wp-content\/uploads\/2017\/08\/vue-pistes.jpg\" height=\"450\" width=\"680\" alt=\"\" class=\"slider-4010 slide-4016\" \/><\/li>\n            <\/ul>\n        <\/div>\n        \n    <\/div>\n<\/div><\/p>","protected":false},"excerpt":{"rendered":"<p>Sorry, this entry is only available in French and German. 45 m\u00b2 \u2013 jusqu\u2019\u00e0 4 pers. 2 chambres ( une chambre ouverte avec lit double 140x190cm et une chambre avec 2 lits simples 90x190xm) cuisine \u00e9quip\u00e9e, salon et [&#8230;]<\/p>\n","protected":false},"author":2,"featured_media":3946,"parent":9212,"menu_order":0,"comment_status":"closed","ping_status":"closed","template":"page-les-locations.php","meta":[],"yoast_head":"<!-- This site is optimized with the Yoast SEO plugin v18.1 - https:\/\/yoast.com\/wordpress\/plugins\/seo\/ -->\n<meta name=\"robots\" content=\"index, follow, max-snippet:-1, max-image-preview:large, max-video-preview:-1\" \/>\n<link rel=\"canonical\" href=\"https:\/\/vacances-seasonova.com\/en\/vakantiewoningen-in-frankrijk\/location-chalet-saint-sorlin\/location-chalet-saint-sorlin-2\/studio-largentiere\/\" \/>\n<meta property=\"og:locale\" content=\"en_US\" \/>\n<meta property=\"og:type\" content=\"article\" \/>\n<meta property=\"og:title\" content=\"Studio \u00ab\u00a0L&rsquo;Argenti\u00e8re\u00a0\u00bb - Seasonova\" \/>\n<meta property=\"og:description\" content=\"Sorry, this entry is only available in French and German. 45 m\u00b2 \u2013 jusqu\u2019\u00e0 4 pers. 2 chambres ( une chambre ouverte avec lit double 140x190cm et une chambre avec 2 lits simples 90x190xm) cuisine \u00e9quip\u00e9e, salon et [...]\" \/>\n<meta property=\"og:url\" content=\"https:\/\/vacances-seasonova.com\/nl\/vakantiewoningen-in-frankrijk\/location-chalet-saint-sorlin\/location-chalet-saint-sorlin-2\/studio-largentiere\/\" \/>\n<meta property=\"og:site_name\" content=\"Seasonova\" \/>\n<meta property=\"article:modified_time\" content=\"2021-03-24T12:17:37+00:00\" \/>\n<meta property=\"og:image\" content=\"https:\/\/vacances-seasonova.com\/wp-content\/uploads\/2017\/08\/chalet.png\" \/>\n\t<meta property=\"og:image:width\" content=\"1480\" \/>\n\t<meta property=\"og:image:height\" content=\"460\" \/>\n\t<meta property=\"og:image:type\" content=\"image\/png\" \/>\n<meta name=\"twitter:card\" content=\"summary\" \/>\n<script type=\"application\/ld+json\" class=\"yoast-schema-graph\">{\"@context\":\"https:\/\/schema.org\",\"@graph\":[{\"@type\":\"WebSite\",\"@id\":\"https:\/\/vacances-seasonova.com\/fr\/#website\",\"url\":\"https:\/\/vacances-seasonova.com\/fr\/\",\"name\":\"Seasonova\",\"description\":\"\",\"potentialAction\":[{\"@type\":\"SearchAction\",\"target\":{\"@type\":\"EntryPoint\",\"urlTemplate\":\"https:\/\/vacances-seasonova.com\/fr\/?s={search_term_string}\"},\"query-input\":\"required name=search_term_string\"}],\"inLanguage\":\"en-US\"},{\"@type\":\"ImageObject\",\"@id\":\"https:\/\/vacances-seasonova.com\/nl\/vakantiewoningen-in-frankrijk\/location-chalet-saint-sorlin\/location-chalet-saint-sorlin-2\/studio-largentiere\/#primaryimage\",\"inLanguage\":\"en-US\",\"url\":\"https:\/\/vacances-seasonova.com\/wp-content\/uploads\/2017\/08\/chalet.png\",\"contentUrl\":\"https:\/\/vacances-seasonova.com\/wp-content\/uploads\/2017\/08\/chalet.png\",\"width\":1480,\"height\":460,\"caption\":\"location-appartement-saint-sorlin-Le-Fanou-de-Saint-Sorlin-chalet\"},{\"@type\":\"WebPage\",\"@id\":\"https:\/\/vacances-seasonova.com\/nl\/vakantiewoningen-in-frankrijk\/location-chalet-saint-sorlin\/location-chalet-saint-sorlin-2\/studio-largentiere\/#webpage\",\"url\":\"https:\/\/vacances-seasonova.com\/nl\/vakantiewoningen-in-frankrijk\/location-chalet-saint-sorlin\/location-chalet-saint-sorlin-2\/studio-largentiere\/\",\"name\":\"Studio \u00ab\u00a0L&rsquo;Argenti\u00e8re\u00a0\u00bb - Seasonova\",\"isPartOf\":{\"@id\":\"https:\/\/vacances-seasonova.com\/fr\/#website\"},\"primaryImageOfPage\":{\"@id\":\"https:\/\/vacances-seasonova.com\/nl\/vakantiewoningen-in-frankrijk\/location-chalet-saint-sorlin\/location-chalet-saint-sorlin-2\/studio-largentiere\/#primaryimage\"},\"datePublished\":\"2017-08-22T12:35:51+00:00\",\"dateModified\":\"2021-03-24T12:17:37+00:00\",\"breadcrumb\":{\"@id\":\"https:\/\/vacances-seasonova.com\/nl\/vakantiewoningen-in-frankrijk\/location-chalet-saint-sorlin\/location-chalet-saint-sorlin-2\/studio-largentiere\/#breadcrumb\"},\"inLanguage\":\"en-US\",\"potentialAction\":[{\"@type\":\"ReadAction\",\"target\":[\"https:\/\/vacances-seasonova.com\/nl\/vakantiewoningen-in-frankrijk\/location-chalet-saint-sorlin\/location-chalet-saint-sorlin-2\/studio-largentiere\/\"]}]},{\"@type\":\"BreadcrumbList\",\"@id\":\"https:\/\/vacances-seasonova.com\/nl\/vakantiewoningen-in-frankrijk\/location-chalet-saint-sorlin\/location-chalet-saint-sorlin-2\/studio-largentiere\/#breadcrumb\",\"itemListElement\":[{\"@type\":\"ListItem\",\"position\":1,\"name\":\"Accueil\",\"item\":\"https:\/\/vacances-seasonova.com\/nl\/\"},{\"@type\":\"ListItem\",\"position\":2,\"name\":\"Locations de vacances\",\"item\":\"https:\/\/vacances-seasonova.com\/nl\/vakantiewoningen-in-frankrijk\/\"},{\"@type\":\"ListItem\",\"position\":3,\"name\":\"Our Mountain Chalet\",\"item\":\"https:\/\/vacances-seasonova.com\/nl\/vakantiewoningen-in-frankrijk\/location-chalet-saint-sorlin\/\"},{\"@type\":\"ListItem\",\"position\":4,\"name\":\"Chaletvermietung in Saint Sorlin d&#8217;Arves\",\"item\":\"https:\/\/vacances-seasonova.com\/nl\/vakantiewoningen-in-frankrijk\/location-chalet-saint-sorlin\/location-chalet-saint-sorlin-2\/\"},{\"@type\":\"ListItem\",\"position\":5,\"name\":\"Studio &#8220;L&#8217;Argenti\u00e8re&#8221;\"}]}]}<\/script>\n<!-- \/ Yoast SEO plugin. -->","yoast_head_json":{"robots":{"index":"index","follow":"follow","max-snippet":"max-snippet:-1","max-image-preview":"max-image-preview:large","max-video-preview":"max-video-preview:-1"},"canonical":"https:\/\/vacances-seasonova.com\/en\/vakantiewoningen-in-frankrijk\/location-chalet-saint-sorlin\/location-chalet-saint-sorlin-2\/studio-largentiere\/","og_locale":"en_US","og_type":"article","og_title":"Studio \u00ab\u00a0L&rsquo;Argenti\u00e8re\u00a0\u00bb - Seasonova","og_description":"Sorry, this entry is only available in French and German. 45 m\u00b2 \u2013 jusqu\u2019\u00e0 4 pers. 2 chambres ( une chambre ouverte avec lit double 140x190cm et une chambre avec 2 lits simples 90x190xm) cuisine \u00e9quip\u00e9e, salon et [...]","og_url":"https:\/\/vacances-seasonova.com\/nl\/vakantiewoningen-in-frankrijk\/location-chalet-saint-sorlin\/location-chalet-saint-sorlin-2\/studio-largentiere\/","og_site_name":"Seasonova","article_modified_time":"2021-03-24T12:17:37+00:00","og_image":[{"width":1480,"height":460,"url":"https:\/\/vacances-seasonova.com\/wp-content\/uploads\/2017\/08\/chalet.png","type":"image\/png"}],"twitter_card":"summary","schema":{"@context":"https:\/\/schema.org","@graph":[{"@type":"WebSite","@id":"https:\/\/vacances-seasonova.com\/fr\/#website","url":"https:\/\/vacances-seasonova.com\/fr\/","name":"Seasonova","description":"","potentialAction":[{"@type":"SearchAction","target":{"@type":"EntryPoint","urlTemplate":"https:\/\/vacances-seasonova.com\/fr\/?s={search_term_string}"},"query-input":"required name=search_term_string"}],"inLanguage":"en-US"},{"@type":"ImageObject","@id":"https:\/\/vacances-seasonova.com\/nl\/vakantiewoningen-in-frankrijk\/location-chalet-saint-sorlin\/location-chalet-saint-sorlin-2\/studio-largentiere\/#primaryimage","inLanguage":"en-US","url":"https:\/\/vacances-seasonova.com\/wp-content\/uploads\/2017\/08\/chalet.png","contentUrl":"https:\/\/vacances-seasonova.com\/wp-content\/uploads\/2017\/08\/chalet.png","width":1480,"height":460,"caption":"location-appartement-saint-sorlin-Le-Fanou-de-Saint-Sorlin-chalet"},{"@type":"WebPage","@id":"https:\/\/vacances-seasonova.com\/nl\/vakantiewoningen-in-frankrijk\/location-chalet-saint-sorlin\/location-chalet-saint-sorlin-2\/studio-largentiere\/#webpage","url":"https:\/\/vacances-seasonova.com\/nl\/vakantiewoningen-in-frankrijk\/location-chalet-saint-sorlin\/location-chalet-saint-sorlin-2\/studio-largentiere\/","name":"Studio \u00ab\u00a0L&rsquo;Argenti\u00e8re\u00a0\u00bb - Seasonova","isPartOf":{"@id":"https:\/\/vacances-seasonova.com\/fr\/#website"},"primaryImageOfPage":{"@id":"https:\/\/vacances-seasonova.com\/nl\/vakantiewoningen-in-frankrijk\/location-chalet-saint-sorlin\/location-chalet-saint-sorlin-2\/studio-largentiere\/#primaryimage"},"datePublished":"2017-08-22T12:35:51+00:00","dateModified":"2021-03-24T12:17:37+00:00","breadcrumb":{"@id":"https:\/\/vacances-seasonova.com\/nl\/vakantiewoningen-in-frankrijk\/location-chalet-saint-sorlin\/location-chalet-saint-sorlin-2\/studio-largentiere\/#breadcrumb"},"inLanguage":"en-US","potentialAction":[{"@type":"ReadAction","target":["https:\/\/vacances-seasonova.com\/nl\/vakantiewoningen-in-frankrijk\/location-chalet-saint-sorlin\/location-chalet-saint-sorlin-2\/studio-largentiere\/"]}]},{"@type":"BreadcrumbList","@id":"https:\/\/vacances-seasonova.com\/nl\/vakantiewoningen-in-frankrijk\/location-chalet-saint-sorlin\/location-chalet-saint-sorlin-2\/studio-largentiere\/#breadcrumb","itemListElement":[{"@type":"ListItem","position":1,"name":"Accueil","item":"https:\/\/vacances-seasonova.com\/nl\/"},{"@type":"ListItem","position":2,"name":"Locations de vacances","item":"https:\/\/vacances-seasonova.com\/nl\/vakantiewoningen-in-frankrijk\/"},{"@type":"ListItem","position":3,"name":"Our Mountain Chalet","item":"https:\/\/vacances-seasonova.com\/nl\/vakantiewoningen-in-frankrijk\/location-chalet-saint-sorlin\/"},{"@type":"ListItem","position":4,"name":"Chaletvermietung in Saint Sorlin d&#8217;Arves","item":"https:\/\/vacances-seasonova.com\/nl\/vakantiewoningen-in-frankrijk\/location-chalet-saint-sorlin\/location-chalet-saint-sorlin-2\/"},{"@type":"ListItem","position":5,"name":"Studio &#8220;L&#8217;Argenti\u00e8re&#8221;"}]}]}},"_links":{"self":[{"href":"https:\/\/vacances-seasonova.com\/en\/wp-json\/wp\/v2\/pages\/3980"}],"collection":[{"href":"https:\/\/vacances-seasonova.com\/en\/wp-json\/wp\/v2\/pages"}],"about":[{"href":"https:\/\/vacances-seasonova.com\/en\/wp-json\/wp\/v2\/types\/page"}],"author":[{"embeddable":true,"href":"https:\/\/vacances-seasonova.com\/en\/wp-json\/wp\/v2\/users\/2"}],"replies":[{"embeddable":true,"href":"https:\/\/vacances-seasonova.com\/en\/wp-json\/wp\/v2\/comments?post=3980"}],"version-history":[{"count":0,"href":"https:\/\/vacances-seasonova.com\/en\/wp-json\/wp\/v2\/pages\/3980\/revisions"}],"up":[{"embeddable":true,"href":"https:\/\/vacances-seasonova.com\/en\/wp-json\/wp\/v2\/pages\/9212"}],"wp:featuredmedia":[{"embeddable":true,"href":"https:\/\/vacances-seasonova.com\/en\/wp-json\/wp\/v2\/media\/3946"}],"wp:attachment":[{"href":"https:\/\/vacances-seasonova.com\/en\/wp-json\/wp\/v2\/media?parent=3980"}],"curies":[{"name":"wp","href":"https:\/\/api.w.org\/{rel}","templated":true}]}}