    {"id":4170,"date":"2017-09-26T16:28:42","date_gmt":"2017-09-26T15:28:42","guid":{"rendered":"http:\/\/vacances-seasonova.com\/?page_id=4170"},"modified":"2025-11-20T11:47:29","modified_gmt":"2025-11-20T10:47:29","slug":"offre-de-stage-camping","status":"publish","type":"page","link":"https:\/\/vacances-seasonova.com\/en\/recruitment\/offre-de-stage-camping\/","title":{"rendered":"Offre de stage Camping"},"content":{"rendered":"<p><\/p>\n<p>Le groupe Seasonova est une entreprise de placement agr\u00e9\u00e9e aux Pays-bas en partenariat avec le centre d&#8217;expertise SBB.<\/p>\n<p>Le centre est une organisation de coop\u00e9ration pour la formation professionnelle secondaire sup\u00e9rieur, l&#8217;objectif \u00e9tant de donner aux \u00e9tudiants la meilleure formation pratique possible avec des perspectives d&#8217;emploi, et \u00e0 ce titre permettre aux entreprises d&#8217;employer des professionnels.<\/p>\n<p><center><br \/>\n<img loading=\"lazy\" class=\"size-full wp-image-36572 aligncenter\" src=\"https:\/\/vacances-seasonova.com\/wp-content\/uploads\/2023\/03\/sbb-beeldmerk.png\" alt=\"\" width=\"250\" height=\"230\" \/><\/center><\/p>","protected":false},"excerpt":{"rendered":"<p>Le groupe Seasonova est une entreprise de placement agr\u00e9\u00e9e aux Pays-bas en partenariat avec le centre d&#8217;expertise SBB. Le centre est une organisation de coop\u00e9ration pour la formation professionnelle secondaire [&#8230;]<\/p>\n","protected":false},"author":2,"featured_media":3750,"parent":187,"menu_order":0,"comment_status":"closed","ping_status":"closed","template":"","meta":[],"yoast_head":"<!-- This site is optimized with the Yoast SEO plugin v18.1 - https:\/\/yoast.com\/wordpress\/plugins\/seo\/ -->\n<meta name=\"robots\" content=\"index, follow, max-snippet:-1, max-image-preview:large, max-video-preview:-1\" \/>\n<link rel=\"canonical\" href=\"https:\/\/vacances-seasonova.com\/en\/recrutement-seasonova\/offre-de-stage-camping\/\" \/>\n<meta property=\"og:locale\" content=\"en_US\" \/>\n<meta property=\"og:type\" content=\"article\" \/>\n<meta property=\"og:title\" content=\"Offre de stage Camping - Seasonova\" \/>\n<meta property=\"og:description\" content=\"Le groupe Seasonova est une entreprise de placement agr\u00e9\u00e9e aux Pays-bas en partenariat avec le centre d&#8217;expertise SBB. Le centre est une organisation de coop\u00e9ration pour la formation professionnelle secondaire [...]\" \/>\n<meta property=\"og:url\" content=\"https:\/\/vacances-seasonova.com\/fr\/recrutement-seasonova\/offre-de-stage-camping\/\" \/>\n<meta property=\"og:site_name\" content=\"Seasonova\" \/>\n<meta property=\"article:modified_time\" content=\"2025-11-20T10:47:29+00:00\" \/>\n<meta property=\"og:image\" content=\"https:\/\/vacances-seasonova.com\/wp-content\/uploads\/2016\/09\/banniere-recrutement.png\" \/>\n\t<meta property=\"og:image:width\" content=\"1400\" \/>\n\t<meta property=\"og:image:height\" content=\"400\" \/>\n\t<meta property=\"og:image:type\" content=\"image\/png\" \/>\n<meta name=\"twitter:card\" content=\"summary\" \/>\n<meta name=\"twitter:label1\" content=\"Est. reading time\" \/>\n\t<meta name=\"twitter:data1\" content=\"2 minutes\" \/>\n<script type=\"application\/ld+json\" class=\"yoast-schema-graph\">{\"@context\":\"https:\/\/schema.org\",\"@graph\":[{\"@type\":\"WebSite\",\"@id\":\"https:\/\/vacances-seasonova.com\/fr\/#website\",\"url\":\"https:\/\/vacances-seasonova.com\/fr\/\",\"name\":\"Seasonova\",\"description\":\"\",\"potentialAction\":[{\"@type\":\"SearchAction\",\"target\":{\"@type\":\"EntryPoint\",\"urlTemplate\":\"https:\/\/vacances-seasonova.com\/fr\/?s={search_term_string}\"},\"query-input\":\"required name=search_term_string\"}],\"inLanguage\":\"en-US\"},{\"@type\":\"ImageObject\",\"@id\":\"https:\/\/vacances-seasonova.com\/fr\/recrutement-seasonova\/offre-de-stage-camping\/#primaryimage\",\"inLanguage\":\"en-US\",\"url\":\"https:\/\/vacances-seasonova.com\/wp-content\/uploads\/2016\/09\/banniere-recrutement.png\",\"contentUrl\":\"https:\/\/vacances-seasonova.com\/wp-content\/uploads\/2016\/09\/banniere-recrutement.png\",\"width\":1400,\"height\":400,\"caption\":\"banniere-recrutement-campings-seasonova\"},{\"@type\":\"WebPage\",\"@id\":\"https:\/\/vacances-seasonova.com\/fr\/recrutement-seasonova\/offre-de-stage-camping\/#webpage\",\"url\":\"https:\/\/vacances-seasonova.com\/fr\/recrutement-seasonova\/offre-de-stage-camping\/\",\"name\":\"Offre de stage Camping - Seasonova\",\"isPartOf\":{\"@id\":\"https:\/\/vacances-seasonova.com\/fr\/#website\"},\"primaryImageOfPage\":{\"@id\":\"https:\/\/vacances-seasonova.com\/fr\/recrutement-seasonova\/offre-de-stage-camping\/#primaryimage\"},\"datePublished\":\"2017-09-26T15:28:42+00:00\",\"dateModified\":\"2025-11-20T10:47:29+00:00\",\"breadcrumb\":{\"@id\":\"https:\/\/vacances-seasonova.com\/fr\/recrutement-seasonova\/offre-de-stage-camping\/#breadcrumb\"},\"inLanguage\":\"en-US\",\"potentialAction\":[{\"@type\":\"ReadAction\",\"target\":[\"https:\/\/vacances-seasonova.com\/fr\/recrutement-seasonova\/offre-de-stage-camping\/\"]}]},{\"@type\":\"BreadcrumbList\",\"@id\":\"https:\/\/vacances-seasonova.com\/fr\/recrutement-seasonova\/offre-de-stage-camping\/#breadcrumb\",\"itemListElement\":[{\"@type\":\"ListItem\",\"position\":1,\"name\":\"Accueil\",\"item\":\"https:\/\/vacances-seasonova.com\/nl\/\"},{\"@type\":\"ListItem\",\"position\":2,\"name\":\"Recrutement Camping Seasonova\",\"item\":\"https:\/\/vacances-seasonova.com\/nl\/rekrutering\/\"},{\"@type\":\"ListItem\",\"position\":3,\"name\":\"Offre de stage Camping\"}]}]}<\/script>\n<!-- \/ Yoast SEO plugin. -->","yoast_head_json":{"robots":{"index":"index","follow":"follow","max-snippet":"max-snippet:-1","max-image-preview":"max-image-preview:large","max-video-preview":"max-video-preview:-1"},"canonical":"https:\/\/vacances-seasonova.com\/en\/recrutement-seasonova\/offre-de-stage-camping\/","og_locale":"en_US","og_type":"article","og_title":"Offre de stage Camping - Seasonova","og_description":"Le groupe Seasonova est une entreprise de placement agr\u00e9\u00e9e aux Pays-bas en partenariat avec le centre d&#8217;expertise SBB. Le centre est une organisation de coop\u00e9ration pour la formation professionnelle secondaire [...]","og_url":"https:\/\/vacances-seasonova.com\/fr\/recrutement-seasonova\/offre-de-stage-camping\/","og_site_name":"Seasonova","article_modified_time":"2025-11-20T10:47:29+00:00","og_image":[{"width":1400,"height":400,"url":"https:\/\/vacances-seasonova.com\/wp-content\/uploads\/2016\/09\/banniere-recrutement.png","type":"image\/png"}],"twitter_card":"summary","twitter_misc":{"Est. reading time":"2 minutes"},"schema":{"@context":"https:\/\/schema.org","@graph":[{"@type":"WebSite","@id":"https:\/\/vacances-seasonova.com\/fr\/#website","url":"https:\/\/vacances-seasonova.com\/fr\/","name":"Seasonova","description":"","potentialAction":[{"@type":"SearchAction","target":{"@type":"EntryPoint","urlTemplate":"https:\/\/vacances-seasonova.com\/fr\/?s={search_term_string}"},"query-input":"required name=search_term_string"}],"inLanguage":"en-US"},{"@type":"ImageObject","@id":"https:\/\/vacances-seasonova.com\/fr\/recrutement-seasonova\/offre-de-stage-camping\/#primaryimage","inLanguage":"en-US","url":"https:\/\/vacances-seasonova.com\/wp-content\/uploads\/2016\/09\/banniere-recrutement.png","contentUrl":"https:\/\/vacances-seasonova.com\/wp-content\/uploads\/2016\/09\/banniere-recrutement.png","width":1400,"height":400,"caption":"banniere-recrutement-campings-seasonova"},{"@type":"WebPage","@id":"https:\/\/vacances-seasonova.com\/fr\/recrutement-seasonova\/offre-de-stage-camping\/#webpage","url":"https:\/\/vacances-seasonova.com\/fr\/recrutement-seasonova\/offre-de-stage-camping\/","name":"Offre de stage Camping - Seasonova","isPartOf":{"@id":"https:\/\/vacances-seasonova.com\/fr\/#website"},"primaryImageOfPage":{"@id":"https:\/\/vacances-seasonova.com\/fr\/recrutement-seasonova\/offre-de-stage-camping\/#primaryimage"},"datePublished":"2017-09-26T15:28:42+00:00","dateModified":"2025-11-20T10:47:29+00:00","breadcrumb":{"@id":"https:\/\/vacances-seasonova.com\/fr\/recrutement-seasonova\/offre-de-stage-camping\/#breadcrumb"},"inLanguage":"en-US","potentialAction":[{"@type":"ReadAction","target":["https:\/\/vacances-seasonova.com\/fr\/recrutement-seasonova\/offre-de-stage-camping\/"]}]},{"@type":"BreadcrumbList","@id":"https:\/\/vacances-seasonova.com\/fr\/recrutement-seasonova\/offre-de-stage-camping\/#breadcrumb","itemListElement":[{"@type":"ListItem","position":1,"name":"Accueil","item":"https:\/\/vacances-seasonova.com\/nl\/"},{"@type":"ListItem","position":2,"name":"Recrutement Camping Seasonova","item":"https:\/\/vacances-seasonova.com\/nl\/rekrutering\/"},{"@type":"ListItem","position":3,"name":"Offre de stage Camping"}]}]}},"_links":{"self":[{"href":"https:\/\/vacances-seasonova.com\/en\/wp-json\/wp\/v2\/pages\/4170"}],"collection":[{"href":"https:\/\/vacances-seasonova.com\/en\/wp-json\/wp\/v2\/pages"}],"about":[{"href":"https:\/\/vacances-seasonova.com\/en\/wp-json\/wp\/v2\/types\/page"}],"author":[{"embeddable":true,"href":"https:\/\/vacances-seasonova.com\/en\/wp-json\/wp\/v2\/users\/2"}],"replies":[{"embeddable":true,"href":"https:\/\/vacances-seasonova.com\/en\/wp-json\/wp\/v2\/comments?post=4170"}],"version-history":[{"count":30,"href":"https:\/\/vacances-seasonova.com\/en\/wp-json\/wp\/v2\/pages\/4170\/revisions"}],"predecessor-version":[{"id":54284,"href":"https:\/\/vacances-seasonova.com\/en\/wp-json\/wp\/v2\/pages\/4170\/revisions\/54284"}],"up":[{"embeddable":true,"href":"https:\/\/vacances-seasonova.com\/en\/wp-json\/wp\/v2\/pages\/187"}],"wp:featuredmedia":[{"embeddable":true,"href":"https:\/\/vacances-seasonova.com\/en\/wp-json\/wp\/v2\/media\/3750"}],"wp:attachment":[{"href":"https:\/\/vacances-seasonova.com\/en\/wp-json\/wp\/v2\/media?parent=4170"}],"curies":[{"name":"wp","href":"https:\/\/api.w.org\/{rel}","templated":true}]}}