    {"id":45626,"date":"2025-03-06T16:11:47","date_gmt":"2025-03-06T15:11:47","guid":{"rendered":"https:\/\/vacances-seasonova.com\/fr\/?page_id=45626"},"modified":"2026-03-10T11:28:56","modified_gmt":"2026-03-10T10:28:56","slug":"troc-seasonova-grand-vide-caravane","status":"publish","type":"page","link":"https:\/\/vacances-seasonova.com\/en\/troc-seasonova-grand-vide-caravane\/","title":{"rendered":"Troc seasonova grand vide caravane"},"content":{"rendered":"<p><\/p>\n<p>Do you have a squeaky folding chair, a tent that takes up too much space, or a camping stove you no longer use? Why not give them a second life?<\/p>\n<p> <strong>Welcome to the Seasonova Swap \u2013 The Great Caravan Clear-Out!<\/strong><\/p>\n<p> <strong>April 5 &amp; 6<\/strong><br \/>\n <a href=\"https:\/\/vacances-seasonova.com\/fr\/\"><strong>All Seasonova Campsites<\/strong><\/a><\/p>\n<p>A <strong>friendly, sharing, 100% camping weekend<\/strong> where you can:<\/p>\n<ul>\n<li>\u2705 <strong>Sell, swap or give away<\/strong> your camping and outdoor gear.<\/li>\n<li>\u2705 <strong>Find hidden gems<\/strong> for your next adventures.<\/li>\n<li>\u2705 <strong>Share a good time with other campers<\/strong>, with activities and a giant barbecue!<\/li>\n<\/ul>\n<h3><strong>Why take part?<\/strong><\/h3>\n<ul>\n<li> <strong>Travel lighter<\/strong>: give a new life to things you no longer use.<\/li>\n<li>\u267b <strong>A more responsible way of camping<\/strong>: buying second-hand is good for the planet!<\/li>\n<li> <strong>A super-friendly weekend<\/strong>: because camping is all about sharing.<\/li>\n<\/ul>\n<p> <strong>Want a stand?<\/strong><br \/>\nIt\u2019s free! Just book your spot and bring your gear to trade.<\/p>\n<p> <strong>No stand? Come and browse, chat and enjoy the moment!<\/strong><\/p>\n<p> <strong>Registration &amp; info:<br \/>\n<a href=\"https:\/\/docs.google.com\/forms\/d\/e\/1FAIpQLSdtiJSRngm1uYjNnCuc0C94goGiMQ62-keAsASX38p2bMpZgg\/viewform\" target=\"_blank\" rel=\"noopener\">Sign up here<\/a><\/strong><\/p>\n<p>We can\u2019t wait to see you for this unique weekend!<br \/>\n<strong>Pack your torches, we\u2019ll take care of the atmosphere <\/strong><\/p>\n<p><strong>See you soon under the stars!<\/strong><br \/>\nThe <strong>Seasonova Team<\/strong> \ufe0f<\/p>\n<p><\/p>","protected":false},"excerpt":{"rendered":"<p>Do you have a squeaky folding chair, a tent that takes up too much space, or a camping stove you no longer use? Why not give them a second life? Welcome to the Seasonova Swap \u2013 The Great Caravan Clear-Out! April 5 &amp; 6 [&#8230;]<\/p>\n","protected":false},"author":2,"featured_media":45633,"parent":0,"menu_order":0,"comment_status":"closed","ping_status":"closed","template":"","meta":[],"yoast_head":"<!-- This site is optimized with the Yoast SEO plugin v18.1 - https:\/\/yoast.com\/wordpress\/plugins\/seo\/ -->\n<meta name=\"description\" content=\"1er vide grenier les 4 &amp; 5 avril prochain dans les Campings Seasonova r\u00e9serv\u00e9 au mat\u00e9riel de camping et sport nature - R\u00e9servez vite!\" \/>\n<meta name=\"robots\" content=\"index, follow, max-snippet:-1, max-image-preview:large, max-video-preview:-1\" \/>\n<link rel=\"canonical\" href=\"https:\/\/vacances-seasonova.com\/en\/troc-seasonova-grand-vide-caravane\/\" \/>\n<meta property=\"og:locale\" content=\"en_US\" \/>\n<meta property=\"og:type\" content=\"article\" \/>\n<meta property=\"og:title\" content=\"Troc seasonova grand vide caravane 4 &amp; 5 avril\" \/>\n<meta property=\"og:description\" content=\"1er vide grenier les 4 &amp; 5 avril prochain dans les Campings Seasonova r\u00e9serv\u00e9 au mat\u00e9riel de camping et sport nature - R\u00e9servez vite!\" \/>\n<meta property=\"og:url\" content=\"https:\/\/vacances-seasonova.com\/fr\/troc-seasonova-grand-vide-caravane\/\" \/>\n<meta property=\"og:site_name\" content=\"Seasonova\" \/>\n<meta property=\"article:modified_time\" content=\"2026-03-10T10:28:56+00:00\" \/>\n<meta property=\"og:image\" content=\"https:\/\/vacances-seasonova.com\/wp-content\/uploads\/2025\/03\/image-1.jpg\" \/>\n\t<meta property=\"og:image:width\" content=\"742\" \/>\n\t<meta property=\"og:image:height\" content=\"501\" \/>\n\t<meta property=\"og:image:type\" content=\"image\/jpeg\" \/>\n<meta name=\"twitter:card\" content=\"summary\" \/>\n<meta name=\"twitter:label1\" content=\"Est. reading time\" \/>\n\t<meta name=\"twitter:data1\" content=\"5 minutes\" \/>\n<script type=\"application\/ld+json\" class=\"yoast-schema-graph\">{\"@context\":\"https:\/\/schema.org\",\"@graph\":[{\"@type\":\"WebSite\",\"@id\":\"https:\/\/vacances-seasonova.com\/fr\/#website\",\"url\":\"https:\/\/vacances-seasonova.com\/fr\/\",\"name\":\"Seasonova\",\"description\":\"\",\"potentialAction\":[{\"@type\":\"SearchAction\",\"target\":{\"@type\":\"EntryPoint\",\"urlTemplate\":\"https:\/\/vacances-seasonova.com\/fr\/?s={search_term_string}\"},\"query-input\":\"required name=search_term_string\"}],\"inLanguage\":\"en-US\"},{\"@type\":\"ImageObject\",\"@id\":\"https:\/\/vacances-seasonova.com\/fr\/troc-seasonova-grand-vide-caravane\/#primaryimage\",\"inLanguage\":\"en-US\",\"url\":\"https:\/\/vacances-seasonova.com\/wp-content\/uploads\/2025\/03\/image-1.jpg\",\"contentUrl\":\"https:\/\/vacances-seasonova.com\/wp-content\/uploads\/2025\/03\/image-1.jpg\",\"width\":742,\"height\":501},{\"@type\":\"WebPage\",\"@id\":\"https:\/\/vacances-seasonova.com\/fr\/troc-seasonova-grand-vide-caravane\/#webpage\",\"url\":\"https:\/\/vacances-seasonova.com\/fr\/troc-seasonova-grand-vide-caravane\/\",\"name\":\"Troc seasonova grand vide caravane 4 & 5 avril\",\"isPartOf\":{\"@id\":\"https:\/\/vacances-seasonova.com\/fr\/#website\"},\"primaryImageOfPage\":{\"@id\":\"https:\/\/vacances-seasonova.com\/fr\/troc-seasonova-grand-vide-caravane\/#primaryimage\"},\"datePublished\":\"2025-03-06T15:11:47+00:00\",\"dateModified\":\"2026-03-10T10:28:56+00:00\",\"description\":\"1er vide grenier les 4 & 5 avril prochain dans les Campings Seasonova r\u00e9serv\u00e9 au mat\u00e9riel de camping et sport nature - R\u00e9servez vite!\",\"breadcrumb\":{\"@id\":\"https:\/\/vacances-seasonova.com\/fr\/troc-seasonova-grand-vide-caravane\/#breadcrumb\"},\"inLanguage\":\"en-US\",\"potentialAction\":[{\"@type\":\"ReadAction\",\"target\":[\"https:\/\/vacances-seasonova.com\/fr\/troc-seasonova-grand-vide-caravane\/\"]}]},{\"@type\":\"BreadcrumbList\",\"@id\":\"https:\/\/vacances-seasonova.com\/fr\/troc-seasonova-grand-vide-caravane\/#breadcrumb\",\"itemListElement\":[{\"@type\":\"ListItem\",\"position\":1,\"name\":\"Accueil\",\"item\":\"https:\/\/vacances-seasonova.com\/nl\/\"},{\"@type\":\"ListItem\",\"position\":2,\"name\":\"Troc seasonova grand vide caravane\"}]}]}<\/script>\n<!-- \/ Yoast SEO plugin. -->","yoast_head_json":{"description":"1er vide grenier les 4 & 5 avril prochain dans les Campings Seasonova r\u00e9serv\u00e9 au mat\u00e9riel de camping et sport nature - R\u00e9servez vite!","robots":{"index":"index","follow":"follow","max-snippet":"max-snippet:-1","max-image-preview":"max-image-preview:large","max-video-preview":"max-video-preview:-1"},"canonical":"https:\/\/vacances-seasonova.com\/en\/troc-seasonova-grand-vide-caravane\/","og_locale":"en_US","og_type":"article","og_title":"Troc seasonova grand vide caravane 4 & 5 avril","og_description":"1er vide grenier les 4 & 5 avril prochain dans les Campings Seasonova r\u00e9serv\u00e9 au mat\u00e9riel de camping et sport nature - R\u00e9servez vite!","og_url":"https:\/\/vacances-seasonova.com\/fr\/troc-seasonova-grand-vide-caravane\/","og_site_name":"Seasonova","article_modified_time":"2026-03-10T10:28:56+00:00","og_image":[{"width":742,"height":501,"url":"https:\/\/vacances-seasonova.com\/wp-content\/uploads\/2025\/03\/image-1.jpg","type":"image\/jpeg"}],"twitter_card":"summary","twitter_misc":{"Est. reading time":"5 minutes"},"schema":{"@context":"https:\/\/schema.org","@graph":[{"@type":"WebSite","@id":"https:\/\/vacances-seasonova.com\/fr\/#website","url":"https:\/\/vacances-seasonova.com\/fr\/","name":"Seasonova","description":"","potentialAction":[{"@type":"SearchAction","target":{"@type":"EntryPoint","urlTemplate":"https:\/\/vacances-seasonova.com\/fr\/?s={search_term_string}"},"query-input":"required name=search_term_string"}],"inLanguage":"en-US"},{"@type":"ImageObject","@id":"https:\/\/vacances-seasonova.com\/fr\/troc-seasonova-grand-vide-caravane\/#primaryimage","inLanguage":"en-US","url":"https:\/\/vacances-seasonova.com\/wp-content\/uploads\/2025\/03\/image-1.jpg","contentUrl":"https:\/\/vacances-seasonova.com\/wp-content\/uploads\/2025\/03\/image-1.jpg","width":742,"height":501},{"@type":"WebPage","@id":"https:\/\/vacances-seasonova.com\/fr\/troc-seasonova-grand-vide-caravane\/#webpage","url":"https:\/\/vacances-seasonova.com\/fr\/troc-seasonova-grand-vide-caravane\/","name":"Troc seasonova grand vide caravane 4 & 5 avril","isPartOf":{"@id":"https:\/\/vacances-seasonova.com\/fr\/#website"},"primaryImageOfPage":{"@id":"https:\/\/vacances-seasonova.com\/fr\/troc-seasonova-grand-vide-caravane\/#primaryimage"},"datePublished":"2025-03-06T15:11:47+00:00","dateModified":"2026-03-10T10:28:56+00:00","description":"1er vide grenier les 4 & 5 avril prochain dans les Campings Seasonova r\u00e9serv\u00e9 au mat\u00e9riel de camping et sport nature - R\u00e9servez vite!","breadcrumb":{"@id":"https:\/\/vacances-seasonova.com\/fr\/troc-seasonova-grand-vide-caravane\/#breadcrumb"},"inLanguage":"en-US","potentialAction":[{"@type":"ReadAction","target":["https:\/\/vacances-seasonova.com\/fr\/troc-seasonova-grand-vide-caravane\/"]}]},{"@type":"BreadcrumbList","@id":"https:\/\/vacances-seasonova.com\/fr\/troc-seasonova-grand-vide-caravane\/#breadcrumb","itemListElement":[{"@type":"ListItem","position":1,"name":"Accueil","item":"https:\/\/vacances-seasonova.com\/nl\/"},{"@type":"ListItem","position":2,"name":"Troc seasonova grand vide caravane"}]}]}},"_links":{"self":[{"href":"https:\/\/vacances-seasonova.com\/en\/wp-json\/wp\/v2\/pages\/45626"}],"collection":[{"href":"https:\/\/vacances-seasonova.com\/en\/wp-json\/wp\/v2\/pages"}],"about":[{"href":"https:\/\/vacances-seasonova.com\/en\/wp-json\/wp\/v2\/types\/page"}],"author":[{"embeddable":true,"href":"https:\/\/vacances-seasonova.com\/en\/wp-json\/wp\/v2\/users\/2"}],"replies":[{"embeddable":true,"href":"https:\/\/vacances-seasonova.com\/en\/wp-json\/wp\/v2\/comments?post=45626"}],"version-history":[{"count":18,"href":"https:\/\/vacances-seasonova.com\/en\/wp-json\/wp\/v2\/pages\/45626\/revisions"}],"predecessor-version":[{"id":56136,"href":"https:\/\/vacances-seasonova.com\/en\/wp-json\/wp\/v2\/pages\/45626\/revisions\/56136"}],"wp:featuredmedia":[{"embeddable":true,"href":"https:\/\/vacances-seasonova.com\/en\/wp-json\/wp\/v2\/media\/45633"}],"wp:attachment":[{"href":"https:\/\/vacances-seasonova.com\/en\/wp-json\/wp\/v2\/media?parent=45626"}],"curies":[{"name":"wp","href":"https:\/\/api.w.org\/{rel}","templated":true}]}}