    {"id":7531,"date":"2018-07-16T14:17:30","date_gmt":"2018-07-16T13:17:30","guid":{"rendered":"http:\/\/vacances-seasonova.com\/?page_id=7531"},"modified":"2025-08-28T16:57:09","modified_gmt":"2025-08-28T14:57:09","slug":"seminaires-entreprise","status":"publish","type":"page","link":"https:\/\/vacances-seasonova.com\/en\/holiday-rental-in-france\/company-seminars\/","title":{"rendered":"S\u00e9minaires d\u2019Entreprise"},"content":{"rendered":"<p><\/p>\n<h2>ORGANISING A BUSINESS MEETING<\/h2>\n<p>Are you looking for a spot for your next corporate meeting? Away from the usual work spaces, you&#8217;ll experience a natural setting designed to stimulate the senses, as well as leisure facilities offering ideal conditions for meetings and work sessions. Proposing a &#8220;Slow Life&#8221; corporate meeting to your teams is the perfect way to ensure a unforgettable and rewarding experience.<\/p>\n<p class=\"block-img btn-brochure-seminaire\"><a href=\"https:\/\/vacances-seasonova.com\/wp-content\/uploads\/2023\/10\/brochure_seminaire_generale-eng-1.pdf\" target=\"_blank\" rel=\"noopener\">Download our booklet<\/a><\/p>\n<div class=\"row\">\n<p>&nbsp;<\/p>\n<div class=\"col-lg-4 col-md-4 block-offre-tarif\">\n<p class=\"block-img\"><img loading=\"lazy\" class=\"alignnone size-full wp-image-3202\" src=\"https:\/\/vacances-seasonova.com\/wp-content\/uploads\/2019\/05\/vignette-vivez-insolite3-300x300.png\" alt=\"\" width=\"300\" height=\"300\" \/><\/p>\n<h3 class=\"titre-promo-tarif\">A UNIQUE BREAK<\/h3>\n<p class=\"block-img\">The guarantee of a unique back to basics experience, rediscovering your childhood memories while climbing trees or enjoying a game of Robinson Crusoe.<\/p>\n<\/div>\n<div class=\"col-lg-4 col-md-4 block-offre-tarif\">\n<p class=\"block-img\"><img loading=\"lazy\" class=\"alignnone size-medium wp-image-3203\" src=\"https:\/\/vacances-seasonova.com\/wp-content\/uploads\/2018\/07\/vign-TEAMBUILDING.png\" alt=\"\" width=\"300\" height=\"221\" \/><\/p>\n<h3 class=\"titre-promo-tarif\">BOND YOUR TEAM<\/h3>\n<p class=\"block-img\">Create or consolidate bonds between your employees\/collaborators through shared activities and accommodation.<\/p>\n<\/div>\n<div class=\"col-lg-4 col-md-4 block-offre-tarif\">\n<p class=\"block-img\"><img loading=\"lazy\" class=\"size-medium wp-image-3204 alignleft\" src=\"https:\/\/vacances-seasonova.com\/wp-content\/uploads\/2018\/07\/vign-services-et-equip.png\" alt=\"\" width=\"300\" height=\"211\" \/><\/p>\n<h3 class=\"titre-promo-tarif\">ENJOY THE LOCATION<\/h3>\n<p class=\"block-img\">Discover all the facilities and services available on our premises outside your meetings.<\/p>\n<\/div>\n<p>&nbsp;<\/p>\n<div class=\"col-lg-4 col-md-4 block-offre-tarif\">\n<p class=\"block-img\"><img loading=\"lazy\" class=\"alignnone size-full wp-image-3202 resize\" src=\"https:\/\/vacances-seasonova.com\/wp-content\/uploads\/2018\/07\/vign-rest.jpg\" alt=\"\" width=\"300\" height=\"211\" \/><\/p>\n<h3 class=\"titre-promo-tarif\">CATERING<\/h3>\n<p class=\"block-img\">We can also provide you with different types of catering (breakfast &#8211; lunch &#8211; dinner) and different packages (buffet, menu and a selection of suppliers&#8230;). Experience &#8220;Slow Food&#8221; for the perfect break.<\/p>\n<\/div>\n<div class=\"col-lg-4 col-md-4 block-offre-tarif\">\n<p class=\"block-img\"><img loading=\"lazy\" class=\"alignnone size-medium wp-image-3203\" src=\"https:\/\/vacances-seasonova.com\/wp-content\/uploads\/2018\/07\/vign-HEB.jpg\" alt=\"\" width=\"300\" height=\"221\" \/><\/p>\n<h3 class=\"titre-promo-tarif\">ACCOMMODATION<\/h3>\n<p class=\"block-img\">Bring your teams together in eco-designed accommodation and rediscover the simple pleasures and relaxed atmosphere of outdoor living.<\/p>\n<\/div>\n<div class=\"col-lg-4 col-md-4 block-offre-tarif\">\n<p class=\"block-img\"><img loading=\"lazy\" class=\"alignnone size-medium wp-image-3203\" src=\"https:\/\/vacances-seasonova.com\/wp-content\/uploads\/2023\/02\/vign-cadre.png\" alt=\"\" width=\"300\" height=\"221\" \/><\/p>\n<h3 class=\"titre-promo-tarif\">FOCUS<\/h3>\n<p class=\"block-img\">Meet in a dedicated room that enhances focus and enables you to use your equipment according to your schedule.<\/p>\n<\/div>\n<div class=\"col-lg-4 col-md-4 block-offre-tarif\"><\/div>\n<p><!-- <img class=\"banniere responsive-image\" src=\"https:\/\/vacances-seasonova.com\/wp-content\/uploads\/2018\/07\/ban-sem-dest.png\" \/> --><\/p>\n<\/div>\n<h3 style=\"text-align: center;\">THE SEASONOVA GROUP OFFERS YOU SEVERAL DESTINATIONS TO ORCHESTRATE YOUR MEETING ACCORDING TO YOUR DESIRES AND GEOGRAPHICAL PREFERENCES.<\/h3>\n<div class=\"btn-reservation-promo\">\n<div class=\"col-lg-4 col-md-4 block-offre-tarif\">\n<p class=\"block-img\" style=\"text-align: center;\"><img loading=\"lazy\" class=\"alignnone wp-image-38455 size-full\" src=\"https:\/\/vacances-seasonova.com\/wp-content\/uploads\/2023\/10\/foret.jpg\" alt=\"\" width=\"306\" height=\"306\" srcset=\"https:\/\/vacances-seasonova.com\/wp-content\/uploads\/2023\/10\/foret.jpg 306w, https:\/\/vacances-seasonova.com\/wp-content\/uploads\/2023\/10\/foret-300x300.jpg 300w, https:\/\/vacances-seasonova.com\/wp-content\/uploads\/2023\/10\/foret-150x150.jpg 150w\" sizes=\"(max-width: 306px) 100vw, 306px\" \/><\/p>\n<p class=\"block-text-align\"><span class=\"number sous-title-promo\">&#x2693; Sill\u00e9 Le Guillaume &#8211; Meeting in the forest <\/span><\/p>\n<p class=\"center\">Located in the forest, within a short stroll from Coco plage Beach, our campsite combines a peaceful and original setting with the charm of a woodland landscape.<\/p>\n<\/div>\n<\/div>\n<div class=\"btn-reservation-promo\">\n<div class=\"col-lg-4 col-md-4 block-offre-tarif\">\n<p class=\"block-img\" style=\"text-align: center;\"><img loading=\"lazy\" class=\"alignnone wp-image-38456 size-full\" src=\"https:\/\/vacances-seasonova.com\/wp-content\/uploads\/2023\/10\/saint-michel.jpg\" alt=\"\" width=\"306\" height=\"306\" srcset=\"https:\/\/vacances-seasonova.com\/wp-content\/uploads\/2023\/10\/saint-michel.jpg 306w, https:\/\/vacances-seasonova.com\/wp-content\/uploads\/2023\/10\/saint-michel-300x300.jpg 300w, https:\/\/vacances-seasonova.com\/wp-content\/uploads\/2023\/10\/saint-michel-150x150.jpg 150w\" sizes=\"(max-width: 306px) 100vw, 306px\" \/><\/p>\n<p class=\"block-text-align\"><span class=\"number sous-title-promo\">&#x2693; Saint michel &#8211; Meeting in Normandy <\/span><\/p>\n<p class=\"center\">Located just 9 km from the famous &#8220;Mont-Saint-Michel&#8221;, the Saint-Michel campsite invites you to discover a wide range of activities at the heart of Normandy. An ideal spot for an unforgettable, authentic and peaceful meeting.<\/p>\n<\/div>\n<\/div>\n<div class=\"btn-reservation-promo\">\n<div class=\"col-lg-4 col-md-4 block-offre-tarif\">\n<p class=\"block-img\" style=\"text-align: center;\"><img loading=\"lazy\" class=\"alignnone wp-image-38454 size-full\" src=\"https:\/\/vacances-seasonova.com\/wp-content\/uploads\/2023\/10\/domaine-saane-mer.jpg\" alt=\"\" width=\"306\" height=\"306\" srcset=\"https:\/\/vacances-seasonova.com\/wp-content\/uploads\/2023\/10\/domaine-saane-mer.jpg 306w, https:\/\/vacances-seasonova.com\/wp-content\/uploads\/2023\/10\/domaine-saane-mer-300x300.jpg 300w, https:\/\/vacances-seasonova.com\/wp-content\/uploads\/2023\/10\/domaine-saane-mer-150x150.jpg 150w\" sizes=\"(max-width: 306px) 100vw, 306px\" \/><\/p>\n<p class=\"block-text-align\"><span class=\"number sous-title-promo\">&#x2693; Quiberville (Domaine S\u00e2ane-et-mer) <\/span><\/p>\n<p class=\"center\">Our Domaine-Sa\u00e2ne-et-Mer complex is located on the beautiful C\u00f4te d&#8217;Alb\u00e2tre.<br \/>\nYou can combine work and leisure in a peaceful setting surrounded by breezy sea air, perfect for hosting your meetings.<\/p>\n<\/div>\n<\/div>\n<div class=\"btn-reservation-promo\">\n<div class=\"col-lg-4 col-md-4 block-offre-tarif\">\n<p class=\"block-img\" style=\"text-align: center;\"><img loading=\"lazy\" class=\"alignnone wp-image-38457 size-full\" src=\"https:\/\/vacances-seasonova.com\/wp-content\/uploads\/2023\/10\/vosges_nord.jpg\" alt=\"\" width=\"306\" height=\"306\" srcset=\"https:\/\/vacances-seasonova.com\/wp-content\/uploads\/2023\/10\/vosges_nord.jpg 306w, https:\/\/vacances-seasonova.com\/wp-content\/uploads\/2023\/10\/vosges_nord-300x300.jpg 300w, https:\/\/vacances-seasonova.com\/wp-content\/uploads\/2023\/10\/vosges_nord-150x150.jpg 150w\" sizes=\"(max-width: 306px) 100vw, 306px\" \/><\/p>\n<p class=\"block-text-align\"><span class=\"number sous-title-promo\">&#x2693; Oberbronn (Vosges du Nord)<\/span><\/p>\n<p class=\"center\">Camping les Vosges du Nord is much more than just a meeting place. It&#8217;s a perfect haven nestling in the heart of the mountains, where peace and well-being are the keys to getting away from the busy city life and focussing on your professional activities.<\/p>\n<\/div>\n<\/div>\n<p><\/p>","protected":false},"excerpt":{"rendered":"<p>ORGANISING A BUSINESS MEETING Are you looking for a spot for your next corporate meeting? Away from the usual work spaces, you&#8217;ll experience a natural setting designed to stimulate the senses, as well as leisure [&#8230;]<\/p>\n","protected":false},"author":2,"featured_media":7539,"parent":61,"menu_order":0,"comment_status":"closed","ping_status":"closed","template":"page-promo.php","meta":[],"yoast_head":"<!-- This site is optimized with the Yoast SEO plugin v18.1 - https:\/\/yoast.com\/wordpress\/plugins\/seo\/ -->\n<meta name=\"robots\" content=\"index, follow, max-snippet:-1, max-image-preview:large, max-video-preview:-1\" \/>\n<link rel=\"canonical\" href=\"https:\/\/vacances-seasonova.com\/en\/vakantiewoningen-in-frankrijk\/bedrijfsseminars\/\" \/>\n<meta property=\"og:locale\" content=\"en_US\" \/>\n<meta property=\"og:type\" content=\"article\" \/>\n<meta property=\"og:title\" content=\"Corporate Seminars - Seasonova\" \/>\n<meta property=\"og:description\" content=\"ORGANISING A BUSINESS MEETING Are you looking for a spot for your next corporate meeting? Away from the usual work spaces, you&#8217;ll experience a natural setting designed to stimulate the senses, as well as leisure [...]\" \/>\n<meta property=\"og:url\" content=\"https:\/\/vacances-seasonova.com\/nl\/vakantiewoningen-in-frankrijk\/bedrijfsseminars\/\" \/>\n<meta property=\"og:site_name\" content=\"Seasonova\" \/>\n<meta property=\"article:modified_time\" content=\"2025-08-28T14:57:09+00:00\" \/>\n<meta property=\"og:image\" content=\"https:\/\/vacances-seasonova.com\/wp-content\/uploads\/2018\/07\/bannierese\u0301minaire-3.png\" \/>\n\t<meta property=\"og:image:width\" content=\"2000\" \/>\n\t<meta property=\"og:image:height\" content=\"600\" \/>\n\t<meta property=\"og:image:type\" content=\"image\/png\" \/>\n<meta name=\"twitter:card\" content=\"summary\" \/>\n<meta name=\"twitter:label1\" content=\"Est. reading time\" \/>\n\t<meta name=\"twitter:data1\" content=\"6 minutes\" \/>\n<script type=\"application\/ld+json\" class=\"yoast-schema-graph\">{\"@context\":\"https:\/\/schema.org\",\"@graph\":[{\"@type\":\"WebSite\",\"@id\":\"https:\/\/vacances-seasonova.com\/fr\/#website\",\"url\":\"https:\/\/vacances-seasonova.com\/fr\/\",\"name\":\"Seasonova\",\"description\":\"\",\"potentialAction\":[{\"@type\":\"SearchAction\",\"target\":{\"@type\":\"EntryPoint\",\"urlTemplate\":\"https:\/\/vacances-seasonova.com\/fr\/?s={search_term_string}\"},\"query-input\":\"required name=search_term_string\"}],\"inLanguage\":\"en-US\"},{\"@type\":\"ImageObject\",\"@id\":\"https:\/\/vacances-seasonova.com\/nl\/vakantiewoningen-in-frankrijk\/bedrijfsseminars\/#primaryimage\",\"inLanguage\":\"en-US\",\"url\":\"https:\/\/vacances-seasonova.com\/wp-content\/uploads\/2018\/07\/bannierese\u0301minaire-3.png\",\"contentUrl\":\"https:\/\/vacances-seasonova.com\/wp-content\/uploads\/2018\/07\/bannierese\u0301minaire-3.png\",\"width\":2000,\"height\":600,\"caption\":\"organiser un s\u00e9minaire camping seasonova colloque location de salle r\u00e9ception \u00e9v\u00e8nement\"},{\"@type\":\"WebPage\",\"@id\":\"https:\/\/vacances-seasonova.com\/nl\/vakantiewoningen-in-frankrijk\/bedrijfsseminars\/#webpage\",\"url\":\"https:\/\/vacances-seasonova.com\/nl\/vakantiewoningen-in-frankrijk\/bedrijfsseminars\/\",\"name\":\"Corporate Seminars - Seasonova\",\"isPartOf\":{\"@id\":\"https:\/\/vacances-seasonova.com\/fr\/#website\"},\"primaryImageOfPage\":{\"@id\":\"https:\/\/vacances-seasonova.com\/nl\/vakantiewoningen-in-frankrijk\/bedrijfsseminars\/#primaryimage\"},\"datePublished\":\"2018-07-16T13:17:30+00:00\",\"dateModified\":\"2025-08-28T14:57:09+00:00\",\"breadcrumb\":{\"@id\":\"https:\/\/vacances-seasonova.com\/nl\/vakantiewoningen-in-frankrijk\/bedrijfsseminars\/#breadcrumb\"},\"inLanguage\":\"en-US\",\"potentialAction\":[{\"@type\":\"ReadAction\",\"target\":[\"https:\/\/vacances-seasonova.com\/nl\/vakantiewoningen-in-frankrijk\/bedrijfsseminars\/\"]}]},{\"@type\":\"BreadcrumbList\",\"@id\":\"https:\/\/vacances-seasonova.com\/nl\/vakantiewoningen-in-frankrijk\/bedrijfsseminars\/#breadcrumb\",\"itemListElement\":[{\"@type\":\"ListItem\",\"position\":1,\"name\":\"Accueil\",\"item\":\"https:\/\/vacances-seasonova.com\/nl\/\"},{\"@type\":\"ListItem\",\"position\":2,\"name\":\"Locations de vacances\",\"item\":\"https:\/\/vacances-seasonova.com\/nl\/vakantiewoningen-in-frankrijk\/\"},{\"@type\":\"ListItem\",\"position\":3,\"name\":\"S\u00e9minaires d\u2019Entreprise\"}]}]}<\/script>\n<!-- \/ Yoast SEO plugin. -->","yoast_head_json":{"robots":{"index":"index","follow":"follow","max-snippet":"max-snippet:-1","max-image-preview":"max-image-preview:large","max-video-preview":"max-video-preview:-1"},"canonical":"https:\/\/vacances-seasonova.com\/en\/vakantiewoningen-in-frankrijk\/bedrijfsseminars\/","og_locale":"en_US","og_type":"article","og_title":"Corporate Seminars - Seasonova","og_description":"ORGANISING A BUSINESS MEETING Are you looking for a spot for your next corporate meeting? Away from the usual work spaces, you&#8217;ll experience a natural setting designed to stimulate the senses, as well as leisure [...]","og_url":"https:\/\/vacances-seasonova.com\/nl\/vakantiewoningen-in-frankrijk\/bedrijfsseminars\/","og_site_name":"Seasonova","article_modified_time":"2025-08-28T14:57:09+00:00","og_image":[{"width":2000,"height":600,"url":"https:\/\/vacances-seasonova.com\/wp-content\/uploads\/2018\/07\/bannierese\u0301minaire-3.png","type":"image\/png"}],"twitter_card":"summary","twitter_misc":{"Est. reading time":"6 minutes"},"schema":{"@context":"https:\/\/schema.org","@graph":[{"@type":"WebSite","@id":"https:\/\/vacances-seasonova.com\/fr\/#website","url":"https:\/\/vacances-seasonova.com\/fr\/","name":"Seasonova","description":"","potentialAction":[{"@type":"SearchAction","target":{"@type":"EntryPoint","urlTemplate":"https:\/\/vacances-seasonova.com\/fr\/?s={search_term_string}"},"query-input":"required name=search_term_string"}],"inLanguage":"en-US"},{"@type":"ImageObject","@id":"https:\/\/vacances-seasonova.com\/nl\/vakantiewoningen-in-frankrijk\/bedrijfsseminars\/#primaryimage","inLanguage":"en-US","url":"https:\/\/vacances-seasonova.com\/wp-content\/uploads\/2018\/07\/bannierese\u0301minaire-3.png","contentUrl":"https:\/\/vacances-seasonova.com\/wp-content\/uploads\/2018\/07\/bannierese\u0301minaire-3.png","width":2000,"height":600,"caption":"organiser un s\u00e9minaire camping seasonova colloque location de salle r\u00e9ception \u00e9v\u00e8nement"},{"@type":"WebPage","@id":"https:\/\/vacances-seasonova.com\/nl\/vakantiewoningen-in-frankrijk\/bedrijfsseminars\/#webpage","url":"https:\/\/vacances-seasonova.com\/nl\/vakantiewoningen-in-frankrijk\/bedrijfsseminars\/","name":"Corporate Seminars - Seasonova","isPartOf":{"@id":"https:\/\/vacances-seasonova.com\/fr\/#website"},"primaryImageOfPage":{"@id":"https:\/\/vacances-seasonova.com\/nl\/vakantiewoningen-in-frankrijk\/bedrijfsseminars\/#primaryimage"},"datePublished":"2018-07-16T13:17:30+00:00","dateModified":"2025-08-28T14:57:09+00:00","breadcrumb":{"@id":"https:\/\/vacances-seasonova.com\/nl\/vakantiewoningen-in-frankrijk\/bedrijfsseminars\/#breadcrumb"},"inLanguage":"en-US","potentialAction":[{"@type":"ReadAction","target":["https:\/\/vacances-seasonova.com\/nl\/vakantiewoningen-in-frankrijk\/bedrijfsseminars\/"]}]},{"@type":"BreadcrumbList","@id":"https:\/\/vacances-seasonova.com\/nl\/vakantiewoningen-in-frankrijk\/bedrijfsseminars\/#breadcrumb","itemListElement":[{"@type":"ListItem","position":1,"name":"Accueil","item":"https:\/\/vacances-seasonova.com\/nl\/"},{"@type":"ListItem","position":2,"name":"Locations de vacances","item":"https:\/\/vacances-seasonova.com\/nl\/vakantiewoningen-in-frankrijk\/"},{"@type":"ListItem","position":3,"name":"S\u00e9minaires d\u2019Entreprise"}]}]}},"_links":{"self":[{"href":"https:\/\/vacances-seasonova.com\/en\/wp-json\/wp\/v2\/pages\/7531"}],"collection":[{"href":"https:\/\/vacances-seasonova.com\/en\/wp-json\/wp\/v2\/pages"}],"about":[{"href":"https:\/\/vacances-seasonova.com\/en\/wp-json\/wp\/v2\/types\/page"}],"author":[{"embeddable":true,"href":"https:\/\/vacances-seasonova.com\/en\/wp-json\/wp\/v2\/users\/2"}],"replies":[{"embeddable":true,"href":"https:\/\/vacances-seasonova.com\/en\/wp-json\/wp\/v2\/comments?post=7531"}],"version-history":[{"count":77,"href":"https:\/\/vacances-seasonova.com\/en\/wp-json\/wp\/v2\/pages\/7531\/revisions"}],"predecessor-version":[{"id":51800,"href":"https:\/\/vacances-seasonova.com\/en\/wp-json\/wp\/v2\/pages\/7531\/revisions\/51800"}],"up":[{"embeddable":true,"href":"https:\/\/vacances-seasonova.com\/en\/wp-json\/wp\/v2\/pages\/61"}],"wp:featuredmedia":[{"embeddable":true,"href":"https:\/\/vacances-seasonova.com\/en\/wp-json\/wp\/v2\/media\/7539"}],"wp:attachment":[{"href":"https:\/\/vacances-seasonova.com\/en\/wp-json\/wp\/v2\/media?parent=7531"}],"curies":[{"name":"wp","href":"https:\/\/api.w.org\/{rel}","templated":true}]}}