    {"id":9888,"date":"2019-02-27T14:48:01","date_gmt":"2019-02-27T13:48:01","guid":{"rendered":"https:\/\/vacances-seasonova.com\/?page_id=9888"},"modified":"2021-03-30T14:09:43","modified_gmt":"2021-03-30T12:09:43","slug":"bouquet-de-semaines","status":"publish","type":"page","link":"https:\/\/vacances-seasonova.com\/en\/all-inclusive-week-packs\/","title":{"rendered":"Bouquet de Semaines"},"content":{"rendered":"<p class=\"qtranxs-available-languages-message qtranxs-available-languages-message-en\">Sorry, this entry is only available in <a href=\"https:\/\/vacances-seasonova.com\/fr\/wp-json\/wp\/v2\/pages\/9888\" class=\"qtranxs-available-language-link qtranxs-available-language-link-fr\" title=\"Fran\u00e7ais\">French<\/a> and <a href=\"https:\/\/vacances-seasonova.com\/de\/wp-json\/wp\/v2\/pages\/9888\" class=\"qtranxs-available-language-link qtranxs-available-language-link-de\" title=\"Deutsch\">German<\/a>.<\/p><p><\/p>\n<h3>20 semaines de locations \u00e0 seulement 150\u20ac\/sem*<\/h3>\n<p><em>Soit plus de 50% de reduction !<\/em><\/p>\n<p>Nos conditions g\u00e9n\u00e9rales <\/p>\n<li>Un bouquet de 20 semaines : 3 000 \u20ac TTC<\/li>\n<li>Re\u0300glement comptant a\u0300 la commande avec possibilite\u0301 de rachat<br \/>\ndes semaines non-utilise\u0301es l\u2019ann\u00e9e suivant la commande<\/li>\n<li>Validite\u0301 des se\u0301jours 24 mois \u00e0 compter de la date de commande<br \/>\n(maximum au 30 juin de la 2\u00e8me ann\u00e9e de validit\u00e9)<\/li>\n<li>Offre de s\u00e9jour hors week-ends f\u00e9ries et hors vacances scolaires<br \/>\nsauf sur une s\u00e9lection de camping (nous consulter)<\/li>\n<li>Se\u0301jour possible dans l\u2019ensemble de nos campings<\/li>\n<li>Possibilit\u00e9 d\u2019arriv\u00e9e &#8211; d\u00e9part tous les jours.<\/li>\n<h3>Envie de garantir \u00e0 vos salari\u00e9s un h\u00e9bergementde vacances pendant l\u2019\u00e9t\u00e9 ou hors saison ?<\/h3>\n<p><em>Contactez-nous pour conna\u00eetre nos solutions lin\u00e9aires dans le camping de votre choix.<br \/>\nMinimum de 8 semaines cons\u00e9cutives de location<\/em><\/p>","protected":false},"excerpt":{"rendered":"<p>Sorry, this entry is only available in French and German. 20 semaines de locations \u00e0 seulement 150\u20ac\/sem* Soit plus de 50% de reduction ! Nos conditions g\u00e9n\u00e9rales Un bouquet de 20 semaines : 3 000 \u20ac TTC Re\u0300glement [&#8230;]<\/p>\n","protected":false},"author":3,"featured_media":52,"parent":0,"menu_order":0,"comment_status":"closed","ping_status":"closed","template":"page-promo.php","meta":[],"yoast_head":"<!-- This site is optimized with the Yoast SEO plugin v18.1 - https:\/\/yoast.com\/wordpress\/plugins\/seo\/ -->\n<meta name=\"robots\" content=\"index, follow, max-snippet:-1, max-image-preview:large, max-video-preview:-1\" \/>\n<link rel=\"canonical\" href=\"https:\/\/vacances-seasonova.com\/en\/wochenpaket-angebot\/\" \/>\n<meta property=\"og:locale\" content=\"en_US\" \/>\n<meta property=\"og:type\" content=\"article\" \/>\n<meta property=\"og:title\" content=\"Bouquet de Semaines - Seasonova\" \/>\n<meta property=\"og:description\" content=\"Sorry, this entry is only available in French and German. 20 semaines de locations \u00e0 seulement 150\u20ac\/sem* Soit plus de 50% de reduction ! Nos conditions g\u00e9n\u00e9rales Un bouquet de 20 semaines : 3 000 \u20ac TTC Re\u0300glement [...]\" \/>\n<meta property=\"og:url\" content=\"https:\/\/vacances-seasonova.com\/de\/wochenpaket-angebot\/\" \/>\n<meta property=\"og:site_name\" content=\"Seasonova\" \/>\n<meta property=\"article:modified_time\" content=\"2021-03-30T12:09:43+00:00\" \/>\n<meta property=\"og:image\" content=\"https:\/\/vacances-seasonova.com\/wp-content\/uploads\/2016\/09\/bg-esprit-seasonova.jpg\" \/>\n\t<meta property=\"og:image:width\" content=\"1480\" \/>\n\t<meta property=\"og:image:height\" content=\"450\" \/>\n\t<meta property=\"og:image:type\" content=\"image\/jpeg\" \/>\n<meta name=\"twitter:card\" content=\"summary\" \/>\n<meta name=\"twitter:label1\" content=\"Est. reading time\" \/>\n\t<meta name=\"twitter:data1\" content=\"1 minute\" \/>\n<script type=\"application\/ld+json\" class=\"yoast-schema-graph\">{\"@context\":\"https:\/\/schema.org\",\"@graph\":[{\"@type\":\"WebSite\",\"@id\":\"https:\/\/vacances-seasonova.com\/fr\/#website\",\"url\":\"https:\/\/vacances-seasonova.com\/fr\/\",\"name\":\"Seasonova\",\"description\":\"\",\"potentialAction\":[{\"@type\":\"SearchAction\",\"target\":{\"@type\":\"EntryPoint\",\"urlTemplate\":\"https:\/\/vacances-seasonova.com\/fr\/?s={search_term_string}\"},\"query-input\":\"required name=search_term_string\"}],\"inLanguage\":\"en-US\"},{\"@type\":\"ImageObject\",\"@id\":\"https:\/\/vacances-seasonova.com\/de\/wochenpaket-angebot\/#primaryimage\",\"inLanguage\":\"en-US\",\"url\":\"https:\/\/vacances-seasonova.com\/wp-content\/uploads\/2016\/09\/bg-esprit-seasonova.jpg\",\"contentUrl\":\"https:\/\/vacances-seasonova.com\/wp-content\/uploads\/2016\/09\/bg-esprit-seasonova.jpg\",\"width\":1480,\"height\":450,\"caption\":\"FAQ camping nature Seasonova\"},{\"@type\":\"WebPage\",\"@id\":\"https:\/\/vacances-seasonova.com\/de\/wochenpaket-angebot\/#webpage\",\"url\":\"https:\/\/vacances-seasonova.com\/de\/wochenpaket-angebot\/\",\"name\":\"Bouquet de Semaines - Seasonova\",\"isPartOf\":{\"@id\":\"https:\/\/vacances-seasonova.com\/fr\/#website\"},\"primaryImageOfPage\":{\"@id\":\"https:\/\/vacances-seasonova.com\/de\/wochenpaket-angebot\/#primaryimage\"},\"datePublished\":\"2019-02-27T13:48:01+00:00\",\"dateModified\":\"2021-03-30T12:09:43+00:00\",\"breadcrumb\":{\"@id\":\"https:\/\/vacances-seasonova.com\/de\/wochenpaket-angebot\/#breadcrumb\"},\"inLanguage\":\"en-US\",\"potentialAction\":[{\"@type\":\"ReadAction\",\"target\":[\"https:\/\/vacances-seasonova.com\/de\/wochenpaket-angebot\/\"]}]},{\"@type\":\"BreadcrumbList\",\"@id\":\"https:\/\/vacances-seasonova.com\/de\/wochenpaket-angebot\/#breadcrumb\",\"itemListElement\":[{\"@type\":\"ListItem\",\"position\":1,\"name\":\"Accueil\",\"item\":\"https:\/\/vacances-seasonova.com\/nl\/\"},{\"@type\":\"ListItem\",\"position\":2,\"name\":\"Wochenpaket Angebot\"}]}]}<\/script>\n<!-- \/ Yoast SEO plugin. -->","yoast_head_json":{"robots":{"index":"index","follow":"follow","max-snippet":"max-snippet:-1","max-image-preview":"max-image-preview:large","max-video-preview":"max-video-preview:-1"},"canonical":"https:\/\/vacances-seasonova.com\/en\/wochenpaket-angebot\/","og_locale":"en_US","og_type":"article","og_title":"Bouquet de Semaines - Seasonova","og_description":"Sorry, this entry is only available in French and German. 20 semaines de locations \u00e0 seulement 150\u20ac\/sem* Soit plus de 50% de reduction ! Nos conditions g\u00e9n\u00e9rales Un bouquet de 20 semaines : 3 000 \u20ac TTC Re\u0300glement [...]","og_url":"https:\/\/vacances-seasonova.com\/de\/wochenpaket-angebot\/","og_site_name":"Seasonova","article_modified_time":"2021-03-30T12:09:43+00:00","og_image":[{"width":1480,"height":450,"url":"https:\/\/vacances-seasonova.com\/wp-content\/uploads\/2016\/09\/bg-esprit-seasonova.jpg","type":"image\/jpeg"}],"twitter_card":"summary","twitter_misc":{"Est. reading time":"1 minute"},"schema":{"@context":"https:\/\/schema.org","@graph":[{"@type":"WebSite","@id":"https:\/\/vacances-seasonova.com\/fr\/#website","url":"https:\/\/vacances-seasonova.com\/fr\/","name":"Seasonova","description":"","potentialAction":[{"@type":"SearchAction","target":{"@type":"EntryPoint","urlTemplate":"https:\/\/vacances-seasonova.com\/fr\/?s={search_term_string}"},"query-input":"required name=search_term_string"}],"inLanguage":"en-US"},{"@type":"ImageObject","@id":"https:\/\/vacances-seasonova.com\/de\/wochenpaket-angebot\/#primaryimage","inLanguage":"en-US","url":"https:\/\/vacances-seasonova.com\/wp-content\/uploads\/2016\/09\/bg-esprit-seasonova.jpg","contentUrl":"https:\/\/vacances-seasonova.com\/wp-content\/uploads\/2016\/09\/bg-esprit-seasonova.jpg","width":1480,"height":450,"caption":"FAQ camping nature Seasonova"},{"@type":"WebPage","@id":"https:\/\/vacances-seasonova.com\/de\/wochenpaket-angebot\/#webpage","url":"https:\/\/vacances-seasonova.com\/de\/wochenpaket-angebot\/","name":"Bouquet de Semaines - Seasonova","isPartOf":{"@id":"https:\/\/vacances-seasonova.com\/fr\/#website"},"primaryImageOfPage":{"@id":"https:\/\/vacances-seasonova.com\/de\/wochenpaket-angebot\/#primaryimage"},"datePublished":"2019-02-27T13:48:01+00:00","dateModified":"2021-03-30T12:09:43+00:00","breadcrumb":{"@id":"https:\/\/vacances-seasonova.com\/de\/wochenpaket-angebot\/#breadcrumb"},"inLanguage":"en-US","potentialAction":[{"@type":"ReadAction","target":["https:\/\/vacances-seasonova.com\/de\/wochenpaket-angebot\/"]}]},{"@type":"BreadcrumbList","@id":"https:\/\/vacances-seasonova.com\/de\/wochenpaket-angebot\/#breadcrumb","itemListElement":[{"@type":"ListItem","position":1,"name":"Accueil","item":"https:\/\/vacances-seasonova.com\/nl\/"},{"@type":"ListItem","position":2,"name":"Wochenpaket Angebot"}]}]}},"_links":{"self":[{"href":"https:\/\/vacances-seasonova.com\/en\/wp-json\/wp\/v2\/pages\/9888"}],"collection":[{"href":"https:\/\/vacances-seasonova.com\/en\/wp-json\/wp\/v2\/pages"}],"about":[{"href":"https:\/\/vacances-seasonova.com\/en\/wp-json\/wp\/v2\/types\/page"}],"author":[{"embeddable":true,"href":"https:\/\/vacances-seasonova.com\/en\/wp-json\/wp\/v2\/users\/3"}],"replies":[{"embeddable":true,"href":"https:\/\/vacances-seasonova.com\/en\/wp-json\/wp\/v2\/comments?post=9888"}],"version-history":[{"count":0,"href":"https:\/\/vacances-seasonova.com\/en\/wp-json\/wp\/v2\/pages\/9888\/revisions"}],"wp:featuredmedia":[{"embeddable":true,"href":"https:\/\/vacances-seasonova.com\/en\/wp-json\/wp\/v2\/media\/52"}],"wp:attachment":[{"href":"https:\/\/vacances-seasonova.com\/en\/wp-json\/wp\/v2\/media?parent=9888"}],"curies":[{"name":"wp","href":"https:\/\/api.w.org\/{rel}","templated":true}]}}