    {"id":10065,"date":"2019-03-11T11:32:21","date_gmt":"2019-03-11T10:32:21","guid":{"rendered":"https:\/\/vacances-seasonova.com\/?page_id=10065"},"modified":"2021-03-30T14:09:21","modified_gmt":"2021-03-30T12:09:21","slug":"pmr","status":"publish","type":"page","link":"https:\/\/vacances-seasonova.com\/fr\/pmr\/","title":{"rendered":"PMR"},"content":{"rendered":"<p>Nos cottages PMR peuvent accueillir de 4 \u00e0 6 personnes et disposent de deux \u00e0 trois chambres. Id\u00e9al pour les amis, familles avec enfants. Vivez pleinement vos vacances en mobile home avec une priorit\u00e9 pour l&rsquo;espace de vie.<\/p>\n<p><img loading=\"lazy\" class=\"wp-image-11259 aligncenter\" src=\"https:\/\/vacances-seasonova.com\/wp-content\/uploads\/2019\/06\/pmr-ext-300x200.jpg\" alt=\"\" width=\"950\" height=\"634\" srcset=\"https:\/\/vacances-seasonova.com\/wp-content\/uploads\/2019\/06\/pmr-ext-300x200.jpg 300w, https:\/\/vacances-seasonova.com\/wp-content\/uploads\/2019\/06\/pmr-ext-768x512.jpg 768w, https:\/\/vacances-seasonova.com\/wp-content\/uploads\/2019\/06\/pmr-ext-675x450.jpg 675w, https:\/\/vacances-seasonova.com\/wp-content\/uploads\/2019\/06\/pmr-ext-600x400.jpg 600w\" sizes=\"(max-width: 950px) 100vw, 950px\" \/><\/p>\n<h2><span class=\"nb-personnes\">Nombre de personnes :\u00a02 \u00e0 4<\/span><\/h2>\n<h2>Services &amp; \u00c9quipements<\/h2>\n<ul>\n<li>Cuisine \u00e9quip\u00e9e avec 4 feux gaz<\/li>\n<li>R\u00e9frig\u00e9rateur, micro-onde, cafeti\u00e8re<\/li>\n<li>Douche, lavabo, WC s\u00e9par\u00e9s<\/li>\n<li>Chauffage dans toutes les pi\u00e8ces<\/li>\n<li>Tout le n\u00e9cessaire de cuisine<\/li>\n<li>Oreillers, couettes, couvertures. (Les draps ne sont pas fournis)<\/li>\n<li>Inventaire complet sur demande.<\/li>\n<\/ul>\n<h2>\u00c0 savoir<\/h2>\n<p>Nous offrons la possibilit\u00e9 de louer des draps, barbecue ainsi que la t\u00e9l\u00e9vision. Les cottages sont non-fumeurs et nos amis les animaux ne sont pas accept\u00e9s en location.<\/p>\n<h2>Locations disponibles dans les campings suivants<\/h2>\n<ul>\n<li>Au camping\u00a0<a title=\"Le Point Du Jour\" href=\"https:\/\/vacances-seasonova.com\/fr\/camping\/camping-le-point-du-jour\/\">Le Point Du Jour<\/a>\u00a0\u00e0 Merville Franceville Plage<\/li>\n<\/ul>\n<p><\/p>","protected":false},"excerpt":{"rendered":"<p>Nos cottages PMR peuvent accueillir de 4 \u00e0 6 personnes et disposent de deux \u00e0 trois chambres. Id\u00e9al pour les amis, familles avec enfants. Vivez pleinement vos vacances en mobile home avec une priorit\u00e9 pour [&#8230;]<\/p>\n","protected":false},"author":3,"featured_media":11276,"parent":0,"menu_order":0,"comment_status":"closed","ping_status":"closed","template":"","meta":[],"yoast_head":"<!-- This site is optimized with the Yoast SEO plugin v18.1 - https:\/\/yoast.com\/wordpress\/plugins\/seo\/ -->\n<meta name=\"robots\" content=\"index, follow, max-snippet:-1, max-image-preview:large, max-video-preview:-1\" \/>\n<link rel=\"canonical\" href=\"https:\/\/vacances-seasonova.com\/fr\/mindervalide-personen\/\" \/>\n<meta property=\"og:locale\" content=\"fr_FR\" \/>\n<meta property=\"og:type\" content=\"article\" \/>\n<meta property=\"og:title\" content=\"PMR - Seasonova | Campings Normandie, Bretagne, Pays de La Loire et Alsace\" \/>\n<meta property=\"og:description\" content=\"Nos cottages PMR peuvent accueillir de 4 \u00e0 6 personnes et disposent de deux \u00e0 trois chambres. Id\u00e9al pour les amis, familles avec enfants. Vivez pleinement vos vacances en mobile home avec une priorit\u00e9 pour [...]\" \/>\n<meta property=\"og:url\" content=\"https:\/\/vacances-seasonova.com\/nl\/mindervalide-personen\/\" \/>\n<meta property=\"og:site_name\" content=\"Seasonova | Campings Normandie, Bretagne, Pays de La Loire et Alsace\" \/>\n<meta property=\"article:modified_time\" content=\"2021-03-30T12:09:21+00:00\" \/>\n<meta property=\"og:image\" content=\"https:\/\/vacances-seasonova.com\/wp-content\/uploads\/2019\/06\/Cottage-accessible.jpg\" \/>\n\t<meta property=\"og:image:width\" content=\"3264\" \/>\n\t<meta property=\"og:image:height\" content=\"2448\" \/>\n\t<meta property=\"og:image:type\" content=\"image\/jpeg\" \/>\n<meta name=\"twitter:card\" content=\"summary\" \/>\n<meta name=\"twitter:label1\" content=\"Dur\u00e9e de lecture estim\u00e9e\" \/>\n\t<meta name=\"twitter:data1\" content=\"2 minutes\" \/>\n<script type=\"application\/ld+json\" class=\"yoast-schema-graph\">{\"@context\":\"https:\/\/schema.org\",\"@graph\":[{\"@type\":\"WebSite\",\"@id\":\"https:\/\/vacances-seasonova.com\/fr\/#website\",\"url\":\"https:\/\/vacances-seasonova.com\/fr\/\",\"name\":\"Seasonova | Campings Normandie, Bretagne, Pays de La Loire et Alsace\",\"description\":\"\",\"potentialAction\":[{\"@type\":\"SearchAction\",\"target\":{\"@type\":\"EntryPoint\",\"urlTemplate\":\"https:\/\/vacances-seasonova.com\/fr\/?s={search_term_string}\"},\"query-input\":\"required name=search_term_string\"}],\"inLanguage\":\"fr-FR\"},{\"@type\":\"ImageObject\",\"@id\":\"https:\/\/vacances-seasonova.com\/nl\/mindervalide-personen\/#primaryimage\",\"inLanguage\":\"fr-FR\",\"url\":\"https:\/\/vacances-seasonova.com\/wp-content\/uploads\/2019\/06\/Cottage-accessible.jpg\",\"contentUrl\":\"https:\/\/vacances-seasonova.com\/wp-content\/uploads\/2019\/06\/Cottage-accessible.jpg\",\"width\":3264,\"height\":2448},{\"@type\":\"WebPage\",\"@id\":\"https:\/\/vacances-seasonova.com\/nl\/mindervalide-personen\/#webpage\",\"url\":\"https:\/\/vacances-seasonova.com\/nl\/mindervalide-personen\/\",\"name\":\"PMR - Seasonova | Campings Normandie, Bretagne, Pays de La Loire et Alsace\",\"isPartOf\":{\"@id\":\"https:\/\/vacances-seasonova.com\/fr\/#website\"},\"primaryImageOfPage\":{\"@id\":\"https:\/\/vacances-seasonova.com\/nl\/mindervalide-personen\/#primaryimage\"},\"datePublished\":\"2019-03-11T10:32:21+00:00\",\"dateModified\":\"2021-03-30T12:09:21+00:00\",\"breadcrumb\":{\"@id\":\"https:\/\/vacances-seasonova.com\/nl\/mindervalide-personen\/#breadcrumb\"},\"inLanguage\":\"fr-FR\",\"potentialAction\":[{\"@type\":\"ReadAction\",\"target\":[\"https:\/\/vacances-seasonova.com\/nl\/mindervalide-personen\/\"]}]},{\"@type\":\"BreadcrumbList\",\"@id\":\"https:\/\/vacances-seasonova.com\/nl\/mindervalide-personen\/#breadcrumb\",\"itemListElement\":[{\"@type\":\"ListItem\",\"position\":1,\"name\":\"Accueil\",\"item\":\"https:\/\/vacances-seasonova.com\/nl\/\"},{\"@type\":\"ListItem\",\"position\":2,\"name\":\"Mindervalide personen\"}]}]}<\/script>\n<!-- \/ Yoast SEO plugin. -->","yoast_head_json":{"robots":{"index":"index","follow":"follow","max-snippet":"max-snippet:-1","max-image-preview":"max-image-preview:large","max-video-preview":"max-video-preview:-1"},"canonical":"https:\/\/vacances-seasonova.com\/fr\/mindervalide-personen\/","og_locale":"fr_FR","og_type":"article","og_title":"PMR - Seasonova | Campings Normandie, Bretagne, Pays de La Loire et Alsace","og_description":"Nos cottages PMR peuvent accueillir de 4 \u00e0 6 personnes et disposent de deux \u00e0 trois chambres. Id\u00e9al pour les amis, familles avec enfants. Vivez pleinement vos vacances en mobile home avec une priorit\u00e9 pour [...]","og_url":"https:\/\/vacances-seasonova.com\/nl\/mindervalide-personen\/","og_site_name":"Seasonova | Campings Normandie, Bretagne, Pays de La Loire et Alsace","article_modified_time":"2021-03-30T12:09:21+00:00","og_image":[{"width":3264,"height":2448,"url":"https:\/\/vacances-seasonova.com\/wp-content\/uploads\/2019\/06\/Cottage-accessible.jpg","type":"image\/jpeg"}],"twitter_card":"summary","twitter_misc":{"Dur\u00e9e de lecture estim\u00e9e":"2 minutes"},"schema":{"@context":"https:\/\/schema.org","@graph":[{"@type":"WebSite","@id":"https:\/\/vacances-seasonova.com\/fr\/#website","url":"https:\/\/vacances-seasonova.com\/fr\/","name":"Seasonova | Campings Normandie, Bretagne, Pays de La Loire et Alsace","description":"","potentialAction":[{"@type":"SearchAction","target":{"@type":"EntryPoint","urlTemplate":"https:\/\/vacances-seasonova.com\/fr\/?s={search_term_string}"},"query-input":"required name=search_term_string"}],"inLanguage":"fr-FR"},{"@type":"ImageObject","@id":"https:\/\/vacances-seasonova.com\/nl\/mindervalide-personen\/#primaryimage","inLanguage":"fr-FR","url":"https:\/\/vacances-seasonova.com\/wp-content\/uploads\/2019\/06\/Cottage-accessible.jpg","contentUrl":"https:\/\/vacances-seasonova.com\/wp-content\/uploads\/2019\/06\/Cottage-accessible.jpg","width":3264,"height":2448},{"@type":"WebPage","@id":"https:\/\/vacances-seasonova.com\/nl\/mindervalide-personen\/#webpage","url":"https:\/\/vacances-seasonova.com\/nl\/mindervalide-personen\/","name":"PMR - Seasonova | Campings Normandie, Bretagne, Pays de La Loire et Alsace","isPartOf":{"@id":"https:\/\/vacances-seasonova.com\/fr\/#website"},"primaryImageOfPage":{"@id":"https:\/\/vacances-seasonova.com\/nl\/mindervalide-personen\/#primaryimage"},"datePublished":"2019-03-11T10:32:21+00:00","dateModified":"2021-03-30T12:09:21+00:00","breadcrumb":{"@id":"https:\/\/vacances-seasonova.com\/nl\/mindervalide-personen\/#breadcrumb"},"inLanguage":"fr-FR","potentialAction":[{"@type":"ReadAction","target":["https:\/\/vacances-seasonova.com\/nl\/mindervalide-personen\/"]}]},{"@type":"BreadcrumbList","@id":"https:\/\/vacances-seasonova.com\/nl\/mindervalide-personen\/#breadcrumb","itemListElement":[{"@type":"ListItem","position":1,"name":"Accueil","item":"https:\/\/vacances-seasonova.com\/nl\/"},{"@type":"ListItem","position":2,"name":"Mindervalide personen"}]}]}},"_links":{"self":[{"href":"https:\/\/vacances-seasonova.com\/fr\/wp-json\/wp\/v2\/pages\/10065"}],"collection":[{"href":"https:\/\/vacances-seasonova.com\/fr\/wp-json\/wp\/v2\/pages"}],"about":[{"href":"https:\/\/vacances-seasonova.com\/fr\/wp-json\/wp\/v2\/types\/page"}],"author":[{"embeddable":true,"href":"https:\/\/vacances-seasonova.com\/fr\/wp-json\/wp\/v2\/users\/3"}],"replies":[{"embeddable":true,"href":"https:\/\/vacances-seasonova.com\/fr\/wp-json\/wp\/v2\/comments?post=10065"}],"version-history":[{"count":0,"href":"https:\/\/vacances-seasonova.com\/fr\/wp-json\/wp\/v2\/pages\/10065\/revisions"}],"wp:featuredmedia":[{"embeddable":true,"href":"https:\/\/vacances-seasonova.com\/fr\/wp-json\/wp\/v2\/media\/11276"}],"wp:attachment":[{"href":"https:\/\/vacances-seasonova.com\/fr\/wp-json\/wp\/v2\/media?parent=10065"}],"curies":[{"name":"wp","href":"https:\/\/api.w.org\/{rel}","templated":true}]}}