    {"id":101,"date":"2016-09-20T11:06:03","date_gmt":"2016-09-20T10:06:03","guid":{"rendered":"http:\/\/vacances-seasonova.com\/?page_id=101"},"modified":"2025-08-28T14:48:14","modified_gmt":"2025-08-28T12:48:14","slug":"emplacement-camping-pour-caravane","status":"publish","type":"page","link":"https:\/\/vacances-seasonova.com\/fr\/emplacement\/caravane\/","title":{"rendered":"Caravane"},"content":{"rendered":"<p><\/p>\n<h2>D\u00e9couvrez nos emplacements camping pour caravane<\/h2>\n<p class=\"p1\" style=\"text-align: center;\">Qu&rsquo;ils b\u00e9n\u00e9ficient d&rsquo;une vue sur mer ou sur l&rsquo;un des plus beau vestige d&rsquo;Alsace, qu&rsquo;ils soient organis\u00e9s en \u00eelots privil\u00e9giant la convivialit\u00e9 ou parfaitement d\u00e9limit\u00e9s pour plus d&rsquo;intimit\u00e9, nos emplacements camping pour caravane sauront satisfaire tous les adeptes du camping traditionnel et respectueux de la nature.<\/p>\n<div id=\"metaslider-id-562\" style=\"width: 100%;\" class=\"ml-slider-3-61-0 metaslider metaslider-flex metaslider-562 ml-slider ms-theme-default\" role=\"region\" aria-roledescription=\"Slideshow\" aria-label=\"caravane\">\n    <div id=\"metaslider_container_562\">\n        <div id=\"metaslider_562\">\n            <ul aria-live=\"polite\" class=\"slides\">\n                <li style=\"display: block; width: 100%;\" class=\"slide-563 ms-image \" aria-roledescription=\"slide\" aria-label=\"slide-563\"><img src=\"https:\/\/vacances-seasonova.com\/wp-content\/uploads\/2016\/09\/les_mouettes_seasonova-501x319.jpg\" height=\"350\" width=\"550\" alt=\"emplacements-camping-les-mouettes-seasonova\" class=\"slider-562 slide-563\" \/><\/li>\n                <li style=\"display: none; width: 100%;\" class=\"slide-564 ms-image \" aria-roledescription=\"slide\" aria-label=\"slide-564\"><img src=\"https:\/\/vacances-seasonova.com\/wp-content\/uploads\/2016\/09\/les_mouettes-499x318.jpg\" height=\"350\" width=\"550\" alt=\"\" class=\"slider-562 slide-564\" \/><\/li>\n                <li style=\"display: none; width: 100%;\" class=\"slide-565 ms-image \" aria-roledescription=\"slide\" aria-label=\"slide-565\"><img src=\"https:\/\/vacances-seasonova.com\/wp-content\/uploads\/2016\/09\/les_portes_alsace_caravane-550x350.jpg\" height=\"350\" width=\"550\" alt=\"camping-les-portes-alsace\" class=\"slider-562 slide-565\" \/><\/li>\n            <\/ul>\n        <\/div>\n        \n    <\/div>\n<\/div>\n<h2 class=\"p1\">Emplacements Confort<\/h2>\n<div class=\"p1\" style=\"text-align: justify;\">Chaque campings Seasonova vous propose des emplacements parfaitement entretenus, arbor\u00e9s, plats et facilement accessibles. Que vous soyez en tente, caravane ou camping car, ces emplacements vous proposent une surface entre 80m2 et 200m2 en fonction du camping.<\/div>\n<div class=\"p1\" style=\"text-align: justify;\">\n<p>Parfaitement d\u00e9limit\u00e9s ou privil\u00e9giant les grands espaces, vous disposerez d&rsquo;un branchement \u00e9lectrique (10 A). Pr\u00e9voir une rallonge d&rsquo;environ 15 m\u00e8tres et adaptateur Europ\u00e9en (en vente sur chacun des campings Seasonova).<\/p>\n<\/div>\n<h2 class=\"p1\">Emplacements Grand confort<\/h2>\n<p class=\"p1\">En plus des caract\u00e9ristiques des emplacements Confort, vous b\u00e9n\u00e9ficiez d&rsquo;une arriv\u00e9e d&rsquo;eau\u00a0et \u00e9vacuation d&rsquo;eau. Vous pourrez ainsi brancher votre propre installation sanitaire sur le r\u00e9seau.<\/p>\n<h2 class=\"p1\">Emplacements disponibles dans les camping suivants<\/h2>\n<ul>\n<li class=\"p1\"><a href=\"https:\/\/vacances-seasonova.com\/fr\/camping\/le-point-du-jour\/\">Le Point du Jour \u00e0 Merville-Franceville Plage<\/a><\/li>\n<li class=\"p1\"><a href=\"https:\/\/vacances-seasonova.com\/camping\/camping-les-mouettes\/\">Les Mouettes Camping \u00e0 Veules-les-Roses<\/a><\/li>\n<li class=\"p1\"><a href=\"https:\/\/vacances-seasonova.com\/fr\/camping\/etennemare\/\">Etennemare Camping \u00e0 Saint-Val\u00e9ry-en-Caux<\/a><\/li>\n<li class=\"p1\"><a href=\"https:\/\/vacances-seasonova.com\/camping\/camping-les-plages-de-loire\/\">Les plages de Loire Camping \u00e0 Rochefort-sur-Loire<\/a><\/li>\n<li class=\"p1\"><a href=\"https:\/\/vacances-seasonova.com\/camping\/camping-aquarev\/\">Aquarev Camping \u00e0 Loud\u00e9ac<\/a><\/li>\n<li class=\"p1\"><a href=\"https:\/\/vacances-seasonova.com\/camping\/camping-les-portes-dalsace\/\">Les Portes d&rsquo;Alsace Camping \u00e0 Saverne<\/a><\/li>\n<li class=\"p1\"><a href=\"https:\/\/vacances-seasonova.com\/camping\/camping-les-7-iles\/\">Les 7 Iles Camping \u00e0 Trelevern<\/a><\/li>\n<li class=\"p1\"><a href=\"https:\/\/vacances-seasonova.com\/fr\/camping\/le-camping-haliotis\/\">L&rsquo;Haliotis Camping \u00e0 Pontorson<\/a><\/li>\n<li class=\"p1\"><a href=\"https:\/\/vacances-seasonova.com\/fr\/camping\/le-camping-haliotis\/\">Au Camping Le Saint-Michel \u00e0 Courtils<\/a><\/li>\n<li class=\"p1\"><a href=\"https:\/\/vacances-seasonova.com\/fr\/camping\/vesoul\/\">Au Camping Vesoul \u00e0 vaivre et Montoille<\/a><\/li>\n<li class=\"p1\"><a href=\"https:\/\/vacances-seasonova.com\/fr\/camping\/vittel\/\">Au Camping de vittel<\/a><\/li>\n<li class=\"p1\"><a href=\"https:\/\/vacances-seasonova.com\/fr\/camping\/oberbronn\/\">Les Vosges du Nord Camping \u00e0 Oberbronn<\/a><\/li>\n<li class=\"p1\"><a href=\"https:\/\/vacances-seasonova.com\/fr\/camping\/camping-seasonova-de-la-foret\/\">La For\u00eat Camping \u00e0 Sill\u00e9-le-Guillaume<\/a><\/li>\n<li class=\"p1\"><a href=\"https:\/\/vacances-seasonova.com\/fr\/camping\/etang-de-la-vallee\/\">L&rsquo;\u00c9tang de la vall\u00e9e Camping \u00e0 Combreux<\/a><\/li>\n<li class=\"p1\"><a href=\"https:\/\/vacances-seasonova.com\/fr\/camping\/letang-des-bois\/\">L&rsquo;\u00c9tang des Bois Camping \u00e0 Vieilles Maisons Sur Joudry <\/a><\/li>\n<li class=\"p1\"><a href=\"https:\/\/vacances-seasonova.com\/fr\/camping\/ile-de-re\/\">Au Camping \u00cele de R\u00e9 \u00e0 Les Portes-en-R\u00e9 <\/a><\/li>\n<\/ul>\n<p><\/p>","protected":false},"excerpt":{"rendered":"<p>D\u00e9couvrez nos emplacements camping pour caravane Qu&rsquo;ils b\u00e9n\u00e9ficient d&rsquo;une vue sur mer ou sur l&rsquo;un des plus beau vestige d&rsquo;Alsace, qu&rsquo;ils soient organis\u00e9s en \u00eelots privil\u00e9giant la [&#8230;]<\/p>\n","protected":false},"author":3,"featured_media":663,"parent":64,"menu_order":1,"comment_status":"closed","ping_status":"closed","template":"page.php","meta":[],"yoast_head":"<!-- This site is optimized with the Yoast SEO plugin v18.1 - https:\/\/yoast.com\/wordpress\/plugins\/seo\/ -->\n<meta name=\"description\" content=\"Les Campings Seasonova vous proposerons toujours des emplacement camping pour caravane. D\u00e9couvrez toutes nos destinations nature...\" \/>\n<meta name=\"robots\" content=\"index, follow, max-snippet:-1, max-image-preview:large, max-video-preview:-1\" \/>\n<link rel=\"canonical\" href=\"https:\/\/vacances-seasonova.com\/fr\/staanplaatsen\/camping-voor-caravans-in-frankrijk\/\" \/>\n<meta property=\"og:locale\" content=\"fr_FR\" \/>\n<meta property=\"og:type\" content=\"article\" \/>\n<meta property=\"og:title\" content=\"Emplacement Camping pour caravane\" \/>\n<meta property=\"og:description\" content=\"Les Campings Seasonova vous proposerons toujours des emplacement camping pour caravane. D\u00e9couvrez toutes nos destinations nature...\" \/>\n<meta property=\"og:url\" content=\"https:\/\/vacances-seasonova.com\/nl\/staanplaatsen\/camping-voor-caravans-in-frankrijk\/\" \/>\n<meta property=\"og:site_name\" content=\"Seasonova | Campings Normandie, Bretagne, Pays de La Loire et Alsace\" \/>\n<meta property=\"article:modified_time\" content=\"2025-08-28T12:48:14+00:00\" \/>\n<meta property=\"og:image\" content=\"https:\/\/vacances-seasonova.com\/wp-content\/uploads\/2016\/09\/caravanes_camping_seasonova.jpg\" \/>\n\t<meta property=\"og:image:width\" content=\"1480\" \/>\n\t<meta property=\"og:image:height\" content=\"452\" \/>\n\t<meta property=\"og:image:type\" content=\"image\/jpeg\" \/>\n<meta name=\"twitter:card\" content=\"summary\" \/>\n<meta name=\"twitter:label1\" content=\"Dur\u00e9e de lecture estim\u00e9e\" \/>\n\t<meta name=\"twitter:data1\" content=\"2 minutes\" \/>\n<script type=\"application\/ld+json\" class=\"yoast-schema-graph\">{\"@context\":\"https:\/\/schema.org\",\"@graph\":[{\"@type\":\"WebSite\",\"@id\":\"https:\/\/vacances-seasonova.com\/fr\/#website\",\"url\":\"https:\/\/vacances-seasonova.com\/fr\/\",\"name\":\"Seasonova | Campings Normandie, Bretagne, Pays de La Loire et Alsace\",\"description\":\"\",\"potentialAction\":[{\"@type\":\"SearchAction\",\"target\":{\"@type\":\"EntryPoint\",\"urlTemplate\":\"https:\/\/vacances-seasonova.com\/fr\/?s={search_term_string}\"},\"query-input\":\"required name=search_term_string\"}],\"inLanguage\":\"fr-FR\"},{\"@type\":\"ImageObject\",\"@id\":\"https:\/\/vacances-seasonova.com\/nl\/staanplaatsen\/camping-voor-caravans-in-frankrijk\/#primaryimage\",\"inLanguage\":\"fr-FR\",\"url\":\"https:\/\/vacances-seasonova.com\/wp-content\/uploads\/2016\/09\/caravanes_camping_seasonova.jpg\",\"contentUrl\":\"https:\/\/vacances-seasonova.com\/wp-content\/uploads\/2016\/09\/caravanes_camping_seasonova.jpg\",\"width\":1480,\"height\":452,\"caption\":\"caravanes_camping_seasonova\"},{\"@type\":\"WebPage\",\"@id\":\"https:\/\/vacances-seasonova.com\/nl\/staanplaatsen\/camping-voor-caravans-in-frankrijk\/#webpage\",\"url\":\"https:\/\/vacances-seasonova.com\/nl\/staanplaatsen\/camping-voor-caravans-in-frankrijk\/\",\"name\":\"Emplacement Camping pour caravane\",\"isPartOf\":{\"@id\":\"https:\/\/vacances-seasonova.com\/fr\/#website\"},\"primaryImageOfPage\":{\"@id\":\"https:\/\/vacances-seasonova.com\/nl\/staanplaatsen\/camping-voor-caravans-in-frankrijk\/#primaryimage\"},\"datePublished\":\"2016-09-20T10:06:03+00:00\",\"dateModified\":\"2025-08-28T12:48:14+00:00\",\"description\":\"Les Campings Seasonova vous proposerons toujours des emplacement camping pour caravane. D\u00e9couvrez toutes nos destinations nature...\",\"breadcrumb\":{\"@id\":\"https:\/\/vacances-seasonova.com\/nl\/staanplaatsen\/camping-voor-caravans-in-frankrijk\/#breadcrumb\"},\"inLanguage\":\"fr-FR\",\"potentialAction\":[{\"@type\":\"ReadAction\",\"target\":[\"https:\/\/vacances-seasonova.com\/nl\/staanplaatsen\/camping-voor-caravans-in-frankrijk\/\"]}]},{\"@type\":\"BreadcrumbList\",\"@id\":\"https:\/\/vacances-seasonova.com\/nl\/staanplaatsen\/camping-voor-caravans-in-frankrijk\/#breadcrumb\",\"itemListElement\":[{\"@type\":\"ListItem\",\"position\":1,\"name\":\"Accueil\",\"item\":\"https:\/\/vacances-seasonova.com\/nl\/\"},{\"@type\":\"ListItem\",\"position\":2,\"name\":\"Emplacement\",\"item\":\"https:\/\/vacances-seasonova.com\/en\/camping-pitches\/\"},{\"@type\":\"ListItem\",\"position\":3,\"name\":\"Caravane\"}]}]}<\/script>\n<!-- \/ Yoast SEO plugin. -->","yoast_head_json":{"description":"Les Campings Seasonova vous proposerons toujours des emplacement camping pour caravane. D\u00e9couvrez toutes nos destinations nature...","robots":{"index":"index","follow":"follow","max-snippet":"max-snippet:-1","max-image-preview":"max-image-preview:large","max-video-preview":"max-video-preview:-1"},"canonical":"https:\/\/vacances-seasonova.com\/fr\/staanplaatsen\/camping-voor-caravans-in-frankrijk\/","og_locale":"fr_FR","og_type":"article","og_title":"Emplacement Camping pour caravane","og_description":"Les Campings Seasonova vous proposerons toujours des emplacement camping pour caravane. D\u00e9couvrez toutes nos destinations nature...","og_url":"https:\/\/vacances-seasonova.com\/nl\/staanplaatsen\/camping-voor-caravans-in-frankrijk\/","og_site_name":"Seasonova | Campings Normandie, Bretagne, Pays de La Loire et Alsace","article_modified_time":"2025-08-28T12:48:14+00:00","og_image":[{"width":1480,"height":452,"url":"https:\/\/vacances-seasonova.com\/wp-content\/uploads\/2016\/09\/caravanes_camping_seasonova.jpg","type":"image\/jpeg"}],"twitter_card":"summary","twitter_misc":{"Dur\u00e9e de lecture estim\u00e9e":"2 minutes"},"schema":{"@context":"https:\/\/schema.org","@graph":[{"@type":"WebSite","@id":"https:\/\/vacances-seasonova.com\/fr\/#website","url":"https:\/\/vacances-seasonova.com\/fr\/","name":"Seasonova | Campings Normandie, Bretagne, Pays de La Loire et Alsace","description":"","potentialAction":[{"@type":"SearchAction","target":{"@type":"EntryPoint","urlTemplate":"https:\/\/vacances-seasonova.com\/fr\/?s={search_term_string}"},"query-input":"required name=search_term_string"}],"inLanguage":"fr-FR"},{"@type":"ImageObject","@id":"https:\/\/vacances-seasonova.com\/nl\/staanplaatsen\/camping-voor-caravans-in-frankrijk\/#primaryimage","inLanguage":"fr-FR","url":"https:\/\/vacances-seasonova.com\/wp-content\/uploads\/2016\/09\/caravanes_camping_seasonova.jpg","contentUrl":"https:\/\/vacances-seasonova.com\/wp-content\/uploads\/2016\/09\/caravanes_camping_seasonova.jpg","width":1480,"height":452,"caption":"caravanes_camping_seasonova"},{"@type":"WebPage","@id":"https:\/\/vacances-seasonova.com\/nl\/staanplaatsen\/camping-voor-caravans-in-frankrijk\/#webpage","url":"https:\/\/vacances-seasonova.com\/nl\/staanplaatsen\/camping-voor-caravans-in-frankrijk\/","name":"Emplacement Camping pour caravane","isPartOf":{"@id":"https:\/\/vacances-seasonova.com\/fr\/#website"},"primaryImageOfPage":{"@id":"https:\/\/vacances-seasonova.com\/nl\/staanplaatsen\/camping-voor-caravans-in-frankrijk\/#primaryimage"},"datePublished":"2016-09-20T10:06:03+00:00","dateModified":"2025-08-28T12:48:14+00:00","description":"Les Campings Seasonova vous proposerons toujours des emplacement camping pour caravane. D\u00e9couvrez toutes nos destinations nature...","breadcrumb":{"@id":"https:\/\/vacances-seasonova.com\/nl\/staanplaatsen\/camping-voor-caravans-in-frankrijk\/#breadcrumb"},"inLanguage":"fr-FR","potentialAction":[{"@type":"ReadAction","target":["https:\/\/vacances-seasonova.com\/nl\/staanplaatsen\/camping-voor-caravans-in-frankrijk\/"]}]},{"@type":"BreadcrumbList","@id":"https:\/\/vacances-seasonova.com\/nl\/staanplaatsen\/camping-voor-caravans-in-frankrijk\/#breadcrumb","itemListElement":[{"@type":"ListItem","position":1,"name":"Accueil","item":"https:\/\/vacances-seasonova.com\/nl\/"},{"@type":"ListItem","position":2,"name":"Emplacement","item":"https:\/\/vacances-seasonova.com\/en\/camping-pitches\/"},{"@type":"ListItem","position":3,"name":"Caravane"}]}]}},"_links":{"self":[{"href":"https:\/\/vacances-seasonova.com\/fr\/wp-json\/wp\/v2\/pages\/101"}],"collection":[{"href":"https:\/\/vacances-seasonova.com\/fr\/wp-json\/wp\/v2\/pages"}],"about":[{"href":"https:\/\/vacances-seasonova.com\/fr\/wp-json\/wp\/v2\/types\/page"}],"author":[{"embeddable":true,"href":"https:\/\/vacances-seasonova.com\/fr\/wp-json\/wp\/v2\/users\/3"}],"replies":[{"embeddable":true,"href":"https:\/\/vacances-seasonova.com\/fr\/wp-json\/wp\/v2\/comments?post=101"}],"version-history":[{"count":14,"href":"https:\/\/vacances-seasonova.com\/fr\/wp-json\/wp\/v2\/pages\/101\/revisions"}],"predecessor-version":[{"id":51727,"href":"https:\/\/vacances-seasonova.com\/fr\/wp-json\/wp\/v2\/pages\/101\/revisions\/51727"}],"up":[{"embeddable":true,"href":"https:\/\/vacances-seasonova.com\/fr\/wp-json\/wp\/v2\/pages\/64"}],"wp:featuredmedia":[{"embeddable":true,"href":"https:\/\/vacances-seasonova.com\/fr\/wp-json\/wp\/v2\/media\/663"}],"wp:attachment":[{"href":"https:\/\/vacances-seasonova.com\/fr\/wp-json\/wp\/v2\/media?parent=101"}],"curies":[{"name":"wp","href":"https:\/\/api.w.org\/{rel}","templated":true}]}}