    {"id":103,"date":"2016-09-20T11:06:43","date_gmt":"2016-09-20T10:06:43","guid":{"rendered":"http:\/\/vacances-seasonova.com\/?page_id=103"},"modified":"2025-08-28T14:35:35","modified_gmt":"2025-08-28T12:35:35","slug":"camping-car","status":"publish","type":"page","link":"https:\/\/vacances-seasonova.com\/fr\/emplacement\/emplacement-camping-car\/","title":{"rendered":"Emplacements de camping-car"},"content":{"rendered":"<p><\/p>\n<h2>D\u00e9couvrez nos offres d&#8217;emplacements camping-car<\/h2>\n<div class=\"p1\" style=\"text-align: center;\">Vous trouverez sur tous nos campings les \u00e9quipements pour faciliter votre aventure !<\/div>\n<div class=\"p1\" style=\"text-align: center;\"><strong>Des aires pratiques pour vidanger et faire le plein d&rsquo;eau<\/strong> ainsi qu&rsquo;une facilit\u00e9 d&rsquo;acc\u00e8s.<\/div>\n<div class=\"p1\" style=\"text-align: center;\">Choisissez votre emplacement Camping car selon vos pr\u00e9f\u00e9rences,<strong> face \u00e0 la mer, proche de la piscine ou bien des sanitaires.<\/strong><\/div>\n<div class=\"row\">\n<div class=\"col-lg-8 col-lg-offset-2 col-md-8 col-md-offset-2 \">\n<p style=\"text-align: center;\"><div id=\"metaslider-id-562\" style=\"width: 100%;\" class=\"ml-slider-3-61-0 metaslider metaslider-flex metaslider-562 ml-slider ms-theme-default\" role=\"region\" aria-roledescription=\"Slideshow\" aria-label=\"caravane\">\n    <div id=\"metaslider_container_562\">\n        <div id=\"metaslider_562\">\n            <ul aria-live=\"polite\" class=\"slides\">\n                <li style=\"display: block; width: 100%;\" class=\"slide-563 ms-image \" aria-roledescription=\"slide\" aria-label=\"slide-563\"><img src=\"https:\/\/vacances-seasonova.com\/wp-content\/uploads\/2016\/09\/les_mouettes_seasonova-501x319.jpg\" height=\"350\" width=\"550\" alt=\"emplacements-camping-les-mouettes-seasonova\" class=\"slider-562 slide-563\" \/><\/li>\n                <li style=\"display: none; width: 100%;\" class=\"slide-564 ms-image \" aria-roledescription=\"slide\" aria-label=\"slide-564\"><img src=\"https:\/\/vacances-seasonova.com\/wp-content\/uploads\/2016\/09\/les_mouettes-499x318.jpg\" height=\"350\" width=\"550\" alt=\"\" class=\"slider-562 slide-564\" \/><\/li>\n                <li style=\"display: none; width: 100%;\" class=\"slide-565 ms-image \" aria-roledescription=\"slide\" aria-label=\"slide-565\"><img src=\"https:\/\/vacances-seasonova.com\/wp-content\/uploads\/2016\/09\/les_portes_alsace_caravane-550x350.jpg\" height=\"350\" width=\"550\" alt=\"camping-les-portes-alsace\" class=\"slider-562 slide-565\" \/><\/li>\n            <\/ul>\n        <\/div>\n        \n    <\/div>\n<\/div><\/p>\n<\/div>\n<\/div>\n<h3 class=\"p1\">Emplacements disponibles dans les campings suivants<\/h3>\n<ul>\n<li class=\"p1\"><a href=\"https:\/\/vacances-seasonova.com\/fr\/camping\/le-point-du-jour\/\">Au Camping Le Point du Jour \u00e0 Merville-Franceville Plage<\/a><\/li>\n<li class=\"p1\"><a href=\"https:\/\/vacances-seasonova.com\/camping\/camping-les-mouettes\/\">Au Camping Les Mouettes \u00e0 Veules-les-Roses<\/a><\/li>\n<li class=\"p1\"><a href=\"https:\/\/vacances-seasonova.com\/fr\/camping\/etennemare\/\">Au Camping d&rsquo;Etennemare \u00e0 Saint-Val\u00e9ry-en-Caux<\/a><\/li>\n<li class=\"p1\"><a href=\"https:\/\/vacances-seasonova.com\/camping\/camping-les-plages-de-loire\/\">Au Camping des plages de Loire \u00e0 Rochefort-sur-Loire<\/a><\/li>\n<li class=\"p1\"><a href=\"https:\/\/vacances-seasonova.com\/fr\/camping\/aquarev\/\">Au Camping Aquarev \u00e0 Loud\u00e9ac<\/a><\/li>\n<li class=\"p1\"><a href=\"https:\/\/vacances-seasonova.com\/camping\/camping-les-portes-dalsace\/\">Au Camping les Portes d&rsquo;Alsace \u00e0 Saverne<\/a><\/li>\n<li class=\"p1\"><a href=\"https:\/\/vacances-seasonova.com\/camping\/camping-les-7-iles\/\">Au Camping les 7 \u00celes \u00e0 Tr\u00e9l\u00e9vern en Bretagne\u00a0<\/a><\/li>\n<li class=\"p1\"><a href=\"https:\/\/vacances-seasonova.com\/fr\/camping\/le-camping-haliotis\/\">Au Camping Haliotis \u00e0 Boulevard Patton <\/a><\/li>\n<li class=\"p1\"><a href=\"https:\/\/vacances-seasonova.com\/fr\/camping\/saint-michel\/\">Au Saint-Michel \u00e0 Saint-Michel <\/a><\/li>\n<\/ul>\n<h2 style=\"text-align: center;\">D\u00e9couvrez \u00e9galement nos aires de Camping-car sp\u00e9cifiques<\/h2>\n<p style=\"text-align: center;\"><strong>Offre sp\u00e9ciale \u00e0 partir de 8\u20ac la nuit<\/strong> <em>(en basse saison)<\/em> sur plusieurs de nos campings<br \/>\n(voir la liste ci-dessous).<br \/>\nCe tarif vous donne acc\u00e8s aux services du camping.<\/p>\n<div class=\"row\">\n<div class=\"col-lg-8 col-lg-offset-2\"><img loading=\"lazy\" class=\"wp-image-1657 aligncenter\" style=\"margin: 2%;\" src=\"https:\/\/vacances-seasonova.com\/wp-content\/uploads\/2022\/01\/camping-saint-michel-aire_005-scaled.jpg\" alt=\"L'aire de camping car au camping Riva Bella \u00e0 Ouistreham\" width=\"500\" height=\"398\" \/><\/div>\n<\/div>\n<div class=\"row\">\n<h3 class=\"p1\">Emplacements sp\u00e9cifiques disponibles dans les campings suivants<\/h3>\n<ul>\n<li class=\"p1\"><a href=\"https:\/\/vacances-seasonova.com\/camping\/camping-les-mouettes\/\">Au Camping Les Mouettes \u00e0 Veules-les-Roses<\/a><\/li>\n<li class=\"p1\"><a href=\"https:\/\/vacances-seasonova.com\/camping\/camping-les-plages-de-loire\/\">Au Camping des plages de Loire \u00e0 Rochefort-sur-Loire<\/a><\/li>\n<li class=\"p1\"><a href=\"https:\/\/vacances-seasonova.com\/camping\/camping-aquarev\/\">Au Camping Aquarev \u00e0 Loud\u00e9ac<\/a><\/li>\n<li class=\"p1\"><a href=\"https:\/\/vacances-seasonova.com\/camping\/camping-les-portes-dalsace\/\">Au Camping les Portes d&rsquo;Alsace \u00e0 Saverne<\/a><\/li>\n<li class=\"p1\"><a href=\"https:\/\/vacances-seasonova.com\/fr\/camping\/vesoul\/\">Au Camping Vesoul \u00e0 vaivre et Montoille <\/a><\/li>\n<li class=\"p1\"><a href=\"https:\/\/vacances-seasonova.com\/fr\/camping\/vittel\/\">Au Camping Vittel \u00e0 Vittel <\/a><\/li>\n<li class=\"p1\"><a href=\"https:\/\/vacances-seasonova.com\/fr\/camping\/letang-des-bois\/\">Au Camping L\u2019\u00c9tang des Bois \u00e0 VIEILLES-MAISONS-SUR-JOUDRY <\/a><\/li>\n<\/ul>\n<\/div>\n<h2 class=\"p1\">Services pour camping-car<\/h2>\n<ul>\n<li class=\"p1\">Wifi<\/li>\n<li class=\"p1\">Eau<\/li>\n<li class=\"p1\">Electricit\u00e9<\/li>\n<li class=\"p1\">Emplacement\u00a0de 35m2<\/li>\n<li class=\"p1\">Tri des d\u00e9chets<\/li>\n<li class=\"p1\">Traitement des eaux us\u00e9es<\/li>\n<\/ul>\n<p><\/p>","protected":false},"excerpt":{"rendered":"<p>D\u00e9couvrez nos offres d&#8217;emplacements camping-car Vous trouverez sur tous nos campings les \u00e9quipements pour faciliter votre aventure ! Des aires pratiques pour vidanger et faire le plein d&rsquo;eau ainsi qu&rsquo;une [&#8230;]<\/p>\n","protected":false},"author":3,"featured_media":3459,"parent":64,"menu_order":2,"comment_status":"closed","ping_status":"closed","template":"page.php","meta":[],"yoast_head":"<!-- This site is optimized with the Yoast SEO plugin v18.1 - https:\/\/yoast.com\/wordpress\/plugins\/seo\/ -->\n<meta name=\"robots\" content=\"index, follow, max-snippet:-1, max-image-preview:large, max-video-preview:-1\" \/>\n<link rel=\"canonical\" href=\"https:\/\/vacances-seasonova.com\/fr\/emplacement\/emplacement-camping-car\/\" \/>\n<meta property=\"og:locale\" content=\"fr_FR\" \/>\n<meta property=\"og:type\" content=\"article\" \/>\n<meta property=\"og:title\" content=\"Emplacements de camping-car - Seasonova | Campings Normandie, Bretagne, Pays de La Loire et Alsace\" \/>\n<meta property=\"og:description\" content=\"D\u00e9couvrez nos offres d&#8217;emplacements camping-car Vous trouverez sur tous nos campings les \u00e9quipements pour faciliter votre aventure ! Des aires pratiques pour vidanger et faire le plein d&rsquo;eau ainsi qu&rsquo;une [...]\" \/>\n<meta property=\"og:url\" content=\"https:\/\/vacances-seasonova.com\/fr\/emplacement\/emplacement-camping-car\/\" \/>\n<meta property=\"og:site_name\" content=\"Seasonova | Campings Normandie, Bretagne, Pays de La Loire et Alsace\" \/>\n<meta property=\"article:modified_time\" content=\"2025-08-28T12:35:35+00:00\" \/>\n<meta property=\"og:image\" content=\"https:\/\/vacances-seasonova.com\/wp-content\/uploads\/2016\/09\/emplacement-camping-1230x450.jpg\" \/>\n\t<meta property=\"og:image:width\" content=\"1230\" \/>\n\t<meta property=\"og:image:height\" content=\"450\" \/>\n\t<meta property=\"og:image:type\" content=\"image\/jpeg\" \/>\n<meta name=\"twitter:card\" content=\"summary\" \/>\n<meta name=\"twitter:label1\" content=\"Dur\u00e9e de lecture estim\u00e9e\" \/>\n\t<meta name=\"twitter:data1\" content=\"8 minutes\" \/>\n<script type=\"application\/ld+json\" class=\"yoast-schema-graph\">{\"@context\":\"https:\/\/schema.org\",\"@graph\":[{\"@type\":\"WebSite\",\"@id\":\"https:\/\/vacances-seasonova.com\/fr\/#website\",\"url\":\"https:\/\/vacances-seasonova.com\/fr\/\",\"name\":\"Seasonova | Campings Normandie, Bretagne, Pays de La Loire et Alsace\",\"description\":\"\",\"potentialAction\":[{\"@type\":\"SearchAction\",\"target\":{\"@type\":\"EntryPoint\",\"urlTemplate\":\"https:\/\/vacances-seasonova.com\/fr\/?s={search_term_string}\"},\"query-input\":\"required name=search_term_string\"}],\"inLanguage\":\"fr-FR\"},{\"@type\":\"ImageObject\",\"@id\":\"https:\/\/vacances-seasonova.com\/fr\/emplacement\/emplacement-camping-car\/#primaryimage\",\"inLanguage\":\"fr-FR\",\"url\":\"https:\/\/vacances-seasonova.com\/wp-content\/uploads\/2016\/09\/emplacement-camping.jpg\",\"contentUrl\":\"https:\/\/vacances-seasonova.com\/wp-content\/uploads\/2016\/09\/emplacement-camping.jpg\",\"width\":8400,\"height\":3074,\"caption\":\"emplacement camping car\"},{\"@type\":\"WebPage\",\"@id\":\"https:\/\/vacances-seasonova.com\/fr\/emplacement\/emplacement-camping-car\/#webpage\",\"url\":\"https:\/\/vacances-seasonova.com\/fr\/emplacement\/emplacement-camping-car\/\",\"name\":\"Emplacements de camping-car - Seasonova | Campings Normandie, Bretagne, Pays de La Loire et Alsace\",\"isPartOf\":{\"@id\":\"https:\/\/vacances-seasonova.com\/fr\/#website\"},\"primaryImageOfPage\":{\"@id\":\"https:\/\/vacances-seasonova.com\/fr\/emplacement\/emplacement-camping-car\/#primaryimage\"},\"datePublished\":\"2016-09-20T10:06:43+00:00\",\"dateModified\":\"2025-08-28T12:35:35+00:00\",\"breadcrumb\":{\"@id\":\"https:\/\/vacances-seasonova.com\/fr\/emplacement\/emplacement-camping-car\/#breadcrumb\"},\"inLanguage\":\"fr-FR\",\"potentialAction\":[{\"@type\":\"ReadAction\",\"target\":[\"https:\/\/vacances-seasonova.com\/fr\/emplacement\/emplacement-camping-car\/\"]}]},{\"@type\":\"BreadcrumbList\",\"@id\":\"https:\/\/vacances-seasonova.com\/fr\/emplacement\/emplacement-camping-car\/#breadcrumb\",\"itemListElement\":[{\"@type\":\"ListItem\",\"position\":1,\"name\":\"Accueil\",\"item\":\"https:\/\/vacances-seasonova.com\/nl\/\"},{\"@type\":\"ListItem\",\"position\":2,\"name\":\"Emplacement\",\"item\":\"https:\/\/vacances-seasonova.com\/en\/camping-pitches\/\"},{\"@type\":\"ListItem\",\"position\":3,\"name\":\"Emplacements de camping-car\"}]}]}<\/script>\n<!-- \/ Yoast SEO plugin. -->","yoast_head_json":{"robots":{"index":"index","follow":"follow","max-snippet":"max-snippet:-1","max-image-preview":"max-image-preview:large","max-video-preview":"max-video-preview:-1"},"canonical":"https:\/\/vacances-seasonova.com\/fr\/emplacement\/emplacement-camping-car\/","og_locale":"fr_FR","og_type":"article","og_title":"Emplacements de camping-car - Seasonova | Campings Normandie, Bretagne, Pays de La Loire et Alsace","og_description":"D\u00e9couvrez nos offres d&#8217;emplacements camping-car Vous trouverez sur tous nos campings les \u00e9quipements pour faciliter votre aventure ! Des aires pratiques pour vidanger et faire le plein d&rsquo;eau ainsi qu&rsquo;une [...]","og_url":"https:\/\/vacances-seasonova.com\/fr\/emplacement\/emplacement-camping-car\/","og_site_name":"Seasonova | Campings Normandie, Bretagne, Pays de La Loire et Alsace","article_modified_time":"2025-08-28T12:35:35+00:00","og_image":[{"width":1230,"height":450,"url":"https:\/\/vacances-seasonova.com\/wp-content\/uploads\/2016\/09\/emplacement-camping-1230x450.jpg","type":"image\/jpeg"}],"twitter_card":"summary","twitter_misc":{"Dur\u00e9e de lecture estim\u00e9e":"8 minutes"},"schema":{"@context":"https:\/\/schema.org","@graph":[{"@type":"WebSite","@id":"https:\/\/vacances-seasonova.com\/fr\/#website","url":"https:\/\/vacances-seasonova.com\/fr\/","name":"Seasonova | Campings Normandie, Bretagne, Pays de La Loire et Alsace","description":"","potentialAction":[{"@type":"SearchAction","target":{"@type":"EntryPoint","urlTemplate":"https:\/\/vacances-seasonova.com\/fr\/?s={search_term_string}"},"query-input":"required name=search_term_string"}],"inLanguage":"fr-FR"},{"@type":"ImageObject","@id":"https:\/\/vacances-seasonova.com\/fr\/emplacement\/emplacement-camping-car\/#primaryimage","inLanguage":"fr-FR","url":"https:\/\/vacances-seasonova.com\/wp-content\/uploads\/2016\/09\/emplacement-camping.jpg","contentUrl":"https:\/\/vacances-seasonova.com\/wp-content\/uploads\/2016\/09\/emplacement-camping.jpg","width":8400,"height":3074,"caption":"emplacement camping car"},{"@type":"WebPage","@id":"https:\/\/vacances-seasonova.com\/fr\/emplacement\/emplacement-camping-car\/#webpage","url":"https:\/\/vacances-seasonova.com\/fr\/emplacement\/emplacement-camping-car\/","name":"Emplacements de camping-car - Seasonova | Campings Normandie, Bretagne, Pays de La Loire et Alsace","isPartOf":{"@id":"https:\/\/vacances-seasonova.com\/fr\/#website"},"primaryImageOfPage":{"@id":"https:\/\/vacances-seasonova.com\/fr\/emplacement\/emplacement-camping-car\/#primaryimage"},"datePublished":"2016-09-20T10:06:43+00:00","dateModified":"2025-08-28T12:35:35+00:00","breadcrumb":{"@id":"https:\/\/vacances-seasonova.com\/fr\/emplacement\/emplacement-camping-car\/#breadcrumb"},"inLanguage":"fr-FR","potentialAction":[{"@type":"ReadAction","target":["https:\/\/vacances-seasonova.com\/fr\/emplacement\/emplacement-camping-car\/"]}]},{"@type":"BreadcrumbList","@id":"https:\/\/vacances-seasonova.com\/fr\/emplacement\/emplacement-camping-car\/#breadcrumb","itemListElement":[{"@type":"ListItem","position":1,"name":"Accueil","item":"https:\/\/vacances-seasonova.com\/nl\/"},{"@type":"ListItem","position":2,"name":"Emplacement","item":"https:\/\/vacances-seasonova.com\/en\/camping-pitches\/"},{"@type":"ListItem","position":3,"name":"Emplacements de camping-car"}]}]}},"_links":{"self":[{"href":"https:\/\/vacances-seasonova.com\/fr\/wp-json\/wp\/v2\/pages\/103"}],"collection":[{"href":"https:\/\/vacances-seasonova.com\/fr\/wp-json\/wp\/v2\/pages"}],"about":[{"href":"https:\/\/vacances-seasonova.com\/fr\/wp-json\/wp\/v2\/types\/page"}],"author":[{"embeddable":true,"href":"https:\/\/vacances-seasonova.com\/fr\/wp-json\/wp\/v2\/users\/3"}],"replies":[{"embeddable":true,"href":"https:\/\/vacances-seasonova.com\/fr\/wp-json\/wp\/v2\/comments?post=103"}],"version-history":[{"count":38,"href":"https:\/\/vacances-seasonova.com\/fr\/wp-json\/wp\/v2\/pages\/103\/revisions"}],"predecessor-version":[{"id":51718,"href":"https:\/\/vacances-seasonova.com\/fr\/wp-json\/wp\/v2\/pages\/103\/revisions\/51718"}],"up":[{"embeddable":true,"href":"https:\/\/vacances-seasonova.com\/fr\/wp-json\/wp\/v2\/pages\/64"}],"wp:featuredmedia":[{"embeddable":true,"href":"https:\/\/vacances-seasonova.com\/fr\/wp-json\/wp\/v2\/media\/3459"}],"wp:attachment":[{"href":"https:\/\/vacances-seasonova.com\/fr\/wp-json\/wp\/v2\/media?parent=103"}],"curies":[{"name":"wp","href":"https:\/\/api.w.org\/{rel}","templated":true}]}}