    {"id":105,"date":"2016-09-20T11:07:24","date_gmt":"2016-09-20T10:07:24","guid":{"rendered":"http:\/\/vacances-seasonova.com\/?page_id=105"},"modified":"2025-08-28T14:45:56","modified_gmt":"2025-08-28T12:45:56","slug":"tente","status":"publish","type":"page","link":"https:\/\/vacances-seasonova.com\/fr\/emplacement\/tente\/","title":{"rendered":"Tente"},"content":{"rendered":"<p><\/p>\n<h2>Votre camping avec emplacement pour tente<\/h2>\n<div class=\"p1\" style=\"text-align: left;\">Depuis la nuit des temps la tente est le meilleur moyen de voyager librement et sans contrainte!<\/div>\n<div class=\"p1\" style=\"text-align: left;\">Campez sous toile et vivez vos r\u00eaves d&rsquo;enfants!<\/div>\n<div class=\"p1\" style=\"text-align: left;\">Cyclotouriste, randonneur, ou Robinson en qu\u00eate de sensations natures, vous trouverez dans chaque camping Seasonova l&rsquo;authenticit\u00e9 du camping traditionnel avec les services pour simplifier votre s\u00e9jour.<\/div>\n<div class=\"p1\" style=\"text-align: left;\">Choisir un camping Seasonova, c&rsquo;est l&rsquo;assurance de b\u00e9n\u00e9ficier d&rsquo;une propret\u00e9 irr\u00e9prochable et du confort d&rsquo;un camping trois ou quatre \u00e9toiles.<\/div>\n<div class=\"p1\" style=\"text-align: justify;\">\n<p style=\"text-align: left;\">Amis randonneurs et cyclotouriste, d\u00e9couvrez nos services et offres sp\u00e9ciales.<\/p>\n<p>&nbsp;<\/p>\n<h2 class=\"p1\">Le saviez-vous ?<\/h2>\n<p class=\"p1\">Comme le signal le site web top sant\u00e9: \u00ab\u00a0Dormir sous la tente peut soigner l&rsquo;insomnie.\u00a0\u00bb<\/p>\n<p class=\"p1\" style=\"text-align: left;\">\u00ab\u00a0Passer une semaine sous la tente, expos\u00e9 \u00e0 la lumi\u00e8re du jour, permet de r\u00e9guler l&rsquo;horloge biologique et de r\u00e9gler les probl\u00e8mes d&rsquo;insomnie\u00a0\u00bb indique aussi le site qui fait r\u00e9f\u00e9rence \u00e0 une \u00e9tude men\u00e9e par des chercheurs de l&rsquo;Universit\u00e9 de Boulder dans le Colorado.<\/p>\n<p>&nbsp;<\/p>\n<p style=\"text-align: center;\">\u00a0<div id=\"metaslider-id-497\" style=\"max-width: 680px;\" class=\"ml-slider-3-61-0 metaslider metaslider-flex metaslider-497 ml-slider ms-theme-default nav-hidden\" role=\"region\" aria-roledescription=\"Slideshow\" aria-label=\"emplacement authentik\">\n    <div id=\"metaslider_container_497\">\n        <div id=\"metaslider_497\">\n            <ul aria-live=\"polite\" class=\"slides\">\n                <li style=\"display: block; width: 100%;\" class=\"slide-498 ms-image \" aria-roledescription=\"slide\" aria-label=\"slide-498\"><img src=\"https:\/\/vacances-seasonova.com\/wp-content\/uploads\/2016\/09\/camping_authentik_camping_seasonova-578x383.jpg\" height=\"450\" width=\"680\" alt=\"camping-seasonova\" class=\"slider-497 slide-498\" \/><\/li>\n            <\/ul>\n        <\/div>\n        \n    <\/div>\n<\/div><\/p>\n<h2 class=\"p1\">Emplacement pour tente disponible dans les camping suivants<\/h2>\n<ul>\n<li class=\"p1\"><a href=\"https:\/\/vacances-seasonova.com\/camping\/camping-le-point-du-jour\/\">Au Camping Le Point du Jour \u00e0 Merville Franceville Plage<\/a><\/li>\n<li class=\"p1\"><a href=\"https:\/\/vacances-seasonova.com\/camping\/camping-les-mouettes\/\">Au Camping Les Mouettes \u00e0 Veules les Roses<\/a><\/li>\n<li class=\"p1\"><a href=\"https:\/\/vacances-seasonova.com\/camping\/camping-etennemare\/\">Au Camping d&rsquo;Etennemare \u00e0 Saint Val\u00e9ry en Caux<\/a><\/li>\n<li class=\"p1\"><a href=\"https:\/\/vacances-seasonova.com\/camping\/camping-les-plages-de-loire\/\">Au Camping des plages de Loire \u00e0 Rochefort sur Loire<\/a><\/li>\n<li class=\"p1\"><a href=\"https:\/\/vacances-seasonova.com\/camping\/camping-aquarev\/\">Au Camping Aquarev \u00e0 Loud\u00e9ac<\/a><\/li>\n<li class=\"p1\"><a href=\"https:\/\/vacances-seasonova.com\/camping\/camping-les-portes-dalsace\/\">Au Camping les Portes d&rsquo;Alsace \u00e0 Saverne<\/a><\/li>\n<li class=\"p1\"><a href=\"https:\/\/vacances-seasonova.com\/camping\/camping-les-7-iles\/\">Au Camping Les 7 Iles \u00e0 Trelevern<\/a><\/li>\n<li class=\"p1\"><a href=\"https:\/\/vacances-seasonova.com\/fr\/camping\/le-camping-haliotis\/\">Au Camping Le Haliotis \u00e0 Pontorson<\/a><\/li>\n<li class=\"p1\"><a href=\"https:\/\/vacances-seasonova.com\/fr\/camping\/le-camping-haliotis\/\">Au Camping Le Saint-Michel \u00e0 Courtils<\/a><\/li>\n<li class=\"p1\"><a href=\"https:\/\/vacances-seasonova.com\/fr\/camping\/vesoul\/\">Au Camping Vesoul \u00e0 vaivre et Montoille<\/a><\/li>\n<li class=\"p1\"><a href=\"https:\/\/vacances-seasonova.com\/fr\/camping\/vittel\/\">Au Camping vittel \u00e0 vittel<\/a><\/li>\n<li class=\"p1\"><a href=\"https:\/\/vacances-seasonova.com\/fr\/camping\/oberbronn\/\">Au Camping Les Vosges du Nord \u00e0 Oberbronn<\/a><\/li>\n<li class=\"p1\"><a href=\"https:\/\/vacances-seasonova.com\/fr\/camping\/camping-seasonova-de-la-foret\/\">Au Camping La For\u00eat \u00e0 Sill\u00e9-le-Guillaume<\/a><\/li>\n<li class=\"p1\"><a href=\"https:\/\/vacances-seasonova.com\/fr\/camping\/etang-de-la-vallee\/\">Au Camping L&rsquo;\u00c9tang de la vall\u00e9e \u00e0 Combreux<\/a><\/li>\n<li class=\"p1\"><a href=\"https:\/\/vacances-seasonova.com\/fr\/camping\/letang-des-bois\/\">Au Camping L&rsquo;\u00c9tang des Bois \u00e0 Vieilles Maisons Sur Joudry <\/a><\/li>\n<li class=\"p1\"><a href=\"https:\/\/vacances-seasonova.com\/fr\/camping\/ile-de-re\/\">Au Camping \u00cele de R\u00e9 \u00e0 Les Portes-en-R\u00e9 <\/a><\/li>\n<\/ul>\n<\/div>\n<p><\/p>","protected":false},"excerpt":{"rendered":"<p>Votre camping avec emplacement pour tente Depuis la nuit des temps la tente est le meilleur moyen de voyager librement et sans contrainte! Campez sous toile et vivez vos r\u00eaves d&rsquo;enfants! Cyclotouriste, randonneur, ou [&#8230;]<\/p>\n","protected":false},"author":3,"featured_media":658,"parent":64,"menu_order":3,"comment_status":"closed","ping_status":"closed","template":"page.php","meta":[],"yoast_head":"<!-- This site is optimized with the Yoast SEO plugin v18.1 - https:\/\/yoast.com\/wordpress\/plugins\/seo\/ -->\n<meta name=\"robots\" content=\"index, follow, max-snippet:-1, max-image-preview:large, max-video-preview:-1\" \/>\n<link rel=\"canonical\" href=\"https:\/\/vacances-seasonova.com\/fr\/camping-pitches\/campingtent-pitch-for-camping-in-france\/\" \/>\n<meta property=\"og:locale\" content=\"fr_FR\" \/>\n<meta property=\"og:type\" content=\"article\" \/>\n<meta property=\"og:title\" content=\"Tente - Seasonova | Campings Normandie, Bretagne, Pays de La Loire et Alsace\" \/>\n<meta property=\"og:description\" content=\"Votre camping avec emplacement pour tente Depuis la nuit des temps la tente est le meilleur moyen de voyager librement et sans contrainte! Campez sous toile et vivez vos r\u00eaves d&rsquo;enfants! Cyclotouriste, randonneur, ou [...]\" \/>\n<meta property=\"og:url\" content=\"https:\/\/vacances-seasonova.com\/en\/camping-pitches\/campingtent-pitch-for-camping-in-france\/\" \/>\n<meta property=\"og:site_name\" content=\"Seasonova | Campings Normandie, Bretagne, Pays de La Loire et Alsace\" \/>\n<meta property=\"article:modified_time\" content=\"2025-08-28T12:45:56+00:00\" \/>\n<meta property=\"og:image\" content=\"https:\/\/vacances-seasonova.com\/wp-content\/uploads\/2016\/09\/tente_camping_seasonova.jpg\" \/>\n\t<meta property=\"og:image:width\" content=\"1480\" \/>\n\t<meta property=\"og:image:height\" content=\"449\" \/>\n\t<meta property=\"og:image:type\" content=\"image\/jpeg\" \/>\n<meta name=\"twitter:card\" content=\"summary\" \/>\n<meta name=\"twitter:label1\" content=\"Dur\u00e9e de lecture estim\u00e9e\" \/>\n\t<meta name=\"twitter:data1\" content=\"2 minutes\" \/>\n<script type=\"application\/ld+json\" class=\"yoast-schema-graph\">{\"@context\":\"https:\/\/schema.org\",\"@graph\":[{\"@type\":\"WebSite\",\"@id\":\"https:\/\/vacances-seasonova.com\/fr\/#website\",\"url\":\"https:\/\/vacances-seasonova.com\/fr\/\",\"name\":\"Seasonova | Campings Normandie, Bretagne, Pays de La Loire et Alsace\",\"description\":\"\",\"potentialAction\":[{\"@type\":\"SearchAction\",\"target\":{\"@type\":\"EntryPoint\",\"urlTemplate\":\"https:\/\/vacances-seasonova.com\/fr\/?s={search_term_string}\"},\"query-input\":\"required name=search_term_string\"}],\"inLanguage\":\"fr-FR\"},{\"@type\":\"ImageObject\",\"@id\":\"https:\/\/vacances-seasonova.com\/en\/camping-pitches\/campingtent-pitch-for-camping-in-france\/#primaryimage\",\"inLanguage\":\"fr-FR\",\"url\":\"https:\/\/vacances-seasonova.com\/wp-content\/uploads\/2016\/09\/tente_camping_seasonova.jpg\",\"contentUrl\":\"https:\/\/vacances-seasonova.com\/wp-content\/uploads\/2016\/09\/tente_camping_seasonova.jpg\",\"width\":1480,\"height\":449,\"caption\":\"tente_camping_seasonova\"},{\"@type\":\"WebPage\",\"@id\":\"https:\/\/vacances-seasonova.com\/en\/camping-pitches\/campingtent-pitch-for-camping-in-france\/#webpage\",\"url\":\"https:\/\/vacances-seasonova.com\/en\/camping-pitches\/campingtent-pitch-for-camping-in-france\/\",\"name\":\"Tente - Seasonova | Campings Normandie, Bretagne, Pays de La Loire et Alsace\",\"isPartOf\":{\"@id\":\"https:\/\/vacances-seasonova.com\/fr\/#website\"},\"primaryImageOfPage\":{\"@id\":\"https:\/\/vacances-seasonova.com\/en\/camping-pitches\/campingtent-pitch-for-camping-in-france\/#primaryimage\"},\"datePublished\":\"2016-09-20T10:07:24+00:00\",\"dateModified\":\"2025-08-28T12:45:56+00:00\",\"breadcrumb\":{\"@id\":\"https:\/\/vacances-seasonova.com\/en\/camping-pitches\/campingtent-pitch-for-camping-in-france\/#breadcrumb\"},\"inLanguage\":\"fr-FR\",\"potentialAction\":[{\"@type\":\"ReadAction\",\"target\":[\"https:\/\/vacances-seasonova.com\/en\/camping-pitches\/campingtent-pitch-for-camping-in-france\/\"]}]},{\"@type\":\"BreadcrumbList\",\"@id\":\"https:\/\/vacances-seasonova.com\/en\/camping-pitches\/campingtent-pitch-for-camping-in-france\/#breadcrumb\",\"itemListElement\":[{\"@type\":\"ListItem\",\"position\":1,\"name\":\"Accueil\",\"item\":\"https:\/\/vacances-seasonova.com\/nl\/\"},{\"@type\":\"ListItem\",\"position\":2,\"name\":\"Emplacement\",\"item\":\"https:\/\/vacances-seasonova.com\/en\/camping-pitches\/\"},{\"@type\":\"ListItem\",\"position\":3,\"name\":\"Tente\"}]}]}<\/script>\n<!-- \/ Yoast SEO plugin. -->","yoast_head_json":{"robots":{"index":"index","follow":"follow","max-snippet":"max-snippet:-1","max-image-preview":"max-image-preview:large","max-video-preview":"max-video-preview:-1"},"canonical":"https:\/\/vacances-seasonova.com\/fr\/camping-pitches\/campingtent-pitch-for-camping-in-france\/","og_locale":"fr_FR","og_type":"article","og_title":"Tente - Seasonova | Campings Normandie, Bretagne, Pays de La Loire et Alsace","og_description":"Votre camping avec emplacement pour tente Depuis la nuit des temps la tente est le meilleur moyen de voyager librement et sans contrainte! Campez sous toile et vivez vos r\u00eaves d&rsquo;enfants! Cyclotouriste, randonneur, ou [...]","og_url":"https:\/\/vacances-seasonova.com\/en\/camping-pitches\/campingtent-pitch-for-camping-in-france\/","og_site_name":"Seasonova | Campings Normandie, Bretagne, Pays de La Loire et Alsace","article_modified_time":"2025-08-28T12:45:56+00:00","og_image":[{"width":1480,"height":449,"url":"https:\/\/vacances-seasonova.com\/wp-content\/uploads\/2016\/09\/tente_camping_seasonova.jpg","type":"image\/jpeg"}],"twitter_card":"summary","twitter_misc":{"Dur\u00e9e de lecture estim\u00e9e":"2 minutes"},"schema":{"@context":"https:\/\/schema.org","@graph":[{"@type":"WebSite","@id":"https:\/\/vacances-seasonova.com\/fr\/#website","url":"https:\/\/vacances-seasonova.com\/fr\/","name":"Seasonova | Campings Normandie, Bretagne, Pays de La Loire et Alsace","description":"","potentialAction":[{"@type":"SearchAction","target":{"@type":"EntryPoint","urlTemplate":"https:\/\/vacances-seasonova.com\/fr\/?s={search_term_string}"},"query-input":"required name=search_term_string"}],"inLanguage":"fr-FR"},{"@type":"ImageObject","@id":"https:\/\/vacances-seasonova.com\/en\/camping-pitches\/campingtent-pitch-for-camping-in-france\/#primaryimage","inLanguage":"fr-FR","url":"https:\/\/vacances-seasonova.com\/wp-content\/uploads\/2016\/09\/tente_camping_seasonova.jpg","contentUrl":"https:\/\/vacances-seasonova.com\/wp-content\/uploads\/2016\/09\/tente_camping_seasonova.jpg","width":1480,"height":449,"caption":"tente_camping_seasonova"},{"@type":"WebPage","@id":"https:\/\/vacances-seasonova.com\/en\/camping-pitches\/campingtent-pitch-for-camping-in-france\/#webpage","url":"https:\/\/vacances-seasonova.com\/en\/camping-pitches\/campingtent-pitch-for-camping-in-france\/","name":"Tente - Seasonova | Campings Normandie, Bretagne, Pays de La Loire et Alsace","isPartOf":{"@id":"https:\/\/vacances-seasonova.com\/fr\/#website"},"primaryImageOfPage":{"@id":"https:\/\/vacances-seasonova.com\/en\/camping-pitches\/campingtent-pitch-for-camping-in-france\/#primaryimage"},"datePublished":"2016-09-20T10:07:24+00:00","dateModified":"2025-08-28T12:45:56+00:00","breadcrumb":{"@id":"https:\/\/vacances-seasonova.com\/en\/camping-pitches\/campingtent-pitch-for-camping-in-france\/#breadcrumb"},"inLanguage":"fr-FR","potentialAction":[{"@type":"ReadAction","target":["https:\/\/vacances-seasonova.com\/en\/camping-pitches\/campingtent-pitch-for-camping-in-france\/"]}]},{"@type":"BreadcrumbList","@id":"https:\/\/vacances-seasonova.com\/en\/camping-pitches\/campingtent-pitch-for-camping-in-france\/#breadcrumb","itemListElement":[{"@type":"ListItem","position":1,"name":"Accueil","item":"https:\/\/vacances-seasonova.com\/nl\/"},{"@type":"ListItem","position":2,"name":"Emplacement","item":"https:\/\/vacances-seasonova.com\/en\/camping-pitches\/"},{"@type":"ListItem","position":3,"name":"Tente"}]}]}},"_links":{"self":[{"href":"https:\/\/vacances-seasonova.com\/fr\/wp-json\/wp\/v2\/pages\/105"}],"collection":[{"href":"https:\/\/vacances-seasonova.com\/fr\/wp-json\/wp\/v2\/pages"}],"about":[{"href":"https:\/\/vacances-seasonova.com\/fr\/wp-json\/wp\/v2\/types\/page"}],"author":[{"embeddable":true,"href":"https:\/\/vacances-seasonova.com\/fr\/wp-json\/wp\/v2\/users\/3"}],"replies":[{"embeddable":true,"href":"https:\/\/vacances-seasonova.com\/fr\/wp-json\/wp\/v2\/comments?post=105"}],"version-history":[{"count":10,"href":"https:\/\/vacances-seasonova.com\/fr\/wp-json\/wp\/v2\/pages\/105\/revisions"}],"predecessor-version":[{"id":51724,"href":"https:\/\/vacances-seasonova.com\/fr\/wp-json\/wp\/v2\/pages\/105\/revisions\/51724"}],"up":[{"embeddable":true,"href":"https:\/\/vacances-seasonova.com\/fr\/wp-json\/wp\/v2\/pages\/64"}],"wp:featuredmedia":[{"embeddable":true,"href":"https:\/\/vacances-seasonova.com\/fr\/wp-json\/wp\/v2\/media\/658"}],"wp:attachment":[{"href":"https:\/\/vacances-seasonova.com\/fr\/wp-json\/wp\/v2\/media?parent=105"}],"curies":[{"name":"wp","href":"https:\/\/api.w.org\/{rel}","templated":true}]}}