    {"id":11479,"date":"2019-06-27T10:49:46","date_gmt":"2019-06-27T08:49:46","guid":{"rendered":"https:\/\/vacances-seasonova.com\/?page_id=11479"},"modified":"2021-03-24T16:42:47","modified_gmt":"2021-03-24T15:42:47","slug":"offres-newsletter","status":"publish","type":"page","link":"https:\/\/vacances-seasonova.com\/fr\/newsletters\/","title":{"rendered":"Newsletters"},"content":{"rendered":"<p><\/p>\n<h1 style=\"text-align: center;\">Newsletter<\/h1>\n<div class=\"banner_newsletter\">Les offres \u00e0 ne pas louper pour vos vacances !<\/div>\n<p>Toutes nos offres du moment concernant des activit\u00e9s, des logements, des locations, des visites et bien plus ! Vous trouverez assur\u00e9ment ce dont vous avez besoin.<\/p>","protected":false},"excerpt":{"rendered":"<p>Newsletter Les offres \u00e0 ne pas louper pour vos vacances ! Toutes nos offres du moment concernant des activit\u00e9s, des logements, des locations, des visites et bien plus ! Vous trouverez assur\u00e9ment ce dont vous avez [&#8230;]<\/p>\n","protected":false},"author":3,"featured_media":0,"parent":0,"menu_order":0,"comment_status":"closed","ping_status":"closed","template":"","meta":[],"yoast_head":"<!-- This site is optimized with the Yoast SEO plugin v18.1 - https:\/\/yoast.com\/wordpress\/plugins\/seo\/ -->\n<meta name=\"robots\" content=\"noindex, nofollow\" \/>\n<meta property=\"og:locale\" content=\"fr_FR\" \/>\n<meta property=\"og:type\" content=\"article\" \/>\n<meta property=\"og:title\" content=\"Newsletters - Seasonova | Campings Normandie, Bretagne, Pays de La Loire et Alsace\" \/>\n<meta property=\"og:description\" content=\"Newsletter Les offres \u00e0 ne pas louper pour vos vacances ! Toutes nos offres du moment concernant des activit\u00e9s, des logements, des locations, des visites et bien plus ! Vous trouverez assur\u00e9ment ce dont vous avez [...]\" \/>\n<meta property=\"og:url\" content=\"https:\/\/vacances-seasonova.com\/fr\/titigrosminet\" \/>\n<meta property=\"og:site_name\" content=\"Seasonova | Campings Normandie, Bretagne, Pays de La Loire et Alsace\" \/>\n<meta property=\"article:modified_time\" content=\"2021-03-24T15:42:47+00:00\" \/>\n<meta property=\"og:image\" content=\"https:\/\/vacances-seasonova.com\/wp-content\/uploads\/2022\/02\/recrutement-seasonova.png\" \/>\n\t<meta property=\"og:image:width\" content=\"1043\" \/>\n\t<meta property=\"og:image:height\" content=\"1042\" \/>\n\t<meta property=\"og:image:type\" content=\"image\/png\" \/>\n<meta name=\"twitter:card\" content=\"summary\" \/>\n<script type=\"application\/ld+json\" class=\"yoast-schema-graph\">{\"@context\":\"https:\/\/schema.org\",\"@graph\":[{\"@type\":\"WebSite\",\"@id\":\"https:\/\/vacances-seasonova.com\/fr\/#website\",\"url\":\"https:\/\/vacances-seasonova.com\/fr\/\",\"name\":\"Seasonova | Campings Normandie, Bretagne, Pays de La Loire et Alsace\",\"description\":\"\",\"potentialAction\":[{\"@type\":\"SearchAction\",\"target\":{\"@type\":\"EntryPoint\",\"urlTemplate\":\"https:\/\/vacances-seasonova.com\/fr\/?s={search_term_string}\"},\"query-input\":\"required name=search_term_string\"}],\"inLanguage\":\"fr-FR\"},{\"@type\":\"WebPage\",\"@id\":\"https:\/\/vacances-seasonova.com\/fr\/titigrosminet#webpage\",\"url\":\"https:\/\/vacances-seasonova.com\/fr\/titigrosminet\",\"name\":\"Newsletters - Seasonova | Campings Normandie, Bretagne, Pays de La Loire et Alsace\",\"isPartOf\":{\"@id\":\"https:\/\/vacances-seasonova.com\/fr\/#website\"},\"datePublished\":\"2019-06-27T08:49:46+00:00\",\"dateModified\":\"2021-03-24T15:42:47+00:00\",\"breadcrumb\":{\"@id\":\"https:\/\/vacances-seasonova.com\/fr\/titigrosminet#breadcrumb\"},\"inLanguage\":\"fr-FR\",\"potentialAction\":[{\"@type\":\"ReadAction\",\"target\":[\"https:\/\/vacances-seasonova.com\/fr\/titigrosminet\"]}]},{\"@type\":\"BreadcrumbList\",\"@id\":\"https:\/\/vacances-seasonova.com\/fr\/titigrosminet#breadcrumb\",\"itemListElement\":[{\"@type\":\"ListItem\",\"position\":1,\"name\":\"Accueil\",\"item\":\"https:\/\/vacances-seasonova.com\/nl\/\"},{\"@type\":\"ListItem\",\"position\":2,\"name\":\"Newsletters\"}]}]}<\/script>\n<!-- \/ Yoast SEO plugin. -->","yoast_head_json":{"robots":{"index":"noindex","follow":"nofollow"},"og_locale":"fr_FR","og_type":"article","og_title":"Newsletters - Seasonova | Campings Normandie, Bretagne, Pays de La Loire et Alsace","og_description":"Newsletter Les offres \u00e0 ne pas louper pour vos vacances ! Toutes nos offres du moment concernant des activit\u00e9s, des logements, des locations, des visites et bien plus ! Vous trouverez assur\u00e9ment ce dont vous avez [...]","og_url":"https:\/\/vacances-seasonova.com\/fr\/titigrosminet","og_site_name":"Seasonova | Campings Normandie, Bretagne, Pays de La Loire et Alsace","article_modified_time":"2021-03-24T15:42:47+00:00","og_image":[{"width":1043,"height":1042,"url":"https:\/\/vacances-seasonova.com\/wp-content\/uploads\/2022\/02\/recrutement-seasonova.png","type":"image\/png"}],"twitter_card":"summary","schema":{"@context":"https:\/\/schema.org","@graph":[{"@type":"WebSite","@id":"https:\/\/vacances-seasonova.com\/fr\/#website","url":"https:\/\/vacances-seasonova.com\/fr\/","name":"Seasonova | Campings Normandie, Bretagne, Pays de La Loire et Alsace","description":"","potentialAction":[{"@type":"SearchAction","target":{"@type":"EntryPoint","urlTemplate":"https:\/\/vacances-seasonova.com\/fr\/?s={search_term_string}"},"query-input":"required name=search_term_string"}],"inLanguage":"fr-FR"},{"@type":"WebPage","@id":"https:\/\/vacances-seasonova.com\/fr\/titigrosminet#webpage","url":"https:\/\/vacances-seasonova.com\/fr\/titigrosminet","name":"Newsletters - Seasonova | Campings Normandie, Bretagne, Pays de La Loire et Alsace","isPartOf":{"@id":"https:\/\/vacances-seasonova.com\/fr\/#website"},"datePublished":"2019-06-27T08:49:46+00:00","dateModified":"2021-03-24T15:42:47+00:00","breadcrumb":{"@id":"https:\/\/vacances-seasonova.com\/fr\/titigrosminet#breadcrumb"},"inLanguage":"fr-FR","potentialAction":[{"@type":"ReadAction","target":["https:\/\/vacances-seasonova.com\/fr\/titigrosminet"]}]},{"@type":"BreadcrumbList","@id":"https:\/\/vacances-seasonova.com\/fr\/titigrosminet#breadcrumb","itemListElement":[{"@type":"ListItem","position":1,"name":"Accueil","item":"https:\/\/vacances-seasonova.com\/nl\/"},{"@type":"ListItem","position":2,"name":"Newsletters"}]}]}},"_links":{"self":[{"href":"https:\/\/vacances-seasonova.com\/fr\/wp-json\/wp\/v2\/pages\/11479"}],"collection":[{"href":"https:\/\/vacances-seasonova.com\/fr\/wp-json\/wp\/v2\/pages"}],"about":[{"href":"https:\/\/vacances-seasonova.com\/fr\/wp-json\/wp\/v2\/types\/page"}],"author":[{"embeddable":true,"href":"https:\/\/vacances-seasonova.com\/fr\/wp-json\/wp\/v2\/users\/3"}],"replies":[{"embeddable":true,"href":"https:\/\/vacances-seasonova.com\/fr\/wp-json\/wp\/v2\/comments?post=11479"}],"version-history":[{"count":0,"href":"https:\/\/vacances-seasonova.com\/fr\/wp-json\/wp\/v2\/pages\/11479\/revisions"}],"wp:attachment":[{"href":"https:\/\/vacances-seasonova.com\/fr\/wp-json\/wp\/v2\/media?parent=11479"}],"curies":[{"name":"wp","href":"https:\/\/api.w.org\/{rel}","templated":true}]}}