    {"id":119,"date":"2016-09-20T11:40:08","date_gmt":"2016-09-20T10:40:08","guid":{"rendered":"http:\/\/vacances-seasonova.com\/?page_id=119"},"modified":"2021-04-09T14:22:54","modified_gmt":"2021-04-09T12:22:54","slug":"contact-camping","status":"publish","type":"page","link":"https:\/\/vacances-seasonova.com\/fr\/information-camping-pratiques\/contact-camping-seasonova\/","title":{"rendered":"Contact camping seasonova"},"content":{"rendered":"<p><strong>Contact Camping<\/strong><\/p>\n<p class=\"p1\" style=\"text-align: justify;\">Pour toute questions relative \u00e0 Seasonova vous pouvez nous contacter par t\u00e9l\u00e9phone au 02 36 81 00 01 ou par e-mail.<\/p>\n<h3 class=\"p1\">Contact du camping Le point du jour en Normandie<\/h3>\n<div class=\"p1\" style=\"text-align: justify;\"><a href=\"mailto:contact@camping-lepointdujour.com\">contact@camping-lepointdujour.com<\/a><\/div>\n<div class=\"p1\" style=\"text-align: justify;\"><a href=\"tel:0231242334\">02 31 24 23 34<\/a><\/div>\n<h3 class=\"p1\">Contact camping Les Mouettes en Normandie<\/h3>\n<div class=\"p1\" style=\"text-align: justify;\"><a href=\"mailto:contact@camping-lesmouettes-normandie.com\">contact@camping-lesmouettes-normandie.com<\/a><\/div>\n<div class=\"p1\" style=\"text-align: justify;\"><a href=\"tel:02 35 97 61 98\">02 35 97 61 98<\/a><\/div>\n<h3 class=\"p1\">Contact du camping Riva Bella en Normandie<\/h3>\n<div class=\"p1\" style=\"text-align: justify;\"><a href=\"mailto:camping-rivabella@vacances-seasonova.com\">camping-rivabella@vacances-seasonova.com<\/a><\/div>\n<div class=\"p1\" style=\"text-align: justify;\"><a href=\"tel:02 31 97 12 66\">02 31 97 12 66<\/a><\/div>\n<h3 class=\"p1\">Contact camping Aquarev en Bretagne Centre<\/h3>\n<div class=\"p1\" style=\"text-align: justify;\"><a href=\"mailto:contact@camping-aquarev.com\">contact@camping-aquarev.com<\/a><\/div>\n<div class=\"p1\" style=\"text-align: justify;\"><a href=\"tel:02 96 26 21 92\">02 96 26 21 92<\/a><\/div>\n<h3 class=\"p1\">Contact camping Les plages de Loire en Pays de Loire<\/h3>\n<div class=\"p1\" style=\"text-align: justify;\"><a href=\"mailto:contact@camping-lesplagesdeloire.com\">contact@camping-lesplagesdeloire.com<\/a><\/div>\n<div class=\"p1\" style=\"text-align: justify;\"><a href=\"tel:02 96 26 21 92\">02 41 68 55 91<\/a><\/div>\n<h3 class=\"p1\">Contact du camping Les Portes d&rsquo;Alsace en Alsace<\/h3>\n<div class=\"p1\" style=\"text-align: justify;\"><a href=\"mailto:contact@camping-lesportesdalsace.com\">contact@camping-lesportesdalsace.com<\/a><\/div>\n<div class=\"p1\" style=\"text-align: justify;\"><a href=\"tel:02 96 26 21 92\">03 88 91 35 65<\/a><\/div>\n<div class=\"p1\" style=\"text-align: justify;\"><\/div>\n<h3 class=\"p1\">Camping Etennemare en Normandie<\/h3>\n<div class=\"p1\" style=\"text-align: justify;\"><a href=\"mailto:contact@camping-etennemare.com\">contact@camping-etennemare.com<\/a><\/div>\n<div class=\"p1\" style=\"text-align: justify;\"><a href=\"tel:02 35 97 15 79\">02 35 97 15 79<\/a><\/div>\n<p><\/p>","protected":false},"excerpt":{"rendered":"<p>Contact Camping Pour toute questions relative \u00e0 Seasonova vous pouvez nous contacter par t\u00e9l\u00e9phone au 02 36 81 00 01 ou par e-mail. Contact du camping Le point du jour en Normandie contact@camping-lepointdujour.com 02 31 [&#8230;]<\/p>\n","protected":false},"author":3,"featured_media":666,"parent":66,"menu_order":1,"comment_status":"closed","ping_status":"closed","template":"page.php","meta":[],"yoast_head":"<!-- This site is optimized with the Yoast SEO plugin v18.1 - https:\/\/yoast.com\/wordpress\/plugins\/seo\/ -->\n<meta name=\"robots\" content=\"index, follow, max-snippet:-1, max-image-preview:large, max-video-preview:-1\" \/>\n<link rel=\"canonical\" href=\"https:\/\/vacances-seasonova.com\/fr\/information-camping-pratiques\/contact-camping-seasonova\/\" \/>\n<meta property=\"og:locale\" content=\"fr_FR\" \/>\n<meta property=\"og:type\" content=\"article\" \/>\n<meta property=\"og:title\" content=\"Contact camping seasonova - Seasonova | Campings Normandie, Bretagne, Pays de La Loire et Alsace\" \/>\n<meta property=\"og:description\" content=\"Contact Camping Pour toute questions relative \u00e0 Seasonova vous pouvez nous contacter par t\u00e9l\u00e9phone au 02 36 81 00 01 ou par e-mail. Contact du camping Le point du jour en Normandie contact@camping-lepointdujour.com 02 31 [...]\" \/>\n<meta property=\"og:url\" content=\"https:\/\/vacances-seasonova.com\/fr\/information-camping-pratiques\/contact-camping-seasonova\/\" \/>\n<meta property=\"og:site_name\" content=\"Seasonova | Campings Normandie, Bretagne, Pays de La Loire et Alsace\" \/>\n<meta property=\"article:modified_time\" content=\"2021-04-09T12:22:54+00:00\" \/>\n<meta property=\"og:image\" content=\"https:\/\/vacances-seasonova.com\/wp-content\/uploads\/2016\/09\/services_camping_seasonova.jpg\" \/>\n\t<meta property=\"og:image:width\" content=\"1480\" \/>\n\t<meta property=\"og:image:height\" content=\"453\" \/>\n\t<meta property=\"og:image:type\" content=\"image\/jpeg\" \/>\n<meta name=\"twitter:card\" content=\"summary\" \/>\n<meta name=\"twitter:label1\" content=\"Dur\u00e9e de lecture estim\u00e9e\" \/>\n\t<meta name=\"twitter:data1\" content=\"2 minutes\" \/>\n<script type=\"application\/ld+json\" class=\"yoast-schema-graph\">{\"@context\":\"https:\/\/schema.org\",\"@graph\":[{\"@type\":\"WebSite\",\"@id\":\"https:\/\/vacances-seasonova.com\/fr\/#website\",\"url\":\"https:\/\/vacances-seasonova.com\/fr\/\",\"name\":\"Seasonova | Campings Normandie, Bretagne, Pays de La Loire et Alsace\",\"description\":\"\",\"potentialAction\":[{\"@type\":\"SearchAction\",\"target\":{\"@type\":\"EntryPoint\",\"urlTemplate\":\"https:\/\/vacances-seasonova.com\/fr\/?s={search_term_string}\"},\"query-input\":\"required name=search_term_string\"}],\"inLanguage\":\"fr-FR\"},{\"@type\":\"ImageObject\",\"@id\":\"https:\/\/vacances-seasonova.com\/fr\/information-camping-pratiques\/contact-camping-seasonova\/#primaryimage\",\"inLanguage\":\"fr-FR\",\"url\":\"https:\/\/vacances-seasonova.com\/wp-content\/uploads\/2016\/09\/services_camping_seasonova.jpg\",\"contentUrl\":\"https:\/\/vacances-seasonova.com\/wp-content\/uploads\/2016\/09\/services_camping_seasonova.jpg\",\"width\":1480,\"height\":453,\"caption\":\"services_camping_seasonova\"},{\"@type\":\"WebPage\",\"@id\":\"https:\/\/vacances-seasonova.com\/fr\/information-camping-pratiques\/contact-camping-seasonova\/#webpage\",\"url\":\"https:\/\/vacances-seasonova.com\/fr\/information-camping-pratiques\/contact-camping-seasonova\/\",\"name\":\"Contact camping seasonova - Seasonova | Campings Normandie, Bretagne, Pays de La Loire et Alsace\",\"isPartOf\":{\"@id\":\"https:\/\/vacances-seasonova.com\/fr\/#website\"},\"primaryImageOfPage\":{\"@id\":\"https:\/\/vacances-seasonova.com\/fr\/information-camping-pratiques\/contact-camping-seasonova\/#primaryimage\"},\"datePublished\":\"2016-09-20T10:40:08+00:00\",\"dateModified\":\"2021-04-09T12:22:54+00:00\",\"breadcrumb\":{\"@id\":\"https:\/\/vacances-seasonova.com\/fr\/information-camping-pratiques\/contact-camping-seasonova\/#breadcrumb\"},\"inLanguage\":\"fr-FR\",\"potentialAction\":[{\"@type\":\"ReadAction\",\"target\":[\"https:\/\/vacances-seasonova.com\/fr\/information-camping-pratiques\/contact-camping-seasonova\/\"]}]},{\"@type\":\"BreadcrumbList\",\"@id\":\"https:\/\/vacances-seasonova.com\/fr\/information-camping-pratiques\/contact-camping-seasonova\/#breadcrumb\",\"itemListElement\":[{\"@type\":\"ListItem\",\"position\":1,\"name\":\"Accueil\",\"item\":\"https:\/\/vacances-seasonova.com\/nl\/\"},{\"@type\":\"ListItem\",\"position\":2,\"name\":\"Praktische Campinginformationen\",\"item\":\"https:\/\/vacances-seasonova.com\/de\/praktische-campinginformationen\/\"},{\"@type\":\"ListItem\",\"position\":3,\"name\":\"Contact camping seasonova\"}]}]}<\/script>\n<!-- \/ Yoast SEO plugin. -->","yoast_head_json":{"robots":{"index":"index","follow":"follow","max-snippet":"max-snippet:-1","max-image-preview":"max-image-preview:large","max-video-preview":"max-video-preview:-1"},"canonical":"https:\/\/vacances-seasonova.com\/fr\/information-camping-pratiques\/contact-camping-seasonova\/","og_locale":"fr_FR","og_type":"article","og_title":"Contact camping seasonova - Seasonova | Campings Normandie, Bretagne, Pays de La Loire et Alsace","og_description":"Contact Camping Pour toute questions relative \u00e0 Seasonova vous pouvez nous contacter par t\u00e9l\u00e9phone au 02 36 81 00 01 ou par e-mail. Contact du camping Le point du jour en Normandie contact@camping-lepointdujour.com 02 31 [...]","og_url":"https:\/\/vacances-seasonova.com\/fr\/information-camping-pratiques\/contact-camping-seasonova\/","og_site_name":"Seasonova | Campings Normandie, Bretagne, Pays de La Loire et Alsace","article_modified_time":"2021-04-09T12:22:54+00:00","og_image":[{"width":1480,"height":453,"url":"https:\/\/vacances-seasonova.com\/wp-content\/uploads\/2016\/09\/services_camping_seasonova.jpg","type":"image\/jpeg"}],"twitter_card":"summary","twitter_misc":{"Dur\u00e9e de lecture estim\u00e9e":"2 minutes"},"schema":{"@context":"https:\/\/schema.org","@graph":[{"@type":"WebSite","@id":"https:\/\/vacances-seasonova.com\/fr\/#website","url":"https:\/\/vacances-seasonova.com\/fr\/","name":"Seasonova | Campings Normandie, Bretagne, Pays de La Loire et Alsace","description":"","potentialAction":[{"@type":"SearchAction","target":{"@type":"EntryPoint","urlTemplate":"https:\/\/vacances-seasonova.com\/fr\/?s={search_term_string}"},"query-input":"required name=search_term_string"}],"inLanguage":"fr-FR"},{"@type":"ImageObject","@id":"https:\/\/vacances-seasonova.com\/fr\/information-camping-pratiques\/contact-camping-seasonova\/#primaryimage","inLanguage":"fr-FR","url":"https:\/\/vacances-seasonova.com\/wp-content\/uploads\/2016\/09\/services_camping_seasonova.jpg","contentUrl":"https:\/\/vacances-seasonova.com\/wp-content\/uploads\/2016\/09\/services_camping_seasonova.jpg","width":1480,"height":453,"caption":"services_camping_seasonova"},{"@type":"WebPage","@id":"https:\/\/vacances-seasonova.com\/fr\/information-camping-pratiques\/contact-camping-seasonova\/#webpage","url":"https:\/\/vacances-seasonova.com\/fr\/information-camping-pratiques\/contact-camping-seasonova\/","name":"Contact camping seasonova - Seasonova | Campings Normandie, Bretagne, Pays de La Loire et Alsace","isPartOf":{"@id":"https:\/\/vacances-seasonova.com\/fr\/#website"},"primaryImageOfPage":{"@id":"https:\/\/vacances-seasonova.com\/fr\/information-camping-pratiques\/contact-camping-seasonova\/#primaryimage"},"datePublished":"2016-09-20T10:40:08+00:00","dateModified":"2021-04-09T12:22:54+00:00","breadcrumb":{"@id":"https:\/\/vacances-seasonova.com\/fr\/information-camping-pratiques\/contact-camping-seasonova\/#breadcrumb"},"inLanguage":"fr-FR","potentialAction":[{"@type":"ReadAction","target":["https:\/\/vacances-seasonova.com\/fr\/information-camping-pratiques\/contact-camping-seasonova\/"]}]},{"@type":"BreadcrumbList","@id":"https:\/\/vacances-seasonova.com\/fr\/information-camping-pratiques\/contact-camping-seasonova\/#breadcrumb","itemListElement":[{"@type":"ListItem","position":1,"name":"Accueil","item":"https:\/\/vacances-seasonova.com\/nl\/"},{"@type":"ListItem","position":2,"name":"Praktische Campinginformationen","item":"https:\/\/vacances-seasonova.com\/de\/praktische-campinginformationen\/"},{"@type":"ListItem","position":3,"name":"Contact camping seasonova"}]}]}},"_links":{"self":[{"href":"https:\/\/vacances-seasonova.com\/fr\/wp-json\/wp\/v2\/pages\/119"}],"collection":[{"href":"https:\/\/vacances-seasonova.com\/fr\/wp-json\/wp\/v2\/pages"}],"about":[{"href":"https:\/\/vacances-seasonova.com\/fr\/wp-json\/wp\/v2\/types\/page"}],"author":[{"embeddable":true,"href":"https:\/\/vacances-seasonova.com\/fr\/wp-json\/wp\/v2\/users\/3"}],"replies":[{"embeddable":true,"href":"https:\/\/vacances-seasonova.com\/fr\/wp-json\/wp\/v2\/comments?post=119"}],"version-history":[{"count":0,"href":"https:\/\/vacances-seasonova.com\/fr\/wp-json\/wp\/v2\/pages\/119\/revisions"}],"up":[{"embeddable":true,"href":"https:\/\/vacances-seasonova.com\/fr\/wp-json\/wp\/v2\/pages\/66"}],"wp:featuredmedia":[{"embeddable":true,"href":"https:\/\/vacances-seasonova.com\/fr\/wp-json\/wp\/v2\/media\/666"}],"wp:attachment":[{"href":"https:\/\/vacances-seasonova.com\/fr\/wp-json\/wp\/v2\/media?parent=119"}],"curies":[{"name":"wp","href":"https:\/\/api.w.org\/{rel}","templated":true}]}}