    {"id":121,"date":"2016-09-20T11:45:28","date_gmt":"2016-09-20T10:45:28","guid":{"rendered":"http:\/\/vacances-seasonova.com\/?page_id=121"},"modified":"2023-02-15T17:07:41","modified_gmt":"2023-02-15T16:07:41","slug":"comment-reserver","status":"publish","type":"page","link":"https:\/\/vacances-seasonova.com\/fr\/information-camping-pratiques\/comment-reserver\/","title":{"rendered":"Comment r\u00e9server ?"},"content":{"rendered":"<p><\/p>\n<h2 class=\"p1\">Par t\u00e9l\u00e9phone<\/h2>\n<div class=\"p1\" style=\"text-align: justify;\">Nos agents de r\u00e9servation ? vous renseigneront, du lundi au vendredi, de 9h \u00e0 18h au <strong>(0033)2 36 81 00 01<\/strong><\/div>\n<div class=\"p1\" style=\"text-align: justify;\">\n<p>Ils vous aideront \u00e0 faire votre premi\u00e8re r\u00e9servation camping par internet. E Ils pourront \u00e9galement r\u00e9server votre s\u00e9jour directement par t\u00e9l\u00e9phone. Ils pourront vous aider \u00e0 faire votre choix en vous renseignant dans les moindres d\u00e9tails sur chaque camping Seasonova.<\/p>\n<\/div>\n<h2 class=\"p1\">Par internet<\/h2>\n<div class=\"p1\" style=\"text-align: justify;\">\n<p>D\u00e9couvrez toutes les prestations de nos campings en France et <a href=\"https:\/\/bookingpremium.secureholiday.net\/group\/fr\/22\/search\/estab-list?showMap=true&amp;radius=1605\" target=\"_blank\" rel=\"noopener noreferrer\">r\u00e9server 24\/24 H<\/a><\/p>\n<\/div>\n<div class=\"p1\" style=\"text-align: justify;\">Nous nous effor\u00e7ons de vous offrir une information pr\u00e9cise et vraie avec des photos sinc\u00e8res, des descriptifs d\u00e9taill\u00e9s et des liens vers nos partenaires pour vous faire d\u00e9couvrir et aimer nos r\u00e9gions&#8230;<\/div>\n<div class=\"p1\" style=\"text-align: justify;\">\n<p>En effectuant directement votre demande de\u00a0 r\u00e9servation camping par internet, c&rsquo;est l&rsquo;assurance d&rsquo;une confirmation rapide sous 48 H maximum. Vous recevez en retour notre confirmation par mail. Pas besoin d&rsquo;envoyer de contrat suppl\u00e9mentaire ni de r\u00e8glement par courrier.<\/p>\n<\/div>\n<h2 class=\"p1\" style=\"text-align: justify;\">Rechercher nos disponibilit\u00e9s et r\u00e9server<\/h2>\n<div class=\"p1\" style=\"text-align: justify;\">Tout simple, toujours \u00e0 droite de votre \u00e9cran, s\u00e9lectionner le camping de votre choix et vos dates de s\u00e9jours. Nous vous informons en direct de nos disponibilit\u00e9s en cliquant sur le bouton \u00ab\u00a0RECHERCHER\u00a0\u00bb.<\/div>\n<div class=\"p1\" style=\"text-align: justify;\">Si il n&rsquo;y a plus de disponibilit\u00e9 pour votre demande, nous faisons tout notre possible pour r\u00e9aliser votre v\u0153u en vous proposant d&rsquo;autres offres&#8230;<\/div>\n<div class=\"p1\" style=\"text-align: justify;\">Si votre souhait est disponible, vous pouvez passer \u00e0 l&rsquo;\u00e9tape suivante en cliquant sur le bouton \u00ab\u00a0R\u00c9SERVER\u00a0\u00bb.<\/div>\n<div class=\"p1\" style=\"text-align: justify;\">\n<p>Un acompte de 30% du montant total, ou le montant\u00a0 de votre s\u00e9jour vous sera demand\u00e9 par carte bancaire. Notre site est enti\u00e8rement s\u00e9curis\u00e9 et utilise la technologie Secureholiday.<\/p>\n<\/div>\n<h2 class=\"p1\">S\u00e9curit\u00e9<\/h2>\n<p class=\"p1\" style=\"text-align: justify;\">La transmission de toutes les donn\u00e9es bancaires est crypt\u00e9e par une cl\u00e9 128 bits. Les pages de paiement en ligne sont s\u00e9curis\u00e9es par SSL.<\/p>\n<h2 class=\"p1\">R\u00e8glement<\/h2>\n<div class=\"p1\" style=\"text-align: justify;\">Vous pouvez \u00e9galement r\u00e9gler votre acompte par virement bancaire et Vous pouvez \u00e9galement nous demander un bulletin de r\u00e9servation camping et location vacances.<\/div>\n<h2 class=\"p1\">Notre passion, c&rsquo;est votre satisfaction<\/h2>\n<div class=\"p1\" style=\"text-align: justify;\">D\u00e8s votre retour de vacances, vous recevrez par mail, si vous avez effectu\u00e9 votre r\u00e9servation par internet, un questionnaire satisfaction. En effet, tous les campings Seasonova sont engag\u00e9s dans une d\u00e9marche Qualit\u00e9 et votre satisfaction est au c\u0153ur de nos pr\u00e9occupations.<\/div>\n<div class=\"p1\" style=\"text-align: justify;\">Gr\u00e2ce \u00e0 vos remarques nous am\u00e9liorons chaque jour nos prestations pour que vos vacances soient une r\u00e9ussite. Pour toutes vos remarques et r\u00e9clamations, vous pouvez nous \u00e9crire \u00e0 l&rsquo;adresse:<\/div>\n<div class=\"p1\" style=\"text-align: justify;\">Vacances Seasonova<\/div>\n<div class=\"p1\" style=\"text-align: justify;\">Service Qualit\u00e9<\/div>\n<div class=\"p1\" style=\"text-align: justify;\">Route de Cabourg<\/div>\n<div class=\"p1\" style=\"text-align: justify;\">14 810 Merville-Franceville.<\/div>\n<p><\/p>","protected":false},"excerpt":{"rendered":"<p>Par t\u00e9l\u00e9phone Nos agents de r\u00e9servation ? vous renseigneront, du lundi au vendredi, de 9h \u00e0 18h au (0033)2 36 81 00 01 Ils vous aideront \u00e0 faire votre premi\u00e8re r\u00e9servation camping par internet. E Ils pourront [&#8230;]<\/p>\n","protected":false},"author":3,"featured_media":3524,"parent":66,"menu_order":2,"comment_status":"closed","ping_status":"closed","template":"page.php","meta":[],"yoast_head":"<!-- This site is optimized with the Yoast SEO plugin v18.1 - https:\/\/yoast.com\/wordpress\/plugins\/seo\/ -->\n<meta name=\"robots\" content=\"index, follow, max-snippet:-1, max-image-preview:large, max-video-preview:-1\" \/>\n<link rel=\"canonical\" href=\"https:\/\/vacances-seasonova.com\/fr\/information-camping-pratiques\/comment-reserver\/\" \/>\n<meta property=\"og:locale\" content=\"fr_FR\" \/>\n<meta property=\"og:type\" content=\"article\" \/>\n<meta property=\"og:title\" content=\"Comment r\u00e9server ? - Seasonova | Campings Normandie, Bretagne, Pays de La Loire et Alsace\" \/>\n<meta property=\"og:description\" content=\"Par t\u00e9l\u00e9phone Nos agents de r\u00e9servation ? vous renseigneront, du lundi au vendredi, de 9h \u00e0 18h au (0033)2 36 81 00 01 Ils vous aideront \u00e0 faire votre premi\u00e8re r\u00e9servation camping par internet. E Ils pourront [...]\" \/>\n<meta property=\"og:url\" content=\"https:\/\/vacances-seasonova.com\/fr\/information-camping-pratiques\/comment-reserver\/\" \/>\n<meta property=\"og:site_name\" content=\"Seasonova | Campings Normandie, Bretagne, Pays de La Loire et Alsace\" \/>\n<meta property=\"article:modified_time\" content=\"2023-02-15T16:07:41+00:00\" \/>\n<meta property=\"og:image\" content=\"https:\/\/vacances-seasonova.com\/wp-content\/uploads\/2016\/09\/comment-reserver-1.png\" \/>\n\t<meta property=\"og:image:width\" content=\"1400\" \/>\n\t<meta property=\"og:image:height\" content=\"549\" \/>\n\t<meta property=\"og:image:type\" content=\"image\/png\" \/>\n<meta name=\"twitter:card\" content=\"summary\" \/>\n<meta name=\"twitter:label1\" content=\"Dur\u00e9e de lecture estim\u00e9e\" \/>\n\t<meta name=\"twitter:data1\" content=\"2 minutes\" \/>\n<script type=\"application\/ld+json\" class=\"yoast-schema-graph\">{\"@context\":\"https:\/\/schema.org\",\"@graph\":[{\"@type\":\"WebSite\",\"@id\":\"https:\/\/vacances-seasonova.com\/fr\/#website\",\"url\":\"https:\/\/vacances-seasonova.com\/fr\/\",\"name\":\"Seasonova | Campings Normandie, Bretagne, Pays de La Loire et Alsace\",\"description\":\"\",\"potentialAction\":[{\"@type\":\"SearchAction\",\"target\":{\"@type\":\"EntryPoint\",\"urlTemplate\":\"https:\/\/vacances-seasonova.com\/fr\/?s={search_term_string}\"},\"query-input\":\"required name=search_term_string\"}],\"inLanguage\":\"fr-FR\"},{\"@type\":\"ImageObject\",\"@id\":\"https:\/\/vacances-seasonova.com\/fr\/information-camping-pratiques\/comment-reserver\/#primaryimage\",\"inLanguage\":\"fr-FR\",\"url\":\"https:\/\/vacances-seasonova.com\/wp-content\/uploads\/2016\/09\/comment-reserver-1.png\",\"contentUrl\":\"https:\/\/vacances-seasonova.com\/wp-content\/uploads\/2016\/09\/comment-reserver-1.png\",\"width\":1400,\"height\":549,\"caption\":\"comment-reserver, r\u00e9servation_camping\"},{\"@type\":\"WebPage\",\"@id\":\"https:\/\/vacances-seasonova.com\/fr\/information-camping-pratiques\/comment-reserver\/#webpage\",\"url\":\"https:\/\/vacances-seasonova.com\/fr\/information-camping-pratiques\/comment-reserver\/\",\"name\":\"Comment r\u00e9server ? - Seasonova | Campings Normandie, Bretagne, Pays de La Loire et Alsace\",\"isPartOf\":{\"@id\":\"https:\/\/vacances-seasonova.com\/fr\/#website\"},\"primaryImageOfPage\":{\"@id\":\"https:\/\/vacances-seasonova.com\/fr\/information-camping-pratiques\/comment-reserver\/#primaryimage\"},\"datePublished\":\"2016-09-20T10:45:28+00:00\",\"dateModified\":\"2023-02-15T16:07:41+00:00\",\"breadcrumb\":{\"@id\":\"https:\/\/vacances-seasonova.com\/fr\/information-camping-pratiques\/comment-reserver\/#breadcrumb\"},\"inLanguage\":\"fr-FR\",\"potentialAction\":[{\"@type\":\"ReadAction\",\"target\":[\"https:\/\/vacances-seasonova.com\/fr\/information-camping-pratiques\/comment-reserver\/\"]}]},{\"@type\":\"BreadcrumbList\",\"@id\":\"https:\/\/vacances-seasonova.com\/fr\/information-camping-pratiques\/comment-reserver\/#breadcrumb\",\"itemListElement\":[{\"@type\":\"ListItem\",\"position\":1,\"name\":\"Accueil\",\"item\":\"https:\/\/vacances-seasonova.com\/nl\/\"},{\"@type\":\"ListItem\",\"position\":2,\"name\":\"Praktische Campinginformationen\",\"item\":\"https:\/\/vacances-seasonova.com\/de\/praktische-campinginformationen\/\"},{\"@type\":\"ListItem\",\"position\":3,\"name\":\"Comment r\u00e9server ?\"}]}]}<\/script>\n<!-- \/ Yoast SEO plugin. -->","yoast_head_json":{"robots":{"index":"index","follow":"follow","max-snippet":"max-snippet:-1","max-image-preview":"max-image-preview:large","max-video-preview":"max-video-preview:-1"},"canonical":"https:\/\/vacances-seasonova.com\/fr\/information-camping-pratiques\/comment-reserver\/","og_locale":"fr_FR","og_type":"article","og_title":"Comment r\u00e9server ? - Seasonova | Campings Normandie, Bretagne, Pays de La Loire et Alsace","og_description":"Par t\u00e9l\u00e9phone Nos agents de r\u00e9servation ? vous renseigneront, du lundi au vendredi, de 9h \u00e0 18h au (0033)2 36 81 00 01 Ils vous aideront \u00e0 faire votre premi\u00e8re r\u00e9servation camping par internet. E Ils pourront [...]","og_url":"https:\/\/vacances-seasonova.com\/fr\/information-camping-pratiques\/comment-reserver\/","og_site_name":"Seasonova | Campings Normandie, Bretagne, Pays de La Loire et Alsace","article_modified_time":"2023-02-15T16:07:41+00:00","og_image":[{"width":1400,"height":549,"url":"https:\/\/vacances-seasonova.com\/wp-content\/uploads\/2016\/09\/comment-reserver-1.png","type":"image\/png"}],"twitter_card":"summary","twitter_misc":{"Dur\u00e9e de lecture estim\u00e9e":"2 minutes"},"schema":{"@context":"https:\/\/schema.org","@graph":[{"@type":"WebSite","@id":"https:\/\/vacances-seasonova.com\/fr\/#website","url":"https:\/\/vacances-seasonova.com\/fr\/","name":"Seasonova | Campings Normandie, Bretagne, Pays de La Loire et Alsace","description":"","potentialAction":[{"@type":"SearchAction","target":{"@type":"EntryPoint","urlTemplate":"https:\/\/vacances-seasonova.com\/fr\/?s={search_term_string}"},"query-input":"required name=search_term_string"}],"inLanguage":"fr-FR"},{"@type":"ImageObject","@id":"https:\/\/vacances-seasonova.com\/fr\/information-camping-pratiques\/comment-reserver\/#primaryimage","inLanguage":"fr-FR","url":"https:\/\/vacances-seasonova.com\/wp-content\/uploads\/2016\/09\/comment-reserver-1.png","contentUrl":"https:\/\/vacances-seasonova.com\/wp-content\/uploads\/2016\/09\/comment-reserver-1.png","width":1400,"height":549,"caption":"comment-reserver, r\u00e9servation_camping"},{"@type":"WebPage","@id":"https:\/\/vacances-seasonova.com\/fr\/information-camping-pratiques\/comment-reserver\/#webpage","url":"https:\/\/vacances-seasonova.com\/fr\/information-camping-pratiques\/comment-reserver\/","name":"Comment r\u00e9server ? - Seasonova | Campings Normandie, Bretagne, Pays de La Loire et Alsace","isPartOf":{"@id":"https:\/\/vacances-seasonova.com\/fr\/#website"},"primaryImageOfPage":{"@id":"https:\/\/vacances-seasonova.com\/fr\/information-camping-pratiques\/comment-reserver\/#primaryimage"},"datePublished":"2016-09-20T10:45:28+00:00","dateModified":"2023-02-15T16:07:41+00:00","breadcrumb":{"@id":"https:\/\/vacances-seasonova.com\/fr\/information-camping-pratiques\/comment-reserver\/#breadcrumb"},"inLanguage":"fr-FR","potentialAction":[{"@type":"ReadAction","target":["https:\/\/vacances-seasonova.com\/fr\/information-camping-pratiques\/comment-reserver\/"]}]},{"@type":"BreadcrumbList","@id":"https:\/\/vacances-seasonova.com\/fr\/information-camping-pratiques\/comment-reserver\/#breadcrumb","itemListElement":[{"@type":"ListItem","position":1,"name":"Accueil","item":"https:\/\/vacances-seasonova.com\/nl\/"},{"@type":"ListItem","position":2,"name":"Praktische Campinginformationen","item":"https:\/\/vacances-seasonova.com\/de\/praktische-campinginformationen\/"},{"@type":"ListItem","position":3,"name":"Comment r\u00e9server ?"}]}]}},"_links":{"self":[{"href":"https:\/\/vacances-seasonova.com\/fr\/wp-json\/wp\/v2\/pages\/121"}],"collection":[{"href":"https:\/\/vacances-seasonova.com\/fr\/wp-json\/wp\/v2\/pages"}],"about":[{"href":"https:\/\/vacances-seasonova.com\/fr\/wp-json\/wp\/v2\/types\/page"}],"author":[{"embeddable":true,"href":"https:\/\/vacances-seasonova.com\/fr\/wp-json\/wp\/v2\/users\/3"}],"replies":[{"embeddable":true,"href":"https:\/\/vacances-seasonova.com\/fr\/wp-json\/wp\/v2\/comments?post=121"}],"version-history":[{"count":8,"href":"https:\/\/vacances-seasonova.com\/fr\/wp-json\/wp\/v2\/pages\/121\/revisions"}],"predecessor-version":[{"id":36874,"href":"https:\/\/vacances-seasonova.com\/fr\/wp-json\/wp\/v2\/pages\/121\/revisions\/36874"}],"up":[{"embeddable":true,"href":"https:\/\/vacances-seasonova.com\/fr\/wp-json\/wp\/v2\/pages\/66"}],"wp:featuredmedia":[{"embeddable":true,"href":"https:\/\/vacances-seasonova.com\/fr\/wp-json\/wp\/v2\/media\/3524"}],"wp:attachment":[{"href":"https:\/\/vacances-seasonova.com\/fr\/wp-json\/wp\/v2\/media?parent=121"}],"curies":[{"name":"wp","href":"https:\/\/api.w.org\/{rel}","templated":true}]}}