    {"id":123,"date":"2016-09-20T11:46:41","date_gmt":"2016-09-20T10:46:41","guid":{"rendered":"http:\/\/vacances-seasonova.com\/?page_id=123"},"modified":"2025-08-29T09:24:29","modified_gmt":"2025-08-29T07:24:29","slug":"assurance-annulation-seasonova","status":"publish","type":"page","link":"https:\/\/vacances-seasonova.com\/fr\/information-camping-pratiques\/assurance-annulation\/","title":{"rendered":"Nos tarifs adapt\u00e9s \u00e0 vos besoins"},"content":{"rendered":"<p><\/p>\n<h2 class=\"p1\" style=\"text-align: center;\">plut\u00f4t Flex ou non Flex<\/h2>\n<div class=\"p1\" style=\"text-align: justify;\">\n<p style=\"text-align: center;\">Parce que la vie nous r\u00e9serve de bonnes et de moins bonnes surprises, nous vous proposons pour votre tranquillit\u00e9<\/p>\n<h3>tarif Flex<\/h3>\n<ul>\n<li>Paiement : 30% d\u2019acompte \u00e0 r\u00e9gler au moment de la r\u00e9servation. Solde \u00e0 r\u00e9gler en totalit\u00e9 30 jours avant le d\u00e9but du s\u00e9jour. Pour toute r\u00e9servation effectu\u00e9e \u00e0 moins de 30 jours de la date d\u2019arriv\u00e9e, le montant total de la r\u00e9servation sera demand\u00e9.<br \/>\n<strong> Annulation \/ modification :<\/strong><\/li>\n<li>JJusqu\u2019\u00e0 8 jours avant le d\u00e9but du s\u00e9jour : annulation et modification possible sans justificatif, 30% du montant de la r\u00e9servation rembours\u00e9 sous forme d\u2019avoir (valable dans tous les campings Seasonova jusqu\u2019au 30 juin de la saison suivante). Si le client a d\u00e9j\u00e0 r\u00e9gl\u00e9 le solde (les 70% restants) au moment de l\u2019annulation, il lui est rembours\u00e9 int\u00e9gralement.<\/li>\n<li>A partir de 7 jours\u00a0<u>(inclus)<\/u> le d\u00e9but du s\u00e9jour : annulation ou modification de s\u00e9jour possible\u00a0sur justificatif, voir les conditions sur \u00a0<a href=\"https:\/\/vacances-seasonova.com\/fr\/information-camping-pratiques\/assurance-annulation\/\" target=\"_blank\" rel=\"noopener\" data-saferedirecturl=\"https:\/\/www.google.com\/url?q=https:\/\/vacances-seasonova.com\/fr\/information-camping-pratiques\/assurance-annulation\/&amp;source=gmail&amp;ust=1685541663760000&amp;usg=AOvVaw1BgwWko-vIWRU4ldtaDqMB\">le site internet.<\/a>\u00a0. Remboursement du montant total de la r\u00e9servation sous forme d\u2019avoir valable jusqu\u2019au 30 juin de la saison suivante dans tous les campings Seasonova. Interruption de s\u00e9jour possible sur justificatif, remboursement, sous forme d\u2019avoir, au prorata des nuits pass\u00e9es..<\/li>\n<\/ul>\n<\/div>\n<h3>Tarif Non Flex<\/h3>\n<ul>\n<li>Paiement : 100% \u00e0 la r\u00e9servation<\/li>\n<li>Annulation \/ modification : Pas possible.<\/li>\n<\/ul>\n<p style=\"text-align: center;\"><a href=\"https:\/\/vacances-seasonova.com\/wp-content\/uploads\/2023\/02\/condition-garantie-annulation-seasonova-2022-fr.pdf\">cliquez ici pour t\u00e9l\u00e9charger nos conditions d&rsquo;annulation Flex \u00e0 partir de 7 jours avant le d\u00e9but du s\u00e9jour et interruption de s\u00e9jour<\/a><\/p>\n<p><\/p>","protected":false},"excerpt":{"rendered":"<p>plut\u00f4t Flex ou non Flex Parce que la vie nous r\u00e9serve de bonnes et de moins bonnes surprises, nous vous proposons pour votre tranquillit\u00e9 tarif Flex Paiement : 30% d\u2019acompte \u00e0 r\u00e9gler au moment de la r\u00e9servation. [&#8230;]<\/p>\n","protected":false},"author":3,"featured_media":37018,"parent":66,"menu_order":3,"comment_status":"closed","ping_status":"closed","template":"page.php","meta":[],"yoast_head":"<!-- This site is optimized with the Yoast SEO plugin v18.1 - https:\/\/yoast.com\/wordpress\/plugins\/seo\/ -->\n<meta name=\"robots\" content=\"index, follow, max-snippet:-1, max-image-preview:large, max-video-preview:-1\" \/>\n<link rel=\"canonical\" href=\"https:\/\/vacances-seasonova.com\/fr\/praktische-informatie\/camping-annuleringsverzekering\/\" \/>\n<meta property=\"og:locale\" content=\"fr_FR\" \/>\n<meta property=\"og:type\" content=\"article\" \/>\n<meta property=\"og:title\" content=\"Nos tarifs adapt\u00e9s \u00e0 vos besoins - Seasonova | Campings Normandie, Bretagne, Pays de La Loire et Alsace\" \/>\n<meta property=\"og:description\" content=\"plut\u00f4t Flex ou non Flex Parce que la vie nous r\u00e9serve de bonnes et de moins bonnes surprises, nous vous proposons pour votre tranquillit\u00e9 tarif Flex Paiement : 30% d\u2019acompte \u00e0 r\u00e9gler au moment de la r\u00e9servation. [...]\" \/>\n<meta property=\"og:url\" content=\"https:\/\/vacances-seasonova.com\/nl\/praktische-informatie\/camping-annuleringsverzekering\/\" \/>\n<meta property=\"og:site_name\" content=\"Seasonova | Campings Normandie, Bretagne, Pays de La Loire et Alsace\" \/>\n<meta property=\"article:modified_time\" content=\"2025-08-29T07:24:29+00:00\" \/>\n<meta property=\"og:image\" content=\"https:\/\/vacances-seasonova.com\/wp-content\/uploads\/2023\/02\/adaptes-a-vos-besoins-scaled.jpg\" \/>\n\t<meta property=\"og:image:width\" content=\"2560\" \/>\n\t<meta property=\"og:image:height\" content=\"1707\" \/>\n\t<meta property=\"og:image:type\" content=\"image\/jpeg\" \/>\n<meta name=\"twitter:card\" content=\"summary\" \/>\n<meta name=\"twitter:label1\" content=\"Dur\u00e9e de lecture estim\u00e9e\" \/>\n\t<meta name=\"twitter:data1\" content=\"2 minutes\" \/>\n<script type=\"application\/ld+json\" class=\"yoast-schema-graph\">{\"@context\":\"https:\/\/schema.org\",\"@graph\":[{\"@type\":\"WebSite\",\"@id\":\"https:\/\/vacances-seasonova.com\/fr\/#website\",\"url\":\"https:\/\/vacances-seasonova.com\/fr\/\",\"name\":\"Seasonova | Campings Normandie, Bretagne, Pays de La Loire et Alsace\",\"description\":\"\",\"potentialAction\":[{\"@type\":\"SearchAction\",\"target\":{\"@type\":\"EntryPoint\",\"urlTemplate\":\"https:\/\/vacances-seasonova.com\/fr\/?s={search_term_string}\"},\"query-input\":\"required name=search_term_string\"}],\"inLanguage\":\"fr-FR\"},{\"@type\":\"ImageObject\",\"@id\":\"https:\/\/vacances-seasonova.com\/nl\/praktische-informatie\/camping-annuleringsverzekering\/#primaryimage\",\"inLanguage\":\"fr-FR\",\"url\":\"https:\/\/vacances-seasonova.com\/wp-content\/uploads\/2023\/02\/adaptes-a-vos-besoins-scaled.jpg\",\"contentUrl\":\"https:\/\/vacances-seasonova.com\/wp-content\/uploads\/2023\/02\/adaptes-a-vos-besoins-scaled.jpg\",\"width\":2560,\"height\":1707},{\"@type\":\"WebPage\",\"@id\":\"https:\/\/vacances-seasonova.com\/nl\/praktische-informatie\/camping-annuleringsverzekering\/#webpage\",\"url\":\"https:\/\/vacances-seasonova.com\/nl\/praktische-informatie\/camping-annuleringsverzekering\/\",\"name\":\"Nos tarifs adapt\u00e9s \u00e0 vos besoins - Seasonova | Campings Normandie, Bretagne, Pays de La Loire et Alsace\",\"isPartOf\":{\"@id\":\"https:\/\/vacances-seasonova.com\/fr\/#website\"},\"primaryImageOfPage\":{\"@id\":\"https:\/\/vacances-seasonova.com\/nl\/praktische-informatie\/camping-annuleringsverzekering\/#primaryimage\"},\"datePublished\":\"2016-09-20T10:46:41+00:00\",\"dateModified\":\"2025-08-29T07:24:29+00:00\",\"breadcrumb\":{\"@id\":\"https:\/\/vacances-seasonova.com\/nl\/praktische-informatie\/camping-annuleringsverzekering\/#breadcrumb\"},\"inLanguage\":\"fr-FR\",\"potentialAction\":[{\"@type\":\"ReadAction\",\"target\":[\"https:\/\/vacances-seasonova.com\/nl\/praktische-informatie\/camping-annuleringsverzekering\/\"]}]},{\"@type\":\"BreadcrumbList\",\"@id\":\"https:\/\/vacances-seasonova.com\/nl\/praktische-informatie\/camping-annuleringsverzekering\/#breadcrumb\",\"itemListElement\":[{\"@type\":\"ListItem\",\"position\":1,\"name\":\"Accueil\",\"item\":\"https:\/\/vacances-seasonova.com\/nl\/\"},{\"@type\":\"ListItem\",\"position\":2,\"name\":\"Praktische Campinginformationen\",\"item\":\"https:\/\/vacances-seasonova.com\/de\/praktische-campinginformationen\/\"},{\"@type\":\"ListItem\",\"position\":3,\"name\":\"Nos tarifs adapt\u00e9s \u00e0 vos besoins\"}]}]}<\/script>\n<!-- \/ Yoast SEO plugin. -->","yoast_head_json":{"robots":{"index":"index","follow":"follow","max-snippet":"max-snippet:-1","max-image-preview":"max-image-preview:large","max-video-preview":"max-video-preview:-1"},"canonical":"https:\/\/vacances-seasonova.com\/fr\/praktische-informatie\/camping-annuleringsverzekering\/","og_locale":"fr_FR","og_type":"article","og_title":"Nos tarifs adapt\u00e9s \u00e0 vos besoins - Seasonova | Campings Normandie, Bretagne, Pays de La Loire et Alsace","og_description":"plut\u00f4t Flex ou non Flex Parce que la vie nous r\u00e9serve de bonnes et de moins bonnes surprises, nous vous proposons pour votre tranquillit\u00e9 tarif Flex Paiement : 30% d\u2019acompte \u00e0 r\u00e9gler au moment de la r\u00e9servation. [...]","og_url":"https:\/\/vacances-seasonova.com\/nl\/praktische-informatie\/camping-annuleringsverzekering\/","og_site_name":"Seasonova | Campings Normandie, Bretagne, Pays de La Loire et Alsace","article_modified_time":"2025-08-29T07:24:29+00:00","og_image":[{"width":2560,"height":1707,"url":"https:\/\/vacances-seasonova.com\/wp-content\/uploads\/2023\/02\/adaptes-a-vos-besoins-scaled.jpg","type":"image\/jpeg"}],"twitter_card":"summary","twitter_misc":{"Dur\u00e9e de lecture estim\u00e9e":"2 minutes"},"schema":{"@context":"https:\/\/schema.org","@graph":[{"@type":"WebSite","@id":"https:\/\/vacances-seasonova.com\/fr\/#website","url":"https:\/\/vacances-seasonova.com\/fr\/","name":"Seasonova | Campings Normandie, Bretagne, Pays de La Loire et Alsace","description":"","potentialAction":[{"@type":"SearchAction","target":{"@type":"EntryPoint","urlTemplate":"https:\/\/vacances-seasonova.com\/fr\/?s={search_term_string}"},"query-input":"required name=search_term_string"}],"inLanguage":"fr-FR"},{"@type":"ImageObject","@id":"https:\/\/vacances-seasonova.com\/nl\/praktische-informatie\/camping-annuleringsverzekering\/#primaryimage","inLanguage":"fr-FR","url":"https:\/\/vacances-seasonova.com\/wp-content\/uploads\/2023\/02\/adaptes-a-vos-besoins-scaled.jpg","contentUrl":"https:\/\/vacances-seasonova.com\/wp-content\/uploads\/2023\/02\/adaptes-a-vos-besoins-scaled.jpg","width":2560,"height":1707},{"@type":"WebPage","@id":"https:\/\/vacances-seasonova.com\/nl\/praktische-informatie\/camping-annuleringsverzekering\/#webpage","url":"https:\/\/vacances-seasonova.com\/nl\/praktische-informatie\/camping-annuleringsverzekering\/","name":"Nos tarifs adapt\u00e9s \u00e0 vos besoins - Seasonova | Campings Normandie, Bretagne, Pays de La Loire et Alsace","isPartOf":{"@id":"https:\/\/vacances-seasonova.com\/fr\/#website"},"primaryImageOfPage":{"@id":"https:\/\/vacances-seasonova.com\/nl\/praktische-informatie\/camping-annuleringsverzekering\/#primaryimage"},"datePublished":"2016-09-20T10:46:41+00:00","dateModified":"2025-08-29T07:24:29+00:00","breadcrumb":{"@id":"https:\/\/vacances-seasonova.com\/nl\/praktische-informatie\/camping-annuleringsverzekering\/#breadcrumb"},"inLanguage":"fr-FR","potentialAction":[{"@type":"ReadAction","target":["https:\/\/vacances-seasonova.com\/nl\/praktische-informatie\/camping-annuleringsverzekering\/"]}]},{"@type":"BreadcrumbList","@id":"https:\/\/vacances-seasonova.com\/nl\/praktische-informatie\/camping-annuleringsverzekering\/#breadcrumb","itemListElement":[{"@type":"ListItem","position":1,"name":"Accueil","item":"https:\/\/vacances-seasonova.com\/nl\/"},{"@type":"ListItem","position":2,"name":"Praktische Campinginformationen","item":"https:\/\/vacances-seasonova.com\/de\/praktische-campinginformationen\/"},{"@type":"ListItem","position":3,"name":"Nos tarifs adapt\u00e9s \u00e0 vos besoins"}]}]}},"_links":{"self":[{"href":"https:\/\/vacances-seasonova.com\/fr\/wp-json\/wp\/v2\/pages\/123"}],"collection":[{"href":"https:\/\/vacances-seasonova.com\/fr\/wp-json\/wp\/v2\/pages"}],"about":[{"href":"https:\/\/vacances-seasonova.com\/fr\/wp-json\/wp\/v2\/types\/page"}],"author":[{"embeddable":true,"href":"https:\/\/vacances-seasonova.com\/fr\/wp-json\/wp\/v2\/users\/3"}],"replies":[{"embeddable":true,"href":"https:\/\/vacances-seasonova.com\/fr\/wp-json\/wp\/v2\/comments?post=123"}],"version-history":[{"count":27,"href":"https:\/\/vacances-seasonova.com\/fr\/wp-json\/wp\/v2\/pages\/123\/revisions"}],"predecessor-version":[{"id":51815,"href":"https:\/\/vacances-seasonova.com\/fr\/wp-json\/wp\/v2\/pages\/123\/revisions\/51815"}],"up":[{"embeddable":true,"href":"https:\/\/vacances-seasonova.com\/fr\/wp-json\/wp\/v2\/pages\/66"}],"wp:featuredmedia":[{"embeddable":true,"href":"https:\/\/vacances-seasonova.com\/fr\/wp-json\/wp\/v2\/media\/37018"}],"wp:attachment":[{"href":"https:\/\/vacances-seasonova.com\/fr\/wp-json\/wp\/v2\/media?parent=123"}],"curies":[{"name":"wp","href":"https:\/\/api.w.org\/{rel}","templated":true}]}}