    {"id":1285,"date":"2016-11-28T14:36:49","date_gmt":"2016-11-28T13:36:49","guid":{"rendered":"http:\/\/vacances-seasonova.com\/?page_id=1285"},"modified":"2023-05-31T16:43:20","modified_gmt":"2023-05-31T14:43:20","slug":"carte-de-fidelite-seasonova","status":"publish","type":"page","link":"https:\/\/vacances-seasonova.com\/fr\/carte-de-fidelite-seasonova\/","title":{"rendered":"Carte de Fid\u00e9lit\u00e9 Seasonova"},"content":{"rendered":"<p>Devenez membre Seasonova et profitez de bon plans en avant-premi\u00e8re en cumulant des points de fid\u00e9lit\u00e9. N\u2019h\u00e9sitez pas \u00e0 demander la cr\u00e9ation de votre compte fid\u00e9lit\u00e9 lors de votre prochaine passage, c&rsquo;est gratuit ! Vous pouvez \u00e9galement nous envoyer un mail si vous le souhaitez.<br \/>\nVous serez destinataires des meilleures offres dans les campings SEASONOVA ainsi que leurs partenaires.<\/p>\n<p><img loading=\"lazy\" class=\"alignnone wp-image-1286 size-large\" src=\"https:\/\/vacances-seasonova.com\/wp-content\/uploads\/2023\/05\/flyer_carte_fidelite-jpg.jpg\" alt=\"affiche-carte-fidelite\" width=\"724\" height=\"1024\" \/><\/p>","protected":false},"excerpt":{"rendered":"<p>Devenez membre Seasonova et profitez de bon plans en avant-premi\u00e8re en cumulant des points de fid\u00e9lit\u00e9. N\u2019h\u00e9sitez pas \u00e0 demander la cr\u00e9ation de votre compte fid\u00e9lit\u00e9 lors de votre prochaine passage, c&rsquo;est [&#8230;]<\/p>\n","protected":false},"author":2,"featured_media":1258,"parent":0,"menu_order":0,"comment_status":"closed","ping_status":"closed","template":"page.php","meta":[],"yoast_head":"<!-- This site is optimized with the Yoast SEO plugin v18.1 - https:\/\/yoast.com\/wordpress\/plugins\/seo\/ -->\n<meta name=\"robots\" content=\"index, follow, max-snippet:-1, max-image-preview:large, max-video-preview:-1\" \/>\n<link rel=\"canonical\" href=\"https:\/\/vacances-seasonova.com\/fr\/carte-de-fidelite-seasonova\/\" \/>\n<meta property=\"og:locale\" content=\"fr_FR\" \/>\n<meta property=\"og:type\" content=\"article\" \/>\n<meta property=\"og:title\" content=\"Carte de Fid\u00e9lit\u00e9 Seasonova - Seasonova | Campings Normandie, Bretagne, Pays de La Loire et Alsace\" \/>\n<meta property=\"og:description\" content=\"Devenez membre Seasonova et profitez de bon plans en avant-premi\u00e8re en cumulant des points de fid\u00e9lit\u00e9. N\u2019h\u00e9sitez pas \u00e0 demander la cr\u00e9ation de votre compte fid\u00e9lit\u00e9 lors de votre prochaine passage, c&rsquo;est [...]\" \/>\n<meta property=\"og:url\" content=\"https:\/\/vacances-seasonova.com\/fr\/carte-de-fidelite-seasonova\/\" \/>\n<meta property=\"og:site_name\" content=\"Seasonova | Campings Normandie, Bretagne, Pays de La Loire et Alsace\" \/>\n<meta property=\"article:modified_time\" content=\"2023-05-31T14:43:20+00:00\" \/>\n<meta property=\"og:image\" content=\"https:\/\/vacances-seasonova.com\/wp-content\/uploads\/2016\/09\/PDL-lac2-675x450.jpg\" \/>\n\t<meta property=\"og:image:width\" content=\"675\" \/>\n\t<meta property=\"og:image:height\" content=\"450\" \/>\n\t<meta property=\"og:image:type\" content=\"image\/jpeg\" \/>\n<meta name=\"twitter:card\" content=\"summary\" \/>\n<meta name=\"twitter:label1\" content=\"Dur\u00e9e de lecture estim\u00e9e\" \/>\n\t<meta name=\"twitter:data1\" content=\"1 minute\" \/>\n<script type=\"application\/ld+json\" class=\"yoast-schema-graph\">{\"@context\":\"https:\/\/schema.org\",\"@graph\":[{\"@type\":\"WebSite\",\"@id\":\"https:\/\/vacances-seasonova.com\/fr\/#website\",\"url\":\"https:\/\/vacances-seasonova.com\/fr\/\",\"name\":\"Seasonova | Campings Normandie, Bretagne, Pays de La Loire et Alsace\",\"description\":\"\",\"potentialAction\":[{\"@type\":\"SearchAction\",\"target\":{\"@type\":\"EntryPoint\",\"urlTemplate\":\"https:\/\/vacances-seasonova.com\/fr\/?s={search_term_string}\"},\"query-input\":\"required name=search_term_string\"}],\"inLanguage\":\"fr-FR\"},{\"@type\":\"ImageObject\",\"@id\":\"https:\/\/vacances-seasonova.com\/fr\/carte-de-fidelite-seasonova\/#primaryimage\",\"inLanguage\":\"fr-FR\",\"url\":\"https:\/\/vacances-seasonova.com\/wp-content\/uploads\/2016\/09\/PDL-lac2.jpg\",\"contentUrl\":\"https:\/\/vacances-seasonova.com\/wp-content\/uploads\/2016\/09\/PDL-lac2.jpg\",\"width\":4608,\"height\":3072,\"caption\":\"lac portes de Loire\"},{\"@type\":\"WebPage\",\"@id\":\"https:\/\/vacances-seasonova.com\/fr\/carte-de-fidelite-seasonova\/#webpage\",\"url\":\"https:\/\/vacances-seasonova.com\/fr\/carte-de-fidelite-seasonova\/\",\"name\":\"Carte de Fid\u00e9lit\u00e9 Seasonova - Seasonova | Campings Normandie, Bretagne, Pays de La Loire et Alsace\",\"isPartOf\":{\"@id\":\"https:\/\/vacances-seasonova.com\/fr\/#website\"},\"primaryImageOfPage\":{\"@id\":\"https:\/\/vacances-seasonova.com\/fr\/carte-de-fidelite-seasonova\/#primaryimage\"},\"datePublished\":\"2016-11-28T13:36:49+00:00\",\"dateModified\":\"2023-05-31T14:43:20+00:00\",\"breadcrumb\":{\"@id\":\"https:\/\/vacances-seasonova.com\/fr\/carte-de-fidelite-seasonova\/#breadcrumb\"},\"inLanguage\":\"fr-FR\",\"potentialAction\":[{\"@type\":\"ReadAction\",\"target\":[\"https:\/\/vacances-seasonova.com\/fr\/carte-de-fidelite-seasonova\/\"]}]},{\"@type\":\"BreadcrumbList\",\"@id\":\"https:\/\/vacances-seasonova.com\/fr\/carte-de-fidelite-seasonova\/#breadcrumb\",\"itemListElement\":[{\"@type\":\"ListItem\",\"position\":1,\"name\":\"Accueil\",\"item\":\"https:\/\/vacances-seasonova.com\/nl\/\"},{\"@type\":\"ListItem\",\"position\":2,\"name\":\"Carte de Fid\u00e9lit\u00e9 Seasonova\"}]}]}<\/script>\n<!-- \/ Yoast SEO plugin. -->","yoast_head_json":{"robots":{"index":"index","follow":"follow","max-snippet":"max-snippet:-1","max-image-preview":"max-image-preview:large","max-video-preview":"max-video-preview:-1"},"canonical":"https:\/\/vacances-seasonova.com\/fr\/carte-de-fidelite-seasonova\/","og_locale":"fr_FR","og_type":"article","og_title":"Carte de Fid\u00e9lit\u00e9 Seasonova - Seasonova | Campings Normandie, Bretagne, Pays de La Loire et Alsace","og_description":"Devenez membre Seasonova et profitez de bon plans en avant-premi\u00e8re en cumulant des points de fid\u00e9lit\u00e9. N\u2019h\u00e9sitez pas \u00e0 demander la cr\u00e9ation de votre compte fid\u00e9lit\u00e9 lors de votre prochaine passage, c&rsquo;est [...]","og_url":"https:\/\/vacances-seasonova.com\/fr\/carte-de-fidelite-seasonova\/","og_site_name":"Seasonova | Campings Normandie, Bretagne, Pays de La Loire et Alsace","article_modified_time":"2023-05-31T14:43:20+00:00","og_image":[{"width":675,"height":450,"url":"https:\/\/vacances-seasonova.com\/wp-content\/uploads\/2016\/09\/PDL-lac2-675x450.jpg","type":"image\/jpeg"}],"twitter_card":"summary","twitter_misc":{"Dur\u00e9e de lecture estim\u00e9e":"1 minute"},"schema":{"@context":"https:\/\/schema.org","@graph":[{"@type":"WebSite","@id":"https:\/\/vacances-seasonova.com\/fr\/#website","url":"https:\/\/vacances-seasonova.com\/fr\/","name":"Seasonova | Campings Normandie, Bretagne, Pays de La Loire et Alsace","description":"","potentialAction":[{"@type":"SearchAction","target":{"@type":"EntryPoint","urlTemplate":"https:\/\/vacances-seasonova.com\/fr\/?s={search_term_string}"},"query-input":"required name=search_term_string"}],"inLanguage":"fr-FR"},{"@type":"ImageObject","@id":"https:\/\/vacances-seasonova.com\/fr\/carte-de-fidelite-seasonova\/#primaryimage","inLanguage":"fr-FR","url":"https:\/\/vacances-seasonova.com\/wp-content\/uploads\/2016\/09\/PDL-lac2.jpg","contentUrl":"https:\/\/vacances-seasonova.com\/wp-content\/uploads\/2016\/09\/PDL-lac2.jpg","width":4608,"height":3072,"caption":"lac portes de Loire"},{"@type":"WebPage","@id":"https:\/\/vacances-seasonova.com\/fr\/carte-de-fidelite-seasonova\/#webpage","url":"https:\/\/vacances-seasonova.com\/fr\/carte-de-fidelite-seasonova\/","name":"Carte de Fid\u00e9lit\u00e9 Seasonova - Seasonova | Campings Normandie, Bretagne, Pays de La Loire et Alsace","isPartOf":{"@id":"https:\/\/vacances-seasonova.com\/fr\/#website"},"primaryImageOfPage":{"@id":"https:\/\/vacances-seasonova.com\/fr\/carte-de-fidelite-seasonova\/#primaryimage"},"datePublished":"2016-11-28T13:36:49+00:00","dateModified":"2023-05-31T14:43:20+00:00","breadcrumb":{"@id":"https:\/\/vacances-seasonova.com\/fr\/carte-de-fidelite-seasonova\/#breadcrumb"},"inLanguage":"fr-FR","potentialAction":[{"@type":"ReadAction","target":["https:\/\/vacances-seasonova.com\/fr\/carte-de-fidelite-seasonova\/"]}]},{"@type":"BreadcrumbList","@id":"https:\/\/vacances-seasonova.com\/fr\/carte-de-fidelite-seasonova\/#breadcrumb","itemListElement":[{"@type":"ListItem","position":1,"name":"Accueil","item":"https:\/\/vacances-seasonova.com\/nl\/"},{"@type":"ListItem","position":2,"name":"Carte de Fid\u00e9lit\u00e9 Seasonova"}]}]}},"_links":{"self":[{"href":"https:\/\/vacances-seasonova.com\/fr\/wp-json\/wp\/v2\/pages\/1285"}],"collection":[{"href":"https:\/\/vacances-seasonova.com\/fr\/wp-json\/wp\/v2\/pages"}],"about":[{"href":"https:\/\/vacances-seasonova.com\/fr\/wp-json\/wp\/v2\/types\/page"}],"author":[{"embeddable":true,"href":"https:\/\/vacances-seasonova.com\/fr\/wp-json\/wp\/v2\/users\/2"}],"replies":[{"embeddable":true,"href":"https:\/\/vacances-seasonova.com\/fr\/wp-json\/wp\/v2\/comments?post=1285"}],"version-history":[{"count":3,"href":"https:\/\/vacances-seasonova.com\/fr\/wp-json\/wp\/v2\/pages\/1285\/revisions"}],"predecessor-version":[{"id":37992,"href":"https:\/\/vacances-seasonova.com\/fr\/wp-json\/wp\/v2\/pages\/1285\/revisions\/37992"}],"wp:featuredmedia":[{"embeddable":true,"href":"https:\/\/vacances-seasonova.com\/fr\/wp-json\/wp\/v2\/media\/1258"}],"wp:attachment":[{"href":"https:\/\/vacances-seasonova.com\/fr\/wp-json\/wp\/v2\/media?parent=1285"}],"curies":[{"name":"wp","href":"https:\/\/api.w.org\/{rel}","templated":true}]}}