    {"id":16827,"date":"2020-02-25T16:11:01","date_gmt":"2020-02-25T15:11:01","guid":{"rendered":"https:\/\/vacances-seasonova.com\/fr\/?page_id=16827"},"modified":"2026-03-10T12:20:09","modified_gmt":"2026-03-10T11:20:09","slug":"lexperience-seasonova","status":"publish","type":"page","link":"https:\/\/vacances-seasonova.com\/fr\/vacances-en-camping-seasonova\/lexperience-seasonova\/","title":{"rendered":"L\u2019exp\u00e9rience Seasonova"},"content":{"rendered":"<p><\/p>\n<h3>S&rsquo;\u00e9vader le temps d&rsquo;un s\u00e9jour&#8230;<\/h3>\n<p>Une parenth\u00e8se dans un <a href=\"https:\/\/vacances-seasonova.com\/fr\/\"><strong>Camping Slow Life<\/strong><\/a>, c&rsquo;est l&rsquo;occasion de <b>d\u00e9couvrir<\/b> nos belles r\u00e9gions.<br \/>\nC&rsquo;est aussi la chance de se cr\u00e9er des <b>souvenirs\u00a0<\/b>en couple, en famille ou entre amis.<br \/>\nC&rsquo;est avec plaisir que nos \u00e9quipes vous accompagnent dans ce <b>voyage.<\/p>\n<p><\/b><\/p>\n<div class=\"flex flex-col text-sm pb-25\">\n<article class=\"text-token-text-primary w-full focus:outline-none [--shadow-height:45px] has-data-writing-block:pointer-events-none has-data-writing-block:-mt-(--shadow-height) has-data-writing-block:pt-(--shadow-height) [&amp;:has([data-writing-block])&gt;*]:pointer-events-auto scroll-mt-[calc(var(--header-height)+min(200px,max(70px,20svh)))]\" dir=\"auto\" tabindex=\"-1\" data-turn-id=\"request-WEB:77720389-fe21-43c7-8265-fb6c094a2dfb-2\" data-testid=\"conversation-turn-6\" data-scroll-anchor=\"true\" data-turn=\"assistant\">\n<div class=\"text-base my-auto mx-auto pb-10 [--thread-content-margin:var(--thread-content-margin-xs,calc(var(--spacing)*4))] @w-sm\/main:[--thread-content-margin:var(--thread-content-margin-sm,calc(var(--spacing)*6))] @w-lg\/main:[--thread-content-margin:var(--thread-content-margin-lg,calc(var(--spacing)*16))] px-(--thread-content-margin)\">\n<div class=\"[--thread-content-max-width:40rem] @w-lg\/main:[--thread-content-max-width:48rem] mx-auto max-w-(--thread-content-max-width) flex-1 group\/turn-messages focus-visible:outline-hidden relative flex w-full min-w-0 flex-col agent-turn\" tabindex=\"-1\">\n<div class=\"flex max-w-full flex-col gap-4 grow\">\n<div class=\"min-h-8 text-message relative flex w-full flex-col items-end gap-2 text-start break-words whitespace-normal [.text-message+&amp;]:mt-1\" dir=\"auto\" data-message-author-role=\"assistant\" data-message-id=\"21b334aa-9673-4083-99ac-60853c3521fb\" data-message-model-slug=\"gpt-5-3\">\n<div class=\"flex w-full flex-col gap-1 empty:hidden\">\n<div class=\"markdown prose dark:prose-invert w-full wrap-break-word light markdown-new-styling\">\n<p data-start=\"0\" data-end=\"764\" data-is-last-node=\"\" data-is-only-node=\"\">Le groupe <span class=\"hover:entity-accent entity-underline inline cursor-pointer align-baseline\"><span class=\"whitespace-normal\">Seasonova<\/span><\/span> s\u2019impose comme l\u2019un des acteurs \u00e9mergents du tourisme durable en France. Sp\u00e9cialis\u00e9 dans l\u2019h\u00f4tellerie de plein air, le groupe d\u00e9veloppe et exploite des campings \u00e0 taille humaine, pens\u00e9s pour s\u2019int\u00e9grer harmonieusement dans leur environnement naturel.<br \/>\nPr\u00e9sent notamment en <span class=\"hover:entity-accent entity-underline inline cursor-pointer align-baseline\"><span class=\"whitespace-normal\">Normandie<\/span><\/span>, en <span class=\"hover:entity-accent entity-underline inline cursor-pointer align-baseline\"><span class=\"whitespace-normal\">Bretagne<\/span><\/span> et dans les <span class=\"hover:entity-accent entity-underline inline cursor-pointer align-baseline\"><span class=\"whitespace-normal\">Pays de la Loire<\/span><\/span>, Seasonova mise sur une exp\u00e9rience de s\u00e9jour tourn\u00e9e vers la nature, l\u2019authenticit\u00e9 et la d\u00e9couverte des territoires.<br \/>\nL\u2019entreprise place au c\u0153ur de son d\u00e9veloppement une d\u00e9marche \u00e9coresponsable, avec pour ambition de concilier tourisme, pr\u00e9servation de l\u2019environnement et valorisation des patrimoines locaux. \ufe0f<\/p>\n<\/div>\n<\/div>\n<\/div>\n<\/div>\n<div class=\"z-0 flex min-h-[46px] justify-start\"><\/div>\n<div class=\"mt-3 w-full empty:hidden\">\n<div class=\"text-center\"><\/div>\n<\/div>\n<\/div>\n<\/div>\n<\/article>\n<\/div>\n<div class=\"pointer-events-none h-px w-px absolute bottom-0\" aria-hidden=\"true\" data-edge=\"true\"><\/div>\n<p><b>\u00a0<\/b><\/p>","protected":false},"excerpt":{"rendered":"<p>S&rsquo;\u00e9vader le temps d&rsquo;un s\u00e9jour&#8230; Une parenth\u00e8se dans un Camping Slow Life, c&rsquo;est l&rsquo;occasion de d\u00e9couvrir nos belles r\u00e9gions. C&rsquo;est aussi la chance de se cr\u00e9er des souvenirs\u00a0en [&#8230;]<\/p>\n","protected":false},"author":3,"featured_media":16831,"parent":53,"menu_order":0,"comment_status":"closed","ping_status":"closed","template":"page-parent.php","meta":[],"yoast_head":"<!-- This site is optimized with the Yoast SEO plugin v18.1 - https:\/\/yoast.com\/wordpress\/plugins\/seo\/ -->\n<meta name=\"description\" content=\"Les Vacances SEASONOVA dans un Camping Slow Life, c&#039;est prendre le temps de d\u00e9couvrir nos r\u00e9gions, la nature, la convivialit\u00e9\" \/>\n<meta name=\"robots\" content=\"index, follow, max-snippet:-1, max-image-preview:large, max-video-preview:-1\" \/>\n<link rel=\"canonical\" href=\"https:\/\/vacances-seasonova.com\/fr\/vacances-en-camping-seasonova\/lexperience-seasonova\/\" \/>\n<meta property=\"og:locale\" content=\"fr_FR\" \/>\n<meta property=\"og:type\" content=\"article\" \/>\n<meta property=\"og:title\" content=\"Camping Slow Life SEASONOVA\" \/>\n<meta property=\"og:description\" content=\"Les Vacances SEASONOVA dans un Camping Slow Life, c&#039;est prendre le temps de d\u00e9couvrir nos r\u00e9gions, la nature, la convivialit\u00e9\" \/>\n<meta property=\"og:url\" content=\"https:\/\/vacances-seasonova.com\/fr\/vacances-en-camping-seasonova\/lexperience-seasonova\/\" \/>\n<meta property=\"og:site_name\" content=\"Seasonova | Campings Normandie, Bretagne, Pays de La Loire et Alsace\" \/>\n<meta property=\"article:modified_time\" content=\"2026-03-10T11:20:09+00:00\" \/>\n<meta property=\"og:image\" content=\"https:\/\/vacances-seasonova.com\/wp-content\/uploads\/2020\/02\/vacances-hamac-e1654607851528.jpeg\" \/>\n\t<meta property=\"og:image:width\" content=\"1920\" \/>\n\t<meta property=\"og:image:height\" content=\"1321\" \/>\n\t<meta property=\"og:image:type\" content=\"image\/jpeg\" \/>\n<meta name=\"twitter:card\" content=\"summary\" \/>\n<meta name=\"twitter:label1\" content=\"Dur\u00e9e de lecture estim\u00e9e\" \/>\n\t<meta name=\"twitter:data1\" content=\"3 minutes\" \/>\n<script type=\"application\/ld+json\" class=\"yoast-schema-graph\">{\"@context\":\"https:\/\/schema.org\",\"@graph\":[{\"@type\":\"WebSite\",\"@id\":\"https:\/\/vacances-seasonova.com\/fr\/#website\",\"url\":\"https:\/\/vacances-seasonova.com\/fr\/\",\"name\":\"Seasonova | Campings Normandie, Bretagne, Pays de La Loire et Alsace\",\"description\":\"\",\"potentialAction\":[{\"@type\":\"SearchAction\",\"target\":{\"@type\":\"EntryPoint\",\"urlTemplate\":\"https:\/\/vacances-seasonova.com\/fr\/?s={search_term_string}\"},\"query-input\":\"required name=search_term_string\"}],\"inLanguage\":\"fr-FR\"},{\"@type\":\"ImageObject\",\"@id\":\"https:\/\/vacances-seasonova.com\/fr\/vacances-en-camping-seasonova\/lexperience-seasonova\/#primaryimage\",\"inLanguage\":\"fr-FR\",\"url\":\"https:\/\/vacances-seasonova.com\/wp-content\/uploads\/2020\/02\/vacances-hamac-e1654607851528.jpeg\",\"contentUrl\":\"https:\/\/vacances-seasonova.com\/wp-content\/uploads\/2020\/02\/vacances-hamac-e1654607851528.jpeg\",\"width\":1920,\"height\":1321,\"caption\":\"hamac Seasonova\"},{\"@type\":\"WebPage\",\"@id\":\"https:\/\/vacances-seasonova.com\/fr\/vacances-en-camping-seasonova\/lexperience-seasonova\/#webpage\",\"url\":\"https:\/\/vacances-seasonova.com\/fr\/vacances-en-camping-seasonova\/lexperience-seasonova\/\",\"name\":\"Camping Slow Life SEASONOVA\",\"isPartOf\":{\"@id\":\"https:\/\/vacances-seasonova.com\/fr\/#website\"},\"primaryImageOfPage\":{\"@id\":\"https:\/\/vacances-seasonova.com\/fr\/vacances-en-camping-seasonova\/lexperience-seasonova\/#primaryimage\"},\"datePublished\":\"2020-02-25T15:11:01+00:00\",\"dateModified\":\"2026-03-10T11:20:09+00:00\",\"description\":\"Les Vacances SEASONOVA dans un Camping Slow Life, c'est prendre le temps de d\u00e9couvrir nos r\u00e9gions, la nature, la convivialit\u00e9\",\"breadcrumb\":{\"@id\":\"https:\/\/vacances-seasonova.com\/fr\/vacances-en-camping-seasonova\/lexperience-seasonova\/#breadcrumb\"},\"inLanguage\":\"fr-FR\",\"potentialAction\":[{\"@type\":\"ReadAction\",\"target\":[\"https:\/\/vacances-seasonova.com\/fr\/vacances-en-camping-seasonova\/lexperience-seasonova\/\"]}]},{\"@type\":\"BreadcrumbList\",\"@id\":\"https:\/\/vacances-seasonova.com\/fr\/vacances-en-camping-seasonova\/lexperience-seasonova\/#breadcrumb\",\"itemListElement\":[{\"@type\":\"ListItem\",\"position\":1,\"name\":\"Accueil\",\"item\":\"https:\/\/vacances-seasonova.com\/nl\/\"},{\"@type\":\"ListItem\",\"position\":2,\"name\":\"Vacances en camping Seasonova\",\"item\":\"https:\/\/vacances-seasonova.com\/nl\/kampeervakantiein-frankrijk\/\"},{\"@type\":\"ListItem\",\"position\":3,\"name\":\"L\u2019exp\u00e9rience Seasonova\"}]}]}<\/script>\n<!-- \/ Yoast SEO plugin. -->","yoast_head_json":{"description":"Les Vacances SEASONOVA dans un Camping Slow Life, c'est prendre le temps de d\u00e9couvrir nos r\u00e9gions, la nature, la convivialit\u00e9","robots":{"index":"index","follow":"follow","max-snippet":"max-snippet:-1","max-image-preview":"max-image-preview:large","max-video-preview":"max-video-preview:-1"},"canonical":"https:\/\/vacances-seasonova.com\/fr\/vacances-en-camping-seasonova\/lexperience-seasonova\/","og_locale":"fr_FR","og_type":"article","og_title":"Camping Slow Life SEASONOVA","og_description":"Les Vacances SEASONOVA dans un Camping Slow Life, c'est prendre le temps de d\u00e9couvrir nos r\u00e9gions, la nature, la convivialit\u00e9","og_url":"https:\/\/vacances-seasonova.com\/fr\/vacances-en-camping-seasonova\/lexperience-seasonova\/","og_site_name":"Seasonova | Campings Normandie, Bretagne, Pays de La Loire et Alsace","article_modified_time":"2026-03-10T11:20:09+00:00","og_image":[{"width":1920,"height":1321,"url":"https:\/\/vacances-seasonova.com\/wp-content\/uploads\/2020\/02\/vacances-hamac-e1654607851528.jpeg","type":"image\/jpeg"}],"twitter_card":"summary","twitter_misc":{"Dur\u00e9e de lecture estim\u00e9e":"3 minutes"},"schema":{"@context":"https:\/\/schema.org","@graph":[{"@type":"WebSite","@id":"https:\/\/vacances-seasonova.com\/fr\/#website","url":"https:\/\/vacances-seasonova.com\/fr\/","name":"Seasonova | Campings Normandie, Bretagne, Pays de La Loire et Alsace","description":"","potentialAction":[{"@type":"SearchAction","target":{"@type":"EntryPoint","urlTemplate":"https:\/\/vacances-seasonova.com\/fr\/?s={search_term_string}"},"query-input":"required name=search_term_string"}],"inLanguage":"fr-FR"},{"@type":"ImageObject","@id":"https:\/\/vacances-seasonova.com\/fr\/vacances-en-camping-seasonova\/lexperience-seasonova\/#primaryimage","inLanguage":"fr-FR","url":"https:\/\/vacances-seasonova.com\/wp-content\/uploads\/2020\/02\/vacances-hamac-e1654607851528.jpeg","contentUrl":"https:\/\/vacances-seasonova.com\/wp-content\/uploads\/2020\/02\/vacances-hamac-e1654607851528.jpeg","width":1920,"height":1321,"caption":"hamac Seasonova"},{"@type":"WebPage","@id":"https:\/\/vacances-seasonova.com\/fr\/vacances-en-camping-seasonova\/lexperience-seasonova\/#webpage","url":"https:\/\/vacances-seasonova.com\/fr\/vacances-en-camping-seasonova\/lexperience-seasonova\/","name":"Camping Slow Life SEASONOVA","isPartOf":{"@id":"https:\/\/vacances-seasonova.com\/fr\/#website"},"primaryImageOfPage":{"@id":"https:\/\/vacances-seasonova.com\/fr\/vacances-en-camping-seasonova\/lexperience-seasonova\/#primaryimage"},"datePublished":"2020-02-25T15:11:01+00:00","dateModified":"2026-03-10T11:20:09+00:00","description":"Les Vacances SEASONOVA dans un Camping Slow Life, c'est prendre le temps de d\u00e9couvrir nos r\u00e9gions, la nature, la convivialit\u00e9","breadcrumb":{"@id":"https:\/\/vacances-seasonova.com\/fr\/vacances-en-camping-seasonova\/lexperience-seasonova\/#breadcrumb"},"inLanguage":"fr-FR","potentialAction":[{"@type":"ReadAction","target":["https:\/\/vacances-seasonova.com\/fr\/vacances-en-camping-seasonova\/lexperience-seasonova\/"]}]},{"@type":"BreadcrumbList","@id":"https:\/\/vacances-seasonova.com\/fr\/vacances-en-camping-seasonova\/lexperience-seasonova\/#breadcrumb","itemListElement":[{"@type":"ListItem","position":1,"name":"Accueil","item":"https:\/\/vacances-seasonova.com\/nl\/"},{"@type":"ListItem","position":2,"name":"Vacances en camping Seasonova","item":"https:\/\/vacances-seasonova.com\/nl\/kampeervakantiein-frankrijk\/"},{"@type":"ListItem","position":3,"name":"L\u2019exp\u00e9rience Seasonova"}]}]}},"_links":{"self":[{"href":"https:\/\/vacances-seasonova.com\/fr\/wp-json\/wp\/v2\/pages\/16827"}],"collection":[{"href":"https:\/\/vacances-seasonova.com\/fr\/wp-json\/wp\/v2\/pages"}],"about":[{"href":"https:\/\/vacances-seasonova.com\/fr\/wp-json\/wp\/v2\/types\/page"}],"author":[{"embeddable":true,"href":"https:\/\/vacances-seasonova.com\/fr\/wp-json\/wp\/v2\/users\/3"}],"replies":[{"embeddable":true,"href":"https:\/\/vacances-seasonova.com\/fr\/wp-json\/wp\/v2\/comments?post=16827"}],"version-history":[{"count":7,"href":"https:\/\/vacances-seasonova.com\/fr\/wp-json\/wp\/v2\/pages\/16827\/revisions"}],"predecessor-version":[{"id":56137,"href":"https:\/\/vacances-seasonova.com\/fr\/wp-json\/wp\/v2\/pages\/16827\/revisions\/56137"}],"up":[{"embeddable":true,"href":"https:\/\/vacances-seasonova.com\/fr\/wp-json\/wp\/v2\/pages\/53"}],"wp:featuredmedia":[{"embeddable":true,"href":"https:\/\/vacances-seasonova.com\/fr\/wp-json\/wp\/v2\/media\/16831"}],"wp:attachment":[{"href":"https:\/\/vacances-seasonova.com\/fr\/wp-json\/wp\/v2\/media?parent=16827"}],"curies":[{"name":"wp","href":"https:\/\/api.w.org\/{rel}","templated":true}]}}