    {"id":16855,"date":"2020-02-25T16:52:33","date_gmt":"2020-02-25T15:52:33","guid":{"rendered":"https:\/\/vacances-seasonova.com\/fr\/?page_id=16855"},"modified":"2021-09-27T13:42:47","modified_gmt":"2021-09-27T11:42:47","slug":"comptoir-des-aventures-et-epicerie-locale","status":"publish","type":"page","link":"https:\/\/vacances-seasonova.com\/fr\/vacances-en-camping-seasonova\/lexperience-seasonova\/comptoir-des-aventures-et-epicerie-locale\/","title":{"rendered":"Comptoir des aventures"},"content":{"rendered":"<p>Nos r\u00e9gions ayant une grande richesse culturelle, il nous semblait naturel de vous proposer les coups de c\u0153ur de nos \u00e9quipes passionn\u00e9es.<\/p>\n<h3>Conciergerie<\/h3>\n<p><b>Conseils<\/b><\/p>\n<p>Quand on d\u00e9couvre un lieu et une culture, certains conseils peuvent \u00eatre de bon augure si on ne souhaite pas passer \u00e0 c\u00f4t\u00e9 d\u2019un lieu ou d\u2019une activit\u00e9. Nous nous ferons un plaisir de vous guider dans nos lieux favoris.<\/p>\n<p><b>Astuces<\/b><\/p>\n<p>\u00ab Zut, c\u2019est ferm\u00e9 le lundi \u00bb Pour \u00e9viter ce genre de situations frustrantes, nous avons de nombreuses astuces \u00e0 disposition afin que vous profitiez pleinement de votre s\u00e9jour.<br \/>\nN\u2019h\u00e9sitez pas \u00e0 vous adresser \u00e0 nos \u00e9quipes, nous sommes l\u00e0 pour \u00e7a.<\/p>\n<p><b>Bonnes adresses<\/b><\/p>\n<p>Un sentier de randonn\u00e9e, un point de vue ou encore un restaurant, autant d\u2019\u00e9l\u00e9ments qui accompagnent les vacances id\u00e9ales. Nous sommes \u00e9galement l\u00e0 pour vous accompagnez au gr\u00e9 de vos envies<\/p>\n<p><img loading=\"lazy\" class=\"size-medium wp-image-16856\" src=\"https:\/\/vacances-seasonova.com\/wp-content\/uploads\/2020\/02\/vacances-velo-300x200.jpeg\" alt=\"velo\" width=\"300\" height=\"200\" srcset=\"https:\/\/vacances-seasonova.com\/wp-content\/uploads\/2020\/02\/vacances-velo-300x200.jpeg 300w, https:\/\/vacances-seasonova.com\/wp-content\/uploads\/2020\/02\/vacances-velo-768x512.jpeg 768w, https:\/\/vacances-seasonova.com\/wp-content\/uploads\/2020\/02\/vacances-velo-675x450.jpeg 675w, https:\/\/vacances-seasonova.com\/wp-content\/uploads\/2020\/02\/vacances-velo-600x400.jpeg 600w\" sizes=\"(max-width: 300px) 100vw, 300px\" \/><\/p>\n<p><span style=\"font-weight: 400;\">\u00a0<\/span><\/p>","protected":false},"excerpt":{"rendered":"<p>Nos r\u00e9gions ayant une grande richesse culturelle, il nous semblait naturel de vous proposer les coups de c\u0153ur de nos \u00e9quipes passionn\u00e9es. Conciergerie Conseils Quand on d\u00e9couvre un lieu et une culture, certains [&#8230;]<\/p>\n","protected":false},"author":3,"featured_media":16856,"parent":16827,"menu_order":4,"comment_status":"closed","ping_status":"closed","template":"","meta":[],"yoast_head":"<!-- This site is optimized with the Yoast SEO plugin v18.1 - https:\/\/yoast.com\/wordpress\/plugins\/seo\/ -->\n<meta name=\"robots\" content=\"index, follow, max-snippet:-1, max-image-preview:large, max-video-preview:-1\" \/>\n<link rel=\"canonical\" href=\"https:\/\/vacances-seasonova.com\/fr\/vacances-en-camping-seasonova\/lexperience-seasonova\/comptoir-des-aventures-et-epicerie-locale\/\" \/>\n<meta property=\"og:locale\" content=\"fr_FR\" \/>\n<meta property=\"og:type\" content=\"article\" \/>\n<meta property=\"og:title\" content=\"Comptoir des aventures - Seasonova | Campings Normandie, Bretagne, Pays de La Loire et Alsace\" \/>\n<meta property=\"og:description\" content=\"Nos r\u00e9gions ayant une grande richesse culturelle, il nous semblait naturel de vous proposer les coups de c\u0153ur de nos \u00e9quipes passionn\u00e9es. Conciergerie Conseils Quand on d\u00e9couvre un lieu et une culture, certains [...]\" \/>\n<meta property=\"og:url\" content=\"https:\/\/vacances-seasonova.com\/fr\/vacances-en-camping-seasonova\/lexperience-seasonova\/comptoir-des-aventures-et-epicerie-locale\/\" \/>\n<meta property=\"og:site_name\" content=\"Seasonova | Campings Normandie, Bretagne, Pays de La Loire et Alsace\" \/>\n<meta property=\"article:modified_time\" content=\"2021-09-27T11:42:47+00:00\" \/>\n<meta property=\"og:image\" content=\"https:\/\/vacances-seasonova.com\/wp-content\/uploads\/2020\/02\/vacances-velo-675x450.jpeg\" \/>\n\t<meta property=\"og:image:width\" content=\"675\" \/>\n\t<meta property=\"og:image:height\" content=\"450\" \/>\n\t<meta property=\"og:image:type\" content=\"image\/jpeg\" \/>\n<meta name=\"twitter:card\" content=\"summary\" \/>\n<meta name=\"twitter:label1\" content=\"Dur\u00e9e de lecture estim\u00e9e\" \/>\n\t<meta name=\"twitter:data1\" content=\"3 minutes\" \/>\n<script type=\"application\/ld+json\" class=\"yoast-schema-graph\">{\"@context\":\"https:\/\/schema.org\",\"@graph\":[{\"@type\":\"WebSite\",\"@id\":\"https:\/\/vacances-seasonova.com\/fr\/#website\",\"url\":\"https:\/\/vacances-seasonova.com\/fr\/\",\"name\":\"Seasonova | Campings Normandie, Bretagne, Pays de La Loire et Alsace\",\"description\":\"\",\"potentialAction\":[{\"@type\":\"SearchAction\",\"target\":{\"@type\":\"EntryPoint\",\"urlTemplate\":\"https:\/\/vacances-seasonova.com\/fr\/?s={search_term_string}\"},\"query-input\":\"required name=search_term_string\"}],\"inLanguage\":\"fr-FR\"},{\"@type\":\"ImageObject\",\"@id\":\"https:\/\/vacances-seasonova.com\/fr\/vacances-en-camping-seasonova\/lexperience-seasonova\/comptoir-des-aventures-et-epicerie-locale\/#primaryimage\",\"inLanguage\":\"fr-FR\",\"url\":\"https:\/\/vacances-seasonova.com\/wp-content\/uploads\/2020\/02\/vacances-velo.jpeg\",\"contentUrl\":\"https:\/\/vacances-seasonova.com\/wp-content\/uploads\/2020\/02\/vacances-velo.jpeg\",\"width\":6240,\"height\":4160,\"caption\":\"velo Seasonova\"},{\"@type\":\"WebPage\",\"@id\":\"https:\/\/vacances-seasonova.com\/fr\/vacances-en-camping-seasonova\/lexperience-seasonova\/comptoir-des-aventures-et-epicerie-locale\/#webpage\",\"url\":\"https:\/\/vacances-seasonova.com\/fr\/vacances-en-camping-seasonova\/lexperience-seasonova\/comptoir-des-aventures-et-epicerie-locale\/\",\"name\":\"Comptoir des aventures - Seasonova | Campings Normandie, Bretagne, Pays de La Loire et Alsace\",\"isPartOf\":{\"@id\":\"https:\/\/vacances-seasonova.com\/fr\/#website\"},\"primaryImageOfPage\":{\"@id\":\"https:\/\/vacances-seasonova.com\/fr\/vacances-en-camping-seasonova\/lexperience-seasonova\/comptoir-des-aventures-et-epicerie-locale\/#primaryimage\"},\"datePublished\":\"2020-02-25T15:52:33+00:00\",\"dateModified\":\"2021-09-27T11:42:47+00:00\",\"breadcrumb\":{\"@id\":\"https:\/\/vacances-seasonova.com\/fr\/vacances-en-camping-seasonova\/lexperience-seasonova\/comptoir-des-aventures-et-epicerie-locale\/#breadcrumb\"},\"inLanguage\":\"fr-FR\",\"potentialAction\":[{\"@type\":\"ReadAction\",\"target\":[\"https:\/\/vacances-seasonova.com\/fr\/vacances-en-camping-seasonova\/lexperience-seasonova\/comptoir-des-aventures-et-epicerie-locale\/\"]}]},{\"@type\":\"BreadcrumbList\",\"@id\":\"https:\/\/vacances-seasonova.com\/fr\/vacances-en-camping-seasonova\/lexperience-seasonova\/comptoir-des-aventures-et-epicerie-locale\/#breadcrumb\",\"itemListElement\":[{\"@type\":\"ListItem\",\"position\":1,\"name\":\"Accueil\",\"item\":\"https:\/\/vacances-seasonova.com\/nl\/\"},{\"@type\":\"ListItem\",\"position\":2,\"name\":\"Vacances en camping Seasonova\",\"item\":\"https:\/\/vacances-seasonova.com\/nl\/kampeervakantiein-frankrijk\/\"},{\"@type\":\"ListItem\",\"position\":3,\"name\":\"L\u2019exp\u00e9rience Seasonova\",\"item\":\"https:\/\/vacances-seasonova.com\/fr\/vacances-en-camping-seasonova\/lexperience-seasonova\/\"},{\"@type\":\"ListItem\",\"position\":4,\"name\":\"Adventure counter\"}]}]}<\/script>\n<!-- \/ Yoast SEO plugin. -->","yoast_head_json":{"robots":{"index":"index","follow":"follow","max-snippet":"max-snippet:-1","max-image-preview":"max-image-preview:large","max-video-preview":"max-video-preview:-1"},"canonical":"https:\/\/vacances-seasonova.com\/fr\/vacances-en-camping-seasonova\/lexperience-seasonova\/comptoir-des-aventures-et-epicerie-locale\/","og_locale":"fr_FR","og_type":"article","og_title":"Comptoir des aventures - Seasonova | Campings Normandie, Bretagne, Pays de La Loire et Alsace","og_description":"Nos r\u00e9gions ayant une grande richesse culturelle, il nous semblait naturel de vous proposer les coups de c\u0153ur de nos \u00e9quipes passionn\u00e9es. Conciergerie Conseils Quand on d\u00e9couvre un lieu et une culture, certains [...]","og_url":"https:\/\/vacances-seasonova.com\/fr\/vacances-en-camping-seasonova\/lexperience-seasonova\/comptoir-des-aventures-et-epicerie-locale\/","og_site_name":"Seasonova | Campings Normandie, Bretagne, Pays de La Loire et Alsace","article_modified_time":"2021-09-27T11:42:47+00:00","og_image":[{"width":675,"height":450,"url":"https:\/\/vacances-seasonova.com\/wp-content\/uploads\/2020\/02\/vacances-velo-675x450.jpeg","type":"image\/jpeg"}],"twitter_card":"summary","twitter_misc":{"Dur\u00e9e de lecture estim\u00e9e":"3 minutes"},"schema":{"@context":"https:\/\/schema.org","@graph":[{"@type":"WebSite","@id":"https:\/\/vacances-seasonova.com\/fr\/#website","url":"https:\/\/vacances-seasonova.com\/fr\/","name":"Seasonova | Campings Normandie, Bretagne, Pays de La Loire et Alsace","description":"","potentialAction":[{"@type":"SearchAction","target":{"@type":"EntryPoint","urlTemplate":"https:\/\/vacances-seasonova.com\/fr\/?s={search_term_string}"},"query-input":"required name=search_term_string"}],"inLanguage":"fr-FR"},{"@type":"ImageObject","@id":"https:\/\/vacances-seasonova.com\/fr\/vacances-en-camping-seasonova\/lexperience-seasonova\/comptoir-des-aventures-et-epicerie-locale\/#primaryimage","inLanguage":"fr-FR","url":"https:\/\/vacances-seasonova.com\/wp-content\/uploads\/2020\/02\/vacances-velo.jpeg","contentUrl":"https:\/\/vacances-seasonova.com\/wp-content\/uploads\/2020\/02\/vacances-velo.jpeg","width":6240,"height":4160,"caption":"velo Seasonova"},{"@type":"WebPage","@id":"https:\/\/vacances-seasonova.com\/fr\/vacances-en-camping-seasonova\/lexperience-seasonova\/comptoir-des-aventures-et-epicerie-locale\/#webpage","url":"https:\/\/vacances-seasonova.com\/fr\/vacances-en-camping-seasonova\/lexperience-seasonova\/comptoir-des-aventures-et-epicerie-locale\/","name":"Comptoir des aventures - Seasonova | Campings Normandie, Bretagne, Pays de La Loire et Alsace","isPartOf":{"@id":"https:\/\/vacances-seasonova.com\/fr\/#website"},"primaryImageOfPage":{"@id":"https:\/\/vacances-seasonova.com\/fr\/vacances-en-camping-seasonova\/lexperience-seasonova\/comptoir-des-aventures-et-epicerie-locale\/#primaryimage"},"datePublished":"2020-02-25T15:52:33+00:00","dateModified":"2021-09-27T11:42:47+00:00","breadcrumb":{"@id":"https:\/\/vacances-seasonova.com\/fr\/vacances-en-camping-seasonova\/lexperience-seasonova\/comptoir-des-aventures-et-epicerie-locale\/#breadcrumb"},"inLanguage":"fr-FR","potentialAction":[{"@type":"ReadAction","target":["https:\/\/vacances-seasonova.com\/fr\/vacances-en-camping-seasonova\/lexperience-seasonova\/comptoir-des-aventures-et-epicerie-locale\/"]}]},{"@type":"BreadcrumbList","@id":"https:\/\/vacances-seasonova.com\/fr\/vacances-en-camping-seasonova\/lexperience-seasonova\/comptoir-des-aventures-et-epicerie-locale\/#breadcrumb","itemListElement":[{"@type":"ListItem","position":1,"name":"Accueil","item":"https:\/\/vacances-seasonova.com\/nl\/"},{"@type":"ListItem","position":2,"name":"Vacances en camping Seasonova","item":"https:\/\/vacances-seasonova.com\/nl\/kampeervakantiein-frankrijk\/"},{"@type":"ListItem","position":3,"name":"L\u2019exp\u00e9rience Seasonova","item":"https:\/\/vacances-seasonova.com\/fr\/vacances-en-camping-seasonova\/lexperience-seasonova\/"},{"@type":"ListItem","position":4,"name":"Adventure counter"}]}]}},"_links":{"self":[{"href":"https:\/\/vacances-seasonova.com\/fr\/wp-json\/wp\/v2\/pages\/16855"}],"collection":[{"href":"https:\/\/vacances-seasonova.com\/fr\/wp-json\/wp\/v2\/pages"}],"about":[{"href":"https:\/\/vacances-seasonova.com\/fr\/wp-json\/wp\/v2\/types\/page"}],"author":[{"embeddable":true,"href":"https:\/\/vacances-seasonova.com\/fr\/wp-json\/wp\/v2\/users\/3"}],"replies":[{"embeddable":true,"href":"https:\/\/vacances-seasonova.com\/fr\/wp-json\/wp\/v2\/comments?post=16855"}],"version-history":[{"count":0,"href":"https:\/\/vacances-seasonova.com\/fr\/wp-json\/wp\/v2\/pages\/16855\/revisions"}],"up":[{"embeddable":true,"href":"https:\/\/vacances-seasonova.com\/fr\/wp-json\/wp\/v2\/pages\/16827"}],"wp:featuredmedia":[{"embeddable":true,"href":"https:\/\/vacances-seasonova.com\/fr\/wp-json\/wp\/v2\/media\/16856"}],"wp:attachment":[{"href":"https:\/\/vacances-seasonova.com\/fr\/wp-json\/wp\/v2\/media?parent=16855"}],"curies":[{"name":"wp","href":"https:\/\/api.w.org\/{rel}","templated":true}]}}