    {"id":16915,"date":"2020-02-26T15:18:28","date_gmt":"2020-02-26T14:18:28","guid":{"rendered":"https:\/\/vacances-seasonova.com\/fr\/?page_id=16915"},"modified":"2021-10-04T11:24:32","modified_gmt":"2021-10-04T09:24:32","slug":"mini-ferme","status":"publish","type":"page","link":"https:\/\/vacances-seasonova.com\/fr\/vacances-en-camping-seasonova\/lexperience-seasonova\/mini-ferme\/","title":{"rendered":"La petite ferme"},"content":{"rendered":"<p>&nbsp;<\/p>\n<h3>le bonheur est dans la mini ferme<\/h3>\n<p><span style=\"font-weight: 400;\">Planter sa tente dans nos campings Seasonova, c\u2019est passer des vacances Slow-life assur\u00e9es : activit\u00e9s d\u00e9tente, nature, plein air, calme\u2026 Tout est mis \u00e0 disposition pour que vous puissiez d\u00e9crocher de votre quotidien, pour que vous puissiez profiter tout en vous relaxant. Passer ses vacances dans un camping Seasonova, rien de tel pour pouvoir repartir du bon pied avec un tas de souvenirs \u00e0 raconter !<\/span><\/p>\n<p><span style=\"font-weight: 400;\">Chez Seasonova, nous faisons de votre bien-\u00eatre notre priorit\u00e9. C\u2019est pourquoi nous r\u00e9fl\u00e9chissons sans cesse avec nos \u00e9quipes, \u00e0 ce qui pourrait vous faire plaisir et vous d\u00e9tendre au maximum.<\/span><\/p>\n<p><span style=\"font-weight: 400;\">Comme vous avez pu le remarquer, la nature et son respect sont des notions primordiales et qui nous tiennent \u00e0 c\u0153ur. C\u2019est ainsi, apr\u00e8s avoir pris conscience du bien-\u00eatre que nous apportent nos animaux domestiques au quotidien, qu\u2019il nous a sembl\u00e9 int\u00e9ressant de cr\u00e9er des espaces d\u2019interaction avec tout plein d\u2019animaux dans nos diff\u00e9rents campings.<\/span><\/p>\n<p><span style=\"font-weight: 400;\">Selon nous, ces espaces sont l\u2019occasion pour les plus petits et m\u00eame pour les adultes, d\u2019\u00eatre sensibilis\u00e9 au monde animal, \u00e0 la biodiversit\u00e9 et \u00e0 l\u2019environnement. L\u2019espace mini ferme permet de susciter l\u2019\u00e9veil des sens et la curiosit\u00e9 des petits et grands, pour permettre \u00e0 nos enfants de se construire, de d\u00e9couvrir et d\u2019apprendre par le respect, tout en s\u2019amusant.<br \/>\n<img loading=\"lazy\" class=\"wp-image-18806 aligncenter\" src=\"https:\/\/vacances-seasonova.com\/wp-content\/uploads\/2020\/06\/chevres-point-du-jour.jpg\" alt=\"ch\u00e8vres du point du jour \" width=\"310\" height=\"414\" srcset=\"https:\/\/vacances-seasonova.com\/wp-content\/uploads\/2020\/06\/chevres-point-du-jour.jpg 600w, https:\/\/vacances-seasonova.com\/wp-content\/uploads\/2020\/06\/chevres-point-du-jour-225x300.jpg 225w, https:\/\/vacances-seasonova.com\/wp-content\/uploads\/2020\/06\/chevres-point-du-jour-338x450.jpg 338w\" sizes=\"(max-width: 310px) 100vw, 310px\" \/><br \/>\n<\/span><\/p>\n<p><b>Devenez un petit fermier !<\/b><\/p>\n<p><span style=\"font-weight: 400;\">Nos g\u00e9rants se feront un plaisir de vous inviter, vous et vos enfants \u00e0 venir nourrir les animaux, les dorloter, ou m\u00eame ramasser les \u0153ufs des poules. L\u2019occasion de passer un moment privil\u00e9gi\u00e9, au contact des animaux de la mini-ferme. Pour certains, ce sera une d\u00e9couverte, pour d\u2019autres, le moment parfait pour raviver en vous de doux souvenirs d\u2019enfance.<\/span><\/p>\n<p><span style=\"font-weight: 400;\">Petites poules, lapins, ch\u00e8vres, moutons et m\u00eame alpagas, il y en a pour tous les go\u00fbts selon les campings, et tous ont une sacr\u00e9e personnalit\u00e9. Ce n\u2019est pas les g\u00e9rants de nos campings qui vous diront le contraire ! Et oui, les animaux sont sans filtres et forment parfois un spectacle \u00e0 eux-seuls : sourires, et m\u00eame fou-rires garantis !<\/span><\/p>\n<p><img loading=\"lazy\" class=\"size-medium wp-image-16919 aligncenter\" src=\"https:\/\/vacances-seasonova.com\/wp-content\/uploads\/2020\/02\/mini-ferme-300x200.jpg\" alt=\"mini ferme enfant\" width=\"300\" height=\"200\" srcset=\"https:\/\/vacances-seasonova.com\/wp-content\/uploads\/2020\/02\/mini-ferme-300x200.jpg 300w, https:\/\/vacances-seasonova.com\/wp-content\/uploads\/2020\/02\/mini-ferme-768x512.jpg 768w, https:\/\/vacances-seasonova.com\/wp-content\/uploads\/2020\/02\/mini-ferme-675x450.jpg 675w, https:\/\/vacances-seasonova.com\/wp-content\/uploads\/2020\/02\/mini-ferme-600x400.jpg 600w, https:\/\/vacances-seasonova.com\/wp-content\/uploads\/2020\/02\/mini-ferme.jpg 1700w\" sizes=\"(max-width: 300px) 100vw, 300px\" \/><\/p>\n<p><b>Une mini ferme pour des vacances slow life ?<\/b><\/p>\n<p><span style=\"font-weight: 400;\">Les animaux ne sont pas sauvages et ne demandent rien d\u2019autres que de l\u2019affection\u2026 et \u00e0 manger\u2026 C\u2019est donc le moment de prendre le temps avec eux, et de profiter de l\u2019instant.<\/span><\/p>\n<p><span style=\"font-weight: 400;\">Si les animaux adorent se faire dorloter, ils nous le rendent bien : des \u00e9tudes auraient d\u00e9montr\u00e9 que passer du temps au contact d\u2019animaux permettrait de r\u00e9duire les hormones li\u00e9es au stress et \u00e0 l\u2019anxi\u00e9t\u00e9. Certaines th\u00e9rapies ont m\u00eame \u00e9t\u00e9 cr\u00e9\u00e9es pour qualifier le bien-\u00eatre que nous procurent nos amis les animaux : on peut citer par exemple, la zooth\u00e9rapie ! Son efficacit\u00e9 ne reste pas prouv\u00e9e scientifiquement pour le moment alors vous n\u2019avez plus qu\u2019\u00e0 venir tester directement et ainsi vous faire votre propre avis !<\/span><\/p>\n<p><span style=\"font-weight: 400;\">Venez-rencontrer les animaux des petites fermes Seasonova : Julio, Peppa, Luc, Pig, Lapinou et tous les autres amis n\u2019attendent plus que vous pour se faire dorloter ! Ils rempliront votre t\u00eate, et celles de vos enfants, de tout plein de souvenirs \u00e0 raconter dans la cour de r\u00e9cr\u00e9, ou \u00e0 la pause caf\u00e9!<\/span><\/p>\n<p>&nbsp;<\/p>\n<p>&nbsp;<\/p>\n<p>&nbsp;<\/p>","protected":false},"excerpt":{"rendered":"<p>&nbsp; le bonheur est dans la mini ferme Planter sa tente dans nos campings Seasonova, c\u2019est passer des vacances Slow-life assur\u00e9es : activit\u00e9s d\u00e9tente, nature, plein air, calme\u2026 Tout est mis \u00e0 disposition pour que [&#8230;]<\/p>\n","protected":false},"author":3,"featured_media":16916,"parent":16827,"menu_order":0,"comment_status":"closed","ping_status":"closed","template":"","meta":[],"yoast_head":"<!-- This site is optimized with the Yoast SEO plugin v18.1 - https:\/\/yoast.com\/wordpress\/plugins\/seo\/ -->\n<meta name=\"robots\" content=\"index, follow, max-snippet:-1, max-image-preview:large, max-video-preview:-1\" \/>\n<link rel=\"canonical\" href=\"https:\/\/vacances-seasonova.com\/fr\/vacances-en-camping-seasonova\/lexperience-seasonova\/mini-ferme\/\" \/>\n<meta property=\"og:locale\" content=\"fr_FR\" \/>\n<meta property=\"og:type\" content=\"article\" \/>\n<meta property=\"og:title\" content=\"La petite ferme - Seasonova | Campings Normandie, Bretagne, Pays de La Loire et Alsace\" \/>\n<meta property=\"og:description\" content=\"&nbsp; le bonheur est dans la mini ferme Planter sa tente dans nos campings Seasonova, c\u2019est passer des vacances Slow-life assur\u00e9es : activit\u00e9s d\u00e9tente, nature, plein air, calme\u2026 Tout est mis \u00e0 disposition pour que [...]\" \/>\n<meta property=\"og:url\" content=\"https:\/\/vacances-seasonova.com\/fr\/vacances-en-camping-seasonova\/lexperience-seasonova\/mini-ferme\/\" \/>\n<meta property=\"og:site_name\" content=\"Seasonova | Campings Normandie, Bretagne, Pays de La Loire et Alsace\" \/>\n<meta property=\"article:modified_time\" content=\"2021-10-04T09:24:32+00:00\" \/>\n<meta property=\"og:image\" content=\"https:\/\/vacances-seasonova.com\/wp-content\/uploads\/2020\/02\/mini-ferme-chevres-674x450.jpeg\" \/>\n\t<meta property=\"og:image:width\" content=\"674\" \/>\n\t<meta property=\"og:image:height\" content=\"450\" \/>\n\t<meta property=\"og:image:type\" content=\"image\/jpeg\" \/>\n<meta name=\"twitter:card\" content=\"summary\" \/>\n<meta name=\"twitter:label1\" content=\"Dur\u00e9e de lecture estim\u00e9e\" \/>\n\t<meta name=\"twitter:data1\" content=\"10 minutes\" \/>\n<script type=\"application\/ld+json\" class=\"yoast-schema-graph\">{\"@context\":\"https:\/\/schema.org\",\"@graph\":[{\"@type\":\"WebSite\",\"@id\":\"https:\/\/vacances-seasonova.com\/fr\/#website\",\"url\":\"https:\/\/vacances-seasonova.com\/fr\/\",\"name\":\"Seasonova | Campings Normandie, Bretagne, Pays de La Loire et Alsace\",\"description\":\"\",\"potentialAction\":[{\"@type\":\"SearchAction\",\"target\":{\"@type\":\"EntryPoint\",\"urlTemplate\":\"https:\/\/vacances-seasonova.com\/fr\/?s={search_term_string}\"},\"query-input\":\"required name=search_term_string\"}],\"inLanguage\":\"fr-FR\"},{\"@type\":\"ImageObject\",\"@id\":\"https:\/\/vacances-seasonova.com\/fr\/vacances-en-camping-seasonova\/lexperience-seasonova\/mini-ferme\/#primaryimage\",\"inLanguage\":\"fr-FR\",\"url\":\"https:\/\/vacances-seasonova.com\/wp-content\/uploads\/2020\/02\/mini-ferme-chevres.jpeg\",\"contentUrl\":\"https:\/\/vacances-seasonova.com\/wp-content\/uploads\/2020\/02\/mini-ferme-chevres.jpeg\",\"width\":6016,\"height\":4016,\"caption\":\"ch\u00e8vres\"},{\"@type\":\"WebPage\",\"@id\":\"https:\/\/vacances-seasonova.com\/fr\/vacances-en-camping-seasonova\/lexperience-seasonova\/mini-ferme\/#webpage\",\"url\":\"https:\/\/vacances-seasonova.com\/fr\/vacances-en-camping-seasonova\/lexperience-seasonova\/mini-ferme\/\",\"name\":\"La petite ferme - Seasonova | Campings Normandie, Bretagne, Pays de La Loire et Alsace\",\"isPartOf\":{\"@id\":\"https:\/\/vacances-seasonova.com\/fr\/#website\"},\"primaryImageOfPage\":{\"@id\":\"https:\/\/vacances-seasonova.com\/fr\/vacances-en-camping-seasonova\/lexperience-seasonova\/mini-ferme\/#primaryimage\"},\"datePublished\":\"2020-02-26T14:18:28+00:00\",\"dateModified\":\"2021-10-04T09:24:32+00:00\",\"breadcrumb\":{\"@id\":\"https:\/\/vacances-seasonova.com\/fr\/vacances-en-camping-seasonova\/lexperience-seasonova\/mini-ferme\/#breadcrumb\"},\"inLanguage\":\"fr-FR\",\"potentialAction\":[{\"@type\":\"ReadAction\",\"target\":[\"https:\/\/vacances-seasonova.com\/fr\/vacances-en-camping-seasonova\/lexperience-seasonova\/mini-ferme\/\"]}]},{\"@type\":\"BreadcrumbList\",\"@id\":\"https:\/\/vacances-seasonova.com\/fr\/vacances-en-camping-seasonova\/lexperience-seasonova\/mini-ferme\/#breadcrumb\",\"itemListElement\":[{\"@type\":\"ListItem\",\"position\":1,\"name\":\"Accueil\",\"item\":\"https:\/\/vacances-seasonova.com\/nl\/\"},{\"@type\":\"ListItem\",\"position\":2,\"name\":\"Vacances en camping Seasonova\",\"item\":\"https:\/\/vacances-seasonova.com\/nl\/kampeervakantiein-frankrijk\/\"},{\"@type\":\"ListItem\",\"position\":3,\"name\":\"L\u2019exp\u00e9rience Seasonova\",\"item\":\"https:\/\/vacances-seasonova.com\/fr\/vacances-en-camping-seasonova\/lexperience-seasonova\/\"},{\"@type\":\"ListItem\",\"position\":4,\"name\":\"La petite ferme\"}]}]}<\/script>\n<!-- \/ Yoast SEO plugin. -->","yoast_head_json":{"robots":{"index":"index","follow":"follow","max-snippet":"max-snippet:-1","max-image-preview":"max-image-preview:large","max-video-preview":"max-video-preview:-1"},"canonical":"https:\/\/vacances-seasonova.com\/fr\/vacances-en-camping-seasonova\/lexperience-seasonova\/mini-ferme\/","og_locale":"fr_FR","og_type":"article","og_title":"La petite ferme - Seasonova | Campings Normandie, Bretagne, Pays de La Loire et Alsace","og_description":"&nbsp; le bonheur est dans la mini ferme Planter sa tente dans nos campings Seasonova, c\u2019est passer des vacances Slow-life assur\u00e9es : activit\u00e9s d\u00e9tente, nature, plein air, calme\u2026 Tout est mis \u00e0 disposition pour que [...]","og_url":"https:\/\/vacances-seasonova.com\/fr\/vacances-en-camping-seasonova\/lexperience-seasonova\/mini-ferme\/","og_site_name":"Seasonova | Campings Normandie, Bretagne, Pays de La Loire et Alsace","article_modified_time":"2021-10-04T09:24:32+00:00","og_image":[{"width":674,"height":450,"url":"https:\/\/vacances-seasonova.com\/wp-content\/uploads\/2020\/02\/mini-ferme-chevres-674x450.jpeg","type":"image\/jpeg"}],"twitter_card":"summary","twitter_misc":{"Dur\u00e9e de lecture estim\u00e9e":"10 minutes"},"schema":{"@context":"https:\/\/schema.org","@graph":[{"@type":"WebSite","@id":"https:\/\/vacances-seasonova.com\/fr\/#website","url":"https:\/\/vacances-seasonova.com\/fr\/","name":"Seasonova | Campings Normandie, Bretagne, Pays de La Loire et Alsace","description":"","potentialAction":[{"@type":"SearchAction","target":{"@type":"EntryPoint","urlTemplate":"https:\/\/vacances-seasonova.com\/fr\/?s={search_term_string}"},"query-input":"required name=search_term_string"}],"inLanguage":"fr-FR"},{"@type":"ImageObject","@id":"https:\/\/vacances-seasonova.com\/fr\/vacances-en-camping-seasonova\/lexperience-seasonova\/mini-ferme\/#primaryimage","inLanguage":"fr-FR","url":"https:\/\/vacances-seasonova.com\/wp-content\/uploads\/2020\/02\/mini-ferme-chevres.jpeg","contentUrl":"https:\/\/vacances-seasonova.com\/wp-content\/uploads\/2020\/02\/mini-ferme-chevres.jpeg","width":6016,"height":4016,"caption":"ch\u00e8vres"},{"@type":"WebPage","@id":"https:\/\/vacances-seasonova.com\/fr\/vacances-en-camping-seasonova\/lexperience-seasonova\/mini-ferme\/#webpage","url":"https:\/\/vacances-seasonova.com\/fr\/vacances-en-camping-seasonova\/lexperience-seasonova\/mini-ferme\/","name":"La petite ferme - Seasonova | Campings Normandie, Bretagne, Pays de La Loire et Alsace","isPartOf":{"@id":"https:\/\/vacances-seasonova.com\/fr\/#website"},"primaryImageOfPage":{"@id":"https:\/\/vacances-seasonova.com\/fr\/vacances-en-camping-seasonova\/lexperience-seasonova\/mini-ferme\/#primaryimage"},"datePublished":"2020-02-26T14:18:28+00:00","dateModified":"2021-10-04T09:24:32+00:00","breadcrumb":{"@id":"https:\/\/vacances-seasonova.com\/fr\/vacances-en-camping-seasonova\/lexperience-seasonova\/mini-ferme\/#breadcrumb"},"inLanguage":"fr-FR","potentialAction":[{"@type":"ReadAction","target":["https:\/\/vacances-seasonova.com\/fr\/vacances-en-camping-seasonova\/lexperience-seasonova\/mini-ferme\/"]}]},{"@type":"BreadcrumbList","@id":"https:\/\/vacances-seasonova.com\/fr\/vacances-en-camping-seasonova\/lexperience-seasonova\/mini-ferme\/#breadcrumb","itemListElement":[{"@type":"ListItem","position":1,"name":"Accueil","item":"https:\/\/vacances-seasonova.com\/nl\/"},{"@type":"ListItem","position":2,"name":"Vacances en camping Seasonova","item":"https:\/\/vacances-seasonova.com\/nl\/kampeervakantiein-frankrijk\/"},{"@type":"ListItem","position":3,"name":"L\u2019exp\u00e9rience Seasonova","item":"https:\/\/vacances-seasonova.com\/fr\/vacances-en-camping-seasonova\/lexperience-seasonova\/"},{"@type":"ListItem","position":4,"name":"La petite ferme"}]}]}},"_links":{"self":[{"href":"https:\/\/vacances-seasonova.com\/fr\/wp-json\/wp\/v2\/pages\/16915"}],"collection":[{"href":"https:\/\/vacances-seasonova.com\/fr\/wp-json\/wp\/v2\/pages"}],"about":[{"href":"https:\/\/vacances-seasonova.com\/fr\/wp-json\/wp\/v2\/types\/page"}],"author":[{"embeddable":true,"href":"https:\/\/vacances-seasonova.com\/fr\/wp-json\/wp\/v2\/users\/3"}],"replies":[{"embeddable":true,"href":"https:\/\/vacances-seasonova.com\/fr\/wp-json\/wp\/v2\/comments?post=16915"}],"version-history":[{"count":0,"href":"https:\/\/vacances-seasonova.com\/fr\/wp-json\/wp\/v2\/pages\/16915\/revisions"}],"up":[{"embeddable":true,"href":"https:\/\/vacances-seasonova.com\/fr\/wp-json\/wp\/v2\/pages\/16827"}],"wp:featuredmedia":[{"embeddable":true,"href":"https:\/\/vacances-seasonova.com\/fr\/wp-json\/wp\/v2\/media\/16916"}],"wp:attachment":[{"href":"https:\/\/vacances-seasonova.com\/fr\/wp-json\/wp\/v2\/media?parent=16915"}],"curies":[{"name":"wp","href":"https:\/\/api.w.org\/{rel}","templated":true}]}}