    {"id":17128,"date":"2020-03-16T13:51:01","date_gmt":"2020-03-16T12:51:01","guid":{"rendered":"https:\/\/vacances-seasonova.com\/fr\/?p=17128"},"modified":"2021-05-27T16:27:08","modified_gmt":"2021-05-27T14:27:08","slug":"covid-19","status":"publish","type":"page","link":"https:\/\/vacances-seasonova.com\/fr\/coronavirus\/","title":{"rendered":"Prenez soin de vous"},"content":{"rendered":"<p><\/p>\n<h2 style=\"text-align: justify;\">Chers vacanciers,<\/h2>\n<div class=\"page\" style=\"text-align: justify;\" title=\"Page 1\">\n<div class=\"layoutArea\">\n<div class=\"column\">\n<p>Suite \u00e0 l\u2019actualit\u00e9 2020 et dans le cadre de la mise en application de l\u2019ordonnance du 26 mars 2020 \u00ab relative aux conditions financi\u00e8res de r\u00e9solution de certains contrats de voyages touristiques et de s\u00e9jours en cas de circonstances exceptionnelles et in\u00e9vitables ou de force majeure \u00bb, nous mettons en place un dispositif d\u00e9rogatoire aux r\u00e8gles de droit commun quant aux cons\u00e9quences de l\u2019impossibilit\u00e9 d\u2019ex\u00e9cuter ces contrats \u00e0 raison de la pand\u00e9mie de Covid 19.<\/p>\n<p>Le Groupe Seasonova vous propose donc <strong>un avoir<\/strong> utilisable \u00e0 l\u2019occasion d\u2019un prochain s\u00e9jour sur <strong>l\u2019ensemble des campings Seasonova.<\/strong><\/p>\n<p>Cet avoir sera constitu\u00e9 des sommes d\u00e9j\u00e0 vers\u00e9es,\u00a0<strong>utilisable dans l\u2019un des sites du groupe Seasonova et valable jusqu\u2019au 31\/10\/2022.<br \/>\n<\/strong><br \/>\nPour r\u00e9server, rien de plus simple, il vous suffira de contacter le camping de votre choix en joignant le\u00a0<strong>justificatif pr\u00e9alablement re\u00e7u.<\/strong><\/p>\n<p>Dans le cas d\u2019une annulation notifi\u00e9e entre le 1er mars et le 15 septembre 2020 et qui devait se d\u00e9rouler pendant une p\u00e9riode susceptible d\u2019\u00eatre qualifi\u00e9e de force majeure (fermeture administrative, confinement, fermeture des fronti\u00e8res) et \u00e0 l\u2019issue d\u2019un d\u00e9lai de 18 mois \u00e0 compter de la notification d\u2019annulation, le client qui n\u2019a pas utilis\u00e9 l\u2019avoir peut pr\u00e9tendre \u00e0 demander le remboursement du s\u00e9jour annul\u00e9 du fait de la force majeure.<\/p>\n<\/div>\n<\/div>\n<\/div>\n<div style=\"text-align: justify;\">\n<p>Aussi, nous vous invitons \u00e0 visiter notre site web pour d\u00e9couvrir nos nouvelles ambiances et\u00a0<b><a href=\"https:\/\/vacances-seasonova.com\/fr\/vacances-en-camping-seasonova\/lexperience-seasonova\/\">nos nouveaut\u00e9s slow life<\/a><\/b><\/p>\n<\/div>\n<div style=\"text-align: justify;\">Nos \u00e9quipes \u00e9tant \u00e9galement confin\u00e9e, elles r\u00e9pondront chaque jour \u00e0 vos questions par e-mail : <b>contact@vacances-seasonova.com<\/b><\/div>\n<div style=\"text-align: justify;\"><\/div>\n<div style=\"text-align: justify;\">\n<p><strong>Seasonova<\/strong> et <strong>Lucie<\/strong> vous aident \u00e0 prendre soin de vous en vous offrant des s\u00e9ances de <strong>yoga<\/strong> et <strong>pilates<\/strong> en live chaque lundi et jeudi de <strong>10h \u00e0 12h.<\/strong><\/p>\n<p>&nbsp;<\/p>\n<\/div>\n<div class=\"row row-no-gutters\">\n<div class=\"col-xs-6\">\n<p style=\"text-align: justify;\"><img loading=\"lazy\" class=\"size-medium wp-image-17208\" src=\"https:\/\/vacances-seasonova.com\/wp-content\/uploads\/2020\/03\/lucie-300x225.jpg\" alt=\"yoga normandie\" width=\"300\" height=\"225\" srcset=\"https:\/\/vacances-seasonova.com\/wp-content\/uploads\/2020\/03\/lucie-300x225.jpg 300w, https:\/\/vacances-seasonova.com\/wp-content\/uploads\/2020\/03\/lucie-768x576.jpg 768w, https:\/\/vacances-seasonova.com\/wp-content\/uploads\/2020\/03\/lucie-600x450.jpg 600w, https:\/\/vacances-seasonova.com\/wp-content\/uploads\/2020\/03\/lucie.jpg 1024w\" sizes=\"(max-width: 300px) 100vw, 300px\" \/><\/p>\n<p><a href=\"https:\/\/www.facebook.com\/normandie.pilates.yoga\/\" target=\"_blank\" rel=\"noopener noreferrer\">Je participe, je me d\u00e9tend&#8230;<\/a><\/p>\n<\/div>\n<div class=\"col-xs-6\"><img loading=\"lazy\" class=\"size-medium wp-image-17137\" src=\"https:\/\/vacances-seasonova.com\/wp-content\/uploads\/2020\/03\/logo-seasonova-slowlife-600x575-1-300x288.jpg\" alt=\"logo seasonova slow life\" width=\"300\" height=\"288\" srcset=\"https:\/\/vacances-seasonova.com\/wp-content\/uploads\/2020\/03\/logo-seasonova-slowlife-600x575-1-300x288.jpg 300w, https:\/\/vacances-seasonova.com\/wp-content\/uploads\/2020\/03\/logo-seasonova-slowlife-600x575-1-470x450.jpg 470w, https:\/\/vacances-seasonova.com\/wp-content\/uploads\/2020\/03\/logo-seasonova-slowlife-600x575-1.jpg 600w\" sizes=\"(max-width: 300px) 100vw, 300px\" \/><\/div>\n<\/div>\n<p><\/p>","protected":false},"excerpt":{"rendered":"<p>Chers vacanciers, Suite \u00e0 l\u2019actualit\u00e9 2020 et dans le cadre de la mise en application de l\u2019ordonnance du 26 mars 2020 \u00ab relative aux conditions financi\u00e8res de r\u00e9solution de certains contrats de voyages touristiques [&#8230;]<\/p>\n","protected":false},"author":3,"featured_media":16831,"parent":0,"menu_order":0,"comment_status":"open","ping_status":"open","template":"","meta":[],"yoast_head":"<!-- This site is optimized with the Yoast SEO plugin v18.1 - https:\/\/yoast.com\/wordpress\/plugins\/seo\/ -->\n<meta name=\"robots\" content=\"index, follow, max-snippet:-1, max-image-preview:large, max-video-preview:-1\" \/>\n<link rel=\"canonical\" href=\"https:\/\/vacances-seasonova.com\/fr\/coronavirus\/\" \/>\n<meta property=\"og:locale\" content=\"fr_FR\" \/>\n<meta property=\"og:type\" content=\"article\" \/>\n<meta property=\"og:title\" content=\"Prenez soin de vous - Seasonova | Campings Normandie, Bretagne, Pays de La Loire et Alsace\" \/>\n<meta property=\"og:description\" content=\"Chers vacanciers, Suite \u00e0 l\u2019actualit\u00e9 2020 et dans le cadre de la mise en application de l\u2019ordonnance du 26 mars 2020 \u00ab relative aux conditions financi\u00e8res de r\u00e9solution de certains contrats de voyages touristiques [...]\" \/>\n<meta property=\"og:url\" content=\"https:\/\/vacances-seasonova.com\/fr\/coronavirus\/\" \/>\n<meta property=\"og:site_name\" content=\"Seasonova | Campings Normandie, Bretagne, Pays de La Loire et Alsace\" \/>\n<meta property=\"article:modified_time\" content=\"2021-05-27T14:27:08+00:00\" \/>\n<meta property=\"og:image\" content=\"https:\/\/vacances-seasonova.com\/wp-content\/uploads\/2020\/02\/vacances-hamac-654x450.jpeg\" \/>\n\t<meta property=\"og:image:width\" content=\"654\" \/>\n\t<meta property=\"og:image:height\" content=\"450\" \/>\n\t<meta property=\"og:image:type\" content=\"image\/jpeg\" \/>\n<meta name=\"twitter:card\" content=\"summary\" \/>\n<meta name=\"twitter:label1\" content=\"Dur\u00e9e de lecture estim\u00e9e\" \/>\n\t<meta name=\"twitter:data1\" content=\"4 minutes\" \/>\n<script type=\"application\/ld+json\" class=\"yoast-schema-graph\">{\"@context\":\"https:\/\/schema.org\",\"@graph\":[{\"@type\":\"WebSite\",\"@id\":\"https:\/\/vacances-seasonova.com\/fr\/#website\",\"url\":\"https:\/\/vacances-seasonova.com\/fr\/\",\"name\":\"Seasonova | Campings Normandie, Bretagne, Pays de La Loire et Alsace\",\"description\":\"\",\"potentialAction\":[{\"@type\":\"SearchAction\",\"target\":{\"@type\":\"EntryPoint\",\"urlTemplate\":\"https:\/\/vacances-seasonova.com\/fr\/?s={search_term_string}\"},\"query-input\":\"required name=search_term_string\"}],\"inLanguage\":\"fr-FR\"},{\"@type\":\"ImageObject\",\"@id\":\"https:\/\/vacances-seasonova.com\/fr\/coronavirus\/#primaryimage\",\"inLanguage\":\"fr-FR\",\"url\":\"https:\/\/vacances-seasonova.com\/wp-content\/uploads\/2020\/02\/vacances-hamac-e1654607851528.jpeg\",\"contentUrl\":\"https:\/\/vacances-seasonova.com\/wp-content\/uploads\/2020\/02\/vacances-hamac-e1654607851528.jpeg\",\"width\":1920,\"height\":1321,\"caption\":\"hamac Seasonova\"},{\"@type\":\"WebPage\",\"@id\":\"https:\/\/vacances-seasonova.com\/fr\/coronavirus\/#webpage\",\"url\":\"https:\/\/vacances-seasonova.com\/fr\/coronavirus\/\",\"name\":\"Prenez soin de vous - Seasonova | Campings Normandie, Bretagne, Pays de La Loire et Alsace\",\"isPartOf\":{\"@id\":\"https:\/\/vacances-seasonova.com\/fr\/#website\"},\"primaryImageOfPage\":{\"@id\":\"https:\/\/vacances-seasonova.com\/fr\/coronavirus\/#primaryimage\"},\"datePublished\":\"2020-03-16T12:51:01+00:00\",\"dateModified\":\"2021-05-27T14:27:08+00:00\",\"breadcrumb\":{\"@id\":\"https:\/\/vacances-seasonova.com\/fr\/coronavirus\/#breadcrumb\"},\"inLanguage\":\"fr-FR\",\"potentialAction\":[{\"@type\":\"ReadAction\",\"target\":[\"https:\/\/vacances-seasonova.com\/fr\/coronavirus\/\"]}]},{\"@type\":\"BreadcrumbList\",\"@id\":\"https:\/\/vacances-seasonova.com\/fr\/coronavirus\/#breadcrumb\",\"itemListElement\":[{\"@type\":\"ListItem\",\"position\":1,\"name\":\"Accueil\",\"item\":\"https:\/\/vacances-seasonova.com\/nl\/\"},{\"@type\":\"ListItem\",\"position\":2,\"name\":\"Prenez soin de vous\"}]}]}<\/script>\n<!-- \/ Yoast SEO plugin. -->","yoast_head_json":{"robots":{"index":"index","follow":"follow","max-snippet":"max-snippet:-1","max-image-preview":"max-image-preview:large","max-video-preview":"max-video-preview:-1"},"canonical":"https:\/\/vacances-seasonova.com\/fr\/coronavirus\/","og_locale":"fr_FR","og_type":"article","og_title":"Prenez soin de vous - Seasonova | Campings Normandie, Bretagne, Pays de La Loire et Alsace","og_description":"Chers vacanciers, Suite \u00e0 l\u2019actualit\u00e9 2020 et dans le cadre de la mise en application de l\u2019ordonnance du 26 mars 2020 \u00ab relative aux conditions financi\u00e8res de r\u00e9solution de certains contrats de voyages touristiques [...]","og_url":"https:\/\/vacances-seasonova.com\/fr\/coronavirus\/","og_site_name":"Seasonova | Campings Normandie, Bretagne, Pays de La Loire et Alsace","article_modified_time":"2021-05-27T14:27:08+00:00","og_image":[{"width":654,"height":450,"url":"https:\/\/vacances-seasonova.com\/wp-content\/uploads\/2020\/02\/vacances-hamac-654x450.jpeg","type":"image\/jpeg"}],"twitter_card":"summary","twitter_misc":{"Dur\u00e9e de lecture estim\u00e9e":"4 minutes"},"schema":{"@context":"https:\/\/schema.org","@graph":[{"@type":"WebSite","@id":"https:\/\/vacances-seasonova.com\/fr\/#website","url":"https:\/\/vacances-seasonova.com\/fr\/","name":"Seasonova | Campings Normandie, Bretagne, Pays de La Loire et Alsace","description":"","potentialAction":[{"@type":"SearchAction","target":{"@type":"EntryPoint","urlTemplate":"https:\/\/vacances-seasonova.com\/fr\/?s={search_term_string}"},"query-input":"required name=search_term_string"}],"inLanguage":"fr-FR"},{"@type":"ImageObject","@id":"https:\/\/vacances-seasonova.com\/fr\/coronavirus\/#primaryimage","inLanguage":"fr-FR","url":"https:\/\/vacances-seasonova.com\/wp-content\/uploads\/2020\/02\/vacances-hamac-e1654607851528.jpeg","contentUrl":"https:\/\/vacances-seasonova.com\/wp-content\/uploads\/2020\/02\/vacances-hamac-e1654607851528.jpeg","width":1920,"height":1321,"caption":"hamac Seasonova"},{"@type":"WebPage","@id":"https:\/\/vacances-seasonova.com\/fr\/coronavirus\/#webpage","url":"https:\/\/vacances-seasonova.com\/fr\/coronavirus\/","name":"Prenez soin de vous - Seasonova | Campings Normandie, Bretagne, Pays de La Loire et Alsace","isPartOf":{"@id":"https:\/\/vacances-seasonova.com\/fr\/#website"},"primaryImageOfPage":{"@id":"https:\/\/vacances-seasonova.com\/fr\/coronavirus\/#primaryimage"},"datePublished":"2020-03-16T12:51:01+00:00","dateModified":"2021-05-27T14:27:08+00:00","breadcrumb":{"@id":"https:\/\/vacances-seasonova.com\/fr\/coronavirus\/#breadcrumb"},"inLanguage":"fr-FR","potentialAction":[{"@type":"ReadAction","target":["https:\/\/vacances-seasonova.com\/fr\/coronavirus\/"]}]},{"@type":"BreadcrumbList","@id":"https:\/\/vacances-seasonova.com\/fr\/coronavirus\/#breadcrumb","itemListElement":[{"@type":"ListItem","position":1,"name":"Accueil","item":"https:\/\/vacances-seasonova.com\/nl\/"},{"@type":"ListItem","position":2,"name":"Prenez soin de vous"}]}]}},"_links":{"self":[{"href":"https:\/\/vacances-seasonova.com\/fr\/wp-json\/wp\/v2\/pages\/17128"}],"collection":[{"href":"https:\/\/vacances-seasonova.com\/fr\/wp-json\/wp\/v2\/pages"}],"about":[{"href":"https:\/\/vacances-seasonova.com\/fr\/wp-json\/wp\/v2\/types\/page"}],"author":[{"embeddable":true,"href":"https:\/\/vacances-seasonova.com\/fr\/wp-json\/wp\/v2\/users\/3"}],"replies":[{"embeddable":true,"href":"https:\/\/vacances-seasonova.com\/fr\/wp-json\/wp\/v2\/comments?post=17128"}],"version-history":[{"count":0,"href":"https:\/\/vacances-seasonova.com\/fr\/wp-json\/wp\/v2\/pages\/17128\/revisions"}],"wp:featuredmedia":[{"embeddable":true,"href":"https:\/\/vacances-seasonova.com\/fr\/wp-json\/wp\/v2\/media\/16831"}],"wp:attachment":[{"href":"https:\/\/vacances-seasonova.com\/fr\/wp-json\/wp\/v2\/media?parent=17128"}],"curies":[{"name":"wp","href":"https:\/\/api.w.org\/{rel}","templated":true}]}}