    {"id":172,"date":"2016-09-20T14:41:05","date_gmt":"2016-09-20T13:41:05","guid":{"rendered":"http:\/\/vacances-seasonova.com\/?page_id=172"},"modified":"2026-03-02T10:28:40","modified_gmt":"2026-03-02T09:28:40","slug":"conditions-generales-de-vente","status":"publish","type":"page","link":"https:\/\/vacances-seasonova.com\/fr\/conditions-generales-de-vente\/","title":{"rendered":"Conditions g\u00e9n\u00e9rales de vente"},"content":{"rendered":"<p><\/p>\n<h2>CHAMP D\u2019APPLICATION DES CONDITIONS G\u00c9N\u00c9RALES DE VENTE<\/h2>\n<p>Les pr\u00e9sentes conditions g\u00e9n\u00e9rales r\u00e9gissent de plein droit toutes les ventes de s\u00e9jours r\u00e9alis\u00e9es sur le site <a href=\"http:\/\/www.vacances-seasonova.com\">www.vacances-seasonova.com<\/a>. Elles font partie int\u00e9grante de tout contrat conclu entre le camping et ses clients.<\/p>\n<p>Chaque client reconna\u00eet avoir pris connaissance des pr\u00e9sentes conditions g\u00e9n\u00e9rales pr\u00e9alablement \u00e0 toute r\u00e9servation d\u2019un s\u00e9jour, pour lui-m\u00eame et toute personne participant au s\u00e9jour.<\/p>\n<p>Conform\u00e9ment \u00e0 la loi en vigueur, les pr\u00e9sentes conditions g\u00e9n\u00e9rales sont mises \u00e0 la disposition de tout client \u00e0 titre informatif pr\u00e9alablement \u00e0 la conclusion de tout contrat de vente de s\u00e9jours. Elles sont disponibles au t\u00e9l\u00e9chargement sur le site internet, \u00e0 disposition sur demande pr\u00e9alable et sont transmises lors de la validation du s\u00e9jour ou devis de groupe. Elles peuvent \u00e9galement \u00eatre obtenues sur simple demande \u00e9crite adress\u00e9e au si\u00e8ge de l\u2019\u00e9tablissement GROUPE SEASONOVA situ\u00e9 Route de Cabourg \u2013 14810 Merville Franceville Plage.<\/p>\n<h2>1. Conditions de r\u00e9servation<\/h2>\n<h3>Locations :<\/h3>\n<ul>\n<li>Les s\u00e9jours en location ont une dur\u00e9e minimum de <strong>2 nuits<\/strong> en basse saison (hors weekends sp\u00e9ciaux, hors juillet-ao\u00fbt et offres sp\u00e9cifiques) et de minimum <strong>7 jours<\/strong> en juillet et ao\u00fbt.<\/li>\n<li>Les arriv\u00e9es sont pr\u00e9vues entre <strong>16h et 19h<\/strong>, les d\u00e9parts avant <strong>10h<\/strong>. Des am\u00e9nagements peuvent \u00eatre faits en basse saison, selon les disponibilit\u00e9s, apr\u00e8s \u00e9change avec l\u2019accueil du camping.<\/li>\n<li>Les arriv\u00e9es en basse saison ne sont pas soumises \u00e0 un jour particulier. En juillet et ao\u00fbt, les arriv\u00e9es peuvent se faire les samedis, dimanches, mercredis ou vendredis (selon les campings).<\/li>\n<\/ul>\n<h3>Emplacements camping :<\/h3>\n<ul>\n<li>Les jours d\u2019arriv\u00e9es et de d\u00e9parts sont libres. Pas de dur\u00e9e minimum de s\u00e9jour (sauf sur certaines p\u00e9riodes).<\/li>\n<li>Les arriv\u00e9es se font \u00e0 partir de <strong>14h<\/strong> et les d\u00e9parts avant <strong>12h<\/strong> (sauf emplacement luxe, avant 11h).<\/li>\n<\/ul>\n<h3>Comment R\u00e9server ?<\/h3>\n<p>Effectuez votre r\u00e9servation en ligne, par t\u00e9l\u00e9phone ou par mail. Toute r\u00e9servation est effective lors de la r\u00e9ception de l\u2019acompte, d\u2019un contrat de r\u00e9servation papier ou num\u00e9rique et une fois valid\u00e9e par le camping.<\/p>\n<h2>2. Tarifs<\/h2>\n<p>Les tarifs indiqu\u00e9s sur le site internet sont les tarifs de base. Ils ne comprennent ni les options suppl\u00e9mentaires, ni la taxe de s\u00e9jour, ni l\u2019Eco Participation. Seasonova faisant de la tarification dynamique, les tarifs sont susceptibles de varier en cours de saison.<\/p>\n<p>Une promotion ne peut \u00eatre appliqu\u00e9e sur une r\u00e9servation d\u00e9j\u00e0 r\u00e9gl\u00e9e et valid\u00e9e. Seasonova propose pour tout s\u00e9jour r\u00e9serv\u00e9 sur son site internet, un tarif Flex et un tarif Non Flex. Pour toute arriv\u00e9e sur un camping sans r\u00e9servation, le tarif Flex sera appliqu\u00e9.<\/p>\n<h3>Tarif Flex :<\/h3>\n<ul>\n<li><strong>Paiement :<\/strong> 30% d\u2019acompte \u00e0 la r\u00e9servation. Solde \u00e0 r\u00e9gler en totalit\u00e9 30 jours avant le d\u00e9but du s\u00e9jour. Pour toute r\u00e9servation effectu\u00e9e \u00e0 moins de 30 jours, le montant total sera demand\u00e9.<\/li>\n<li><strong>Annulation \/ modification :<\/strong>\n<ul>\n<li>Jusqu\u2019\u00e0 <strong>8 jours (inclus)<\/strong> avant le d\u00e9but du s\u00e9jour : Annulation et modification possible sans justificatif. 30% du montant de la r\u00e9servation rembours\u00e9 sous forme d\u2019avoir (valable dans tous les campings Seasonova pour un s\u00e9jour jusqu\u2019au 30 juin de la saison suivante). Si le solde a \u00e9t\u00e9 r\u00e9gl\u00e9, il sera rembours\u00e9 int\u00e9gralement.<\/li>\n<li>\u00c0 partir de <strong>7 jours (inclus)<\/strong> avant le d\u00e9but du s\u00e9jour : Annulation ou modification possible sur justificatif. Remboursement du montant total de la r\u00e9servation sous forme d\u2019avoir valable jusqu\u2019au 30 juin de la saison suivante. Interruption de s\u00e9jour possible sur justificatif, remboursement au prorata des nuits pass\u00e9es sous forme d\u2019avoir.<\/li>\n<\/ul>\n<\/li>\n<\/ul>\n<h3>Tarif Non Flex :<\/h3>\n<ul>\n<li><strong>Paiement :<\/strong> 100% \u00e0 la r\u00e9servation.<\/li>\n<li>Pour toute r\u00e9servation au tarif ACSI, les conditions du tarif Non Flex s\u2019appliquent.<\/li>\n<\/ul>\n<h3>R\u00e9servation via nos partenaires :<\/h3>\n<p>Pour toute r\u00e9servation sur un site partenaire, les conditions indiqu\u00e9es sur ce site s\u2019appliquent. Si non sp\u00e9cifi\u00e9, les conditions du tarif Flex s\u2019appliquent.<\/p>\n<h2>3. Conditions de paiement<\/h2>\n<p>Le r\u00e8glement int\u00e9gral du s\u00e9jour devra \u00eatre effectu\u00e9 en esp\u00e8ce, Carte Bancaire, virement bancaire (selon les campings) ou ch\u00e8que ANCV au plus tard <strong>30 jours avant l\u2019arriv\u00e9e<\/strong>. Le camping se r\u00e9serve le droit d\u2019annuler votre r\u00e9servation en cas de non-paiement du solde \u00e0 la date pr\u00e9vue et de conserver votre acompte de 30%.<\/p>\n<p>\u00c0 r\u00e9ception de tout paiement, le camping consid\u00e9rera les conditions g\u00e9n\u00e9rales de vente lues et accept\u00e9es par le client.<\/p>\n<h3>Paiement en 4X par carte bancaire avec FLOA :<\/h3>\n<p>Notre partenaire financier FLOA propose des solutions de paiement en 4 \u00e9ch\u00e9ances par carte bancaire. Ces solutions sont r\u00e9serv\u00e9es aux particuliers majeurs r\u00e9sidant en France, titulaires d\u2019une carte bancaire Visa ou MasterCard. FLOA se r\u00e9serve le droit d\u2019accepter ou de refuser votre demande. Vous disposez d\u2019un d\u00e9lai l\u00e9gal de r\u00e9tractation de 14 jours. Vos donn\u00e9es personnelles seront transmises \u00e0 FLOA \u00e0 des fins d\u2019\u00e9tude de votre demande. Le paiement en 4X par FLOA est uniquement disponible sur le <strong>tarif FLEX<\/strong>.<\/p>\n<h2>4. Confirmation de r\u00e9servation<\/h2>\n<p>Votre r\u00e9servation est effective apr\u00e8s r\u00e9ception de votre contrat sign\u00e9 (ou valid\u00e9 sur internet) et de l\u2019acompte. En cas de non-disponibilit\u00e9, nous vous retournons votre acompte dans les meilleurs d\u00e9lais.<\/p>\n<p>Les r\u00e9servations ne lient Seasonova qu\u2019une fois accept\u00e9es. Seasonova se r\u00e9serve le droit de refuser toute r\u00e9servation contraire au principe des s\u00e9jours \u00e0 vocation familiale.<\/p>\n<div class=\"note\">\n<p><strong>ABSENCE DE D\u00c9LAI DE R\u00c9TRACTATION :<\/strong> Conform\u00e9ment \u00e0 l\u2019article L.221-28 du code de la consommation, la vente de prestations de services d\u2019h\u00e9bergement n\u2019est pas soumise aux dispositions relatives au d\u00e9lai de r\u00e9tractation de 14 jours.<\/p>\n<\/div>\n<h3>R\u00c9SERVATION DE GROUPE<\/h3>\n<ul>\n<li>Toute r\u00e9servation de plus de 4 h\u00e9bergements par la m\u00eame personne ou par des personnes se connaissant et se d\u00e9pla\u00e7ant ensemble est consid\u00e9r\u00e9e comme un groupe.<\/li>\n<li>Les h\u00e9bergements propos\u00e9s sur le site internet marchand Seasonova sont adress\u00e9s exclusivement \u00e0 la client\u00e8le individuelle.<\/li>\n<li>Pour toute demande de r\u00e9servation de groupe, vous devez contacter le camping Seasonova souhait\u00e9 par t\u00e9l\u00e9phone, email ou via notre rubrique \u00ab Nous Contacter \u00bb. Le camping se r\u00e9serve le droit d\u2019\u00e9tudier la demande avant acceptation ou refus.<\/li>\n<\/ul>\n<h2>5. Les locatifs<\/h2>\n<p>Les animaux ne sont pas admis dans les locations, sauf si sp\u00e9cifi\u00e9 dans le descriptif. En cas de non-respect, la direction se r\u00e9serve le droit d\u2019interrompre le s\u00e9jour sans remboursement.<\/p>\n<p>La location est \u00e0 titre strictement personnel et ne pourra \u00eatre c\u00e9d\u00e9e ou sous-lou\u00e9e. Les mineurs non accompagn\u00e9s ne sont pas admis. Il est interdit de brancher son v\u00e9hicule \u00e9lectrique sur tous nos h\u00e9bergements.<\/p>\n<p>Les campings Seasonova se r\u00e9servent le droit de refuser l\u2019acc\u00e8s aux groupes ou familles se pr\u00e9sentant avec un nombre de participants sup\u00e9rieur \u00e0 la capacit\u00e9 de l\u2019h\u00e9bergement lou\u00e9.<\/p>\n<h3>\u00c0 votre arriv\u00e9e<\/h3>\n<ul>\n<li>Pour les s\u00e9jours en location, vous serez accueilli \u00e0 partir de <strong>16h<\/strong>.<\/li>\n<li>Une caution \u00ab propret\u00e9 confort \u00bb de <strong>100\u20ac<\/strong> vous sera demand\u00e9e 10 jours avant votre arriv\u00e9e par mail. Celle-ci devra \u00eatre effectu\u00e9e en ligne via la plateforme de notre partenaire Swikly. Sans caution, les cl\u00e9s ne vous seront pas remises.<\/li>\n<li>Possibilit\u00e9 de demander l\u2019option nettoyage d\u00e8s votre r\u00e9servation ou arriv\u00e9e pour <strong>70\u20ac<\/strong> (hors nettoyage des couverts, ustensiles de cuisine et poubelle). Cette option est r\u00e9servable jusqu\u2019\u00e0 36h avant votre d\u00e9part.<\/li>\n<li>Une fiche d\u2019inventaire vous sera remise \u00e0 votre arriv\u00e9e. Signalez toute anomalie le jour m\u00eame.<\/li>\n<\/ul>\n<h3>Le jour du d\u00e9part<\/h3>\n<ul>\n<li>Un \u00e9tat des lieux de votre location sera fait le jour de votre d\u00e9part. Une prise de rendez-vous doit \u00eatre faite la veille du d\u00e9part. Les d\u00e9parts se font entre <strong>8h et 10h<\/strong>.<\/li>\n<li>Les frais de remise en \u00e9tat, le mat\u00e9riel manquant ou d\u00e9t\u00e9rior\u00e9, seront factur\u00e9s. Si l\u2019h\u00e9bergement n\u2019est pas laiss\u00e9 en parfait \u00e9tat de propret\u00e9, 100\u20ac de frais de nettoyage vous seront factur\u00e9s.<\/li>\n<li>La caution vous sera restitu\u00e9e apr\u00e8s l\u2019\u00e9tat des lieux, sous r\u00e9serve de remise du mat\u00e9riel en bon \u00e9tat.<\/li>\n<li>Pour tout d\u00e9part retard\u00e9, une journ\u00e9e suppl\u00e9mentaire pourra vous \u00eatre factur\u00e9e.<\/li>\n<\/ul>\n<h2>6. Retard<\/h2>\n<p>Toute location \/ tout emplacement doit \u00eatre occup\u00e9 avant <strong>20h<\/strong> le jour de votre arriv\u00e9e. En l\u2019absence de message justifiant un retard, la location \/ l\u2019emplacement devient disponible 24h apr\u00e8s la date initialement pr\u00e9vue, apr\u00e8s notification \u00e9crite. Toute arriv\u00e9e tardive doit \u00eatre signal\u00e9e par mail ou SMS au num\u00e9ro du camping.<\/p>\n<h2>7. Modification de r\u00e9servation<\/h2>\n<p>La possibilit\u00e9 de modification d\u00e9pend du tarif choisi. Le <strong>tarif Non Flex<\/strong> ne permet pas de modification.<\/p>\n<p>Avec le <strong>tarif Flex<\/strong>, des modifications peuvent \u00eatre effectu\u00e9es sans frais jusqu\u2019\u00e0 8 jours avant l\u2019arriv\u00e9e, sous r\u00e9serve de disponibilit\u00e9s. Aucune modification ne sera accept\u00e9e sur la saison suivante.<\/p>\n<ul>\n<li>Toute demande d\u2019augmentation de la dur\u00e9e du s\u00e9jour sera r\u00e9alis\u00e9e selon disponibilit\u00e9s et tarifs en vigueur.<\/li>\n<li>Toute demande de diminution de la dur\u00e9e du s\u00e9jour est consid\u00e9r\u00e9e comme une annulation partielle et sera soumise aux modalit\u00e9s d\u2019annulation.<\/li>\n<\/ul>\n<h2>8. Annulation, interruption de s\u00e9jour et prestations non utilis\u00e9es<\/h2>\n<h3>1. Prestations non utilis\u00e9es<\/h3>\n<p>En cas de s\u00e9jour interrompu ou abr\u00e9g\u00e9 pour certaines raisons (fermeture des fronti\u00e8res, fermeture administrative du camping, limitation des d\u00e9placements), un bon \u00e0 valoir d\u2019un montant correspondant aux nuits non consomm\u00e9es sera \u00e9mis, valable deux ans. En cas de refus de ce bon, le client sera rembours\u00e9 sur demande.<\/p>\n<h3>2. Annulation du fait du camping Seasonova<\/h3>\n<p>En cas d\u2019annulation du fait du camping, sauf en cas de force majeure, les sommes vers\u00e9es seront totalement rembours\u00e9es. Cette annulation ne pourra donner lieu au versement de dommages et int\u00e9r\u00eats.<\/p>\n<h3>3. Annulation du fait du campeur<\/h3>\n<p>Toute demande d\u2019annulation doit \u00eatre communiqu\u00e9e par courrier ou e-mail. Les annulations par t\u00e9l\u00e9phone ne seront pas prises en compte.<\/p>\n<div class=\"indent\">\n<h4>a. En cas d\u2019annulation avec le <strong>tarif Non Flex<\/strong> :<\/h4>\n<p>Les sommes vers\u00e9es seront conserv\u00e9es par le camping.<\/p>\n<h4>b. En cas d\u2019annulation avec le <strong>tarif Flex<\/strong> :<\/h4>\n<ul>\n<li><strong>Jusqu\u2019\u00e0 8 jours (inclus) avant la date de d\u00e9but de s\u00e9jour :<\/strong> un bon \u00e0 valoir du montant de l\u2019acompte (30% du montant de la r\u00e9servation) sera \u00e9mis, valable sur un s\u00e9jour jusqu\u2019au 30 juin de la saison suivante, dans tous les campings Seasonova. Toute autre somme vers\u00e9e sera rembours\u00e9e dans un d\u00e9lai de 3 mois.<\/li>\n<li><strong>\u00c0 partir de 7 jours (inclus) avant le d\u00e9but du s\u00e9jour :<\/strong> un justificatif sera demand\u00e9. Un bon \u00e0 valoir du montant total de la r\u00e9servation sera \u00e9mis, valable pour un s\u00e9jour jusqu\u2019au 30 juin de la saison suivante, dans tous les campings Seasonova.<\/li>\n<li>Interruption de s\u00e9jour possible sur justificatif, remboursement au prorata des nuits pass\u00e9es sous forme d\u2019avoir.<\/li>\n<\/ul>\n<\/div>\n<p>En cas d\u2019annulation, le montant r\u00e9gl\u00e9 en ch\u00e8ques vacances ne peut faire l\u2019objet d\u2019aucun remboursement conform\u00e9ment \u00e0 l\u2019article L.112-14 I. du Code mon\u00e9taire et financier. Si votre r\u00e9servation comporte d\u00e9j\u00e0 un bon \u00e0 valoir d&rsquo;une r\u00e9servation pr\u00e9c\u00e9dente, celui-ci ne pourra pas \u00eatre retransform\u00e9 en bon \u00e0 valoir ni rembours\u00e9.<\/p>\n<p>LES E\u0301V\u00c8NEMENTS GARANTIS EN CAS D\u2019INTERRUPTION DE S\u00c9JOUR : <a href=\"https:\/\/vacances-seasonova.com\/wp-content\/uploads\/2026\/03\/conditions-generales-de-vente-justificatifs-2026.pdf\">cliquez ici\u00a0<\/a><\/p>\n<h2>9. M\u00e9diateur<\/h2>\n<p>En cas de litige, et apr\u00e8s avoir saisi le service \u00ab client \u00bb de l\u2019\u00e9tablissement, tout client peut saisir un m\u00e9diateur de la consommation, dans un d\u00e9lai maximal d\u2019un an \u00e0 compter de la date de la r\u00e9clamation \u00e9crite. Les coordonn\u00e9es du m\u00e9diateur sont :<\/p>\n<p class=\"indent\">SAS M\u00e9diation Solution<br \/>\n222 chemin de la bergerie 01800 Saint Jean de Niost<br \/>\nsite : <a href=\"https:\/\/www.sasmediationsolution-conso.fr\">https:\/\/www.sasmediationsolution-conso.fr<\/a>, email : <a href=\"mailto:contact@sasmediationsolution-conso.fr\">contact@sasmediationsolution-conso.fr<\/a><\/p>\n<h2>10. ANIMAUX<\/h2>\n<p>Les animaux sont accept\u00e9s dans les campings Seasonova (except\u00e9s les chiens de 1\u00e8re et 2\u00e8me cat\u00e9gorie et dans certaines locations) moyennant une redevance payable lors de votre r\u00e9servation. Ils doivent \u00eatre tenus en laisse et sont interdits aux abords des piscines, dans les sanitaires, les commerces alimentaires et les b\u00e2timents. Le carnet de vaccination doit \u00eatre \u00e0 jour.<\/p>\n<p>Pour acc\u00e9der \u00e0 nos conditions g\u00e9n\u00e9rales de ventes compl\u00e8tes, cliquez <a href=\"https:\/\/vacances-seasonova.com\/wp-content\/uploads\/2026\/02\/conditions-generales-de-vente-2025.docx\">ici<\/a><\/p>","protected":false},"excerpt":{"rendered":"<p>CHAMP D\u2019APPLICATION DES CONDITIONS G\u00c9N\u00c9RALES DE VENTE Les pr\u00e9sentes conditions g\u00e9n\u00e9rales r\u00e9gissent de plein droit toutes les ventes de s\u00e9jours r\u00e9alis\u00e9es sur le site www.vacances-seasonova.com. Elles font partie [&#8230;]<\/p>\n","protected":false},"author":3,"featured_media":52,"parent":0,"menu_order":0,"comment_status":"closed","ping_status":"closed","template":"page.php","meta":[],"yoast_head":"<!-- This site is optimized with the Yoast SEO plugin v18.1 - https:\/\/yoast.com\/wordpress\/plugins\/seo\/ -->\n<meta name=\"robots\" content=\"index, follow, max-snippet:-1, max-image-preview:large, max-video-preview:-1\" \/>\n<link rel=\"canonical\" href=\"https:\/\/vacances-seasonova.com\/fr\/conditions-generales-de-vente\/\" \/>\n<meta property=\"og:locale\" content=\"fr_FR\" \/>\n<meta property=\"og:type\" content=\"article\" \/>\n<meta property=\"og:title\" content=\"Conditions g\u00e9n\u00e9rales de vente - Seasonova | Campings Normandie, Bretagne, Pays de La Loire et Alsace\" \/>\n<meta property=\"og:description\" content=\"CHAMP D\u2019APPLICATION DES CONDITIONS G\u00c9N\u00c9RALES DE VENTE Les pr\u00e9sentes conditions g\u00e9n\u00e9rales r\u00e9gissent de plein droit toutes les ventes de s\u00e9jours r\u00e9alis\u00e9es sur le site www.vacances-seasonova.com. Elles font partie [...]\" \/>\n<meta property=\"og:url\" content=\"https:\/\/vacances-seasonova.com\/fr\/conditions-generales-de-vente\/\" \/>\n<meta property=\"og:site_name\" content=\"Seasonova | Campings Normandie, Bretagne, Pays de La Loire et Alsace\" \/>\n<meta property=\"article:modified_time\" content=\"2026-03-02T09:28:40+00:00\" \/>\n<meta property=\"og:image\" content=\"https:\/\/vacances-seasonova.com\/wp-content\/uploads\/2016\/09\/bg-esprit-seasonova.jpg\" \/>\n\t<meta property=\"og:image:width\" content=\"1480\" \/>\n\t<meta property=\"og:image:height\" content=\"450\" \/>\n\t<meta property=\"og:image:type\" content=\"image\/jpeg\" \/>\n<meta name=\"twitter:card\" content=\"summary\" \/>\n<meta name=\"twitter:label1\" content=\"Dur\u00e9e de lecture estim\u00e9e\" \/>\n\t<meta name=\"twitter:data1\" content=\"13 minutes\" \/>\n<script type=\"application\/ld+json\" class=\"yoast-schema-graph\">{\"@context\":\"https:\/\/schema.org\",\"@graph\":[{\"@type\":\"WebSite\",\"@id\":\"https:\/\/vacances-seasonova.com\/fr\/#website\",\"url\":\"https:\/\/vacances-seasonova.com\/fr\/\",\"name\":\"Seasonova | Campings Normandie, Bretagne, Pays de La Loire et Alsace\",\"description\":\"\",\"potentialAction\":[{\"@type\":\"SearchAction\",\"target\":{\"@type\":\"EntryPoint\",\"urlTemplate\":\"https:\/\/vacances-seasonova.com\/fr\/?s={search_term_string}\"},\"query-input\":\"required name=search_term_string\"}],\"inLanguage\":\"fr-FR\"},{\"@type\":\"ImageObject\",\"@id\":\"https:\/\/vacances-seasonova.com\/fr\/conditions-generales-de-vente\/#primaryimage\",\"inLanguage\":\"fr-FR\",\"url\":\"https:\/\/vacances-seasonova.com\/wp-content\/uploads\/2016\/09\/bg-esprit-seasonova.jpg\",\"contentUrl\":\"https:\/\/vacances-seasonova.com\/wp-content\/uploads\/2016\/09\/bg-esprit-seasonova.jpg\",\"width\":1480,\"height\":450,\"caption\":\"FAQ camping nature Seasonova\"},{\"@type\":\"WebPage\",\"@id\":\"https:\/\/vacances-seasonova.com\/fr\/conditions-generales-de-vente\/#webpage\",\"url\":\"https:\/\/vacances-seasonova.com\/fr\/conditions-generales-de-vente\/\",\"name\":\"Conditions g\u00e9n\u00e9rales de vente - Seasonova | Campings Normandie, Bretagne, Pays de La Loire et Alsace\",\"isPartOf\":{\"@id\":\"https:\/\/vacances-seasonova.com\/fr\/#website\"},\"primaryImageOfPage\":{\"@id\":\"https:\/\/vacances-seasonova.com\/fr\/conditions-generales-de-vente\/#primaryimage\"},\"datePublished\":\"2016-09-20T13:41:05+00:00\",\"dateModified\":\"2026-03-02T09:28:40+00:00\",\"breadcrumb\":{\"@id\":\"https:\/\/vacances-seasonova.com\/fr\/conditions-generales-de-vente\/#breadcrumb\"},\"inLanguage\":\"fr-FR\",\"potentialAction\":[{\"@type\":\"ReadAction\",\"target\":[\"https:\/\/vacances-seasonova.com\/fr\/conditions-generales-de-vente\/\"]}]},{\"@type\":\"BreadcrumbList\",\"@id\":\"https:\/\/vacances-seasonova.com\/fr\/conditions-generales-de-vente\/#breadcrumb\",\"itemListElement\":[{\"@type\":\"ListItem\",\"position\":1,\"name\":\"Accueil\",\"item\":\"https:\/\/vacances-seasonova.com\/nl\/\"},{\"@type\":\"ListItem\",\"position\":2,\"name\":\"Conditions g\u00e9n\u00e9rales de vente\"}]}]}<\/script>\n<!-- \/ Yoast SEO plugin. -->","yoast_head_json":{"robots":{"index":"index","follow":"follow","max-snippet":"max-snippet:-1","max-image-preview":"max-image-preview:large","max-video-preview":"max-video-preview:-1"},"canonical":"https:\/\/vacances-seasonova.com\/fr\/conditions-generales-de-vente\/","og_locale":"fr_FR","og_type":"article","og_title":"Conditions g\u00e9n\u00e9rales de vente - Seasonova | Campings Normandie, Bretagne, Pays de La Loire et Alsace","og_description":"CHAMP D\u2019APPLICATION DES CONDITIONS G\u00c9N\u00c9RALES DE VENTE Les pr\u00e9sentes conditions g\u00e9n\u00e9rales r\u00e9gissent de plein droit toutes les ventes de s\u00e9jours r\u00e9alis\u00e9es sur le site www.vacances-seasonova.com. Elles font partie [...]","og_url":"https:\/\/vacances-seasonova.com\/fr\/conditions-generales-de-vente\/","og_site_name":"Seasonova | Campings Normandie, Bretagne, Pays de La Loire et Alsace","article_modified_time":"2026-03-02T09:28:40+00:00","og_image":[{"width":1480,"height":450,"url":"https:\/\/vacances-seasonova.com\/wp-content\/uploads\/2016\/09\/bg-esprit-seasonova.jpg","type":"image\/jpeg"}],"twitter_card":"summary","twitter_misc":{"Dur\u00e9e de lecture estim\u00e9e":"13 minutes"},"schema":{"@context":"https:\/\/schema.org","@graph":[{"@type":"WebSite","@id":"https:\/\/vacances-seasonova.com\/fr\/#website","url":"https:\/\/vacances-seasonova.com\/fr\/","name":"Seasonova | Campings Normandie, Bretagne, Pays de La Loire et Alsace","description":"","potentialAction":[{"@type":"SearchAction","target":{"@type":"EntryPoint","urlTemplate":"https:\/\/vacances-seasonova.com\/fr\/?s={search_term_string}"},"query-input":"required name=search_term_string"}],"inLanguage":"fr-FR"},{"@type":"ImageObject","@id":"https:\/\/vacances-seasonova.com\/fr\/conditions-generales-de-vente\/#primaryimage","inLanguage":"fr-FR","url":"https:\/\/vacances-seasonova.com\/wp-content\/uploads\/2016\/09\/bg-esprit-seasonova.jpg","contentUrl":"https:\/\/vacances-seasonova.com\/wp-content\/uploads\/2016\/09\/bg-esprit-seasonova.jpg","width":1480,"height":450,"caption":"FAQ camping nature Seasonova"},{"@type":"WebPage","@id":"https:\/\/vacances-seasonova.com\/fr\/conditions-generales-de-vente\/#webpage","url":"https:\/\/vacances-seasonova.com\/fr\/conditions-generales-de-vente\/","name":"Conditions g\u00e9n\u00e9rales de vente - Seasonova | Campings Normandie, Bretagne, Pays de La Loire et Alsace","isPartOf":{"@id":"https:\/\/vacances-seasonova.com\/fr\/#website"},"primaryImageOfPage":{"@id":"https:\/\/vacances-seasonova.com\/fr\/conditions-generales-de-vente\/#primaryimage"},"datePublished":"2016-09-20T13:41:05+00:00","dateModified":"2026-03-02T09:28:40+00:00","breadcrumb":{"@id":"https:\/\/vacances-seasonova.com\/fr\/conditions-generales-de-vente\/#breadcrumb"},"inLanguage":"fr-FR","potentialAction":[{"@type":"ReadAction","target":["https:\/\/vacances-seasonova.com\/fr\/conditions-generales-de-vente\/"]}]},{"@type":"BreadcrumbList","@id":"https:\/\/vacances-seasonova.com\/fr\/conditions-generales-de-vente\/#breadcrumb","itemListElement":[{"@type":"ListItem","position":1,"name":"Accueil","item":"https:\/\/vacances-seasonova.com\/nl\/"},{"@type":"ListItem","position":2,"name":"Conditions g\u00e9n\u00e9rales de vente"}]}]}},"_links":{"self":[{"href":"https:\/\/vacances-seasonova.com\/fr\/wp-json\/wp\/v2\/pages\/172"}],"collection":[{"href":"https:\/\/vacances-seasonova.com\/fr\/wp-json\/wp\/v2\/pages"}],"about":[{"href":"https:\/\/vacances-seasonova.com\/fr\/wp-json\/wp\/v2\/types\/page"}],"author":[{"embeddable":true,"href":"https:\/\/vacances-seasonova.com\/fr\/wp-json\/wp\/v2\/users\/3"}],"replies":[{"embeddable":true,"href":"https:\/\/vacances-seasonova.com\/fr\/wp-json\/wp\/v2\/comments?post=172"}],"version-history":[{"count":66,"href":"https:\/\/vacances-seasonova.com\/fr\/wp-json\/wp\/v2\/pages\/172\/revisions"}],"predecessor-version":[{"id":56016,"href":"https:\/\/vacances-seasonova.com\/fr\/wp-json\/wp\/v2\/pages\/172\/revisions\/56016"}],"wp:featuredmedia":[{"embeddable":true,"href":"https:\/\/vacances-seasonova.com\/fr\/wp-json\/wp\/v2\/media\/52"}],"wp:attachment":[{"href":"https:\/\/vacances-seasonova.com\/fr\/wp-json\/wp\/v2\/media?parent=172"}],"curies":[{"name":"wp","href":"https:\/\/api.w.org\/{rel}","templated":true}]}}