    {"id":17247,"date":"2021-04-14T15:08:52","date_gmt":"2021-04-14T13:08:52","guid":{"rendered":"https:\/\/vacances-seasonova.com\/fr\/?page_id=17247"},"modified":"2025-08-28T15:00:02","modified_gmt":"2025-08-28T13:00:02","slug":"sejours-slow-life","status":"publish","type":"page","link":"https:\/\/vacances-seasonova.com\/fr\/sejours\/","title":{"rendered":"Slow Life Stays"},"content":{"rendered":"<p><\/p>\n<h3 style=\"text-align: center;\">Une escapade au plus proche de la nature<\/h3>\n<p style=\"text-align: center;\">Chez <b>Seasonova<\/b> on aime vous g\u00e2ter, c&rsquo;est pourquoi nous vous proposons des <b>s\u00e9jours<\/b> cl\u00e9 en main. Ces packages ont \u00e9t\u00e9 concoct\u00e9s par nos \u00e9quipes passionn\u00e9es et vous permettront de vivre de r\u00e9elles <b>exp\u00e9riences<\/b>. Quelles que soient vos envies, vous y trouverez votre bonheur.<\/p>\n<div class=\"row\">\n<div class=\"col-xs-12 col-md-4\">\n<p><a title=\"Aller sur le site\" href=\"https:\/\/vacances-seasonova.com\/fr\/camping\/les-plages-de-loire\/\" target=\"_blank\" rel=\"noopener\"> <img loading=\"lazy\" class=\"size-medium wp-image-17191\" src=\"https:\/\/vacances-seasonova.com\/wp-content\/uploads\/2022\/12\/coffret-cadeau_sejours-slow-life_livret-v1-1-33.png\" alt=\"yoga\" width=\"300\" height=\"257\" \/><\/a><\/p>\n<h2>Pays de la Loire<\/h2>\n<p><em>Nous vous proposons une pause magique, le temps d\u2019un s\u00e9jour. Dans notre camping Les Plages de Loire, vous profiterez d\u2019une nuit en ecolodge sur pilotis et d&rsquo;une activit\u00e9 de cano\u00eb dont vous vous souviendrez sans aucun doute.<a href=\"https:\/\/bookingpremium.secureholiday.net\/FR\/10545\/search\/product-view\/107960?_ga=2.160419389.1426467962.1618220747-3777443.1518533125\"> R\u00e9server<\/a><\/em><\/p>\n<\/div>\n<div class=\"col-xs-12 col-md-4\">\n<p><a title=\"Aller sur le site\" href=\"https:\/\/vacances-seasonova.com\/fr\/camping\/le-point-du-jour\/\" target=\"_blank\" rel=\"noopener\"><img loading=\"lazy\" class=\"size-medium wp-image-17194\" src=\"https:\/\/vacances-seasonova.com\/wp-content\/uploads\/2022\/12\/coffret-cadeau_sejours-le-point-slow-life_livret-v1-1-05.png\" alt=\"caravane\" width=\"300\" height=\"257\" \/> <\/a><\/p>\n<h2>Normandie<\/h2>\n<p><i>Notre camping Le Point du Jour situ\u00e9 \u00e0 Merville-Franceville-Plage dans le\u00a0calvados est l&rsquo;endroit id\u00e9al pour une parenth\u00e8se de bonheur. En plus de l&rsquo;acc\u00e8s\u00a0direct \u00e0 la plage, vous dormirez dans un bivouac, pourrez vous promener sur la c\u00f4te avec nos\u00a0beach cruisers et passerez la soir\u00e9e avec un kit feu de camp ! <a href=\"https:\/\/bookingpremium.secureholiday.net\/FR\/3724\/search\/product-view\/107956?_ga=2.96987807.1426467962.1618220747-3777443.1518533125\">R\u00e9server<\/a><\/i><\/p>\n<\/div>\n<div class=\"col-xs-12 col-md-4\">\n<p><a title=\"Aller sur le site\" href=\"https:\/\/vacances-seasonova.com\/fr\/camping\/le-camping-haliotis\/\" target=\"_blank\" rel=\"noopener\"><img loading=\"lazy\" class=\"size-medium wp-image-17189\" src=\"https:\/\/vacances-seasonova.com\/wp-content\/uploads\/2022\/12\/coffret-cadeau_sejours-slow-life_livret-v1-1-09.png\" alt=\"fromage\" width=\"300\" height=\"257\" \/><\/a><\/p>\n<h2>Normandie<\/h2>\n<p><em> Une exp\u00e9rience 100% Slow Life vous attend dans votre camping Haliotis. Profitez d&rsquo;un s\u00e9jour relaxant en Coco sweet et savourez des instants pr\u00e9cieux dans la belle r\u00e9gion de Normandie. Notre camping Haliotis situ\u00e9 \u00e0 c\u00f4t\u00e9 du Mont-Saint-Michel vous propose de d\u00e9couvrir les si\u00e8cles d&rsquo;Histoire..Cliquez sur<br \/>\n<a href=\"https:\/\/bookingpremium.secureholiday.net\/group\/fr\/22\/search\/estab-view\/626\/products?_ga=2.177515360.438310191.1645693461-895309823.1645693461&amp;showMap=true\">R\u00e9server<\/a> pour en savoir plus ! <\/em><\/p>\n<\/div>\n<\/div>\n<div class=\"row\">\n<div class=\"col-xs-12 col-md-4\">\n<p><a title=\"Aller sur le site\" href=\"https:\/\/vacances-seasonova.com\/fr\/camping\/les-mouettes\/\" target=\"_blank\" rel=\"noopener\"><img loading=\"lazy\" class=\"size-medium wp-image-17191\" src=\"https:\/\/vacances-seasonova.com\/wp-content\/uploads\/2022\/12\/coffret-cadeau_sejours-slow-life_livret-v1-1-15.png\" alt=\"yoga\" width=\"300\" height=\"257\" \/><\/a><\/p>\n<h2>Normandie<\/h2>\n<p><i>Un bivouac \u00e0 deux pas de la mer, une soir\u00e9e aupr\u00e8s du feu et le petit d\u00e9jeuner le\u00a0lendemain, que demander de plus ? Notre camping Les Mouettes de Veules-les-roses n&rsquo;attend que vous ! <a href=\"https:\/\/bookingpremium.secureholiday.net\/FR\/4606\/search\/product-view\/107957?_ga=2.268807793.1426467962.1618220747-3777443.1518533125\">R\u00e9server<\/a><\/i><\/p>\n<\/div>\n<div class=\"col-xs-12 col-md-4\">\n<p><a title=\"Aller sur le site\" href=\"https:\/\/vacances-seasonova.com\/fr\/camping\/camping-seasonova-de-la-foret\/\" target=\"_blank\" rel=\"noopener\"><img loading=\"lazy\" class=\"size-medium wp-image-17191\" src=\"https:\/\/vacances-seasonova.com\/wp-content\/uploads\/2022\/12\/coffret-cadeau_sejours-slow-life_livret-v1-1-29.png\" alt=\"yoga\" width=\"300\" height=\"257\" \/><\/a><\/p>\n<h2>Sarthe<\/h2>\n<p><em>\u00ab\u00a0Laissez-vous bercer par l&rsquo;esprit nomade de nos Bivouac et passez un s\u00e9jour tout en douceur au c\u0153ur de La For\u00eat. Reconnectez, Respirez&#8230;\u00a0\u00bb <a href=\"https:\/\/bookingpremium.secureholiday.net\/FR\/4313\/search\/product-view\/107954?_ga=2.96987807.1426467962.1618220747-3777443.1518533125\">R\u00e9server<\/a><\/em><\/p>\n<\/div>\n<div class=\"col-xs-12 col-md-4\">\n<p><a title=\"Aller sur le site\" href=\"https:\/\/vacances-seasonova.com\/fr\/camping\/ile-de-re\/\" target=\"_blank\" rel=\"noopener\"><img loading=\"lazy\" class=\"size-medium wp-image-17194\" src=\"https:\/\/vacances-seasonova.com\/wp-content\/uploads\/2022\/12\/coffret-cadeau_sejours-slow-life_livret-v1-1-31.png\" alt=\"caravane\" width=\"300\" height=\"257\" \/><\/a><\/p>\n<h2>Ile de R\u00e9<\/h2>\n<p><i>La beaut\u00e9 de l\u2019ile de r\u00e9 sans son effervescence estivale \u00e7a se trouve aux portes en R\u00e9 et plus particuli\u00e8rement dans notre camping seasonova. Vous aurez l\u2019occasion de vous d\u00e9tendre dans une cabane tout confort mais \u00e9galement de profiter de ce cadre magnifique pour vous promener en v\u00e9lo. Un panier gourmand vous attend ! <a href=\"https:\/\/bookingpremium.secureholiday.net\/FR\/15619\/search\/product-view\/107963?_ga=2.21781819.1426467962.1618220747-3777443.1518533125\">R\u00e9server<\/a><\/i><\/p>\n<\/div>\n<\/div>\n<div class=\"row\">\n<h2 style=\"text-align: center;\"><\/h2>\n<div class=\"col-xs-12 col-md-4\">\n<p><a title=\"Aller sur le site\" href=\"https:\/\/vacances-seasonova.com\/fr\/camping\/etennemare\/\" target=\"_blank\" rel=\"noopener\"><img loading=\"lazy\" class=\"size-medium wp-image-17191\" src=\"https:\/\/vacances-seasonova.com\/wp-content\/uploads\/2022\/12\/coffret-cadeau_sejours-slow-life_livret-v1-1-11.png\" alt=\"yoga\" width=\"300\" height=\"257\" \/><\/a><\/p>\n<h2>Normandie<\/h2>\n<p><em>Vous tomberez \u00e0 coup s\u00fbr sous le charme de nos ch\u00e8vres, et devinez quoi? Vous et vos enfants aurez l\u2019occasion de participer \u00e0 la vie de la mini ferme en prenant part \u00e0 la distribution des repas. Une fois votre mission accomplie, un chalet en bois et toile vous attendra pour vous relaxer. <a href=\"https:\/\/bookingpremium.secureholiday.net\/FR\/13361\/search\/product-view\/101796?_ga=2.30326079.1426467962.1618220747-3777443.1518533125\">R\u00e9server<\/a><\/em><\/p>\n<\/div>\n<div class=\"col-xs-12 col-md-4\">\n<p><a title=\"Aller sur le site\" href=\"https:\/\/vacances-seasonova.com\/fr\/camping\/aquarev\/\" target=\"_blank\" rel=\"noopener\"><img loading=\"lazy\" class=\"size-medium wp-image-17191\" src=\"https:\/\/vacances-seasonova.com\/wp-content\/uploads\/2021\/04\/sejours-sl-ar.png\" alt=\"yoga\" width=\"300\" height=\"257\" \/><\/a><\/p>\n<h2>Bretagne<\/h2>\n<p><i>Notre camping Aquarev n&rsquo;attend que vous ! Et apr\u00e8s une balade en\u00a0Rosalie et la d\u00e9gustation de produits typiquement Bretons, quoi de mieux pour faire de beaux r\u00eaves que nos h\u00e9bergements wood ? <a href=\"https:\/\/bookingpremium.secureholiday.net\/FR\/7631\/search\/product-view\/107946?_ga=2.55347755.1426467962.1618220747-3777443.1518533125\">R\u00e9server<\/a><\/i><\/p>\n<\/div>\n<div class=\"col-xs-12 col-md-4\">\n<p><a title=\"Aller sur le site\" href=\"https:\/\/vacances-seasonova.com\/fr\/camping\/les-portes-dalsace\/\" target=\"_blank\" rel=\"noopener\"><img loading=\"lazy\" class=\"size-medium wp-image-17194\" src=\"https:\/\/vacances-seasonova.com\/wp-content\/uploads\/2022\/12\/coffret-cadeau_sejours-slow-life_livret-v1-1-27.png \" alt=\"caravane\" width=\"300\" height=\"257\" \/><\/a><\/p>\n<h2>Alsace<\/h2>\n<p><em>Notre camping Les Portes d\u2019Alsace, vous propose un s\u00e9jour f\u00e9\u00e9rique, vous pourrez vous reposer dans un bivouac et savourer vos brochettes et bananes flamb\u00e9es directement sur votre campement. L\u2019aventure m\u00e9di\u00e9vale vous attend\u00a0! <a href=\"https:\/\/bookingpremium.secureholiday.net\/FR\/7578\/search\/product-view\/107962?_ga=2.159821501.1426467962.1618220747-3777443.1518533125\">R\u00e9server<\/a><\/em><\/p>\n<\/div>\n<\/div>\n<div class=\"row\">\n<h2 style=\"text-align: center;\"><\/h2>\n<div class=\"col-xs-12 col-md-4\">\n<p><a title=\"Aller sur le site\" href=\"https:\/\/vacances-seasonova.com\/fr\/camping\/les-7-iles\/\" target=\"_blank\" rel=\"noopener\"><img loading=\"lazy\" class=\"size-medium wp-image-17191\" src=\"https:\/\/vacances-seasonova.com\/wp-content\/uploads\/2022\/12\/coffret-cadeau_sejours-slow-life_livret-v1-1-13.png\" alt=\"yoga\" width=\"300\" height=\"257\" \/><\/a><\/p>\n<h2>Bretagne<\/h2>\n<p><em>Quoi de mieux pour se relaxer que de s&rsquo;offrir une exp\u00e9rience en Coco sweet ? Notre camping les 7 iles situ\u00e9 sur la c\u00f4te de granit rose vous proposera \u00e9galement dans ce s\u00e9jour, le repas du chef et le petit d\u00e9jeun\u00e9, le tout au bord de l&rsquo;eau. <a href=\"https:\/\/bookingpremium.secureholiday.net\/FR\/14613\/search\/product-view\/108078?_ga=2.269229425.1053857662.1619424873-129918660.1617798806\">R\u00e9server<\/a><\/em><\/p>\n<\/div>\n<div class=\"col-xs-12 col-md-4\">\n<p><a title=\"Aller sur le site\" href=\"https:\/\/vacances-seasonova.com\/fr\/camping\/oberbronn\/\" target=\"_blank\" rel=\"noopener\"><img loading=\"lazy\" class=\"size-medium wp-image-17194\" src=\"https:\/\/vacances-seasonova.com\/wp-content\/uploads\/2022\/12\/coffret-cadeau_sejours-slow-life_livret-v1-1-25.png\" alt=\"caravane\" width=\"300\" height=\"257\" \/><\/a><\/p>\n<h2>Alsace<\/h2>\n<p><em>Notre camping Les Vosges du Nord, vous propose un s\u00e9jour au plus pr\u00e8s de la nature, vous pourrez vous reposer dans un bivouac nomade en bois et toile et et profiter d&rsquo;un cadre \u00e9poustouflant. Cliquez sur <a href=\"https:\/\/bookingpremium.secureholiday.net\/FR\/6526\/search\/product-view\/107506?_ga=2.269229425.1053857662.1619424873-129918660.1617798806\">R\u00e9server<\/a> pour en savoir plus ! <\/em><\/p>\n<\/div>\n<div class=\"col-xs-12 col-md-4\">\n<p><a title=\"Aller sur le site\" href=\"https:\/\/vacances-seasonova.com\/fr\/camping\/vesoul\/\" target=\"_blank\" rel=\"noopener\"><img loading=\"lazy\" class=\"size-medium wp-image-17194\" src=\"https:\/\/vacances-seasonova.com\/wp-content\/uploads\/2022\/12\/coffret-cadeau_sejours-slow-life_livret-v1-1-23.png\" alt=\"caravane\" width=\"300\" height=\"257\" \/><\/a><\/p>\n<h2>Franche-Comt\u00e9<\/h2>\n<p><em> Avez-vous d\u00e9j\u00e0 r\u00eav\u00e9 de dormir dans un bivouac tout en profitant d&rsquo;un point d&rsquo;eau idyllique ? N&rsquo;attendez plus et profitez du cr\u00e9pitement d&rsquo;un feu de camp et savourez un d\u00e9licieux petit-d\u00e9jeuner le lendemain. Un s\u00e9jour unique et des souvenirs grav\u00e9s \u00e0 jamais vous attendent au camping de Vesoul. Cliquez sur <a href=\"https:\/\/bookingpremium.secureholiday.net\/FR\/4881\/?tduid=9e66bbbb2ffef256805d24b6ab980639&amp;_ga=2.147146930.466837088.1638785255-1088732039.1508769439\">R\u00e9server<\/a> pour en savoir plus ! <\/em><\/p>\n<\/div>\n<div class=\"row\">\n<div class=\"col-xs-12 col-md-4\">\n<p><a title=\"Aller sur le site\" href=\"https:\/\/vacances-seasonova.com\/fr\/camping\/vittel\/\" target=\"_blank\" rel=\"noopener\"><img loading=\"lazy\" class=\"size-medium wp-image-17191\" src=\"https:\/\/vacances-seasonova.com\/wp-content\/uploads\/2022\/12\/coffret-cadeau_sejours-slow-life_livret-v1-1-21.png\" alt=\"yoga\" width=\"300\" height=\"257\" \/><\/a><\/p>\n<h2>Vosges<\/h2>\n<p><em>Un moment inoubliable vous attend au camping de Vittel ! Au programme, d\u00e9couverte d&rsquo;un h\u00e9bergement insolite, d&rsquo;un doux feu de camp accompagn\u00e9 d&rsquo;un ciel \u00e9toil\u00e9 et d&rsquo;un petit-d\u00e9jeuner au r\u00e9veil. Quoi de mieux pour passer un s\u00e9jour de r\u00eave ?<a href=\"https:\/\/bookingpremium.secureholiday.net\/FR\/3313\/?tduid=9e66bbbb2ffef256805d24b6ab980639&amp;_ga=2.189153454.466837088.1638785255-1088732039.1508769439\"> R\u00e9server<\/a><\/em><\/p>\n<\/div>\n<div class=\"col-xs-12 col-md-4\">\n<p><a title=\"Aller sur le site\" href=\"https:\/\/vacances-seasonova.com\/fr\/camping\/etang-de-la-vallee\/\" target=\"_blank\" rel=\"noopener\"><img loading=\"lazy\" class=\"size-medium wp-image-17189\" src=\"https:\/\/vacances-seasonova.com\/wp-content\/uploads\/2022\/12\/coffret-cadeau_sejours-slow-life_livret-v1-1-19.png\" alt=\"fromage\" width=\"300\" height=\"257\" \/><\/a><\/p>\n<h2>Centre-Val de Loire<\/h2>\n<p><em> Le camping l&rsquo;Etang de la Vall\u00e9e vous propose de vous relaxer et de profiter d&rsquo;un s\u00e9jour inoubliable. Profitez d&rsquo;une journ\u00e9e de d\u00e9tente puis admirez les \u00e9toiles aupr\u00e8s d&rsquo;un feu. Un petit-d\u00e9jeuner accompagnera votre r\u00e9veil dans la douceur et le calme. Alors n&rsquo;attendez plus et venez nous rendre visite au camping l&rsquo;Etang de la Vall\u00e9e .Cliquez sur <a href=\"https:\/\/bookingpremium.secureholiday.net\/FR\/4932\/?tduid=9e66bbbb2ffef256805d24b6ab980639&amp;_ga=2.210215824.466837088.1638785255-1088732039.1508769439\">R\u00e9server<\/a> pour en savoir plus ! <\/em><\/p>\n<\/div>\n<div class=\"col-xs-12 col-md-4\">\n<p><a title=\"Aller sur le site\" href=\"https:\/\/vacances-seasonova.com\/fr\/camping\/letang-des-bois\/\" target=\"_blank\" rel=\"noopener\"><img loading=\"lazy\" class=\"size-medium wp-image-17189\" src=\"https:\/\/vacances-seasonova.com\/wp-content\/uploads\/2022\/12\/coffret-cadeau_sejours-slow-life_livret-v1-1-17.png\" alt=\"fromage\" width=\"300\" height=\"257\" \/><\/a><\/p>\n<h2>Centre-Val de Loire<\/h2>\n<p><em> Vivez une exp\u00e9rience unique dans le Centre-Val de Loire au sein de notre camping de l\u2019\u00c9tang des Bois. En plus d\u2019un acc\u00e8s \u00e0 la rivi\u00e8re, le camping se situe au c\u0153ur de la for\u00eat d\u2019Orl\u00e9ans. Vous pourrez profiter d\u2019activit\u00e9s terrestres et aquatiques dans un cadre idyllique.Cliquez sur <a href=\"https:\/\/bookingpremium.secureholiday.net\/FR\/10574\/?_ga=2.15562421.2014528886.1650271939-1728210860.1650271939\">R\u00e9server<\/a> pour en savoir plus ! <\/em><\/p>\n<\/div>\n<\/div>\n<div class=\"row\">\n<div class=\"col-xs-12 col-md-4\">\n<p><a title=\"Aller sur le site\" href=\"https:\/\/vacances-seasonova.com\/fr\/camping\/le-saint-michel\/\" target=\"_blank\" rel=\"noopener\"><img loading=\"lazy\" class=\"size-medium wp-image-17191\" src=\"https:\/\/vacances-seasonova.com\/wp-content\/uploads\/2022\/12\/coffret-cadeau_sejours-slow-life_livret-v1-1-07.png\" width=\"300\" height=\"257\" \/><\/a><\/p>\n<h2>Normandie<\/h2>\n<p><em>Savourez la beaut\u00e9 du Mont-Saint-Michel au camping Saint-Michel. Vous aurez l\u2019occasion de vous d\u00e9tendre dans une Coco sweet et de profiter d&rsquo;un cadre magnifique pour vous promener aux alentours. <a href=\"https:\/\/bookingpremium.secureholiday.net\/group\/fr\/22\/search\/estab-view\/2227\/products?_ga=2.120252237.438310191.1645693461-895309823.1645693461&amp;showMap=true\"> R\u00e9server<\/a><\/em><\/p>\n<\/div>\n<div class=\"col-xs-12 col-md-4\">\n<p>&nbsp;<\/p>\n<\/div>\n<\/div>\n<\/div>\n<p><\/p>","protected":false},"excerpt":{"rendered":"<p>Une escapade au plus proche de la nature Chez Seasonova on aime vous g\u00e2ter, c&rsquo;est pourquoi nous vous proposons des s\u00e9jours cl\u00e9 en main. Ces packages ont \u00e9t\u00e9 concoct\u00e9s par nos \u00e9quipes passionn\u00e9es et vous [&#8230;]<\/p>\n","protected":false},"author":2,"featured_media":17326,"parent":0,"menu_order":3,"comment_status":"closed","ping_status":"closed","template":"","meta":[],"yoast_head":"<!-- This site is optimized with the Yoast SEO plugin v18.1 - https:\/\/yoast.com\/wordpress\/plugins\/seo\/ -->\n<meta name=\"robots\" content=\"index, follow, max-snippet:-1, max-image-preview:large, max-video-preview:-1\" \/>\n<link rel=\"canonical\" href=\"https:\/\/vacances-seasonova.com\/fr\/sejours\/\" \/>\n<meta property=\"og:locale\" content=\"fr_FR\" \/>\n<meta property=\"og:type\" content=\"article\" \/>\n<meta property=\"og:title\" content=\"S\u00e9jours Slow Life - Seasonova | Campings Normandie, Bretagne, Pays de La Loire et Alsace\" \/>\n<meta property=\"og:description\" content=\"Une escapade au plus proche de la nature Chez Seasonova on aime vous g\u00e2ter, c&rsquo;est pourquoi nous vous proposons des s\u00e9jours cl\u00e9 en main. Ces packages ont \u00e9t\u00e9 concoct\u00e9s par nos \u00e9quipes passionn\u00e9es et vous [...]\" \/>\n<meta property=\"og:url\" content=\"https:\/\/vacances-seasonova.com\/nl\/sejours\/\" \/>\n<meta property=\"og:site_name\" content=\"Seasonova | Campings Normandie, Bretagne, Pays de La Loire et Alsace\" \/>\n<meta property=\"article:modified_time\" content=\"2025-08-28T13:00:02+00:00\" \/>\n<meta property=\"og:image\" content=\"https:\/\/vacances-seasonova.com\/wp-content\/uploads\/2020\/03\/feu-seasonova-675x450.jpeg\" \/>\n\t<meta property=\"og:image:width\" content=\"675\" \/>\n\t<meta property=\"og:image:height\" content=\"450\" \/>\n\t<meta property=\"og:image:type\" content=\"image\/jpeg\" \/>\n<meta name=\"twitter:card\" content=\"summary\" \/>\n<meta name=\"twitter:label1\" content=\"Dur\u00e9e de lecture estim\u00e9e\" \/>\n\t<meta name=\"twitter:data1\" content=\"16 minutes\" \/>\n<script type=\"application\/ld+json\" class=\"yoast-schema-graph\">{\"@context\":\"https:\/\/schema.org\",\"@graph\":[{\"@type\":\"WebSite\",\"@id\":\"https:\/\/vacances-seasonova.com\/fr\/#website\",\"url\":\"https:\/\/vacances-seasonova.com\/fr\/\",\"name\":\"Seasonova | Campings Normandie, Bretagne, Pays de La Loire et Alsace\",\"description\":\"\",\"potentialAction\":[{\"@type\":\"SearchAction\",\"target\":{\"@type\":\"EntryPoint\",\"urlTemplate\":\"https:\/\/vacances-seasonova.com\/fr\/?s={search_term_string}\"},\"query-input\":\"required name=search_term_string\"}],\"inLanguage\":\"fr-FR\"},{\"@type\":\"ImageObject\",\"@id\":\"https:\/\/vacances-seasonova.com\/nl\/sejours\/#primaryimage\",\"inLanguage\":\"fr-FR\",\"url\":\"https:\/\/vacances-seasonova.com\/wp-content\/uploads\/2020\/03\/feu-seasonova.jpeg\",\"contentUrl\":\"https:\/\/vacances-seasonova.com\/wp-content\/uploads\/2020\/03\/feu-seasonova.jpeg\",\"width\":4500,\"height\":3000,\"caption\":\"Feu Seasonova\"},{\"@type\":\"WebPage\",\"@id\":\"https:\/\/vacances-seasonova.com\/nl\/sejours\/#webpage\",\"url\":\"https:\/\/vacances-seasonova.com\/nl\/sejours\/\",\"name\":\"S\u00e9jours Slow Life - Seasonova | Campings Normandie, Bretagne, Pays de La Loire et Alsace\",\"isPartOf\":{\"@id\":\"https:\/\/vacances-seasonova.com\/fr\/#website\"},\"primaryImageOfPage\":{\"@id\":\"https:\/\/vacances-seasonova.com\/nl\/sejours\/#primaryimage\"},\"datePublished\":\"2021-04-14T13:08:52+00:00\",\"dateModified\":\"2025-08-28T13:00:02+00:00\",\"breadcrumb\":{\"@id\":\"https:\/\/vacances-seasonova.com\/nl\/sejours\/#breadcrumb\"},\"inLanguage\":\"fr-FR\",\"potentialAction\":[{\"@type\":\"ReadAction\",\"target\":[\"https:\/\/vacances-seasonova.com\/nl\/sejours\/\"]}]},{\"@type\":\"BreadcrumbList\",\"@id\":\"https:\/\/vacances-seasonova.com\/nl\/sejours\/#breadcrumb\",\"itemListElement\":[{\"@type\":\"ListItem\",\"position\":1,\"name\":\"Accueil\",\"item\":\"https:\/\/vacances-seasonova.com\/nl\/\"},{\"@type\":\"ListItem\",\"position\":2,\"name\":\"Slow Life Stays\"}]}]}<\/script>\n<!-- \/ Yoast SEO plugin. -->","yoast_head_json":{"robots":{"index":"index","follow":"follow","max-snippet":"max-snippet:-1","max-image-preview":"max-image-preview:large","max-video-preview":"max-video-preview:-1"},"canonical":"https:\/\/vacances-seasonova.com\/fr\/sejours\/","og_locale":"fr_FR","og_type":"article","og_title":"S\u00e9jours Slow Life - Seasonova | Campings Normandie, Bretagne, Pays de La Loire et Alsace","og_description":"Une escapade au plus proche de la nature Chez Seasonova on aime vous g\u00e2ter, c&rsquo;est pourquoi nous vous proposons des s\u00e9jours cl\u00e9 en main. Ces packages ont \u00e9t\u00e9 concoct\u00e9s par nos \u00e9quipes passionn\u00e9es et vous [...]","og_url":"https:\/\/vacances-seasonova.com\/nl\/sejours\/","og_site_name":"Seasonova | Campings Normandie, Bretagne, Pays de La Loire et Alsace","article_modified_time":"2025-08-28T13:00:02+00:00","og_image":[{"width":675,"height":450,"url":"https:\/\/vacances-seasonova.com\/wp-content\/uploads\/2020\/03\/feu-seasonova-675x450.jpeg","type":"image\/jpeg"}],"twitter_card":"summary","twitter_misc":{"Dur\u00e9e de lecture estim\u00e9e":"16 minutes"},"schema":{"@context":"https:\/\/schema.org","@graph":[{"@type":"WebSite","@id":"https:\/\/vacances-seasonova.com\/fr\/#website","url":"https:\/\/vacances-seasonova.com\/fr\/","name":"Seasonova | Campings Normandie, Bretagne, Pays de La Loire et Alsace","description":"","potentialAction":[{"@type":"SearchAction","target":{"@type":"EntryPoint","urlTemplate":"https:\/\/vacances-seasonova.com\/fr\/?s={search_term_string}"},"query-input":"required name=search_term_string"}],"inLanguage":"fr-FR"},{"@type":"ImageObject","@id":"https:\/\/vacances-seasonova.com\/nl\/sejours\/#primaryimage","inLanguage":"fr-FR","url":"https:\/\/vacances-seasonova.com\/wp-content\/uploads\/2020\/03\/feu-seasonova.jpeg","contentUrl":"https:\/\/vacances-seasonova.com\/wp-content\/uploads\/2020\/03\/feu-seasonova.jpeg","width":4500,"height":3000,"caption":"Feu Seasonova"},{"@type":"WebPage","@id":"https:\/\/vacances-seasonova.com\/nl\/sejours\/#webpage","url":"https:\/\/vacances-seasonova.com\/nl\/sejours\/","name":"S\u00e9jours Slow Life - Seasonova | Campings Normandie, Bretagne, Pays de La Loire et Alsace","isPartOf":{"@id":"https:\/\/vacances-seasonova.com\/fr\/#website"},"primaryImageOfPage":{"@id":"https:\/\/vacances-seasonova.com\/nl\/sejours\/#primaryimage"},"datePublished":"2021-04-14T13:08:52+00:00","dateModified":"2025-08-28T13:00:02+00:00","breadcrumb":{"@id":"https:\/\/vacances-seasonova.com\/nl\/sejours\/#breadcrumb"},"inLanguage":"fr-FR","potentialAction":[{"@type":"ReadAction","target":["https:\/\/vacances-seasonova.com\/nl\/sejours\/"]}]},{"@type":"BreadcrumbList","@id":"https:\/\/vacances-seasonova.com\/nl\/sejours\/#breadcrumb","itemListElement":[{"@type":"ListItem","position":1,"name":"Accueil","item":"https:\/\/vacances-seasonova.com\/nl\/"},{"@type":"ListItem","position":2,"name":"Slow Life Stays"}]}]}},"_links":{"self":[{"href":"https:\/\/vacances-seasonova.com\/fr\/wp-json\/wp\/v2\/pages\/17247"}],"collection":[{"href":"https:\/\/vacances-seasonova.com\/fr\/wp-json\/wp\/v2\/pages"}],"about":[{"href":"https:\/\/vacances-seasonova.com\/fr\/wp-json\/wp\/v2\/types\/page"}],"author":[{"embeddable":true,"href":"https:\/\/vacances-seasonova.com\/fr\/wp-json\/wp\/v2\/users\/2"}],"replies":[{"embeddable":true,"href":"https:\/\/vacances-seasonova.com\/fr\/wp-json\/wp\/v2\/comments?post=17247"}],"version-history":[{"count":73,"href":"https:\/\/vacances-seasonova.com\/fr\/wp-json\/wp\/v2\/pages\/17247\/revisions"}],"predecessor-version":[{"id":51736,"href":"https:\/\/vacances-seasonova.com\/fr\/wp-json\/wp\/v2\/pages\/17247\/revisions\/51736"}],"wp:featuredmedia":[{"embeddable":true,"href":"https:\/\/vacances-seasonova.com\/fr\/wp-json\/wp\/v2\/media\/17326"}],"wp:attachment":[{"href":"https:\/\/vacances-seasonova.com\/fr\/wp-json\/wp\/v2\/media?parent=17247"}],"curies":[{"name":"wp","href":"https:\/\/api.w.org\/{rel}","templated":true}]}}