    {"id":17319,"date":"2020-03-30T10:50:00","date_gmt":"2020-03-30T08:50:00","guid":{"rendered":"https:\/\/vacances-seasonova.com\/fr\/?page_id=17319"},"modified":"2023-05-12T00:00:00","modified_gmt":"2023-05-11T22:00:00","slug":"camping-slow-life","status":"publish","type":"page","link":"https:\/\/vacances-seasonova.com\/fr\/vacances-en-camping-seasonova\/lexperience-seasonova\/feux-de-camp-et-histoires-contees\/","title":{"rendered":"Nos activit\u00e9s Slow Life"},"content":{"rendered":"<p>Chez\u00a0<strong>Seasonova Camping Slow Life, <\/strong>on aime les choses simples.<\/p>\n<div style=\"text-align: justify;\">\n<ul>\n<li>\n<ul>Une histoire f\u00e9erique racont\u00e9e avec passion aupr\u00e8s d&rsquo;un feu qui cr\u00e9pite pour des moments uniques \u00e0 partager avec ses proches.<\/ul>\n<\/li>\n<li>\n<ul>\n<li style=\"list-style-type: none;\">\n<ul>le doux son d&rsquo;une guitare accompagn\u00e9e par le ciel \u00e9toil\u00e9 et des bananes flamb\u00e9es pour contenter chaque sens.<\/ul>\n<\/li>\n<\/ul>\n<ul>\n<li style=\"list-style-type: none;\">\n<ul>Sur chaque Camping Seasonova, nos Guides Slow agr\u00e9menteront vos vacances et saurons vous conseiller sur les meilleurs balade, les resto et toutes curiosit\u00e9 locale \u00e0 proximit\u00e9 de votre Camping Slow Life<\/ul>\n<\/li>\n<\/ul>\n<\/li>\n<\/ul>\n<p>Apr\u00e8s des vacances dans les <a href=\"https:\/\/vacances-seasonova.com\/fr\/\">C<strong>ampings Seasonova<\/strong><\/a>, ces souvenirs seront bient\u00f4t v\u00f4tre.<\/p>\n<\/div>\n<p><\/p>","protected":false},"excerpt":{"rendered":"<p>Chez\u00a0Seasonova Camping Slow Life, on aime les choses simples. Une histoire f\u00e9erique racont\u00e9e avec passion aupr\u00e8s d&rsquo;un feu qui cr\u00e9pite pour des moments uniques \u00e0 partager avec ses proches. le doux son d&rsquo;une [&#8230;]<\/p>\n","protected":false},"author":2,"featured_media":17326,"parent":16827,"menu_order":0,"comment_status":"closed","ping_status":"closed","template":"","meta":[],"yoast_head":"<!-- This site is optimized with the Yoast SEO plugin v18.1 - https:\/\/yoast.com\/wordpress\/plugins\/seo\/ -->\n<meta name=\"description\" content=\"Choisir un Camping Slow Life Seasonova c&#039;est choisir la Nature, une ambiance Zen et conviviale - RESERVATION: 02 36 81 00 01\" \/>\n<meta name=\"robots\" content=\"index, follow, max-snippet:-1, max-image-preview:large, max-video-preview:-1\" \/>\n<link rel=\"canonical\" href=\"https:\/\/vacances-seasonova.com\/fr\/vacances-en-camping-seasonova\/lexperience-seasonova\/feux-de-camp-et-histoires-contees\/\" \/>\n<meta property=\"og:locale\" content=\"fr_FR\" \/>\n<meta property=\"og:type\" content=\"article\" \/>\n<meta property=\"og:title\" content=\"Les Camping Slow Life SEASONOVA\" \/>\n<meta property=\"og:description\" content=\"Choisir un Camping Slow Life Seasonova c&#039;est choisir la Nature, une ambiance Zen et conviviale - RESERVATION: 02 36 81 00 01\" \/>\n<meta property=\"og:url\" content=\"https:\/\/vacances-seasonova.com\/fr\/vacances-en-camping-seasonova\/lexperience-seasonova\/feux-de-camp-et-histoires-contees\/\" \/>\n<meta property=\"og:site_name\" content=\"Seasonova | Campings Normandie, Bretagne, Pays de La Loire et Alsace\" \/>\n<meta property=\"article:modified_time\" content=\"2023-05-11T22:00:00+00:00\" \/>\n<meta property=\"og:image\" content=\"https:\/\/vacances-seasonova.com\/wp-content\/uploads\/2020\/03\/feu-seasonova-675x450.jpeg\" \/>\n\t<meta property=\"og:image:width\" content=\"675\" \/>\n\t<meta property=\"og:image:height\" content=\"450\" \/>\n\t<meta property=\"og:image:type\" content=\"image\/jpeg\" \/>\n<meta name=\"twitter:card\" content=\"summary\" \/>\n<meta name=\"twitter:label1\" content=\"Dur\u00e9e de lecture estim\u00e9e\" \/>\n\t<meta name=\"twitter:data1\" content=\"1 minute\" \/>\n<script type=\"application\/ld+json\" class=\"yoast-schema-graph\">{\"@context\":\"https:\/\/schema.org\",\"@graph\":[{\"@type\":\"WebSite\",\"@id\":\"https:\/\/vacances-seasonova.com\/fr\/#website\",\"url\":\"https:\/\/vacances-seasonova.com\/fr\/\",\"name\":\"Seasonova | Campings Normandie, Bretagne, Pays de La Loire et Alsace\",\"description\":\"\",\"potentialAction\":[{\"@type\":\"SearchAction\",\"target\":{\"@type\":\"EntryPoint\",\"urlTemplate\":\"https:\/\/vacances-seasonova.com\/fr\/?s={search_term_string}\"},\"query-input\":\"required name=search_term_string\"}],\"inLanguage\":\"fr-FR\"},{\"@type\":\"ImageObject\",\"@id\":\"https:\/\/vacances-seasonova.com\/fr\/vacances-en-camping-seasonova\/lexperience-seasonova\/feux-de-camp-et-histoires-contees\/#primaryimage\",\"inLanguage\":\"fr-FR\",\"url\":\"https:\/\/vacances-seasonova.com\/wp-content\/uploads\/2020\/03\/feu-seasonova.jpeg\",\"contentUrl\":\"https:\/\/vacances-seasonova.com\/wp-content\/uploads\/2020\/03\/feu-seasonova.jpeg\",\"width\":4500,\"height\":3000,\"caption\":\"Feu Seasonova\"},{\"@type\":\"WebPage\",\"@id\":\"https:\/\/vacances-seasonova.com\/fr\/vacances-en-camping-seasonova\/lexperience-seasonova\/feux-de-camp-et-histoires-contees\/#webpage\",\"url\":\"https:\/\/vacances-seasonova.com\/fr\/vacances-en-camping-seasonova\/lexperience-seasonova\/feux-de-camp-et-histoires-contees\/\",\"name\":\"Les Camping Slow Life SEASONOVA\",\"isPartOf\":{\"@id\":\"https:\/\/vacances-seasonova.com\/fr\/#website\"},\"primaryImageOfPage\":{\"@id\":\"https:\/\/vacances-seasonova.com\/fr\/vacances-en-camping-seasonova\/lexperience-seasonova\/feux-de-camp-et-histoires-contees\/#primaryimage\"},\"datePublished\":\"2020-03-30T08:50:00+00:00\",\"dateModified\":\"2023-05-11T22:00:00+00:00\",\"description\":\"Choisir un Camping Slow Life Seasonova c'est choisir la Nature, une ambiance Zen et conviviale - RESERVATION: 02 36 81 00 01\",\"breadcrumb\":{\"@id\":\"https:\/\/vacances-seasonova.com\/fr\/vacances-en-camping-seasonova\/lexperience-seasonova\/feux-de-camp-et-histoires-contees\/#breadcrumb\"},\"inLanguage\":\"fr-FR\",\"potentialAction\":[{\"@type\":\"ReadAction\",\"target\":[\"https:\/\/vacances-seasonova.com\/fr\/vacances-en-camping-seasonova\/lexperience-seasonova\/feux-de-camp-et-histoires-contees\/\"]}]},{\"@type\":\"BreadcrumbList\",\"@id\":\"https:\/\/vacances-seasonova.com\/fr\/vacances-en-camping-seasonova\/lexperience-seasonova\/feux-de-camp-et-histoires-contees\/#breadcrumb\",\"itemListElement\":[{\"@type\":\"ListItem\",\"position\":1,\"name\":\"Accueil\",\"item\":\"https:\/\/vacances-seasonova.com\/nl\/\"},{\"@type\":\"ListItem\",\"position\":2,\"name\":\"Vacances en camping Seasonova\",\"item\":\"https:\/\/vacances-seasonova.com\/nl\/kampeervakantiein-frankrijk\/\"},{\"@type\":\"ListItem\",\"position\":3,\"name\":\"L\u2019exp\u00e9rience Seasonova\",\"item\":\"https:\/\/vacances-seasonova.com\/fr\/vacances-en-camping-seasonova\/lexperience-seasonova\/\"},{\"@type\":\"ListItem\",\"position\":4,\"name\":\"Nos activit\u00e9s Slow Life\"}]}]}<\/script>\n<!-- \/ Yoast SEO plugin. -->","yoast_head_json":{"description":"Choisir un Camping Slow Life Seasonova c'est choisir la Nature, une ambiance Zen et conviviale - RESERVATION: 02 36 81 00 01","robots":{"index":"index","follow":"follow","max-snippet":"max-snippet:-1","max-image-preview":"max-image-preview:large","max-video-preview":"max-video-preview:-1"},"canonical":"https:\/\/vacances-seasonova.com\/fr\/vacances-en-camping-seasonova\/lexperience-seasonova\/feux-de-camp-et-histoires-contees\/","og_locale":"fr_FR","og_type":"article","og_title":"Les Camping Slow Life SEASONOVA","og_description":"Choisir un Camping Slow Life Seasonova c'est choisir la Nature, une ambiance Zen et conviviale - RESERVATION: 02 36 81 00 01","og_url":"https:\/\/vacances-seasonova.com\/fr\/vacances-en-camping-seasonova\/lexperience-seasonova\/feux-de-camp-et-histoires-contees\/","og_site_name":"Seasonova | Campings Normandie, Bretagne, Pays de La Loire et Alsace","article_modified_time":"2023-05-11T22:00:00+00:00","og_image":[{"width":675,"height":450,"url":"https:\/\/vacances-seasonova.com\/wp-content\/uploads\/2020\/03\/feu-seasonova-675x450.jpeg","type":"image\/jpeg"}],"twitter_card":"summary","twitter_misc":{"Dur\u00e9e de lecture estim\u00e9e":"1 minute"},"schema":{"@context":"https:\/\/schema.org","@graph":[{"@type":"WebSite","@id":"https:\/\/vacances-seasonova.com\/fr\/#website","url":"https:\/\/vacances-seasonova.com\/fr\/","name":"Seasonova | Campings Normandie, Bretagne, Pays de La Loire et Alsace","description":"","potentialAction":[{"@type":"SearchAction","target":{"@type":"EntryPoint","urlTemplate":"https:\/\/vacances-seasonova.com\/fr\/?s={search_term_string}"},"query-input":"required name=search_term_string"}],"inLanguage":"fr-FR"},{"@type":"ImageObject","@id":"https:\/\/vacances-seasonova.com\/fr\/vacances-en-camping-seasonova\/lexperience-seasonova\/feux-de-camp-et-histoires-contees\/#primaryimage","inLanguage":"fr-FR","url":"https:\/\/vacances-seasonova.com\/wp-content\/uploads\/2020\/03\/feu-seasonova.jpeg","contentUrl":"https:\/\/vacances-seasonova.com\/wp-content\/uploads\/2020\/03\/feu-seasonova.jpeg","width":4500,"height":3000,"caption":"Feu Seasonova"},{"@type":"WebPage","@id":"https:\/\/vacances-seasonova.com\/fr\/vacances-en-camping-seasonova\/lexperience-seasonova\/feux-de-camp-et-histoires-contees\/#webpage","url":"https:\/\/vacances-seasonova.com\/fr\/vacances-en-camping-seasonova\/lexperience-seasonova\/feux-de-camp-et-histoires-contees\/","name":"Les Camping Slow Life SEASONOVA","isPartOf":{"@id":"https:\/\/vacances-seasonova.com\/fr\/#website"},"primaryImageOfPage":{"@id":"https:\/\/vacances-seasonova.com\/fr\/vacances-en-camping-seasonova\/lexperience-seasonova\/feux-de-camp-et-histoires-contees\/#primaryimage"},"datePublished":"2020-03-30T08:50:00+00:00","dateModified":"2023-05-11T22:00:00+00:00","description":"Choisir un Camping Slow Life Seasonova c'est choisir la Nature, une ambiance Zen et conviviale - RESERVATION: 02 36 81 00 01","breadcrumb":{"@id":"https:\/\/vacances-seasonova.com\/fr\/vacances-en-camping-seasonova\/lexperience-seasonova\/feux-de-camp-et-histoires-contees\/#breadcrumb"},"inLanguage":"fr-FR","potentialAction":[{"@type":"ReadAction","target":["https:\/\/vacances-seasonova.com\/fr\/vacances-en-camping-seasonova\/lexperience-seasonova\/feux-de-camp-et-histoires-contees\/"]}]},{"@type":"BreadcrumbList","@id":"https:\/\/vacances-seasonova.com\/fr\/vacances-en-camping-seasonova\/lexperience-seasonova\/feux-de-camp-et-histoires-contees\/#breadcrumb","itemListElement":[{"@type":"ListItem","position":1,"name":"Accueil","item":"https:\/\/vacances-seasonova.com\/nl\/"},{"@type":"ListItem","position":2,"name":"Vacances en camping Seasonova","item":"https:\/\/vacances-seasonova.com\/nl\/kampeervakantiein-frankrijk\/"},{"@type":"ListItem","position":3,"name":"L\u2019exp\u00e9rience Seasonova","item":"https:\/\/vacances-seasonova.com\/fr\/vacances-en-camping-seasonova\/lexperience-seasonova\/"},{"@type":"ListItem","position":4,"name":"Nos activit\u00e9s Slow Life"}]}]}},"_links":{"self":[{"href":"https:\/\/vacances-seasonova.com\/fr\/wp-json\/wp\/v2\/pages\/17319"}],"collection":[{"href":"https:\/\/vacances-seasonova.com\/fr\/wp-json\/wp\/v2\/pages"}],"about":[{"href":"https:\/\/vacances-seasonova.com\/fr\/wp-json\/wp\/v2\/types\/page"}],"author":[{"embeddable":true,"href":"https:\/\/vacances-seasonova.com\/fr\/wp-json\/wp\/v2\/users\/2"}],"replies":[{"embeddable":true,"href":"https:\/\/vacances-seasonova.com\/fr\/wp-json\/wp\/v2\/comments?post=17319"}],"version-history":[{"count":3,"href":"https:\/\/vacances-seasonova.com\/fr\/wp-json\/wp\/v2\/pages\/17319\/revisions"}],"predecessor-version":[{"id":37863,"href":"https:\/\/vacances-seasonova.com\/fr\/wp-json\/wp\/v2\/pages\/17319\/revisions\/37863"}],"up":[{"embeddable":true,"href":"https:\/\/vacances-seasonova.com\/fr\/wp-json\/wp\/v2\/pages\/16827"}],"wp:featuredmedia":[{"embeddable":true,"href":"https:\/\/vacances-seasonova.com\/fr\/wp-json\/wp\/v2\/media\/17326"}],"wp:attachment":[{"href":"https:\/\/vacances-seasonova.com\/fr\/wp-json\/wp\/v2\/media?parent=17319"}],"curies":[{"name":"wp","href":"https:\/\/api.w.org\/{rel}","templated":true}]}}