    {"id":174,"date":"2016-09-20T14:41:57","date_gmt":"2016-09-20T13:41:57","guid":{"rendered":"http:\/\/vacances-seasonova.com\/?page_id=174"},"modified":"2025-08-29T09:26:51","modified_gmt":"2025-08-29T07:26:51","slug":"camping-nature-seasonova","status":"publish","type":"page","link":"https:\/\/vacances-seasonova.com\/fr\/faq-camping-nature-seasonova\/","title":{"rendered":"FAQ Camping Nature Seasonova"},"content":{"rendered":"<p><\/p>\n<h2>O\u00f9 se trouvent les Camping Nature Seasonova ?<\/h2>\n<p>Les Vacances Seasonova, ce sont des Campings 3 et 4 \u00e9toiles en Normandie, en Alsace, en Bretagne, en\u00a0Pays de Loire et <a href=\"https:\/\/vacances-seasonova.com\/camping\/camping-ile-de-re\/\" target=\"_blank\" rel=\"noopener noreferrer\">Ile de R\u00e9<\/a>. Situ\u00e9s dans des espaces naturels pr\u00e9serv\u00e9s, nos campings \u00e0 l&rsquo;ambiance familiale\u00a0vous accueillent en bord de mer, en campagne ou en bord de rivi\u00e8re.<br \/>\n<a href=\"https:\/\/vacances-seasonova.com\/campings\/\">Voir les r\u00e9gions o\u00f9 trouver votre camping Seasonova<\/a><\/p>\n<h2 style=\"text-align: justify;\">Quels sont les services propos\u00e9s ?<\/h2>\n<p>Pour faciliter vos vacances tous nos campings mettent \u00e0 votre disposition un ensemble de services comme le d\u00e9p\u00f4t de pain, laverie, location de v\u00e9lo, t\u00e9l\u00e9vision, barbecue, coffre fort, wifi, location de draps et m\u00e9nage en fin de location ou sur demande.<\/p>\n<h2>Quelles sont les animations ou \u00ab\u00a0pauses en famille\u00a0\u00bb ?\u00a0\u00bb<\/h2>\n<div style=\"text-align: justify;\">\n<p>Seasonova vous propose de vous r\u00e9unir autour des \u00ab pauses en famille \u00bb, participer \u00e0 de nouvelles activit\u00e9s comme la permaculture, le land art, d\u00e9couvrir la r\u00e9gion avec nos guides slow, et surtout de cr\u00e9er des souvenirs en famille pendant une pause brico \u00e9colo par exemple !<\/p>\n<h2>Acc\u00e8s internet<\/h2>\n<p>Tous les camping nature Seasonova sont \u00e9quip\u00e9s du wifi (payant). Il vous est possible de vous connecter depuis votre emplacement camping ou location. Une borne est \u00e9galement toujours \u00e0 votre disposition au bar ou \u00e0 l&rsquo;accueil du camping.<\/p>\n<h2>Les animaux de compagnie sont-ils admis ?<\/h2>\n<div>Dans tous les camping nature Seasonova, les chiens et chats tenus en laisse sont les bienvenus en emplacement caravane, camping car ou tente. Ils ne sont pas admis en location mobile home, cottage ou chalet.<\/div>\n<div>Les chiens de 1ere et 2nd cat\u00e9gories ne sont pas accept\u00e9s.<\/div>\n<div>\n<p>Au Point du Jour Camping en Normandie, sur les bords de mer, les chiens ne sont pas admis sur la plage de 12H00 \u00e0 19H00 pour juillet et ao\u00fbt.<\/p>\n<h2>Que faut-il apporter en location ?<\/h2>\n<p>Toutes nos locations\u00a0sont enti\u00e8rement \u00e9quip\u00e9s.<\/p>\n<div>\n<p>Le linge de maison n&rsquo;est pas fournis. Nous vous proposons la location de draps et de serviettes sauf dans les formules Prestige o\u00f9 ils sont inclus<\/p>\n<h2>Est-il possible de choisir son emplacement ?<\/h2>\n<div style=\"text-align: justify;\">Parce que ce sont vos vacances, les campings Seasonova vous permettent de nous indiquer lors de votre r\u00e9servation vos pr\u00e9f\u00e9rences. Nous ferons tout notre possible pour r\u00e9pondre \u00e0 vos attentes.<\/div>\n<div style=\"text-align: justify;\">\n<p>Vous pouvez \u00e9galement choisir l&rsquo;option choix d&#8217;emplacement sp\u00e9cifique. Nous vous garantissons alors l&#8217;emplacement camping ou la location vacances de votre choix.<\/p>\n<h2>Les ch\u00e8ques vacances sont-ils accept\u00e9s ?<\/h2>\n<p>Oui, les ch\u00e8ques vacances sont accept\u00e9s dans tous nos campings nature. Vous pouvez \u00e9galement r\u00e9gler l&rsquo;acompte de votre r\u00e9servation avec les ch\u00e8ques vacances en les envoyant avec le dossier de r\u00e9servation directement au camping Seasonova concern\u00e9.<\/p>\n<h2>Est-il possible de modifier ou annuler son s\u00e9jour ?<\/h2>\n<div>Il est possible d&rsquo;annuler son s\u00e9jour en camping et location en choisissant le tarif FLEX d\u00e8s la r\u00e9servation.<br \/>\nVoyager malin avec le tarif FLEX qui est modifiable et annulable.<\/div>\n<div>\n<p>&nbsp;<\/p>\n<h2>Comment r\u00e9server en toute s\u00e9curit\u00e9 ?<\/h2>\n<h3>Par Courrier postal<\/h3>\n<p>En t\u00e9l\u00e9chargeant le formulaire de r\u00e9servation et en le retournant directement au camping Nature Seasonova concern\u00e9 avec un acompte de 30% du montant total du s\u00e9jour si vous choisissez le tarif FLEX et 100% si vous choisissez le tarif NON FLEX.<br \/>\nVous recevez votre confirmation par courrier \u00e9lectronique.<\/p>\n<h3>Par T\u00e9l\u00e9phone<\/h3>\n<p>Au 02 36 81 00 01<br \/>\nIl vous sera possible de valider votre r\u00e9servation en versant votre acompte par carte bancaire par t\u00e9l\u00e9phone de mani\u00e8re s\u00e9curis\u00e9e. Vous recevez votre confirmation par mail ou courrier.<\/p>\n<h3>Par pigeons voyageurs<\/h3>\n<p>Mais ils ne sont pas restitu\u00e9s !<\/p>\n<h3>Par Internet<\/h3>\n<p>Le plus simple et le plus rapide. Consultez nos disponibilit\u00e9s, choisissez votre destination, r\u00e9servez et recevez votre confirmation par mail.<\/p>\n<\/div>\n<\/div>\n<\/div>\n<\/div>\n<\/div>\n<p><\/p>","protected":false},"excerpt":{"rendered":"<p>O\u00f9 se trouvent les Camping Nature Seasonova ? Les Vacances Seasonova, ce sont des Campings 3 et 4 \u00e9toiles en Normandie, en Alsace, en Bretagne, en\u00a0Pays de Loire et Ile de R\u00e9. Situ\u00e9s dans des espaces naturels [&#8230;]<\/p>\n","protected":false},"author":3,"featured_media":52,"parent":0,"menu_order":0,"comment_status":"closed","ping_status":"closed","template":"page.php","meta":[],"yoast_head":"<!-- This site is optimized with the Yoast SEO plugin v18.1 - https:\/\/yoast.com\/wordpress\/plugins\/seo\/ -->\n<meta name=\"description\" content=\"Toutes vos questions sur les Camping Nature Seasonova. Comment profiter des meilleurs tarifs et r\u00e9server en toute s\u00e9curit\u00e9?\" \/>\n<meta name=\"robots\" content=\"index, follow, max-snippet:-1, max-image-preview:large, max-video-preview:-1\" \/>\n<link rel=\"canonical\" href=\"https:\/\/vacances-seasonova.com\/fr\/waar-is-camping-nature-seasonova-gevestigd\/\" \/>\n<meta property=\"og:locale\" content=\"fr_FR\" \/>\n<meta property=\"og:type\" content=\"article\" \/>\n<meta property=\"og:title\" content=\"Camping Nature Seasonova\" \/>\n<meta property=\"og:description\" content=\"Toutes vos questions sur les Camping Nature Seasonova. Comment profiter des meilleurs tarifs et r\u00e9server en toute s\u00e9curit\u00e9?\" \/>\n<meta property=\"og:url\" content=\"https:\/\/vacances-seasonova.com\/nl\/waar-is-camping-nature-seasonova-gevestigd\/\" \/>\n<meta property=\"og:site_name\" content=\"Seasonova | Campings Normandie, Bretagne, Pays de La Loire et Alsace\" \/>\n<meta property=\"article:modified_time\" content=\"2025-08-29T07:26:51+00:00\" \/>\n<meta property=\"og:image\" content=\"https:\/\/vacances-seasonova.com\/wp-content\/uploads\/2016\/09\/bg-esprit-seasonova.jpg\" \/>\n\t<meta property=\"og:image:width\" content=\"1480\" \/>\n\t<meta property=\"og:image:height\" content=\"450\" \/>\n\t<meta property=\"og:image:type\" content=\"image\/jpeg\" \/>\n<meta name=\"twitter:card\" content=\"summary\" \/>\n<meta name=\"twitter:label1\" content=\"Dur\u00e9e de lecture estim\u00e9e\" \/>\n\t<meta name=\"twitter:data1\" content=\"3 minutes\" \/>\n<script type=\"application\/ld+json\" class=\"yoast-schema-graph\">{\"@context\":\"https:\/\/schema.org\",\"@graph\":[{\"@type\":\"WebSite\",\"@id\":\"https:\/\/vacances-seasonova.com\/fr\/#website\",\"url\":\"https:\/\/vacances-seasonova.com\/fr\/\",\"name\":\"Seasonova | Campings Normandie, Bretagne, Pays de La Loire et Alsace\",\"description\":\"\",\"potentialAction\":[{\"@type\":\"SearchAction\",\"target\":{\"@type\":\"EntryPoint\",\"urlTemplate\":\"https:\/\/vacances-seasonova.com\/fr\/?s={search_term_string}\"},\"query-input\":\"required name=search_term_string\"}],\"inLanguage\":\"fr-FR\"},{\"@type\":\"ImageObject\",\"@id\":\"https:\/\/vacances-seasonova.com\/nl\/waar-is-camping-nature-seasonova-gevestigd\/#primaryimage\",\"inLanguage\":\"fr-FR\",\"url\":\"https:\/\/vacances-seasonova.com\/wp-content\/uploads\/2016\/09\/bg-esprit-seasonova.jpg\",\"contentUrl\":\"https:\/\/vacances-seasonova.com\/wp-content\/uploads\/2016\/09\/bg-esprit-seasonova.jpg\",\"width\":1480,\"height\":450,\"caption\":\"FAQ camping nature Seasonova\"},{\"@type\":\"WebPage\",\"@id\":\"https:\/\/vacances-seasonova.com\/nl\/waar-is-camping-nature-seasonova-gevestigd\/#webpage\",\"url\":\"https:\/\/vacances-seasonova.com\/nl\/waar-is-camping-nature-seasonova-gevestigd\/\",\"name\":\"Camping Nature Seasonova\",\"isPartOf\":{\"@id\":\"https:\/\/vacances-seasonova.com\/fr\/#website\"},\"primaryImageOfPage\":{\"@id\":\"https:\/\/vacances-seasonova.com\/nl\/waar-is-camping-nature-seasonova-gevestigd\/#primaryimage\"},\"datePublished\":\"2016-09-20T13:41:57+00:00\",\"dateModified\":\"2025-08-29T07:26:51+00:00\",\"description\":\"Toutes vos questions sur les Camping Nature Seasonova. Comment profiter des meilleurs tarifs et r\u00e9server en toute s\u00e9curit\u00e9?\",\"breadcrumb\":{\"@id\":\"https:\/\/vacances-seasonova.com\/nl\/waar-is-camping-nature-seasonova-gevestigd\/#breadcrumb\"},\"inLanguage\":\"fr-FR\",\"potentialAction\":[{\"@type\":\"ReadAction\",\"target\":[\"https:\/\/vacances-seasonova.com\/nl\/waar-is-camping-nature-seasonova-gevestigd\/\"]}]},{\"@type\":\"BreadcrumbList\",\"@id\":\"https:\/\/vacances-seasonova.com\/nl\/waar-is-camping-nature-seasonova-gevestigd\/#breadcrumb\",\"itemListElement\":[{\"@type\":\"ListItem\",\"position\":1,\"name\":\"Accueil\",\"item\":\"https:\/\/vacances-seasonova.com\/nl\/\"},{\"@type\":\"ListItem\",\"position\":2,\"name\":\"FAQ Camping Nature Seasonova\"}]}]}<\/script>\n<!-- \/ Yoast SEO plugin. -->","yoast_head_json":{"description":"Toutes vos questions sur les Camping Nature Seasonova. Comment profiter des meilleurs tarifs et r\u00e9server en toute s\u00e9curit\u00e9?","robots":{"index":"index","follow":"follow","max-snippet":"max-snippet:-1","max-image-preview":"max-image-preview:large","max-video-preview":"max-video-preview:-1"},"canonical":"https:\/\/vacances-seasonova.com\/fr\/waar-is-camping-nature-seasonova-gevestigd\/","og_locale":"fr_FR","og_type":"article","og_title":"Camping Nature Seasonova","og_description":"Toutes vos questions sur les Camping Nature Seasonova. Comment profiter des meilleurs tarifs et r\u00e9server en toute s\u00e9curit\u00e9?","og_url":"https:\/\/vacances-seasonova.com\/nl\/waar-is-camping-nature-seasonova-gevestigd\/","og_site_name":"Seasonova | Campings Normandie, Bretagne, Pays de La Loire et Alsace","article_modified_time":"2025-08-29T07:26:51+00:00","og_image":[{"width":1480,"height":450,"url":"https:\/\/vacances-seasonova.com\/wp-content\/uploads\/2016\/09\/bg-esprit-seasonova.jpg","type":"image\/jpeg"}],"twitter_card":"summary","twitter_misc":{"Dur\u00e9e de lecture estim\u00e9e":"3 minutes"},"schema":{"@context":"https:\/\/schema.org","@graph":[{"@type":"WebSite","@id":"https:\/\/vacances-seasonova.com\/fr\/#website","url":"https:\/\/vacances-seasonova.com\/fr\/","name":"Seasonova | Campings Normandie, Bretagne, Pays de La Loire et Alsace","description":"","potentialAction":[{"@type":"SearchAction","target":{"@type":"EntryPoint","urlTemplate":"https:\/\/vacances-seasonova.com\/fr\/?s={search_term_string}"},"query-input":"required name=search_term_string"}],"inLanguage":"fr-FR"},{"@type":"ImageObject","@id":"https:\/\/vacances-seasonova.com\/nl\/waar-is-camping-nature-seasonova-gevestigd\/#primaryimage","inLanguage":"fr-FR","url":"https:\/\/vacances-seasonova.com\/wp-content\/uploads\/2016\/09\/bg-esprit-seasonova.jpg","contentUrl":"https:\/\/vacances-seasonova.com\/wp-content\/uploads\/2016\/09\/bg-esprit-seasonova.jpg","width":1480,"height":450,"caption":"FAQ camping nature Seasonova"},{"@type":"WebPage","@id":"https:\/\/vacances-seasonova.com\/nl\/waar-is-camping-nature-seasonova-gevestigd\/#webpage","url":"https:\/\/vacances-seasonova.com\/nl\/waar-is-camping-nature-seasonova-gevestigd\/","name":"Camping Nature Seasonova","isPartOf":{"@id":"https:\/\/vacances-seasonova.com\/fr\/#website"},"primaryImageOfPage":{"@id":"https:\/\/vacances-seasonova.com\/nl\/waar-is-camping-nature-seasonova-gevestigd\/#primaryimage"},"datePublished":"2016-09-20T13:41:57+00:00","dateModified":"2025-08-29T07:26:51+00:00","description":"Toutes vos questions sur les Camping Nature Seasonova. Comment profiter des meilleurs tarifs et r\u00e9server en toute s\u00e9curit\u00e9?","breadcrumb":{"@id":"https:\/\/vacances-seasonova.com\/nl\/waar-is-camping-nature-seasonova-gevestigd\/#breadcrumb"},"inLanguage":"fr-FR","potentialAction":[{"@type":"ReadAction","target":["https:\/\/vacances-seasonova.com\/nl\/waar-is-camping-nature-seasonova-gevestigd\/"]}]},{"@type":"BreadcrumbList","@id":"https:\/\/vacances-seasonova.com\/nl\/waar-is-camping-nature-seasonova-gevestigd\/#breadcrumb","itemListElement":[{"@type":"ListItem","position":1,"name":"Accueil","item":"https:\/\/vacances-seasonova.com\/nl\/"},{"@type":"ListItem","position":2,"name":"FAQ Camping Nature Seasonova"}]}]}},"_links":{"self":[{"href":"https:\/\/vacances-seasonova.com\/fr\/wp-json\/wp\/v2\/pages\/174"}],"collection":[{"href":"https:\/\/vacances-seasonova.com\/fr\/wp-json\/wp\/v2\/pages"}],"about":[{"href":"https:\/\/vacances-seasonova.com\/fr\/wp-json\/wp\/v2\/types\/page"}],"author":[{"embeddable":true,"href":"https:\/\/vacances-seasonova.com\/fr\/wp-json\/wp\/v2\/users\/3"}],"replies":[{"embeddable":true,"href":"https:\/\/vacances-seasonova.com\/fr\/wp-json\/wp\/v2\/comments?post=174"}],"version-history":[{"count":9,"href":"https:\/\/vacances-seasonova.com\/fr\/wp-json\/wp\/v2\/pages\/174\/revisions"}],"predecessor-version":[{"id":51819,"href":"https:\/\/vacances-seasonova.com\/fr\/wp-json\/wp\/v2\/pages\/174\/revisions\/51819"}],"wp:featuredmedia":[{"embeddable":true,"href":"https:\/\/vacances-seasonova.com\/fr\/wp-json\/wp\/v2\/media\/52"}],"wp:attachment":[{"href":"https:\/\/vacances-seasonova.com\/fr\/wp-json\/wp\/v2\/media?parent=174"}],"curies":[{"name":"wp","href":"https:\/\/api.w.org\/{rel}","templated":true}]}}