    {"id":17563,"date":"2020-04-20T15:21:56","date_gmt":"2020-04-20T13:21:56","guid":{"rendered":"https:\/\/vacances-seasonova.com\/fr\/?page_id=17563"},"modified":"2021-03-30T13:58:25","modified_gmt":"2021-03-30T11:58:25","slug":"hygiene-et-mesures-de-securite-sanitaire","status":"publish","type":"page","link":"https:\/\/vacances-seasonova.com\/fr\/hygiene-et-mesures-de-securite-sanitaire\/","title":{"rendered":"Hygi\u00e8ne et mesures de s\u00e9curit\u00e9 sanitaire"},"content":{"rendered":"<p><\/p>\n<h2>Nous mettons en place des protocoles d&rsquo;hygi\u00e8ne rigoureux<\/h2>\n<div class=\"container-fluid\" style=\"margin-bottom: 2%;\">\n<div class=\"col-lg-4 col-md-4 col-sm-4\">\n<p><img loading=\"lazy\" class=\"alignnone wp-image-17633 size-large\" src=\"https:\/\/vacances-seasonova.com\/wp-content\/uploads\/2020\/04\/vacances-seasonova-14-pdj-sanitaires-1800px-675x450.jpg\" alt=\"\" width=\"675\" height=\"450\" srcset=\"https:\/\/vacances-seasonova.com\/wp-content\/uploads\/2020\/04\/vacances-seasonova-14-pdj-sanitaires-1800px-675x450.jpg 675w, https:\/\/vacances-seasonova.com\/wp-content\/uploads\/2020\/04\/vacances-seasonova-14-pdj-sanitaires-1800px-300x200.jpg 300w, https:\/\/vacances-seasonova.com\/wp-content\/uploads\/2020\/04\/vacances-seasonova-14-pdj-sanitaires-1800px-768x512.jpg 768w, https:\/\/vacances-seasonova.com\/wp-content\/uploads\/2020\/04\/vacances-seasonova-14-pdj-sanitaires-1800px-600x400.jpg 600w, https:\/\/vacances-seasonova.com\/wp-content\/uploads\/2020\/04\/vacances-seasonova-14-pdj-sanitaires-1800px.jpg 1800w\" sizes=\"(max-width: 675px) 100vw, 675px\" \/><\/p>\n<p><img loading=\"lazy\" class=\"alignnone wp-image-17637 size-large\" src=\"https:\/\/vacances-seasonova.com\/wp-content\/uploads\/2020\/04\/camping-seasonova-hygiene-mesures-sanitaires-644x450.jpg\" alt=\"\" width=\"644\" height=\"450\" srcset=\"https:\/\/vacances-seasonova.com\/wp-content\/uploads\/2020\/04\/camping-seasonova-hygiene-mesures-sanitaires-644x450.jpg 644w, https:\/\/vacances-seasonova.com\/wp-content\/uploads\/2020\/04\/camping-seasonova-hygiene-mesures-sanitaires-300x210.jpg 300w, https:\/\/vacances-seasonova.com\/wp-content\/uploads\/2020\/04\/camping-seasonova-hygiene-mesures-sanitaires-768x537.jpg 768w, https:\/\/vacances-seasonova.com\/wp-content\/uploads\/2020\/04\/camping-seasonova-hygiene-mesures-sanitaires-600x419.jpg 600w, https:\/\/vacances-seasonova.com\/wp-content\/uploads\/2020\/04\/camping-seasonova-hygiene-mesures-sanitaires.jpg 1000w\" sizes=\"(max-width: 644px) 100vw, 644px\" \/><\/p>\n<\/div>\n<div class=\"col-lg-8 col-md-8 col-sm-8\">\n<ul>\n<li>Tous les campings <strong>Seasonova<\/strong> font l&rsquo;objet de process de nettoyage strict, les sanitaires sont nettoy\u00e9s 2 fois par jour, des solutions hydro alcooliques sont mises \u00e0 disposition dans les parties communes dont chacun des WC. Des solutions assainissantes sont vaporis\u00e9es dans tous les b\u00e2timents commun (sanitaires, r\u00e9ception&#8230;) et h\u00e9bergements.<\/li>\n<\/ul>\n<ul>\n<li>Les h\u00e9bergements font l&rsquo;objet d&rsquo;un process de nettoyage sp\u00e9cifique et un d\u00e9lai de 4H minimum est respect\u00e9 entre 2 locations.<\/li>\n<\/ul>\n<ul>\n<li>L&rsquo;ensemble des \u00e9quipiers des Campings Seasonova sont form\u00e9s au respect des gestes barri\u00e8res et tout sera mis en oeuvre, sans alt\u00e9rer l&rsquo;ambiance de vacances, pour \u00e9viter la propagation du <strong>COVID 19<\/strong>.<\/li>\n<li>Vous avez la possibilit\u00e9 de solder votre s\u00e9jour avant votre arriv\u00e9 pour \u00e9viter toute attente. Il vous suffit d&rsquo;en faire la demande par mail.<\/li>\n<\/ul>\n<ul>\n<li>Les Campings Seasonova sont particuli\u00e8rements d\u00e9di\u00e9s au grand air et refusent la promiscuit\u00e9, sous r\u00e9serve des conditions m\u00e9t\u00e9o, nous vous accueillerons en plein air autour d&rsquo;une citronnade<\/li>\n<\/ul>\n<\/div>\n<\/div>\n<p><\/p>","protected":false},"excerpt":{"rendered":"<p>Nous mettons en place des protocoles d&rsquo;hygi\u00e8ne rigoureux Tous les campings Seasonova font l&rsquo;objet de process de nettoyage strict, les sanitaires sont nettoy\u00e9s 2 fois par jour, des solutions hydro alcooliques [&#8230;]<\/p>\n","protected":false},"author":2,"featured_media":17044,"parent":0,"menu_order":0,"comment_status":"closed","ping_status":"closed","template":"","meta":[],"yoast_head":"<!-- This site is optimized with the Yoast SEO plugin v18.1 - https:\/\/yoast.com\/wordpress\/plugins\/seo\/ -->\n<meta name=\"robots\" content=\"index, follow, max-snippet:-1, max-image-preview:large, max-video-preview:-1\" \/>\n<link rel=\"canonical\" href=\"https:\/\/vacances-seasonova.com\/fr\/hygiene-et-mesures-de-securite-sanitaire\/\" \/>\n<meta property=\"og:locale\" content=\"fr_FR\" \/>\n<meta property=\"og:type\" content=\"article\" \/>\n<meta property=\"og:title\" content=\"Hygi\u00e8ne et mesures de s\u00e9curit\u00e9 sanitaire - Seasonova | Campings Normandie, Bretagne, Pays de La Loire et Alsace\" \/>\n<meta property=\"og:description\" content=\"Nous mettons en place des protocoles d&rsquo;hygi\u00e8ne rigoureux Tous les campings Seasonova font l&rsquo;objet de process de nettoyage strict, les sanitaires sont nettoy\u00e9s 2 fois par jour, des solutions hydro alcooliques [...]\" \/>\n<meta property=\"og:url\" content=\"https:\/\/vacances-seasonova.com\/fr\/hygiene-et-mesures-de-securite-sanitaire\/\" \/>\n<meta property=\"og:site_name\" content=\"Seasonova | Campings Normandie, Bretagne, Pays de La Loire et Alsace\" \/>\n<meta property=\"article:modified_time\" content=\"2021-03-30T11:58:25+00:00\" \/>\n<meta property=\"og:image\" content=\"https:\/\/vacances-seasonova.com\/wp-content\/uploads\/2020\/03\/camping-mindfullness-e1583759306877.jpg\" \/>\n\t<meta property=\"og:image:width\" content=\"1280\" \/>\n\t<meta property=\"og:image:height\" content=\"489\" \/>\n\t<meta property=\"og:image:type\" content=\"image\/jpeg\" \/>\n<meta name=\"twitter:card\" content=\"summary\" \/>\n<meta name=\"twitter:label1\" content=\"Dur\u00e9e de lecture estim\u00e9e\" \/>\n\t<meta name=\"twitter:data1\" content=\"2 minutes\" \/>\n<script type=\"application\/ld+json\" class=\"yoast-schema-graph\">{\"@context\":\"https:\/\/schema.org\",\"@graph\":[{\"@type\":\"WebSite\",\"@id\":\"https:\/\/vacances-seasonova.com\/fr\/#website\",\"url\":\"https:\/\/vacances-seasonova.com\/fr\/\",\"name\":\"Seasonova | Campings Normandie, Bretagne, Pays de La Loire et Alsace\",\"description\":\"\",\"potentialAction\":[{\"@type\":\"SearchAction\",\"target\":{\"@type\":\"EntryPoint\",\"urlTemplate\":\"https:\/\/vacances-seasonova.com\/fr\/?s={search_term_string}\"},\"query-input\":\"required name=search_term_string\"}],\"inLanguage\":\"fr-FR\"},{\"@type\":\"ImageObject\",\"@id\":\"https:\/\/vacances-seasonova.com\/fr\/hygiene-et-mesures-de-securite-sanitaire\/#primaryimage\",\"inLanguage\":\"fr-FR\",\"url\":\"https:\/\/vacances-seasonova.com\/wp-content\/uploads\/2020\/03\/camping-mindfullness-e1583759306877.jpg\",\"contentUrl\":\"https:\/\/vacances-seasonova.com\/wp-content\/uploads\/2020\/03\/camping-mindfullness-e1583759306877.jpg\",\"width\":1280,\"height\":489},{\"@type\":\"WebPage\",\"@id\":\"https:\/\/vacances-seasonova.com\/fr\/hygiene-et-mesures-de-securite-sanitaire\/#webpage\",\"url\":\"https:\/\/vacances-seasonova.com\/fr\/hygiene-et-mesures-de-securite-sanitaire\/\",\"name\":\"Hygi\u00e8ne et mesures de s\u00e9curit\u00e9 sanitaire - Seasonova | Campings Normandie, Bretagne, Pays de La Loire et Alsace\",\"isPartOf\":{\"@id\":\"https:\/\/vacances-seasonova.com\/fr\/#website\"},\"primaryImageOfPage\":{\"@id\":\"https:\/\/vacances-seasonova.com\/fr\/hygiene-et-mesures-de-securite-sanitaire\/#primaryimage\"},\"datePublished\":\"2020-04-20T13:21:56+00:00\",\"dateModified\":\"2021-03-30T11:58:25+00:00\",\"breadcrumb\":{\"@id\":\"https:\/\/vacances-seasonova.com\/fr\/hygiene-et-mesures-de-securite-sanitaire\/#breadcrumb\"},\"inLanguage\":\"fr-FR\",\"potentialAction\":[{\"@type\":\"ReadAction\",\"target\":[\"https:\/\/vacances-seasonova.com\/fr\/hygiene-et-mesures-de-securite-sanitaire\/\"]}]},{\"@type\":\"BreadcrumbList\",\"@id\":\"https:\/\/vacances-seasonova.com\/fr\/hygiene-et-mesures-de-securite-sanitaire\/#breadcrumb\",\"itemListElement\":[{\"@type\":\"ListItem\",\"position\":1,\"name\":\"Accueil\",\"item\":\"https:\/\/vacances-seasonova.com\/nl\/\"},{\"@type\":\"ListItem\",\"position\":2,\"name\":\"Hygi\u00e8ne et mesures de s\u00e9curit\u00e9 sanitaire\"}]}]}<\/script>\n<!-- \/ Yoast SEO plugin. -->","yoast_head_json":{"robots":{"index":"index","follow":"follow","max-snippet":"max-snippet:-1","max-image-preview":"max-image-preview:large","max-video-preview":"max-video-preview:-1"},"canonical":"https:\/\/vacances-seasonova.com\/fr\/hygiene-et-mesures-de-securite-sanitaire\/","og_locale":"fr_FR","og_type":"article","og_title":"Hygi\u00e8ne et mesures de s\u00e9curit\u00e9 sanitaire - Seasonova | Campings Normandie, Bretagne, Pays de La Loire et Alsace","og_description":"Nous mettons en place des protocoles d&rsquo;hygi\u00e8ne rigoureux Tous les campings Seasonova font l&rsquo;objet de process de nettoyage strict, les sanitaires sont nettoy\u00e9s 2 fois par jour, des solutions hydro alcooliques [...]","og_url":"https:\/\/vacances-seasonova.com\/fr\/hygiene-et-mesures-de-securite-sanitaire\/","og_site_name":"Seasonova | Campings Normandie, Bretagne, Pays de La Loire et Alsace","article_modified_time":"2021-03-30T11:58:25+00:00","og_image":[{"width":1280,"height":489,"url":"https:\/\/vacances-seasonova.com\/wp-content\/uploads\/2020\/03\/camping-mindfullness-e1583759306877.jpg","type":"image\/jpeg"}],"twitter_card":"summary","twitter_misc":{"Dur\u00e9e de lecture estim\u00e9e":"2 minutes"},"schema":{"@context":"https:\/\/schema.org","@graph":[{"@type":"WebSite","@id":"https:\/\/vacances-seasonova.com\/fr\/#website","url":"https:\/\/vacances-seasonova.com\/fr\/","name":"Seasonova | Campings Normandie, Bretagne, Pays de La Loire et Alsace","description":"","potentialAction":[{"@type":"SearchAction","target":{"@type":"EntryPoint","urlTemplate":"https:\/\/vacances-seasonova.com\/fr\/?s={search_term_string}"},"query-input":"required name=search_term_string"}],"inLanguage":"fr-FR"},{"@type":"ImageObject","@id":"https:\/\/vacances-seasonova.com\/fr\/hygiene-et-mesures-de-securite-sanitaire\/#primaryimage","inLanguage":"fr-FR","url":"https:\/\/vacances-seasonova.com\/wp-content\/uploads\/2020\/03\/camping-mindfullness-e1583759306877.jpg","contentUrl":"https:\/\/vacances-seasonova.com\/wp-content\/uploads\/2020\/03\/camping-mindfullness-e1583759306877.jpg","width":1280,"height":489},{"@type":"WebPage","@id":"https:\/\/vacances-seasonova.com\/fr\/hygiene-et-mesures-de-securite-sanitaire\/#webpage","url":"https:\/\/vacances-seasonova.com\/fr\/hygiene-et-mesures-de-securite-sanitaire\/","name":"Hygi\u00e8ne et mesures de s\u00e9curit\u00e9 sanitaire - Seasonova | Campings Normandie, Bretagne, Pays de La Loire et Alsace","isPartOf":{"@id":"https:\/\/vacances-seasonova.com\/fr\/#website"},"primaryImageOfPage":{"@id":"https:\/\/vacances-seasonova.com\/fr\/hygiene-et-mesures-de-securite-sanitaire\/#primaryimage"},"datePublished":"2020-04-20T13:21:56+00:00","dateModified":"2021-03-30T11:58:25+00:00","breadcrumb":{"@id":"https:\/\/vacances-seasonova.com\/fr\/hygiene-et-mesures-de-securite-sanitaire\/#breadcrumb"},"inLanguage":"fr-FR","potentialAction":[{"@type":"ReadAction","target":["https:\/\/vacances-seasonova.com\/fr\/hygiene-et-mesures-de-securite-sanitaire\/"]}]},{"@type":"BreadcrumbList","@id":"https:\/\/vacances-seasonova.com\/fr\/hygiene-et-mesures-de-securite-sanitaire\/#breadcrumb","itemListElement":[{"@type":"ListItem","position":1,"name":"Accueil","item":"https:\/\/vacances-seasonova.com\/nl\/"},{"@type":"ListItem","position":2,"name":"Hygi\u00e8ne et mesures de s\u00e9curit\u00e9 sanitaire"}]}]}},"_links":{"self":[{"href":"https:\/\/vacances-seasonova.com\/fr\/wp-json\/wp\/v2\/pages\/17563"}],"collection":[{"href":"https:\/\/vacances-seasonova.com\/fr\/wp-json\/wp\/v2\/pages"}],"about":[{"href":"https:\/\/vacances-seasonova.com\/fr\/wp-json\/wp\/v2\/types\/page"}],"author":[{"embeddable":true,"href":"https:\/\/vacances-seasonova.com\/fr\/wp-json\/wp\/v2\/users\/2"}],"replies":[{"embeddable":true,"href":"https:\/\/vacances-seasonova.com\/fr\/wp-json\/wp\/v2\/comments?post=17563"}],"version-history":[{"count":0,"href":"https:\/\/vacances-seasonova.com\/fr\/wp-json\/wp\/v2\/pages\/17563\/revisions"}],"wp:featuredmedia":[{"embeddable":true,"href":"https:\/\/vacances-seasonova.com\/fr\/wp-json\/wp\/v2\/media\/17044"}],"wp:attachment":[{"href":"https:\/\/vacances-seasonova.com\/fr\/wp-json\/wp\/v2\/media?parent=17563"}],"curies":[{"name":"wp","href":"https:\/\/api.w.org\/{rel}","templated":true}]}}