    {"id":176,"date":"2016-09-20T14:42:40","date_gmt":"2016-09-20T13:42:40","guid":{"rendered":"http:\/\/vacances-seasonova.com\/?page_id=176"},"modified":"2025-08-29T09:38:39","modified_gmt":"2025-08-29T07:38:39","slug":"votre-avis-nous-interesse","status":"publish","type":"page","link":"https:\/\/vacances-seasonova.com\/fr\/votre-avis-camping-nous-interesse\/","title":{"rendered":"Your opinion matters"},"content":{"rendered":"<p><\/p>\n<h2>Votre <strong>avis camping<\/strong> est important. Chez Seasonova, nos \u00e9quipes ont \u00e0 c\u0153ur de rendre votre exp\u00e9rience camping inoubliable et de faire de vos vacances des moments de d\u00e9tentes et d&rsquo;\u00e9vasion au top.<\/h2>\n<p>Afin de nous permettre de toujours r\u00e9pondre \u00e0 vos attentes et d\u2019adapter au mieux nos services \u00e0 vos envies,\u00a0vous pouvez si vous le souhaitez r\u00e9pondre \u00e0 ce questionnaire <a href=\"https:\/\/vacances-seasonova.com\/wp-content\/uploads\/2016\/09\/Questionnaire-satisfaction-livret.pdf\">ce questionnaire de satisfaction<\/a>\u00a0et nous le renvoyer par email \u00e0 satisfaction@vacances-seasonova.com ou par courrier \u00e0 l&rsquo;adresse suivante :<\/p>\n<p><strong>Seasonova<\/strong><br \/>\nService Qualit\u00e9<br \/>\nRoute de Cabourg<br \/>\n14 810 Merville-Franceville<\/p>","protected":false},"excerpt":{"rendered":"<p>Votre avis camping est important. Chez Seasonova, nos \u00e9quipes ont \u00e0 c\u0153ur de rendre votre exp\u00e9rience camping inoubliable et de faire de vos vacances des moments de d\u00e9tentes et d&rsquo;\u00e9vasion au top. Afin de nous [&#8230;]<\/p>\n","protected":false},"author":3,"featured_media":52,"parent":0,"menu_order":0,"comment_status":"closed","ping_status":"closed","template":"page.php","meta":[],"yoast_head":"<!-- This site is optimized with the Yoast SEO plugin v18.1 - https:\/\/yoast.com\/wordpress\/plugins\/seo\/ -->\n<meta name=\"robots\" content=\"index, follow, max-snippet:-1, max-image-preview:large, max-video-preview:-1\" \/>\n<link rel=\"canonical\" href=\"https:\/\/vacances-seasonova.com\/fr\/uw-mening-kamperen-interesseert-ons\/\" \/>\n<meta property=\"og:locale\" content=\"fr_FR\" \/>\n<meta property=\"og:type\" content=\"article\" \/>\n<meta property=\"og:title\" content=\"Votre avis Camping nous int\u00e9resse - Seasonova | Campings Normandie, Bretagne, Pays de La Loire et Alsace\" \/>\n<meta property=\"og:description\" content=\"Votre avis camping est important. Chez Seasonova, nos \u00e9quipes ont \u00e0 c\u0153ur de rendre votre exp\u00e9rience camping inoubliable et de faire de vos vacances des moments de d\u00e9tentes et d&rsquo;\u00e9vasion au top. Afin de nous [...]\" \/>\n<meta property=\"og:url\" content=\"https:\/\/vacances-seasonova.com\/nl\/uw-mening-kamperen-interesseert-ons\/\" \/>\n<meta property=\"og:site_name\" content=\"Seasonova | Campings Normandie, Bretagne, Pays de La Loire et Alsace\" \/>\n<meta property=\"article:modified_time\" content=\"2025-08-29T07:38:39+00:00\" \/>\n<meta property=\"og:image\" content=\"https:\/\/vacances-seasonova.com\/wp-content\/uploads\/2016\/09\/bg-esprit-seasonova.jpg\" \/>\n\t<meta property=\"og:image:width\" content=\"1480\" \/>\n\t<meta property=\"og:image:height\" content=\"450\" \/>\n\t<meta property=\"og:image:type\" content=\"image\/jpeg\" \/>\n<meta name=\"twitter:card\" content=\"summary\" \/>\n<meta name=\"twitter:label1\" content=\"Dur\u00e9e de lecture estim\u00e9e\" \/>\n\t<meta name=\"twitter:data1\" content=\"2 minutes\" \/>\n<script type=\"application\/ld+json\" class=\"yoast-schema-graph\">{\"@context\":\"https:\/\/schema.org\",\"@graph\":[{\"@type\":\"WebSite\",\"@id\":\"https:\/\/vacances-seasonova.com\/fr\/#website\",\"url\":\"https:\/\/vacances-seasonova.com\/fr\/\",\"name\":\"Seasonova | Campings Normandie, Bretagne, Pays de La Loire et Alsace\",\"description\":\"\",\"potentialAction\":[{\"@type\":\"SearchAction\",\"target\":{\"@type\":\"EntryPoint\",\"urlTemplate\":\"https:\/\/vacances-seasonova.com\/fr\/?s={search_term_string}\"},\"query-input\":\"required name=search_term_string\"}],\"inLanguage\":\"fr-FR\"},{\"@type\":\"ImageObject\",\"@id\":\"https:\/\/vacances-seasonova.com\/nl\/uw-mening-kamperen-interesseert-ons\/#primaryimage\",\"inLanguage\":\"fr-FR\",\"url\":\"https:\/\/vacances-seasonova.com\/wp-content\/uploads\/2016\/09\/bg-esprit-seasonova.jpg\",\"contentUrl\":\"https:\/\/vacances-seasonova.com\/wp-content\/uploads\/2016\/09\/bg-esprit-seasonova.jpg\",\"width\":1480,\"height\":450,\"caption\":\"FAQ camping nature Seasonova\"},{\"@type\":\"WebPage\",\"@id\":\"https:\/\/vacances-seasonova.com\/nl\/uw-mening-kamperen-interesseert-ons\/#webpage\",\"url\":\"https:\/\/vacances-seasonova.com\/nl\/uw-mening-kamperen-interesseert-ons\/\",\"name\":\"Votre avis Camping nous int\u00e9resse - Seasonova | Campings Normandie, Bretagne, Pays de La Loire et Alsace\",\"isPartOf\":{\"@id\":\"https:\/\/vacances-seasonova.com\/fr\/#website\"},\"primaryImageOfPage\":{\"@id\":\"https:\/\/vacances-seasonova.com\/nl\/uw-mening-kamperen-interesseert-ons\/#primaryimage\"},\"datePublished\":\"2016-09-20T13:42:40+00:00\",\"dateModified\":\"2025-08-29T07:38:39+00:00\",\"breadcrumb\":{\"@id\":\"https:\/\/vacances-seasonova.com\/nl\/uw-mening-kamperen-interesseert-ons\/#breadcrumb\"},\"inLanguage\":\"fr-FR\",\"potentialAction\":[{\"@type\":\"ReadAction\",\"target\":[\"https:\/\/vacances-seasonova.com\/nl\/uw-mening-kamperen-interesseert-ons\/\"]}]},{\"@type\":\"BreadcrumbList\",\"@id\":\"https:\/\/vacances-seasonova.com\/nl\/uw-mening-kamperen-interesseert-ons\/#breadcrumb\",\"itemListElement\":[{\"@type\":\"ListItem\",\"position\":1,\"name\":\"Accueil\",\"item\":\"https:\/\/vacances-seasonova.com\/nl\/\"},{\"@type\":\"ListItem\",\"position\":2,\"name\":\"Your opinion matters\"}]}]}<\/script>\n<!-- \/ Yoast SEO plugin. -->","yoast_head_json":{"robots":{"index":"index","follow":"follow","max-snippet":"max-snippet:-1","max-image-preview":"max-image-preview:large","max-video-preview":"max-video-preview:-1"},"canonical":"https:\/\/vacances-seasonova.com\/fr\/uw-mening-kamperen-interesseert-ons\/","og_locale":"fr_FR","og_type":"article","og_title":"Votre avis Camping nous int\u00e9resse - Seasonova | Campings Normandie, Bretagne, Pays de La Loire et Alsace","og_description":"Votre avis camping est important. Chez Seasonova, nos \u00e9quipes ont \u00e0 c\u0153ur de rendre votre exp\u00e9rience camping inoubliable et de faire de vos vacances des moments de d\u00e9tentes et d&rsquo;\u00e9vasion au top. Afin de nous [...]","og_url":"https:\/\/vacances-seasonova.com\/nl\/uw-mening-kamperen-interesseert-ons\/","og_site_name":"Seasonova | Campings Normandie, Bretagne, Pays de La Loire et Alsace","article_modified_time":"2025-08-29T07:38:39+00:00","og_image":[{"width":1480,"height":450,"url":"https:\/\/vacances-seasonova.com\/wp-content\/uploads\/2016\/09\/bg-esprit-seasonova.jpg","type":"image\/jpeg"}],"twitter_card":"summary","twitter_misc":{"Dur\u00e9e de lecture estim\u00e9e":"2 minutes"},"schema":{"@context":"https:\/\/schema.org","@graph":[{"@type":"WebSite","@id":"https:\/\/vacances-seasonova.com\/fr\/#website","url":"https:\/\/vacances-seasonova.com\/fr\/","name":"Seasonova | Campings Normandie, Bretagne, Pays de La Loire et Alsace","description":"","potentialAction":[{"@type":"SearchAction","target":{"@type":"EntryPoint","urlTemplate":"https:\/\/vacances-seasonova.com\/fr\/?s={search_term_string}"},"query-input":"required name=search_term_string"}],"inLanguage":"fr-FR"},{"@type":"ImageObject","@id":"https:\/\/vacances-seasonova.com\/nl\/uw-mening-kamperen-interesseert-ons\/#primaryimage","inLanguage":"fr-FR","url":"https:\/\/vacances-seasonova.com\/wp-content\/uploads\/2016\/09\/bg-esprit-seasonova.jpg","contentUrl":"https:\/\/vacances-seasonova.com\/wp-content\/uploads\/2016\/09\/bg-esprit-seasonova.jpg","width":1480,"height":450,"caption":"FAQ camping nature Seasonova"},{"@type":"WebPage","@id":"https:\/\/vacances-seasonova.com\/nl\/uw-mening-kamperen-interesseert-ons\/#webpage","url":"https:\/\/vacances-seasonova.com\/nl\/uw-mening-kamperen-interesseert-ons\/","name":"Votre avis Camping nous int\u00e9resse - Seasonova | Campings Normandie, Bretagne, Pays de La Loire et Alsace","isPartOf":{"@id":"https:\/\/vacances-seasonova.com\/fr\/#website"},"primaryImageOfPage":{"@id":"https:\/\/vacances-seasonova.com\/nl\/uw-mening-kamperen-interesseert-ons\/#primaryimage"},"datePublished":"2016-09-20T13:42:40+00:00","dateModified":"2025-08-29T07:38:39+00:00","breadcrumb":{"@id":"https:\/\/vacances-seasonova.com\/nl\/uw-mening-kamperen-interesseert-ons\/#breadcrumb"},"inLanguage":"fr-FR","potentialAction":[{"@type":"ReadAction","target":["https:\/\/vacances-seasonova.com\/nl\/uw-mening-kamperen-interesseert-ons\/"]}]},{"@type":"BreadcrumbList","@id":"https:\/\/vacances-seasonova.com\/nl\/uw-mening-kamperen-interesseert-ons\/#breadcrumb","itemListElement":[{"@type":"ListItem","position":1,"name":"Accueil","item":"https:\/\/vacances-seasonova.com\/nl\/"},{"@type":"ListItem","position":2,"name":"Your opinion matters"}]}]}},"_links":{"self":[{"href":"https:\/\/vacances-seasonova.com\/fr\/wp-json\/wp\/v2\/pages\/176"}],"collection":[{"href":"https:\/\/vacances-seasonova.com\/fr\/wp-json\/wp\/v2\/pages"}],"about":[{"href":"https:\/\/vacances-seasonova.com\/fr\/wp-json\/wp\/v2\/types\/page"}],"author":[{"embeddable":true,"href":"https:\/\/vacances-seasonova.com\/fr\/wp-json\/wp\/v2\/users\/3"}],"replies":[{"embeddable":true,"href":"https:\/\/vacances-seasonova.com\/fr\/wp-json\/wp\/v2\/comments?post=176"}],"version-history":[{"count":5,"href":"https:\/\/vacances-seasonova.com\/fr\/wp-json\/wp\/v2\/pages\/176\/revisions"}],"predecessor-version":[{"id":51823,"href":"https:\/\/vacances-seasonova.com\/fr\/wp-json\/wp\/v2\/pages\/176\/revisions\/51823"}],"wp:featuredmedia":[{"embeddable":true,"href":"https:\/\/vacances-seasonova.com\/fr\/wp-json\/wp\/v2\/media\/52"}],"wp:attachment":[{"href":"https:\/\/vacances-seasonova.com\/fr\/wp-json\/wp\/v2\/media?parent=176"}],"curies":[{"name":"wp","href":"https:\/\/api.w.org\/{rel}","templated":true}]}}