    {"id":17692,"date":"2020-04-24T10:32:23","date_gmt":"2020-04-24T08:32:23","guid":{"rendered":"https:\/\/vacances-seasonova.com\/fr\/?page_id=17692"},"modified":"2025-08-29T10:11:18","modified_gmt":"2025-08-29T08:11:18","slug":"qualite-et-labels","status":"publish","type":"page","link":"https:\/\/vacances-seasonova.com\/fr\/qualite-et-labels\/","title":{"rendered":"Qualit\u00e9 et labels"},"content":{"rendered":"<p>Renforcer et am\u00e9liorer la qualit\u00e9 de nos \u00e9tablissements est une priorit\u00e9 du groupe Seasonova.<br \/>\nL\u2019ensemble des processus de labellisation reposent sur des exigences et des modalit\u00e9s communes \u00e0 tous les \u00e9tablissements touristiques.<\/p>\n<p><img loading=\"lazy\" class=\"alignnone wp-image-17939 size-full\" src=\"https:\/\/vacances-seasonova.com\/wp-content\/uploads\/2020\/05\/1.jpg\" alt=\"\" width=\"700\" height=\"200\" srcset=\"https:\/\/vacances-seasonova.com\/wp-content\/uploads\/2020\/05\/1.jpg 700w, https:\/\/vacances-seasonova.com\/wp-content\/uploads\/2020\/05\/1-300x86.jpg 300w, https:\/\/vacances-seasonova.com\/wp-content\/uploads\/2020\/05\/1-600x171.jpg 600w\" sizes=\"(max-width: 700px) 100vw, 700px\" \/><\/p>\n<p>Parmi nos campings, vous retrouverez les labels suivants :<\/p>\n<h2>Qualit\u00e9 Tourisme&#x2122;<\/h2>\n<p>Vous recherchez un accueil et un service de qualit\u00e9 ? Chez Seasonova, vous tombez \u00e0 pic ! Tous nos campings sont labellis\u00e9s (ou en cours de labellisation) <a href=\"https:\/\/www.qualite-tourisme.gouv.fr\/fr\">Qualit\u00e9 Tourisme<\/a><a href=\"https:\/\/www.qualite-tourisme.gouv.fr\/fr\/la-marque-etat-qualite-tourisme\" rel=\"bookmark\">&#x2122;<\/a><\/p>\n<p>La qualit\u00e9 des services fournis par les professionnels du tourisme est r\u00e9guli\u00e8rement contr\u00f4l\u00e9e de mani\u00e8re ind\u00e9pendante pour vous donner l\u2019assurance de trouver des campings \u00e0 votre \u00e9coute et chaleureux. Les campings Seasonova labellis\u00e9s Qualit\u00e9 Tourisme&#x2122;<\/p>\n<p>vous garantissent des installations propres et confortables, un personnel comp\u00e9tent et attentif, qui vous donnera des conseils adapt\u00e9s afin de d\u00e9couvrir la r\u00e9gion au gr\u00e8s de vos envies !<\/p>\n<h2>Accueil V\u00e9lo<\/h2>\n<p>Nos \u00e9tablissements labellis\u00e9s Accueil V\u00e9lo sont l\u00e0 pour vous accueillir, vous conseiller et vous proposer des services de qualit\u00e9, adapt\u00e9s aux besoins des cyclotouristes ! Tous situ\u00e9s \u00e0 moins de 5 km d\u2019un itin\u00e9raire cyclable balis\u00e9 telles que les v\u00e9lo routes ou les voies vertes, nos campings labellis\u00e9s disposeront de toute la documentation et informations n\u00e9cessaires afin de vous permettre de d\u00e9couvrir les plus beaux endroits de la r\u00e9gion \u00e0 grand coups de p\u00e9dales !<\/p>\n<h2>Tourisme et Handicap<\/h2>\n<p>Chez Seasonova, nous nous engageons en facilitant l\u2019acc\u00e8s \u00e0 un tourisme pour tous, sans exception. Certains de nos campings ont volontairement souhait\u00e9 obtenir la marque d\u2019Etat \u00ab Tourisme &amp; Handicap \u00bb. \u00catre titulaire de cette marque signifie respecter de nombreux crit\u00e8res tr\u00e8s pr\u00e9cis qui sont contr\u00f4l\u00e9s par des \u00e9valuateurs sp\u00e9cialis\u00e9s. Les campings labellis\u00e9s sont donc enti\u00e8rement adapt\u00e9s aux personnes en situation de handicap et garantissent s\u00e9curit\u00e9 et autonomie, pour que tous puissent profiter pleinement de ses vacances !<\/p>\n<p><img loading=\"lazy\" class=\"alignnone wp-image-17942 size-full\" src=\"https:\/\/vacances-seasonova.com\/wp-content\/uploads\/2020\/05\/2.jpg\" alt=\"\" width=\"700\" height=\"200\" srcset=\"https:\/\/vacances-seasonova.com\/wp-content\/uploads\/2020\/05\/2.jpg 700w, https:\/\/vacances-seasonova.com\/wp-content\/uploads\/2020\/05\/2-300x86.jpg 300w, https:\/\/vacances-seasonova.com\/wp-content\/uploads\/2020\/05\/2-600x171.jpg 600w\" sizes=\"(max-width: 700px) 100vw, 700px\" \/><\/p>\n<h2>Cl\u00e9 verte<\/h2>\n<p>Parce que le respect de l\u2019environnement et l\u2019\u00e9cologie nous tiennent \u00e0 c\u0153ur et \u00e0 vous aussi, certains de nos campings ont fait la d\u00e9marche volontaire d\u2019obtenir le label clef verte : le premier label du tourisme durable international pour les h\u00e9bergements ! Ce label vous assure de passer un s\u00e9jour dans un h\u00e9bergement engag\u00e9 dans des d\u00e9marches environnementales et sociales, r\u00e9pondant \u00e0 plus<br \/>\nd\u2019une centaine de crit\u00e8res concernant la gestion touristique durable des h\u00e9bergements ! (Gestion durable des \u00e9nergies et des ressources, achats responsables, cadre de vie agr\u00e9able, sensibilisation \u00e0 l\u2019environnement et bien d\u2019autres actions sont mises en \u0153uvre). Cliquez sur ce lien pour en savoir plus sur les engagements des h\u00e9bergements labellis\u00e9s clef verte !<\/p>\n<h2>Famille +<\/h2>\n<p>Le label Famille plus est attribu\u00e9 \u00e0 toutes les communes qui mettent un point d\u2019honneur \u00e0 offrir un accueil de qualit\u00e9 aux familles. Les communes labellis\u00e9es Famille plus s\u2019engagent \u00e0 vous offrir un accueil chaleureux, des services \u00e0 port\u00e9e de main et des prestations encadr\u00e9es par des professionnels qualifi\u00e9s. Nos h\u00e9bergements install\u00e9s dans ces communes labellis\u00e9es b\u00e9n\u00e9ficient eux aussi de ce label, r\u00e9pondant aux m\u00eame crit\u00e8res qualitatifs ! Chez Seasonova, nous mettons un point d\u2019honneur \u00e0 ce que les familles se sentent pour le mieux et qu\u2019elles puissent profiter pleinement de leurs vacances, plac\u00e9es sous le signe des retrouvailles et du partage&#8230;<\/p>\n<h2>Les Plus Beaux Villages de France<\/h2>\n<p>Certains de nos campings sont situ\u00e9s \u00e0 proximit\u00e9 de ces villages labellis\u00e9s \u00ab Plus Beaux Villages de France \u00bb. Ces villages veillent \u00e0 respecter des crit\u00e8res tr\u00e8s strictes pour figurer parmi la liste des plus beaux de France ! Les patrimoines naturels et culturels pr\u00e9serv\u00e9s et mis en valeur sauront vous surprendre pour le plus grand bonheur des amoureux du charme des villages fran\u00e7ais\u2026<\/p>\n<h2>Station verte<\/h2>\n<p>Si vous souhaitez pratiquer un tourisme plus \u00e9cologique, nos campings Seasonova situ\u00e9s parmi ces communes labellis\u00e9es \u00ab station verte \u00bb, sont parfaits pour vous ! Le label \u00ab station verte \u00bb constitue le 1er label \u00e9cotouristique de France. Ces communes labellis\u00e9es sont toutes engag\u00e9es dans une d\u00e9marche \u00e9cotouristique, o\u00f9 le respect de l\u2019environnement, la valorisation du terroir et des savoirs faires locaux sont des valeurs primordiales parmi tant d\u2019autres ! Les stations vertes sont id\u00e9ales pour pratiquer le slow tourisme et enrichir votre exp\u00e9rience slow life ! Pour en savoir plus sur les engagements des stations vertes, vous pouvez cliquer sur ce lien : <a href=\"https:\/\/www.stationverte.com\/\">https:\/\/www.stationverte.com\/<\/a><\/p>","protected":false},"excerpt":{"rendered":"<p>Renforcer et am\u00e9liorer la qualit\u00e9 de nos \u00e9tablissements est une priorit\u00e9 du groupe Seasonova. L\u2019ensemble des processus de labellisation reposent sur des exigences et des modalit\u00e9s communes \u00e0 tous les \u00e9tablissements [&#8230;]<\/p>\n","protected":false},"author":2,"featured_media":26008,"parent":0,"menu_order":0,"comment_status":"closed","ping_status":"closed","template":"","meta":[],"yoast_head":"<!-- This site is optimized with the Yoast SEO plugin v18.1 - https:\/\/yoast.com\/wordpress\/plugins\/seo\/ -->\n<meta name=\"robots\" content=\"index, follow, max-snippet:-1, max-image-preview:large, max-video-preview:-1\" \/>\n<link rel=\"canonical\" href=\"https:\/\/vacances-seasonova.com\/fr\/kwaliteit-en-labels\/\" \/>\n<meta property=\"og:locale\" content=\"fr_FR\" \/>\n<meta property=\"og:type\" content=\"article\" \/>\n<meta property=\"og:title\" content=\"Qualit\u00e9 et labels - Seasonova | Campings Normandie, Bretagne, Pays de La Loire et Alsace\" \/>\n<meta property=\"og:description\" content=\"Renforcer et am\u00e9liorer la qualit\u00e9 de nos \u00e9tablissements est une priorit\u00e9 du groupe Seasonova. L\u2019ensemble des processus de labellisation reposent sur des exigences et des modalit\u00e9s communes \u00e0 tous les \u00e9tablissements [...]\" \/>\n<meta property=\"og:url\" content=\"https:\/\/vacances-seasonova.com\/nl\/kwaliteit-en-labels\/\" \/>\n<meta property=\"og:site_name\" content=\"Seasonova | Campings Normandie, Bretagne, Pays de La Loire et Alsace\" \/>\n<meta property=\"article:modified_time\" content=\"2025-08-29T08:11:18+00:00\" \/>\n<meta property=\"og:image\" content=\"https:\/\/vacances-seasonova.com\/wp-content\/uploads\/2022\/02\/pexels-jeshootscom-451589-1-scaled.jpg\" \/>\n\t<meta property=\"og:image:width\" content=\"2560\" \/>\n\t<meta property=\"og:image:height\" content=\"1707\" \/>\n\t<meta property=\"og:image:type\" content=\"image\/jpeg\" \/>\n<meta name=\"twitter:card\" content=\"summary\" \/>\n<meta name=\"twitter:label1\" content=\"Dur\u00e9e de lecture estim\u00e9e\" \/>\n\t<meta name=\"twitter:data1\" content=\"14 minutes\" \/>\n<script type=\"application\/ld+json\" class=\"yoast-schema-graph\">{\"@context\":\"https:\/\/schema.org\",\"@graph\":[{\"@type\":\"WebSite\",\"@id\":\"https:\/\/vacances-seasonova.com\/fr\/#website\",\"url\":\"https:\/\/vacances-seasonova.com\/fr\/\",\"name\":\"Seasonova | Campings Normandie, Bretagne, Pays de La Loire et Alsace\",\"description\":\"\",\"potentialAction\":[{\"@type\":\"SearchAction\",\"target\":{\"@type\":\"EntryPoint\",\"urlTemplate\":\"https:\/\/vacances-seasonova.com\/fr\/?s={search_term_string}\"},\"query-input\":\"required name=search_term_string\"}],\"inLanguage\":\"fr-FR\"},{\"@type\":\"ImageObject\",\"@id\":\"https:\/\/vacances-seasonova.com\/nl\/kwaliteit-en-labels\/#primaryimage\",\"inLanguage\":\"fr-FR\",\"url\":\"https:\/\/vacances-seasonova.com\/wp-content\/uploads\/2022\/02\/pexels-jeshootscom-451589-1-scaled.jpg\",\"contentUrl\":\"https:\/\/vacances-seasonova.com\/wp-content\/uploads\/2022\/02\/pexels-jeshootscom-451589-1-scaled.jpg\",\"width\":2560,\"height\":1707},{\"@type\":\"WebPage\",\"@id\":\"https:\/\/vacances-seasonova.com\/nl\/kwaliteit-en-labels\/#webpage\",\"url\":\"https:\/\/vacances-seasonova.com\/nl\/kwaliteit-en-labels\/\",\"name\":\"Qualit\u00e9 et labels - Seasonova | Campings Normandie, Bretagne, Pays de La Loire et Alsace\",\"isPartOf\":{\"@id\":\"https:\/\/vacances-seasonova.com\/fr\/#website\"},\"primaryImageOfPage\":{\"@id\":\"https:\/\/vacances-seasonova.com\/nl\/kwaliteit-en-labels\/#primaryimage\"},\"datePublished\":\"2020-04-24T08:32:23+00:00\",\"dateModified\":\"2025-08-29T08:11:18+00:00\",\"breadcrumb\":{\"@id\":\"https:\/\/vacances-seasonova.com\/nl\/kwaliteit-en-labels\/#breadcrumb\"},\"inLanguage\":\"fr-FR\",\"potentialAction\":[{\"@type\":\"ReadAction\",\"target\":[\"https:\/\/vacances-seasonova.com\/nl\/kwaliteit-en-labels\/\"]}]},{\"@type\":\"BreadcrumbList\",\"@id\":\"https:\/\/vacances-seasonova.com\/nl\/kwaliteit-en-labels\/#breadcrumb\",\"itemListElement\":[{\"@type\":\"ListItem\",\"position\":1,\"name\":\"Accueil\",\"item\":\"https:\/\/vacances-seasonova.com\/nl\/\"},{\"@type\":\"ListItem\",\"position\":2,\"name\":\"Qualit\u00e9 et labels\"}]}]}<\/script>\n<!-- \/ Yoast SEO plugin. -->","yoast_head_json":{"robots":{"index":"index","follow":"follow","max-snippet":"max-snippet:-1","max-image-preview":"max-image-preview:large","max-video-preview":"max-video-preview:-1"},"canonical":"https:\/\/vacances-seasonova.com\/fr\/kwaliteit-en-labels\/","og_locale":"fr_FR","og_type":"article","og_title":"Qualit\u00e9 et labels - Seasonova | Campings Normandie, Bretagne, Pays de La Loire et Alsace","og_description":"Renforcer et am\u00e9liorer la qualit\u00e9 de nos \u00e9tablissements est une priorit\u00e9 du groupe Seasonova. L\u2019ensemble des processus de labellisation reposent sur des exigences et des modalit\u00e9s communes \u00e0 tous les \u00e9tablissements [...]","og_url":"https:\/\/vacances-seasonova.com\/nl\/kwaliteit-en-labels\/","og_site_name":"Seasonova | Campings Normandie, Bretagne, Pays de La Loire et Alsace","article_modified_time":"2025-08-29T08:11:18+00:00","og_image":[{"width":2560,"height":1707,"url":"https:\/\/vacances-seasonova.com\/wp-content\/uploads\/2022\/02\/pexels-jeshootscom-451589-1-scaled.jpg","type":"image\/jpeg"}],"twitter_card":"summary","twitter_misc":{"Dur\u00e9e de lecture estim\u00e9e":"14 minutes"},"schema":{"@context":"https:\/\/schema.org","@graph":[{"@type":"WebSite","@id":"https:\/\/vacances-seasonova.com\/fr\/#website","url":"https:\/\/vacances-seasonova.com\/fr\/","name":"Seasonova | Campings Normandie, Bretagne, Pays de La Loire et Alsace","description":"","potentialAction":[{"@type":"SearchAction","target":{"@type":"EntryPoint","urlTemplate":"https:\/\/vacances-seasonova.com\/fr\/?s={search_term_string}"},"query-input":"required name=search_term_string"}],"inLanguage":"fr-FR"},{"@type":"ImageObject","@id":"https:\/\/vacances-seasonova.com\/nl\/kwaliteit-en-labels\/#primaryimage","inLanguage":"fr-FR","url":"https:\/\/vacances-seasonova.com\/wp-content\/uploads\/2022\/02\/pexels-jeshootscom-451589-1-scaled.jpg","contentUrl":"https:\/\/vacances-seasonova.com\/wp-content\/uploads\/2022\/02\/pexels-jeshootscom-451589-1-scaled.jpg","width":2560,"height":1707},{"@type":"WebPage","@id":"https:\/\/vacances-seasonova.com\/nl\/kwaliteit-en-labels\/#webpage","url":"https:\/\/vacances-seasonova.com\/nl\/kwaliteit-en-labels\/","name":"Qualit\u00e9 et labels - Seasonova | Campings Normandie, Bretagne, Pays de La Loire et Alsace","isPartOf":{"@id":"https:\/\/vacances-seasonova.com\/fr\/#website"},"primaryImageOfPage":{"@id":"https:\/\/vacances-seasonova.com\/nl\/kwaliteit-en-labels\/#primaryimage"},"datePublished":"2020-04-24T08:32:23+00:00","dateModified":"2025-08-29T08:11:18+00:00","breadcrumb":{"@id":"https:\/\/vacances-seasonova.com\/nl\/kwaliteit-en-labels\/#breadcrumb"},"inLanguage":"fr-FR","potentialAction":[{"@type":"ReadAction","target":["https:\/\/vacances-seasonova.com\/nl\/kwaliteit-en-labels\/"]}]},{"@type":"BreadcrumbList","@id":"https:\/\/vacances-seasonova.com\/nl\/kwaliteit-en-labels\/#breadcrumb","itemListElement":[{"@type":"ListItem","position":1,"name":"Accueil","item":"https:\/\/vacances-seasonova.com\/nl\/"},{"@type":"ListItem","position":2,"name":"Qualit\u00e9 et labels"}]}]}},"_links":{"self":[{"href":"https:\/\/vacances-seasonova.com\/fr\/wp-json\/wp\/v2\/pages\/17692"}],"collection":[{"href":"https:\/\/vacances-seasonova.com\/fr\/wp-json\/wp\/v2\/pages"}],"about":[{"href":"https:\/\/vacances-seasonova.com\/fr\/wp-json\/wp\/v2\/types\/page"}],"author":[{"embeddable":true,"href":"https:\/\/vacances-seasonova.com\/fr\/wp-json\/wp\/v2\/users\/2"}],"replies":[{"embeddable":true,"href":"https:\/\/vacances-seasonova.com\/fr\/wp-json\/wp\/v2\/comments?post=17692"}],"version-history":[{"count":3,"href":"https:\/\/vacances-seasonova.com\/fr\/wp-json\/wp\/v2\/pages\/17692\/revisions"}],"predecessor-version":[{"id":51843,"href":"https:\/\/vacances-seasonova.com\/fr\/wp-json\/wp\/v2\/pages\/17692\/revisions\/51843"}],"wp:featuredmedia":[{"embeddable":true,"href":"https:\/\/vacances-seasonova.com\/fr\/wp-json\/wp\/v2\/media\/26008"}],"wp:attachment":[{"href":"https:\/\/vacances-seasonova.com\/fr\/wp-json\/wp\/v2\/media?parent=17692"}],"curies":[{"name":"wp","href":"https:\/\/api.w.org\/{rel}","templated":true}]}}