    {"id":17741,"date":"2020-04-25T20:30:26","date_gmt":"2020-04-25T18:30:26","guid":{"rendered":"https:\/\/vacances-seasonova.com\/fr\/?page_id=17741"},"modified":"2021-03-30T13:57:33","modified_gmt":"2021-03-30T11:57:33","slug":"page-des-marees","status":"publish","type":"page","link":"https:\/\/vacances-seasonova.com\/fr\/horaires-des-marees\/","title":{"rendered":"Horaires des mar\u00e9es"},"content":{"rendered":"<p>Les mar\u00e9es correspondent aux oscillations du niveau de la mer qui se produisent de fa\u00e7on p\u00e9riodique et qui d\u00e9pendent de la lune et du soleil. L&rsquo;\u00e9tat et la position des deux influencent significativement le mouvement et la hauteur des mar\u00e9es. Et en fonction de la mar\u00e9e, vous pouvez faire certaines activit\u00e9s. Les campings Vacances Seasonova de Bretagne, de Normandie ou de l&rsquo;\u00eele de R\u00e9, sont \u00a0proches des plages de l\u2019Atlantique et nous avons r\u00e9uni pour vous ces informations sur les horaires des mar\u00e9es fort utiles pour votre s\u00e9jour.<\/p>\n<h2>Pourquoi est-il important de connaitre les mar\u00e9es<\/h2>\n<p>La table des mar\u00e9es\u00a0 est importante car elle vous permet de savoir si la mar\u00e9e est haute, si elle est basse, \u00e0 quelle heure il y aura des changements, comment certains ph\u00e9nom\u00e8nes m\u00e9t\u00e9orologiques comme la pluie ou le vent les affecteront&#8230; En bref, en lisant la table des mar\u00e9es, vous pouvez tirer de nombreuses conclusions. Par exemple, lorsqu&rsquo;il s&rsquo;agit de p\u00eache, de plong\u00e9e, de sports comme le surf ou le kitesurf ou simplement de se promener sur le rivage, beaucoup de choses d\u00e9pendent du fait que la mar\u00e9e est haute ou basse. Certaines activit\u00e9s sont plus recommand\u00e9es lorsque la mar\u00e9e est haute et d&rsquo;autres sont plus appropri\u00e9es lorsque la mar\u00e9e est basse. C&rsquo;est pourquoi il est important de consulter ces horaires.<\/p>\n<table style=\"text-align: center; width: 100%;\" border=\"0\" cellspacing=\"0\" cellpadding=\"0\">\n<tbody>\n<tr>\n<td>\n<h2>Horaire des mar\u00e9es Ouistreham<\/h2>\n<\/td>\n<td>\n<h2>Horaire des mar\u00e9es Veule les roses<\/h2>\n<\/td>\n<\/tr>\n<tr>\n<td><script src=\"https:\/\/services.data.shom.fr\/hdm\/vignette\/petite\/OUISTREHAM?locale=fr\"><\/script><\/td>\n<td><script src=\"https:\/\/services.data.shom.fr\/hdm\/vignette\/petite\/FECAMP?locale=fr\"><\/script><\/td>\n<\/tr>\n<\/tbody>\n<\/table>\n<table style=\"text-align: center; width: 100%;\" border=\"0\" cellspacing=\"0\" cellpadding=\"0\">\n<tbody>\n<tr>\n<td>\n<h2>\n<h2>Horaire des mar\u00e9es Tr\u00e9levern<\/h2>\n<\/h2>\n<\/td>\n<td>\n<h2>Horaire des mar\u00e9es Ile de R\u00e9<\/h2>\n<\/td>\n<\/tr>\n<tr>\n<td><script src=\"https:\/\/services.data.shom.fr\/hdm\/vignette\/petite\/PERROS-GUIREC_TRESTRAOU?locale=fr\"><\/script><\/td>\n<td><script src=\"https:\/\/services.data.shom.fr\/hdm\/vignette\/petite\/SAINT-MARTIN_DE_RE?locale=fr\"><\/script><\/td>\n<\/tr>\n<\/tbody>\n<\/table>\n<h2>Mar\u00e9e haute et basse<\/h2>\n<p>La mar\u00e9e haute correspond au moment o\u00f9 le niveau de la mer atteint le niveau le plus \u00e9lev\u00e9 du cycle des mar\u00e9es. Pour vous donner une id\u00e9e, c&rsquo;est quand vous allez \u00e0 la plage et que l&rsquo;eau est la plus haute possible. En revanche, la mar\u00e9e basse est le moment o\u00f9 le niveau de la mer atteint son minimum. Entre l&rsquo;un et l&rsquo;autre, le niveau de la mer change continuellement en raison du mouvement et des phases de la lune et du soleil.<\/p>\n<h2>Vacances Seasonova, passion de la mer<\/h2>\n<p>Chez Vacances Seasonova, nous souhaitons que vous\u00a0 viviez une exp\u00e9rience unique lors de vos vacances dans l&rsquo;un de nos campings. \u00a0\u00ab Le monde aurait pu \u00eatre simple comme le ciel et la mer \u00bb disait Andr\u00e9 Malraux. Le rythme de la\u00a0 mer est intemporel, et le suivre, se calquer dessus, vous aidera \u00e0 vous reconnecter avec vous m\u00eame et avec vos proches lors de vos vacances nature.<\/p>\n<p>Outre les informations sur les horaires des mar\u00e9es, les campings Vacances Seasonova proposent de nombreux autres services. Vous trouverez sur ce site des informations sur la Bretagne, la Normandie ou l&rsquo;Ile de R\u00e9 pour d\u00e9couvrir \u00a0les meilleurs endroits \u00e0 visiter, o\u00f9 se restaurer, quels sont \u00a0les \u00e9v\u00e9nements qui se d\u00e9roulent aux alentours\u2026.Nous organisons \u00e9galement des se\u00e1nces de relaxation, louons des v\u00e9los, disposons de restaurants\u00a0 le tout dans l\u2019 atmosph\u00e8re slow life qui nous caract\u00e9rise.<\/p>","protected":false},"excerpt":{"rendered":"<p>Les mar\u00e9es correspondent aux oscillations du niveau de la mer qui se produisent de fa\u00e7on p\u00e9riodique et qui d\u00e9pendent de la lune et du soleil. L&rsquo;\u00e9tat et la position des deux influencent significativement le [&#8230;]<\/p>\n","protected":false},"author":3,"featured_media":17435,"parent":0,"menu_order":0,"comment_status":"closed","ping_status":"closed","template":"","meta":[],"yoast_head":"<!-- This site is optimized with the Yoast SEO plugin v18.1 - https:\/\/yoast.com\/wordpress\/plugins\/seo\/ -->\n<meta name=\"robots\" content=\"index, follow, max-snippet:-1, max-image-preview:large, max-video-preview:-1\" \/>\n<link rel=\"canonical\" href=\"https:\/\/vacances-seasonova.com\/fr\/horaires-des-marees\/\" \/>\n<meta property=\"og:locale\" content=\"fr_FR\" \/>\n<meta property=\"og:type\" content=\"article\" \/>\n<meta property=\"og:title\" content=\"Horaires des mar\u00e9es - Seasonova | Campings Normandie, Bretagne, Pays de La Loire et Alsace\" \/>\n<meta property=\"og:description\" content=\"Les mar\u00e9es correspondent aux oscillations du niveau de la mer qui se produisent de fa\u00e7on p\u00e9riodique et qui d\u00e9pendent de la lune et du soleil. L&rsquo;\u00e9tat et la position des deux influencent significativement le [...]\" \/>\n<meta property=\"og:url\" content=\"https:\/\/vacances-seasonova.com\/fr\/horaires-des-marees\/\" \/>\n<meta property=\"og:site_name\" content=\"Seasonova | Campings Normandie, Bretagne, Pays de La Loire et Alsace\" \/>\n<meta property=\"article:modified_time\" content=\"2021-03-30T11:57:33+00:00\" \/>\n<meta property=\"og:image\" content=\"https:\/\/vacances-seasonova.com\/wp-content\/uploads\/2020\/04\/adobestock_116090234-753x450.jpeg\" \/>\n\t<meta property=\"og:image:width\" content=\"753\" \/>\n\t<meta property=\"og:image:height\" content=\"450\" \/>\n\t<meta property=\"og:image:type\" content=\"image\/jpeg\" \/>\n<meta name=\"twitter:card\" content=\"summary\" \/>\n<meta name=\"twitter:label1\" content=\"Dur\u00e9e de lecture estim\u00e9e\" \/>\n\t<meta name=\"twitter:data1\" content=\"4 minutes\" \/>\n<script type=\"application\/ld+json\" class=\"yoast-schema-graph\">{\"@context\":\"https:\/\/schema.org\",\"@graph\":[{\"@type\":\"WebSite\",\"@id\":\"https:\/\/vacances-seasonova.com\/fr\/#website\",\"url\":\"https:\/\/vacances-seasonova.com\/fr\/\",\"name\":\"Seasonova | Campings Normandie, Bretagne, Pays de La Loire et Alsace\",\"description\":\"\",\"potentialAction\":[{\"@type\":\"SearchAction\",\"target\":{\"@type\":\"EntryPoint\",\"urlTemplate\":\"https:\/\/vacances-seasonova.com\/fr\/?s={search_term_string}\"},\"query-input\":\"required name=search_term_string\"}],\"inLanguage\":\"fr-FR\"},{\"@type\":\"ImageObject\",\"@id\":\"https:\/\/vacances-seasonova.com\/fr\/horaires-des-marees\/#primaryimage\",\"inLanguage\":\"fr-FR\",\"url\":\"https:\/\/vacances-seasonova.com\/wp-content\/uploads\/2020\/04\/adobestock_116090234.jpeg\",\"contentUrl\":\"https:\/\/vacances-seasonova.com\/wp-content\/uploads\/2020\/04\/adobestock_116090234.jpeg\",\"width\":2988,\"height\":1785,\"caption\":\"Granit rose \u00e0 Ploumanach\"},{\"@type\":\"WebPage\",\"@id\":\"https:\/\/vacances-seasonova.com\/fr\/horaires-des-marees\/#webpage\",\"url\":\"https:\/\/vacances-seasonova.com\/fr\/horaires-des-marees\/\",\"name\":\"Horaires des mar\u00e9es - Seasonova | Campings Normandie, Bretagne, Pays de La Loire et Alsace\",\"isPartOf\":{\"@id\":\"https:\/\/vacances-seasonova.com\/fr\/#website\"},\"primaryImageOfPage\":{\"@id\":\"https:\/\/vacances-seasonova.com\/fr\/horaires-des-marees\/#primaryimage\"},\"datePublished\":\"2020-04-25T18:30:26+00:00\",\"dateModified\":\"2021-03-30T11:57:33+00:00\",\"breadcrumb\":{\"@id\":\"https:\/\/vacances-seasonova.com\/fr\/horaires-des-marees\/#breadcrumb\"},\"inLanguage\":\"fr-FR\",\"potentialAction\":[{\"@type\":\"ReadAction\",\"target\":[\"https:\/\/vacances-seasonova.com\/fr\/horaires-des-marees\/\"]}]},{\"@type\":\"BreadcrumbList\",\"@id\":\"https:\/\/vacances-seasonova.com\/fr\/horaires-des-marees\/#breadcrumb\",\"itemListElement\":[{\"@type\":\"ListItem\",\"position\":1,\"name\":\"Accueil\",\"item\":\"https:\/\/vacances-seasonova.com\/nl\/\"},{\"@type\":\"ListItem\",\"position\":2,\"name\":\"Horaires des mar\u00e9es\"}]}]}<\/script>\n<!-- \/ Yoast SEO plugin. -->","yoast_head_json":{"robots":{"index":"index","follow":"follow","max-snippet":"max-snippet:-1","max-image-preview":"max-image-preview:large","max-video-preview":"max-video-preview:-1"},"canonical":"https:\/\/vacances-seasonova.com\/fr\/horaires-des-marees\/","og_locale":"fr_FR","og_type":"article","og_title":"Horaires des mar\u00e9es - Seasonova | Campings Normandie, Bretagne, Pays de La Loire et Alsace","og_description":"Les mar\u00e9es correspondent aux oscillations du niveau de la mer qui se produisent de fa\u00e7on p\u00e9riodique et qui d\u00e9pendent de la lune et du soleil. L&rsquo;\u00e9tat et la position des deux influencent significativement le [...]","og_url":"https:\/\/vacances-seasonova.com\/fr\/horaires-des-marees\/","og_site_name":"Seasonova | Campings Normandie, Bretagne, Pays de La Loire et Alsace","article_modified_time":"2021-03-30T11:57:33+00:00","og_image":[{"width":753,"height":450,"url":"https:\/\/vacances-seasonova.com\/wp-content\/uploads\/2020\/04\/adobestock_116090234-753x450.jpeg","type":"image\/jpeg"}],"twitter_card":"summary","twitter_misc":{"Dur\u00e9e de lecture estim\u00e9e":"4 minutes"},"schema":{"@context":"https:\/\/schema.org","@graph":[{"@type":"WebSite","@id":"https:\/\/vacances-seasonova.com\/fr\/#website","url":"https:\/\/vacances-seasonova.com\/fr\/","name":"Seasonova | Campings Normandie, Bretagne, Pays de La Loire et Alsace","description":"","potentialAction":[{"@type":"SearchAction","target":{"@type":"EntryPoint","urlTemplate":"https:\/\/vacances-seasonova.com\/fr\/?s={search_term_string}"},"query-input":"required name=search_term_string"}],"inLanguage":"fr-FR"},{"@type":"ImageObject","@id":"https:\/\/vacances-seasonova.com\/fr\/horaires-des-marees\/#primaryimage","inLanguage":"fr-FR","url":"https:\/\/vacances-seasonova.com\/wp-content\/uploads\/2020\/04\/adobestock_116090234.jpeg","contentUrl":"https:\/\/vacances-seasonova.com\/wp-content\/uploads\/2020\/04\/adobestock_116090234.jpeg","width":2988,"height":1785,"caption":"Granit rose \u00e0 Ploumanach"},{"@type":"WebPage","@id":"https:\/\/vacances-seasonova.com\/fr\/horaires-des-marees\/#webpage","url":"https:\/\/vacances-seasonova.com\/fr\/horaires-des-marees\/","name":"Horaires des mar\u00e9es - Seasonova | Campings Normandie, Bretagne, Pays de La Loire et Alsace","isPartOf":{"@id":"https:\/\/vacances-seasonova.com\/fr\/#website"},"primaryImageOfPage":{"@id":"https:\/\/vacances-seasonova.com\/fr\/horaires-des-marees\/#primaryimage"},"datePublished":"2020-04-25T18:30:26+00:00","dateModified":"2021-03-30T11:57:33+00:00","breadcrumb":{"@id":"https:\/\/vacances-seasonova.com\/fr\/horaires-des-marees\/#breadcrumb"},"inLanguage":"fr-FR","potentialAction":[{"@type":"ReadAction","target":["https:\/\/vacances-seasonova.com\/fr\/horaires-des-marees\/"]}]},{"@type":"BreadcrumbList","@id":"https:\/\/vacances-seasonova.com\/fr\/horaires-des-marees\/#breadcrumb","itemListElement":[{"@type":"ListItem","position":1,"name":"Accueil","item":"https:\/\/vacances-seasonova.com\/nl\/"},{"@type":"ListItem","position":2,"name":"Horaires des mar\u00e9es"}]}]}},"_links":{"self":[{"href":"https:\/\/vacances-seasonova.com\/fr\/wp-json\/wp\/v2\/pages\/17741"}],"collection":[{"href":"https:\/\/vacances-seasonova.com\/fr\/wp-json\/wp\/v2\/pages"}],"about":[{"href":"https:\/\/vacances-seasonova.com\/fr\/wp-json\/wp\/v2\/types\/page"}],"author":[{"embeddable":true,"href":"https:\/\/vacances-seasonova.com\/fr\/wp-json\/wp\/v2\/users\/3"}],"replies":[{"embeddable":true,"href":"https:\/\/vacances-seasonova.com\/fr\/wp-json\/wp\/v2\/comments?post=17741"}],"version-history":[{"count":0,"href":"https:\/\/vacances-seasonova.com\/fr\/wp-json\/wp\/v2\/pages\/17741\/revisions"}],"wp:featuredmedia":[{"embeddable":true,"href":"https:\/\/vacances-seasonova.com\/fr\/wp-json\/wp\/v2\/media\/17435"}],"wp:attachment":[{"href":"https:\/\/vacances-seasonova.com\/fr\/wp-json\/wp\/v2\/media?parent=17741"}],"curies":[{"name":"wp","href":"https:\/\/api.w.org\/{rel}","templated":true}]}}