    {"id":183,"date":"2016-09-20T14:47:10","date_gmt":"2016-09-20T13:47:10","guid":{"rendered":"http:\/\/vacances-seasonova.com\/?page_id=183"},"modified":"2021-05-27T16:06:07","modified_gmt":"2021-05-27T14:06:07","slug":"accueil-velo","status":"publish","type":"page","link":"https:\/\/vacances-seasonova.com\/fr\/accueil-velo\/","title":{"rendered":"Accueil v\u00e9lo"},"content":{"rendered":"<p>Le Label Accueil v\u00e9lo a pour but de proposer\u00a0aux client\u00e8les cyclistes une marque simple et lisible sur l&rsquo;ensemble des territoires disposant d&rsquo;itin\u00e9raires cyclables touristiques, jalonn\u00e9s et respectueux du cahier des charges national des v\u00e9lo-routes et voies vertes.<\/p>\n<p>Un camping labellis\u00e9 \u00ab\u00a0Accueil v\u00e9lo\u00a0\u00bb est tout de suite identifiable comme adapt\u00e9 \u00e0 la pratique du tourisme \u00e0 v\u00e9lo et garanti de vous offrir des prestations et des services parfaitement adapt\u00e9s au tourisme \u00e0 v\u00e9lo:\u00a0un emplacement rando \u00e0 6,50 \u20ac, toutes les infos sur les parcours, un local pour ranger le v\u00e9lo en toute s\u00e9curit\u00e9, du mat\u00e9riel de d\u00e9pannage !<\/p>\n<p><img class=\"image-right aligncenter\" title=\"Accueil V\u00e9lo (Cyclist Welcome) Logo\" src=\"https:\/\/www.francevelotourisme.com\/sites\/default\/files\/medias\/images\/logo-accueil-velo.jpg\" alt=\"Accueil V\u00e9lo (Cyclist Welcome) Logo\" \/><\/p>","protected":false},"excerpt":{"rendered":"<p>Le Label Accueil v\u00e9lo a pour but de proposer\u00a0aux client\u00e8les cyclistes une marque simple et lisible sur l&rsquo;ensemble des territoires disposant d&rsquo;itin\u00e9raires cyclables touristiques, jalonn\u00e9s et respectueux du [&#8230;]<\/p>\n","protected":false},"author":3,"featured_media":52,"parent":0,"menu_order":0,"comment_status":"closed","ping_status":"closed","template":"page.php","meta":[],"yoast_head":"<!-- This site is optimized with the Yoast SEO plugin v18.1 - https:\/\/yoast.com\/wordpress\/plugins\/seo\/ -->\n<meta name=\"robots\" content=\"index, follow, max-snippet:-1, max-image-preview:large, max-video-preview:-1\" \/>\n<link rel=\"canonical\" href=\"https:\/\/vacances-seasonova.com\/fr\/labelled-campsites-for-cycling\/\" \/>\n<meta property=\"og:locale\" content=\"fr_FR\" \/>\n<meta property=\"og:type\" content=\"article\" \/>\n<meta property=\"og:title\" content=\"Accueil v\u00e9lo - Seasonova | Campings Normandie, Bretagne, Pays de La Loire et Alsace\" \/>\n<meta property=\"og:description\" content=\"Le Label Accueil v\u00e9lo a pour but de proposer\u00a0aux client\u00e8les cyclistes une marque simple et lisible sur l&rsquo;ensemble des territoires disposant d&rsquo;itin\u00e9raires cyclables touristiques, jalonn\u00e9s et respectueux du [...]\" \/>\n<meta property=\"og:url\" content=\"https:\/\/vacances-seasonova.com\/en\/labelled-campsites-for-cycling\/\" \/>\n<meta property=\"og:site_name\" content=\"Seasonova | Campings Normandie, Bretagne, Pays de La Loire et Alsace\" \/>\n<meta property=\"article:modified_time\" content=\"2021-05-27T14:06:07+00:00\" \/>\n<meta property=\"og:image\" content=\"https:\/\/vacances-seasonova.com\/wp-content\/uploads\/2016\/09\/bg-esprit-seasonova.jpg\" \/>\n\t<meta property=\"og:image:width\" content=\"1480\" \/>\n\t<meta property=\"og:image:height\" content=\"450\" \/>\n\t<meta property=\"og:image:type\" content=\"image\/jpeg\" \/>\n<meta name=\"twitter:card\" content=\"summary\" \/>\n<meta name=\"twitter:label1\" content=\"Dur\u00e9e de lecture estim\u00e9e\" \/>\n\t<meta name=\"twitter:data1\" content=\"1 minute\" \/>\n<script type=\"application\/ld+json\" class=\"yoast-schema-graph\">{\"@context\":\"https:\/\/schema.org\",\"@graph\":[{\"@type\":\"WebSite\",\"@id\":\"https:\/\/vacances-seasonova.com\/fr\/#website\",\"url\":\"https:\/\/vacances-seasonova.com\/fr\/\",\"name\":\"Seasonova | Campings Normandie, Bretagne, Pays de La Loire et Alsace\",\"description\":\"\",\"potentialAction\":[{\"@type\":\"SearchAction\",\"target\":{\"@type\":\"EntryPoint\",\"urlTemplate\":\"https:\/\/vacances-seasonova.com\/fr\/?s={search_term_string}\"},\"query-input\":\"required name=search_term_string\"}],\"inLanguage\":\"fr-FR\"},{\"@type\":\"ImageObject\",\"@id\":\"https:\/\/vacances-seasonova.com\/en\/labelled-campsites-for-cycling\/#primaryimage\",\"inLanguage\":\"fr-FR\",\"url\":\"https:\/\/vacances-seasonova.com\/wp-content\/uploads\/2016\/09\/bg-esprit-seasonova.jpg\",\"contentUrl\":\"https:\/\/vacances-seasonova.com\/wp-content\/uploads\/2016\/09\/bg-esprit-seasonova.jpg\",\"width\":1480,\"height\":450,\"caption\":\"FAQ camping nature Seasonova\"},{\"@type\":\"WebPage\",\"@id\":\"https:\/\/vacances-seasonova.com\/en\/labelled-campsites-for-cycling\/#webpage\",\"url\":\"https:\/\/vacances-seasonova.com\/en\/labelled-campsites-for-cycling\/\",\"name\":\"Accueil v\u00e9lo - Seasonova | Campings Normandie, Bretagne, Pays de La Loire et Alsace\",\"isPartOf\":{\"@id\":\"https:\/\/vacances-seasonova.com\/fr\/#website\"},\"primaryImageOfPage\":{\"@id\":\"https:\/\/vacances-seasonova.com\/en\/labelled-campsites-for-cycling\/#primaryimage\"},\"datePublished\":\"2016-09-20T13:47:10+00:00\",\"dateModified\":\"2021-05-27T14:06:07+00:00\",\"breadcrumb\":{\"@id\":\"https:\/\/vacances-seasonova.com\/en\/labelled-campsites-for-cycling\/#breadcrumb\"},\"inLanguage\":\"fr-FR\",\"potentialAction\":[{\"@type\":\"ReadAction\",\"target\":[\"https:\/\/vacances-seasonova.com\/en\/labelled-campsites-for-cycling\/\"]}]},{\"@type\":\"BreadcrumbList\",\"@id\":\"https:\/\/vacances-seasonova.com\/en\/labelled-campsites-for-cycling\/#breadcrumb\",\"itemListElement\":[{\"@type\":\"ListItem\",\"position\":1,\"name\":\"Accueil\",\"item\":\"https:\/\/vacances-seasonova.com\/nl\/\"},{\"@type\":\"ListItem\",\"position\":2,\"name\":\"Cyclists welcome\"}]}]}<\/script>\n<!-- \/ Yoast SEO plugin. -->","yoast_head_json":{"robots":{"index":"index","follow":"follow","max-snippet":"max-snippet:-1","max-image-preview":"max-image-preview:large","max-video-preview":"max-video-preview:-1"},"canonical":"https:\/\/vacances-seasonova.com\/fr\/labelled-campsites-for-cycling\/","og_locale":"fr_FR","og_type":"article","og_title":"Accueil v\u00e9lo - Seasonova | Campings Normandie, Bretagne, Pays de La Loire et Alsace","og_description":"Le Label Accueil v\u00e9lo a pour but de proposer\u00a0aux client\u00e8les cyclistes une marque simple et lisible sur l&rsquo;ensemble des territoires disposant d&rsquo;itin\u00e9raires cyclables touristiques, jalonn\u00e9s et respectueux du [...]","og_url":"https:\/\/vacances-seasonova.com\/en\/labelled-campsites-for-cycling\/","og_site_name":"Seasonova | Campings Normandie, Bretagne, Pays de La Loire et Alsace","article_modified_time":"2021-05-27T14:06:07+00:00","og_image":[{"width":1480,"height":450,"url":"https:\/\/vacances-seasonova.com\/wp-content\/uploads\/2016\/09\/bg-esprit-seasonova.jpg","type":"image\/jpeg"}],"twitter_card":"summary","twitter_misc":{"Dur\u00e9e de lecture estim\u00e9e":"1 minute"},"schema":{"@context":"https:\/\/schema.org","@graph":[{"@type":"WebSite","@id":"https:\/\/vacances-seasonova.com\/fr\/#website","url":"https:\/\/vacances-seasonova.com\/fr\/","name":"Seasonova | Campings Normandie, Bretagne, Pays de La Loire et Alsace","description":"","potentialAction":[{"@type":"SearchAction","target":{"@type":"EntryPoint","urlTemplate":"https:\/\/vacances-seasonova.com\/fr\/?s={search_term_string}"},"query-input":"required name=search_term_string"}],"inLanguage":"fr-FR"},{"@type":"ImageObject","@id":"https:\/\/vacances-seasonova.com\/en\/labelled-campsites-for-cycling\/#primaryimage","inLanguage":"fr-FR","url":"https:\/\/vacances-seasonova.com\/wp-content\/uploads\/2016\/09\/bg-esprit-seasonova.jpg","contentUrl":"https:\/\/vacances-seasonova.com\/wp-content\/uploads\/2016\/09\/bg-esprit-seasonova.jpg","width":1480,"height":450,"caption":"FAQ camping nature Seasonova"},{"@type":"WebPage","@id":"https:\/\/vacances-seasonova.com\/en\/labelled-campsites-for-cycling\/#webpage","url":"https:\/\/vacances-seasonova.com\/en\/labelled-campsites-for-cycling\/","name":"Accueil v\u00e9lo - Seasonova | Campings Normandie, Bretagne, Pays de La Loire et Alsace","isPartOf":{"@id":"https:\/\/vacances-seasonova.com\/fr\/#website"},"primaryImageOfPage":{"@id":"https:\/\/vacances-seasonova.com\/en\/labelled-campsites-for-cycling\/#primaryimage"},"datePublished":"2016-09-20T13:47:10+00:00","dateModified":"2021-05-27T14:06:07+00:00","breadcrumb":{"@id":"https:\/\/vacances-seasonova.com\/en\/labelled-campsites-for-cycling\/#breadcrumb"},"inLanguage":"fr-FR","potentialAction":[{"@type":"ReadAction","target":["https:\/\/vacances-seasonova.com\/en\/labelled-campsites-for-cycling\/"]}]},{"@type":"BreadcrumbList","@id":"https:\/\/vacances-seasonova.com\/en\/labelled-campsites-for-cycling\/#breadcrumb","itemListElement":[{"@type":"ListItem","position":1,"name":"Accueil","item":"https:\/\/vacances-seasonova.com\/nl\/"},{"@type":"ListItem","position":2,"name":"Cyclists welcome"}]}]}},"_links":{"self":[{"href":"https:\/\/vacances-seasonova.com\/fr\/wp-json\/wp\/v2\/pages\/183"}],"collection":[{"href":"https:\/\/vacances-seasonova.com\/fr\/wp-json\/wp\/v2\/pages"}],"about":[{"href":"https:\/\/vacances-seasonova.com\/fr\/wp-json\/wp\/v2\/types\/page"}],"author":[{"embeddable":true,"href":"https:\/\/vacances-seasonova.com\/fr\/wp-json\/wp\/v2\/users\/3"}],"replies":[{"embeddable":true,"href":"https:\/\/vacances-seasonova.com\/fr\/wp-json\/wp\/v2\/comments?post=183"}],"version-history":[{"count":0,"href":"https:\/\/vacances-seasonova.com\/fr\/wp-json\/wp\/v2\/pages\/183\/revisions"}],"wp:featuredmedia":[{"embeddable":true,"href":"https:\/\/vacances-seasonova.com\/fr\/wp-json\/wp\/v2\/media\/52"}],"wp:attachment":[{"href":"https:\/\/vacances-seasonova.com\/fr\/wp-json\/wp\/v2\/media?parent=183"}],"curies":[{"name":"wp","href":"https:\/\/api.w.org\/{rel}","templated":true}]}}