    {"id":185,"date":"2016-09-20T14:47:57","date_gmt":"2016-09-20T13:47:57","guid":{"rendered":"http:\/\/vacances-seasonova.com\/?page_id=185"},"modified":"2025-08-29T10:31:58","modified_gmt":"2025-08-29T08:31:58","slug":"carte-fidelite-camping","status":"publish","type":"page","link":"https:\/\/vacances-seasonova.com\/fr\/rejoignez-laventure-carte-fidelite-camping\/","title":{"rendered":"Rejoignez l\u2019aventure \u2013 Membre Mon Seasonova"},"content":{"rendered":"<p><\/p>\n<h1>Rejoignez l\u2019aventure \u2013 Membre Mon Seasonova<\/h1>\n<h2>Notre programme fid\u00e9lit\u00e9 se r\u00e9invente<\/h2>\n<p>Parce que votre fid\u00e9lit\u00e9 compte pour nous, nous vous proposons de devenir membre de Mon Seasonova : un programme qui vous r\u00e9compense ! L\u2019inscription se fait gratuitement via notre site internet. Le principe est simple : plus vous campez, plus vous \u00eates r\u00e9compens\u00e9s.<\/p>\n<p>1\u20ac d\u00e9pens\u00e9 = 1 p\u00e9tale gagn\u00e9<\/p>\n<p>500 p\u00e9tales = 15\u20ac de r\u00e9duction<\/p>\n<p>Vous avez la possibilit\u00e9 de devenir Membre Slow ou Membres Privil\u00e8ges. En fonction de votre statut, vous pourrez b\u00e9n\u00e9ficier d\u2019avantages comme des options offertes, des tarifs pr\u00e9f\u00e9rentiels et bien d\u2019autres. \u00a0Vous aurez le choix d\u2019accumuler des p\u00e9tales pour les convertir en r\u00e9duction ou de les utiliser pour vous offrir diff\u00e9rents services.<\/p>\n<p><a href=\"https:\/\/customeraccount.secureholiday.net\/vacances-seasonova\/Login?_ga=2.246596934.310339293.1708330018-208678515.1700564979\">Inscrivez-vous pour ne manquer aucune offre\u00a0!<\/a><\/p>\n<p><img loading=\"lazy\" class=\"alignnone size-full wp-image-39018\" src=\"https:\/\/vacances-seasonova.com\/wp-content\/uploads\/2024\/02\/visuel-programme-membre-fr.jpg\" alt=\"\" width=\"1024\" height=\"1448\" srcset=\"https:\/\/vacances-seasonova.com\/wp-content\/uploads\/2024\/02\/visuel-programme-membre-fr.jpg 1024w, https:\/\/vacances-seasonova.com\/wp-content\/uploads\/2024\/02\/visuel-programme-membre-fr-212x300.jpg 212w, https:\/\/vacances-seasonova.com\/wp-content\/uploads\/2024\/02\/visuel-programme-membre-fr-318x450.jpg 318w, https:\/\/vacances-seasonova.com\/wp-content\/uploads\/2024\/02\/visuel-programme-membre-fr-768x1086.jpg 768w, https:\/\/vacances-seasonova.com\/wp-content\/uploads\/2024\/02\/visuel-programme-membre-fr-600x848.jpg 600w\" sizes=\"(max-width: 1024px) 100vw, 1024px\" \/><br \/>\nPour rappel : Les offres ne sont pas cumulables avec les offres de nos partenaires.<\/p>","protected":false},"excerpt":{"rendered":"<p>Rejoignez l\u2019aventure \u2013 Membre Mon Seasonova Notre programme fid\u00e9lit\u00e9 se r\u00e9invente Parce que votre fid\u00e9lit\u00e9 compte pour nous, nous vous proposons de devenir membre de Mon Seasonova : un programme qui vous [&#8230;]<\/p>\n","protected":false},"author":3,"featured_media":52,"parent":0,"menu_order":0,"comment_status":"closed","ping_status":"closed","template":"page-sans-titre.php","meta":[],"yoast_head":"<!-- This site is optimized with the Yoast SEO plugin v18.1 - https:\/\/yoast.com\/wordpress\/plugins\/seo\/ -->\n<meta name=\"robots\" content=\"index, follow, max-snippet:-1, max-image-preview:large, max-video-preview:-1\" \/>\n<link rel=\"canonical\" href=\"https:\/\/vacances-seasonova.com\/fr\/join-the-adventure\/\" \/>\n<meta property=\"og:locale\" content=\"fr_FR\" \/>\n<meta property=\"og:type\" content=\"article\" \/>\n<meta property=\"og:title\" content=\"Rejoignez l\u2019aventure \u2013 Membre Mon Seasonova - Seasonova | Campings Normandie, Bretagne, Pays de La Loire et Alsace\" \/>\n<meta property=\"og:description\" content=\"Rejoignez l\u2019aventure \u2013 Membre Mon Seasonova Notre programme fid\u00e9lit\u00e9 se r\u00e9invente Parce que votre fid\u00e9lit\u00e9 compte pour nous, nous vous proposons de devenir membre de Mon Seasonova : un programme qui vous [...]\" \/>\n<meta property=\"og:url\" content=\"https:\/\/vacances-seasonova.com\/en\/join-the-adventure\/\" \/>\n<meta property=\"og:site_name\" content=\"Seasonova | Campings Normandie, Bretagne, Pays de La Loire et Alsace\" \/>\n<meta property=\"article:modified_time\" content=\"2025-08-29T08:31:58+00:00\" \/>\n<meta property=\"og:image\" content=\"https:\/\/vacances-seasonova.com\/wp-content\/uploads\/2016\/09\/bg-esprit-seasonova.jpg\" \/>\n\t<meta property=\"og:image:width\" content=\"1480\" \/>\n\t<meta property=\"og:image:height\" content=\"450\" \/>\n\t<meta property=\"og:image:type\" content=\"image\/jpeg\" \/>\n<meta name=\"twitter:card\" content=\"summary\" \/>\n<meta name=\"twitter:label1\" content=\"Dur\u00e9e de lecture estim\u00e9e\" \/>\n\t<meta name=\"twitter:data1\" content=\"1 minute\" \/>\n<script type=\"application\/ld+json\" class=\"yoast-schema-graph\">{\"@context\":\"https:\/\/schema.org\",\"@graph\":[{\"@type\":\"WebSite\",\"@id\":\"https:\/\/vacances-seasonova.com\/fr\/#website\",\"url\":\"https:\/\/vacances-seasonova.com\/fr\/\",\"name\":\"Seasonova | Campings Normandie, Bretagne, Pays de La Loire et Alsace\",\"description\":\"\",\"potentialAction\":[{\"@type\":\"SearchAction\",\"target\":{\"@type\":\"EntryPoint\",\"urlTemplate\":\"https:\/\/vacances-seasonova.com\/fr\/?s={search_term_string}\"},\"query-input\":\"required name=search_term_string\"}],\"inLanguage\":\"fr-FR\"},{\"@type\":\"ImageObject\",\"@id\":\"https:\/\/vacances-seasonova.com\/en\/join-the-adventure\/#primaryimage\",\"inLanguage\":\"fr-FR\",\"url\":\"https:\/\/vacances-seasonova.com\/wp-content\/uploads\/2016\/09\/bg-esprit-seasonova.jpg\",\"contentUrl\":\"https:\/\/vacances-seasonova.com\/wp-content\/uploads\/2016\/09\/bg-esprit-seasonova.jpg\",\"width\":1480,\"height\":450,\"caption\":\"FAQ camping nature Seasonova\"},{\"@type\":\"WebPage\",\"@id\":\"https:\/\/vacances-seasonova.com\/en\/join-the-adventure\/#webpage\",\"url\":\"https:\/\/vacances-seasonova.com\/en\/join-the-adventure\/\",\"name\":\"Rejoignez l\u2019aventure \u2013 Membre Mon Seasonova - Seasonova | Campings Normandie, Bretagne, Pays de La Loire et Alsace\",\"isPartOf\":{\"@id\":\"https:\/\/vacances-seasonova.com\/fr\/#website\"},\"primaryImageOfPage\":{\"@id\":\"https:\/\/vacances-seasonova.com\/en\/join-the-adventure\/#primaryimage\"},\"datePublished\":\"2016-09-20T13:47:57+00:00\",\"dateModified\":\"2025-08-29T08:31:58+00:00\",\"breadcrumb\":{\"@id\":\"https:\/\/vacances-seasonova.com\/en\/join-the-adventure\/#breadcrumb\"},\"inLanguage\":\"fr-FR\",\"potentialAction\":[{\"@type\":\"ReadAction\",\"target\":[\"https:\/\/vacances-seasonova.com\/en\/join-the-adventure\/\"]}]},{\"@type\":\"BreadcrumbList\",\"@id\":\"https:\/\/vacances-seasonova.com\/en\/join-the-adventure\/#breadcrumb\",\"itemListElement\":[{\"@type\":\"ListItem\",\"position\":1,\"name\":\"Accueil\",\"item\":\"https:\/\/vacances-seasonova.com\/nl\/\"},{\"@type\":\"ListItem\",\"position\":2,\"name\":\"Rejoignez l\u2019aventure \u2013 Membre Mon Seasonova\"}]}]}<\/script>\n<!-- \/ Yoast SEO plugin. -->","yoast_head_json":{"robots":{"index":"index","follow":"follow","max-snippet":"max-snippet:-1","max-image-preview":"max-image-preview:large","max-video-preview":"max-video-preview:-1"},"canonical":"https:\/\/vacances-seasonova.com\/fr\/join-the-adventure\/","og_locale":"fr_FR","og_type":"article","og_title":"Rejoignez l\u2019aventure \u2013 Membre Mon Seasonova - Seasonova | Campings Normandie, Bretagne, Pays de La Loire et Alsace","og_description":"Rejoignez l\u2019aventure \u2013 Membre Mon Seasonova Notre programme fid\u00e9lit\u00e9 se r\u00e9invente Parce que votre fid\u00e9lit\u00e9 compte pour nous, nous vous proposons de devenir membre de Mon Seasonova : un programme qui vous [...]","og_url":"https:\/\/vacances-seasonova.com\/en\/join-the-adventure\/","og_site_name":"Seasonova | Campings Normandie, Bretagne, Pays de La Loire et Alsace","article_modified_time":"2025-08-29T08:31:58+00:00","og_image":[{"width":1480,"height":450,"url":"https:\/\/vacances-seasonova.com\/wp-content\/uploads\/2016\/09\/bg-esprit-seasonova.jpg","type":"image\/jpeg"}],"twitter_card":"summary","twitter_misc":{"Dur\u00e9e de lecture estim\u00e9e":"1 minute"},"schema":{"@context":"https:\/\/schema.org","@graph":[{"@type":"WebSite","@id":"https:\/\/vacances-seasonova.com\/fr\/#website","url":"https:\/\/vacances-seasonova.com\/fr\/","name":"Seasonova | Campings Normandie, Bretagne, Pays de La Loire et Alsace","description":"","potentialAction":[{"@type":"SearchAction","target":{"@type":"EntryPoint","urlTemplate":"https:\/\/vacances-seasonova.com\/fr\/?s={search_term_string}"},"query-input":"required name=search_term_string"}],"inLanguage":"fr-FR"},{"@type":"ImageObject","@id":"https:\/\/vacances-seasonova.com\/en\/join-the-adventure\/#primaryimage","inLanguage":"fr-FR","url":"https:\/\/vacances-seasonova.com\/wp-content\/uploads\/2016\/09\/bg-esprit-seasonova.jpg","contentUrl":"https:\/\/vacances-seasonova.com\/wp-content\/uploads\/2016\/09\/bg-esprit-seasonova.jpg","width":1480,"height":450,"caption":"FAQ camping nature Seasonova"},{"@type":"WebPage","@id":"https:\/\/vacances-seasonova.com\/en\/join-the-adventure\/#webpage","url":"https:\/\/vacances-seasonova.com\/en\/join-the-adventure\/","name":"Rejoignez l\u2019aventure \u2013 Membre Mon Seasonova - Seasonova | Campings Normandie, Bretagne, Pays de La Loire et Alsace","isPartOf":{"@id":"https:\/\/vacances-seasonova.com\/fr\/#website"},"primaryImageOfPage":{"@id":"https:\/\/vacances-seasonova.com\/en\/join-the-adventure\/#primaryimage"},"datePublished":"2016-09-20T13:47:57+00:00","dateModified":"2025-08-29T08:31:58+00:00","breadcrumb":{"@id":"https:\/\/vacances-seasonova.com\/en\/join-the-adventure\/#breadcrumb"},"inLanguage":"fr-FR","potentialAction":[{"@type":"ReadAction","target":["https:\/\/vacances-seasonova.com\/en\/join-the-adventure\/"]}]},{"@type":"BreadcrumbList","@id":"https:\/\/vacances-seasonova.com\/en\/join-the-adventure\/#breadcrumb","itemListElement":[{"@type":"ListItem","position":1,"name":"Accueil","item":"https:\/\/vacances-seasonova.com\/nl\/"},{"@type":"ListItem","position":2,"name":"Rejoignez l\u2019aventure \u2013 Membre Mon Seasonova"}]}]}},"_links":{"self":[{"href":"https:\/\/vacances-seasonova.com\/fr\/wp-json\/wp\/v2\/pages\/185"}],"collection":[{"href":"https:\/\/vacances-seasonova.com\/fr\/wp-json\/wp\/v2\/pages"}],"about":[{"href":"https:\/\/vacances-seasonova.com\/fr\/wp-json\/wp\/v2\/types\/page"}],"author":[{"embeddable":true,"href":"https:\/\/vacances-seasonova.com\/fr\/wp-json\/wp\/v2\/users\/3"}],"replies":[{"embeddable":true,"href":"https:\/\/vacances-seasonova.com\/fr\/wp-json\/wp\/v2\/comments?post=185"}],"version-history":[{"count":29,"href":"https:\/\/vacances-seasonova.com\/fr\/wp-json\/wp\/v2\/pages\/185\/revisions"}],"predecessor-version":[{"id":51863,"href":"https:\/\/vacances-seasonova.com\/fr\/wp-json\/wp\/v2\/pages\/185\/revisions\/51863"}],"wp:featuredmedia":[{"embeddable":true,"href":"https:\/\/vacances-seasonova.com\/fr\/wp-json\/wp\/v2\/media\/52"}],"wp:attachment":[{"href":"https:\/\/vacances-seasonova.com\/fr\/wp-json\/wp\/v2\/media?parent=185"}],"curies":[{"name":"wp","href":"https:\/\/api.w.org\/{rel}","templated":true}]}}