    {"id":18538,"date":"2020-05-22T14:09:10","date_gmt":"2020-05-22T12:09:10","guid":{"rendered":"https:\/\/vacances-seasonova.com\/fr\/?page_id=18538"},"modified":"2025-08-29T09:42:19","modified_gmt":"2025-08-29T07:42:19","slug":"travailler-en-vacances","status":"publish","type":"page","link":"https:\/\/vacances-seasonova.com\/fr\/travailler-en-vacances\/","title":{"rendered":"Working during your holidays"},"content":{"rendered":"<p><\/p>\n<h2 style=\"text-align: center;\"><span style=\"font-weight: 400;\">LE T\u00c9L\u00c9TRAVAIL EN VACANCES, C\u2019EST POSSIBLE !<\/span><\/h2>\n<h3 style=\"text-align: center;\">Cet \u00e9t\u00e9, vous n\u2019avez pas de vacances ?<\/h3>\n<p><span style=\"font-weight: 400;\">Pour ne pas laisser filer ces moments pr\u00e9cieux \u00e0 <strong>partager<\/strong> avec vos proches, <strong>les Campings Seasonova<\/strong> vous proposent des solutions pour joindre l\u2019utile \u00e0 l\u2019agr\u00e9able&#8230;\u00a0<\/span><\/p>\n<p><span style=\"font-weight: 400;\">Pas besoin de partir loin de chez vous, nous vous proposons une <strong>ambiance de vacances<\/strong>, un cadre nature et propice \u00e0 la d\u00e9tente, un <strong>espace d\u00e9di\u00e9 pour travailler<\/strong> au calme et sans contraintes ajout\u00e9es. Z\u00e9ro culpabilit\u00e9 avec des activit\u00e9s pour occuper vos enfants pendant les moments o\u00f9 vous avez besoin de concentration.\u00a0<\/span><\/p>\n<p><span style=\"font-weight: 400;\">Les Campings Seasonova mettent tout en \u0153uvre pour que vous trouviez votre \u00e9quilibre. <strong>D\u00e9connectez<\/strong> de vos sessions de travail gr\u00e2ce au yoga, baignades, balades&#8230; <strong>Reconnectez-vous<\/strong> \u00e0\u00a0vos proches avec nos activit\u00e9s et espaces parents enfants&#8230;<\/span><\/p>\n<p>Vous pouvez retrouver ces espaces de travail dans les campings suivants :<\/p>\n<p><a title=\"Le point du jour\" href=\"https:\/\/vacances-seasonova.com\/fr\/camping\/le-point-du-jour\/\">Le point du jour<\/a>\u00a0,\u00a0<a title=\"La For\u00eat\" href=\"https:\/\/vacances-seasonova.com\/fr\/camping\/camping-seasonova-de-la-foret\/\">La For\u00eat<\/a>\u00a0,\u00a0<a title=\"Les Plages de Loire\" href=\"https:\/\/vacances-seasonova.com\/fr\/camping\/les-plages-de-loire\/\">Les Plages de Loire<\/a> ,\u00a0<a title=\"Les Portes d\u2019Alsace\" href=\"https:\/\/vacances-seasonova.com\/fr\/camping\/les-portes-dalsace\/\">Les Portes d\u2019Alsace<\/a><\/p>","protected":false},"excerpt":{"rendered":"<p>LE T\u00c9L\u00c9TRAVAIL EN VACANCES, C\u2019EST POSSIBLE ! Cet \u00e9t\u00e9, vous n\u2019avez pas de vacances ? Pour ne pas laisser filer ces moments pr\u00e9cieux \u00e0 partager avec vos proches, les Campings Seasonova vous proposent des solutions [&#8230;]<\/p>\n","protected":false},"author":2,"featured_media":18541,"parent":0,"menu_order":0,"comment_status":"closed","ping_status":"closed","template":"","meta":[],"yoast_head":"<!-- This site is optimized with the Yoast SEO plugin v18.1 - https:\/\/yoast.com\/wordpress\/plugins\/seo\/ -->\n<meta name=\"robots\" content=\"index, follow, max-snippet:-1, max-image-preview:large, max-video-preview:-1\" \/>\n<link rel=\"canonical\" href=\"https:\/\/vacances-seasonova.com\/fr\/travailler-en-vacances\/\" \/>\n<meta property=\"og:locale\" content=\"fr_FR\" \/>\n<meta property=\"og:type\" content=\"article\" \/>\n<meta property=\"og:title\" content=\"Travailler en vacances - Seasonova | Campings Normandie, Bretagne, Pays de La Loire et Alsace\" \/>\n<meta property=\"og:description\" content=\"LE T\u00c9L\u00c9TRAVAIL EN VACANCES, C\u2019EST POSSIBLE ! Cet \u00e9t\u00e9, vous n\u2019avez pas de vacances ? Pour ne pas laisser filer ces moments pr\u00e9cieux \u00e0 partager avec vos proches, les Campings Seasonova vous proposent des solutions [...]\" \/>\n<meta property=\"og:url\" content=\"https:\/\/vacances-seasonova.com\/nl\/travailler-en-vacances\/\" \/>\n<meta property=\"og:site_name\" content=\"Seasonova | Campings Normandie, Bretagne, Pays de La Loire et Alsace\" \/>\n<meta property=\"article:modified_time\" content=\"2025-08-29T07:42:19+00:00\" \/>\n<meta property=\"og:image\" content=\"https:\/\/vacances-seasonova.com\/wp-content\/uploads\/2020\/05\/vue-frontale-ordinateur-portable-tasse-cafe_23-2148300712.jpg\" \/>\n\t<meta property=\"og:image:width\" content=\"626\" \/>\n\t<meta property=\"og:image:height\" content=\"417\" \/>\n\t<meta property=\"og:image:type\" content=\"image\/jpeg\" \/>\n<meta name=\"twitter:card\" content=\"summary\" \/>\n<meta name=\"twitter:label1\" content=\"Dur\u00e9e de lecture estim\u00e9e\" \/>\n\t<meta name=\"twitter:data1\" content=\"3 minutes\" \/>\n<script type=\"application\/ld+json\" class=\"yoast-schema-graph\">{\"@context\":\"https:\/\/schema.org\",\"@graph\":[{\"@type\":\"WebSite\",\"@id\":\"https:\/\/vacances-seasonova.com\/fr\/#website\",\"url\":\"https:\/\/vacances-seasonova.com\/fr\/\",\"name\":\"Seasonova | Campings Normandie, Bretagne, Pays de La Loire et Alsace\",\"description\":\"\",\"potentialAction\":[{\"@type\":\"SearchAction\",\"target\":{\"@type\":\"EntryPoint\",\"urlTemplate\":\"https:\/\/vacances-seasonova.com\/fr\/?s={search_term_string}\"},\"query-input\":\"required name=search_term_string\"}],\"inLanguage\":\"fr-FR\"},{\"@type\":\"ImageObject\",\"@id\":\"https:\/\/vacances-seasonova.com\/nl\/travailler-en-vacances\/#primaryimage\",\"inLanguage\":\"fr-FR\",\"url\":\"https:\/\/vacances-seasonova.com\/wp-content\/uploads\/2020\/05\/vue-frontale-ordinateur-portable-tasse-cafe_23-2148300712.jpg\",\"contentUrl\":\"https:\/\/vacances-seasonova.com\/wp-content\/uploads\/2020\/05\/vue-frontale-ordinateur-portable-tasse-cafe_23-2148300712.jpg\",\"width\":626,\"height\":417,\"caption\":\"travailler au camping\"},{\"@type\":\"WebPage\",\"@id\":\"https:\/\/vacances-seasonova.com\/nl\/travailler-en-vacances\/#webpage\",\"url\":\"https:\/\/vacances-seasonova.com\/nl\/travailler-en-vacances\/\",\"name\":\"Travailler en vacances - Seasonova | Campings Normandie, Bretagne, Pays de La Loire et Alsace\",\"isPartOf\":{\"@id\":\"https:\/\/vacances-seasonova.com\/fr\/#website\"},\"primaryImageOfPage\":{\"@id\":\"https:\/\/vacances-seasonova.com\/nl\/travailler-en-vacances\/#primaryimage\"},\"datePublished\":\"2020-05-22T12:09:10+00:00\",\"dateModified\":\"2025-08-29T07:42:19+00:00\",\"breadcrumb\":{\"@id\":\"https:\/\/vacances-seasonova.com\/nl\/travailler-en-vacances\/#breadcrumb\"},\"inLanguage\":\"fr-FR\",\"potentialAction\":[{\"@type\":\"ReadAction\",\"target\":[\"https:\/\/vacances-seasonova.com\/nl\/travailler-en-vacances\/\"]}]},{\"@type\":\"BreadcrumbList\",\"@id\":\"https:\/\/vacances-seasonova.com\/nl\/travailler-en-vacances\/#breadcrumb\",\"itemListElement\":[{\"@type\":\"ListItem\",\"position\":1,\"name\":\"Accueil\",\"item\":\"https:\/\/vacances-seasonova.com\/nl\/\"},{\"@type\":\"ListItem\",\"position\":2,\"name\":\"Working during your holidays\"}]}]}<\/script>\n<!-- \/ Yoast SEO plugin. -->","yoast_head_json":{"robots":{"index":"index","follow":"follow","max-snippet":"max-snippet:-1","max-image-preview":"max-image-preview:large","max-video-preview":"max-video-preview:-1"},"canonical":"https:\/\/vacances-seasonova.com\/fr\/travailler-en-vacances\/","og_locale":"fr_FR","og_type":"article","og_title":"Travailler en vacances - Seasonova | Campings Normandie, Bretagne, Pays de La Loire et Alsace","og_description":"LE T\u00c9L\u00c9TRAVAIL EN VACANCES, C\u2019EST POSSIBLE ! Cet \u00e9t\u00e9, vous n\u2019avez pas de vacances ? Pour ne pas laisser filer ces moments pr\u00e9cieux \u00e0 partager avec vos proches, les Campings Seasonova vous proposent des solutions [...]","og_url":"https:\/\/vacances-seasonova.com\/nl\/travailler-en-vacances\/","og_site_name":"Seasonova | Campings Normandie, Bretagne, Pays de La Loire et Alsace","article_modified_time":"2025-08-29T07:42:19+00:00","og_image":[{"width":626,"height":417,"url":"https:\/\/vacances-seasonova.com\/wp-content\/uploads\/2020\/05\/vue-frontale-ordinateur-portable-tasse-cafe_23-2148300712.jpg","type":"image\/jpeg"}],"twitter_card":"summary","twitter_misc":{"Dur\u00e9e de lecture estim\u00e9e":"3 minutes"},"schema":{"@context":"https:\/\/schema.org","@graph":[{"@type":"WebSite","@id":"https:\/\/vacances-seasonova.com\/fr\/#website","url":"https:\/\/vacances-seasonova.com\/fr\/","name":"Seasonova | Campings Normandie, Bretagne, Pays de La Loire et Alsace","description":"","potentialAction":[{"@type":"SearchAction","target":{"@type":"EntryPoint","urlTemplate":"https:\/\/vacances-seasonova.com\/fr\/?s={search_term_string}"},"query-input":"required name=search_term_string"}],"inLanguage":"fr-FR"},{"@type":"ImageObject","@id":"https:\/\/vacances-seasonova.com\/nl\/travailler-en-vacances\/#primaryimage","inLanguage":"fr-FR","url":"https:\/\/vacances-seasonova.com\/wp-content\/uploads\/2020\/05\/vue-frontale-ordinateur-portable-tasse-cafe_23-2148300712.jpg","contentUrl":"https:\/\/vacances-seasonova.com\/wp-content\/uploads\/2020\/05\/vue-frontale-ordinateur-portable-tasse-cafe_23-2148300712.jpg","width":626,"height":417,"caption":"travailler au camping"},{"@type":"WebPage","@id":"https:\/\/vacances-seasonova.com\/nl\/travailler-en-vacances\/#webpage","url":"https:\/\/vacances-seasonova.com\/nl\/travailler-en-vacances\/","name":"Travailler en vacances - Seasonova | Campings Normandie, Bretagne, Pays de La Loire et Alsace","isPartOf":{"@id":"https:\/\/vacances-seasonova.com\/fr\/#website"},"primaryImageOfPage":{"@id":"https:\/\/vacances-seasonova.com\/nl\/travailler-en-vacances\/#primaryimage"},"datePublished":"2020-05-22T12:09:10+00:00","dateModified":"2025-08-29T07:42:19+00:00","breadcrumb":{"@id":"https:\/\/vacances-seasonova.com\/nl\/travailler-en-vacances\/#breadcrumb"},"inLanguage":"fr-FR","potentialAction":[{"@type":"ReadAction","target":["https:\/\/vacances-seasonova.com\/nl\/travailler-en-vacances\/"]}]},{"@type":"BreadcrumbList","@id":"https:\/\/vacances-seasonova.com\/nl\/travailler-en-vacances\/#breadcrumb","itemListElement":[{"@type":"ListItem","position":1,"name":"Accueil","item":"https:\/\/vacances-seasonova.com\/nl\/"},{"@type":"ListItem","position":2,"name":"Working during your holidays"}]}]}},"_links":{"self":[{"href":"https:\/\/vacances-seasonova.com\/fr\/wp-json\/wp\/v2\/pages\/18538"}],"collection":[{"href":"https:\/\/vacances-seasonova.com\/fr\/wp-json\/wp\/v2\/pages"}],"about":[{"href":"https:\/\/vacances-seasonova.com\/fr\/wp-json\/wp\/v2\/types\/page"}],"author":[{"embeddable":true,"href":"https:\/\/vacances-seasonova.com\/fr\/wp-json\/wp\/v2\/users\/2"}],"replies":[{"embeddable":true,"href":"https:\/\/vacances-seasonova.com\/fr\/wp-json\/wp\/v2\/comments?post=18538"}],"version-history":[{"count":6,"href":"https:\/\/vacances-seasonova.com\/fr\/wp-json\/wp\/v2\/pages\/18538\/revisions"}],"predecessor-version":[{"id":51827,"href":"https:\/\/vacances-seasonova.com\/fr\/wp-json\/wp\/v2\/pages\/18538\/revisions\/51827"}],"wp:featuredmedia":[{"embeddable":true,"href":"https:\/\/vacances-seasonova.com\/fr\/wp-json\/wp\/v2\/media\/18541"}],"wp:attachment":[{"href":"https:\/\/vacances-seasonova.com\/fr\/wp-json\/wp\/v2\/media?parent=18538"}],"curies":[{"name":"wp","href":"https:\/\/api.w.org\/{rel}","templated":true}]}}