    {"id":18882,"date":"2020-06-08T15:16:49","date_gmt":"2020-06-08T13:16:49","guid":{"rendered":"https:\/\/vacances-seasonova.com\/fr\/?page_id=18882"},"modified":"2023-04-03T22:52:50","modified_gmt":"2023-04-03T20:52:50","slug":"sejours-a-theme","status":"publish","type":"page","link":"https:\/\/vacances-seasonova.com\/fr\/sejours-a-theme\/","title":{"rendered":"Id\u00e9es S\u00e9jours en camping"},"content":{"rendered":"<p><\/p>\n<p style=\"text-align: center;\">Un moment chez <strong>Seasonova <a href=\"https:\/\/vacances-seasonova.com\/fr\/campings\/\">les camping Slow life<\/a><\/strong>, c&rsquo;est une exp\u00e9rience unique. C&rsquo;est l&rsquo;occasion de se cr\u00e9er de beaux souvenirs de vacances<br \/>\nVoici nos <strong>s\u00e9jours cl\u00e9s en main<\/strong> ! Une fois que vous avez trouv\u00e9 votre bonheur, vous n&rsquo;avez qu&rsquo;\u00e0 r\u00e9server :<\/p>\n<p style=\"text-align: center;\">Vous pouvez \u00e9galement nous joindre au <strong>02 36 81 00 01<\/strong><\/p>\n<div class=\"row row-no-gutters\">\n<div class=\"col-xs-12 col-md-4\">\n<p><img loading=\"lazy\" class=\"wp-image-18881 size-full\" src=\"https:\/\/vacances-seasonova.com\/wp-content\/uploads\/2020\/06\/sejours-petit-fermier.jpg\" alt=\"s\u00e9jours petit fermier en ecolodge seasonova\" width=\"227\" height=\"227\" srcset=\"https:\/\/vacances-seasonova.com\/wp-content\/uploads\/2020\/06\/sejours-petit-fermier.jpg 227w, https:\/\/vacances-seasonova.com\/wp-content\/uploads\/2020\/06\/sejours-petit-fermier-150x150.jpg 150w\" sizes=\"(max-width: 227px) 100vw, 227px\" \/><\/p>\n<h2 style=\"text-align: center;\">Atelier du petit fermier<\/h2>\n<h3 style=\"text-align: center;\">Laissez vous tenter par la vie \u00e0 la mini ferme<\/h3>\n<p style=\"text-align: center;\">Nos campings <strong>Nature<\/strong> vous proposent de vivre une exp\u00e9rience inoubliable en famille. Un retour \u00e0 <strong>l&rsquo;essentiel<\/strong> \u00e0 partager avec vos enfants, c&rsquo;est ce qui vous attend avec ce s\u00e9jour orient\u00e9 nature et simplicit\u00e9. Vous aurez l&rsquo;occasion de participer \u00e0 la vie de la <a href=\"https:\/\/vacances-seasonova.com\/fr\/vacances-en-camping-seasonova\/lexperience-seasonova\/mini-ferme\/\">mini ferme<\/a> et de dormir dans un de nos <a href=\"https:\/\/vacances-seasonova.com\/fr\/locations-de-vacances\/insolite\/\">\u00e9colodges junior<\/a>.<\/p>\n<h4 style=\"text-align: center;\"><a href=\"https:\/\/bookingpremium.secureholiday.net\/FR\/13361\/?_ga=2.227691933.1069815528.1680472204-2073874972.1579038316\">R\u00e9server \u00e0 Etennemare Camping en Normandie<\/a><\/h4>\n<h4 style=\"text-align: center;\"><a href=\"https:\/\/v5.secureholiday.net\/vacancesseasonova\/FR\/7578\/101799\">R\u00e9server au camping des Portes d&rsquo;Alsace<\/a><\/h4>\n<p>&nbsp;<\/p>\n<\/div>\n<div class=\"col-xs-12 col-md-4\">\n<p><img loading=\"lazy\" class=\"alignnone wp-image-18883 size-full\" src=\"https:\/\/vacances-seasonova.com\/wp-content\/uploads\/2020\/06\/sejours-aventure-en-famille.jpg\" alt=\"s\u00e9jours aventure en famille\" width=\"228\" height=\"227\" srcset=\"https:\/\/vacances-seasonova.com\/wp-content\/uploads\/2020\/06\/sejours-aventure-en-famille.jpg 228w, https:\/\/vacances-seasonova.com\/wp-content\/uploads\/2020\/06\/sejours-aventure-en-famille-150x150.jpg 150w\" sizes=\"(max-width: 228px) 100vw, 228px\" \/><\/p>\n<h2 style=\"text-align: center;\">Aventure en famille<\/h2>\n<h3 style=\"text-align: center;\">Se cr\u00e9er des souvenirs au coin du feu<\/h3>\n<p style=\"text-align: center;\"><strong>Seasonova &#8211; Le Camping Slow life<\/strong>\u00a0aiment vous g\u00e2ter. Vous retrouverez dans ce s\u00e9jour , un <a href=\"https:\/\/vacances-seasonova.com\/fr\/location\/ecolodge-junior\/\">h\u00e9bergement toil\u00e9<\/a> ainsi qu&rsquo;un \u00ab\u00a0<strong>kit feu de camp<\/strong>\u00a0\u00bb comprenant <strong>brasero<\/strong> et assortiment de <strong>brochettes<\/strong>.<br \/>\nQuoi de mieux pour une parenth\u00e8se de bonheur ?<\/p>\n<h4 style=\"text-align: center;\"><a title=\"R\u00e9server au camping Riva Bella\" href=\"https:\/\/bookingpremium.secureholiday.net\/FR\/13361\/?_ga=2.227764637.1069815528.1680472204-2073874972.1579038316\" target=\"_blank\" rel=\"noopener noreferrer\">R\u00e9server au camping d&rsquo;Etennemare en Normandie<\/a><\/h4>\n<h4 style=\"text-align: center;\"><a href=\"https:\/\/v5.secureholiday.net\/vacancesseasonova\/FR\/7578\/101802\">R\u00e9server au camping des Portes d&rsquo;Alsace<\/a><\/h4>\n<div class=\"col-xs-12 col-md-4\">\n<p style=\"text-align: center;\">\n<\/div>\n<div class=\"col-xs-12 col-md-4\">\n<p>&nbsp;<\/p>\n<\/div>\n<\/div>\n<div class=\"col-xs-12 col-md-4\">\n<p><img loading=\"lazy\" class=\"alignnone wp-image-18884 size-full\" src=\"https:\/\/vacances-seasonova.com\/wp-content\/uploads\/2020\/06\/sejours-bivouac-feu-de-camp.jpg\" alt=\"s\u00e9jours Bivouac feu de camp\" width=\"228\" height=\"227\" srcset=\"https:\/\/vacances-seasonova.com\/wp-content\/uploads\/2020\/06\/sejours-bivouac-feu-de-camp.jpg 228w, https:\/\/vacances-seasonova.com\/wp-content\/uploads\/2020\/06\/sejours-bivouac-feu-de-camp-150x150.jpg 150w\" sizes=\"(max-width: 228px) 100vw, 228px\" \/><\/p>\n<h2 style=\"text-align: center;\">Bivouac feu de camp<\/h2>\n<h3 style=\"text-align: center;\">La vie de nomade le temps d&rsquo;un s\u00e9jour<\/h3>\n<p style=\"text-align: center;\">Qui n&rsquo;a jamais r\u00eav\u00e9 de vivre dans une belle <a href=\"https:\/\/vacances-seasonova.com\/fr\/location\/bivouac-nomade\/\">cabane<\/a> de trappeur ? Nos campings nature vous permettent d&rsquo;exp\u00e9rimenter une nuit inoubliable pour deux personnes. En plus d&rsquo;un h\u00e9bergement insolite mais confortable, vous aurez \u00e0 disposition un bras\u00e9ro ainsi qu&rsquo;un \u00ab\u00a0<strong>kit feu de camps<\/strong>\u00a0\u00bb comprenant <strong>brasero<\/strong> et assortiment de <strong>brochettes. <\/strong>S\u00e9jour disponible \u00e0 <a title=\"La For\u00eat\" href=\"https:\/\/vacances-seasonova.com\/fr\/camping\/camping-seasonova-de-la-foret\/\">La For\u00eat Camping en sarthe<\/a>,\u00a0<a title=\"Les Mouettes\" href=\"https:\/\/vacances-seasonova.com\/fr\/camping\/les-mouettes\/\">Les Mouettes camping en seine maritime<\/a>,\u00a0<a title=\"Le point du jour\" href=\"https:\/\/vacances-seasonova.com\/fr\/camping\/le-point-du-jour\/\">Le Point du Jour<\/a> camping dans le calvados. Ce s\u00e9jour est \u00e9galement disponible avec le <a title=\"Bivouac Explore\" href=\"https:\/\/vacances-seasonova.com\/fr\/location\/bivouac\/\">bivouac explore<\/a><\/p>\n<p>&nbsp;<\/p>\n<div class=\"col-xs-12 col-md-4\"><\/div>\n<\/div>\n<\/div>\n<p>&nbsp;<\/p>","protected":false},"excerpt":{"rendered":"<p>Un moment chez Seasonova les camping Slow life, c&rsquo;est une exp\u00e9rience unique. C&rsquo;est l&rsquo;occasion de se cr\u00e9er de beaux souvenirs de vacances Voici nos s\u00e9jours cl\u00e9s en main ! Une fois que vous avez trouv\u00e9 [&#8230;]<\/p>\n","protected":false},"author":2,"featured_media":17326,"parent":0,"menu_order":0,"comment_status":"closed","ping_status":"closed","template":"","meta":[],"yoast_head":"<!-- This site is optimized with the Yoast SEO plugin v18.1 - https:\/\/yoast.com\/wordpress\/plugins\/seo\/ -->\n<meta name=\"description\" content=\"D\u00e9couvrez nos exp\u00e9riences Slow life dans chacun de nos campings Seasonova. (Re)trouver vos sensations d&#039;aventuriers au contact de la nature\" \/>\n<meta name=\"robots\" content=\"index, follow, max-snippet:-1, max-image-preview:large, max-video-preview:-1\" \/>\n<link rel=\"canonical\" href=\"https:\/\/vacances-seasonova.com\/fr\/sejours-a-theme\/\" \/>\n<meta property=\"og:locale\" content=\"fr_FR\" \/>\n<meta property=\"og:type\" content=\"article\" \/>\n<meta property=\"og:title\" content=\"Id\u00e9es S\u00e9jours en camping - Seasonova | Campings Normandie, Bretagne, Pays de La Loire et Alsace\" \/>\n<meta property=\"og:description\" content=\"D\u00e9couvrez nos exp\u00e9riences Slow life dans chacun de nos campings Seasonova. (Re)trouver vos sensations d&#039;aventuriers au contact de la nature\" \/>\n<meta property=\"og:url\" content=\"https:\/\/vacances-seasonova.com\/fr\/sejours-a-theme\/\" \/>\n<meta property=\"og:site_name\" content=\"Seasonova | Campings Normandie, Bretagne, Pays de La Loire et Alsace\" \/>\n<meta property=\"article:modified_time\" content=\"2023-04-03T20:52:50+00:00\" \/>\n<meta property=\"og:image\" content=\"https:\/\/vacances-seasonova.com\/wp-content\/uploads\/2020\/03\/feu-seasonova-675x450.jpeg\" \/>\n\t<meta property=\"og:image:width\" content=\"675\" \/>\n\t<meta property=\"og:image:height\" content=\"450\" \/>\n\t<meta property=\"og:image:type\" content=\"image\/jpeg\" \/>\n<meta name=\"twitter:card\" content=\"summary\" \/>\n<meta name=\"twitter:label1\" content=\"Dur\u00e9e de lecture estim\u00e9e\" \/>\n\t<meta name=\"twitter:data1\" content=\"3 minutes\" \/>\n<script type=\"application\/ld+json\" class=\"yoast-schema-graph\">{\"@context\":\"https:\/\/schema.org\",\"@graph\":[{\"@type\":\"WebSite\",\"@id\":\"https:\/\/vacances-seasonova.com\/fr\/#website\",\"url\":\"https:\/\/vacances-seasonova.com\/fr\/\",\"name\":\"Seasonova | Campings Normandie, Bretagne, Pays de La Loire et Alsace\",\"description\":\"\",\"potentialAction\":[{\"@type\":\"SearchAction\",\"target\":{\"@type\":\"EntryPoint\",\"urlTemplate\":\"https:\/\/vacances-seasonova.com\/fr\/?s={search_term_string}\"},\"query-input\":\"required name=search_term_string\"}],\"inLanguage\":\"fr-FR\"},{\"@type\":\"ImageObject\",\"@id\":\"https:\/\/vacances-seasonova.com\/fr\/sejours-a-theme\/#primaryimage\",\"inLanguage\":\"fr-FR\",\"url\":\"https:\/\/vacances-seasonova.com\/wp-content\/uploads\/2020\/03\/feu-seasonova.jpeg\",\"contentUrl\":\"https:\/\/vacances-seasonova.com\/wp-content\/uploads\/2020\/03\/feu-seasonova.jpeg\",\"width\":4500,\"height\":3000,\"caption\":\"Feu Seasonova\"},{\"@type\":\"WebPage\",\"@id\":\"https:\/\/vacances-seasonova.com\/fr\/sejours-a-theme\/#webpage\",\"url\":\"https:\/\/vacances-seasonova.com\/fr\/sejours-a-theme\/\",\"name\":\"Id\u00e9es S\u00e9jours en camping - Seasonova | Campings Normandie, Bretagne, Pays de La Loire et Alsace\",\"isPartOf\":{\"@id\":\"https:\/\/vacances-seasonova.com\/fr\/#website\"},\"primaryImageOfPage\":{\"@id\":\"https:\/\/vacances-seasonova.com\/fr\/sejours-a-theme\/#primaryimage\"},\"datePublished\":\"2020-06-08T13:16:49+00:00\",\"dateModified\":\"2023-04-03T20:52:50+00:00\",\"description\":\"D\u00e9couvrez nos exp\u00e9riences Slow life dans chacun de nos campings Seasonova. (Re)trouver vos sensations d'aventuriers au contact de la nature\",\"breadcrumb\":{\"@id\":\"https:\/\/vacances-seasonova.com\/fr\/sejours-a-theme\/#breadcrumb\"},\"inLanguage\":\"fr-FR\",\"potentialAction\":[{\"@type\":\"ReadAction\",\"target\":[\"https:\/\/vacances-seasonova.com\/fr\/sejours-a-theme\/\"]}]},{\"@type\":\"BreadcrumbList\",\"@id\":\"https:\/\/vacances-seasonova.com\/fr\/sejours-a-theme\/#breadcrumb\",\"itemListElement\":[{\"@type\":\"ListItem\",\"position\":1,\"name\":\"Accueil\",\"item\":\"https:\/\/vacances-seasonova.com\/nl\/\"},{\"@type\":\"ListItem\",\"position\":2,\"name\":\"Id\u00e9es S\u00e9jours en camping\"}]}]}<\/script>\n<!-- \/ Yoast SEO plugin. -->","yoast_head_json":{"description":"D\u00e9couvrez nos exp\u00e9riences Slow life dans chacun de nos campings Seasonova. (Re)trouver vos sensations d'aventuriers au contact de la nature","robots":{"index":"index","follow":"follow","max-snippet":"max-snippet:-1","max-image-preview":"max-image-preview:large","max-video-preview":"max-video-preview:-1"},"canonical":"https:\/\/vacances-seasonova.com\/fr\/sejours-a-theme\/","og_locale":"fr_FR","og_type":"article","og_title":"Id\u00e9es S\u00e9jours en camping - Seasonova | Campings Normandie, Bretagne, Pays de La Loire et Alsace","og_description":"D\u00e9couvrez nos exp\u00e9riences Slow life dans chacun de nos campings Seasonova. (Re)trouver vos sensations d'aventuriers au contact de la nature","og_url":"https:\/\/vacances-seasonova.com\/fr\/sejours-a-theme\/","og_site_name":"Seasonova | Campings Normandie, Bretagne, Pays de La Loire et Alsace","article_modified_time":"2023-04-03T20:52:50+00:00","og_image":[{"width":675,"height":450,"url":"https:\/\/vacances-seasonova.com\/wp-content\/uploads\/2020\/03\/feu-seasonova-675x450.jpeg","type":"image\/jpeg"}],"twitter_card":"summary","twitter_misc":{"Dur\u00e9e de lecture estim\u00e9e":"3 minutes"},"schema":{"@context":"https:\/\/schema.org","@graph":[{"@type":"WebSite","@id":"https:\/\/vacances-seasonova.com\/fr\/#website","url":"https:\/\/vacances-seasonova.com\/fr\/","name":"Seasonova | Campings Normandie, Bretagne, Pays de La Loire et Alsace","description":"","potentialAction":[{"@type":"SearchAction","target":{"@type":"EntryPoint","urlTemplate":"https:\/\/vacances-seasonova.com\/fr\/?s={search_term_string}"},"query-input":"required name=search_term_string"}],"inLanguage":"fr-FR"},{"@type":"ImageObject","@id":"https:\/\/vacances-seasonova.com\/fr\/sejours-a-theme\/#primaryimage","inLanguage":"fr-FR","url":"https:\/\/vacances-seasonova.com\/wp-content\/uploads\/2020\/03\/feu-seasonova.jpeg","contentUrl":"https:\/\/vacances-seasonova.com\/wp-content\/uploads\/2020\/03\/feu-seasonova.jpeg","width":4500,"height":3000,"caption":"Feu Seasonova"},{"@type":"WebPage","@id":"https:\/\/vacances-seasonova.com\/fr\/sejours-a-theme\/#webpage","url":"https:\/\/vacances-seasonova.com\/fr\/sejours-a-theme\/","name":"Id\u00e9es S\u00e9jours en camping - Seasonova | Campings Normandie, Bretagne, Pays de La Loire et Alsace","isPartOf":{"@id":"https:\/\/vacances-seasonova.com\/fr\/#website"},"primaryImageOfPage":{"@id":"https:\/\/vacances-seasonova.com\/fr\/sejours-a-theme\/#primaryimage"},"datePublished":"2020-06-08T13:16:49+00:00","dateModified":"2023-04-03T20:52:50+00:00","description":"D\u00e9couvrez nos exp\u00e9riences Slow life dans chacun de nos campings Seasonova. (Re)trouver vos sensations d'aventuriers au contact de la nature","breadcrumb":{"@id":"https:\/\/vacances-seasonova.com\/fr\/sejours-a-theme\/#breadcrumb"},"inLanguage":"fr-FR","potentialAction":[{"@type":"ReadAction","target":["https:\/\/vacances-seasonova.com\/fr\/sejours-a-theme\/"]}]},{"@type":"BreadcrumbList","@id":"https:\/\/vacances-seasonova.com\/fr\/sejours-a-theme\/#breadcrumb","itemListElement":[{"@type":"ListItem","position":1,"name":"Accueil","item":"https:\/\/vacances-seasonova.com\/nl\/"},{"@type":"ListItem","position":2,"name":"Id\u00e9es S\u00e9jours en camping"}]}]}},"_links":{"self":[{"href":"https:\/\/vacances-seasonova.com\/fr\/wp-json\/wp\/v2\/pages\/18882"}],"collection":[{"href":"https:\/\/vacances-seasonova.com\/fr\/wp-json\/wp\/v2\/pages"}],"about":[{"href":"https:\/\/vacances-seasonova.com\/fr\/wp-json\/wp\/v2\/types\/page"}],"author":[{"embeddable":true,"href":"https:\/\/vacances-seasonova.com\/fr\/wp-json\/wp\/v2\/users\/2"}],"replies":[{"embeddable":true,"href":"https:\/\/vacances-seasonova.com\/fr\/wp-json\/wp\/v2\/comments?post=18882"}],"version-history":[{"count":8,"href":"https:\/\/vacances-seasonova.com\/fr\/wp-json\/wp\/v2\/pages\/18882\/revisions"}],"predecessor-version":[{"id":37259,"href":"https:\/\/vacances-seasonova.com\/fr\/wp-json\/wp\/v2\/pages\/18882\/revisions\/37259"}],"wp:featuredmedia":[{"embeddable":true,"href":"https:\/\/vacances-seasonova.com\/fr\/wp-json\/wp\/v2\/media\/17326"}],"wp:attachment":[{"href":"https:\/\/vacances-seasonova.com\/fr\/wp-json\/wp\/v2\/media?parent=18882"}],"curies":[{"name":"wp","href":"https:\/\/api.w.org\/{rel}","templated":true}]}}