    {"id":189,"date":"2016-09-20T14:49:21","date_gmt":"2016-09-20T13:49:21","guid":{"rendered":"http:\/\/vacances-seasonova.com\/?page_id=189"},"modified":"2021-04-12T09:08:18","modified_gmt":"2021-04-12T07:08:18","slug":"partenaires","status":"publish","type":"page","link":"https:\/\/vacances-seasonova.com\/fr\/partenaires\/","title":{"rendered":"Partenaires"},"content":{"rendered":"<p>Romain DESCLOS, guide conf\u00e9rencier en Normandie, vous propose de d\u00e9couvrir \u00e0 ses c\u00f4t\u00e9s les hauts lieux du D\u00e9barquement. L\u2019excursion (4h ) vous offrira un superbe panorama sur le port artificiel d\u2019Arromanches, puis nous irons visiter les batteries allemandes de Longues-sur-Mer, un des plus beaux vestiges du Mur de l\u2019Atlantique. La visite nous conduira ensuite sur la plage d\u2019Omaha Beach, surplomb\u00e9e par le cimeti\u00e8re am\u00e9ricain que nous arpenterons. Pour finir, nous irons d\u00e9couvrir le cimeti\u00e8re militaire allemand de La Cambe o\u00f9 reposent plus de 21 000 soldats, ce qui en fait une des plus importantes n\u00e9cropoles militaire de France. Pour en savoir plus, rendez-vous <a href=\"https:\/\/www.normandie-visite.com\/\">Ici !<\/a><\/p>\n<p><img loading=\"lazy\" class=\"size-full wp-image-21174 aligncenter\" src=\"https:\/\/vacances-seasonova.com\/wp-content\/uploads\/2018\/02\/normandie-visite-logo.png\" alt=\"\" width=\"565\" height=\"442\" srcset=\"https:\/\/vacances-seasonova.com\/wp-content\/uploads\/2018\/02\/normandie-visite-logo.png 565w, https:\/\/vacances-seasonova.com\/wp-content\/uploads\/2018\/02\/normandie-visite-logo-300x235.png 300w\" sizes=\"(max-width: 565px) 100vw, 565px\" \/><\/p>\n<div style=\"text-align: left;\">Alliez le Plaisir\u00a0de l&rsquo;Histoire et de la Marche.<\/div>\n<div style=\"text-align: left;\">Prenez rendez-vous et rejoignez Karine\u00a0par les circuits p\u00e9destres de la baie ou bien par la piste cyclable. (depuis Merville) et pour ceux venant de Ouistreham rien de Plus simple, longez la piste cyclable le long du canal et rendez vous au Pegasus Bridge.<\/div>\n<div style=\"text-align: left;\">Partez \u00e0 la\u00a0 d\u00e9couverte de l&rsquo;histoire du D\u00e9barquement sur le secteur\u00a0de Sword Beach sous la forme de balades guid\u00e9es de 2h30.<br \/>\n\u00c0 L&rsquo;aide\u00a0de cartes et de photos d&rsquo;archives vous d\u00e9couvrirez les enjeux de cet \u00e9v\u00e8nement historique. Pour plus d&rsquo;informations, rendez-vous sur <a href=\"http:\/\/www.seemynormandy.fr\/\">www.seemynormandy.fr\u00a0<\/a><\/p>\n<p><img loading=\"lazy\" class=\"size-full wp-image-22237 aligncenter\" src=\"https:\/\/vacances-seasonova.com\/wp-content\/uploads\/2021\/04\/capture-decran-2021-04-12-a-09.06.51.png\" alt=\"\" width=\"550\" height=\"234\" srcset=\"https:\/\/vacances-seasonova.com\/wp-content\/uploads\/2021\/04\/capture-decran-2021-04-12-a-09.06.51.png 550w, https:\/\/vacances-seasonova.com\/wp-content\/uploads\/2021\/04\/capture-decran-2021-04-12-a-09.06.51-300x128.png 300w\" sizes=\"(max-width: 550px) 100vw, 550px\" \/><\/div>\n<p><\/p>","protected":false},"excerpt":{"rendered":"<p>Romain DESCLOS, guide conf\u00e9rencier en Normandie, vous propose de d\u00e9couvrir \u00e0 ses c\u00f4t\u00e9s les hauts lieux du D\u00e9barquement. L\u2019excursion (4h ) vous offrira un superbe panorama sur le port artificiel d\u2019Arromanches, puis [&#8230;]<\/p>\n","protected":false},"author":3,"featured_media":52,"parent":0,"menu_order":0,"comment_status":"closed","ping_status":"closed","template":"page.php","meta":[],"yoast_head":"<!-- This site is optimized with the Yoast SEO plugin v18.1 - https:\/\/yoast.com\/wordpress\/plugins\/seo\/ -->\n<meta name=\"robots\" content=\"index, follow, max-snippet:-1, max-image-preview:large, max-video-preview:-1\" \/>\n<link rel=\"canonical\" href=\"https:\/\/vacances-seasonova.com\/fr\/partenaires\/\" \/>\n<meta property=\"og:locale\" content=\"fr_FR\" \/>\n<meta property=\"og:type\" content=\"article\" \/>\n<meta property=\"og:title\" content=\"Partenaires - Seasonova | Campings Normandie, Bretagne, Pays de La Loire et Alsace\" \/>\n<meta property=\"og:description\" content=\"Romain DESCLOS, guide conf\u00e9rencier en Normandie, vous propose de d\u00e9couvrir \u00e0 ses c\u00f4t\u00e9s les hauts lieux du D\u00e9barquement. L\u2019excursion (4h ) vous offrira un superbe panorama sur le port artificiel d\u2019Arromanches, puis [...]\" \/>\n<meta property=\"og:url\" content=\"https:\/\/vacances-seasonova.com\/nl\/partenaires\/\" \/>\n<meta property=\"og:site_name\" content=\"Seasonova | Campings Normandie, Bretagne, Pays de La Loire et Alsace\" \/>\n<meta property=\"article:modified_time\" content=\"2021-04-12T07:08:18+00:00\" \/>\n<meta property=\"og:image\" content=\"https:\/\/vacances-seasonova.com\/wp-content\/uploads\/2016\/09\/bg-esprit-seasonova.jpg\" \/>\n\t<meta property=\"og:image:width\" content=\"1480\" \/>\n\t<meta property=\"og:image:height\" content=\"450\" \/>\n\t<meta property=\"og:image:type\" content=\"image\/jpeg\" \/>\n<meta name=\"twitter:card\" content=\"summary\" \/>\n<meta name=\"twitter:label1\" content=\"Dur\u00e9e de lecture estim\u00e9e\" \/>\n\t<meta name=\"twitter:data1\" content=\"2 minutes\" \/>\n<script type=\"application\/ld+json\" class=\"yoast-schema-graph\">{\"@context\":\"https:\/\/schema.org\",\"@graph\":[{\"@type\":\"WebSite\",\"@id\":\"https:\/\/vacances-seasonova.com\/fr\/#website\",\"url\":\"https:\/\/vacances-seasonova.com\/fr\/\",\"name\":\"Seasonova | Campings Normandie, Bretagne, Pays de La Loire et Alsace\",\"description\":\"\",\"potentialAction\":[{\"@type\":\"SearchAction\",\"target\":{\"@type\":\"EntryPoint\",\"urlTemplate\":\"https:\/\/vacances-seasonova.com\/fr\/?s={search_term_string}\"},\"query-input\":\"required name=search_term_string\"}],\"inLanguage\":\"fr-FR\"},{\"@type\":\"ImageObject\",\"@id\":\"https:\/\/vacances-seasonova.com\/nl\/partenaires\/#primaryimage\",\"inLanguage\":\"fr-FR\",\"url\":\"https:\/\/vacances-seasonova.com\/wp-content\/uploads\/2016\/09\/bg-esprit-seasonova.jpg\",\"contentUrl\":\"https:\/\/vacances-seasonova.com\/wp-content\/uploads\/2016\/09\/bg-esprit-seasonova.jpg\",\"width\":1480,\"height\":450,\"caption\":\"FAQ camping nature Seasonova\"},{\"@type\":\"WebPage\",\"@id\":\"https:\/\/vacances-seasonova.com\/nl\/partenaires\/#webpage\",\"url\":\"https:\/\/vacances-seasonova.com\/nl\/partenaires\/\",\"name\":\"Partenaires - Seasonova | Campings Normandie, Bretagne, Pays de La Loire et Alsace\",\"isPartOf\":{\"@id\":\"https:\/\/vacances-seasonova.com\/fr\/#website\"},\"primaryImageOfPage\":{\"@id\":\"https:\/\/vacances-seasonova.com\/nl\/partenaires\/#primaryimage\"},\"datePublished\":\"2016-09-20T13:49:21+00:00\",\"dateModified\":\"2021-04-12T07:08:18+00:00\",\"breadcrumb\":{\"@id\":\"https:\/\/vacances-seasonova.com\/nl\/partenaires\/#breadcrumb\"},\"inLanguage\":\"fr-FR\",\"potentialAction\":[{\"@type\":\"ReadAction\",\"target\":[\"https:\/\/vacances-seasonova.com\/nl\/partenaires\/\"]}]},{\"@type\":\"BreadcrumbList\",\"@id\":\"https:\/\/vacances-seasonova.com\/nl\/partenaires\/#breadcrumb\",\"itemListElement\":[{\"@type\":\"ListItem\",\"position\":1,\"name\":\"Accueil\",\"item\":\"https:\/\/vacances-seasonova.com\/nl\/\"},{\"@type\":\"ListItem\",\"position\":2,\"name\":\"Partenaires\"}]}]}<\/script>\n<!-- \/ Yoast SEO plugin. -->","yoast_head_json":{"robots":{"index":"index","follow":"follow","max-snippet":"max-snippet:-1","max-image-preview":"max-image-preview:large","max-video-preview":"max-video-preview:-1"},"canonical":"https:\/\/vacances-seasonova.com\/fr\/partenaires\/","og_locale":"fr_FR","og_type":"article","og_title":"Partenaires - Seasonova | Campings Normandie, Bretagne, Pays de La Loire et Alsace","og_description":"Romain DESCLOS, guide conf\u00e9rencier en Normandie, vous propose de d\u00e9couvrir \u00e0 ses c\u00f4t\u00e9s les hauts lieux du D\u00e9barquement. L\u2019excursion (4h ) vous offrira un superbe panorama sur le port artificiel d\u2019Arromanches, puis [...]","og_url":"https:\/\/vacances-seasonova.com\/nl\/partenaires\/","og_site_name":"Seasonova | Campings Normandie, Bretagne, Pays de La Loire et Alsace","article_modified_time":"2021-04-12T07:08:18+00:00","og_image":[{"width":1480,"height":450,"url":"https:\/\/vacances-seasonova.com\/wp-content\/uploads\/2016\/09\/bg-esprit-seasonova.jpg","type":"image\/jpeg"}],"twitter_card":"summary","twitter_misc":{"Dur\u00e9e de lecture estim\u00e9e":"2 minutes"},"schema":{"@context":"https:\/\/schema.org","@graph":[{"@type":"WebSite","@id":"https:\/\/vacances-seasonova.com\/fr\/#website","url":"https:\/\/vacances-seasonova.com\/fr\/","name":"Seasonova | Campings Normandie, Bretagne, Pays de La Loire et Alsace","description":"","potentialAction":[{"@type":"SearchAction","target":{"@type":"EntryPoint","urlTemplate":"https:\/\/vacances-seasonova.com\/fr\/?s={search_term_string}"},"query-input":"required name=search_term_string"}],"inLanguage":"fr-FR"},{"@type":"ImageObject","@id":"https:\/\/vacances-seasonova.com\/nl\/partenaires\/#primaryimage","inLanguage":"fr-FR","url":"https:\/\/vacances-seasonova.com\/wp-content\/uploads\/2016\/09\/bg-esprit-seasonova.jpg","contentUrl":"https:\/\/vacances-seasonova.com\/wp-content\/uploads\/2016\/09\/bg-esprit-seasonova.jpg","width":1480,"height":450,"caption":"FAQ camping nature Seasonova"},{"@type":"WebPage","@id":"https:\/\/vacances-seasonova.com\/nl\/partenaires\/#webpage","url":"https:\/\/vacances-seasonova.com\/nl\/partenaires\/","name":"Partenaires - Seasonova | Campings Normandie, Bretagne, Pays de La Loire et Alsace","isPartOf":{"@id":"https:\/\/vacances-seasonova.com\/fr\/#website"},"primaryImageOfPage":{"@id":"https:\/\/vacances-seasonova.com\/nl\/partenaires\/#primaryimage"},"datePublished":"2016-09-20T13:49:21+00:00","dateModified":"2021-04-12T07:08:18+00:00","breadcrumb":{"@id":"https:\/\/vacances-seasonova.com\/nl\/partenaires\/#breadcrumb"},"inLanguage":"fr-FR","potentialAction":[{"@type":"ReadAction","target":["https:\/\/vacances-seasonova.com\/nl\/partenaires\/"]}]},{"@type":"BreadcrumbList","@id":"https:\/\/vacances-seasonova.com\/nl\/partenaires\/#breadcrumb","itemListElement":[{"@type":"ListItem","position":1,"name":"Accueil","item":"https:\/\/vacances-seasonova.com\/nl\/"},{"@type":"ListItem","position":2,"name":"Partenaires"}]}]}},"_links":{"self":[{"href":"https:\/\/vacances-seasonova.com\/fr\/wp-json\/wp\/v2\/pages\/189"}],"collection":[{"href":"https:\/\/vacances-seasonova.com\/fr\/wp-json\/wp\/v2\/pages"}],"about":[{"href":"https:\/\/vacances-seasonova.com\/fr\/wp-json\/wp\/v2\/types\/page"}],"author":[{"embeddable":true,"href":"https:\/\/vacances-seasonova.com\/fr\/wp-json\/wp\/v2\/users\/3"}],"replies":[{"embeddable":true,"href":"https:\/\/vacances-seasonova.com\/fr\/wp-json\/wp\/v2\/comments?post=189"}],"version-history":[{"count":0,"href":"https:\/\/vacances-seasonova.com\/fr\/wp-json\/wp\/v2\/pages\/189\/revisions"}],"wp:featuredmedia":[{"embeddable":true,"href":"https:\/\/vacances-seasonova.com\/fr\/wp-json\/wp\/v2\/media\/52"}],"wp:attachment":[{"href":"https:\/\/vacances-seasonova.com\/fr\/wp-json\/wp\/v2\/media?parent=189"}],"curies":[{"name":"wp","href":"https:\/\/api.w.org\/{rel}","templated":true}]}}